

{"id":9590,"date":"2025-11-04T02:28:48","date_gmt":"2025-11-04T02:28:48","guid":{"rendered":"https:\/\/vapemaison.com\/?post_type=product&#038;p=9590"},"modified":"2026-03-26T05:40:59","modified_gmt":"2026-03-26T05:40:59","slug":"bang-leader-110000-soffi-6-in-1-monouso-vpae","status":"publish","type":"product","link":"https:\/\/vapemaison.com\/it\/product\/bang-leader-110000-puffs-6-in-1-disposable-vpae\/","title":{"rendered":"Bang Leader 110000 boccate 6 in 1 Vape usa e getta - Display a LED, tripla bobina a rete, ricaricabile"},"content":{"rendered":"<p>Il <strong><a href=\"https:\/\/vapemaison.com\/brand\/bang\/\">Leader di Bang<\/a> 110K boccate di vapore monouso<\/strong> ridefinisce i limiti del vaping usa e getta. Progettato per i vapers che esigono <strong>controllo dell'aroma, vapore massiccio e durata eccezionale<\/strong>, offre uno stupefacente <strong>110.000 soffi<\/strong> - che stabilisce un nuovo standard di prestazioni e longevit\u00e0.<\/p>\n\n\n\n<p>Caratterizzato da <strong>tre serbatoi indipendenti<\/strong>, <strong>sei modalit\u00e0 di sapore<\/strong>, e un <strong>Sistema di bobine a tripla maglia<\/strong>, Questo dispositivo consente di gustare i sapori puri singolarmente o di miscelarli in modo creativo per ottenere combinazioni uniche. Sia che preferiate i profili fruttati, ghiacciati o ispirati ai dolci, Bang Leader 110K vi offre <strong>flessibilit\u00e0 e soddisfazione senza pari<\/strong>.<\/p>\n\n\n\n<h3 class=\"wp-block-heading\"><strong>Caratteristiche principali<\/strong><\/h3>\n\n\n\n<p><strong>Ben 110.000 soffi<\/strong> - Costruito per un divertimento a lungo termine con prestazioni costanti.<\/p>\n\n\n\n<p><strong>Sistema a tre serbatoi (3x)<\/strong> - Indipendenti e commutabili per un sapore fresco e non contaminato.<\/p>\n\n\n\n<p><strong>Sei modalit\u00e0 di sapore<\/strong> - A, B, C, A+B, A+C, B+C - opzioni di gusto singolo o misto.<\/p>\n\n\n\n<p><strong>Bobina a tripla maglia<\/strong> - Tecnologia di riscaldamento avanzata per un vapore pi\u00f9 ricco e un sapore pi\u00f9 profondo.<\/p>\n\n\n\n<p><strong>Punti di forza della nicotina:<\/strong> 0%, 2%, 3%, 5% - personalizzabili a piacere.<\/p>\n\n\n\n<p><strong>Batteria ricaricabile da 850 mAh<\/strong> - Potenza di lunga durata per sessioni di svapo prolungate.<\/p>\n\n\n\n<p><strong>Ricarica rapida di tipo C<\/strong> - Ricarica rapida ed efficiente per una maggiore comodit\u00e0 in movimento.<\/p>\n\n\n\n<p><strong>Display LED intelligente<\/strong> - Mostra la durata della batteria, il numero di boccate e la modalit\u00e0 di aromatizzazione in tempo reale.<\/p>\n\n\n\n<p><strong>Imballaggio:<\/strong> 10 pezzi per confezione - perfetti per la vendita al dettaglio e all'ingrosso.<\/p>\n\n\n\n<h3 class=\"wp-block-heading\"><strong>Esperienza di gusto<\/strong><\/h3>\n\n\n\n<p>Godere <strong>10 set di sapori unici 3 in 1<\/strong> progettati per soddisfare tutti i gusti. Ogni dispositivo include <strong>tre serbatoi di e-liquid<\/strong> e supporta sei modalit\u00e0 di miscelazione, offrendo infinite combinazioni di sapori morbidi, decisi e rinfrescanti.<\/p>\n\n\n\n<p><strong>Set di sapori disponibili:<\/strong><\/p>\n\n\n\n<ol class=\"wp-block-list\">\n<li>Ghiaccio all'anguria \/ Mamba alla fragola \/ Anguria alla fragola<\/li>\n\n\n\n<li>Fuji Ice \/ Mela Uva \/ Ciliegia Melograno<\/li>\n\n\n\n<li>Ghiaccio al mirtillo \/ Limone al lampone \/ Gomma da masticare all'anguria<\/li>\n\n\n\n<li>Mirtilli Lamponi \/ Aspro Ananas Arance \/ Lamponi Anguria<\/li>\n\n\n\n<li>Ghiaccio all'uva \/ Pesca al mango \/ Anguria al mirtillo<\/li>\n\n\n\n<li>Ghiaccio alla fragola \/ Limone alla pesca \/ Kiwi Frutto della passione Guava<\/li>\n\n\n\n<li>Cocco all'ananas \/ Red Bull al mirtillo \/ Ghiaccio all'anguria<\/li>\n\n\n\n<li>Kiwi alla fragola \/ Cocco al mirtillo \/ Bacche miste<\/li>\n\n\n\n<li>Limone Romantico \/ Lampone Mirtillo \/ Pesca Mentolo<\/li>\n\n\n\n<li>Ghiaccio alla pesca \/ Ribes nero Ghiaccio all'ananas \/ Mela verde Kiwi<\/li>\n<\/ol>\n\n\n\n<p>Se si desidera un <strong>punch classico alla frutta<\/strong> o un <strong>esotico tropicale<\/strong>, Il Bang Leader 110K consente di <strong>Cambiare istantaneamente i sapori<\/strong> o miscelarli per un'esperienza nuova a ogni boccata.<\/p>\n\n\n\n<h3 class=\"wp-block-heading\"><strong>Specifiche tecniche<\/strong><\/h3>\n\n\n\n<figure class=\"wp-block-table\"><table class=\"has-fixed-layout\"><thead><tr><th>Specifiche<\/th><th>Dettagli<\/th><\/tr><\/thead><tbody><tr><td>Conteggio dei soffi<\/td><td>Fino a 110.000 soffi<\/td><\/tr><tr><td>Batteria<\/td><td>850mAh Ricaricabile<\/td><\/tr><tr><td>Porta di ricarica<\/td><td>Ricarica rapida di tipo C<\/td><\/tr><tr><td>Tipo di bobina<\/td><td>Bobina a tripla maglia<\/td><\/tr><tr><td>Serbatoi dell'olio<\/td><td>3 serbatoi indipendenti<\/td><\/tr><tr><td>Modalit\u00e0 di sapore<\/td><td>6 (A, B, C, A+B, A+C, B+C)<\/td><\/tr><tr><td>Punti di forza della nicotina<\/td><td>0%, 2%, 3%, 5%<\/td><\/tr><tr><td>Display<\/td><td>LED intelligenti (batteria, soffio, modalit\u00e0)<\/td><\/tr><tr><td>Imballaggio<\/td><td>10 pezzi \/ confezione<\/td><\/tr><\/tbody><\/table><\/figure>\n\n\n\n<h3 class=\"wp-block-heading\"><strong>Perch\u00e9 scegliere Bang Leader 110K?<\/strong><\/h3>\n\n\n\n<p><strong>Longevit\u00e0 ineguagliabile<\/strong> - Fino a 110.000 soffi per un divertimento non-stop.<br><strong>Libert\u00e0 di gusto<\/strong> - Mescolate o cambiate i gusti in qualsiasi momento.<br><strong>Intelligente ed elegante<\/strong> - Design elegante con display a LED.<br><strong>Potenza su cui contare<\/strong> - Batteria a ricarica rapida da 850 mAh.<br><strong>Perfetto per i rivenditori<\/strong> - Confezione accattivante e alto potenziale di rivendita.<\/p>","protected":false},"excerpt":{"rendered":"<p>Il Vape usa e getta Bang Leader 110000 Puffs non \u00e8 solo un altro usa e getta: \u00e8 una rivoluzione nell'innovazione del vaping. Combinando potenza, variet\u00e0 e precisione, \u00e8 fatto per i vapers che si rifiutano di scendere a compromessi. Scegliete il vostro aroma, mescolate la vostra modalit\u00e0 e sperimentate la vera libert\u00e0 di svapo con Bang Leader 110K.<\/p>","protected":false},"featured_media":9597,"comment_status":"open","ping_status":"closed","template":"","meta":[],"product_brand":[57],"product_cat":[152,142],"product_tag":[],"class_list":{"0":"post-9590","1":"product","2":"type-product","3":"status-publish","4":"has-post-thumbnail","6":"product_brand-bang","7":"product_cat-110k-puffs","8":"product_cat-eu-stock","10":"first","11":"instock","12":"sale","13":"featured","14":"shipping-taxable","15":"purchasable","16":"product-type-variable"},"yoast_head":"<!-- This site is optimized with the Yoast SEO plugin v27.4 - https:\/\/yoast.com\/product\/yoast-seo-wordpress\/ -->\n<title>Bang Leader 110K Puffs 6 in1 Disposable Vape LED Display<\/title>\n<meta name=\"description\" content=\"LED Display Bang Leader 110k Puffs Disposable Vape with 6-in-1 flavor modes. Rechargeable battery and Type-C fast charging.\" \/>\n<meta name=\"robots\" content=\"index, follow, max-snippet:-1, max-image-preview:large, max-video-preview:-1\" \/>\n<link rel=\"canonical\" href=\"https:\/\/vapemaison.com\/it\/prodotto\/bang-leader-110000-soffi-6-in-1-monouso-vpae\/\" \/>\n<meta property=\"og:locale\" content=\"it_IT\" \/>\n<meta property=\"og:type\" content=\"article\" \/>\n<meta property=\"og:title\" content=\"Bang Leader 110K Puffs 6 in1 Disposable Vape LED Display\" \/>\n<meta property=\"og:description\" content=\"LED Display Bang Leader 110k Puffs Disposable Vape with 6-in-1 flavor modes. Rechargeable battery and Type-C fast charging.\" \/>\n<meta property=\"og:url\" content=\"https:\/\/vapemaison.com\/it\/prodotto\/bang-leader-110000-soffi-6-in-1-monouso-vpae\/\" \/>\n<meta property=\"og:site_name\" content=\"VapeMaison\" \/>\n<meta property=\"article:modified_time\" content=\"2026-03-26T05:40:59+00:00\" \/>\n<meta property=\"og:image\" content=\"https:\/\/vapemaison.com\/wp-content\/uploads\/2025\/11\/bang-leader-110000-puffs-6-in-1-flavor-ola-tank-3-picure.jpg\" \/>\n\t<meta property=\"og:image:width\" content=\"600\" \/>\n\t<meta property=\"og:image:height\" content=\"600\" \/>\n\t<meta property=\"og:image:type\" content=\"image\/jpeg\" \/>\n<meta name=\"twitter:card\" content=\"summary_large_image\" \/>\n<meta name=\"twitter:label1\" content=\"Tempo di lettura stimato\" \/>\n\t<meta name=\"twitter:data1\" content=\"3 minuti\" \/>\n<!-- \/ Yoast SEO plugin. -->","yoast_head_json":{"title":"Bang Leader 110K soffi 6 in1 monouso Vape Display LED","description":"Display a LED Bang Leader 110k Puffs Vape usa e getta con 6 modalit\u00e0 di aromatizzazione in 1. Batteria ricaricabile e ricarica rapida Type-C.","robots":{"index":"index","follow":"follow","max-snippet":"max-snippet:-1","max-image-preview":"max-image-preview:large","max-video-preview":"max-video-preview:-1"},"canonical":"https:\/\/vapemaison.com\/it\/prodotto\/bang-leader-110000-soffi-6-in-1-monouso-vpae\/","og_locale":"it_IT","og_type":"article","og_title":"Bang Leader 110K Puffs 6 in1 Disposable Vape LED Display","og_description":"LED Display Bang Leader 110k Puffs Disposable Vape with 6-in-1 flavor modes. Rechargeable battery and Type-C fast charging.","og_url":"https:\/\/vapemaison.com\/it\/prodotto\/bang-leader-110000-soffi-6-in-1-monouso-vpae\/","og_site_name":"VapeMaison","article_modified_time":"2026-03-26T05:40:59+00:00","og_image":[{"width":600,"height":600,"url":"https:\/\/vapemaison.com\/wp-content\/uploads\/2025\/11\/bang-leader-110000-puffs-6-in-1-flavor-ola-tank-3-picure.jpg","type":"image\/jpeg"}],"twitter_card":"summary_large_image","twitter_misc":{"Tempo di lettura stimato":"3 minuti"},"schema":{"@context":"https:\/\/schema.org","@graph":[{"@type":"WebPage","@id":"https:\/\/vapemaison.com\/product\/bang-leader-110000-puffs-6-in-1-disposable-vpae\/","url":"https:\/\/vapemaison.com\/product\/bang-leader-110000-puffs-6-in-1-disposable-vpae\/","name":"Bang Leader 110K soffi 6 in1 monouso Vape Display LED","isPartOf":{"@id":"https:\/\/vapemaison.com\/#website"},"primaryImageOfPage":{"@id":"https:\/\/vapemaison.com\/product\/bang-leader-110000-puffs-6-in-1-disposable-vpae\/#primaryimage"},"image":{"@id":"https:\/\/vapemaison.com\/product\/bang-leader-110000-puffs-6-in-1-disposable-vpae\/#primaryimage"},"thumbnailUrl":"https:\/\/vapemaison.com\/wp-content\/uploads\/2025\/11\/bang-leader-110000-puffs-6-in-1-flavor-ola-tank-3-picure.jpg","datePublished":"2025-11-04T02:28:48+00:00","dateModified":"2026-03-26T05:40:59+00:00","description":"Display a LED Bang Leader 110k Puffs Vape usa e getta con 6 modalit\u00e0 di aromatizzazione in 1. Batteria ricaricabile e ricarica rapida Type-C.","breadcrumb":{"@id":"https:\/\/vapemaison.com\/product\/bang-leader-110000-puffs-6-in-1-disposable-vpae\/#breadcrumb"},"inLanguage":"it-IT","potentialAction":[{"@type":"ReadAction","target":["https:\/\/vapemaison.com\/product\/bang-leader-110000-puffs-6-in-1-disposable-vpae\/"]}]},{"@type":"ImageObject","inLanguage":"it-IT","@id":"https:\/\/vapemaison.com\/product\/bang-leader-110000-puffs-6-in-1-disposable-vpae\/#primaryimage","url":"https:\/\/vapemaison.com\/wp-content\/uploads\/2025\/11\/bang-leader-110000-puffs-6-in-1-flavor-ola-tank-3-picure.jpg","contentUrl":"https:\/\/vapemaison.com\/wp-content\/uploads\/2025\/11\/bang-leader-110000-puffs-6-in-1-flavor-ola-tank-3-picure.jpg","width":600,"height":600,"caption":"Bang Leader Puffs 6 In 1 Flavor Ola Tank 3 Picure Disposable Vape Device"},{"@type":"BreadcrumbList","@id":"https:\/\/vapemaison.com\/product\/bang-leader-110000-puffs-6-in-1-disposable-vpae\/#breadcrumb","itemListElement":[{"@type":"ListItem","position":1,"name":"\u9996\u9875","item":"https:\/\/vapemaison.com\/"},{"@type":"ListItem","position":2,"name":"Shop","item":"https:\/\/vapemaison.com\/shop\/"},{"@type":"ListItem","position":3,"name":"Bang","item":"https:\/\/vapemaison.com\/brand\/bang\/"},{"@type":"ListItem","position":4,"name":"Bang Leader 110000 Puffs 6-in-1 Disposable Vape | LED Display, Triple Mesh Coil, Rechargeable"}]},{"@type":"WebSite","@id":"https:\/\/vapemaison.com\/#website","url":"https:\/\/vapemaison.com\/","name":"VapeMaison","description":"Dispositivi e accessori per il vaping di alta qualit\u00e0","publisher":{"@id":"https:\/\/vapemaison.com\/#organization"},"potentialAction":[{"@type":"SearchAction","target":{"@type":"EntryPoint","urlTemplate":"https:\/\/vapemaison.com\/?s={search_term_string}"},"query-input":{"@type":"PropertyValueSpecification","valueRequired":true,"valueName":"search_term_string"}}],"inLanguage":"it-IT"},{"@type":"Organization","@id":"https:\/\/vapemaison.com\/#organization","name":"VapeMaison","url":"https:\/\/vapemaison.com\/","logo":{"@type":"ImageObject","inLanguage":"it-IT","@id":"https:\/\/vapemaison.com\/#\/schema\/logo\/image\/","url":"https:\/\/vapemaison.com\/wp-content\/uploads\/2026\/01\/cropped-vapemaison-logo-g-2026.webp","contentUrl":"https:\/\/vapemaison.com\/wp-content\/uploads\/2026\/01\/cropped-vapemaison-logo-g-2026.webp","width":350,"height":280,"caption":"VapeMaison"},"image":{"@id":"https:\/\/vapemaison.com\/#\/schema\/logo\/image\/"},"sameAs":["https:\/\/www.youtube.com\/@VapeMaison"]}]}},"tiered_pricing_type":"fixed","tiered_pricing_fixed_rules":{"30":"10.35","50":"9.99","100":"9.36","200":"8.88"},"tiered_pricing_product_settings":{"layout":"default","base_unit_name":{"singular":null,"plural":null},"default_variation":null},"tiered_pricing_minimum_quantity":10,"tiered_pricing_roles_data":[],"tiered_pricing_percentage_rules":[],"tiered_pricing_maximum_quantity":null,"tiered_pricing_quantity_step":"10","_links":{"self":[{"href":"https:\/\/vapemaison.com\/it\/wp-json\/wp\/v2\/product\/9590","targetHints":{"allow":["GET"]}}],"collection":[{"href":"https:\/\/vapemaison.com\/it\/wp-json\/wp\/v2\/product"}],"about":[{"href":"https:\/\/vapemaison.com\/it\/wp-json\/wp\/v2\/types\/product"}],"replies":[{"embeddable":true,"href":"https:\/\/vapemaison.com\/it\/wp-json\/wp\/v2\/comments?post=9590"}],"version-history":[{"count":1,"href":"https:\/\/vapemaison.com\/it\/wp-json\/wp\/v2\/product\/9590\/revisions"}],"predecessor-version":[{"id":26114,"href":"https:\/\/vapemaison.com\/it\/wp-json\/wp\/v2\/product\/9590\/revisions\/26114"}],"wp:featuredmedia":[{"embeddable":true,"href":"https:\/\/vapemaison.com\/it\/wp-json\/wp\/v2\/media\/9597"}],"wp:attachment":[{"href":"https:\/\/vapemaison.com\/it\/wp-json\/wp\/v2\/media?parent=9590"}],"wp:term":[{"taxonomy":"product_brand","embeddable":true,"href":"https:\/\/vapemaison.com\/it\/wp-json\/wp\/v2\/product_brand?post=9590"},{"taxonomy":"product_cat","embeddable":true,"href":"https:\/\/vapemaison.com\/it\/wp-json\/wp\/v2\/product_cat?post=9590"},{"taxonomy":"product_tag","embeddable":true,"href":"https:\/\/vapemaison.com\/it\/wp-json\/wp\/v2\/product_tag?post=9590"}],"curies":[{"name":"wp","href":"https:\/\/api.w.org\/{rel}","templated":true}]}}