

{"id":19207,"date":"2025-12-20T03:25:46","date_gmt":"2025-12-20T03:25:46","guid":{"rendered":"https:\/\/vapemaison.com\/?post_type=product&#038;p=19207"},"modified":"2025-12-20T06:04:09","modified_gmt":"2025-12-20T06:04:09","slug":"%e3%82%a8%e3%83%ab%e3%83%95%e3%83%90%e3%83%bc-30k-%e3%83%91%e3%83%95-%e3%83%96%e3%83%a9%e3%83%83%e3%82%af%e3%83%99%e3%83%aa%e3%83%bc-%e3%83%91%e3%83%83%e3%82%b7%e3%83%a7%e3%83%b3%e3%83%95%e3%83%ab","status":"publish","type":"product","link":"https:\/\/vapemaison.com\/ja\/product\/elf-bar-30k-puff-blackberry-passionfruit\/","title":{"rendered":"\u30a8\u30eb\u30d5\u30d0\u30fc 30k \u30d1\u30d5\uff5c\u30d6\u30e9\u30c3\u30af\u30d9\u30ea\u30fc\uff06\u30d1\u30c3\u30b7\u30e7\u30f3\u30d5\u30eb\u30fc\u30c4"},"content":{"rendered":"<p>\u30a8\u30eb\u30d5\u30d0\u30fc\u30b3\u30f3\u30dc\u30d7\u30ed30000\u3092\u3054\u89a7\u304f\u3060\u3055\u3044\u3002\u30b3\u30f3\u30d1\u30af\u30c8\u306a\u30b5\u30a4\u30ba\u3001\u512a\u308c\u305f\u8010\u4e45\u6027\u3001\u5f37\u529b\u306a\u5438\u5f15\u529b\u3092\u7279\u5fb4\u3068\u3059\u308b\u3053\u306e\u88fd\u54c1\u306f\u3001\u30a4\u30f3\u30c6\u30ea\u30b8\u30a7\u30f3\u30c8\u306a\u30c7\u30b6\u30a4\u30f3\u3068\u512a\u308c\u305f\u30c6\u30af\u30ce\u30ed\u30b8\u30fc\u3092\u517c\u306d\u5099\u3048\u3066\u3044\u307e\u3059\u3002.<\/p>\n\n\n\n<p>22ml\u306eE\u30ea\u30ad\u30c3\u30c9\u3068850mAh\u306e\u5f37\u529b\u306a\u30ea\u30ad\u30c3\u30c9\u306b\u3088\u308a\u3001Combo Pro\u306f30,000\u56de\u3082\u306e\u30af\u30ea\u30fc\u30f3\u306a\u30ea\u30ad\u30c3\u30c9\u3092\u4f9b\u7d66\u3057\u307e\u3059\u3002\u3053\u306e\u30c7\u30d0\u30a4\u30b9\u306f\u3001\u3042\u306a\u305f\u306e\u30d9\u30a4\u30d7\u30b9\u30bf\u30a4\u30eb\u306b\u6700\u9069\u3067\u3059\u3002.<\/p>\n\n\n\n<h3 class=\"wp-block-heading\">\u30c7\u30e5\u30a2\u30eb\u30e2\u30fc\u30c9\u30fb\u30ec\u30b9\u30c6\u30a3\u30f3\u30b0\u30b7\u30b9\u30c6\u30e0<\/h3>\n\n\n\n<p>\u6700\u9069\u5316\u3055\u308c\u305f2\u3064\u306e\u51fa\u529b\u8ef8\u3092\u9078\u629e\u3057\u307e\u3059\uff1a<\/p>\n\n\n\n<ul class=\"wp-block-list\">\n<li><strong>\u30e9\u30a4\u30c8\u30e2\u30c0\u30b9\uff0815W\uff09\uff1a<\/strong> \u30bd\u30d5\u30c8\u3067\u4e08\u592b\u306a\u751f\u5730\u3068\u3001\u6700\u5927\u9650\u306e\u30b5\u30a4\u30ba\u30d0\u30ea\u30a8\u30fc\u30b7\u30e7\u30f3\u3002.<\/li>\n\n\n\n<li><strong>\u30bf\u30fc\u30dc\u30e2\u30c0\u30b9\uff0835W\uff09\uff1a<\/strong> \u30c7\u30a3\u30d2\u30c6\u30fb\u30a6\u30eb\u30d5\u30b1\u30f3\u3001\u30ea\u30d2\u30a2\u30e9\u30fc\u30fb\u30b2\u30b7\u30e5\u30de\u30c3\u30af\u3001\u305d\u3057\u3066\u5f37\u70c8\u306a\u30d2\u30c3\u30c8\u3002.<\/li>\n<\/ul>\n\n\n\n<p>\u3053\u306e\u512a\u308c\u305f\u30b3\u30f3\u30dc\u30fb\u30b2\u30b7\u30e5\u30de\u30c3\u30af\u30fb\u30c1\u30e3\u30eb\u30bf\u30fc\u3068\u7d44\u307f\u5408\u308f\u305b\u308b\u3053\u3068\u3067\u30011\u53f0\u30012\u53f0\u30013\u53f0\u306e\u30b2\u30b7\u30e5\u30de\u30c3\u30af\u30fb\u30c1\u30e3\u30eb\u30bf\u30fc\u3092\u4f7f\u7528\u3059\u308b\u3053\u3068\u304c\u3067\u304d\u307e\u3059\u3002.<\/p>\n\n\n\n<h3 class=\"wp-block-heading\">\u30b2\u30b7\u30e5\u30de\u30c3\u30af\u30b9-\u30cf\u30a4\u30e9\u30a4\u30c8\u30d6\u30e9\u30c3\u30af\u30d9\u30ea\u30fc\uff06\u30d1\u30c3\u30b7\u30e7\u30f3\u30d5\u30eb\u30fc\u30c4<\/h3>\n\n\n\n<p>\u30a8\u30ad\u30be\u30c1\u30c3\u30af\u3067\u30d8\u30eb\u30b7\u30fc\u306a\u5473\u308f\u3044\u306e\u3001\u30a2\u30f3\u30b9\u30d7\u30eb\u30fc\u30b7\u30e5\u30fb\u30ac\u30e0\u3002\u3053\u306e\u30bf\u30a4\u30d7\u306f\u3001\u6fc3\u539a\u3067\u30bd\u30d5\u30c8\u306a\u30d6\u30ed\u30e0\u30d3\u30fc\u30f3\u3068\u3001\u30d1\u30c3\u30b7\u30e7\u30f3\u30d5\u30eb\u30fc\u30c4\u306e\u5f37\u304f\u30c8\u30ed\u30d4\u30ab\u30eb\u3067\u307b\u306e\u304b\u306b\u7518\u3044\u30a2\u30ed\u30de\u3092\u7d44\u307f\u5408\u308f\u305b\u3066\u3044\u308b\u3002\u3053\u306e\u3001\u7518\u304f\u723d\u3084\u304b\u306a\u9999\u308a\u306e\u7d76\u5999\u306a\u7d44\u307f\u5408\u308f\u305b\u306f\u3001\u3069\u306e\u3088\u3046\u306a\u5834\u9762\u3067\u3082\u3001\u7d20\u6674\u3089\u3057\u3044\u98df\u6b32\u306e\u7206\u767a\u3092\u8a98\u3046\u3002.<\/p>\n\n\n\n<h3 class=\"wp-block-heading\">\u4e3b\u8981\u88fd\u54c1<\/h3>\n\n\n\n<ul class=\"wp-block-list\">\n<li><strong>Z\u00fcge\uff1a<\/strong> 30,000\u30c9\u30eb\u4ee5\u4e0a<\/li>\n\n\n\n<li><strong>E\u30ea\u30ad\u30c3\u30c9\u5bb9\u91cf\uff1a<\/strong> 22 ml (\u7a7a\u711a\u304d)<\/li>\n\n\n\n<li><strong>\u30a2\u30af\uff1a<\/strong> 850mAh\uff08\u4ea4\u63db\u6642\uff09<\/li>\n\n\n\n<li><strong>\u30cb\u30b3\u30c6\u30a3\u30f3\u30b7\u30e5\u30c6\u30eb\u30b1<\/strong> 5% (50mg\/ml)<\/li>\n\n\n\n<li><strong>\u30e9\u30a4\u30d7\u30c4\u30a3\u30d2\uff1a<\/strong> \u30e9\u30a4\u30c8\uff0815W\uff09\uff0f\u30bf\u30fc\u30dc\uff0835W\uff09<\/li>\n\n\n\n<li><strong>\u30b2\u30b7\u30e5\u30de\u30c3\u30af\u30b9\u30e2\u30c7\u30a3<\/strong> \u30a2\u30a4\u30f3\u30c4\u30a7\u30eb\u3001\u30c9\u30c3\u30da\u30eb\u3001\u30df\u30c3\u30b7\u30e5\u30b2\u30b7\u30e5\u30de\u30c3\u30af<\/li>\n\n\n\n<li><strong>\u6c17\u6d41\u30b7\u30b9\u30c6\u30e0\uff1a<\/strong> \u30c7\u30e5\u30a2\u30eb\u30fb\u30d0\u30fc\u30b9\u30c8\u30fb\u30eb\u30fc\u30d5<\/li>\n\n\n\n<li><strong>\u30e9\u30c7\u30a3\u30f3\u3060\uff1a<\/strong> USB-C\u63a5\u7d9a<\/li>\n\n\n\n<li><strong>\u30c7\u30a3\u30b9\u30d7\u30ec\u30a4<\/strong> \u96fb\u5b50\u30ea\u30ad\u30c3\u30c9\u30b9\u30bf\u30f3\u30c9\u7528\u30b9\u30de\u30fc\u30c8\u30b9\u30af\u30ea\u30fc\u30f3<\/li>\n<\/ul>\n\n\n\n<h3 class=\"wp-block-heading\">\u30c7\u30b6\u30a4\u30f3\uff06\u5feb\u9069\u6027<\/h3>\n\n\n\n<p>\u30a8\u30eb\u30d5\u30fb\u30d0\u30fc\u30fb\u30b3\u30f3\u30dc\u30fb\u30d7\u30ed30000\u306f\u3001\u30b3\u30f3\u30d1\u30af\u30c8\u3067\u30e2\u30c0\u30f3\u306a\u30d9\u30a4\u30d7\u7528\u3067\u3059\uff1a<\/p>\n\n\n\n<ul class=\"wp-block-list\">\n<li>\u30a2\u30af\u3068\u30ea\u30ad\u30c3\u30c9\u306e\u6e29\u5ea6\u72b6\u614b\u3092\u30a4\u30f3\u30c6\u30ea\u30b8\u30a7\u30f3\u30c8\u306b\u8868\u793a\u3002.<\/li>\n\n\n\n<li>USB-C\u306b\u3088\u308b\u9ad8\u901f\u5145\u96fb\u3002.<\/li>\n\n\n\n<li>\u6700\u5927\u9650\u306e\u643a\u5e2f\u6027\u3092\u5b9f\u73fe\u3059\u308b\u3001\u8efd\u91cf\u3067\u4eba\u9593\u5de5\u5b66\u306b\u57fa\u3065\u3044\u305f\u30b1\u30fc\u30b9\u3002.<\/li>\n\n\n\n<li>\u7c21\u5358\u306a\u64cd\u4f5c - \u7c21\u5358\u306b\u4f7f\u7528\u3067\u304d\u307e\u3059\u3002.<\/li>\n<\/ul>\n\n\n\n<h3 class=\"wp-block-heading\">\u30a8\u30eb\u30d5\u30fb\u30d0\u30fc\u30fb\u30b3\u30f3\u30dc\u30fb\u30d7\u30ed30000\u306e\u4fa1\u5024\u306f\uff1f<\/h3>\n\n\n\n<ul class=\"wp-block-list\">\n<li>\u30a2\u30a4\u30f3\u30a6\u30a7\u30a4\u30fb\u30d9\u30fc\u30d7\u5e02\u5834\u3067\u6700\u3082\u9ad8\u3044\u8ca9\u58f2\u4fa1\u683c\u3002.<\/li>\n\n\n\n<li>\u4f01\u696d\u7d4c\u55b6\u3068\u7d4c\u55b6\u7ba1\u7406\u306e\u9593\u306e\u81ea\u7531\u306a\u4ea4\u6d41\u3002.<\/li>\n\n\n\n<li>\u9ad8\u8840\u5727\u3092\u4f34\u3046\u9ad8\u8102\u8840\u75c7\u3002.<\/li>\n\n\n\n<li>\u30e9\u30f3\u30b0\u30eb\u30d3\u30c3\u30d2\u3001\u30a6\u30a3\u30fc\u30c0\u30fc\u30aa\u30fc\u30d5\u30e9\u30c3\u30c9\u30d0\u30fc\u3001\u305d\u3057\u3066\u30ba\u30d0\u30e9\u30b9\u30a3\u30b0\u3002.<\/li>\n\n\n\n<li>\u521d\u5fc3\u8005\u3084\u4e0a\u7d1a\u8005\u306b\u3082\u6700\u9069\u3002.<\/li>\n<\/ul>\n\n\n\n<p><strong>\u30a8\u30eb\u30d5\u30d0\u30fc \u30b3\u30f3\u30dc\u30fb\u30d7\u30ed \u30d6\u30e9\u30c3\u30af\u30d9\u30ea\u30fc\uff06\u30d1\u30c3\u30b7\u30e7\u30f3\u30d5\u30eb\u30fc\u30c4\u3092\u8cfc\u5165\u3059\u308b<\/strong> \u30a8\u30eb\u30d5\u30fb\u30d0\u30fc\u30fb\u30b3\u30f3\u30dc\u30fb\u30d7\u30ed30000\u3067\u3001\u65b0\u3057\u3044\u6b21\u5143\u306e\u30c8\u30ec\u30fc\u30cb\u30f3\u30b0\u3092\u3002\u5353\u8d8a\u3057\u305f\u30d1\u30d5\u30a9\u30fc\u30de\u30f3\u30b9\u3001\u5353\u8d8a\u3057\u305f\u30d1\u30ef\u30fc\u3001\u305d\u3057\u3066\u60c5\u71b1\u3068\u60c5\u71b1\u306e\u30b3\u30f3\u30d3\u30cd\u30fc\u30b7\u30e7\u30f3\u3002.<\/p>\n\n\n\n<p>\u305d\u306e\u4ed6 <strong><a href=\"https:\/\/vapemaison.com\/brand\/elfbar\/\">Elfbar<\/a><\/strong> \u305d\u306e\u4ed6\u306e\u88fd\u54c1\u3082\u3054\u89a7\u304f\u3060\u3055\u3044\u3002 <strong><a href=\"https:\/\/vapemaison.com\/brand\/\">\u30d6\u30e9\u30f3\u30c9<\/a><\/strong>.<\/p>","protected":false},"excerpt":{"rendered":"<p>Entdecken Sie den Elf Bar Combo Pro 30000, die n\u00e4chste Generation des Einweg-Vapings. Entwickelt f\u00fcr Langlebigkeit, starke Leistung und intensiven Geschmack, vereint dieses Ger\u00e4t intelligentes Design mit fortschrittlicher Technologie \u2013 perfekt f\u00fcr Nutzer, die sowohl Ausdauer als auch erstklassigen Genuss verlangen. Mit 22 ml vorbef\u00fclltem E-Liquid und einem wiederaufladbaren 850-mAh-Akku liefert der Combo Pro bis zu 30.000 sanfte, gleichm\u00e4\u00dfige Z\u00fcge. Ob Sie einen sanften Zug oder einen kraftvollen Hit bevorzugen, dieses Ger\u00e4t passt sich m\u00fchelos Ihrem Vaping-Stil an. Dual-Mode Leistungssystem Wechseln Sie sofort zwischen zwei optimierten Leistungsstufen: In Kombination mit dem einzigartigen Combo-Geschmacksschalter bietet das Ger\u00e4t Einzel-, Doppel- und Mischgeschmacksmodi, sodass Sie die volle Kontrolle \u00fcber Ihr Dampferlebnis haben. Geschmacks-Highlight: [&hellip;]<\/p>\n","protected":false},"featured_media":12786,"comment_status":"open","ping_status":"closed","template":"","meta":[],"product_brand":[177],"product_cat":[134],"product_tag":[],"class_list":{"0":"post-19207","1":"product","2":"type-product","3":"status-publish","4":"has-post-thumbnail","6":"product_brand-elfbar","7":"product_cat-30k-puffs","9":"first","10":"instock","11":"sale","12":"shipping-taxable","13":"purchasable","14":"product-type-variable"},"yoast_head":"<!-- This site is optimized with the Yoast SEO plugin v27.4 - https:\/\/yoast.com\/product\/yoast-seo-wordpress\/ -->\n<title>Elf bar Blackberry &amp; Passionfruit Vape 30000 | 30K Puffs Vape<\/title>\n<meta name=\"description\" content=\"Experience the Elf Bar Blackberry &amp; Passionfruit Vape 30000\uff0c featuring 22ml e-liquid, up to 30,000 puffs, and designed for ultimate satisfaction.\" \/>\n<meta name=\"robots\" content=\"index, follow, max-snippet:-1, max-image-preview:large, max-video-preview:-1\" \/>\n<link rel=\"canonical\" href=\"https:\/\/vapemaison.com\/ja\/\u88fd\u54c1\/\u30a8\u30eb\u30d5\u30d0\u30fc-30k-\u30d1\u30d5-\u30d6\u30e9\u30c3\u30af\u30d9\u30ea\u30fc-\u30d1\u30c3\u30b7\u30e7\u30f3\u30d5\u30eb\/\" \/>\n<meta property=\"og:locale\" content=\"ja_JP\" \/>\n<meta property=\"og:type\" content=\"article\" \/>\n<meta property=\"og:title\" content=\"Elf bar Blackberry &amp; Passionfruit Vape 30000 | 30K Puffs Vape\" \/>\n<meta property=\"og:description\" content=\"Experience the Elf Bar Blackberry &amp; Passionfruit Vape 30000\uff0c featuring 22ml e-liquid, up to 30,000 puffs, and designed for ultimate satisfaction.\" \/>\n<meta property=\"og:url\" content=\"https:\/\/vapemaison.com\/ja\/\u88fd\u54c1\/\u30a8\u30eb\u30d5\u30d0\u30fc-30k-\u30d1\u30d5-\u30d6\u30e9\u30c3\u30af\u30d9\u30ea\u30fc-\u30d1\u30c3\u30b7\u30e7\u30f3\u30d5\u30eb\/\" \/>\n<meta property=\"og:site_name\" content=\"VapeMaison\" \/>\n<meta property=\"article:modified_time\" content=\"2025-12-20T06:04:09+00:00\" \/>\n<meta property=\"og:image\" content=\"https:\/\/vapemaison.com\/wp-content\/uploads\/2025\/11\/elf-bar-combo-30000-blackberry-and-passionfruit-disposable-vape-5-nicotine.webp\" \/>\n\t<meta property=\"og:image:width\" content=\"1000\" \/>\n\t<meta property=\"og:image:height\" content=\"1000\" \/>\n\t<meta property=\"og:image:type\" content=\"image\/webp\" \/>\n<meta name=\"twitter:card\" content=\"summary_large_image\" \/>\n<meta name=\"twitter:label1\" content=\"\u63a8\u5b9a\u8aad\u307f\u53d6\u308a\u6642\u9593\" \/>\n\t<meta name=\"twitter:data1\" content=\"2\u5206\" \/>\n<!-- \/ Yoast SEO plugin. -->","yoast_head_json":{"title":"\u30a8\u30eb\u30d5\u30d0\u30fc \u30d6\u30e9\u30c3\u30af\u30d9\u30ea\u30fc\uff06\u30d1\u30c3\u30b7\u30e7\u30f3\u30d5\u30eb\u30fc\u30c4 30000\uff5c30K\u30d1\u30d5 VAPE","description":"\u30a8\u30eb\u30d5\u30d0\u30fc\u30d6\u30e9\u30c3\u30af\u30d9\u30ea\u30fc\uff06\u30d1\u30c3\u30b7\u30e7\u30f3\u30d5\u30eb\u30fc\u30c4\u30d9\u30a4\u30d730000\u3092\u4f53\u9a13\u3057\u3066\u304f\u3060\u3055\u3044\u3002.","robots":{"index":"index","follow":"follow","max-snippet":"max-snippet:-1","max-image-preview":"max-image-preview:large","max-video-preview":"max-video-preview:-1"},"canonical":"https:\/\/vapemaison.com\/ja\/\u88fd\u54c1\/\u30a8\u30eb\u30d5\u30d0\u30fc-30k-\u30d1\u30d5-\u30d6\u30e9\u30c3\u30af\u30d9\u30ea\u30fc-\u30d1\u30c3\u30b7\u30e7\u30f3\u30d5\u30eb\/","og_locale":"ja_JP","og_type":"article","og_title":"Elf bar Blackberry & Passionfruit Vape 30000 | 30K Puffs Vape","og_description":"Experience the Elf Bar Blackberry & Passionfruit Vape 30000\uff0c featuring 22ml e-liquid, up to 30,000 puffs, and designed for ultimate satisfaction.","og_url":"https:\/\/vapemaison.com\/ja\/\u88fd\u54c1\/\u30a8\u30eb\u30d5\u30d0\u30fc-30k-\u30d1\u30d5-\u30d6\u30e9\u30c3\u30af\u30d9\u30ea\u30fc-\u30d1\u30c3\u30b7\u30e7\u30f3\u30d5\u30eb\/","og_site_name":"VapeMaison","article_modified_time":"2025-12-20T06:04:09+00:00","og_image":[{"width":1000,"height":1000,"url":"https:\/\/vapemaison.com\/wp-content\/uploads\/2025\/11\/elf-bar-combo-30000-blackberry-and-passionfruit-disposable-vape-5-nicotine.webp","type":"image\/webp"}],"twitter_card":"summary_large_image","twitter_misc":{"\u63a8\u5b9a\u8aad\u307f\u53d6\u308a\u6642\u9593":"2\u5206"},"schema":{"@context":"https:\/\/schema.org","@graph":[{"@type":"WebPage","@id":"https:\/\/vapemaison.com\/product\/elf-bar-30k-puff-blackberry-passionfruit\/","url":"https:\/\/vapemaison.com\/product\/elf-bar-30k-puff-blackberry-passionfruit\/","name":"\u30a8\u30eb\u30d5\u30d0\u30fc \u30d6\u30e9\u30c3\u30af\u30d9\u30ea\u30fc\uff06\u30d1\u30c3\u30b7\u30e7\u30f3\u30d5\u30eb\u30fc\u30c4 30000\uff5c30K\u30d1\u30d5 VAPE","isPartOf":{"@id":"https:\/\/vapemaison.com\/#website"},"primaryImageOfPage":{"@id":"https:\/\/vapemaison.com\/product\/elf-bar-30k-puff-blackberry-passionfruit\/#primaryimage"},"image":{"@id":"https:\/\/vapemaison.com\/product\/elf-bar-30k-puff-blackberry-passionfruit\/#primaryimage"},"thumbnailUrl":"https:\/\/vapemaison.com\/wp-content\/uploads\/2025\/11\/elf-bar-combo-30000-blackberry-and-passionfruit-disposable-vape-5-nicotine.webp","datePublished":"2025-12-20T03:25:46+00:00","dateModified":"2025-12-20T06:04:09+00:00","description":"\u30a8\u30eb\u30d5\u30d0\u30fc\u30d6\u30e9\u30c3\u30af\u30d9\u30ea\u30fc\uff06\u30d1\u30c3\u30b7\u30e7\u30f3\u30d5\u30eb\u30fc\u30c4\u30d9\u30a4\u30d730000\u3092\u4f53\u9a13\u3057\u3066\u304f\u3060\u3055\u3044\u3002.","breadcrumb":{"@id":"https:\/\/vapemaison.com\/product\/elf-bar-30k-puff-blackberry-passionfruit\/#breadcrumb"},"inLanguage":"ja","potentialAction":[{"@type":"ReadAction","target":["https:\/\/vapemaison.com\/product\/elf-bar-30k-puff-blackberry-passionfruit\/"]}]},{"@type":"ImageObject","inLanguage":"ja","@id":"https:\/\/vapemaison.com\/product\/elf-bar-30k-puff-blackberry-passionfruit\/#primaryimage","url":"https:\/\/vapemaison.com\/wp-content\/uploads\/2025\/11\/elf-bar-combo-30000-blackberry-and-passionfruit-disposable-vape-5-nicotine.webp","contentUrl":"https:\/\/vapemaison.com\/wp-content\/uploads\/2025\/11\/elf-bar-combo-30000-blackberry-and-passionfruit-disposable-vape-5-nicotine.webp","width":1000,"height":1000,"caption":"elf-bar-combo-30000-blackberry-and-passionfruit-disposable-vape-5-nicotine"},{"@type":"BreadcrumbList","@id":"https:\/\/vapemaison.com\/product\/elf-bar-30k-puff-blackberry-passionfruit\/#breadcrumb","itemListElement":[{"@type":"ListItem","position":1,"name":"\u9996\u9875","item":"https:\/\/vapemaison.com\/"},{"@type":"ListItem","position":2,"name":"Shop","item":"https:\/\/vapemaison.com\/shop\/"},{"@type":"ListItem","position":3,"name":"Elfbar","item":"https:\/\/vapemaison.com\/brand\/elfbar\/"},{"@type":"ListItem","position":4,"name":"Elf Bar 30k Puff | Blackberry &amp; Passionfruit"}]},{"@type":"WebSite","@id":"https:\/\/vapemaison.com\/#website","url":"https:\/\/vapemaison.com\/","name":"\u30d9\u30fc\u30d7\u30e1\u30be\u30f3","description":"\u30d7\u30ec\u30df\u30a2\u30e0Vaping\u30c7\u30d0\u30a4\u30b9\u3068\u30a2\u30af\u30bb\u30b5\u30ea\u30fc","publisher":{"@id":"https:\/\/vapemaison.com\/#organization"},"potentialAction":[{"@type":"SearchAction","target":{"@type":"EntryPoint","urlTemplate":"https:\/\/vapemaison.com\/?s={search_term_string}"},"query-input":{"@type":"PropertyValueSpecification","valueRequired":true,"valueName":"search_term_string"}}],"inLanguage":"ja"},{"@type":"Organization","@id":"https:\/\/vapemaison.com\/#organization","name":"\u30d9\u30fc\u30d7\u30e1\u30be\u30f3","url":"https:\/\/vapemaison.com\/","logo":{"@type":"ImageObject","inLanguage":"ja","@id":"https:\/\/vapemaison.com\/#\/schema\/logo\/image\/","url":"https:\/\/vapemaison.com\/wp-content\/uploads\/2026\/01\/cropped-vapemaison-logo-g-2026.webp","contentUrl":"https:\/\/vapemaison.com\/wp-content\/uploads\/2026\/01\/cropped-vapemaison-logo-g-2026.webp","width":350,"height":280,"caption":"VapeMaison"},"image":{"@id":"https:\/\/vapemaison.com\/#\/schema\/logo\/image\/"},"sameAs":["https:\/\/www.youtube.com\/@VapeMaison"]}]}},"tiered_pricing_type":"fixed","tiered_pricing_fixed_rules":{"30":"15.99","50":"15.42","100":"13.68","200":"12.21"},"tiered_pricing_product_settings":{"layout":"default","base_unit_name":{"singular":null,"plural":null},"default_variation":null},"tiered_pricing_minimum_quantity":10,"tiered_pricing_roles_data":[],"tiered_pricing_percentage_rules":[],"tiered_pricing_maximum_quantity":null,"tiered_pricing_quantity_step":"10","_links":{"self":[{"href":"https:\/\/vapemaison.com\/ja\/wp-json\/wp\/v2\/product\/19207","targetHints":{"allow":["GET"]}}],"collection":[{"href":"https:\/\/vapemaison.com\/ja\/wp-json\/wp\/v2\/product"}],"about":[{"href":"https:\/\/vapemaison.com\/ja\/wp-json\/wp\/v2\/types\/product"}],"replies":[{"embeddable":true,"href":"https:\/\/vapemaison.com\/ja\/wp-json\/wp\/v2\/comments?post=19207"}],"version-history":[{"count":0,"href":"https:\/\/vapemaison.com\/ja\/wp-json\/wp\/v2\/product\/19207\/revisions"}],"wp:featuredmedia":[{"embeddable":true,"href":"https:\/\/vapemaison.com\/ja\/wp-json\/wp\/v2\/media\/12786"}],"wp:attachment":[{"href":"https:\/\/vapemaison.com\/ja\/wp-json\/wp\/v2\/media?parent=19207"}],"wp:term":[{"taxonomy":"product_brand","embeddable":true,"href":"https:\/\/vapemaison.com\/ja\/wp-json\/wp\/v2\/product_brand?post=19207"},{"taxonomy":"product_cat","embeddable":true,"href":"https:\/\/vapemaison.com\/ja\/wp-json\/wp\/v2\/product_cat?post=19207"},{"taxonomy":"product_tag","embeddable":true,"href":"https:\/\/vapemaison.com\/ja\/wp-json\/wp\/v2\/product_tag?post=19207"}],"curies":[{"name":"wp","href":"https:\/\/api.w.org\/{rel}","templated":true}]}}