

{"id":16885,"date":"2025-12-11T03:38:14","date_gmt":"2025-12-11T03:38:14","guid":{"rendered":"https:\/\/vapemaison.com\/?post_type=product&#038;p=16885"},"modified":"2025-12-22T09:28:44","modified_gmt":"2025-12-22T09:28:44","slug":"bang-de-60k-puffs-wegwerp-vape","status":"publish","type":"product","link":"https:\/\/vapemaison.com\/nl\/product\/bang-de-60k-puffs-disposable-vape\/","title":{"rendered":"Bang DE 60000 60k Puffs 3 in 1 Flavor Wegwerp Vape"},"content":{"rendered":"<h3 class=\"wp-block-heading\"><strong>Bang DE 60000 Puffs - Drie keer zoveel smaak, drie keer zoveel plezier<\/strong><\/h3>\n\n\n\n<p>De <strong>Bang DE 60000 Puffs<\/strong> is een krachtig vaping apparaat dat de manier waarop je smaken ervaart herdefinieert. Ontworpen voor liefhebbers van smaken die hunkeren naar variatie, levert deze innovatieve vape een <strong>indrukwekkende 60.000 trekjes<\/strong> met een geavanceerde <strong>3-in-1 smaaksysteem<\/strong>. Of je nu liever schakelt tussen verschillende smaken of ze samenvoegt voor een dynamische ervaring, de <strong>Bang DE 60000<\/strong> biedt eindeloze mogelijkheden in elk trekje.<\/p>\n\n\n\n<p>Wat maakt het bijzonder? De <strong>A &amp; B &amp; AB smaaksysteem<\/strong>, waarmee je eenvoudig kunt schakelen tussen smaak A, smaak B of genieten van <strong>AB<\/strong>-Een zachte samensmelting van beide smaken. Het is alsof je <strong>drie vapes in \u00e9\u00e9n<\/strong>, waardoor je kunt genieten van een volledig aanpasbare vaping-ervaring.<\/p>\n\n\n\n<h3 class=\"wp-block-heading\"><strong>Belangrijkste kenmerken:<\/strong><\/h3>\n\n\n\n<figure class=\"wp-block-table\"><table class=\"has-fixed-layout\"><thead><tr><th><strong>Functie<\/strong><\/th><th><strong>Specificatie<\/strong><\/th><\/tr><\/thead><tbody><tr><td><strong>Pufcapaciteit<\/strong><\/td><td>60.000 soesjes<\/td><\/tr><tr><td><strong>Nicotinesterkte<\/strong><\/td><td>2%, 3%, 5%<\/td><\/tr><tr><td><strong>E-vloeistof capaciteit<\/strong><\/td><td>60 ml<\/td><\/tr><tr><td><strong>Type spoel<\/strong><\/td><td>1.0\u03a9 Driedubbele netwerkspoel<\/td><\/tr><tr><td><strong>Batterij<\/strong><\/td><td>850mAh oplaadbaar<\/td><\/tr><tr><td><strong>Oplaadpoort<\/strong><\/td><td>Type-C snel opladen<\/td><\/tr><tr><td><strong>Smaak Systeem<\/strong><\/td><td>3-in-1 (A, B, AB)<\/td><\/tr><tr><td><strong>LCD-scherm<\/strong><\/td><td>Realtime batterij- en vloeistofpeilweergave<\/td><\/tr><tr><td><strong>Smaakopties<\/strong><\/td><td>12 combinaties met drie smaken<\/td><\/tr><\/tbody><\/table><\/figure>\n\n\n\n<h3 class=\"wp-block-heading\"><strong>Smaaklijst:<\/strong><\/h3>\n\n\n\n<ol class=\"wp-block-list\">\n<li>Watermeloenijs &amp; bosbessenmunt<\/li>\n\n\n\n<li>Watermeloenijs &amp; bosbessen-kers<\/li>\n\n\n\n<li>Bosbessenijs &amp; Perzik Mango Watermeloen<\/li>\n\n\n\n<li>Bosbessenijs &amp; Perzikijs<\/li>\n\n\n\n<li>Bosbes Framboos &amp; Gemengde Bes<\/li>\n\n\n\n<li>Bosbessen Framboos &amp; Druivenijs<\/li>\n\n\n\n<li>Red Bull &amp; Aardbei Banaan<\/li>\n\n\n\n<li>Red Bull &amp; Bosbessenwatermeloen<\/li>\n\n\n\n<li>Aardbei Mango &amp; Watermeloen Kauwgom<\/li>\n\n\n\n<li>Aardbei Mango &amp; Aardbei Kiwi<\/li>\n\n\n\n<li>Aardbeienwatermeloen &amp; zwarte draakijs<\/li>\n\n\n\n<li>Aardbei Watermeloen &amp; Kiwi Passievrucht Guave<\/li>\n<\/ol>\n\n\n\n<h3 class=\"wp-block-heading\"><strong>Waarom kiezen voor Bang DE 60000 Puffs?<\/strong><\/h3>\n\n\n\n<ul class=\"wp-block-list\">\n<li><strong>Verdrievoudig de smaak:<\/strong> De <strong>3-in-1 smaaksysteem<\/strong> Hiermee kun je moeiteloos schakelen tussen <strong>Smaak A<\/strong>, <strong>Smaak B<\/strong>, of een unieke fusie, <strong>AB<\/strong>, Dit zorgt voor een gevarieerde en aanpasbare vaping-ervaring. Het is alsof je drie smaken in \u00e9\u00e9n apparaat hebt.<\/li>\n\n\n\n<li><strong>Langdurige prestaties:<\/strong> Met tot <strong>60.000 trekjes<\/strong>, Geniet je van langdurig vapen zonder veelvuldig vervangen of bijvullen.<\/li>\n\n\n\n<li><strong>Hoge capaciteit en krachtige spoel:<\/strong> Met <strong>60 ml e-vloeistof<\/strong> en een <strong>1.0\u03a9 triple mesh spoel<\/strong>, De Bang DE 60000 zorgt elke keer weer voor rijke, consistente damp en een zachte smaak.<\/li>\n\n\n\n<li><strong>Slim en effici\u00ebnt:<\/strong> De <strong>850mAh oplaadbare batterij<\/strong> en <strong>Type-C snelladen<\/strong> Zorg ervoor dat je apparaat klaar is voor gebruik met minimale uitvaltijd. De <strong>LCD-scherm<\/strong> geeft je realtime updates over het niveau van de batterij en de e-vloeistof, zodat je altijd alles onder controle hebt.<\/li>\n\n\n\n<li><strong>Breed scala aan smaken:<\/strong> Met <strong>12 drievoudige smaakcombinaties<\/strong>, heb je eindeloos veel opties om je vape-sessies fris en spannend te houden. Of je nu de voorkeur geeft aan fruitige melanges, verfrissende mints of gewaagde combinaties, er is een smaak voor elke stemming.<\/li>\n\n\n\n<li><strong>Verbeterd gemak:<\/strong> De <strong>3-in-1 smaakfunctie<\/strong> Je hoeft niet langer meerdere apparaten mee te nemen en kunt onderweg zonder gedoe van smaak wisselen.<\/li>\n<\/ul>\n\n\n\n<h3 class=\"wp-block-heading\"><strong>Verhoog jeaping ervaring met Bang DE 60000 Puffs<\/strong><\/h3>\n\n\n\n<p>De <strong>Bang DE 60000 Puffs<\/strong> is het ultieme vaping apparaat voor diegenen die meer eisen van hun vape. Of je nu wilt genieten van klassieke smaken, unieke combinaties wilt proberen of nieuwe melanges wilt ontdekken, met deze vape zit je goed. Met zijn geavanceerde ontwerp en geavanceerde technologie is de <strong>Bang DE 60000<\/strong> zorgt voor een echt aanpasbare en bevredigende ervaring.<\/p>\n\n\n\n<p>Op zoek naar meer premium vaping opties? Bezoek onze <a href=\"https:\/\/vapemaison.com\">homepage<\/a> om de nieuwste releases te zien, blader door de volledige collectie in onze <a href=\"https:\/\/vapemaison.com\/shop\">winkelen<\/a>, of andere apparaten uit de <a href=\"https:\/\/vapemaison.com\/brand\/bang\">Merk Bang<\/a>. Misschien vind je disposables met hoge capaciteit van <a href=\"https:\/\/vapemaison.com\/brand\/jnr\/\">JNR<\/a> of bekijk al onze <a href=\"https:\/\/vapemaison.com\/product-category\/puffs-count\/\">Apparaten voor soesjes<\/a> voor langdurige tevredenheid.<\/p>","protected":false},"excerpt":{"rendered":"<div id=\"model-response-message-contentr_a71402abc5eee709\" class=\"markdown markdown-main-panel stronger enable-updated-hr-color\" dir=\"ltr\" aria-live=\"polite\" aria-busy=\"false\">\n<p data-path-to-node=\"0\">Herdefinieer je ervaring met maar liefst 60.000 puffs en een innovatief 3-in-1 smaaksysteem waarmee je kunt schakelen tussen drie verschillende smaken in \u00e9\u00e9n apparaat. Met een triple mesh coil en een real-time LCD-display biedt deze krachtpatser onge\u00ebvenaarde vari\u00ebteit - bestel vandaag nog om onze huidige promotie te vergrendelen en geniet van prioritaire verzending op de meest veelzijdige vape op de markt.<\/p>\n<\/div>","protected":false},"featured_media":16890,"comment_status":"open","ping_status":"closed","template":"","meta":[],"product_brand":[57],"product_cat":[137],"product_tag":[],"class_list":{"0":"post-16885","1":"product","2":"type-product","3":"status-publish","4":"has-post-thumbnail","6":"product_brand-bang","7":"product_cat-60k-puffs","9":"first","10":"instock","11":"sale","12":"shipping-taxable","13":"purchasable","14":"product-type-variable"},"yoast_head":"<!-- This site is optimized with the Yoast SEO plugin v27.4 - https:\/\/yoast.com\/product\/yoast-seo-wordpress\/ -->\n<title>Bang DE 60k Puffs Disposable Vape \u2013 3-in-1 Flavor LCD Display<\/title>\n<meta name=\"description\" content=\"Enjoy up to 60k puffs with the Bang DE 60000 Disposable Vape. Switch between 3 exciting flavors, featuring 60mL e-liquid, and LCD display.\" \/>\n<meta name=\"robots\" content=\"index, follow, max-snippet:-1, max-image-preview:large, max-video-preview:-1\" \/>\n<link rel=\"canonical\" href=\"https:\/\/vapemaison.com\/nl\/product\/bang-de-60k-puffs-wegwerp-vape\/\" \/>\n<meta property=\"og:locale\" content=\"nl_NL\" \/>\n<meta property=\"og:type\" content=\"article\" \/>\n<meta property=\"og:title\" content=\"Bang DE 60k Puffs Disposable Vape \u2013 3-in-1 Flavor LCD Display\" \/>\n<meta property=\"og:description\" content=\"Enjoy up to 60k puffs with the Bang DE 60000 Disposable Vape. Switch between 3 exciting flavors, featuring 60mL e-liquid, and LCD display.\" \/>\n<meta property=\"og:url\" content=\"https:\/\/vapemaison.com\/nl\/product\/bang-de-60k-puffs-wegwerp-vape\/\" \/>\n<meta property=\"og:site_name\" content=\"VapeMaison\" \/>\n<meta property=\"article:modified_time\" content=\"2025-12-22T09:28:44+00:00\" \/>\n<meta property=\"og:image\" content=\"https:\/\/vapemaison.com\/wp-content\/uploads\/2025\/12\/vape-bang-de-60000-60k-puffs-strawberry-mango-watermelon-bubble-gum-654x690.jpg.webp\" \/>\n\t<meta property=\"og:image:width\" content=\"654\" \/>\n\t<meta property=\"og:image:height\" content=\"690\" \/>\n\t<meta property=\"og:image:type\" content=\"image\/webp\" \/>\n<meta name=\"twitter:card\" content=\"summary_large_image\" \/>\n<meta name=\"twitter:label1\" content=\"Geschatte leestijd\" \/>\n\t<meta name=\"twitter:data1\" content=\"3 minuten\" \/>\n<!-- \/ Yoast SEO plugin. -->","yoast_head_json":{"title":"Bang DE 60k Puffs Wegwerp Vape - 3-in-1 Smaak LCD Display","description":"Geniet van wel 60k trekjes met de Bang DE 60000 Disposable Vape. Schakel tussen 3 spannende smaken, met 60 ml e-vloeistof en LCD-scherm.","robots":{"index":"index","follow":"follow","max-snippet":"max-snippet:-1","max-image-preview":"max-image-preview:large","max-video-preview":"max-video-preview:-1"},"canonical":"https:\/\/vapemaison.com\/nl\/product\/bang-de-60k-puffs-wegwerp-vape\/","og_locale":"nl_NL","og_type":"article","og_title":"Bang DE 60k Puffs Disposable Vape \u2013 3-in-1 Flavor LCD Display","og_description":"Enjoy up to 60k puffs with the Bang DE 60000 Disposable Vape. Switch between 3 exciting flavors, featuring 60mL e-liquid, and LCD display.","og_url":"https:\/\/vapemaison.com\/nl\/product\/bang-de-60k-puffs-wegwerp-vape\/","og_site_name":"VapeMaison","article_modified_time":"2025-12-22T09:28:44+00:00","og_image":[{"width":654,"height":690,"url":"https:\/\/vapemaison.com\/wp-content\/uploads\/2025\/12\/vape-bang-de-60000-60k-puffs-strawberry-mango-watermelon-bubble-gum-654x690.jpg.webp","type":"image\/webp"}],"twitter_card":"summary_large_image","twitter_misc":{"Geschatte leestijd":"3 minuten"},"schema":{"@context":"https:\/\/schema.org","@graph":[{"@type":"WebPage","@id":"https:\/\/vapemaison.com\/product\/bang-de-60k-puffs-disposable-vape\/","url":"https:\/\/vapemaison.com\/product\/bang-de-60k-puffs-disposable-vape\/","name":"Bang DE 60k Puffs Wegwerp Vape - 3-in-1 Smaak LCD Display","isPartOf":{"@id":"https:\/\/vapemaison.com\/#website"},"primaryImageOfPage":{"@id":"https:\/\/vapemaison.com\/product\/bang-de-60k-puffs-disposable-vape\/#primaryimage"},"image":{"@id":"https:\/\/vapemaison.com\/product\/bang-de-60k-puffs-disposable-vape\/#primaryimage"},"thumbnailUrl":"https:\/\/vapemaison.com\/wp-content\/uploads\/2025\/12\/vape-bang-de-60000-60k-puffs-strawberry-mango-watermelon-bubble-gum-654x690.jpg.webp","datePublished":"2025-12-11T03:38:14+00:00","dateModified":"2025-12-22T09:28:44+00:00","description":"Geniet van wel 60k trekjes met de Bang DE 60000 Disposable Vape. Schakel tussen 3 spannende smaken, met 60 ml e-vloeistof en LCD-scherm.","breadcrumb":{"@id":"https:\/\/vapemaison.com\/product\/bang-de-60k-puffs-disposable-vape\/#breadcrumb"},"inLanguage":"nl-NL","potentialAction":[{"@type":"ReadAction","target":["https:\/\/vapemaison.com\/product\/bang-de-60k-puffs-disposable-vape\/"]}]},{"@type":"ImageObject","inLanguage":"nl-NL","@id":"https:\/\/vapemaison.com\/product\/bang-de-60k-puffs-disposable-vape\/#primaryimage","url":"https:\/\/vapemaison.com\/wp-content\/uploads\/2025\/12\/vape-bang-de-60000-60k-puffs-strawberry-mango-watermelon-bubble-gum-654x690.jpg.webp","contentUrl":"https:\/\/vapemaison.com\/wp-content\/uploads\/2025\/12\/vape-bang-de-60000-60k-puffs-strawberry-mango-watermelon-bubble-gum-654x690.jpg.webp","width":654,"height":690,"caption":"Vape Bang De 60k Puffs Strawberry Mango Watermelon Bubble Gum 654x690.jpg"},{"@type":"BreadcrumbList","@id":"https:\/\/vapemaison.com\/product\/bang-de-60k-puffs-disposable-vape\/#breadcrumb","itemListElement":[{"@type":"ListItem","position":1,"name":"\u9996\u9875","item":"https:\/\/vapemaison.com\/"},{"@type":"ListItem","position":2,"name":"Shop","item":"https:\/\/vapemaison.com\/shop\/"},{"@type":"ListItem","position":3,"name":"Bang","item":"https:\/\/vapemaison.com\/brand\/bang\/"},{"@type":"ListItem","position":4,"name":"Bang DE 60000 60k Puffs 3 in 1 Flavor Disposable Vape"}]},{"@type":"WebSite","@id":"https:\/\/vapemaison.com\/#website","url":"https:\/\/vapemaison.com\/","name":"VapeMaison","description":"Premium Vaping apparaten en accessoires","publisher":{"@id":"https:\/\/vapemaison.com\/#organization"},"potentialAction":[{"@type":"SearchAction","target":{"@type":"EntryPoint","urlTemplate":"https:\/\/vapemaison.com\/?s={search_term_string}"},"query-input":{"@type":"PropertyValueSpecification","valueRequired":true,"valueName":"search_term_string"}}],"inLanguage":"nl-NL"},{"@type":"Organization","@id":"https:\/\/vapemaison.com\/#organization","name":"VapeMaison","url":"https:\/\/vapemaison.com\/","logo":{"@type":"ImageObject","inLanguage":"nl-NL","@id":"https:\/\/vapemaison.com\/#\/schema\/logo\/image\/","url":"https:\/\/vapemaison.com\/wp-content\/uploads\/2026\/01\/cropped-vapemaison-logo-g-2026.webp","contentUrl":"https:\/\/vapemaison.com\/wp-content\/uploads\/2026\/01\/cropped-vapemaison-logo-g-2026.webp","width":350,"height":280,"caption":"VapeMaison"},"image":{"@id":"https:\/\/vapemaison.com\/#\/schema\/logo\/image\/"},"sameAs":["https:\/\/www.youtube.com\/@VapeMaison"]}]}},"tiered_pricing_type":"fixed","tiered_pricing_fixed_rules":{"30":"11.25","50":"10.36","100":"9.42","200":"8.25"},"tiered_pricing_product_settings":{"layout":"default","base_unit_name":{"singular":null,"plural":null},"default_variation":null},"tiered_pricing_minimum_quantity":10,"tiered_pricing_roles_data":[],"tiered_pricing_percentage_rules":[],"tiered_pricing_maximum_quantity":null,"tiered_pricing_quantity_step":"10","_links":{"self":[{"href":"https:\/\/vapemaison.com\/nl\/wp-json\/wp\/v2\/product\/16885","targetHints":{"allow":["GET"]}}],"collection":[{"href":"https:\/\/vapemaison.com\/nl\/wp-json\/wp\/v2\/product"}],"about":[{"href":"https:\/\/vapemaison.com\/nl\/wp-json\/wp\/v2\/types\/product"}],"replies":[{"embeddable":true,"href":"https:\/\/vapemaison.com\/nl\/wp-json\/wp\/v2\/comments?post=16885"}],"version-history":[{"count":0,"href":"https:\/\/vapemaison.com\/nl\/wp-json\/wp\/v2\/product\/16885\/revisions"}],"wp:featuredmedia":[{"embeddable":true,"href":"https:\/\/vapemaison.com\/nl\/wp-json\/wp\/v2\/media\/16890"}],"wp:attachment":[{"href":"https:\/\/vapemaison.com\/nl\/wp-json\/wp\/v2\/media?parent=16885"}],"wp:term":[{"taxonomy":"product_brand","embeddable":true,"href":"https:\/\/vapemaison.com\/nl\/wp-json\/wp\/v2\/product_brand?post=16885"},{"taxonomy":"product_cat","embeddable":true,"href":"https:\/\/vapemaison.com\/nl\/wp-json\/wp\/v2\/product_cat?post=16885"},{"taxonomy":"product_tag","embeddable":true,"href":"https:\/\/vapemaison.com\/nl\/wp-json\/wp\/v2\/product_tag?post=16885"}],"curies":[{"name":"wp","href":"https:\/\/api.w.org\/{rel}","templated":true}]}}