

{"id":27998,"date":"2026-03-14T08:19:34","date_gmt":"2026-03-14T08:19:34","guid":{"rendered":"https:\/\/vapemaison.com\/?post_type=product&#038;p=27998"},"modified":"2026-04-03T09:27:57","modified_gmt":"2026-04-03T09:27:57","slug":"bang-leader-stoll-350k-puffs-8-in-1-wegwerp-vape","status":"publish","type":"product","link":"https:\/\/vapemaison.com\/nl\/product\/bang-leader-stoll-350k-puffs-8-in-1-disposable-vape\/","title":{"rendered":"Bang Leader Stoll 350K Puffs 8-in-1 Wegwerpvape"},"content":{"rendered":"<p>De <strong>Knalleider Stoll 350K<\/strong> is ontworpen voor vapers die <strong>maximale smaakvariatie<\/strong> en <strong>langdurige prestaties<\/strong> in \u00e9\u00e9n apparaat. In plaats van meerdere wegwerpartikelen mee te nemen, combineert deze innovatieve vape <strong>8 smaken in \u00e9\u00e9n<\/strong>, Zo kun je altijd en overal van smaak veranderen. Ontdek meer opties op onze <a href=\"https:\/\/vapemaison.com\/shop\/\">winkelpagina<\/a> of bekijk de volledige <a href=\"https:\/\/vapemaison.com\/brand\/bang\/\">Bang merk collectie<\/a>.<\/p>\n\n\n\n<h2 class=\"wp-block-heading\">Hoogtepunten<\/h2>\n\n\n\n<ul class=\"wp-block-list\">\n<li><strong>Enorme pufcapaciteit:<\/strong> Tot <strong>350.000 trekjes<\/strong>, waardoor het een van de disposables met de hoogste capaciteit op de markt is. Bekijk verwante apparaten zoals <a href=\"https:\/\/vapemaison.com\/product\/bang-king-250k-4-in-1-disposable-vape\/\" type=\"link\" id=\"https:\/\/vapemaison.com\/product\/bang-king-250k-4-in-1-disposable-vape\/\">Knal 250K<\/a> of <a href=\"https:\/\/vapemaison.com\/product\/bang-king-200k-200000-puffs-8-in-1-flavor-disposable-vape\/\" type=\"link\" id=\"https:\/\/vapemaison.com\/product\/bang-leader-stoll-350k-puffs-8-in-1-disposable-vape\/\">Bang 200K<\/a>.<\/li>\n\n\n\n<li><strong>8-in-1 smaaksysteem:<\/strong> Schakel onmiddellijk tussen acht ingebouwde smaken voor een frisse ervaring tijdens de hele levensduur van het apparaat.<\/li>\n\n\n\n<li><strong>Slimme weergave:<\/strong> Scherm aan de zijkant toont <strong>batterijniveau<\/strong>, <strong>status e-vloeistof<\/strong>, en <strong>gebruiksinformatie<\/strong>, zodat je altijd weet wanneer het tijd is om op te laden.<\/li>\n\n\n\n<li><strong>Langdurige prestaties:<\/strong> Uitgerust met een <strong>650mAh oplaadbare batterij<\/strong>, voor een stabiel vermogen bij langdurig gebruik.<\/li>\n\n\n\n<li><strong>USB-C snel opladen:<\/strong> Gemakkelijk opladen met standaard USB Type-C-kabels.<\/li>\n\n\n\n<li><strong>Mesh Coil-technologie:<\/strong> Zorgt voor een soepele luchtstroom, dichte damp en een rijke smaak bij elk trekje.<\/li>\n<\/ul>\n\n\n\n<h2 class=\"wp-block-heading\">Productspecificaties<\/h2>\n\n\n\n<figure class=\"wp-block-table\"><table class=\"has-fixed-layout\"><thead><tr><th>Functie<\/th><th>Beschrijving<\/th><\/tr><\/thead><tbody><tr><td>Pufcapaciteit<\/td><td>Tot 350.000 trekjes<\/td><\/tr><tr><td>Smaak Systeem<\/td><td>8 smaken in 1 apparaat<\/td><\/tr><tr><td>Batterij<\/td><td>650mAh oplaadbaar<\/td><\/tr><tr><td>Oplaadpoort<\/td><td>USB Type-C<\/td><\/tr><tr><td>Type spoel<\/td><td>1.0\u03a9 Netwerkspoel<\/td><\/tr><tr><td>Nicotine-opties<\/td><td>0%, 2%, 3%, 5%<\/td><\/tr><tr><td>Weergave<\/td><td>Slim scherm (batterij- en vloeistofniveau)<\/td><\/tr><tr><td>Aanbevolen voor<\/td><td>Vapers die op zoek zijn naar apparaten met een lange levensduur en meerdere smaken<\/td><\/tr><\/tbody><\/table><\/figure>\n\n\n\n<h2 class=\"wp-block-heading\">Smaakcombinaties<\/h2>\n\n\n\n<p>Blue Razz ijs - Watermeloen ijs - Aardbeien ijs - Limoen<br>Bosbessenijs - Tropisch fruit - Appel kiwiijs - Blauwe kers<br>Cherry Cola - Perzik Citroen - Roze Limonade - Mango Passievrucht<br>Aardbei Kiwi Bosbes - Mango Mint - Ananas Aardbei - Watermeloen IJs<br>Kiwi Dragon Berry - Bosbes Watermeloen - Aardbei Banaan - Kersenijs<br>Aardbei Watermeloen - Ananas Kokosijs - Kiwi Passievrucht Guave - Druif Burst<br>Red Bull - Kersen Granaatappel - Watermeloen - Citroen Limoen<br>Watermeloenijs - Fucking Fab - Aardbei Framboos - Appel Kiwi IJs<br>Druivenijs - Love 66 - Bosbessenijs - Drakenvruchtenijs<br>Watermeloenijs - Aardbeienwatermeloen - Frambozenwatermeloen - Bosbessenframboos<br>Perzik Mango Watermeloen - Bosbessen Kers - Dragon Fruit Watermeloen - Passiekus<br>Aardbei Framboos - Aardbei Kiwi - Aardbei IJs - Perzik Mango Watermeloen<\/p>\n\n\n\n<h2 class=\"wp-block-heading\">Waarom kiezen voor Bang Leader Stoll 350K?<\/h2>\n\n\n\n<ol class=\"wp-block-list\">\n<li><strong>Ultieme variatie:<\/strong> 8 smaken in \u00e9\u00e9n apparaat betekent dat je van meerdere smaken kunt genieten zonder dat je meerdere wegwerpartikelen hoeft mee te nemen.<\/li>\n\n\n\n<li><strong>Hoge capaciteit:<\/strong> Tot 350.000 pufjes garandeert langdurig gebruik en vermindert de vervangingsfrequentie.<\/li>\n\n\n\n<li><strong>Handige bewaking:<\/strong> Het slimme display houdt je op de hoogte van het niveau van de batterij en de e-vloeistof.<\/li>\n\n\n\n<li><strong>Stabiele prestaties:<\/strong> Mesh coil en oplaadbare batterij zorgen voor een consistente dampkwaliteit van begin tot eind.<\/li>\n\n\n\n<li><strong>Aanpasbare opties:<\/strong> Ondersteunt verschillende nicotineniveaus en volledige OEM\/ODM-merkmogelijkheden.<\/li>\n<\/ol>","protected":false},"excerpt":{"rendered":"<p>Bang Leader Stoll 350K Disposable Vape heeft een innovatief 8-in-1 smaaksysteem, slim display en oplaadbare batterij. Met tot wel 350.000 trekjes levert het een extreem langdurige en veelzijdige vaping ervaring.<\/p>","protected":false},"featured_media":27999,"comment_status":"open","ping_status":"closed","template":"","meta":[],"product_brand":[57],"product_cat":[319,294],"product_tag":[],"class_list":{"0":"post-27998","1":"product","2":"type-product","3":"status-publish","4":"has-post-thumbnail","6":"product_brand-bang","7":"product_cat-350k-puffs","8":"product_cat-no-nicotine-vape","10":"first","11":"instock","12":"sale","13":"shipping-taxable","14":"purchasable","15":"product-type-variable"},"yoast_head":"<!-- This site is optimized with the Yoast SEO plugin v27.4 - https:\/\/yoast.com\/product\/yoast-seo-wordpress\/ -->\n<title>Bang Leader Stoll 350K Puffs 8-in-1 Disposable Vape<\/title>\n<meta name=\"description\" content=\"Bang Leader Stoll 350K disposable vape with 8 flavors in one device, smart display, mesh coil and rechargeable 650mAh battery. Up to 350000 puffs.\" \/>\n<meta name=\"robots\" content=\"index, follow, max-snippet:-1, max-image-preview:large, max-video-preview:-1\" \/>\n<link rel=\"canonical\" href=\"https:\/\/vapemaison.com\/nl\/product\/bang-leader-stoll-350k-puffs-8-in-1-wegwerp-vape\/\" \/>\n<meta property=\"og:locale\" content=\"nl_NL\" \/>\n<meta property=\"og:type\" content=\"article\" \/>\n<meta property=\"og:title\" content=\"Bang Leader Stoll 350K Puffs 8-in-1 Disposable Vape\" \/>\n<meta property=\"og:description\" content=\"Bang Leader Stoll 350K disposable vape with 8 flavors in one device, smart display, mesh coil and rechargeable 650mAh battery. Up to 350000 puffs.\" \/>\n<meta property=\"og:url\" content=\"https:\/\/vapemaison.com\/nl\/product\/bang-leader-stoll-350k-puffs-8-in-1-wegwerp-vape\/\" \/>\n<meta property=\"og:site_name\" content=\"VapeMaison\" \/>\n<meta property=\"article:modified_time\" content=\"2026-04-03T09:27:57+00:00\" \/>\n<meta property=\"og:image\" content=\"https:\/\/vapemaison.com\/wp-content\/uploads\/2026\/03\/bang-leader-stoll-350000-puffs-8in1-disposable-vape.webp\" \/>\n\t<meta property=\"og:image:width\" content=\"800\" \/>\n\t<meta property=\"og:image:height\" content=\"800\" \/>\n\t<meta property=\"og:image:type\" content=\"image\/webp\" \/>\n<meta name=\"twitter:card\" content=\"summary_large_image\" \/>\n<meta name=\"twitter:label1\" content=\"Geschatte leestijd\" \/>\n\t<meta name=\"twitter:data1\" content=\"3 minuten\" \/>\n<!-- \/ Yoast SEO plugin. -->","yoast_head_json":{"title":"Bang Leader Stoll 350K Puffs 8-in-1 Wegwerpvape","description":"Bang Leader Stoll 350K wegwerp vape met 8 smaken in \u00e9\u00e9n apparaat, slim display, mesh coil en oplaadbare 650mAh batterij. Tot 350000 trekjes.","robots":{"index":"index","follow":"follow","max-snippet":"max-snippet:-1","max-image-preview":"max-image-preview:large","max-video-preview":"max-video-preview:-1"},"canonical":"https:\/\/vapemaison.com\/nl\/product\/bang-leader-stoll-350k-puffs-8-in-1-wegwerp-vape\/","og_locale":"nl_NL","og_type":"article","og_title":"Bang Leader Stoll 350K Puffs 8-in-1 Disposable Vape","og_description":"Bang Leader Stoll 350K disposable vape with 8 flavors in one device, smart display, mesh coil and rechargeable 650mAh battery. Up to 350000 puffs.","og_url":"https:\/\/vapemaison.com\/nl\/product\/bang-leader-stoll-350k-puffs-8-in-1-wegwerp-vape\/","og_site_name":"VapeMaison","article_modified_time":"2026-04-03T09:27:57+00:00","og_image":[{"width":800,"height":800,"url":"https:\/\/vapemaison.com\/wp-content\/uploads\/2026\/03\/bang-leader-stoll-350000-puffs-8in1-disposable-vape.webp","type":"image\/webp"}],"twitter_card":"summary_large_image","twitter_misc":{"Geschatte leestijd":"3 minuten"},"schema":{"@context":"https:\/\/schema.org","@graph":[{"@type":"WebPage","@id":"https:\/\/vapemaison.com\/product\/bang-leader-stoll-350k-puffs-8-in-1-disposable-vape\/","url":"https:\/\/vapemaison.com\/product\/bang-leader-stoll-350k-puffs-8-in-1-disposable-vape\/","name":"Bang Leader Stoll 350K Puffs 8-in-1 Wegwerpvape","isPartOf":{"@id":"https:\/\/vapemaison.com\/#website"},"primaryImageOfPage":{"@id":"https:\/\/vapemaison.com\/product\/bang-leader-stoll-350k-puffs-8-in-1-disposable-vape\/#primaryimage"},"image":{"@id":"https:\/\/vapemaison.com\/product\/bang-leader-stoll-350k-puffs-8-in-1-disposable-vape\/#primaryimage"},"thumbnailUrl":"https:\/\/vapemaison.com\/wp-content\/uploads\/2026\/03\/bang-leader-stoll-350000-puffs-8in1-disposable-vape.webp","datePublished":"2026-03-14T08:19:34+00:00","dateModified":"2026-04-03T09:27:57+00:00","description":"Bang Leader Stoll 350K wegwerp vape met 8 smaken in \u00e9\u00e9n apparaat, slim display, mesh coil en oplaadbare 650mAh batterij. Tot 350000 trekjes.","breadcrumb":{"@id":"https:\/\/vapemaison.com\/product\/bang-leader-stoll-350k-puffs-8-in-1-disposable-vape\/#breadcrumb"},"inLanguage":"nl-NL","potentialAction":[{"@type":"ReadAction","target":["https:\/\/vapemaison.com\/product\/bang-leader-stoll-350k-puffs-8-in-1-disposable-vape\/"]}]},{"@type":"ImageObject","inLanguage":"nl-NL","@id":"https:\/\/vapemaison.com\/product\/bang-leader-stoll-350k-puffs-8-in-1-disposable-vape\/#primaryimage","url":"https:\/\/vapemaison.com\/wp-content\/uploads\/2026\/03\/bang-leader-stoll-350000-puffs-8in1-disposable-vape.webp","contentUrl":"https:\/\/vapemaison.com\/wp-content\/uploads\/2026\/03\/bang-leader-stoll-350000-puffs-8in1-disposable-vape.webp","width":800,"height":800,"caption":"Bang Leader Stoll Puffs 8in1 Disposable Vape"},{"@type":"BreadcrumbList","@id":"https:\/\/vapemaison.com\/product\/bang-leader-stoll-350k-puffs-8-in-1-disposable-vape\/#breadcrumb","itemListElement":[{"@type":"ListItem","position":1,"name":"\u9996\u9875","item":"https:\/\/vapemaison.com\/"},{"@type":"ListItem","position":2,"name":"Shop","item":"https:\/\/vapemaison.com\/shop\/"},{"@type":"ListItem","position":3,"name":"Bang","item":"https:\/\/vapemaison.com\/brand\/bang\/"},{"@type":"ListItem","position":4,"name":"Bang Leader Stoll 350K Puffs 8-in-1 Disposable Vape"}]},{"@type":"WebSite","@id":"https:\/\/vapemaison.com\/#website","url":"https:\/\/vapemaison.com\/","name":"VapeMaison","description":"Premium Vaping apparaten en accessoires","publisher":{"@id":"https:\/\/vapemaison.com\/#organization"},"potentialAction":[{"@type":"SearchAction","target":{"@type":"EntryPoint","urlTemplate":"https:\/\/vapemaison.com\/?s={search_term_string}"},"query-input":{"@type":"PropertyValueSpecification","valueRequired":true,"valueName":"search_term_string"}}],"inLanguage":"nl-NL"},{"@type":"Organization","@id":"https:\/\/vapemaison.com\/#organization","name":"VapeMaison","url":"https:\/\/vapemaison.com\/","logo":{"@type":"ImageObject","inLanguage":"nl-NL","@id":"https:\/\/vapemaison.com\/#\/schema\/logo\/image\/","url":"https:\/\/vapemaison.com\/wp-content\/uploads\/2026\/01\/cropped-vapemaison-logo-g-2026.webp","contentUrl":"https:\/\/vapemaison.com\/wp-content\/uploads\/2026\/01\/cropped-vapemaison-logo-g-2026.webp","width":350,"height":280,"caption":"VapeMaison"},"image":{"@id":"https:\/\/vapemaison.com\/#\/schema\/logo\/image\/"},"sameAs":["https:\/\/www.youtube.com\/@VapeMaison"]}]}},"tiered_pricing_type":"fixed","tiered_pricing_fixed_rules":{"30":"11.45","50":"10.99","100":"10.56","200":"9.99"},"tiered_pricing_product_settings":{"layout":"default","base_unit_name":{"singular":null,"plural":null},"default_variation":null},"tiered_pricing_minimum_quantity":10,"tiered_pricing_roles_data":[],"tiered_pricing_percentage_rules":[],"tiered_pricing_maximum_quantity":null,"tiered_pricing_quantity_step":"10","_links":{"self":[{"href":"https:\/\/vapemaison.com\/nl\/wp-json\/wp\/v2\/product\/27998","targetHints":{"allow":["GET"]}}],"collection":[{"href":"https:\/\/vapemaison.com\/nl\/wp-json\/wp\/v2\/product"}],"about":[{"href":"https:\/\/vapemaison.com\/nl\/wp-json\/wp\/v2\/types\/product"}],"replies":[{"embeddable":true,"href":"https:\/\/vapemaison.com\/nl\/wp-json\/wp\/v2\/comments?post=27998"}],"version-history":[{"count":8,"href":"https:\/\/vapemaison.com\/nl\/wp-json\/wp\/v2\/product\/27998\/revisions"}],"predecessor-version":[{"id":28472,"href":"https:\/\/vapemaison.com\/nl\/wp-json\/wp\/v2\/product\/27998\/revisions\/28472"}],"wp:featuredmedia":[{"embeddable":true,"href":"https:\/\/vapemaison.com\/nl\/wp-json\/wp\/v2\/media\/27999"}],"wp:attachment":[{"href":"https:\/\/vapemaison.com\/nl\/wp-json\/wp\/v2\/media?parent=27998"}],"wp:term":[{"taxonomy":"product_brand","embeddable":true,"href":"https:\/\/vapemaison.com\/nl\/wp-json\/wp\/v2\/product_brand?post=27998"},{"taxonomy":"product_cat","embeddable":true,"href":"https:\/\/vapemaison.com\/nl\/wp-json\/wp\/v2\/product_cat?post=27998"},{"taxonomy":"product_tag","embeddable":true,"href":"https:\/\/vapemaison.com\/nl\/wp-json\/wp\/v2\/product_tag?post=27998"}],"curies":[{"name":"wp","href":"https:\/\/api.w.org\/{rel}","templated":true}]}}