

{"id":28251,"date":"2026-03-23T07:42:42","date_gmt":"2026-03-23T07:42:42","guid":{"rendered":"https:\/\/vapemaison.com\/?post_type=product&#038;p=28251"},"modified":"2026-04-11T06:06:08","modified_gmt":"2026-04-11T06:06:08","slug":"airmez-xbeats-40k-wegwerp-vape-met-tws-oordopjes","status":"publish","type":"product","link":"https:\/\/vapemaison.com\/nl\/product\/airmez-xbeats-40k-disposable-vape-with-tws-earbuds\/","title":{"rendered":"AiRMEZ Xbeats 40K Wegwerpvape met TWS-oordopjes"},"content":{"rendered":"<p>De AiRMEZ Xbeats Vape 40K is niet zomaar een wegwerpvape, hij is gemaakt voor gebruikers die meer willen met \u00e9\u00e9n apparaat. Door een vape met hoge capaciteit te combineren met <strong>ge\u00efntegreerde TWS Bluetooth-oordopjes<\/strong>, Hiermee kun je wisselen tussen vapen en luisteren zonder extra spullen mee te nemen.<\/p>\n\n\n\n<p>Of je nu onderweg bent of gewoon minder dingen in je zak wilt hebben, dit alles-in-\u00e9\u00e9n ontwerp houdt alles eenvoudig en functioneel.<\/p>\n\n\n\n<h3 class=\"wp-block-heading\">Vape en audio in \u00e9\u00e9n apparaat<\/h3>\n\n\n\n<p>Wat de Xbeats onderscheidt is de ingebouwde <strong>TWS Bluetooth 5.0 oordopjes<\/strong>, naadloos ge\u00efntegreerd in het apparaat. Je kunt naar muziek luisteren, telefoongesprekken voeren of verbonden blijven terwijl je de vape gebruikt, zonder dat je een aparte hoes of oplader nodig hebt.<\/p>\n\n\n\n<p>Het is een praktische opstelling voor:<\/p>\n\n\n\n<ul class=\"wp-block-list\">\n<li>woon-werkverkeer<\/li>\n\n\n\n<li>reizen<\/li>\n\n\n\n<li>dagelijks dragen<\/li>\n<\/ul>\n\n\n\n<h3 class=\"wp-block-heading\">Consistente prestaties en smaak<\/h3>\n\n\n\n<p>Het apparaat gebruikt <strong>Gen 2 dubbele mesh spoelen<\/strong>, die zorgen voor een gelijkmatige verwarming en een stabiele dampopbrengst. Vergeleken met standaard coils, biedt deze setup:<\/p>\n\n\n\n<ul class=\"wp-block-list\">\n<li>soepelere trekkingen<\/li>\n\n\n\n<li>duidelijkere smaakafgifte<\/li>\n\n\n\n<li>consistentere prestaties na verloop van tijd<\/li>\n<\/ul>\n\n\n\n<p>Met een <strong>20 ml voorgevulde e-vloeistof<\/strong> en tot <strong>40.000 trekjes<\/strong>, Hij is gemaakt voor langdurig gebruik zonder regelmatige vervanging.<\/p>\n\n\n\n<h3 class=\"wp-block-heading\">Eenvoudig bewaken en opladen<\/h3>\n\n\n\n<p>A <strong>digitaal display aan de zijkant<\/strong> toont zowel het batterijniveau als de status van de e-vloeistof, zodat je altijd weet wanneer je het apparaat moet opladen of vervangen.<\/p>\n\n\n\n<p>De ingebouwde batterij ondersteunt <strong>Opladen via USB Type-C<\/strong>, waardoor hij snel en gemakkelijk kan worden ingeschakeld met standaardkabels.<\/p>\n\n\n\n<h3 class=\"wp-block-heading\">Eenvoudige, gebruiksvriendelijke bediening<\/h3>\n\n\n\n<p>De Xbeats houdt de bediening eenvoudig met <strong>vuren met trekkracht<\/strong>, Dit betekent dat je geen knoppen of instellingen hoeft te beheren. Gewoon inhaleren om te gebruiken.<\/p>\n\n\n\n<h3 class=\"wp-block-heading\">Specificaties<\/h3>\n\n\n\n<figure class=\"wp-block-table\"><table class=\"has-fixed-layout\"><thead><tr><th>Parameter<\/th><th>Details<\/th><\/tr><\/thead><tbody><tr><td>Model<\/td><td>Xbeats 40K Wegwerp<\/td><\/tr><tr><td>Aantal trekjes<\/td><td>Tot 40.000 trekjes<\/td><\/tr><tr><td>E-liquid Capaciteit<\/td><td>20 ml (voorgevuld)<\/td><\/tr><tr><td>Nicotinesterkte<\/td><td>5%<\/td><\/tr><tr><td>Type spoel<\/td><td>Gen 2 Dubbel gaas<\/td><\/tr><tr><td>Oordopjes<\/td><td>Ingebouwd TWS (Bluetooth 5.0)<\/td><\/tr><tr><td>Weergave<\/td><td>Digitaal scherm zijkant (batterij \/ e-vloeistof)<\/td><\/tr><tr><td>Opladen<\/td><td>USB Type-C<\/td><\/tr><tr><td>Activering<\/td><td>Tekengeactiveerd<\/td><\/tr><\/tbody><\/table><\/figure>\n\n\n\n<h3 class=\"wp-block-heading\">Smaak en nicotine<\/h3>\n\n\n\n<p>1.Aardbei Watermeloen Druif (5% Nicotine)<br>2.Summer Dream (5% Nicotine)<br>3.Kiwi Druif Framboos (5% Nicotine)<br>4.Fizzy Cherry Cola (5% Nicotine)<br>5.Mr Blauw (5% Nicotine)<br>6.Aardbei Kiwi (5% Nicotine)<br>7.Blueberry Banana (5% Nicotine)<br>8.Dubbele appel (5% Nicotine)<br>9.Blueberry Ijs (5% Nicotine)<br>10.Watermeloen IJs (5% Nicotine)<br>11.Tropical Punch (5% Nicotine)<br>12.Juicy Peach (5% Nicotine)<br>13.Cola Mint (5% Nicotine)<br>14.Ananas IJs (5% Nicotine)<br>15.Mango Ijs (5% Nicotine)<br>1.Blue Razz Ice (2% Nicotine)<br>2.Miami Mint (2% Nicotine)<br>3.Watermelon Ice (2% Nicotine)<br>4.Atl Mint (2% Nicotine)<br>6.Sour Apple Ice (2% Nicotine)<br>7.Banana Taffy Freeze (2% Nicotine)<br>8.Blackberry B-Pop (2% Nicotine)<br>9.Ice Pop (2% Nicotine)<br>10.Blue Rancher (2% Nicotine)<br>11.Framboos Perzik Limoen (2% Nicotine)<br>12.Zure Mango Ananas (2% Nicotine)<br>13.Cool Mint (2% Nicotine)<br>14.Sour Fcuking Fab (2% Nicotine)<br>15.Lemon koppen (2% Nicotine)<\/p>\n\n\n\n<p>Als je meer opties wilt dan alleen de <strong>AiRMEZ Xbeats 40K<\/strong>, Er valt nog veel meer te ontdekken. Je kunt onze volledige <strong><a href=\"https:\/\/vapemaison.com\/shop\/\" type=\"link\" id=\"https:\/\/vapemaison.com\/shop\/\">Winkelen<\/a><\/strong> om een breed scala aan hoogwaardige wegwerpvapes te vinden met verschillende aantal pufjes, functies en smaakprofielen om aan je voorkeuren te voldoen.<\/p>\n\n\n\n<p>Als je het ontwerp en de innovatie van dit apparaat goed vindt, raden we je ook aan om meer producten van de <strong><a href=\"https:\/\/vapemaison.com\/brand\/airmez\/\" type=\"link\" id=\"https:\/\/vapemaison.com\/brand\/airmez\/\">Airmez opstelling<\/a><\/strong>, waar je vergelijkbare geavanceerde modellen vindt met unieke functies en een eersteklas bouwkwaliteit.<\/p>\n\n\n\n<p>Als je specifiek ge\u00efnteresseerd bent in apparaten die lang meegaan, mag je onze selectie van <strong><a href=\"https:\/\/vapemaison.com\/product-category\/puffs-count\/40k-puffs\/\" type=\"link\" id=\"https:\/\/vapemaison.com\/product-category\/puffs-count\/40k-puffs\/\">40K soesjes<\/a><\/strong> vapes voor eenmalig gebruik. Deze opties bieden een langer gebruik, een rijke smaak en een uitstekende waarde voor gebruikers die minder vaak vervangen willen worden zonder dat dit ten koste gaat van de prestaties.<\/p>\n\n\n\n<p>Ontdek meer en vind de perfecte vape die past bij jouw stijl en behoeften.<\/p>\n\n\n\n<p><\/p>","protected":false},"excerpt":{"rendered":"<p>The AiRMEZ Xbeats Vape 40K is not just a disposable vape\u2014it\u2019s built for users who want more from a single device. By combining a high-capacity vape with integrated TWS Bluetooth earbuds, it lets you switch between vaping and listening without carrying extra gear. Whether you&#8217;re on the move or just want fewer things in your [&hellip;]<\/p>\n","protected":false},"featured_media":28256,"comment_status":"open","ping_status":"closed","template":"","meta":[],"product_brand":[314],"product_cat":[135],"product_tag":[],"class_list":{"0":"post-28251","1":"product","2":"type-product","3":"status-publish","4":"has-post-thumbnail","6":"product_brand-airmez","7":"product_cat-40k-puffs","9":"first","10":"instock","11":"sale","12":"shipping-taxable","13":"purchasable","14":"product-type-variable"},"yoast_head":"<!-- This site is optimized with the Yoast SEO plugin v27.4 - https:\/\/yoast.com\/product\/yoast-seo-wordpress\/ -->\n<title>AiRMEZ Xbeats 40K Vape with TWS Earbuds | 40000 Puffs<\/title>\n<meta name=\"description\" content=\"AiRMEZ Xbeats 40K disposable vape with built-in TWS earbuds, 40000 puffs, dual mesh coil and digital display. Vape and listen in one device.\" \/>\n<meta name=\"robots\" content=\"index, follow, max-snippet:-1, max-image-preview:large, max-video-preview:-1\" \/>\n<link rel=\"canonical\" href=\"https:\/\/vapemaison.com\/nl\/product\/airmez-xbeats-40k-wegwerp-vape-met-tws-oordopjes\/\" \/>\n<meta property=\"og:locale\" content=\"nl_NL\" \/>\n<meta property=\"og:type\" content=\"article\" \/>\n<meta property=\"og:title\" content=\"AiRMEZ Xbeats 40K Vape with TWS Earbuds | 40000 Puffs\" \/>\n<meta property=\"og:description\" content=\"AiRMEZ Xbeats 40K disposable vape with built-in TWS earbuds, 40000 puffs, dual mesh coil and digital display. Vape and listen in one device.\" \/>\n<meta property=\"og:url\" content=\"https:\/\/vapemaison.com\/nl\/product\/airmez-xbeats-40k-wegwerp-vape-met-tws-oordopjes\/\" \/>\n<meta property=\"og:site_name\" content=\"VapeMaison\" \/>\n<meta property=\"article:modified_time\" content=\"2026-04-11T06:06:08+00:00\" \/>\n<meta property=\"og:image\" content=\"https:\/\/vapemaison.com\/wp-content\/uploads\/2026\/03\/vapemaison-airmez-xbeats-40000-puffs-vape-flavor-atl-mint-airmez-xbeats.webp\" \/>\n\t<meta property=\"og:image:width\" content=\"800\" \/>\n\t<meta property=\"og:image:height\" content=\"800\" \/>\n\t<meta property=\"og:image:type\" content=\"image\/webp\" \/>\n<meta name=\"twitter:card\" content=\"summary_large_image\" \/>\n<meta name=\"twitter:label1\" content=\"Geschatte leestijd\" \/>\n\t<meta name=\"twitter:data1\" content=\"3 minuten\" \/>\n<!-- \/ Yoast SEO plugin. -->","yoast_head_json":{"title":"AiRMEZ Xbeats 40K Vape met TWS oordopjes | 40000 Puffs","description":"AiRMEZ Xbeats 40K wegwerp vape met ingebouwde TWS oordopjes, 40000 puffs, dual mesh coil en digitaal display. Vapen en luisteren in \u00e9\u00e9n apparaat.","robots":{"index":"index","follow":"follow","max-snippet":"max-snippet:-1","max-image-preview":"max-image-preview:large","max-video-preview":"max-video-preview:-1"},"canonical":"https:\/\/vapemaison.com\/nl\/product\/airmez-xbeats-40k-wegwerp-vape-met-tws-oordopjes\/","og_locale":"nl_NL","og_type":"article","og_title":"AiRMEZ Xbeats 40K Vape with TWS Earbuds | 40000 Puffs","og_description":"AiRMEZ Xbeats 40K disposable vape with built-in TWS earbuds, 40000 puffs, dual mesh coil and digital display. Vape and listen in one device.","og_url":"https:\/\/vapemaison.com\/nl\/product\/airmez-xbeats-40k-wegwerp-vape-met-tws-oordopjes\/","og_site_name":"VapeMaison","article_modified_time":"2026-04-11T06:06:08+00:00","og_image":[{"width":800,"height":800,"url":"https:\/\/vapemaison.com\/wp-content\/uploads\/2026\/03\/vapemaison-airmez-xbeats-40000-puffs-vape-flavor-atl-mint-airmez-xbeats.webp","type":"image\/webp"}],"twitter_card":"summary_large_image","twitter_misc":{"Geschatte leestijd":"3 minuten"},"schema":{"@context":"https:\/\/schema.org","@graph":[{"@type":"WebPage","@id":"https:\/\/vapemaison.com\/product\/airmez-xbeats-40k-disposable-vape-with-tws-earbuds\/","url":"https:\/\/vapemaison.com\/product\/airmez-xbeats-40k-disposable-vape-with-tws-earbuds\/","name":"AiRMEZ Xbeats 40K Vape met TWS oordopjes | 40000 Puffs","isPartOf":{"@id":"https:\/\/vapemaison.com\/#website"},"primaryImageOfPage":{"@id":"https:\/\/vapemaison.com\/product\/airmez-xbeats-40k-disposable-vape-with-tws-earbuds\/#primaryimage"},"image":{"@id":"https:\/\/vapemaison.com\/product\/airmez-xbeats-40k-disposable-vape-with-tws-earbuds\/#primaryimage"},"thumbnailUrl":"https:\/\/vapemaison.com\/wp-content\/uploads\/2026\/03\/vapemaison-airmez-xbeats-40000-puffs-vape-flavor-atl-mint-airmez-xbeats.webp","datePublished":"2026-03-23T07:42:42+00:00","dateModified":"2026-04-11T06:06:08+00:00","description":"AiRMEZ Xbeats 40K wegwerp vape met ingebouwde TWS oordopjes, 40000 puffs, dual mesh coil en digitaal display. Vapen en luisteren in \u00e9\u00e9n apparaat.","breadcrumb":{"@id":"https:\/\/vapemaison.com\/product\/airmez-xbeats-40k-disposable-vape-with-tws-earbuds\/#breadcrumb"},"inLanguage":"nl-NL","potentialAction":[{"@type":"ReadAction","target":["https:\/\/vapemaison.com\/product\/airmez-xbeats-40k-disposable-vape-with-tws-earbuds\/"]}]},{"@type":"ImageObject","inLanguage":"nl-NL","@id":"https:\/\/vapemaison.com\/product\/airmez-xbeats-40k-disposable-vape-with-tws-earbuds\/#primaryimage","url":"https:\/\/vapemaison.com\/wp-content\/uploads\/2026\/03\/vapemaison-airmez-xbeats-40000-puffs-vape-flavor-atl-mint-airmez-xbeats.webp","contentUrl":"https:\/\/vapemaison.com\/wp-content\/uploads\/2026\/03\/vapemaison-airmez-xbeats-40000-puffs-vape-flavor-atl-mint-airmez-xbeats.webp","width":800,"height":800,"caption":"Vapemaison Airmez Xbeats Puffs Vape Flavor Atl Mint"},{"@type":"BreadcrumbList","@id":"https:\/\/vapemaison.com\/product\/airmez-xbeats-40k-disposable-vape-with-tws-earbuds\/#breadcrumb","itemListElement":[{"@type":"ListItem","position":1,"name":"\u9996\u9875","item":"https:\/\/vapemaison.com\/"},{"@type":"ListItem","position":2,"name":"Shop","item":"https:\/\/vapemaison.com\/shop\/"},{"@type":"ListItem","position":3,"name":"Airmez","item":"https:\/\/vapemaison.com\/brand\/airmez\/"},{"@type":"ListItem","position":4,"name":"AiRMEZ Xbeats 40K Disposable Vape with TWS Earbuds"}]},{"@type":"WebSite","@id":"https:\/\/vapemaison.com\/#website","url":"https:\/\/vapemaison.com\/","name":"VapeMaison","description":"Premium Vaping apparaten en accessoires","publisher":{"@id":"https:\/\/vapemaison.com\/#organization"},"potentialAction":[{"@type":"SearchAction","target":{"@type":"EntryPoint","urlTemplate":"https:\/\/vapemaison.com\/?s={search_term_string}"},"query-input":{"@type":"PropertyValueSpecification","valueRequired":true,"valueName":"search_term_string"}}],"inLanguage":"nl-NL"},{"@type":"Organization","@id":"https:\/\/vapemaison.com\/#organization","name":"VapeMaison","url":"https:\/\/vapemaison.com\/","logo":{"@type":"ImageObject","inLanguage":"nl-NL","@id":"https:\/\/vapemaison.com\/#\/schema\/logo\/image\/","url":"https:\/\/vapemaison.com\/wp-content\/uploads\/2026\/01\/cropped-vapemaison-logo-g-2026.webp","contentUrl":"https:\/\/vapemaison.com\/wp-content\/uploads\/2026\/01\/cropped-vapemaison-logo-g-2026.webp","width":350,"height":280,"caption":"VapeMaison"},"image":{"@id":"https:\/\/vapemaison.com\/#\/schema\/logo\/image\/"},"sameAs":["https:\/\/www.youtube.com\/@VapeMaison"]}]}},"tiered_pricing_type":"fixed","tiered_pricing_fixed_rules":{"30":"10.99","50":"10.45","100":"9.99","200":"9.56"},"tiered_pricing_product_settings":{"layout":"default","base_unit_name":{"singular":null,"plural":null},"default_variation":null},"tiered_pricing_minimum_quantity":10,"tiered_pricing_roles_data":[],"tiered_pricing_percentage_rules":[],"tiered_pricing_maximum_quantity":null,"tiered_pricing_quantity_step":"10","_links":{"self":[{"href":"https:\/\/vapemaison.com\/nl\/wp-json\/wp\/v2\/product\/28251","targetHints":{"allow":["GET"]}}],"collection":[{"href":"https:\/\/vapemaison.com\/nl\/wp-json\/wp\/v2\/product"}],"about":[{"href":"https:\/\/vapemaison.com\/nl\/wp-json\/wp\/v2\/types\/product"}],"replies":[{"embeddable":true,"href":"https:\/\/vapemaison.com\/nl\/wp-json\/wp\/v2\/comments?post=28251"}],"version-history":[{"count":4,"href":"https:\/\/vapemaison.com\/nl\/wp-json\/wp\/v2\/product\/28251\/revisions"}],"predecessor-version":[{"id":29273,"href":"https:\/\/vapemaison.com\/nl\/wp-json\/wp\/v2\/product\/28251\/revisions\/29273"}],"wp:featuredmedia":[{"embeddable":true,"href":"https:\/\/vapemaison.com\/nl\/wp-json\/wp\/v2\/media\/28256"}],"wp:attachment":[{"href":"https:\/\/vapemaison.com\/nl\/wp-json\/wp\/v2\/media?parent=28251"}],"wp:term":[{"taxonomy":"product_brand","embeddable":true,"href":"https:\/\/vapemaison.com\/nl\/wp-json\/wp\/v2\/product_brand?post=28251"},{"taxonomy":"product_cat","embeddable":true,"href":"https:\/\/vapemaison.com\/nl\/wp-json\/wp\/v2\/product_cat?post=28251"},{"taxonomy":"product_tag","embeddable":true,"href":"https:\/\/vapemaison.com\/nl\/wp-json\/wp\/v2\/product_tag?post=28251"}],"curies":[{"name":"wp","href":"https:\/\/api.w.org\/{rel}","templated":true}]}}