

{"id":3,"date":"2025-10-13T08:13:32","date_gmt":"2025-10-13T08:13:32","guid":{"rendered":"https:\/\/vapemaison.com\/?page_id=3"},"modified":"2026-01-19T05:58:38","modified_gmt":"2026-01-19T05:58:38","slug":"polityka-prywatnosci","status":"publish","type":"page","link":"https:\/\/vapemaison.com\/pl\/privacy-policy\/","title":{"rendered":"Polityka prywatno\u015bci"},"content":{"rendered":"<div data-elementor-type=\"wp-page\" data-elementor-id=\"3\" class=\"elementor elementor-3\">\n\t\t\t\t<div class=\"elementor-element elementor-element-65908c49 e-flex e-con-boxed e-con e-parent\" data-id=\"65908c49\" data-element_type=\"container\" data-e-type=\"container\">\n\t\t\t\t\t<div class=\"e-con-inner\">\n\t\t\t\t<div class=\"elementor-element elementor-element-2055602b elementor-widget elementor-widget-text-editor\" data-id=\"2055602b\" data-element_type=\"widget\" data-e-type=\"widget\" data-widget_type=\"text-editor.default\">\n\t\t\t\t\t\t\t\t\t<p data-start=\"316\" data-end=\"358\"><strong data-start=\"316\" data-end=\"358\">Ostatnia aktualizacja: 2026-01-19<\/strong><\/p><p data-start=\"360\" data-end=\"704\">VapeMaison (okre\u015blane jako \u201cmy\u201d, \u201cnasze\u201d lub \u201cVapeMaison\u201d) zobowi\u0105zuje si\u0119 do ochrony danych osobowych u\u017cytkownik\u00f3w i poszanowania ich prywatno\u015bci. Niniejsza Polityka prywatno\u015bci (\u201cPolityka\u201d) wyja\u015bnia, w jaki spos\u00f3b gromadzimy, wykorzystujemy, przechowujemy i chronimy dane osobowe u\u017cytkownika podczas uzyskiwania dost\u0119pu do naszej witryny internetowej lub korzystania z niej <strong data-start=\"644\" data-end=\"666\"><a class=\"decorated-link\" href=\"http:\/\/www.vapemaison.com\" target=\"_new\" rel=\"noopener\" data-start=\"646\" data-end=\"664\">www.vapemaison.com<\/a><\/strong> (\u201cWitryna\u201d) i powi\u0105zanych us\u0142ug.<\/p><p data-start=\"706\" data-end=\"850\">Niniejsza Polityka dotyczy wszystkich danych osobowych gromadzonych za po\u015brednictwem Witryny, komunikacji z nami i transakcji przeprowadzanych w VapeMaison.<\/p><h2 data-start=\"857\" data-end=\"885\">1. Informacje, kt\u00f3re zbieramy<\/h2><p data-start=\"887\" data-end=\"963\">Mo\u017cemy gromadzi\u0107 i przetwarza\u0107 nast\u0119puj\u0105ce kategorie danych osobowych:<\/p><h3 data-start=\"965\" data-end=\"1005\">1.1 Dane osobowe podane przez u\u017cytkownika<\/h3><ul data-start=\"1006\" data-end=\"1115\"><li data-start=\"1006\" data-end=\"1014\"><p data-start=\"1008\" data-end=\"1014\">Nazwa<\/p><\/li><li data-start=\"1015\" data-end=\"1032\"><p data-start=\"1017\" data-end=\"1032\">Adres e-mail<\/p><\/li><li data-start=\"1033\" data-end=\"1049\"><p data-start=\"1035\" data-end=\"1049\">Numer telefonu<\/p><\/li><li data-start=\"1050\" data-end=\"1082\"><p data-start=\"1052\" data-end=\"1082\">Adres rozliczeniowy i adres wysy\u0142ki<\/p><\/li><li data-start=\"1083\" data-end=\"1115\"><p data-start=\"1085\" data-end=\"1115\">Szczeg\u00f3\u0142y rejestracji konta<\/p><\/li><\/ul><h3 data-start=\"1117\" data-end=\"1158\">1.2 Informacje o zam\u00f3wieniach i transakcjach<\/h3><ul data-start=\"1159\" data-end=\"1287\"><li data-start=\"1159\" data-end=\"1181\"><p data-start=\"1161\" data-end=\"1181\">Zakupione produkty<\/p><\/li><li data-start=\"1182\" data-end=\"1199\"><p data-start=\"1184\" data-end=\"1199\">Historia zam\u00f3wie\u0144<\/p><\/li><li data-start=\"1200\" data-end=\"1241\"><p data-start=\"1202\" data-end=\"1241\">Szczeg\u00f3\u0142y wysy\u0142ki i adres dostawy<\/p><\/li><li data-start=\"1242\" data-end=\"1287\"><p data-start=\"1244\" data-end=\"1287\">Status p\u0142atno\u015bci i referencje transakcji<\/p><\/li><\/ul><blockquote data-start=\"1289\" data-end=\"1451\"><p data-start=\"1291\" data-end=\"1451\"><strong data-start=\"1291\" data-end=\"1305\">Wa\u017cne:<\/strong> Robimy to <strong data-start=\"1312\" data-end=\"1319\">nie<\/strong> przechowywa\u0107 pe\u0142nych numer\u00f3w kart p\u0142atniczych lub poufnych danych uwierzytelniaj\u0105cych p\u0142atno\u015bci. P\u0142atno\u015bci s\u0105 bezpiecznie przetwarzane przez zewn\u0119trznych dostawc\u00f3w us\u0142ug p\u0142atniczych.<\/p><\/blockquote><h3 data-start=\"1453\" data-end=\"1501\">1.3 Uwierzytelnianie i informacje techniczne<\/h3><ul data-start=\"1502\" data-end=\"1598\"><li data-start=\"1502\" data-end=\"1516\"><p data-start=\"1504\" data-end=\"1516\">Adres IP<\/p><\/li><li data-start=\"1517\" data-end=\"1558\"><p data-start=\"1519\" data-end=\"1558\">Dane logowania do konta (zaszyfrowane)<\/p><\/li><li data-start=\"1559\" data-end=\"1598\"><p data-start=\"1561\" data-end=\"1598\">Typ urz\u0105dzenia i informacje o przegl\u0105darce<\/p><\/li><\/ul><h3 data-start=\"1600\" data-end=\"1643\">1.4 Informacje zbierane automatycznie<\/h3><ul data-start=\"1644\" data-end=\"1761\"><li data-start=\"1644\" data-end=\"1683\"><p data-start=\"1646\" data-end=\"1683\">Odwiedzane strony i zachowanie podczas przegl\u0105dania<\/p><\/li><li data-start=\"1684\" data-end=\"1719\"><p data-start=\"1686\" data-end=\"1719\">Czasy dost\u0119pu i odsy\u0142aj\u0105ce adresy URL<\/p><\/li><li data-start=\"1720\" data-end=\"1761\"><p data-start=\"1722\" data-end=\"1761\">System operacyjny i j\u0119zyk przegl\u0105darki<\/p><\/li><\/ul><h2 data-start=\"1768\" data-end=\"1800\">2. Jak zbieramy informacje<\/h2><p data-start=\"1802\" data-end=\"1864\">Gromadzimy dane osobowe za pomoc\u0105 nast\u0119puj\u0105cych metod:<\/p><ul data-start=\"1866\" data-end=\"2267\"><li data-start=\"1866\" data-end=\"2010\"><p data-start=\"1868\" data-end=\"2010\"><strong data-start=\"1868\" data-end=\"1892\">Bezpo\u015brednie interakcje:<\/strong> Podczas tworzenia konta, sk\u0142adania zam\u00f3wienia, kontaktowania si\u0119 z obs\u0142ug\u0105 klienta, subskrybowania wiadomo\u015bci lub wype\u0142niania formularzy.<\/p><\/li><li data-start=\"2011\" data-end=\"2132\"><p data-start=\"2013\" data-end=\"2132\"><strong data-start=\"2013\" data-end=\"2040\">Zautomatyzowane technologie:<\/strong> Za pomoc\u0105 plik\u00f3w cookie, dziennik\u00f3w serwera, pikseli i podobnych technologii podczas przegl\u0105dania Witryny.<\/p><\/li><li data-start=\"2133\" data-end=\"2267\"><p data-start=\"2135\" data-end=\"2267\"><strong data-start=\"2135\" data-end=\"2153\">Osoby trzecie:<\/strong> Od podmiot\u00f3w przetwarzaj\u0105cych p\u0142atno\u015bci, partner\u00f3w logistycznych lub platform medi\u00f3w spo\u0142eczno\u015bciowych, gdy u\u017cytkownik wchodzi w interakcj\u0119 z naszymi tre\u015bciami lub reklamami.<\/p><\/li><\/ul><h2 data-start=\"2274\" data-end=\"2307\">3. Jak wykorzystujemy informacje o u\u017cytkowniku<\/h2><p data-start=\"2309\" data-end=\"2386\">Wykorzystujemy dane osobowe u\u017cytkownika do uzasadnionych cel\u00f3w biznesowych, w tym:<\/p><ul data-start=\"2388\" data-end=\"2853\"><li data-start=\"2388\" data-end=\"2489\"><p data-start=\"2390\" data-end=\"2489\">Przetwarzanie i realizacja zam\u00f3wie\u0144 (w tym sprawdzanie adres\u00f3w wysy\u0142ki i szczeg\u00f3\u0142\u00f3w dostawy)<\/p><\/li><li data-start=\"2490\" data-end=\"2546\"><p data-start=\"2492\" data-end=\"2546\">Zapewnianie obs\u0142ugi klienta i odpowiadanie na zapytania<\/p><\/li><li data-start=\"2547\" data-end=\"2589\"><p data-start=\"2549\" data-end=\"2589\">Zarz\u0105dzanie kontami i weryfikacja to\u017csamo\u015bci<\/p><\/li><li data-start=\"2590\" data-end=\"2661\"><p data-start=\"2592\" data-end=\"2661\">Poprawa wydajno\u015bci strony internetowej, do\u015bwiadczenia u\u017cytkownika i oferty produkt\u00f3w<\/p><\/li><li data-start=\"2662\" data-end=\"2758\"><p data-start=\"2664\" data-end=\"2758\">Wysy\u0142anie powiadomie\u0144 zwi\u0105zanych z zam\u00f3wieniami, aktualizacji i komunikat\u00f3w promocyjnych (tam, gdzie jest to dozwolone)<\/p><\/li><li data-start=\"2759\" data-end=\"2803\"><p data-start=\"2761\" data-end=\"2803\">Wykrywanie oszustw, nadu\u017cy\u0107 lub kwestii bezpiecze\u0144stwa<\/p><\/li><li data-start=\"2804\" data-end=\"2853\"><p data-start=\"2806\" data-end=\"2853\">Zgodno\u015b\u0107 ze zobowi\u0105zaniami prawnymi i regulacyjnymi<\/p><\/li><\/ul><h2 data-start=\"2860\" data-end=\"2899\">4. Pliki cookie i technologie \u015bledzenia<\/h2><p data-start=\"2901\" data-end=\"3016\">U\u017cywamy plik\u00f3w cookie i podobnych technologii, aby poprawi\u0107 komfort przegl\u0105dania i zrozumie\u0107, w jaki spos\u00f3b nasza Witryna jest u\u017cywana.<\/p><h3 data-start=\"3018\" data-end=\"3049\">4.1 Rodzaje u\u017cywanych przez nas plik\u00f3w cookie<\/h3><ul data-start=\"3050\" data-end=\"3436\"><li data-start=\"3050\" data-end=\"3151\"><p data-start=\"3052\" data-end=\"3151\"><strong data-start=\"3052\" data-end=\"3074\">Niezb\u0119dne pliki cookie:<\/strong> Wymagane dla podstawowych funkcji witryny, takich jak logowanie do konta i realizacja transakcji.<\/p><\/li><li data-start=\"3152\" data-end=\"3259\"><p data-start=\"3154\" data-end=\"3259\"><strong data-start=\"3154\" data-end=\"3190\">Wydajno\u015bciowe i analityczne pliki cookie:<\/strong> Pomagaj\u0105 nam zrozumie\u0107 wzorce ruchu i poprawi\u0107 wydajno\u015b\u0107 witryny.<\/p><\/li><li data-start=\"3260\" data-end=\"3334\"><p data-start=\"3262\" data-end=\"3334\"><strong data-start=\"3262\" data-end=\"3285\">Funkcjonalne pliki cookie:<\/strong> Zapami\u0119taj preferencje, takie jak j\u0119zyk lub region.<\/p><\/li><li data-start=\"3335\" data-end=\"3436\"><p data-start=\"3337\" data-end=\"3436\"><strong data-start=\"3337\" data-end=\"3359\">Marketingowe pliki cookie:<\/strong> S\u0142u\u017cy do wy\u015bwietlania odpowiednich reklam i mierzenia skuteczno\u015bci marketingu.<\/p><\/li><\/ul><h3 data-start=\"3438\" data-end=\"3462\">4.2 Zarz\u0105dzanie plikami cookie<\/h3><p data-start=\"3463\" data-end=\"3615\">U\u017cytkownik mo\u017ce zarz\u0105dza\u0107 plikami cookie lub je wy\u0142\u0105czy\u0107 za pomoc\u0105 ustawie\u0144 przegl\u0105darki. Nale\u017cy pami\u0119ta\u0107, \u017ce wy\u0142\u0105czenie niekt\u00f3rych plik\u00f3w cookie mo\u017ce wp\u0142yn\u0105\u0107 na funkcjonalno\u015b\u0107 Witryny.<\/p><h2 data-start=\"3622\" data-end=\"3665\">5. Ujawnianie i udost\u0119pnianie informacji<\/h2><p data-start=\"3667\" data-end=\"3774\">Robimy to <strong data-start=\"3673\" data-end=\"3680\">nie<\/strong> sprzedawa\u0107 danych osobowych. Mo\u017cemy udost\u0119pnia\u0107 informacje wy\u0142\u0105cznie w nast\u0119puj\u0105cych okoliczno\u015bciach:<\/p><ul data-start=\"3776\" data-end=\"4223\"><li data-start=\"3776\" data-end=\"3945\"><p data-start=\"3778\" data-end=\"3945\"><strong data-start=\"3778\" data-end=\"3800\">Dostawcy us\u0142ug:<\/strong> Podmioty przetwarzaj\u0105ce p\u0142atno\u015bci, firmy spedycyjne, dostawcy us\u0142ug IT, platformy poczty elektronicznej i us\u0142ugi analityczne, wy\u0142\u0105cznie w celu \u015bwiadczenia us\u0142ug w naszym imieniu.<\/p><\/li><li data-start=\"3946\" data-end=\"4056\"><p data-start=\"3948\" data-end=\"4056\"><strong data-start=\"3948\" data-end=\"3971\">Wymagania prawne:<\/strong> Gdy jest to wymagane w celu zachowania zgodno\u015bci z przepisami prawa, regulacjami, procesami prawnymi lub zgodnymi z prawem \u017c\u0105daniami.<\/p><\/li><li data-start=\"4057\" data-end=\"4223\"><p data-start=\"4059\" data-end=\"4223\"><strong data-start=\"4059\" data-end=\"4085\">Transakcje biznesowe:<\/strong> W przypadku fuzji, przej\u0119cia, restrukturyzacji lub sprzeda\u017cy aktyw\u00f3w dane osobowe mog\u0105 zosta\u0107 przekazane jako cz\u0119\u015b\u0107 dzia\u0142alno\u015bci.<\/p><\/li><\/ul><p data-start=\"4225\" data-end=\"4346\">Wszystkie strony trzecie s\u0105 zobowi\u0105zane do przetwarzania danych u\u017cytkownika zgodnie z obowi\u0105zuj\u0105cymi przepisami dotycz\u0105cymi prywatno\u015bci i bezpiecze\u0144stwa.<\/p><h2 data-start=\"4353\" data-end=\"4372\">6. Bezpiecze\u0144stwo danych<\/h2><p data-start=\"4374\" data-end=\"4547\">Wdra\u017camy komercyjnie uzasadnione \u015brodki techniczne i organizacyjne w celu ochrony danych osobowych u\u017cytkownika, w tym szyfrowanie, kontrol\u0119 dost\u0119pu i bezpieczne serwery.<\/p><p data-start=\"4549\" data-end=\"4716\">Jednak \u017cadna metoda transmisji lub przechowywania danych nie jest bezpieczna. Chocia\u017c staramy si\u0119 chroni\u0107 dane u\u017cytkownika, u\u017cytkownik przyjmuje do wiadomo\u015bci, \u017ce przekazuje informacje na w\u0142asne ryzyko.<\/p><h2 data-start=\"4723\" data-end=\"4778\">7. Korzystanie z numer\u00f3w telefon\u00f3w i komunikacji marketingowej<\/h2><p data-start=\"4780\" data-end=\"4929\">Je\u015bli u\u017cytkownik wyrazi zgod\u0119 na otrzymywanie wiadomo\u015bci od VapeMaison, mo\u017cemy wysy\u0142a\u0107 mu wiadomo\u015bci transakcyjne, promocyjne lub marketingowe za po\u015brednictwem poczty elektronicznej lub wiadomo\u015bci tekstowych.<\/p><p data-start=\"4931\" data-end=\"5051\">U\u017cytkownik mo\u017ce zrezygnowa\u0107 z subskrypcji w dowolnym momencie, post\u0119puj\u0105c zgodnie z instrukcjami zawartymi w wiadomo\u015bci lub kontaktuj\u0105c si\u0119 z nami bezpo\u015brednio.<\/p><h2 data-start=\"5058\" data-end=\"5078\">8. Przechowywanie danych<\/h2><p data-start=\"5080\" data-end=\"5144\">Przechowujemy dane osobowe tylko tak d\u0142ugo, jak jest to konieczne:<\/p><ul data-start=\"5146\" data-end=\"5278\"><li data-start=\"5146\" data-end=\"5185\"><p data-start=\"5148\" data-end=\"5185\">Realizacja zam\u00f3wie\u0144 i \u015bwiadczenie us\u0142ug<\/p><\/li><li data-start=\"5186\" data-end=\"5234\"><p data-start=\"5188\" data-end=\"5234\">Spe\u0142nianie wymog\u00f3w prawnych, podatkowych i ksi\u0119gowych<\/p><\/li><li data-start=\"5235\" data-end=\"5278\"><p data-start=\"5237\" data-end=\"5278\">Rozstrzyganie spor\u00f3w i egzekwowanie um\u00f3w<\/p><\/li><\/ul><p data-start=\"5280\" data-end=\"5371\">Gdy dane osobowe nie b\u0119d\u0105 ju\u017c potrzebne, zostan\u0105 bezpiecznie usuni\u0119te lub zanonimizowane.<\/p><h2 data-start=\"5378\" data-end=\"5403\">9. Prawa do prywatno\u015bci<\/h2><p data-start=\"5405\" data-end=\"5463\">W zale\u017cno\u015bci od jurysdykcji, mo\u017cesz mie\u0107 prawo do:<\/p><ul data-start=\"5465\" data-end=\"5797\"><li data-start=\"5465\" data-end=\"5501\"><p data-start=\"5467\" data-end=\"5501\">Dost\u0119p do danych osobowych<\/p><\/li><li data-start=\"5502\" data-end=\"5557\"><p data-start=\"5504\" data-end=\"5557\">\u017b\u0105danie korekty niedok\u0142adnych lub niekompletnych danych<\/p><\/li><li data-start=\"5558\" data-end=\"5638\"><p data-start=\"5560\" data-end=\"5638\">\u017b\u0105danie usuni\u0119cia danych osobowych (z zastrze\u017ceniem ogranicze\u0144 prawnych)<\/p><\/li><li data-start=\"5639\" data-end=\"5694\"><p data-start=\"5641\" data-end=\"5694\">Sprzeciw wobec okre\u015blonych czynno\u015bci przetwarzania lub ich ograniczenie<\/p><\/li><li data-start=\"5695\" data-end=\"5744\"><p data-start=\"5697\" data-end=\"5744\">Wycofanie zgody na komunikacj\u0119 marketingow\u0105<\/p><\/li><li data-start=\"5745\" data-end=\"5797\"><p data-start=\"5747\" data-end=\"5797\">\u017b\u0105danie kopii danych w formacie przeno\u015bnym<\/p><\/li><\/ul><p data-start=\"5799\" data-end=\"5866\">Aby skorzysta\u0107 ze swoich praw, skontaktuj si\u0119 z nami, korzystaj\u0105c z poni\u017cszych danych.<\/p><h2 data-start=\"5873\" data-end=\"5898\">10. Prywatno\u015b\u0107 dzieci<\/h2><p data-start=\"5900\" data-end=\"6098\">Nasza Witryna i us\u0142ugi nie s\u0105 przeznaczone dla os\u00f3b poni\u017cej 16 roku \u017cycia. Nie gromadzimy \u015bwiadomie danych osobowych dzieci. Je\u015bli takie dane zostan\u0105 zidentyfikowane, niezw\u0142ocznie je usuniemy.<\/p><h2 data-start=\"6105\" data-end=\"6140\">11. Mi\u0119dzynarodowe transfery danych<\/h2><p data-start=\"6142\" data-end=\"6381\">Dane osobowe u\u017cytkownika mog\u0105 by\u0107 przekazywane i przetwarzane w krajach innych ni\u017c kraj u\u017cytkownika. Podejmujemy uzasadnione kroki w celu zapewnienia, \u017ce takie transfery s\u0105 zgodne z obowi\u0105zuj\u0105cymi przepisami o ochronie danych i \u017ce dane u\u017cytkownika pozostaj\u0105 chronione.<\/p><h2 data-start=\"6388\" data-end=\"6425\">12. Aktualizacje niniejszej Polityki prywatno\u015bci<\/h2><p data-start=\"6427\" data-end=\"6634\">Niniejsza Polityka prywatno\u015bci mo\u017ce by\u0107 okresowo aktualizowana. Zmiany b\u0119d\u0105 publikowane na tej stronie z aktualn\u0105 dat\u0105 \u201cOstatnia aktualizacja\u201d. Dalsze korzystanie z Witryny po wprowadzeniu zmian oznacza akceptacj\u0119 zmienionej Polityki.<\/p><h2 data-start=\"6641\" data-end=\"6658\">13. Kontakt<\/h2><p data-start=\"6660\" data-end=\"6774\">W przypadku jakichkolwiek pyta\u0144 dotycz\u0105cych niniejszej Polityki prywatno\u015bci lub sposobu, w jaki post\u0119pujemy z danymi osobowymi u\u017cytkownika, prosimy o kontakt:<\/p><p data-start=\"6776\" data-end=\"6858\"><strong data-start=\"6776\" data-end=\"6790\">VapeMaison<\/strong><br data-start=\"6790\" data-end=\"6793\" \/>E-mail: <strong data-start=\"6800\" data-end=\"6826\"><a class=\"decorated-link cursor-pointer\" rel=\"noopener\" data-start=\"6802\" data-end=\"6824\">support@vapemaison.com<\/a><\/strong><br data-start=\"6826\" data-end=\"6829\" \/>WhatsApp: <strong data-start=\"6839\" data-end=\"6858\">+86 17602190264<\/strong><\/p>\t\t\t\t\t\t\t\t<\/div>\n\t\t\t\t\t<\/div>\n\t\t\t\t<\/div>\n\t\t\t\t<\/div>","protected":false},"excerpt":{"rendered":"<p>Last Updated: 2026-01-19 VapeMaison (referred to as \u201cwe\u201d, \u201cour\u201d, or \u201cVapeMaison\u201d) is committed to protecting your personal information and respecting your privacy. This Privacy Policy (the \u201cPolicy\u201d) explains how we collect, use, store, and protect your personal information when you access or use our website www.vapemaison.com (the \u201cWebsite\u201d) and related services. This Policy applies to [&hellip;]<\/p>\n","protected":false},"author":1,"featured_media":0,"parent":0,"menu_order":0,"comment_status":"closed","ping_status":"closed","template":"","meta":{"footnotes":""},"class_list":["post-3","page","type-page","status-publish","hentry"],"yoast_head":"<!-- This site is optimized with the Yoast SEO plugin v27.4 - https:\/\/yoast.com\/product\/yoast-seo-wordpress\/ -->\n<title>Privacy Policy - VapeMaison<\/title>\n<meta name=\"description\" content=\"Read Vapemaison&#039;s Privacy Policy to understand how we collect, use, and protect your personal information. Your privacy is important to us, and we are committed to safeguarding your data.\" \/>\n<meta name=\"robots\" content=\"index, follow, max-snippet:-1, max-image-preview:large, max-video-preview:-1\" \/>\n<link rel=\"canonical\" href=\"https:\/\/vapemaison.com\/pl\/polityka-prywatnosci\/\" \/>\n<meta property=\"og:locale\" content=\"pl_PL\" \/>\n<meta property=\"og:type\" content=\"article\" \/>\n<meta property=\"og:title\" content=\"Privacy Policy - VapeMaison\" \/>\n<meta property=\"og:description\" content=\"Read Vapemaison&#039;s Privacy Policy to understand how we collect, use, and protect your personal information. Your privacy is important to us, and we are committed to safeguarding your data.\" \/>\n<meta property=\"og:url\" content=\"https:\/\/vapemaison.com\/pl\/polityka-prywatnosci\/\" \/>\n<meta property=\"og:site_name\" content=\"VapeMaison\" \/>\n<meta property=\"article:modified_time\" content=\"2026-01-19T05:58:38+00:00\" \/>\n<meta name=\"twitter:card\" content=\"summary_large_image\" \/>\n<meta name=\"twitter:label1\" content=\"Szacowany czas czytania\" \/>\n\t<meta name=\"twitter:data1\" content=\"4 minuty\" \/>\n<!-- \/ Yoast SEO plugin. -->","yoast_head_json":{"title":"Polityka prywatno\u015bci - VapeMaison","description":"Przeczytaj Polityk\u0119 prywatno\u015bci Vapemaison, aby zrozumie\u0107, w jaki spos\u00f3b gromadzimy, wykorzystujemy i chronimy Twoje dane osobowe. Twoja prywatno\u015b\u0107 jest dla nas wa\u017cna i jeste\u015bmy zobowi\u0105zani do ochrony Twoich danych.","robots":{"index":"index","follow":"follow","max-snippet":"max-snippet:-1","max-image-preview":"max-image-preview:large","max-video-preview":"max-video-preview:-1"},"canonical":"https:\/\/vapemaison.com\/pl\/polityka-prywatnosci\/","og_locale":"pl_PL","og_type":"article","og_title":"Privacy Policy - VapeMaison","og_description":"Read Vapemaison's Privacy Policy to understand how we collect, use, and protect your personal information. Your privacy is important to us, and we are committed to safeguarding your data.","og_url":"https:\/\/vapemaison.com\/pl\/polityka-prywatnosci\/","og_site_name":"VapeMaison","article_modified_time":"2026-01-19T05:58:38+00:00","twitter_card":"summary_large_image","twitter_misc":{"Szacowany czas czytania":"4 minuty"},"schema":{"@context":"https:\/\/schema.org","@graph":[{"@type":"WebPage","@id":"https:\/\/vapemaison.com\/privacy-policy\/","url":"https:\/\/vapemaison.com\/privacy-policy\/","name":"Polityka prywatno\u015bci - VapeMaison","isPartOf":{"@id":"https:\/\/vapemaison.com\/#website"},"datePublished":"2025-10-13T08:13:32+00:00","dateModified":"2026-01-19T05:58:38+00:00","description":"Przeczytaj Polityk\u0119 prywatno\u015bci Vapemaison, aby zrozumie\u0107, w jaki spos\u00f3b gromadzimy, wykorzystujemy i chronimy Twoje dane osobowe. Twoja prywatno\u015b\u0107 jest dla nas wa\u017cna i jeste\u015bmy zobowi\u0105zani do ochrony Twoich danych.","breadcrumb":{"@id":"https:\/\/vapemaison.com\/privacy-policy\/#breadcrumb"},"inLanguage":"pl-PL","potentialAction":[{"@type":"ReadAction","target":["https:\/\/vapemaison.com\/privacy-policy\/"]}]},{"@type":"BreadcrumbList","@id":"https:\/\/vapemaison.com\/privacy-policy\/#breadcrumb","itemListElement":[{"@type":"ListItem","position":1,"name":"\u9996\u9875","item":"https:\/\/vapemaison.com\/"},{"@type":"ListItem","position":2,"name":"Privacy Policy"}]},{"@type":"WebSite","@id":"https:\/\/vapemaison.com\/#website","url":"https:\/\/vapemaison.com\/","name":"VapeMaison","description":"Wysokiej jako\u015bci urz\u0105dzenia i akcesoria do waporyzacji","publisher":{"@id":"https:\/\/vapemaison.com\/#organization"},"potentialAction":[{"@type":"SearchAction","target":{"@type":"EntryPoint","urlTemplate":"https:\/\/vapemaison.com\/?s={search_term_string}"},"query-input":{"@type":"PropertyValueSpecification","valueRequired":true,"valueName":"search_term_string"}}],"inLanguage":"pl-PL"},{"@type":"Organization","@id":"https:\/\/vapemaison.com\/#organization","name":"VapeMaison","url":"https:\/\/vapemaison.com\/","logo":{"@type":"ImageObject","inLanguage":"pl-PL","@id":"https:\/\/vapemaison.com\/#\/schema\/logo\/image\/","url":"https:\/\/vapemaison.com\/wp-content\/uploads\/2026\/01\/cropped-vapemaison-logo-g-2026.webp","contentUrl":"https:\/\/vapemaison.com\/wp-content\/uploads\/2026\/01\/cropped-vapemaison-logo-g-2026.webp","width":350,"height":280,"caption":"VapeMaison"},"image":{"@id":"https:\/\/vapemaison.com\/#\/schema\/logo\/image\/"},"sameAs":["https:\/\/www.youtube.com\/@VapeMaison"]}]}},"_links":{"self":[{"href":"https:\/\/vapemaison.com\/pl\/wp-json\/wp\/v2\/pages\/3","targetHints":{"allow":["GET"]}}],"collection":[{"href":"https:\/\/vapemaison.com\/pl\/wp-json\/wp\/v2\/pages"}],"about":[{"href":"https:\/\/vapemaison.com\/pl\/wp-json\/wp\/v2\/types\/page"}],"author":[{"embeddable":true,"href":"https:\/\/vapemaison.com\/pl\/wp-json\/wp\/v2\/users\/1"}],"replies":[{"embeddable":true,"href":"https:\/\/vapemaison.com\/pl\/wp-json\/wp\/v2\/comments?post=3"}],"version-history":[{"count":3,"href":"https:\/\/vapemaison.com\/pl\/wp-json\/wp\/v2\/pages\/3\/revisions"}],"predecessor-version":[{"id":26103,"href":"https:\/\/vapemaison.com\/pl\/wp-json\/wp\/v2\/pages\/3\/revisions\/26103"}],"wp:attachment":[{"href":"https:\/\/vapemaison.com\/pl\/wp-json\/wp\/v2\/media?parent=3"}],"curies":[{"name":"wp","href":"https:\/\/api.w.org\/{rel}","templated":true}]}}