

{"id":7263,"date":"2025-10-16T02:18:27","date_gmt":"2025-10-16T02:18:27","guid":{"rendered":"https:\/\/vapemaison.com\/?page_id=7263"},"modified":"2025-10-20T10:17:19","modified_gmt":"2025-10-20T10:17:19","slug":"faq","status":"publish","type":"page","link":"https:\/\/vapemaison.com\/pl\/faq\/","title":{"rendered":"FAQ"},"content":{"rendered":"<div data-elementor-type=\"wp-page\" data-elementor-id=\"7263\" class=\"elementor elementor-7263\">\n\t\t\t\t<div class=\"elementor-element elementor-element-430815d e-flex e-con-boxed e-con e-parent\" data-id=\"430815d\" data-element_type=\"container\" data-e-type=\"container\">\n\t\t\t\t\t<div class=\"e-con-inner\">\n\t\t\t\t<div class=\"elementor-element elementor-element-c9ff6f9 elementor-widget elementor-widget-spacer\" data-id=\"c9ff6f9\" data-element_type=\"widget\" data-e-type=\"widget\" data-widget_type=\"spacer.default\">\n\t\t\t\t\t\t\t<div class=\"elementor-spacer\">\n\t\t\t<div class=\"elementor-spacer-inner\"><\/div>\n\t\t<\/div>\n\t\t\t\t\t\t<\/div>\n\t\t\t\t<div class=\"elementor-element elementor-element-446aab8 elementor-widget elementor-widget-heading\" data-id=\"446aab8\" data-element_type=\"widget\" data-e-type=\"widget\" data-widget_type=\"heading.default\">\n\t\t\t\t\t<h2 class=\"elementor-heading-title elementor-size-default\">Pytania og\u00f3lne<\/h2>\t\t\t\t<\/div>\n\t\t\t\t<div class=\"elementor-element elementor-element-3dcd08c elementor-widget elementor-widget-text-editor\" data-id=\"3dcd08c\" data-element_type=\"widget\" data-e-type=\"widget\" data-widget_type=\"text-editor.default\">\n\t\t\t\t\t\t\t\t\t<p data-start=\"149\" data-end=\"400\"><strong data-start=\"149\" data-end=\"180\">P1: Co to jest e-papieros?<\/strong><br data-start=\"180\" data-end=\"183\" \/>E-papieros to urz\u0105dzenie elektroniczne, kt\u00f3re podgrzewa e-ciecz w celu wytworzenia pary. Zapewnia doznania podobne do palenia tytoniu bez spalania tytoniu, ograniczaj\u0105c produkcj\u0119 szkodliwych substancji, takich jak substancje smoliste i tlenek w\u0119gla.<\/p><p data-start=\"402\" data-end=\"607\"><strong data-start=\"402\" data-end=\"443\">P2: Czy e-papierosy zawieraj\u0105 nikotyn\u0119?<\/strong><br data-start=\"443\" data-end=\"446\" \/>To zale\u017cy od e-liquidu. Niekt\u00f3re e-liquidy zawieraj\u0105 nikotyn\u0119, podczas gdy inne s\u0105 jej ca\u0142kowicie pozbawione. Wyb\u00f3r zale\u017cy od osobistych preferencji.<\/p><p data-start=\"609\" data-end=\"852\"><strong data-start=\"609\" data-end=\"668\">P3: Czy e-papierosy s\u0105 bezpieczniejsze od tradycyjnych papieros\u00f3w?<\/strong><br data-start=\"668\" data-end=\"671\" \/>E-papierosy s\u0105 uwa\u017cane za mniej szkodliw\u0105 alternatyw\u0119, poniewa\u017c nie wymagaj\u0105 spalania. Nie s\u0105 one jednak ca\u0142kowicie wolne od ryzyka i powinny by\u0107 u\u017cywane odpowiedzialnie przez osoby doros\u0142e.<\/p>\t\t\t\t\t\t\t\t<\/div>\n\t\t\t\t<div class=\"elementor-element elementor-element-a59c032 elementor-widget elementor-widget-spacer\" data-id=\"a59c032\" data-element_type=\"widget\" data-e-type=\"widget\" data-widget_type=\"spacer.default\">\n\t\t\t\t\t\t\t<div class=\"elementor-spacer\">\n\t\t\t<div class=\"elementor-spacer-inner\"><\/div>\n\t\t<\/div>\n\t\t\t\t\t\t<\/div>\n\t\t\t\t\t<\/div>\n\t\t\t\t<\/div>\n\t\t<div class=\"elementor-element elementor-element-beacd78 e-flex e-con-boxed e-con e-parent\" data-id=\"beacd78\" data-element_type=\"container\" data-e-type=\"container\">\n\t\t\t\t\t<div class=\"e-con-inner\">\n\t\t\t\t<div class=\"elementor-element elementor-element-d31b965 elementor-widget elementor-widget-heading\" data-id=\"d31b965\" data-element_type=\"widget\" data-e-type=\"widget\" data-widget_type=\"heading.default\">\n\t\t\t\t\t<h2 class=\"elementor-heading-title elementor-size-default\">Produkt i zastosowanie<\/h2>\t\t\t\t<\/div>\n\t\t\t\t<div class=\"elementor-element elementor-element-7db7eb8 elementor-widget elementor-widget-text-editor\" data-id=\"7db7eb8\" data-element_type=\"widget\" data-e-type=\"widget\" data-widget_type=\"text-editor.default\">\n\t\t\t\t\t\t\t\t\t<p data-start=\"882\" data-end=\"1128\"><strong data-start=\"882\" data-end=\"924\">P4: Jak d\u0142ugo dzia\u0142a e-papieros?<\/strong><br data-start=\"924\" data-end=\"927\" \/>Zale\u017cy to od typu urz\u0105dzenia i przyzwyczaje\u0144 u\u017cytkownika. Jednorazowe waporyzatory zwykle wystarczaj\u0105 na kilkaset do kilku tysi\u0119cy zaci\u0105gni\u0119\u0107, podczas gdy urz\u0105dzenia wielokrotnego nape\u0142niania mog\u0105 by\u0107 u\u017cywane przez miesi\u0105ce przy odpowiedniej konserwacji.<\/p><p data-start=\"1130\" data-end=\"1317\"><strong data-start=\"1130\" data-end=\"1188\">P5: Sk\u0105d mam wiedzie\u0107, kiedy wymieni\u0107 e-liquid lub cewk\u0119?<\/strong><br data-start=\"1188\" data-end=\"1191\" \/>Je\u015bli zauwa\u017cysz spalony smak, zmniejszon\u0105 produkcj\u0119 pary lub utrat\u0119 aromatu, nadszed\u0142 czas, aby wymieni\u0107 cewk\u0119 lub uzupe\u0142ni\u0107 e-liquid.<\/p><p data-start=\"1319\" data-end=\"1523\"><strong data-start=\"1319\" data-end=\"1353\">P6: Czy mog\u0119 podr\u00f3\u017cowa\u0107 z moim vape?<\/strong><br data-start=\"1353\" data-end=\"1356\" \/>Tak, ale wi\u0119kszo\u015b\u0107 linii lotniczych wymaga przechowywania e-papieros\u00f3w w baga\u017cu podr\u0119cznym, a nie rejestrowanym. Przed podr\u00f3\u017c\u0105 z produktami do waporyzacji nale\u017cy zawsze sprawdzi\u0107 lokalne przepisy.<\/p><p data-start=\"1525\" data-end=\"1706\"><strong data-start=\"1525\" data-end=\"1567\">P7: Jak nale\u017cy przechowywa\u0107 e-papierosa?<\/strong><br data-start=\"1567\" data-end=\"1570\" \/>Urz\u0105dzenie nale\u017cy przechowywa\u0107 w ch\u0142odnym i suchym miejscu, z dala od bezpo\u015bredniego \u015bwiat\u0142a s\u0142onecznego i wysokich temperatur. Nale\u017cy unika\u0107 pozostawiania go w samochodzie lub w pobli\u017cu \u017ar\u00f3de\u0142 ciep\u0142a.<\/p>\t\t\t\t\t\t\t\t<\/div>\n\t\t\t\t<div class=\"elementor-element elementor-element-5171f67 elementor-widget elementor-widget-spacer\" data-id=\"5171f67\" data-element_type=\"widget\" data-e-type=\"widget\" data-widget_type=\"spacer.default\">\n\t\t\t\t\t\t\t<div class=\"elementor-spacer\">\n\t\t\t<div class=\"elementor-spacer-inner\"><\/div>\n\t\t<\/div>\n\t\t\t\t\t\t<\/div>\n\t\t\t\t\t<\/div>\n\t\t\t\t<\/div>\n\t\t<div class=\"elementor-element elementor-element-2c6899d e-flex e-con-boxed e-con e-parent\" data-id=\"2c6899d\" data-element_type=\"container\" data-e-type=\"container\">\n\t\t\t\t\t<div class=\"e-con-inner\">\n\t\t\t\t<div class=\"elementor-element elementor-element-d2fa517 elementor-widget elementor-widget-heading\" data-id=\"d2fa517\" data-element_type=\"widget\" data-e-type=\"widget\" data-widget_type=\"heading.default\">\n\t\t\t\t\t<h2 class=\"elementor-heading-title elementor-size-default\">Wysy\u0142ka i dostawa<\/h2>\t\t\t\t<\/div>\n\t\t\t\t<div class=\"elementor-element elementor-element-d955f44 elementor-widget elementor-widget-text-editor\" data-id=\"d955f44\" data-element_type=\"widget\" data-e-type=\"widget\" data-widget_type=\"text-editor.default\">\n\t\t\t\t\t\t\t\t\t<p data-start=\"1740\" data-end=\"1888\"><strong data-start=\"1740\" data-end=\"1771\">P8: Sk\u0105d wysy\u0142acie towary?<\/strong><br data-start=\"1771\" data-end=\"1774\" \/>Wysy\u0142amy zam\u00f3wienia z naszych magazyn\u00f3w w <strong data-start=\"1812\" data-end=\"1832\">Europa i Chiny<\/strong>, w zale\u017cno\u015bci od dost\u0119pno\u015bci produktu i lokalizacji.<\/p><p data-start=\"1890\" data-end=\"2118\"><strong data-start=\"1890\" data-end=\"1926\">P9: Jak d\u0142ugo potrwa dostawa?<\/strong><br data-start=\"1926\" data-end=\"1929\" \/>Czas dostawy zale\u017cy od miejsca docelowego. Zam\u00f3wienia z naszego <strong data-start=\"1981\" data-end=\"1997\">Magazyn UE<\/strong> zazwyczaj przybywaj\u0105 w <strong data-start=\"2018\" data-end=\"2039\">3-7 dni roboczych<\/strong>, podczas gdy zam\u00f3wienia z naszego <strong data-start=\"2063\" data-end=\"2082\">Magazyn w Chinach<\/strong> mo\u017ce wzi\u0105\u0107 <strong data-start=\"2092\" data-end=\"2115\">10-20 dni roboczych<\/strong>.<\/p><p data-start=\"2120\" data-end=\"2286\"><strong data-start=\"2120\" data-end=\"2154\">P10: Jak mog\u0119 \u015bledzi\u0107 moje zam\u00f3wienie?<\/strong><br data-start=\"2154\" data-end=\"2157\" \/>Po wys\u0142aniu zam\u00f3wienia wy\u015blemy wiadomo\u015b\u0107 e-mail z linkiem do \u015bledzenia przesy\u0142ki. Mo\u017cesz go u\u017cy\u0107 do sprawdzenia statusu dostawy w dowolnym momencie.<\/p>\t\t\t\t\t\t\t\t<\/div>\n\t\t\t\t<div class=\"elementor-element elementor-element-4f10566 elementor-widget elementor-widget-spacer\" data-id=\"4f10566\" data-element_type=\"widget\" data-e-type=\"widget\" data-widget_type=\"spacer.default\">\n\t\t\t\t\t\t\t<div class=\"elementor-spacer\">\n\t\t\t<div class=\"elementor-spacer-inner\"><\/div>\n\t\t<\/div>\n\t\t\t\t\t\t<\/div>\n\t\t\t\t\t<\/div>\n\t\t\t\t<\/div>\n\t\t<div class=\"elementor-element elementor-element-0b8c973 e-flex e-con-boxed e-con e-parent\" data-id=\"0b8c973\" data-element_type=\"container\" data-e-type=\"container\">\n\t\t\t\t\t<div class=\"e-con-inner\">\n\t\t\t\t<div class=\"elementor-element elementor-element-c41f431 elementor-widget elementor-widget-heading\" data-id=\"c41f431\" data-element_type=\"widget\" data-e-type=\"widget\" data-widget_type=\"heading.default\">\n\t\t\t\t\t<h2 class=\"elementor-heading-title elementor-size-default\">Bezpiecze\u0144stwo i zasady<\/h2>\t\t\t\t<\/div>\n\t\t\t\t<div class=\"elementor-element elementor-element-c02cd61 elementor-widget elementor-widget-text-editor\" data-id=\"c02cd61\" data-element_type=\"widget\" data-e-type=\"widget\" data-widget_type=\"text-editor.default\">\n\t\t\t\t\t\t\t\t\t<p data-start=\"2318\" data-end=\"2454\"><strong data-start=\"2318\" data-end=\"2355\">P11: Czy nieletni mog\u0105 kupowa\u0107 e-papierosy?<\/strong><br data-start=\"2355\" data-end=\"2358\" \/>Nie. Nasze produkty s\u0105 przeznaczone <strong data-start=\"2388\" data-end=\"2413\">Tylko dla doros\u0142ych (18+)<\/strong>. Surowo zabraniamy sprzeda\u017cy nieletnim.<\/p><p data-start=\"2456\" data-end=\"2665\"><strong data-start=\"2456\" data-end=\"2507\">P12: Co powinienem zrobi\u0107, je\u015bli m\u00f3j vape nie dzia\u0142a?<\/strong><br data-start=\"2507\" data-end=\"2510\" \/>Sprawd\u017a, czy bateria jest na\u0142adowana i prawid\u0142owo pod\u0142\u0105czona. Je\u015bli problem nie ust\u0105pi, skontaktuj si\u0119 z naszym dzia\u0142em obs\u0142ugi klienta w celu uzyskania pomocy lub wymiany baterii.<\/p><p data-start=\"2667\" data-end=\"2860\"><strong data-start=\"2667\" data-end=\"2714\">P13: Jaka jest polityka zwrot\u00f3w i refundacji?<\/strong><br data-start=\"2714\" data-end=\"2717\" \/>Przyjmujemy zwroty w ci\u0105gu <strong data-start=\"2742\" data-end=\"2753\">14 dni<\/strong> w przypadku nieu\u017cywanych i nieotwartych produkt\u00f3w. Przed zwrotem produktu prosimy o kontakt z naszym dzia\u0142em obs\u0142ugi klienta. <a href=\"https:\/\/vapemaison.com\/refund_returns\/\">Polityka zwrot\u00f3w i refundacji<\/a> szczeg\u00f3\u0142y.<\/p><p data-start=\"2862\" data-end=\"3040\"><strong data-start=\"2862\" data-end=\"2897\">P14: Czy Twoje produkty s\u0105 oryginalne?<\/strong><br data-start=\"2897\" data-end=\"2900\" \/>Tak. Wszystkie nasze e-papierosy i e-liquidy pochodz\u0105 z <strong data-start=\"2950\" data-end=\"2988\">zweryfikowani, autoryzowani producenci<\/strong>. Nie sprzedajemy podrobionych ani niesprawdzonych produkt\u00f3w.<\/p>\t\t\t\t\t\t\t\t<\/div>\n\t\t\t\t<div class=\"elementor-element elementor-element-7b5a055 elementor-widget elementor-widget-spacer\" data-id=\"7b5a055\" data-element_type=\"widget\" data-e-type=\"widget\" data-widget_type=\"spacer.default\">\n\t\t\t\t\t\t\t<div class=\"elementor-spacer\">\n\t\t\t<div class=\"elementor-spacer-inner\"><\/div>\n\t\t<\/div>\n\t\t\t\t\t\t<\/div>\n\t\t\t\t\t<\/div>\n\t\t\t\t<\/div>\n\t\t<div class=\"elementor-element elementor-element-b712fe9 e-flex e-con-boxed e-con e-parent\" data-id=\"b712fe9\" data-element_type=\"container\" data-e-type=\"container\">\n\t\t\t\t\t<div class=\"e-con-inner\">\n\t\t\t\t<div class=\"elementor-element elementor-element-f6dbeab elementor-widget elementor-widget-heading\" data-id=\"f6dbeab\" data-element_type=\"widget\" data-e-type=\"widget\" data-widget_type=\"heading.default\">\n\t\t\t\t\t<h2 class=\"elementor-heading-title elementor-size-default\">\u2764\ufe0f Zdrowie i odpowiedzialno\u015b\u0107<\/h2>\t\t\t\t<\/div>\n\t\t\t\t<div class=\"elementor-element elementor-element-f2572f6 elementor-widget elementor-widget-text-editor\" data-id=\"f2572f6\" data-element_type=\"widget\" data-e-type=\"widget\" data-widget_type=\"text-editor.default\">\n\t\t\t\t\t\t\t\t\t<p data-start=\"3078\" data-end=\"3325\"><strong data-start=\"3078\" data-end=\"3125\">P15: Czy e-papierosy mog\u0105 pom\u00f3c mi rzuci\u0107 palenie?<\/strong><br data-start=\"3125\" data-end=\"3128\" \/>Wielu u\u017cytkownik\u00f3w przestawia si\u0119 na e-papierosy jako spos\u00f3b na ograniczenie lub rzucenie palenia, ale wyniki r\u00f3\u017cni\u0105 si\u0119 w zale\u017cno\u015bci od osoby. W celu uzyskania porady medycznej lub spersonalizowanego planu rzucenia palenia zalecamy skonsultowanie si\u0119 z pracownikiem s\u0142u\u017cby zdrowia.<\/p><p data-start=\"3327\" data-end=\"3489\"><strong data-start=\"3327\" data-end=\"3375\">P16: Czy Twoje produkty s\u0105 bezpieczne dla os\u00f3b niepal\u0105cych?<\/strong><br data-start=\"3375\" data-end=\"3378\" \/>E-papierosy s\u0105 przeznaczone dla doros\u0142ych palaczy lub u\u017cytkownik\u00f3w nikotyny, a nie dla os\u00f3b niepal\u0105cych, kobiet w ci\u0105\u017cy lub nieletnich.<\/p>\t\t\t\t\t\t\t\t<\/div>\n\t\t\t\t<div class=\"elementor-element elementor-element-3ad2735 elementor-widget elementor-widget-spacer\" data-id=\"3ad2735\" data-element_type=\"widget\" data-e-type=\"widget\" data-widget_type=\"spacer.default\">\n\t\t\t\t\t\t\t<div class=\"elementor-spacer\">\n\t\t\t<div class=\"elementor-spacer-inner\"><\/div>\n\t\t<\/div>\n\t\t\t\t\t\t<\/div>\n\t\t\t\t\t<\/div>\n\t\t\t\t<\/div>\n\t\t<div class=\"elementor-element elementor-element-d5cf795 e-flex e-con-boxed e-con e-parent\" data-id=\"d5cf795\" data-element_type=\"container\" data-e-type=\"container\">\n\t\t\t\t\t<div class=\"e-con-inner\">\n\t\t\t\t<div class=\"elementor-element elementor-element-36f85ab elementor-widget elementor-widget-text-editor\" data-id=\"36f85ab\" data-element_type=\"widget\" data-e-type=\"widget\" data-widget_type=\"text-editor.default\">\n\t\t\t\t\t\t\t\t\t<p data-start=\"407\" data-end=\"520\"><strong>Masz wi\u0119cej pyta\u0144? Nie martw si\u0119 - nasz przyjazny zesp\u00f3\u0142 wsparcia jest dost\u0119pny przez ca\u0142\u0105 dob\u0119, aby Ci pom\u00f3c.<\/strong><\/p>\t\t\t\t\t\t\t\t<\/div>\n\t\t\t\t\t<\/div>\n\t\t\t\t<\/div>\n\t\t\t\t<\/div>","protected":false},"excerpt":{"rendered":"<p>\ud83e\udde0 General Questions Q1: What is an e-cigarette?An e-cigarette is an electronic device that heats e-liquid to produce vapor. It provides a smoking-like experience without burning tobacco, reducing the production of harmful substances like tar and carbon monoxide. Q2: Do e-cigarettes contain nicotine?That depends on the e-liquid. Some e-liquids contain nicotine, while others are completely [&hellip;]<\/p>\n","protected":false},"author":1,"featured_media":0,"parent":0,"menu_order":0,"comment_status":"closed","ping_status":"closed","template":"","meta":{"footnotes":""},"class_list":["post-7263","page","type-page","status-publish","hentry"],"yoast_head":"<!-- This site is optimized with the Yoast SEO plugin v27.4 - https:\/\/yoast.com\/product\/yoast-seo-wordpress\/ -->\n<title>FAQ - VapeMaison<\/title>\n<meta name=\"robots\" content=\"index, follow, max-snippet:-1, max-image-preview:large, max-video-preview:-1\" \/>\n<link rel=\"canonical\" href=\"https:\/\/vapemaison.com\/pl\/faq\/\" \/>\n<meta property=\"og:locale\" content=\"pl_PL\" \/>\n<meta property=\"og:type\" content=\"article\" \/>\n<meta property=\"og:title\" content=\"FAQ - VapeMaison\" \/>\n<meta property=\"og:description\" content=\"\ud83e\udde0 General Questions Q1: What is an e-cigarette?An e-cigarette is an electronic device that heats e-liquid to produce vapor. It provides a smoking-like experience without burning tobacco, reducing the production of harmful substances like tar and carbon monoxide. Q2: Do e-cigarettes contain nicotine?That depends on the e-liquid. Some e-liquids contain nicotine, while others are completely [&hellip;]\" \/>\n<meta property=\"og:url\" content=\"https:\/\/vapemaison.com\/pl\/faq\/\" \/>\n<meta property=\"og:site_name\" content=\"VapeMaison\" \/>\n<meta property=\"article:modified_time\" content=\"2025-10-20T10:17:19+00:00\" \/>\n<meta name=\"twitter:card\" content=\"summary_large_image\" \/>\n<meta name=\"twitter:label1\" content=\"Szacowany czas czytania\" \/>\n\t<meta name=\"twitter:data1\" content=\"1 minuta\" \/>\n<!-- \/ Yoast SEO plugin. -->","yoast_head_json":{"title":"FAQ - VapeMaison","robots":{"index":"index","follow":"follow","max-snippet":"max-snippet:-1","max-image-preview":"max-image-preview:large","max-video-preview":"max-video-preview:-1"},"canonical":"https:\/\/vapemaison.com\/pl\/faq\/","og_locale":"pl_PL","og_type":"article","og_title":"FAQ - VapeMaison","og_description":"\ud83e\udde0 General Questions Q1: What is an e-cigarette?An e-cigarette is an electronic device that heats e-liquid to produce vapor. It provides a smoking-like experience without burning tobacco, reducing the production of harmful substances like tar and carbon monoxide. Q2: Do e-cigarettes contain nicotine?That depends on the e-liquid. Some e-liquids contain nicotine, while others are completely [&hellip;]","og_url":"https:\/\/vapemaison.com\/pl\/faq\/","og_site_name":"VapeMaison","article_modified_time":"2025-10-20T10:17:19+00:00","twitter_card":"summary_large_image","twitter_misc":{"Szacowany czas czytania":"1 minuta"},"schema":{"@context":"https:\/\/schema.org","@graph":[{"@type":"WebPage","@id":"https:\/\/vapemaison.com\/faq\/","url":"https:\/\/vapemaison.com\/faq\/","name":"FAQ - VapeMaison","isPartOf":{"@id":"https:\/\/vapemaison.com\/#website"},"datePublished":"2025-10-16T02:18:27+00:00","dateModified":"2025-10-20T10:17:19+00:00","breadcrumb":{"@id":"https:\/\/vapemaison.com\/faq\/#breadcrumb"},"inLanguage":"pl-PL","potentialAction":[{"@type":"ReadAction","target":["https:\/\/vapemaison.com\/faq\/"]}]},{"@type":"BreadcrumbList","@id":"https:\/\/vapemaison.com\/faq\/#breadcrumb","itemListElement":[{"@type":"ListItem","position":1,"name":"\u9996\u9875","item":"https:\/\/vapemaison.com\/"},{"@type":"ListItem","position":2,"name":"FAQ"}]},{"@type":"WebSite","@id":"https:\/\/vapemaison.com\/#website","url":"https:\/\/vapemaison.com\/","name":"VapeMaison","description":"Wysokiej jako\u015bci urz\u0105dzenia i akcesoria do waporyzacji","publisher":{"@id":"https:\/\/vapemaison.com\/#organization"},"potentialAction":[{"@type":"SearchAction","target":{"@type":"EntryPoint","urlTemplate":"https:\/\/vapemaison.com\/?s={search_term_string}"},"query-input":{"@type":"PropertyValueSpecification","valueRequired":true,"valueName":"search_term_string"}}],"inLanguage":"pl-PL"},{"@type":"Organization","@id":"https:\/\/vapemaison.com\/#organization","name":"VapeMaison","url":"https:\/\/vapemaison.com\/","logo":{"@type":"ImageObject","inLanguage":"pl-PL","@id":"https:\/\/vapemaison.com\/#\/schema\/logo\/image\/","url":"https:\/\/vapemaison.com\/wp-content\/uploads\/2026\/01\/cropped-vapemaison-logo-g-2026.webp","contentUrl":"https:\/\/vapemaison.com\/wp-content\/uploads\/2026\/01\/cropped-vapemaison-logo-g-2026.webp","width":350,"height":280,"caption":"VapeMaison"},"image":{"@id":"https:\/\/vapemaison.com\/#\/schema\/logo\/image\/"},"sameAs":["https:\/\/www.youtube.com\/@VapeMaison"]}]}},"_links":{"self":[{"href":"https:\/\/vapemaison.com\/pl\/wp-json\/wp\/v2\/pages\/7263","targetHints":{"allow":["GET"]}}],"collection":[{"href":"https:\/\/vapemaison.com\/pl\/wp-json\/wp\/v2\/pages"}],"about":[{"href":"https:\/\/vapemaison.com\/pl\/wp-json\/wp\/v2\/types\/page"}],"author":[{"embeddable":true,"href":"https:\/\/vapemaison.com\/pl\/wp-json\/wp\/v2\/users\/1"}],"replies":[{"embeddable":true,"href":"https:\/\/vapemaison.com\/pl\/wp-json\/wp\/v2\/comments?post=7263"}],"version-history":[{"count":0,"href":"https:\/\/vapemaison.com\/pl\/wp-json\/wp\/v2\/pages\/7263\/revisions"}],"wp:attachment":[{"href":"https:\/\/vapemaison.com\/pl\/wp-json\/wp\/v2\/media?parent=7263"}],"curies":[{"name":"wp","href":"https:\/\/api.w.org\/{rel}","templated":true}]}}