

{"id":11215,"date":"2025-11-11T06:33:43","date_gmt":"2025-11-11T06:33:43","guid":{"rendered":"https:\/\/vapemaison.com\/?post_type=product&#038;p=11215"},"modified":"2025-11-21T08:53:36","modified_gmt":"2025-11-21T08:53:36","slug":"vozol-vista-20000-puff-vape","status":"publish","type":"product","link":"https:\/\/vapemaison.com\/pl\/product\/vozol-vista-20000-puff-vape\/","title":{"rendered":"VOZOL VISTA 20000 PUFF 5% | 20k Vozol"},"content":{"rendered":"<p>VOZOL VISTA 20000 to jednorazowy waporyzator o du\u017cej pojemno\u015bci, zaprojektowany z my\u015bl\u0105 o u\u017cytkownikach oczekuj\u0105cych p\u0142ynnych, konfigurowalnych i d\u0142ugotrwa\u0142ych dozna\u0144. Urz\u0105dzenie posiada wy\u015bwietlacz OLED, kt\u00f3ry pokazuje poziom na\u0142adowania baterii, stan e-liquidu i moc w czasie rzeczywistym, dzi\u0119ki czemu ka\u017cda sesja jest bardziej przewidywalna i wygodna. Dzi\u0119ki ponad 20000 zaci\u0105gni\u0119\u0107, akumulatorowi o pojemno\u015bci 650 mAh i szybkiemu \u0142adowaniu typu C, urz\u0105dzenie oferuje niezawodn\u0105 wydajno\u015b\u0107 do d\u0142ugotrwa\u0142ego codziennego u\u017cytkowania.<\/p>\n\n\n\n<h3 class=\"wp-block-heading\"><strong>Kluczowe cechy<\/strong><\/h3>\n\n\n\n<ul class=\"wp-block-list\">\n<li><strong>Wy\u015bwietlacz OLED<\/strong> - Wyra\u017anie pokazuje poziom na\u0142adowania baterii i poziom e-liquidu w czasie rzeczywistym.<\/li>\n\n\n\n<li><strong>6-stopniowa regulacja mocy<\/strong> - \u0141atwo dostosuj intensywno\u015b\u0107 waporyzacji, przekr\u0119caj\u0105c urz\u0105dzenie.<\/li>\n\n\n\n<li><strong>Inteligentny uk\u0142ad MCU<\/strong> - Zapewnia stabiln\u0105 wydajno\u015b\u0107 i precyzyjn\u0105 kontrol\u0119 mocy.<\/li>\n\n\n\n<li><strong>Konstrukcja przyjazna dla \u015brodowiska<\/strong> - Wykonany z nadaj\u0105cego si\u0119 do recyklingu plastiku PCR 65%, zapewniaj\u0105cego zr\u00f3wnowa\u017cone wra\u017cenia z waporyzacji.<\/li>\n\n\n\n<li><strong>S.i.L.C Tech Dual Mesh Coil<\/strong> - Zapewnia bogatszy smak i g\u0142adsze chmury.<\/li>\n\n\n\n<li><strong>Ogromne ponad 20 000 puff\u00f3w<\/strong> - D\u0142ugotrwa\u0142e dzia\u0142anie przy d\u0142u\u017cszym u\u017cytkowaniu.<\/li>\n\n\n\n<li><strong>Akumulator 650 mAh<\/strong> - Szybkie \u0142adowanie typu C; pe\u0142ne na\u0142adowanie w 45-60 minut.<\/li>\n\n\n\n<li><strong>Wra\u017cenia z waporyzacji MTL<\/strong> - Idealny do p\u0142ynnego, satysfakcjonuj\u0105cego zaci\u0105gania si\u0119 z ust do p\u0142uc.<\/li>\n\n\n\n<li><strong>Zgodno\u015b\u0107 z TPD<\/strong> - Bezpieczne i regulowane na rynku globalnym.<\/li>\n<\/ul>\n\n\n\n<h3 class=\"wp-block-heading\"><strong>Specyfikacje<\/strong><\/h3>\n\n\n\n<figure class=\"wp-block-table\"><table class=\"has-fixed-layout\"><thead><tr><th>Pozycja<\/th><th>Szczeg\u00f3\u0142y<\/th><\/tr><\/thead><tbody><tr><td><strong>Pojemno\u015b\u0107 akumulatora<\/strong><\/td><td>650 mAh (akumulator)<\/td><\/tr><tr><td><strong>Port \u0142adowania<\/strong><\/td><td>USB-C<\/td><\/tr><tr><td><strong>Czas \u0142adowania<\/strong><\/td><td>Oko\u0142o 1 godziny<\/td><\/tr><tr><td><strong>Wy\u015bwietlacz<\/strong><\/td><td>Ekran OLED<\/td><\/tr><tr><td><strong>Typ cewki<\/strong><\/td><td>S.i.L.C Tech Dual Mesh Coil<\/td><\/tr><tr><td><strong>Materia\u0142<\/strong><\/td><td>65% PCR ekologiczny plastik<\/td><\/tr><tr><td><strong>Puffy<\/strong><\/td><td>20,000+<\/td><\/tr><tr><td><strong>Si\u0142a nikotyny<\/strong><\/td><td>2% NS<\/td><\/tr><tr><td><strong>Regulacja wyj\u015bcia<\/strong><\/td><td>6-stopniowa regulacja mocy<\/td><\/tr><tr><td><strong>Styl wapowania<\/strong><\/td><td>MTL (Mouth-To-Lung)<\/td><\/tr><\/tbody><\/table><\/figure>\n\n\n\n<h3 class=\"wp-block-heading\"><strong>Dost\u0119pne smaki <\/strong><\/h3>\n\n\n\n<ul class=\"wp-block-list\">\n<li>1.Cherry Cola<\/li>\n\n\n\n<li>2.Peach lce<\/li>\n\n\n\n<li>3. l\u00f3d z kwa\u015bnego jab\u0142ka<\/li>\n\n\n\n<li>4.Miami Mint<\/li>\n\n\n\n<li>5.Grape lce<\/li>\n\n\n\n<li>6. l\u00f3d arbuzowy<\/li>\n\n\n\n<li>7.Blue Razz lce<\/li>\n\n\n\n<li>8.Brzoskwinia Mango Arbuz<\/li>\n\n\n\n<li>9.Truskawka Mango<\/li>\n\n\n\n<li>10.arbuz malinowy<\/li>\n\n\n\n<li>11.VZBul<\/li>\n\n\n\n<li>12.arbuzowa guma balonowa<\/li>\n\n\n\n<li>13.Vanicreme Tobacco<\/li>\n\n\n\n<li>14.mieszane jagody<\/li>\n\n\n\n<li>15.Lemon Lime<\/li>\n\n\n\n<li>16.truskawka malina wi\u015bnia<\/li>\n\n\n\n<li>17.Mango lce<\/li>\n\n\n\n<li>18.Dragon Fruit Banana Cherry<\/li>\n\n\n\n<li>19.Elderflower Grapefruit<\/li>\n\n\n\n<li>20.LavaFire<\/li>\n<\/ul>\n\n\n\n<h3 class=\"wp-block-heading\"><strong>Najwa\u017cniejsze cechy produktu<\/strong><\/h3>\n\n\n\n<ul class=\"wp-block-list\">\n<li><strong>\u017bywy ekran OLED<\/strong> - Natychmiastowy podgl\u0105d poziomu mocy, baterii i cieczy.<\/li>\n\n\n\n<li><strong>Regulowana kontrola mocy<\/strong> - Sze\u015b\u0107 poziom\u00f3w mocy dopasowanych do gustu i nastroju u\u017cytkownika.<\/li>\n\n\n\n<li><strong>Szybkie \u0142adowanie<\/strong> - Pe\u0142ne na\u0142adowanie w zaledwie 45-60 minut przez USB-C.<\/li>\n\n\n\n<li><strong>\u015awiadome ekologicznie projektowanie<\/strong> - Zbudowany z 65% materia\u0142\u00f3w pochodz\u0105cych z recyklingu.<\/li>\n\n\n\n<li><strong>Sta\u0142a wydajno\u015b\u0107 smakowa<\/strong> - Technologia podw\u00f3jnej cewki siatkowej zapewnia czysto\u015b\u0107 i g\u0142adko\u015b\u0107 ka\u017cdego zaci\u0105gni\u0119cia.<\/li>\n<\/ul>\n\n\n\n<h3 class=\"wp-block-heading\"><strong>Pakiet zawiera<\/strong><\/h3>\n\n\n\n<ul class=\"wp-block-list\">\n<li>1 \u00d7 <strong>Urz\u0105dzenie akumulatorowe VOZOL VISTA 20000<\/strong><\/li>\n\n\n\n<li>1 \u00d7 <strong>VOZOL VISTA Pod<\/strong><\/li>\n<\/ul>\n\n\n\n<p>Inne produkty mo\u017cna znale\u017a\u0107 w sekcji <strong><a href=\"https:\/\/vapemaison.com\/brand\/vozol\/\">Marka VOZOL<\/a><\/strong>, lub sprawd\u017a r\u00f3wnie uwielbiane <strong><a href=\"https:\/\/vapemaison.com\/product\/vozol-star-20000-puffs-vape\/\">VOZOL STAR 20000<\/a><\/strong>.<\/p>","protected":false},"excerpt":{"rendered":"<p>The <strong data-start=\"521\" data-end=\"547\">VOZOL VISTA 20000 Vape<\/strong> oferuje ponad 20 000 zaci\u0105gni\u0119\u0107 w 24 ekscytuj\u0105cych smakach. Wyposa\u017cony w akumulator o pojemno\u015bci 650 mAh, 6-stopniow\u0105 regulacj\u0119 mocy i przyjazne dla \u015brodowiska materia\u0142y, zosta\u0142 zaprojektowany z my\u015bl\u0105 o zr\u00f3wnowa\u017conym i satysfakcjonuj\u0105cym do\u015bwiadczeniu waporyzacji. Szybkie \u0142adowanie przez USB-C i wy\u015bwietlacz OLED u\u0142atwiaj\u0105 monitorowanie.<\/p>","protected":false},"featured_media":13706,"comment_status":"open","ping_status":"closed","template":"","meta":[],"product_brand":[178],"product_cat":[133],"product_tag":[],"class_list":{"0":"post-11215","1":"product","2":"type-product","3":"status-publish","4":"has-post-thumbnail","6":"product_brand-vozol","7":"product_cat-20k-puffs","9":"first","10":"instock","11":"sale","12":"shipping-taxable","13":"purchasable","14":"product-type-variable"},"yoast_head":"<!-- This site is optimized with the Yoast SEO plugin v27.4 - https:\/\/yoast.com\/product\/yoast-seo-wordpress\/ -->\n<title>VOZOL VISTA 20000 Vape - 20k vozol Vaping Experience<\/title>\n<meta name=\"description\" content=\"Discover the VOZOL VISTA 20000 Vape. Enjoy eco-friendly vaping 20k vozol, OLED display, and fast USB-C charging. Perfect for smooth MTL hits!\" \/>\n<meta name=\"robots\" content=\"index, follow, max-snippet:-1, max-image-preview:large, max-video-preview:-1\" \/>\n<link rel=\"canonical\" href=\"https:\/\/vapemaison.com\/pl\/produkt\/vozol-vista-20000-puff-vape\/\" \/>\n<meta property=\"og:locale\" content=\"pl_PL\" \/>\n<meta property=\"og:type\" content=\"article\" \/>\n<meta property=\"og:title\" content=\"VOZOL VISTA 20000 Vape - 20k vozol Vaping Experience\" \/>\n<meta property=\"og:description\" content=\"Discover the VOZOL VISTA 20000 Vape. Enjoy eco-friendly vaping 20k vozol, OLED display, and fast USB-C charging. Perfect for smooth MTL hits!\" \/>\n<meta property=\"og:url\" content=\"https:\/\/vapemaison.com\/pl\/produkt\/vozol-vista-20000-puff-vape\/\" \/>\n<meta property=\"og:site_name\" content=\"VapeMaison\" \/>\n<meta property=\"article:modified_time\" content=\"2025-11-21T08:53:36+00:00\" \/>\n<meta property=\"og:image\" content=\"https:\/\/vapemaison.com\/wp-content\/uploads\/2025\/11\/VANICREME-TOBACCO-vozol-vista-20000-price-in-dubai-1.jpg\" \/>\n\t<meta property=\"og:image:width\" content=\"1280\" \/>\n\t<meta property=\"og:image:height\" content=\"1280\" \/>\n\t<meta property=\"og:image:type\" content=\"image\/jpeg\" \/>\n<meta name=\"twitter:card\" content=\"summary_large_image\" \/>\n<meta name=\"twitter:label1\" content=\"Szacowany czas czytania\" \/>\n\t<meta name=\"twitter:data1\" content=\"2 minuty\" \/>\n<!-- \/ Yoast SEO plugin. -->","yoast_head_json":{"title":"VOZOL VISTA 20000 Vape - 20k vozol Vaping Experience","description":"Odkryj VOZOL VISTA 20000 Vape. Ciesz si\u0119 ekologicznym vapingiem 20k vozol, wy\u015bwietlaczem OLED i szybkim \u0142adowaniem USB-C. Idealny do p\u0142ynnych uderze\u0144 MTL!","robots":{"index":"index","follow":"follow","max-snippet":"max-snippet:-1","max-image-preview":"max-image-preview:large","max-video-preview":"max-video-preview:-1"},"canonical":"https:\/\/vapemaison.com\/pl\/produkt\/vozol-vista-20000-puff-vape\/","og_locale":"pl_PL","og_type":"article","og_title":"VOZOL VISTA 20000 Vape - 20k vozol Vaping Experience","og_description":"Discover the VOZOL VISTA 20000 Vape. Enjoy eco-friendly vaping 20k vozol, OLED display, and fast USB-C charging. Perfect for smooth MTL hits!","og_url":"https:\/\/vapemaison.com\/pl\/produkt\/vozol-vista-20000-puff-vape\/","og_site_name":"VapeMaison","article_modified_time":"2025-11-21T08:53:36+00:00","og_image":[{"width":1280,"height":1280,"url":"https:\/\/vapemaison.com\/wp-content\/uploads\/2025\/11\/VANICREME-TOBACCO-vozol-vista-20000-price-in-dubai-1.jpg","type":"image\/jpeg"}],"twitter_card":"summary_large_image","twitter_misc":{"Szacowany czas czytania":"2 minuty"},"schema":{"@context":"https:\/\/schema.org","@graph":[{"@type":"WebPage","@id":"https:\/\/vapemaison.com\/product\/vozol-vista-20000-puff-vape\/","url":"https:\/\/vapemaison.com\/product\/vozol-vista-20000-puff-vape\/","name":"VOZOL VISTA 20000 Vape - 20k vozol Vaping Experience","isPartOf":{"@id":"https:\/\/vapemaison.com\/#website"},"primaryImageOfPage":{"@id":"https:\/\/vapemaison.com\/product\/vozol-vista-20000-puff-vape\/#primaryimage"},"image":{"@id":"https:\/\/vapemaison.com\/product\/vozol-vista-20000-puff-vape\/#primaryimage"},"thumbnailUrl":"https:\/\/vapemaison.com\/wp-content\/uploads\/2025\/11\/VANICREME-TOBACCO-vozol-vista-20000-price-in-dubai-1.jpg","datePublished":"2025-11-11T06:33:43+00:00","dateModified":"2025-11-21T08:53:36+00:00","description":"Odkryj VOZOL VISTA 20000 Vape. Ciesz si\u0119 ekologicznym vapingiem 20k vozol, wy\u015bwietlaczem OLED i szybkim \u0142adowaniem USB-C. Idealny do p\u0142ynnych uderze\u0144 MTL!","breadcrumb":{"@id":"https:\/\/vapemaison.com\/product\/vozol-vista-20000-puff-vape\/#breadcrumb"},"inLanguage":"pl-PL","potentialAction":[{"@type":"ReadAction","target":["https:\/\/vapemaison.com\/product\/vozol-vista-20000-puff-vape\/"]}]},{"@type":"ImageObject","inLanguage":"pl-PL","@id":"https:\/\/vapemaison.com\/product\/vozol-vista-20000-puff-vape\/#primaryimage","url":"https:\/\/vapemaison.com\/wp-content\/uploads\/2025\/11\/VANICREME-TOBACCO-vozol-vista-20000-price-in-dubai-1.jpg","contentUrl":"https:\/\/vapemaison.com\/wp-content\/uploads\/2025\/11\/VANICREME-TOBACCO-vozol-vista-20000-price-in-dubai-1.jpg","width":1280,"height":1280,"caption":"Vanicreme Tobacco Vozol Vista Price In Dubai Disposable Vape Device"},{"@type":"BreadcrumbList","@id":"https:\/\/vapemaison.com\/product\/vozol-vista-20000-puff-vape\/#breadcrumb","itemListElement":[{"@type":"ListItem","position":1,"name":"\u9996\u9875","item":"https:\/\/vapemaison.com\/"},{"@type":"ListItem","position":2,"name":"Shop","item":"https:\/\/vapemaison.com\/shop\/"},{"@type":"ListItem","position":3,"name":"Vozol","item":"https:\/\/vapemaison.com\/brand\/vozol\/"},{"@type":"ListItem","position":4,"name":"VOZOL VISTA 20000 PUFF 5% | 20k Vozol"}]},{"@type":"WebSite","@id":"https:\/\/vapemaison.com\/#website","url":"https:\/\/vapemaison.com\/","name":"VapeMaison","description":"Wysokiej jako\u015bci urz\u0105dzenia i akcesoria do waporyzacji","publisher":{"@id":"https:\/\/vapemaison.com\/#organization"},"potentialAction":[{"@type":"SearchAction","target":{"@type":"EntryPoint","urlTemplate":"https:\/\/vapemaison.com\/?s={search_term_string}"},"query-input":{"@type":"PropertyValueSpecification","valueRequired":true,"valueName":"search_term_string"}}],"inLanguage":"pl-PL"},{"@type":"Organization","@id":"https:\/\/vapemaison.com\/#organization","name":"VapeMaison","url":"https:\/\/vapemaison.com\/","logo":{"@type":"ImageObject","inLanguage":"pl-PL","@id":"https:\/\/vapemaison.com\/#\/schema\/logo\/image\/","url":"https:\/\/vapemaison.com\/wp-content\/uploads\/2026\/01\/cropped-vapemaison-logo-g-2026.webp","contentUrl":"https:\/\/vapemaison.com\/wp-content\/uploads\/2026\/01\/cropped-vapemaison-logo-g-2026.webp","width":350,"height":280,"caption":"VapeMaison"},"image":{"@id":"https:\/\/vapemaison.com\/#\/schema\/logo\/image\/"},"sameAs":["https:\/\/www.youtube.com\/@VapeMaison"]}]}},"tiered_pricing_type":"fixed","tiered_pricing_fixed_rules":{"30":"11.24","50":"10.36","100":"9.56","200":"8.47"},"tiered_pricing_product_settings":{"layout":"default","base_unit_name":{"singular":null,"plural":null},"default_variation":null},"tiered_pricing_minimum_quantity":10,"tiered_pricing_roles_data":[],"tiered_pricing_percentage_rules":[],"tiered_pricing_maximum_quantity":null,"tiered_pricing_quantity_step":"10","_links":{"self":[{"href":"https:\/\/vapemaison.com\/pl\/wp-json\/wp\/v2\/product\/11215","targetHints":{"allow":["GET"]}}],"collection":[{"href":"https:\/\/vapemaison.com\/pl\/wp-json\/wp\/v2\/product"}],"about":[{"href":"https:\/\/vapemaison.com\/pl\/wp-json\/wp\/v2\/types\/product"}],"replies":[{"embeddable":true,"href":"https:\/\/vapemaison.com\/pl\/wp-json\/wp\/v2\/comments?post=11215"}],"version-history":[{"count":0,"href":"https:\/\/vapemaison.com\/pl\/wp-json\/wp\/v2\/product\/11215\/revisions"}],"wp:featuredmedia":[{"embeddable":true,"href":"https:\/\/vapemaison.com\/pl\/wp-json\/wp\/v2\/media\/13706"}],"wp:attachment":[{"href":"https:\/\/vapemaison.com\/pl\/wp-json\/wp\/v2\/media?parent=11215"}],"wp:term":[{"taxonomy":"product_brand","embeddable":true,"href":"https:\/\/vapemaison.com\/pl\/wp-json\/wp\/v2\/product_brand?post=11215"},{"taxonomy":"product_cat","embeddable":true,"href":"https:\/\/vapemaison.com\/pl\/wp-json\/wp\/v2\/product_cat?post=11215"},{"taxonomy":"product_tag","embeddable":true,"href":"https:\/\/vapemaison.com\/pl\/wp-json\/wp\/v2\/product_tag?post=11215"}],"curies":[{"name":"wp","href":"https:\/\/api.w.org\/{rel}","templated":true}]}}