

{"id":11217,"date":"2025-11-11T06:33:43","date_gmt":"2025-11-11T06:33:43","guid":{"rendered":"https:\/\/vapemaison.com\/?post_type=product&#038;p=11217"},"modified":"2025-11-21T08:53:49","modified_gmt":"2025-11-21T08:53:49","slug":"vozol-star-20000-puffow-vape","status":"publish","type":"product","link":"https:\/\/vapemaison.com\/pl\/product\/vozol-star-20000-puffs-vape\/","title":{"rendered":"VOZOL STAR 20000 | Vozol star 20k PUFF 5%"},"content":{"rendered":"<h3 class=\"wp-block-heading\"><strong>Vozol Star 20000 Puffs Dual Power - najlepsze wra\u017cenia z waporyzacji<\/strong><\/h3>\n\n\n\n<p><strong>Vozol Star 20000 Puffs Dual Power<\/strong> redefiniuje jednorazowe waporyzatory dzi\u0119ki prze\u0142omowej technologii, oferuj\u0105c <strong>20k puff<\/strong> zapewniaj\u0105c niezr\u00f3wnane, d\u0142ugotrwa\u0142e doznania podczas waporyzacji. Wyposa\u017cenie <strong>Technologia podw\u00f3jnego zasilania<\/strong>, Zapewnia sp\u00f3jny smak i p\u0142ynne uderzenia od pierwszego do ostatniego zaci\u0105gni\u0119cia, co czyni go idealnym wyborem dla vaper\u00f3w, kt\u00f3rzy szukaj\u0105 wygody, jako\u015bci i wydajno\u015bci.<\/p>\n\n\n\n<h3 class=\"wp-block-heading\"><strong>Dlaczego warto wybra\u0107 Vozol Star 20000 Puffs Dual Power?<\/strong><\/h3>\n\n\n\n<ul class=\"wp-block-list\">\n<li><strong>D\u0142ugotrwa\u0142a wydajno\u015b\u0107<\/strong>: Z niesamowitym <strong>20000 zaci\u0105gni\u0119\u0107<\/strong>, Vape<strong> Podw\u00f3jna moc<\/strong> zosta\u0142 zaprojektowany z my\u015bl\u0105 o d\u0142u\u017cszej pracy, dzi\u0119ki czemu jest op\u0142acalnym wyborem dla powa\u017cnych vaper\u00f3w.<\/li>\n\n\n\n<li><strong>Aromatyczny i g\u0142adki<\/strong>: Technologia Dual Power zapewnia, \u017ce ka\u017cde zaci\u0105gni\u0119cie jest tak samo \u015bwie\u017ce i satysfakcjonuj\u0105ce jak pierwsze. <strong>g\u0142adkie, bogate smaki<\/strong> przez ca\u0142y okres u\u017cytkowania urz\u0105dzenia.<\/li>\n\n\n\n<li><strong>Idealny w podr\u00f3\u017cy<\/strong>: Kompaktowa i ergonomiczna konstrukcja sprawia, \u017ce <strong>Vozol Star<\/strong> \u0142atwy do przenoszenia i idealny do <strong>vaping w dowolnym miejscu<\/strong>.<\/li>\n\n\n\n<li><strong>Bezproblemowa dostawa<\/strong>: Enjoy <strong>szybka dostawa vape w Dubaju<\/strong> z Vape King DXB, przynosz\u0105c to, co najlepsze w waporyzacji na wyci\u0105gni\u0119cie r\u0119ki.<\/li>\n<\/ul>\n\n\n\n<h3 class=\"wp-block-heading\">Vozol star 20k <strong>Kluczowe cechy<\/strong><\/h3>\n\n\n\n<ul class=\"wp-block-list\">\n<li><strong>Niezr\u00f3wnana liczba zaci\u0105gni\u0119\u0107<\/strong>:<br>Z <strong>20 000 zaci\u0105gni\u0119\u0107<\/strong>, w <strong>Vozol Star 20000 Puffs Dual Power<\/strong> wyr\u00f3\u017cnia si\u0119 na rynku jako jeden z najd\u0142u\u017cej dzia\u0142aj\u0105cych waporyzator\u00f3w jednorazowych, idealny dla waper\u00f3w, kt\u00f3rzy chc\u0105 wyd\u0142u\u017cy\u0107 czas u\u017cytkowania bez po\u015bwi\u0119cania smaku lub wydajno\u015bci.<\/li>\n\n\n\n<li><strong>Technologia podw\u00f3jnego zasilania<\/strong>:<br>The <strong>Podw\u00f3jna moc<\/strong> stabilizuje moc wyj\u015bciow\u0105, zapewniaj\u0105c sta\u0142\u0105 wydajno\u015b\u0107 przy ka\u017cdym zaci\u0105gni\u0119ciu. Do\u015bwiadcz p\u0142ynnej, nieprzerwanej waporyzacji z bogatym smakiem, kt\u00f3ry nigdy nie zanika.<\/li>\n\n\n\n<li><strong>Kompaktowa i stylowa konstrukcja<\/strong>:<br>The <strong>Vozol Star<\/strong> ma eleganck\u0105 i przeno\u015bn\u0105 konstrukcj\u0119, kt\u00f3ra wygodnie mie\u015bci si\u0119 w d\u0142oni i kieszeni. Zabierz go ze sob\u0105, gdziekolwiek jeste\u015b, zapewniaj\u0105c sobie najwy\u017cszej jako\u015bci doznania z waporyzacji w podr\u00f3\u017cy.<\/li>\n\n\n\n<li><strong>Najwy\u017csza jako\u015b\u0107 wykonania<\/strong>:<br>Wykonany z wysokiej jako\u015bci materia\u0142\u00f3w <strong>Vozol Star 20000 Puffs<\/strong> oferuje zar\u00f3wno trwa\u0142o\u015b\u0107, jak i niezawodno\u015b\u0107, zapewniaj\u0105c d\u0142ugotrwa\u0142\u0105 wydajno\u015b\u0107, nawet przy cz\u0119stym u\u017cytkowaniu.<\/li>\n\n\n\n<li><strong>Wygodna dostawa Vape w Dubaju<\/strong>:<br>Pobierz <strong>Vozol Star 20000 Puffs Dual Power<\/strong> dostarczane prosto pod twoje drzwi w Dubaju dzi\u0119ki szybkim, bezpiecznym i bezproblemowym us\u0142ugom dostawy vape. Nigdy wi\u0119cej nie zabraknie ci ulubionego urz\u0105dzenia - Vape King DXB zapewnia dost\u0119p do najwy\u017cszej jako\u015bci produkt\u00f3w do waporyzacji w dogodnym dla ciebie czasie.<\/li>\n<\/ul>\n\n\n\n<h3 class=\"wp-block-heading\"><strong>Dost\u0119pne smaki<\/strong><\/h3>\n\n\n\n<p>Rozkoszuj si\u0119 szerok\u0105 gam\u0105 pysznych i orze\u017awiaj\u0105cych smak\u00f3w dzi\u0119ki <strong>Vozol Star 20000 Puffs Dual Power<\/strong>. Niezale\u017cnie od tego, czy preferujesz mieszanki owocowe, lodowe czy klasyczne, ka\u017cdy znajdzie co\u015b dla siebie:<\/p>\n\n\n\n<ul class=\"wp-block-list\">\n<li><strong>Arbuzowy l\u00f3d<\/strong><\/li>\n\n\n\n<li><strong>L\u00f3d winogronowy<\/strong><\/li>\n\n\n\n<li><strong>Mango Ice<\/strong><\/li>\n\n\n\n<li><strong>Podw\u00f3jny l\u00f3d jab\u0142kowy<\/strong><\/li>\n\n\n\n<li><strong>Truskawka Kiwi<\/strong><\/li>\n\n\n\n<li><strong>Arbuz malinowy<\/strong><\/li>\n\n\n\n<li><strong>Blue Razz Ice<\/strong><\/li>\n\n\n\n<li><strong>Mango truskawkowe<\/strong><\/li>\n\n\n\n<li><strong>Mango Brzoskwinia Arbuz<\/strong><\/li>\n\n\n\n<li><strong>Cherry Cola<\/strong><\/li>\n\n\n\n<li><strong>Soczysty brzoskwiniowy l\u00f3d<\/strong><\/li>\n\n\n\n<li><strong>Dragon Strawnana<\/strong><\/li>\n\n\n\n<li><strong>Jagody mieszane<\/strong><\/li>\n\n\n\n<li><strong>Lemon Lime<\/strong><\/li>\n\n\n\n<li><strong>Tropical Blast<\/strong><\/li>\n\n\n\n<li><strong>Blueberry Storm<\/strong><\/li>\n\n\n\n<li><strong>Perfumy Lemon<\/strong><\/li>\n\n\n\n<li><strong>Pomara\u0144cza Ananas Liczi<\/strong><\/li>\n\n\n\n<li><strong>Love 777<\/strong><\/li>\n\n\n\n<li><strong>Malina Jab\u0142ko Arbuz Ananas<\/strong><\/li>\n<\/ul>\n\n\n\n<h3 class=\"wp-block-heading\"><strong>Zam\u00f3w teraz i poznaj najlepsz\u0105 technologi\u0119 waporyzacji<\/strong><\/h3>\n\n\n\n<p>The <strong>Vozol Star 20000 Puffs Dual Power<\/strong> jest ju\u017c dost\u0119pny na stronie <strong>Vape King DXB<\/strong>. Ciesz si\u0119 <strong>d\u0142ugotrwa\u0142e zaci\u0105gni\u0119cia<\/strong>, Wyj\u0105tkowy smak i niezr\u00f3wnana wygoda w jednym urz\u0105dzeniu. Zam\u00f3w ju\u017c dzi\u015b i podnie\u015b sw\u00f3j poziom waporyzacji!<\/p>\n\n\n\n<p>Mo\u017cesz odwiedzi\u0107 inne produkty pod mark\u0105 vozol lub sprawdzi\u0107 r\u00f3wnie popularne produkty pod mark\u0105 vozol. <strong><a href=\"https:\/\/vapemaison.com\/brand\/vozol\/\">Marka VOZOL<\/a><\/strong>, lub sprawd\u017a r\u00f3wnie uwielbiane<strong> <a href=\"https:\/\/vapemaison.com\/product\/vozol-vista-20000-puff-vape\/\">VOZOL VISTA 20000<\/a><\/strong>.<\/p>\n\n\n\n<p><\/p>","protected":false},"excerpt":{"rendered":"<p data-start=\"3955\" data-end=\"4211\">Do\u015bwiadczenie <strong data-start=\"3966\" data-end=\"3982\">20 000 zaci\u0105gni\u0119\u0107<\/strong> z <strong data-start=\"3992\" data-end=\"4029\">Vozol Star 20000 Puffs Dual Power<\/strong>, zawieraj\u0105cy <strong data-start=\"4041\" data-end=\"4066\">Technologia podw\u00f3jnego zasilania<\/strong> dla sta\u0142ej wydajno\u015bci i g\u0142adkiego smaku. Kompaktowy, trwa\u0142y i dost\u0119pny w <strong data-start=\"4148\" data-end=\"4171\">24 ekscytuj\u0105ce smaki<\/strong>. Szybka i wygodna dostawa w VapeMaison.<\/p>","protected":false},"featured_media":11254,"comment_status":"open","ping_status":"closed","template":"","meta":[],"product_brand":[178],"product_cat":[133],"product_tag":[],"class_list":{"0":"post-11217","1":"product","2":"type-product","3":"status-publish","4":"has-post-thumbnail","6":"product_brand-vozol","7":"product_cat-20k-puffs","9":"first","10":"instock","11":"sale","12":"shipping-taxable","13":"purchasable","14":"product-type-variable"},"yoast_head":"<!-- This site is optimized with the Yoast SEO plugin v27.4 - https:\/\/yoast.com\/product\/yoast-seo-wordpress\/ -->\n<title>Vozol Star 20000 Puffs Dual Power Vape \u2013vozol star 20k Puffs<\/title>\n<meta name=\"description\" content=\"Discover the Vozol Star 20000 Puffs Dual Power, . Available in 24 flavors and ideal for on-the-go use, delivering a vaping experience anytime, anywhere.\" \/>\n<meta name=\"robots\" content=\"index, follow, max-snippet:-1, max-image-preview:large, max-video-preview:-1\" \/>\n<link rel=\"canonical\" href=\"https:\/\/vapemaison.com\/pl\/produkt\/vozol-star-20000-puffow-vape\/\" \/>\n<meta property=\"og:locale\" content=\"pl_PL\" \/>\n<meta property=\"og:type\" content=\"article\" \/>\n<meta property=\"og:title\" content=\"Vozol Star 20000 Puffs Dual Power Vape \u2013vozol star 20k Puffs\" \/>\n<meta property=\"og:description\" content=\"Discover the Vozol Star 20000 Puffs Dual Power, . Available in 24 flavors and ideal for on-the-go use, delivering a vaping experience anytime, anywhere.\" \/>\n<meta property=\"og:url\" content=\"https:\/\/vapemaison.com\/pl\/produkt\/vozol-star-20000-puffow-vape\/\" \/>\n<meta property=\"og:site_name\" content=\"VapeMaison\" \/>\n<meta property=\"article:modified_time\" content=\"2025-11-21T08:53:49+00:00\" \/>\n<meta property=\"og:image\" content=\"https:\/\/vapemaison.com\/wp-content\/uploads\/2025\/11\/vozol-star-20000-perfume-lemon-r8t8017-1.jpg\" \/>\n\t<meta property=\"og:image:width\" content=\"2048\" \/>\n\t<meta property=\"og:image:height\" content=\"1969\" \/>\n\t<meta property=\"og:image:type\" content=\"image\/jpeg\" \/>\n<meta name=\"twitter:card\" content=\"summary_large_image\" \/>\n<meta name=\"twitter:label1\" content=\"Szacowany czas czytania\" \/>\n\t<meta name=\"twitter:data1\" content=\"3 minuty\" \/>\n<!-- \/ Yoast SEO plugin. -->","yoast_head_json":{"title":"Vozol Star 20000 Puffs Dual Power Vape -vozol star 20k Puffs","description":"Odkryj Vozol Star 20000 Puffs Dual Power, . Dost\u0119pny w 24 smakach i idealny do u\u017cytku w podr\u00f3\u017cy, zapewniaj\u0105c doznania podczas waporyzacji w dowolnym miejscu i czasie.","robots":{"index":"index","follow":"follow","max-snippet":"max-snippet:-1","max-image-preview":"max-image-preview:large","max-video-preview":"max-video-preview:-1"},"canonical":"https:\/\/vapemaison.com\/pl\/produkt\/vozol-star-20000-puffow-vape\/","og_locale":"pl_PL","og_type":"article","og_title":"Vozol Star 20000 Puffs Dual Power Vape \u2013vozol star 20k Puffs","og_description":"Discover the Vozol Star 20000 Puffs Dual Power, . Available in 24 flavors and ideal for on-the-go use, delivering a vaping experience anytime, anywhere.","og_url":"https:\/\/vapemaison.com\/pl\/produkt\/vozol-star-20000-puffow-vape\/","og_site_name":"VapeMaison","article_modified_time":"2025-11-21T08:53:49+00:00","og_image":[{"width":2048,"height":1969,"url":"https:\/\/vapemaison.com\/wp-content\/uploads\/2025\/11\/vozol-star-20000-perfume-lemon-r8t8017-1.jpg","type":"image\/jpeg"}],"twitter_card":"summary_large_image","twitter_misc":{"Szacowany czas czytania":"3 minuty"},"schema":{"@context":"https:\/\/schema.org","@graph":[{"@type":"WebPage","@id":"https:\/\/vapemaison.com\/product\/vozol-star-20000-puffs-vape\/","url":"https:\/\/vapemaison.com\/product\/vozol-star-20000-puffs-vape\/","name":"Vozol Star 20000 Puffs Dual Power Vape -vozol star 20k Puffs","isPartOf":{"@id":"https:\/\/vapemaison.com\/#website"},"primaryImageOfPage":{"@id":"https:\/\/vapemaison.com\/product\/vozol-star-20000-puffs-vape\/#primaryimage"},"image":{"@id":"https:\/\/vapemaison.com\/product\/vozol-star-20000-puffs-vape\/#primaryimage"},"thumbnailUrl":"https:\/\/vapemaison.com\/wp-content\/uploads\/2025\/11\/vozol-star-20000-perfume-lemon-r8t8017-1.jpg","datePublished":"2025-11-11T06:33:43+00:00","dateModified":"2025-11-21T08:53:49+00:00","description":"Odkryj Vozol Star 20000 Puffs Dual Power, . Dost\u0119pny w 24 smakach i idealny do u\u017cytku w podr\u00f3\u017cy, zapewniaj\u0105c doznania podczas waporyzacji w dowolnym miejscu i czasie.","breadcrumb":{"@id":"https:\/\/vapemaison.com\/product\/vozol-star-20000-puffs-vape\/#breadcrumb"},"inLanguage":"pl-PL","potentialAction":[{"@type":"ReadAction","target":["https:\/\/vapemaison.com\/product\/vozol-star-20000-puffs-vape\/"]}]},{"@type":"ImageObject","inLanguage":"pl-PL","@id":"https:\/\/vapemaison.com\/product\/vozol-star-20000-puffs-vape\/#primaryimage","url":"https:\/\/vapemaison.com\/wp-content\/uploads\/2025\/11\/vozol-star-20000-perfume-lemon-r8t8017-1.jpg","contentUrl":"https:\/\/vapemaison.com\/wp-content\/uploads\/2025\/11\/vozol-star-20000-perfume-lemon-r8t8017-1.jpg","width":2048,"height":1969,"caption":"Vozol Star Perfume Lemon R8t Disposable Vape Device"},{"@type":"BreadcrumbList","@id":"https:\/\/vapemaison.com\/product\/vozol-star-20000-puffs-vape\/#breadcrumb","itemListElement":[{"@type":"ListItem","position":1,"name":"\u9996\u9875","item":"https:\/\/vapemaison.com\/"},{"@type":"ListItem","position":2,"name":"Shop","item":"https:\/\/vapemaison.com\/shop\/"},{"@type":"ListItem","position":3,"name":"Vozol","item":"https:\/\/vapemaison.com\/brand\/vozol\/"},{"@type":"ListItem","position":4,"name":"VOZOL STAR 20000 | Vozol star 20k PUFF 5%"}]},{"@type":"WebSite","@id":"https:\/\/vapemaison.com\/#website","url":"https:\/\/vapemaison.com\/","name":"VapeMaison","description":"Wysokiej jako\u015bci urz\u0105dzenia i akcesoria do waporyzacji","publisher":{"@id":"https:\/\/vapemaison.com\/#organization"},"potentialAction":[{"@type":"SearchAction","target":{"@type":"EntryPoint","urlTemplate":"https:\/\/vapemaison.com\/?s={search_term_string}"},"query-input":{"@type":"PropertyValueSpecification","valueRequired":true,"valueName":"search_term_string"}}],"inLanguage":"pl-PL"},{"@type":"Organization","@id":"https:\/\/vapemaison.com\/#organization","name":"VapeMaison","url":"https:\/\/vapemaison.com\/","logo":{"@type":"ImageObject","inLanguage":"pl-PL","@id":"https:\/\/vapemaison.com\/#\/schema\/logo\/image\/","url":"https:\/\/vapemaison.com\/wp-content\/uploads\/2026\/01\/cropped-vapemaison-logo-g-2026.webp","contentUrl":"https:\/\/vapemaison.com\/wp-content\/uploads\/2026\/01\/cropped-vapemaison-logo-g-2026.webp","width":350,"height":280,"caption":"VapeMaison"},"image":{"@id":"https:\/\/vapemaison.com\/#\/schema\/logo\/image\/"},"sameAs":["https:\/\/www.youtube.com\/@VapeMaison"]}]}},"tiered_pricing_type":"fixed","tiered_pricing_fixed_rules":{"30":"11.24","50":"10.36","100":"9.56","200":"8.47"},"tiered_pricing_product_settings":{"layout":"default","base_unit_name":{"singular":null,"plural":null},"default_variation":null},"tiered_pricing_minimum_quantity":10,"tiered_pricing_roles_data":[],"tiered_pricing_percentage_rules":[],"tiered_pricing_maximum_quantity":null,"tiered_pricing_quantity_step":"10","_links":{"self":[{"href":"https:\/\/vapemaison.com\/pl\/wp-json\/wp\/v2\/product\/11217","targetHints":{"allow":["GET"]}}],"collection":[{"href":"https:\/\/vapemaison.com\/pl\/wp-json\/wp\/v2\/product"}],"about":[{"href":"https:\/\/vapemaison.com\/pl\/wp-json\/wp\/v2\/types\/product"}],"replies":[{"embeddable":true,"href":"https:\/\/vapemaison.com\/pl\/wp-json\/wp\/v2\/comments?post=11217"}],"version-history":[{"count":0,"href":"https:\/\/vapemaison.com\/pl\/wp-json\/wp\/v2\/product\/11217\/revisions"}],"wp:featuredmedia":[{"embeddable":true,"href":"https:\/\/vapemaison.com\/pl\/wp-json\/wp\/v2\/media\/11254"}],"wp:attachment":[{"href":"https:\/\/vapemaison.com\/pl\/wp-json\/wp\/v2\/media?parent=11217"}],"wp:term":[{"taxonomy":"product_brand","embeddable":true,"href":"https:\/\/vapemaison.com\/pl\/wp-json\/wp\/v2\/product_brand?post=11217"},{"taxonomy":"product_cat","embeddable":true,"href":"https:\/\/vapemaison.com\/pl\/wp-json\/wp\/v2\/product_cat?post=11217"},{"taxonomy":"product_tag","embeddable":true,"href":"https:\/\/vapemaison.com\/pl\/wp-json\/wp\/v2\/product_tag?post=11217"}],"curies":[{"name":"wp","href":"https:\/\/api.w.org\/{rel}","templated":true}]}}