

{"id":11219,"date":"2025-11-11T06:33:44","date_gmt":"2025-11-11T06:33:44","guid":{"rendered":"https:\/\/vapemaison.com\/?post_type=product&#038;p=11219"},"modified":"2026-03-06T03:44:51","modified_gmt":"2026-03-06T03:44:51","slug":"jnr-falcon-16000-puff-jnr-16k","status":"publish","type":"product","link":"https:\/\/vapemaison.com\/pl\/product\/jnr-falcon-16000-puff-jnr-16k\/","title":{"rendered":"JNR Falcon 16000 Puff JNR 16k"},"content":{"rendered":"<h2 class=\"wp-block-heading\"><strong>JNR 16k Puffs Disposable Vape - mocne, d\u0142ugotrwa\u0142e doznania z waporyzacji<\/strong><\/h2>\n\n\n\n<p>The <strong>JNR 16k Puffs<\/strong> to wysokowydajny jednorazowy waporyzator zaprojektowany z my\u015bl\u0105 o zapewnieniu d\u0142ugotrwa\u0142ej przyjemno\u015bci i imponuj\u0105cych osi\u0105g\u00f3w. <strong>16k puff\u00f3w<\/strong> na urz\u0105dzenie. Wyposa\u017cony w zaawansowane <strong>Technologia podw\u00f3jnej cewki siatkowej<\/strong>, du\u017cy <strong>Akumulator 850 mAh<\/strong>, oraz <strong>Pojemno\u015b\u0107 e-liquidu 22 ml<\/strong>, To urz\u0105dzenie gwarantuje sp\u00f3jny smak, du\u017ce chmury i g\u0142adkie uderzenie w gard\u0142o. Idealny dla vaper\u00f3w, kt\u00f3rzy wymagaj\u0105 trwa\u0142o\u015bci i wydajno\u015bci. <strong>JNR 16k<\/strong> to idealny wyb\u00f3r na d\u0142u\u017csze sesje waporyzacji.<\/p>\n\n\n\n<h3 class=\"wp-block-heading\"><strong>Kluczowe cechy<\/strong><\/h3>\n\n\n\n<ul class=\"wp-block-list\">\n<li><strong>Do 16 000 zaci\u0105gni\u0119\u0107<\/strong>:<br>Ciesz si\u0119 d\u0142u\u017cszymi sesjami waporyzacji bez konieczno\u015bci cz\u0119stej wymiany urz\u0105dzenia.<\/li>\n\n\n\n<li><strong>Akumulator 850 mAh<\/strong>:<br>Du\u017ca pojemno\u015b\u0107 baterii zapewnia sta\u0142\u0105 wydajno\u015b\u0107 przez ca\u0142y okres u\u017cytkowania.<\/li>\n\n\n\n<li><strong>Cewki z podw\u00f3jn\u0105 siatk\u0105<\/strong>:<br>Zapewnia ulepszony smak i produkcj\u0119 pary, tworz\u0105c g\u0142adkie i bogate uderzenia w gard\u0142o.<\/li>\n\n\n\n<li><strong>Pojemno\u015b\u0107 22 ml e-p\u0142ynu<\/strong>:<br>Pojemny zbiornik e-liquidu zapewnia d\u0142ugotrwa\u0142e u\u017cytkowanie, eliminuj\u0105c konieczno\u015b\u0107 cz\u0119stego uzupe\u0142niania.<\/li>\n\n\n\n<li><strong>Podw\u00f3jne porty \u0142adowania<\/strong>:<br>Zawiera <strong>Typ-C<\/strong> oraz <strong>B\u0142yskawica<\/strong> porty do szybkiego i wygodnego \u0142adowania.<\/li>\n\n\n\n<li><strong>Mocne uderzenie w gard\u0142o i du\u017ce chmury<\/strong>:<br>Zaprojektowany dla waper\u00f3w, kt\u00f3rzy preferuj\u0105 mocne uderzenie w gard\u0142o i wi\u0119ksze chmury pary.<\/li>\n\n\n\n<li><strong>D\u0142ugotrwa\u0142y aromat<\/strong>:<br>Zachowuje \u015bwie\u017cy smak od pierwszego do ostatniego zaci\u0105gni\u0119cia.<\/li>\n<\/ul>\n\n\n\n<h3 class=\"wp-block-heading\"><strong>Dost\u0119pne smaki<\/strong><\/h3>\n\n\n\n<p>The <strong>JNR Falcon 16000<\/strong> oferuje szerok\u0105 gam\u0119 smak\u00f3w, kt\u00f3re zaspokoj\u0105 ka\u017cde preferencje:<\/p>\n\n\n\n<ul class=\"wp-block-list\">\n<li><strong>Blue Razz Ice<\/strong><\/li>\n\n\n\n<li><strong>L\u00f3d jagodowy z granatem<\/strong><\/li>\n\n\n\n<li><strong>Mango Passion Fruit<\/strong><\/li>\n\n\n\n<li><strong>Passion Fruit Kiwi<\/strong><\/li>\n\n\n\n<li><strong>Truskawka Kiwi<\/strong><\/li>\n\n\n\n<li><strong>Truskawkowy l\u00f3d arbuzowy<\/strong><\/li>\n\n\n\n<li><strong>Arbuzowy l\u00f3d<\/strong><\/li>\n\n\n\n<li><strong>Berry Burst<\/strong><\/li>\n\n\n\n<li><strong>Banan truskawkowy<\/strong><\/li>\n\n\n\n<li><strong>Jagody mieszane<\/strong><\/li>\n\n\n\n<li><strong>Cola Ice<\/strong><\/li>\n\n\n\n<li><strong>Jagoda Kiwi<\/strong><\/li>\n<\/ul>\n\n\n\n<h3 class=\"wp-block-heading\"><strong>Dlaczego warto wybra\u0107 JNR 16k?<\/strong><\/h3>\n\n\n\n<ul class=\"wp-block-list\">\n<li><strong>Trwa\u0142o\u015b\u0107 i wysoka wydajno\u015b\u0107<\/strong>:<br>The <strong>JNR Falcon 16000<\/strong> zosta\u0142a stworzona z my\u015bl\u0105 o vaperach, kt\u00f3rzy oczekuj\u0105 trwa\u0142o\u015bci i d\u0142ugiej \u017cywotno\u015bci urz\u0105dzenia. <strong>16 000 zaci\u0105gni\u0119\u0107<\/strong>.<\/li>\n\n\n\n<li><strong>Funkcje zaawansowane<\/strong>:<br>Z <strong>Podw\u00f3jne cewki siatkowe<\/strong> i du\u017cy <strong>Pojemno\u015b\u0107 e-liquidu 22 ml<\/strong>, To urz\u0105dzenie oferuje doskona\u0142y smak, par\u0119 i satysfakcjonuj\u0105ce uderzenie w gard\u0142o.<\/li>\n\n\n\n<li><strong>Podw\u00f3jne porty \u0142adowania<\/strong>:<br>Urz\u0105dzenie jest wyposa\u017cone w <strong>Typ-C<\/strong> oraz <strong>B\u0142yskawica<\/strong> port\u00f3w \u0142adowania, zapewniaj\u0105c \u0142atwe i szybkie \u0142adowanie.<\/li>\n\n\n\n<li><strong>R\u00f3\u017cnorodno\u015b\u0107 smak\u00f3w<\/strong>:<br>Wybierz spo\u015br\u00f3d szeregu <strong>owoce, mentol<\/strong>, oraz <strong>orze\u017awiaj\u0105ce mieszanki<\/strong> aby znale\u017a\u0107 idealne dopasowanie.<\/li>\n<\/ul>\n\n\n\n<h3 class=\"wp-block-heading\">16K <strong>Cena i promocje JNR Falcon<\/strong><\/h3>\n\n\n\n<p>Pobierz <strong>JNR Falcon 16000<\/strong> tylko <strong>\u20ac24.99<\/strong>, z <strong>7% zni\u017cka<\/strong> od pierwotnej ceny <strong>\u20ac26.99<\/strong>. Ciesz si\u0119 <strong>rabaty hurtowe<\/strong> dla jeszcze wi\u0119kszych oszcz\u0119dno\u015bci:<\/p>\n\n\n\n<ul class=\"wp-block-list\">\n<li><strong>Kup 3 urz\u0105dzenia za 65,99 \u20ac<\/strong> (oszcz\u0119dno\u015b\u0107 8,98 \u20ac).<\/li>\n\n\n\n<li><strong>Kup 5 urz\u0105dze\u0144 za 102,99 euro<\/strong> (oszcz\u0119dno\u015b\u0107 21,96 \u20ac).<\/li>\n<\/ul>\n\n\n\n<p>Skorzystaj z tych fantastycznych ofert i zaopatrz si\u0119 w swoje ulubione produkty <strong>JNR Falcon 16000<\/strong> smak\u00f3w w bezkonkurencyjnej cenie.<\/p>\n\n\n\n<h3 class=\"wp-block-heading\"><strong>Specyfikacje<\/strong><\/h3>\n\n\n\n<figure class=\"wp-block-table\"><table class=\"has-fixed-layout\"><thead><tr><th>Cecha<\/th><th>Szczeg\u00f3\u0142y<\/th><\/tr><\/thead><tbody><tr><td><strong>Puff Count<\/strong><\/td><td>Do 16 000 zaci\u0105gni\u0119\u0107<\/td><\/tr><tr><td><strong>Pojemno\u015b\u0107 akumulatora<\/strong><\/td><td>850 mAh<\/td><\/tr><tr><td><strong>Typ cewki<\/strong><\/td><td>Podw\u00f3jna siatka<\/td><\/tr><tr><td><strong>Pojemno\u015b\u0107 e-liquidu<\/strong><\/td><td>22 ml<\/td><\/tr><tr><td><strong>Porty \u0142adowania<\/strong><\/td><td>Type-C i Lightning<\/td><\/tr><tr><td><strong>Uderzenie w gard\u0142o<\/strong><\/td><td>Mocny i g\u0142adki<\/td><\/tr><tr><td><strong>Produkcja w chmurze<\/strong><\/td><td>Du\u017ce chmury<\/td><\/tr><\/tbody><\/table><\/figure>\n\n\n\n<h3 class=\"wp-block-heading\"><strong>Najcz\u0119\u015bciej zadawane pytania<\/strong><\/h3>\n\n\n\n<p><strong>1. Czym wyr\u00f3\u017cnia si\u0119 JNR Falcon 16000?<\/strong><br>The <strong>JNR Falcon 16000<\/strong> oferty <strong>16 000 zaci\u0105gni\u0119\u0107<\/strong>, <strong>Podw\u00f3jne cewki siatkowe<\/strong> dla lepszego smaku, <strong>22 ml e-liquidu<\/strong>, oraz <strong>podw\u00f3jne porty \u0142adowania<\/strong> dla wygody, dzi\u0119ki czemu idealnie nadaje si\u0119 do d\u0142ugotrwa\u0142ej waporyzacji.<\/p>\n\n\n\n<p><strong>2. Jak d\u0142ugo dzia\u0142a JNR Falcon 16000?<\/strong><br>Z <strong>16 000 zaci\u0105gni\u0119\u0107<\/strong> i <strong>Akumulator 850 mAh<\/strong>, w <strong>JNR Falcon 16000<\/strong> jest przeznaczony do d\u0142ugotrwa\u0142ego u\u017cytkowania bez konieczno\u015bci cz\u0119stej wymiany lub \u0142adowania.<\/p>\n\n\n\n<p><strong>3. Jakie smaki s\u0105 dost\u0119pne dla JNR Falcon 16000?<\/strong><br>Urz\u0105dzenie jest dost\u0119pne w wielu pysznych smakach, w tym <strong>Blue Razz Ice<\/strong>, <strong>Mango Passion Fruit<\/strong>, <strong>Truskawka Kiwi<\/strong>, i wiele innych.<\/p>","protected":false},"excerpt":{"rendered":"<p data-start=\"4724\" data-end=\"4918\">JNR Falcon 16000 oferuje 16 000 zaci\u0105gni\u0119\u0107, du\u017c\u0105 pojemno\u015b\u0107 22 ml e-liquidu i podw\u00f3jne cewki siatkowe zapewniaj\u0105ce p\u0142ynn\u0105 i aromatyczn\u0105 waporyzacj\u0119. Dost\u0119pny ju\u017c teraz z rabatami hurtowymi w VapeMaison.<\/p>","protected":false},"featured_media":11272,"comment_status":"open","ping_status":"closed","template":"","meta":[],"product_brand":[168],"product_cat":[291],"product_tag":[],"class_list":{"0":"post-11219","1":"product","2":"type-product","3":"status-publish","4":"has-post-thumbnail","6":"product_brand-jnr","7":"product_cat-16k-puffs","9":"first","10":"instock","11":"sale","12":"shipping-taxable","13":"purchasable","14":"product-type-variable","15":"has-default-attributes"},"yoast_head":"<!-- This site is optimized with the Yoast SEO plugin v27.4 - https:\/\/yoast.com\/product\/yoast-seo-wordpress\/ -->\n<title>JNR 16k Puffs Disposable Vape | JNR 16K Dual Mesh<\/title>\n<meta name=\"description\" content=\"Experience the JNR 16k Puffs Disposable Vape. Enjoy long-lasting flavor with up to 16,000 puffs. Buy now at VapesMaison with exclusive discounts.\" \/>\n<meta name=\"robots\" content=\"index, follow, max-snippet:-1, max-image-preview:large, max-video-preview:-1\" \/>\n<link rel=\"canonical\" href=\"https:\/\/vapemaison.com\/pl\/produkt\/jnr-falcon-16000-puff-jnr-16k\/\" \/>\n<meta property=\"og:locale\" content=\"pl_PL\" \/>\n<meta property=\"og:type\" content=\"article\" \/>\n<meta property=\"og:title\" content=\"JNR 16k Puffs Disposable Vape | JNR 16K Dual Mesh\" \/>\n<meta property=\"og:description\" content=\"Experience the JNR 16k Puffs Disposable Vape. Enjoy long-lasting flavor with up to 16,000 puffs. Buy now at VapesMaison with exclusive discounts.\" \/>\n<meta property=\"og:url\" content=\"https:\/\/vapemaison.com\/pl\/produkt\/jnr-falcon-16000-puff-jnr-16k\/\" \/>\n<meta property=\"og:site_name\" content=\"VapeMaison\" \/>\n<meta property=\"article:modified_time\" content=\"2026-03-06T03:44:51+00:00\" \/>\n<meta property=\"og:image\" content=\"https:\/\/vapemaison.com\/wp-content\/uploads\/2025\/11\/peach-oolong-tea-falcon-16000-puffs-picture-1.jpg\" \/>\n\t<meta property=\"og:image:width\" content=\"2500\" \/>\n\t<meta property=\"og:image:height\" content=\"2500\" \/>\n\t<meta property=\"og:image:type\" content=\"image\/jpeg\" \/>\n<meta name=\"twitter:card\" content=\"summary_large_image\" \/>\n<meta name=\"twitter:label1\" content=\"Szacowany czas czytania\" \/>\n\t<meta name=\"twitter:data1\" content=\"3 minuty\" \/>\n<!-- \/ Yoast SEO plugin. -->","yoast_head_json":{"title":"JNR 16k Puffs Jednorazowe Vape | JNR 16K Dual Mesh","description":"Poznaj jednorazowy waporyzator JNR 16k Puffs. Ciesz si\u0119 d\u0142ugotrwa\u0142ym smakiem do 16 000 zaci\u0105gni\u0119\u0107. Kup teraz w VapesMaison z ekskluzywnymi rabatami.","robots":{"index":"index","follow":"follow","max-snippet":"max-snippet:-1","max-image-preview":"max-image-preview:large","max-video-preview":"max-video-preview:-1"},"canonical":"https:\/\/vapemaison.com\/pl\/produkt\/jnr-falcon-16000-puff-jnr-16k\/","og_locale":"pl_PL","og_type":"article","og_title":"JNR 16k Puffs Disposable Vape | JNR 16K Dual Mesh","og_description":"Experience the JNR 16k Puffs Disposable Vape. Enjoy long-lasting flavor with up to 16,000 puffs. Buy now at VapesMaison with exclusive discounts.","og_url":"https:\/\/vapemaison.com\/pl\/produkt\/jnr-falcon-16000-puff-jnr-16k\/","og_site_name":"VapeMaison","article_modified_time":"2026-03-06T03:44:51+00:00","og_image":[{"width":2500,"height":2500,"url":"https:\/\/vapemaison.com\/wp-content\/uploads\/2025\/11\/peach-oolong-tea-falcon-16000-puffs-picture-1.jpg","type":"image\/jpeg"}],"twitter_card":"summary_large_image","twitter_misc":{"Szacowany czas czytania":"3 minuty"},"schema":{"@context":"https:\/\/schema.org","@graph":[{"@type":"WebPage","@id":"https:\/\/vapemaison.com\/product\/jnr-falcon-16000-puff-jnr-16k\/","url":"https:\/\/vapemaison.com\/product\/jnr-falcon-16000-puff-jnr-16k\/","name":"JNR 16k Puffs Jednorazowe Vape | JNR 16K Dual Mesh","isPartOf":{"@id":"https:\/\/vapemaison.com\/#website"},"primaryImageOfPage":{"@id":"https:\/\/vapemaison.com\/product\/jnr-falcon-16000-puff-jnr-16k\/#primaryimage"},"image":{"@id":"https:\/\/vapemaison.com\/product\/jnr-falcon-16000-puff-jnr-16k\/#primaryimage"},"thumbnailUrl":"https:\/\/vapemaison.com\/wp-content\/uploads\/2025\/11\/peach-oolong-tea-falcon-16000-puffs-picture-1.jpg","datePublished":"2025-11-11T06:33:44+00:00","dateModified":"2026-03-06T03:44:51+00:00","description":"Poznaj jednorazowy waporyzator JNR 16k Puffs. Ciesz si\u0119 d\u0142ugotrwa\u0142ym smakiem do 16 000 zaci\u0105gni\u0119\u0107. Kup teraz w VapesMaison z ekskluzywnymi rabatami.","breadcrumb":{"@id":"https:\/\/vapemaison.com\/product\/jnr-falcon-16000-puff-jnr-16k\/#breadcrumb"},"inLanguage":"pl-PL","potentialAction":[{"@type":"ReadAction","target":["https:\/\/vapemaison.com\/product\/jnr-falcon-16000-puff-jnr-16k\/"]}]},{"@type":"ImageObject","inLanguage":"pl-PL","@id":"https:\/\/vapemaison.com\/product\/jnr-falcon-16000-puff-jnr-16k\/#primaryimage","url":"https:\/\/vapemaison.com\/wp-content\/uploads\/2025\/11\/peach-oolong-tea-falcon-16000-puffs-picture-1.jpg","contentUrl":"https:\/\/vapemaison.com\/wp-content\/uploads\/2025\/11\/peach-oolong-tea-falcon-16000-puffs-picture-1.jpg","width":2500,"height":2500,"caption":"Peach Oolong Tea Falcon Puffs Picture Disposable Vape Device"},{"@type":"BreadcrumbList","@id":"https:\/\/vapemaison.com\/product\/jnr-falcon-16000-puff-jnr-16k\/#breadcrumb","itemListElement":[{"@type":"ListItem","position":1,"name":"\u9996\u9875","item":"https:\/\/vapemaison.com\/"},{"@type":"ListItem","position":2,"name":"Shop","item":"https:\/\/vapemaison.com\/shop\/"},{"@type":"ListItem","position":3,"name":"JNR","item":"https:\/\/vapemaison.com\/brand\/jnr\/"},{"@type":"ListItem","position":4,"name":"JNR Falcon 16000 Puff JNR 16k"}]},{"@type":"WebSite","@id":"https:\/\/vapemaison.com\/#website","url":"https:\/\/vapemaison.com\/","name":"VapeMaison","description":"Wysokiej jako\u015bci urz\u0105dzenia i akcesoria do waporyzacji","publisher":{"@id":"https:\/\/vapemaison.com\/#organization"},"potentialAction":[{"@type":"SearchAction","target":{"@type":"EntryPoint","urlTemplate":"https:\/\/vapemaison.com\/?s={search_term_string}"},"query-input":{"@type":"PropertyValueSpecification","valueRequired":true,"valueName":"search_term_string"}}],"inLanguage":"pl-PL"},{"@type":"Organization","@id":"https:\/\/vapemaison.com\/#organization","name":"VapeMaison","url":"https:\/\/vapemaison.com\/","logo":{"@type":"ImageObject","inLanguage":"pl-PL","@id":"https:\/\/vapemaison.com\/#\/schema\/logo\/image\/","url":"https:\/\/vapemaison.com\/wp-content\/uploads\/2026\/01\/cropped-vapemaison-logo-g-2026.webp","contentUrl":"https:\/\/vapemaison.com\/wp-content\/uploads\/2026\/01\/cropped-vapemaison-logo-g-2026.webp","width":350,"height":280,"caption":"VapeMaison"},"image":{"@id":"https:\/\/vapemaison.com\/#\/schema\/logo\/image\/"},"sameAs":["https:\/\/www.youtube.com\/@VapeMaison"]}]}},"tiered_pricing_type":"fixed","tiered_pricing_fixed_rules":{"30":"11.42","50":"10.99","100":"10.54","200":"9.98"},"tiered_pricing_product_settings":{"layout":"default","base_unit_name":{"singular":null,"plural":null},"default_variation":null},"tiered_pricing_minimum_quantity":10,"tiered_pricing_roles_data":[],"tiered_pricing_percentage_rules":[],"tiered_pricing_maximum_quantity":null,"tiered_pricing_quantity_step":"10","_links":{"self":[{"href":"https:\/\/vapemaison.com\/pl\/wp-json\/wp\/v2\/product\/11219","targetHints":{"allow":["GET"]}}],"collection":[{"href":"https:\/\/vapemaison.com\/pl\/wp-json\/wp\/v2\/product"}],"about":[{"href":"https:\/\/vapemaison.com\/pl\/wp-json\/wp\/v2\/types\/product"}],"replies":[{"embeddable":true,"href":"https:\/\/vapemaison.com\/pl\/wp-json\/wp\/v2\/comments?post=11219"}],"version-history":[{"count":1,"href":"https:\/\/vapemaison.com\/pl\/wp-json\/wp\/v2\/product\/11219\/revisions"}],"predecessor-version":[{"id":27795,"href":"https:\/\/vapemaison.com\/pl\/wp-json\/wp\/v2\/product\/11219\/revisions\/27795"}],"wp:featuredmedia":[{"embeddable":true,"href":"https:\/\/vapemaison.com\/pl\/wp-json\/wp\/v2\/media\/11272"}],"wp:attachment":[{"href":"https:\/\/vapemaison.com\/pl\/wp-json\/wp\/v2\/media?parent=11219"}],"wp:term":[{"taxonomy":"product_brand","embeddable":true,"href":"https:\/\/vapemaison.com\/pl\/wp-json\/wp\/v2\/product_brand?post=11219"},{"taxonomy":"product_cat","embeddable":true,"href":"https:\/\/vapemaison.com\/pl\/wp-json\/wp\/v2\/product_cat?post=11219"},{"taxonomy":"product_tag","embeddable":true,"href":"https:\/\/vapemaison.com\/pl\/wp-json\/wp\/v2\/product_tag?post=11219"}],"curies":[{"name":"wp","href":"https:\/\/api.w.org\/{rel}","templated":true}]}}