

{"id":11222,"date":"2025-11-11T06:33:44","date_gmt":"2025-11-11T06:33:44","guid":{"rendered":"https:\/\/vapemaison.com\/?post_type=product&#038;p=11222"},"modified":"2025-11-21T08:52:50","modified_gmt":"2025-11-21T08:52:50","slug":"vozol-20k-puff-5","status":"publish","type":"product","link":"https:\/\/vapemaison.com\/pl\/product\/vozol-20k-puffs-5\/","title":{"rendered":"Vozol 20k Puffs 5%"},"content":{"rendered":"<h3 class=\"wp-block-heading\"><strong>Vozol 20K Puffs Dual Power - zaawansowany jednorazowy Vape dla smaku i mocy<\/strong><\/h3>\n\n\n\n<p>The <strong>Vozol 20K Puffs Dual Power<\/strong> wyznacza nowy standard w jednorazowej waporyzacji dzi\u0119ki inteligentnej technologii podw\u00f3jnego zasilania i ogromnej pojemno\u015bci. Dostarcza do <strong>20 000 g\u0142adkich, aromatycznych ptysi\u00f3w<\/strong>, Zosta\u0142a stworzona z my\u015bl\u0105 o u\u017cytkownikach, kt\u00f3rzy ceni\u0105 sobie sp\u00f3jno\u015b\u0107, styl i wygod\u0119.<\/p>\n\n\n\n<h4 class=\"wp-block-heading\"><strong>Dlaczego warto wybra\u0107 Vozol 20K Dual Power<\/strong><\/h4>\n\n\n\n<ul class=\"wp-block-list\">\n<li><strong>Ogromna pojemno\u015b\u0107:<\/strong> Ciesz si\u0119 nawet 20 000 zaci\u0105gni\u0119\u0107 ze stabiln\u0105 moc\u0105 i niezawodn\u0105 wydajno\u015bci\u0105.<\/li>\n\n\n\n<li><strong>Bogaty, sp\u00f3jny smak:<\/strong> Technologia Dual Power sprawia, \u017ce ka\u017cde zaci\u0105gni\u0119cie jest g\u0142adkie i pe\u0142ne smaku.<\/li>\n\n\n\n<li><strong>Kompaktowy i stylowy:<\/strong> Elegancka konstrukcja, \u0142atwa do przenoszenia i wygodna w d\u0142oni.<\/li>\n\n\n\n<li><strong>Niezawodna konstrukcja:<\/strong> Wykonane z najwy\u017cszej jako\u015bci materia\u0142\u00f3w zapewniaj\u0105cych niezawodn\u0105 jako\u015b\u0107 i d\u0142ug\u0105 \u017cywotno\u015b\u0107.<\/li>\n<\/ul>\n\n\n\n<h4 class=\"wp-block-heading\"><strong>Poznaj r\u00f3\u017cnic\u0119<\/strong><\/h4>\n\n\n\n<p>The <strong>Vozol 20K Dual Power<\/strong> \u0142\u0105czy w sobie zaawansowan\u0105 technologi\u0119, p\u0142ynne dzia\u0142anie i r\u00f3\u017cnorodne smaki, aby zapewni\u0107 najwy\u017cszej jako\u015bci doznania podczas waporyzacji - zawsze i wsz\u0119dzie.<\/p>\n\n\n\n<h3 class=\"wp-block-heading\"><strong>Dost\u0119pne smaki<\/strong><\/h3>\n\n\n\n<p>Rozkoszuj si\u0119 szerok\u0105 gam\u0105 pysznych i orze\u017awiaj\u0105cych smak\u00f3w dzi\u0119ki <strong>Vozol Star 20000 Puffs Dual Power<\/strong>. Niezale\u017cnie od tego, czy preferujesz mieszanki owocowe, lodowe czy klasyczne, ka\u017cdy znajdzie co\u015b dla siebie:<\/p>\n\n\n\n<ul class=\"wp-block-list\">\n<li><strong>Arbuzowy l\u00f3d<\/strong><\/li>\n\n\n\n<li><strong>L\u00f3d winogronowy<\/strong><\/li>\n\n\n\n<li><strong>Mango Ice<\/strong><\/li>\n\n\n\n<li><strong>Podw\u00f3jny l\u00f3d jab\u0142kowy<\/strong><\/li>\n\n\n\n<li><strong>Truskawka Kiwi<\/strong><\/li>\n\n\n\n<li><strong>Arbuz malinowy<\/strong><\/li>\n\n\n\n<li><strong>Blue Razz Ice<\/strong><\/li>\n\n\n\n<li><strong>Mango truskawkowe<\/strong><\/li>\n\n\n\n<li><strong>Mango Brzoskwinia Arbuz<\/strong><\/li>\n\n\n\n<li><strong>Cherry Cola<\/strong><\/li>\n\n\n\n<li><strong>Soczysty brzoskwiniowy l\u00f3d<\/strong><\/li>\n\n\n\n<li><strong>Dragon Strawnana<\/strong><\/li>\n\n\n\n<li><strong>Jagody mieszane<\/strong><\/li>\n\n\n\n<li><strong>Lemon Lime<\/strong><\/li>\n\n\n\n<li><strong>Tropical Blast<\/strong><\/li>\n\n\n\n<li><strong>Blueberry Storm<\/strong><\/li>\n\n\n\n<li><strong>Perfumy Lemon<\/strong><\/li>\n\n\n\n<li><strong>Pomara\u0144cza Ananas Liczi<\/strong><\/li>\n\n\n\n<li><strong>Love 777<\/strong><\/li>\n\n\n\n<li><strong>Malina Jab\u0142ko Arbuz Ananas<\/strong><\/li>\n<\/ul>\n\n\n\n<h3 class=\"wp-block-heading\"><strong>Zam\u00f3w teraz i poznaj najlepsz\u0105 technologi\u0119 waporyzacji<\/strong><\/h3>\n\n\n\n<p>The <strong>Vozol Star 20000 Puffs Dual Power<\/strong> jest ju\u017c dost\u0119pny na stronie <strong>Vape King DXB<\/strong>. Ciesz si\u0119 <strong>d\u0142ugotrwa\u0142e zaci\u0105gni\u0119cia<\/strong>, Wyj\u0105tkowy smak i niezr\u00f3wnana wygoda w jednym urz\u0105dzeniu. Zam\u00f3w ju\u017c dzi\u015b i podnie\u015b sw\u00f3j poziom waporyzacji!<\/p>\n\n\n\n<p>Mo\u017cesz odwiedzi\u0107 inne produkty pod mark\u0105 vozol lub sprawdzi\u0107 r\u00f3wnie popularne produkty pod mark\u0105 vozol. <strong><a href=\"https:\/\/vapemaison.com\/brand\/vozol\/\">Marka VOZOL<\/a><\/strong>, lub sprawd\u017a r\u00f3wnie uwielbiane<strong> <a href=\"https:\/\/vapemaison.com\/product\/vozol-vista-20000-puff-vape\/\">VOZOL VISTA 20000<\/a><\/strong>.<\/p>\n\n\n\n<p><\/p>","protected":false},"excerpt":{"rendered":"<p data-start=\"3955\" data-end=\"4211\">Prze\u017cyj 20000 zaci\u0105gni\u0119\u0107 dzi\u0119ki <strong>Vozol 20k<\/strong>Puffs Dual Power, wyposa\u017cony w technologi\u0119 Dual Power dla sta\u0142ej wydajno\u015bci i g\u0142adkiego smaku. Kompaktowy, trwa\u0142y i dost\u0119pny w 24 ekscytuj\u0105cych smakach. Szybka i wygodna dostawa w VapeMaison.<\/p>","protected":false},"featured_media":11258,"comment_status":"open","ping_status":"closed","template":"","meta":[],"product_brand":[178],"product_cat":[133],"product_tag":[],"class_list":{"0":"post-11222","1":"product","2":"type-product","3":"status-publish","4":"has-post-thumbnail","6":"product_brand-vozol","7":"product_cat-20k-puffs","9":"first","10":"instock","11":"sale","12":"shipping-taxable","13":"purchasable","14":"product-type-variable"},"yoast_head":"<!-- This site is optimized with the Yoast SEO plugin v27.4 - https:\/\/yoast.com\/product\/yoast-seo-wordpress\/ -->\n<title>Vozol 20k Puffs Dual Power Vape \u2013 20k Puffs<\/title>\n<meta name=\"description\" content=\"Discover the Vozol 20k Puffs Dual Power . Available in 24 flavors and ideal for on-the-go use, delivering a vaping experience anytime, anywhere.\" \/>\n<meta name=\"robots\" content=\"index, follow, max-snippet:-1, max-image-preview:large, max-video-preview:-1\" \/>\n<link rel=\"canonical\" href=\"https:\/\/vapemaison.com\/pl\/produkt\/vozol-20k-puff-5\/\" \/>\n<meta property=\"og:locale\" content=\"pl_PL\" \/>\n<meta property=\"og:type\" content=\"article\" \/>\n<meta property=\"og:title\" content=\"Vozol 20k Puffs Dual Power Vape \u2013 20k Puffs\" \/>\n<meta property=\"og:description\" content=\"Discover the Vozol 20k Puffs Dual Power . Available in 24 flavors and ideal for on-the-go use, delivering a vaping experience anytime, anywhere.\" \/>\n<meta property=\"og:url\" content=\"https:\/\/vapemaison.com\/pl\/produkt\/vozol-20k-puff-5\/\" \/>\n<meta property=\"og:site_name\" content=\"VapeMaison\" \/>\n<meta property=\"article:modified_time\" content=\"2025-11-21T08:52:50+00:00\" \/>\n<meta property=\"og:image\" content=\"https:\/\/vapemaison.com\/wp-content\/uploads\/2025\/11\/vozol-star-20000-raspberry-apple-watermelon-pineapple-r8t8018-1.jpg\" \/>\n\t<meta property=\"og:image:width\" content=\"2048\" \/>\n\t<meta property=\"og:image:height\" content=\"1963\" \/>\n\t<meta property=\"og:image:type\" content=\"image\/jpeg\" \/>\n<meta name=\"twitter:card\" content=\"summary_large_image\" \/>\n<meta name=\"twitter:label1\" content=\"Szacowany czas czytania\" \/>\n\t<meta name=\"twitter:data1\" content=\"2 minuty\" \/>\n<!-- \/ Yoast SEO plugin. -->","yoast_head_json":{"title":"Vozol 20k Puffs Dual Power Vape - 20k Puffs","description":"Odkryj Vozol 20k Puffs Dual Power . Dost\u0119pny w 24 smakach i idealny do u\u017cytku w podr\u00f3\u017cy, zapewniaj\u0105cy doznania podczas waporyzacji w dowolnym miejscu i czasie.","robots":{"index":"index","follow":"follow","max-snippet":"max-snippet:-1","max-image-preview":"max-image-preview:large","max-video-preview":"max-video-preview:-1"},"canonical":"https:\/\/vapemaison.com\/pl\/produkt\/vozol-20k-puff-5\/","og_locale":"pl_PL","og_type":"article","og_title":"Vozol 20k Puffs Dual Power Vape \u2013 20k Puffs","og_description":"Discover the Vozol 20k Puffs Dual Power . Available in 24 flavors and ideal for on-the-go use, delivering a vaping experience anytime, anywhere.","og_url":"https:\/\/vapemaison.com\/pl\/produkt\/vozol-20k-puff-5\/","og_site_name":"VapeMaison","article_modified_time":"2025-11-21T08:52:50+00:00","og_image":[{"width":2048,"height":1963,"url":"https:\/\/vapemaison.com\/wp-content\/uploads\/2025\/11\/vozol-star-20000-raspberry-apple-watermelon-pineapple-r8t8018-1.jpg","type":"image\/jpeg"}],"twitter_card":"summary_large_image","twitter_misc":{"Szacowany czas czytania":"2 minuty"},"schema":{"@context":"https:\/\/schema.org","@graph":[{"@type":"WebPage","@id":"https:\/\/vapemaison.com\/product\/vozol-20k-puffs-5\/","url":"https:\/\/vapemaison.com\/product\/vozol-20k-puffs-5\/","name":"Vozol 20k Puffs Dual Power Vape - 20k Puffs","isPartOf":{"@id":"https:\/\/vapemaison.com\/#website"},"primaryImageOfPage":{"@id":"https:\/\/vapemaison.com\/product\/vozol-20k-puffs-5\/#primaryimage"},"image":{"@id":"https:\/\/vapemaison.com\/product\/vozol-20k-puffs-5\/#primaryimage"},"thumbnailUrl":"https:\/\/vapemaison.com\/wp-content\/uploads\/2025\/11\/vozol-star-20000-raspberry-apple-watermelon-pineapple-r8t8018-1.jpg","datePublished":"2025-11-11T06:33:44+00:00","dateModified":"2025-11-21T08:52:50+00:00","description":"Odkryj Vozol 20k Puffs Dual Power . Dost\u0119pny w 24 smakach i idealny do u\u017cytku w podr\u00f3\u017cy, zapewniaj\u0105cy doznania podczas waporyzacji w dowolnym miejscu i czasie.","breadcrumb":{"@id":"https:\/\/vapemaison.com\/product\/vozol-20k-puffs-5\/#breadcrumb"},"inLanguage":"pl-PL","potentialAction":[{"@type":"ReadAction","target":["https:\/\/vapemaison.com\/product\/vozol-20k-puffs-5\/"]}]},{"@type":"ImageObject","inLanguage":"pl-PL","@id":"https:\/\/vapemaison.com\/product\/vozol-20k-puffs-5\/#primaryimage","url":"https:\/\/vapemaison.com\/wp-content\/uploads\/2025\/11\/vozol-star-20000-raspberry-apple-watermelon-pineapple-r8t8018-1.jpg","contentUrl":"https:\/\/vapemaison.com\/wp-content\/uploads\/2025\/11\/vozol-star-20000-raspberry-apple-watermelon-pineapple-r8t8018-1.jpg","width":2048,"height":1963,"caption":"Vozol Star Raspberry Apple Watermelon Pineapple R8t Disposable Vape Device"},{"@type":"BreadcrumbList","@id":"https:\/\/vapemaison.com\/product\/vozol-20k-puffs-5\/#breadcrumb","itemListElement":[{"@type":"ListItem","position":1,"name":"\u9996\u9875","item":"https:\/\/vapemaison.com\/"},{"@type":"ListItem","position":2,"name":"Shop","item":"https:\/\/vapemaison.com\/shop\/"},{"@type":"ListItem","position":3,"name":"Vozol","item":"https:\/\/vapemaison.com\/brand\/vozol\/"},{"@type":"ListItem","position":4,"name":"Vozol 20k Puffs 5%"}]},{"@type":"WebSite","@id":"https:\/\/vapemaison.com\/#website","url":"https:\/\/vapemaison.com\/","name":"VapeMaison","description":"Wysokiej jako\u015bci urz\u0105dzenia i akcesoria do waporyzacji","publisher":{"@id":"https:\/\/vapemaison.com\/#organization"},"potentialAction":[{"@type":"SearchAction","target":{"@type":"EntryPoint","urlTemplate":"https:\/\/vapemaison.com\/?s={search_term_string}"},"query-input":{"@type":"PropertyValueSpecification","valueRequired":true,"valueName":"search_term_string"}}],"inLanguage":"pl-PL"},{"@type":"Organization","@id":"https:\/\/vapemaison.com\/#organization","name":"VapeMaison","url":"https:\/\/vapemaison.com\/","logo":{"@type":"ImageObject","inLanguage":"pl-PL","@id":"https:\/\/vapemaison.com\/#\/schema\/logo\/image\/","url":"https:\/\/vapemaison.com\/wp-content\/uploads\/2026\/01\/cropped-vapemaison-logo-g-2026.webp","contentUrl":"https:\/\/vapemaison.com\/wp-content\/uploads\/2026\/01\/cropped-vapemaison-logo-g-2026.webp","width":350,"height":280,"caption":"VapeMaison"},"image":{"@id":"https:\/\/vapemaison.com\/#\/schema\/logo\/image\/"},"sameAs":["https:\/\/www.youtube.com\/@VapeMaison"]}]}},"tiered_pricing_type":"fixed","tiered_pricing_fixed_rules":{"30":"11.24","50":"10.36","100":"9.56","200":"8.47"},"tiered_pricing_product_settings":{"layout":"default","base_unit_name":{"singular":null,"plural":null},"default_variation":null},"tiered_pricing_minimum_quantity":10,"tiered_pricing_roles_data":[],"tiered_pricing_percentage_rules":[],"tiered_pricing_maximum_quantity":null,"tiered_pricing_quantity_step":"10","_links":{"self":[{"href":"https:\/\/vapemaison.com\/pl\/wp-json\/wp\/v2\/product\/11222","targetHints":{"allow":["GET"]}}],"collection":[{"href":"https:\/\/vapemaison.com\/pl\/wp-json\/wp\/v2\/product"}],"about":[{"href":"https:\/\/vapemaison.com\/pl\/wp-json\/wp\/v2\/types\/product"}],"replies":[{"embeddable":true,"href":"https:\/\/vapemaison.com\/pl\/wp-json\/wp\/v2\/comments?post=11222"}],"version-history":[{"count":0,"href":"https:\/\/vapemaison.com\/pl\/wp-json\/wp\/v2\/product\/11222\/revisions"}],"wp:featuredmedia":[{"embeddable":true,"href":"https:\/\/vapemaison.com\/pl\/wp-json\/wp\/v2\/media\/11258"}],"wp:attachment":[{"href":"https:\/\/vapemaison.com\/pl\/wp-json\/wp\/v2\/media?parent=11222"}],"wp:term":[{"taxonomy":"product_brand","embeddable":true,"href":"https:\/\/vapemaison.com\/pl\/wp-json\/wp\/v2\/product_brand?post=11222"},{"taxonomy":"product_cat","embeddable":true,"href":"https:\/\/vapemaison.com\/pl\/wp-json\/wp\/v2\/product_cat?post=11222"},{"taxonomy":"product_tag","embeddable":true,"href":"https:\/\/vapemaison.com\/pl\/wp-json\/wp\/v2\/product_tag?post=11222"}],"curies":[{"name":"wp","href":"https:\/\/api.w.org\/{rel}","templated":true}]}}