

{"id":12332,"date":"2025-11-11T08:55:23","date_gmt":"2025-11-11T08:55:23","guid":{"rendered":"https:\/\/vapemaison.com\/?post_type=product&#038;p=12332"},"modified":"2026-04-14T07:25:08","modified_gmt":"2026-04-14T07:25:08","slug":"elf-bar-vape-30000-elf-bar-combo-pro-lime-cola","status":"publish","type":"product","link":"https:\/\/vapemaison.com\/pl\/product\/elf-bar-vape-30000-elf-bar-combo-pro-lime-cola\/","title":{"rendered":"Elf Bar Vape 30000 - Elf Bar Combo Pro Lime Cola"},"content":{"rendered":"<p><strong>Elf Bar Vape 30000<\/strong><\/p>\n\n\n\n<p>Odkryj Elf Bar Vape 30000, now\u0105 generacj\u0119 waporyzacji jednorazowej.<br>Zaprojektowane z my\u015bl\u0105 o mocy, wszechstronno\u015bci i odwa\u017cnym smaku, urz\u0105dzenie to \u0142\u0105czy w sobie inteligentn\u0105 konstrukcj\u0119 z zaawansowan\u0105 wydajno\u015bci\u0105 waporyzacji - idealne dla u\u017cytkownik\u00f3w, kt\u00f3rzy chc\u0105 zar\u00f3wno d\u0142ugiej \u017cywotno\u015bci, jak i najwy\u017cszej jako\u015bci smaku.<\/p>\n\n\n\n<p>Dzi\u0119ki 22 ml wst\u0119pnie nape\u0142nionego e-liquidu i akumulatorowi 850 mAh, Combo Pro zapewnia do 30 000 zaci\u0105gni\u0119\u0107 g\u0142adkiej, aromatycznej pary. Niezale\u017cnie od tego, czy chcesz \u0142agodnego zaci\u0105gania si\u0119, czy mocnego uderzenia, to urz\u0105dzenie dostosowuje si\u0119 do Twojego stylu.<\/p>\n\n\n\n<h3 class=\"wp-block-heading\">Wydajny system Dual-Mode<\/h3>\n\n\n\n<p>\u0141atwe prze\u0142\u0105czanie mi\u0119dzy dwoma dynamicznymi trybami zasilania:<\/p>\n\n\n\n<ul class=\"wp-block-list\">\n<li><strong>Tryb Lite (15 W):<\/strong> Zapewnia p\u0142ynn\u0105, d\u0142ugotrwa\u0142\u0105 waporyzacj\u0119 z maksymaln\u0105 liczb\u0105 zaci\u0105gni\u0119\u0107<\/li>\n\n\n\n<li><strong>Tryb Turbo (35 W):<\/strong> G\u0119ste chmury, bogatszy smak i intensywne uderzenie<\/li>\n<\/ul>\n\n\n\n<p>W po\u0142\u0105czeniu z unikalnym prze\u0142\u0105cznikiem combo, u\u017cytkownicy mog\u0105 cieszy\u0107 si\u0119 trybami pojedynczego smaku, podw\u00f3jnego smaku lub mieszanego smaku - oferuj\u0105c w pe\u0142ni konfigurowalne wra\u017cenia z waporyzacji.<\/p>\n\n\n\n<h3 class=\"wp-block-heading\">Najwa\u017cniejszy smak: Elf Bull &amp; Lime Cola<\/h3>\n\n\n\n<p>Do\u015bwiadcz energetyzuj\u0105cego po\u0142\u0105czenia napoju energetycznego Elf Bull z klasyczn\u0105 limonkow\u0105 col\u0105.<br>Ta orze\u017awiaj\u0105ca mieszanka smakowa zapewnia musuj\u0105ce nuty cytrusowe zr\u00f3wnowa\u017cone pikantn\u0105 s\u0142odycz\u0105 - energetyzuj\u0105ce, orze\u017awiaj\u0105ce i satysfakcjonuj\u0105ce od pierwszego do ostatniego zaci\u0105gni\u0119cia.<\/p>\n\n\n\n<h3 class=\"wp-block-heading\">Kluczowe cechy<\/h3>\n\n\n\n<ul class=\"wp-block-list\">\n<li><strong>Puffy:<\/strong> Do 30 000<\/li>\n\n\n\n<li><strong>Pojemno\u015b\u0107 e-liquidu:<\/strong> 22 ml wst\u0119pnie nape\u0142niony<\/li>\n\n\n\n<li><strong>Bateria:<\/strong> Akumulator 850 mAh<\/li>\n\n\n\n<li><strong>Moc nikotyny:<\/strong> 5% (50 mg\/ml)<\/li>\n\n\n\n<li><strong>Tryby:<\/strong> Lite (15W) \/ Turbo (35W)<\/li>\n\n\n\n<li><strong>Opcje smakowe:<\/strong> Mieszanie lub prze\u0142\u0105czanie mi\u0119dzy trybami pojedynczego i podw\u00f3jnego smaku<\/li>\n\n\n\n<li><strong>System przep\u0142ywu powietrza:<\/strong> Podw\u00f3jnie regulowany przep\u0142yw powietrza dla p\u0142ynniejszego zasysania<\/li>\n\n\n\n<li><strong>\u0141adowanie:<\/strong> Szybkie \u0142adowanie typu C<\/li>\n\n\n\n<li><strong>Wska\u017anik:<\/strong> Inteligentny wy\u015bwietlacz poziomu baterii i e-cieczy<\/li>\n<\/ul>\n\n\n\n<h3 class=\"wp-block-heading\">Projektowanie i u\u017cyteczno\u015b\u0107<\/h3>\n\n\n\n<p>Elegancki, kompaktowy i zbudowany z my\u015bl\u0105 o nowoczesnej waporyzacji.<br>Elf Bar Combo Pro 30000 zawiera:<\/p>\n\n\n\n<ul class=\"wp-block-list\">\n<li>Inteligentne wska\u017aniki stanu baterii i e-cieczy w czasie rzeczywistym<\/li>\n\n\n\n<li>\u0141adowanie typu C dla szybkiego \u0142adowania<\/li>\n\n\n\n<li>Stylowy, ergonomiczny korpus zaprojektowany z my\u015bl\u0105 o przeno\u015bno\u015bci<\/li>\n<\/ul>\n\n\n\n<p>Bez przycisk\u00f3w, bez k\u0142opot\u00f3w - po prostu wdychaj i ciesz si\u0119 czyst\u0105, pot\u0119\u017cn\u0105 satysfakcj\u0105.<\/p>\n\n\n\n<h3 class=\"wp-block-heading\">Dlaczego warto wybra\u0107 Elf Bar Combo Pro 30000?<\/h3>\n\n\n\n<ul class=\"wp-block-list\">\n<li>Jedna z najwy\u017cszych liczb zaci\u0105gni\u0119\u0107 w waporyzatorach jednorazowych<\/li>\n\n\n\n<li>Swobodne prze\u0142\u0105czanie mi\u0119dzy smakami i trybami<\/li>\n\n\n\n<li>Idealna r\u00f3wnowaga intensywno\u015bci smaku i g\u0142adkiej pary<\/li>\n\n\n\n<li>Akumulator o d\u0142ugiej \u017cywotno\u015bci do u\u017cytku przez ca\u0142y dzie\u0144<\/li>\n\n\n\n<li>Zaprojektowany zar\u00f3wno dla pocz\u0105tkuj\u0105cych, jak i zaawansowanych u\u017cytkownik\u00f3w<\/li>\n<\/ul>\n\n\n\n<h3 class=\"wp-block-heading\">Zam\u00f3w Elf Bar Vape - Elf Bull &amp; Lime Cola<\/h3>\n\n\n\n<p>Przenie\u015b swoje doznania z waporyzacji na wy\u017cszy poziom dzi\u0119ki Elf Bar Combo Pro 30000.<br>Ciesz si\u0119 najwy\u017csz\u0105 wydajno\u015bci\u0105, odwa\u017cnymi opcjami dw\u00f3ch smak\u00f3w i \u0142atw\u0105 kontrol\u0105 - wszystko w jednym kompaktowym urz\u0105dzeniu.<\/p>\n\n\n\n<p><strong>Zam\u00f3w teraz, aby uzyska\u0107 szybk\u0105 dostaw\u0119 na terenie ca\u0142ej UE<\/strong> i do\u015bwiadcz doskona\u0142ego po\u0142\u0105czenia energii Elf Bull i orze\u017awiaj\u0105cej limonkowej coli.<\/p>\n\n\n\n<p>Odkryj wi\u0119cej z naszej kolekcji, aby znale\u017a\u0107 idealny vape dla swoich potrzeb. Przegl\u0105daj nasz\u0105 pe\u0142n\u0105 ofert\u0119 na <strong><a href=\"https:\/\/vapemaison.com\/\" type=\"link\" id=\"https:\/\/vapemaison.com\/\">Strona g\u0142\u00f3wna<\/a><\/strong>, Odkryj podobne urz\u0105dzenia o wysokiej wydajno\u015bci na <strong><a href=\"https:\/\/vapemaison.com\/shop\/\" type=\"link\" id=\"https:\/\/vapemaison.com\/shop\/\">Sklep Vape jednorazowego u\u017cytku<\/a><\/strong>, lub dowiedzie\u0107 si\u0119 wi\u0119cej o zaufanej jako\u015bci <strong><a href=\"https:\/\/vapemaison.com\/brand\/elfbar\/\" type=\"link\" id=\"https:\/\/vapemaison.com\/brand\/elfbar\/\">Marka Elfbar<\/a><\/strong>.<\/p>\n\n\n\n<p>Je\u015bli por\u00f3wnujesz r\u00f3\u017cne poziomy u\u017cytkowania, sprawd\u017a nasz\u0105 ofert\u0119 <strong><a href=\"https:\/\/vapemaison.com\/product-category\/puffs-count\/30k-puffs\/\" type=\"link\" id=\"https:\/\/vapemaison.com\/product-category\/puffs-count\/30k-puffs\/\">30K Puffs<\/a><\/strong> aby znale\u017a\u0107 urz\u0105dzenia, kt\u00f3re pasuj\u0105 do preferowanej pojemno\u015bci - od opcji kompaktowych po modele o bardzo wysokiej wydajno\u015bci.<\/p>","protected":false},"excerpt":{"rendered":"<p>Elf Bar Vape 30000 Discover the Elf Bar Vape 30000, the next generation of disposable vaping.Engineered for power, versatility, and bold taste, this device combines intelligent design with advanced vaping performance \u2014 perfect for users who want both long life and premium flavor. With 22ml of pre-filled e-liquid and a rechargeable 850mAh battery, the Combo [&hellip;]<\/p>\n","protected":false},"featured_media":12788,"comment_status":"open","ping_status":"closed","template":"","meta":[],"product_brand":[177],"product_cat":[134],"product_tag":[],"class_list":{"0":"post-12332","1":"product","2":"type-product","3":"status-publish","4":"has-post-thumbnail","6":"product_brand-elfbar","7":"product_cat-30k-puffs","9":"first","10":"instock","11":"sale","12":"shipping-taxable","13":"purchasable","14":"product-type-variable"},"yoast_head":"<!-- This site is optimized with the Yoast SEO plugin v27.4 - https:\/\/yoast.com\/product\/yoast-seo-wordpress\/ -->\n<title>Elf Bar Vape 30000 \u2013 Elf Bull &amp; Lime Cola | 30K Puffs Vape<\/title>\n<meta name=\"description\" content=\"Experience the Elf Bar Vape 30000 \u2013 Elf Bull &amp; Lime Cola, featuring 22ml e-liquid, up to 30,000 puffs, and designed for ultimate satisfaction.\" \/>\n<meta name=\"robots\" content=\"index, follow, max-snippet:-1, max-image-preview:large, max-video-preview:-1\" \/>\n<link rel=\"canonical\" href=\"https:\/\/vapemaison.com\/pl\/produkt\/elf-bar-vape-30000-elf-bar-combo-pro-lime-cola\/\" \/>\n<meta property=\"og:locale\" content=\"pl_PL\" \/>\n<meta property=\"og:type\" content=\"article\" \/>\n<meta property=\"og:title\" content=\"Elf Bar Vape 30000 \u2013 Elf Bull &amp; Lime Cola | 30K Puffs Vape\" \/>\n<meta property=\"og:description\" content=\"Experience the Elf Bar Vape 30000 \u2013 Elf Bull &amp; Lime Cola, featuring 22ml e-liquid, up to 30,000 puffs, and designed for ultimate satisfaction.\" \/>\n<meta property=\"og:url\" content=\"https:\/\/vapemaison.com\/pl\/produkt\/elf-bar-vape-30000-elf-bar-combo-pro-lime-cola\/\" \/>\n<meta property=\"og:site_name\" content=\"VapeMaison\" \/>\n<meta property=\"article:modified_time\" content=\"2026-04-14T07:25:08+00:00\" \/>\n<meta property=\"og:image\" content=\"https:\/\/vapemaison.com\/wp-content\/uploads\/2025\/11\/elf-bar-combo-30000-elf-bull-and-lime-cola-disposable-vape-5-nicotine.webp\" \/>\n\t<meta property=\"og:image:width\" content=\"1000\" \/>\n\t<meta property=\"og:image:height\" content=\"1000\" \/>\n\t<meta property=\"og:image:type\" content=\"image\/webp\" \/>\n<meta name=\"twitter:card\" content=\"summary_large_image\" \/>\n<meta name=\"twitter:label1\" content=\"Szacowany czas czytania\" \/>\n\t<meta name=\"twitter:data1\" content=\"3 minuty\" \/>\n<!-- \/ Yoast SEO plugin. -->","yoast_head_json":{"title":"Elf Bar Vape 30000 - Elf Bull &amp; Lime Cola | 30K Puffs Vape","description":"Poznaj Elf Bar Vape 30000 - Elf Bull &amp; Lime Cola, zawieraj\u0105cy 22 ml e-liquidu, do 30 000 zaci\u0105gni\u0119\u0107 i zaprojektowany z my\u015bl\u0105 o najwy\u017cszej satysfakcji.","robots":{"index":"index","follow":"follow","max-snippet":"max-snippet:-1","max-image-preview":"max-image-preview:large","max-video-preview":"max-video-preview:-1"},"canonical":"https:\/\/vapemaison.com\/pl\/produkt\/elf-bar-vape-30000-elf-bar-combo-pro-lime-cola\/","og_locale":"pl_PL","og_type":"article","og_title":"Elf Bar Vape 30000 \u2013 Elf Bull & Lime Cola | 30K Puffs Vape","og_description":"Experience the Elf Bar Vape 30000 \u2013 Elf Bull & Lime Cola, featuring 22ml e-liquid, up to 30,000 puffs, and designed for ultimate satisfaction.","og_url":"https:\/\/vapemaison.com\/pl\/produkt\/elf-bar-vape-30000-elf-bar-combo-pro-lime-cola\/","og_site_name":"VapeMaison","article_modified_time":"2026-04-14T07:25:08+00:00","og_image":[{"width":1000,"height":1000,"url":"https:\/\/vapemaison.com\/wp-content\/uploads\/2025\/11\/elf-bar-combo-30000-elf-bull-and-lime-cola-disposable-vape-5-nicotine.webp","type":"image\/webp"}],"twitter_card":"summary_large_image","twitter_misc":{"Szacowany czas czytania":"3 minuty"},"schema":{"@context":"https:\/\/schema.org","@graph":[{"@type":"WebPage","@id":"https:\/\/vapemaison.com\/product\/elf-bar-vape-30000-elf-bar-combo-pro-lime-cola\/","url":"https:\/\/vapemaison.com\/product\/elf-bar-vape-30000-elf-bar-combo-pro-lime-cola\/","name":"Elf Bar Vape 30000 - Elf Bull &amp; Lime Cola | 30K Puffs Vape","isPartOf":{"@id":"https:\/\/vapemaison.com\/#website"},"primaryImageOfPage":{"@id":"https:\/\/vapemaison.com\/product\/elf-bar-vape-30000-elf-bar-combo-pro-lime-cola\/#primaryimage"},"image":{"@id":"https:\/\/vapemaison.com\/product\/elf-bar-vape-30000-elf-bar-combo-pro-lime-cola\/#primaryimage"},"thumbnailUrl":"https:\/\/vapemaison.com\/wp-content\/uploads\/2025\/11\/elf-bar-combo-30000-elf-bull-and-lime-cola-disposable-vape-5-nicotine.webp","datePublished":"2025-11-11T08:55:23+00:00","dateModified":"2026-04-14T07:25:08+00:00","description":"Poznaj Elf Bar Vape 30000 - Elf Bull &amp; Lime Cola, zawieraj\u0105cy 22 ml e-liquidu, do 30 000 zaci\u0105gni\u0119\u0107 i zaprojektowany z my\u015bl\u0105 o najwy\u017cszej satysfakcji.","breadcrumb":{"@id":"https:\/\/vapemaison.com\/product\/elf-bar-vape-30000-elf-bar-combo-pro-lime-cola\/#breadcrumb"},"inLanguage":"pl-PL","potentialAction":[{"@type":"ReadAction","target":["https:\/\/vapemaison.com\/product\/elf-bar-vape-30000-elf-bar-combo-pro-lime-cola\/"]}]},{"@type":"ImageObject","inLanguage":"pl-PL","@id":"https:\/\/vapemaison.com\/product\/elf-bar-vape-30000-elf-bar-combo-pro-lime-cola\/#primaryimage","url":"https:\/\/vapemaison.com\/wp-content\/uploads\/2025\/11\/elf-bar-combo-30000-elf-bull-and-lime-cola-disposable-vape-5-nicotine.webp","contentUrl":"https:\/\/vapemaison.com\/wp-content\/uploads\/2025\/11\/elf-bar-combo-30000-elf-bull-and-lime-cola-disposable-vape-5-nicotine.webp","width":1000,"height":1000,"caption":"Elf Bar Combo Bull And Lime Cola Disposable Vape 5 Nicotine"},{"@type":"BreadcrumbList","@id":"https:\/\/vapemaison.com\/product\/elf-bar-vape-30000-elf-bar-combo-pro-lime-cola\/#breadcrumb","itemListElement":[{"@type":"ListItem","position":1,"name":"\u9996\u9875","item":"https:\/\/vapemaison.com\/"},{"@type":"ListItem","position":2,"name":"Shop","item":"https:\/\/vapemaison.com\/shop\/"},{"@type":"ListItem","position":3,"name":"Elfbar","item":"https:\/\/vapemaison.com\/brand\/elfbar\/"},{"@type":"ListItem","position":4,"name":"Elf Bar Vape 30000 \u2013 Elf Bar Combo Pro Lime Cola"}]},{"@type":"WebSite","@id":"https:\/\/vapemaison.com\/#website","url":"https:\/\/vapemaison.com\/","name":"VapeMaison","description":"Wysokiej jako\u015bci urz\u0105dzenia i akcesoria do waporyzacji","publisher":{"@id":"https:\/\/vapemaison.com\/#organization"},"potentialAction":[{"@type":"SearchAction","target":{"@type":"EntryPoint","urlTemplate":"https:\/\/vapemaison.com\/?s={search_term_string}"},"query-input":{"@type":"PropertyValueSpecification","valueRequired":true,"valueName":"search_term_string"}}],"inLanguage":"pl-PL"},{"@type":"Organization","@id":"https:\/\/vapemaison.com\/#organization","name":"VapeMaison","url":"https:\/\/vapemaison.com\/","logo":{"@type":"ImageObject","inLanguage":"pl-PL","@id":"https:\/\/vapemaison.com\/#\/schema\/logo\/image\/","url":"https:\/\/vapemaison.com\/wp-content\/uploads\/2026\/01\/cropped-vapemaison-logo-g-2026.webp","contentUrl":"https:\/\/vapemaison.com\/wp-content\/uploads\/2026\/01\/cropped-vapemaison-logo-g-2026.webp","width":350,"height":280,"caption":"VapeMaison"},"image":{"@id":"https:\/\/vapemaison.com\/#\/schema\/logo\/image\/"},"sameAs":["https:\/\/www.youtube.com\/@VapeMaison"]}]}},"tiered_pricing_type":"fixed","tiered_pricing_fixed_rules":{"30":"16.99","50":"15.42","100":"13.68","200":"12.21"},"tiered_pricing_product_settings":{"layout":"default","base_unit_name":{"singular":null,"plural":null},"default_variation":null},"tiered_pricing_minimum_quantity":10,"tiered_pricing_roles_data":[],"tiered_pricing_percentage_rules":[],"tiered_pricing_maximum_quantity":null,"tiered_pricing_quantity_step":"10","_links":{"self":[{"href":"https:\/\/vapemaison.com\/pl\/wp-json\/wp\/v2\/product\/12332","targetHints":{"allow":["GET"]}}],"collection":[{"href":"https:\/\/vapemaison.com\/pl\/wp-json\/wp\/v2\/product"}],"about":[{"href":"https:\/\/vapemaison.com\/pl\/wp-json\/wp\/v2\/types\/product"}],"replies":[{"embeddable":true,"href":"https:\/\/vapemaison.com\/pl\/wp-json\/wp\/v2\/comments?post=12332"}],"version-history":[{"count":1,"href":"https:\/\/vapemaison.com\/pl\/wp-json\/wp\/v2\/product\/12332\/revisions"}],"predecessor-version":[{"id":29390,"href":"https:\/\/vapemaison.com\/pl\/wp-json\/wp\/v2\/product\/12332\/revisions\/29390"}],"wp:featuredmedia":[{"embeddable":true,"href":"https:\/\/vapemaison.com\/pl\/wp-json\/wp\/v2\/media\/12788"}],"wp:attachment":[{"href":"https:\/\/vapemaison.com\/pl\/wp-json\/wp\/v2\/media?parent=12332"}],"wp:term":[{"taxonomy":"product_brand","embeddable":true,"href":"https:\/\/vapemaison.com\/pl\/wp-json\/wp\/v2\/product_brand?post=12332"},{"taxonomy":"product_cat","embeddable":true,"href":"https:\/\/vapemaison.com\/pl\/wp-json\/wp\/v2\/product_cat?post=12332"},{"taxonomy":"product_tag","embeddable":true,"href":"https:\/\/vapemaison.com\/pl\/wp-json\/wp\/v2\/product_tag?post=12332"}],"curies":[{"name":"wp","href":"https:\/\/api.w.org\/{rel}","templated":true}]}}