

{"id":12336,"date":"2025-11-11T09:13:46","date_gmt":"2025-11-11T09:13:46","guid":{"rendered":"https:\/\/vapemaison.com\/?post_type=product&#038;p=12336"},"modified":"2026-04-14T07:34:59","modified_gmt":"2026-04-14T07:34:59","slug":"elf-bar-moon-night-40000-puffs-miami-mint","status":"publish","type":"product","link":"https:\/\/vapemaison.com\/pl\/product\/elf-bar-moon-night-40000-puffs-miami-mint\/","title":{"rendered":"ELFBAR Moon Night 40000 Puffs | Miami Mint"},"content":{"rendered":"<h3 class=\"wp-block-heading\">Vape jednorazowe Elf Bar MoonNight 40000 - moc, smak i styl w jednym<\/h3>\n\n\n\n<p>Do\u015bwiadcz waporyzacji na najwy\u017cszym poziomie dzi\u0119ki <strong>Elf Bar MoonNight 40000<\/strong>, Zaprojektowany dla vaper\u00f3w, kt\u00f3rzy ceni\u0105 sobie wydajno\u015b\u0107 i wygod\u0119.<br>Z niesamowitym <strong><a href=\"https:\/\/vapemaison.com\/product-category\/puffs-count\/40k-puffs\/\" type=\"link\" id=\"https:\/\/vapemaison.com\/product-category\/puffs-count\/40k-puffs\/\">40k Puffs<\/a><\/strong>, To urz\u0105dzenie \u0142\u0105czy w sobie odwa\u017cne dostarczanie smaku, eleganck\u0105 estetyk\u0119 i przyjazne dla u\u017cytkownika innowacje.<\/p>\n\n\n\n<p>The <strong>zakrzywiony wy\u015bwietlacz cyfrowy<\/strong> pozwala \u0142atwo \u015bledzi\u0107 liczb\u0119 dmuchni\u0119\u0107 i \u017cywotno\u015b\u0107 baterii w czasie rzeczywistym, podczas gdy <strong>Akumulator o pojemno\u015bci 850 mAh<\/strong> oraz <strong>Szybkie \u0142adowanie przez USB typu C<\/strong> zapewniaj\u0105 d\u0142ugotrwa\u0142e sesje bez przerw.<br>Przy <strong>Moc nikotyny 5%<\/strong>, Ka\u017cde zaci\u0105gni\u0119cie zapewnia p\u0142ynne, ale satysfakcjonuj\u0105ce uderzenie - idealne dla do\u015bwiadczonych u\u017cytkownik\u00f3w poszukuj\u0105cych sta\u0142ej jako\u015bci.<\/p>\n\n\n\n<p><strong>Kluczowe cechy:<\/strong><\/p>\n\n\n\n<ul class=\"wp-block-list\">\n<li>Pojemno\u015b\u0107 dmuchawy: Do <strong>40 000 zaci\u0105gni\u0119\u0107<\/strong><\/li>\n\n\n\n<li>Bateria: <strong>Akumulator 850 mAh<\/strong> z <strong>Szybkie \u0142adowanie typu C<\/strong><\/li>\n\n\n\n<li>Moc nikotyny: <strong>5% (50 mg)<\/strong><\/li>\n\n\n\n<li>Wy\u015bwietlacz: <strong>Zakrzywiony ekran<\/strong> ze wska\u017anikami dmuchania i baterii<\/li>\n\n\n\n<li>Projekt: <strong>Kompaktowy, ergonomiczny i przeno\u015bny<\/strong><\/li>\n\n\n\n<li>Marka: <strong>Elf Bar<\/strong><\/li>\n<\/ul>\n\n\n\n<p>The <strong>ElfBar MoonNight 40000<\/strong> na nowo definiuje to, co mo\u017ce zaoferowa\u0107 jednorazowy waporyzator - moc, wydajno\u015b\u0107 i doskona\u0142y smak w jednym, eleganckim urz\u0105dzeniu.<\/p>\n\n\n\n<p>Odkryj wi\u0119cej z naszej kolekcji, aby znale\u017a\u0107 idealny vape dla swoich potrzeb. Przegl\u0105daj nasz\u0105 pe\u0142n\u0105 ofert\u0119 na <strong><a href=\"https:\/\/vapemaison.com\/\" type=\"link\" id=\"https:\/\/vapemaison.com\/\">Strona g\u0142\u00f3wna<\/a><\/strong>, Odkryj podobne urz\u0105dzenia o wysokiej wydajno\u015bci na <strong><a href=\"https:\/\/vapemaison.com\/shop\/\" type=\"link\" id=\"https:\/\/vapemaison.com\/shop\/\">Sklep Vape jednorazowego u\u017cytku<\/a><\/strong>, lub dowiedzie\u0107 si\u0119 wi\u0119cej o zaufanej jako\u015bci <strong><a href=\"https:\/\/vapemaison.com\/brand\/elfbar\/\" type=\"link\" id=\"https:\/\/vapemaison.com\/brand\/elfbar\/\">Marka Elfbar<\/a><\/strong>.<\/p>","protected":false},"excerpt":{"rendered":"<p>Elf Bar MoonNight 40000 Disposable Vape \u2013 Power, Flavor &amp; Style in One Experience next-level vaping with the Elf Bar MoonNight 40000, designed for vapers who value performance and convenience.With an incredible 40k Puffs, this device combines bold flavor delivery, sleek aesthetics, and user-friendly innovation. The curved digital display lets you easily track puff count [&hellip;]<\/p>\n","protected":false},"featured_media":12692,"comment_status":"open","ping_status":"closed","template":"","meta":[],"product_brand":[177],"product_cat":[135],"product_tag":[],"class_list":{"0":"post-12336","1":"product","2":"type-product","3":"status-publish","4":"has-post-thumbnail","6":"product_brand-elfbar","7":"product_cat-40k-puffs","9":"first","10":"instock","11":"sale","12":"shipping-taxable","13":"purchasable","14":"product-type-variable"},"yoast_head":"<!-- This site is optimized with the Yoast SEO plugin v27.4 - https:\/\/yoast.com\/product\/yoast-seo-wordpress\/ -->\n<title>Elf Bar MoonNight 40000 Disposable Vape | 40K Puffs &amp; Type-C<\/title>\n<meta name=\"description\" content=\"Discover the Elf Bar MoonNight 40000 \u2013 up to 40,000 puffs, 850mAh rechargeable battery, curved display, and 5% nicotine for powerful, smooth vaping.\" \/>\n<meta name=\"robots\" content=\"index, follow, max-snippet:-1, max-image-preview:large, max-video-preview:-1\" \/>\n<link rel=\"canonical\" href=\"https:\/\/vapemaison.com\/pl\/produkt\/elf-bar-moon-night-40000-puffs-miami-mint\/\" \/>\n<meta property=\"og:locale\" content=\"pl_PL\" \/>\n<meta property=\"og:type\" content=\"article\" \/>\n<meta property=\"og:title\" content=\"Elf Bar MoonNight 40000 Disposable Vape | 40K Puffs &amp; Type-C\" \/>\n<meta property=\"og:description\" content=\"Discover the Elf Bar MoonNight 40000 \u2013 up to 40,000 puffs, 850mAh rechargeable battery, curved display, and 5% nicotine for powerful, smooth vaping.\" \/>\n<meta property=\"og:url\" content=\"https:\/\/vapemaison.com\/pl\/produkt\/elf-bar-moon-night-40000-puffs-miami-mint\/\" \/>\n<meta property=\"og:site_name\" content=\"VapeMaison\" \/>\n<meta property=\"article:modified_time\" content=\"2026-04-14T07:34:59+00:00\" \/>\n<meta property=\"og:image\" content=\"https:\/\/vapemaison.com\/wp-content\/uploads\/2025\/11\/elf-bar-moonnight-40000-miami-mint-5.webp\" \/>\n\t<meta property=\"og:image:width\" content=\"823\" \/>\n\t<meta property=\"og:image:height\" content=\"823\" \/>\n\t<meta property=\"og:image:type\" content=\"image\/webp\" \/>\n<meta name=\"twitter:card\" content=\"summary_large_image\" \/>\n<meta name=\"twitter:label1\" content=\"Szacowany czas czytania\" \/>\n\t<meta name=\"twitter:data1\" content=\"2 minuty\" \/>\n<!-- \/ Yoast SEO plugin. -->","yoast_head_json":{"title":"Vape jednorazowe Elf Bar MoonNight 40000 | 40 tys. zaci\u0105gni\u0119\u0107 i typ C","description":"Odkryj Elf Bar MoonNight 40000 - do 40 000 zaci\u0105gni\u0119\u0107, akumulator 850 mAh, zakrzywiony wy\u015bwietlacz i nikotyna 5% zapewniaj\u0105ca mocn\u0105 i p\u0142ynn\u0105 waporyzacj\u0119.","robots":{"index":"index","follow":"follow","max-snippet":"max-snippet:-1","max-image-preview":"max-image-preview:large","max-video-preview":"max-video-preview:-1"},"canonical":"https:\/\/vapemaison.com\/pl\/produkt\/elf-bar-moon-night-40000-puffs-miami-mint\/","og_locale":"pl_PL","og_type":"article","og_title":"Elf Bar MoonNight 40000 Disposable Vape | 40K Puffs & Type-C","og_description":"Discover the Elf Bar MoonNight 40000 \u2013 up to 40,000 puffs, 850mAh rechargeable battery, curved display, and 5% nicotine for powerful, smooth vaping.","og_url":"https:\/\/vapemaison.com\/pl\/produkt\/elf-bar-moon-night-40000-puffs-miami-mint\/","og_site_name":"VapeMaison","article_modified_time":"2026-04-14T07:34:59+00:00","og_image":[{"width":823,"height":823,"url":"https:\/\/vapemaison.com\/wp-content\/uploads\/2025\/11\/elf-bar-moonnight-40000-miami-mint-5.webp","type":"image\/webp"}],"twitter_card":"summary_large_image","twitter_misc":{"Szacowany czas czytania":"2 minuty"},"schema":{"@context":"https:\/\/schema.org","@graph":[{"@type":"WebPage","@id":"https:\/\/vapemaison.com\/product\/elf-bar-moon-night-40000-puffs-miami-mint\/","url":"https:\/\/vapemaison.com\/product\/elf-bar-moon-night-40000-puffs-miami-mint\/","name":"Vape jednorazowe Elf Bar MoonNight 40000 | 40 tys. zaci\u0105gni\u0119\u0107 i typ C","isPartOf":{"@id":"https:\/\/vapemaison.com\/#website"},"primaryImageOfPage":{"@id":"https:\/\/vapemaison.com\/product\/elf-bar-moon-night-40000-puffs-miami-mint\/#primaryimage"},"image":{"@id":"https:\/\/vapemaison.com\/product\/elf-bar-moon-night-40000-puffs-miami-mint\/#primaryimage"},"thumbnailUrl":"https:\/\/vapemaison.com\/wp-content\/uploads\/2025\/11\/elf-bar-moonnight-40000-miami-mint-5.webp","datePublished":"2025-11-11T09:13:46+00:00","dateModified":"2026-04-14T07:34:59+00:00","description":"Odkryj Elf Bar MoonNight 40000 - do 40 000 zaci\u0105gni\u0119\u0107, akumulator 850 mAh, zakrzywiony wy\u015bwietlacz i nikotyna 5% zapewniaj\u0105ca mocn\u0105 i p\u0142ynn\u0105 waporyzacj\u0119.","breadcrumb":{"@id":"https:\/\/vapemaison.com\/product\/elf-bar-moon-night-40000-puffs-miami-mint\/#breadcrumb"},"inLanguage":"pl-PL","potentialAction":[{"@type":"ReadAction","target":["https:\/\/vapemaison.com\/product\/elf-bar-moon-night-40000-puffs-miami-mint\/"]}]},{"@type":"ImageObject","inLanguage":"pl-PL","@id":"https:\/\/vapemaison.com\/product\/elf-bar-moon-night-40000-puffs-miami-mint\/#primaryimage","url":"https:\/\/vapemaison.com\/wp-content\/uploads\/2025\/11\/elf-bar-moonnight-40000-miami-mint-5.webp","contentUrl":"https:\/\/vapemaison.com\/wp-content\/uploads\/2025\/11\/elf-bar-moonnight-40000-miami-mint-5.webp","width":823,"height":823,"caption":"Elf Bar Moonnight Miami Mint Disposable Vape Device"},{"@type":"BreadcrumbList","@id":"https:\/\/vapemaison.com\/product\/elf-bar-moon-night-40000-puffs-miami-mint\/#breadcrumb","itemListElement":[{"@type":"ListItem","position":1,"name":"\u9996\u9875","item":"https:\/\/vapemaison.com\/"},{"@type":"ListItem","position":2,"name":"Shop","item":"https:\/\/vapemaison.com\/shop\/"},{"@type":"ListItem","position":3,"name":"Elfbar","item":"https:\/\/vapemaison.com\/brand\/elfbar\/"},{"@type":"ListItem","position":4,"name":"ELFBAR Moon Night 40000 Puffs | Miami Mint"}]},{"@type":"WebSite","@id":"https:\/\/vapemaison.com\/#website","url":"https:\/\/vapemaison.com\/","name":"VapeMaison","description":"Wysokiej jako\u015bci urz\u0105dzenia i akcesoria do waporyzacji","publisher":{"@id":"https:\/\/vapemaison.com\/#organization"},"potentialAction":[{"@type":"SearchAction","target":{"@type":"EntryPoint","urlTemplate":"https:\/\/vapemaison.com\/?s={search_term_string}"},"query-input":{"@type":"PropertyValueSpecification","valueRequired":true,"valueName":"search_term_string"}}],"inLanguage":"pl-PL"},{"@type":"Organization","@id":"https:\/\/vapemaison.com\/#organization","name":"VapeMaison","url":"https:\/\/vapemaison.com\/","logo":{"@type":"ImageObject","inLanguage":"pl-PL","@id":"https:\/\/vapemaison.com\/#\/schema\/logo\/image\/","url":"https:\/\/vapemaison.com\/wp-content\/uploads\/2026\/01\/cropped-vapemaison-logo-g-2026.webp","contentUrl":"https:\/\/vapemaison.com\/wp-content\/uploads\/2026\/01\/cropped-vapemaison-logo-g-2026.webp","width":350,"height":280,"caption":"VapeMaison"},"image":{"@id":"https:\/\/vapemaison.com\/#\/schema\/logo\/image\/"},"sameAs":["https:\/\/www.youtube.com\/@VapeMaison"]}]}},"tiered_pricing_type":"fixed","tiered_pricing_fixed_rules":{"30":"16.99","50":"15.42","100":"13.68","200":"12.21"},"tiered_pricing_product_settings":{"layout":"default","base_unit_name":{"singular":null,"plural":null},"default_variation":null},"tiered_pricing_minimum_quantity":10,"tiered_pricing_roles_data":[],"tiered_pricing_percentage_rules":[],"tiered_pricing_maximum_quantity":null,"tiered_pricing_quantity_step":"10","_links":{"self":[{"href":"https:\/\/vapemaison.com\/pl\/wp-json\/wp\/v2\/product\/12336","targetHints":{"allow":["GET"]}}],"collection":[{"href":"https:\/\/vapemaison.com\/pl\/wp-json\/wp\/v2\/product"}],"about":[{"href":"https:\/\/vapemaison.com\/pl\/wp-json\/wp\/v2\/types\/product"}],"replies":[{"embeddable":true,"href":"https:\/\/vapemaison.com\/pl\/wp-json\/wp\/v2\/comments?post=12336"}],"version-history":[{"count":3,"href":"https:\/\/vapemaison.com\/pl\/wp-json\/wp\/v2\/product\/12336\/revisions"}],"predecessor-version":[{"id":29399,"href":"https:\/\/vapemaison.com\/pl\/wp-json\/wp\/v2\/product\/12336\/revisions\/29399"}],"wp:featuredmedia":[{"embeddable":true,"href":"https:\/\/vapemaison.com\/pl\/wp-json\/wp\/v2\/media\/12692"}],"wp:attachment":[{"href":"https:\/\/vapemaison.com\/pl\/wp-json\/wp\/v2\/media?parent=12336"}],"wp:term":[{"taxonomy":"product_brand","embeddable":true,"href":"https:\/\/vapemaison.com\/pl\/wp-json\/wp\/v2\/product_brand?post=12336"},{"taxonomy":"product_cat","embeddable":true,"href":"https:\/\/vapemaison.com\/pl\/wp-json\/wp\/v2\/product_cat?post=12336"},{"taxonomy":"product_tag","embeddable":true,"href":"https:\/\/vapemaison.com\/pl\/wp-json\/wp\/v2\/product_tag?post=12336"}],"curies":[{"name":"wp","href":"https:\/\/api.w.org\/{rel}","templated":true}]}}