

{"id":12997,"date":"2025-11-12T05:44:55","date_gmt":"2025-11-12T05:44:55","guid":{"rendered":"https:\/\/vapemaison.com\/?post_type=product&#038;p=12997"},"modified":"2025-12-01T06:00:44","modified_gmt":"2025-12-01T06:00:44","slug":"fumot-25k-soczysta-brzoskwinia-randm-tornado-25000-vape","status":"publish","type":"product","link":"https:\/\/vapemaison.com\/pl\/product\/fumot-25k-juicy-peach-randm-tornado-25000-vape\/","title":{"rendered":"Fumot 25k Juicy Peach Ice Randm Tornado 25000 Vape Salt E Zigarette"},"content":{"rendered":"<h2 class=\"wp-block-heading\"><strong>Fumot 25000 Juicy Peach Ice<\/strong><\/h2>\n\n\n\n<p>Szukam <strong>25 000 zaci\u0105gni\u0119\u0107<\/strong> kt\u00f3ry zapewnia zar\u00f3wno owocow\u0105 s\u0142odycz, jak i lodowate orze\u017awienie?<br>The <strong>Fumot 25000 Juicy Peach Ice<\/strong>, cz\u0119\u015b\u0107 <strong>Fumot 25k<\/strong> \u0142\u0105czy soczysty smak dojrza\u0142ych brzoskwi\u0144 z ch\u0142odnym mentolowym kopem - idealny dla fan\u00f3w <strong>s\u0142odki, owocowy i orze\u017awiaj\u0105cy<\/strong> vapes.<\/p>\n\n\n\n<h3 class=\"wp-block-heading\"><strong>Dlaczego warto wybra\u0107 Juicy Peach Ice?<\/strong><\/h3>\n\n\n\n<ul class=\"wp-block-list\">\n<li><strong>Owocowy i orze\u017awiaj\u0105cy:<\/strong> Bujny, dojrza\u0142y brzoskwiniowy smak z wyra\u017anym mentolowym finiszem.<\/li>\n\n\n\n<li><strong>Delikatne uderzenie nikotyny:<\/strong> Dost\u0119pne w <strong>2% lub 5% s\u00f3l nikotyny<\/strong> dla g\u0142adkiej, ale satysfakcjonuj\u0105cej waporyzacji.<\/li>\n\n\n\n<li><strong>D\u0142ugotrwa\u0142a przyjemno\u015b\u0107:<\/strong> Do <strong>25 000 zaci\u0105gni\u0119\u0107<\/strong> na urz\u0105dzenie - nie ma potrzeby cz\u0119stej wymiany.<\/li>\n\n\n\n<li><strong>Szeroki wyb\u00f3r:<\/strong> Poznaj ponad 20 smak\u00f3w z naszej kolekcji Fumot 25000, w tym Mango Tango, Blueberry Mint i nie tylko.<\/li>\n<\/ul>\n\n\n\n<h3 class=\"wp-block-heading\"><strong>Najwa\u017cniejsze informacje techniczne<\/strong><\/h3>\n\n\n\n<figure class=\"wp-block-table\"><table class=\"has-fixed-layout\"><thead><tr><th><strong>Cecha<\/strong><\/th><th><strong>Specyfikacja<\/strong><\/th><\/tr><\/thead><tbody><tr><td><strong>Bateria<\/strong><\/td><td>850 mAh (<strong>Mo\u017cliwo\u015b\u0107 \u0142adowania przez USB-C<\/strong>)<\/td><\/tr><tr><td><strong>Puffy<\/strong><\/td><td>Do <strong>25,000<\/strong><\/td><\/tr><tr><td><strong>Pojemno\u015b\u0107 e-liquidu<\/strong><\/td><td>20 ml p\u0142ynu Salt Nic Liquid<\/td><\/tr><tr><td><strong>Si\u0142a nikotyny<\/strong><\/td><td>2% lub 5%<\/td><\/tr><tr><td><strong>Akumulator<\/strong><\/td><td>Tak (USB-C)<\/td><\/tr><tr><td><strong>Smak<\/strong><\/td><td>Soczysty brzoskwiniowy l\u00f3d<\/td><\/tr><\/tbody><\/table><\/figure>\n\n\n\n<h3 class=\"wp-block-heading\"><strong>Co sprawia, \u017ce Juicy Peach Ice jest wyj\u0105tkowy?<\/strong><\/h3>\n\n\n\n<p>The <strong>Fumot 25000 Juicy Peach Ice<\/strong> to co\u015b wi\u0119cej ni\u017c tylko urz\u0105dzenie o du\u017cej liczbie zaci\u0105gni\u0119\u0107 - chodzi o <strong>doskonale zbalansowany smak<\/strong>.<br>Po\u0142\u0105czenie <strong>s\u0142odka, soczysta brzoskwinia<\/strong> oraz <strong>orze\u017awiaj\u0105cy mentol<\/strong> dostarcza <strong>ch\u0142odny, g\u0142adki i satysfakcjonuj\u0105cy<\/strong> smak, kt\u00f3ry nigdy nie przyt\u0142acza.<\/p>\n\n\n\n<p>Czy jeste\u015b <strong>w pracy, podczas relaksu w domu lub w podr\u00f3\u017cy<\/strong>, Juicy Peach Ice zapewnia <strong>Niezmiennie orze\u017awiaj\u0105ce doznania podczas waporyzacji<\/strong> za ka\u017cdym razem.<\/p>\n\n\n\n<h3 class=\"wp-block-heading\"><strong>Odkryj <strong>Fumot 25k<\/strong> Seria<\/strong><\/h3>\n\n\n\n<p>Zapoznaj si\u0119 z pe\u0142n\u0105 wersj\u0105 <strong>RandM Tornado 25000 lineup<\/strong> - kolekcja znana z <strong>intensywne smaki, d\u0142ugi czas pracy na baterii i nowoczesny design<\/strong>.<br>Od <strong>Soczysty brzoskwiniowy l\u00f3d<\/strong> do <strong>Mango Tango<\/strong> oraz <strong>Mi\u0119ta jagodowa<\/strong>, Ka\u017cdy smak zapewnia wyj\u0105tkowe i satysfakcjonuj\u0105ce doznania podczas waporyzacji.<\/p>\n\n\n\n<h3 class=\"wp-block-heading\"><strong>Wypr\u00f3buj Juicy Peach Ice ju\u017c teraz!<\/strong><\/h3>\n\n\n\n<p>Gotowy na kolejny ulubiony produkt vape?<br>Do\u015bwiadczenie <strong>Idealne po\u0142\u0105czenie owocowej s\u0142odyczy i lodowatego orze\u017awienia<\/strong> z <strong>Fumot 25000 Juicy Peach Ice<\/strong> - gdzie ka\u017cdy puff czuje <strong>ch\u0142odny, soczysty i satysfakcjonuj\u0105cy<\/strong>.<\/p>\n\n\n\n<p>Odwied\u017a nasz sklep i odkryj, dlaczego vaperzy na ca\u0142ym \u015bwiecie uwielbiaj\u0105 <strong><a href=\"https:\/\/vapemaison.com\/product-category\/hot-series\/randm-tornado-25000\/\">RandM Tornado 25000<\/a> seria<\/strong>.<\/p>","protected":false},"excerpt":{"rendered":"<p>Fumot 25000 Juicy Peach Ice Looking for a 25,000-puff vape that delivers both fruity sweetness and icy refreshment?The Fumot 25000 Juicy Peach Ice, part of the Fumot 25k series, combines the juicy flavour of ripe peaches with a cool menthol kick \u2014 perfect for fans of sweet, fruity, and refreshing vapes. Why Choose Juicy Peach [&hellip;]<\/p>\n","protected":false},"featured_media":13348,"comment_status":"open","ping_status":"closed","template":"","meta":[],"product_brand":[58],"product_cat":[144,181],"product_tag":[],"class_list":{"0":"post-12997","1":"product","2":"type-product","3":"status-publish","4":"has-post-thumbnail","6":"product_brand-fumot","7":"product_cat-25k-puffs","8":"product_cat-randm-tornado-25000","10":"first","11":"instock","12":"sale","13":"shipping-taxable","14":"purchasable","15":"product-type-variable"},"yoast_head":"<!-- This site is optimized with the Yoast SEO plugin v27.4 - https:\/\/yoast.com\/product\/yoast-seo-wordpress\/ -->\n<title>Fumot 25k Juicy Peach Ice \u2013 RandM Tornado 25K Puffs<\/title>\n<meta name=\"description\" content=\"Discover the Fumot 25k Juicy Peach Ice Vape \u2013 up to 25,000 puffs, rechargeable 850mAh battery, and smooth salt nic flavour.\" \/>\n<meta name=\"robots\" content=\"index, follow, max-snippet:-1, max-image-preview:large, max-video-preview:-1\" \/>\n<link rel=\"canonical\" href=\"https:\/\/vapemaison.com\/pl\/produkt\/fumot-25k-soczysta-brzoskwinia-randm-tornado-25000-vape\/\" \/>\n<meta property=\"og:locale\" content=\"pl_PL\" \/>\n<meta property=\"og:type\" content=\"article\" \/>\n<meta property=\"og:title\" content=\"Fumot 25k Juicy Peach Ice \u2013 RandM Tornado 25K Puffs\" \/>\n<meta property=\"og:description\" content=\"Discover the Fumot 25k Juicy Peach Ice Vape \u2013 up to 25,000 puffs, rechargeable 850mAh battery, and smooth salt nic flavour.\" \/>\n<meta property=\"og:url\" content=\"https:\/\/vapemaison.com\/pl\/produkt\/fumot-25k-soczysta-brzoskwinia-randm-tornado-25000-vape\/\" \/>\n<meta property=\"og:site_name\" content=\"VapeMaison\" \/>\n<meta property=\"article:modified_time\" content=\"2025-12-01T06:00:44+00:00\" \/>\n<meta property=\"og:image\" content=\"https:\/\/vapemaison.com\/wp-content\/uploads\/2025\/11\/Fumot-25000-Juicy-Peach-Ice.jpg\" \/>\n\t<meta property=\"og:image:width\" content=\"1200\" \/>\n\t<meta property=\"og:image:height\" content=\"1200\" \/>\n\t<meta property=\"og:image:type\" content=\"image\/jpeg\" \/>\n<meta name=\"twitter:card\" content=\"summary_large_image\" \/>\n<meta name=\"twitter:label1\" content=\"Szacowany czas czytania\" \/>\n\t<meta name=\"twitter:data1\" content=\"2 minuty\" \/>\n<!-- \/ Yoast SEO plugin. -->","yoast_head_json":{"title":"Fumot 25k Juicy Peach Ice - RandM Tornado 25K Puffs","description":"Odkryj Fumot 25k Juicy Peach Ice Vape - do 25 000 zaci\u0105gni\u0119\u0107, akumulator 850 mAh i g\u0142adki smak s\u0142onej nikotyny.","robots":{"index":"index","follow":"follow","max-snippet":"max-snippet:-1","max-image-preview":"max-image-preview:large","max-video-preview":"max-video-preview:-1"},"canonical":"https:\/\/vapemaison.com\/pl\/produkt\/fumot-25k-soczysta-brzoskwinia-randm-tornado-25000-vape\/","og_locale":"pl_PL","og_type":"article","og_title":"Fumot 25k Juicy Peach Ice \u2013 RandM Tornado 25K Puffs","og_description":"Discover the Fumot 25k Juicy Peach Ice Vape \u2013 up to 25,000 puffs, rechargeable 850mAh battery, and smooth salt nic flavour.","og_url":"https:\/\/vapemaison.com\/pl\/produkt\/fumot-25k-soczysta-brzoskwinia-randm-tornado-25000-vape\/","og_site_name":"VapeMaison","article_modified_time":"2025-12-01T06:00:44+00:00","og_image":[{"width":1200,"height":1200,"url":"https:\/\/vapemaison.com\/wp-content\/uploads\/2025\/11\/Fumot-25000-Juicy-Peach-Ice.jpg","type":"image\/jpeg"}],"twitter_card":"summary_large_image","twitter_misc":{"Szacowany czas czytania":"2 minuty"},"schema":{"@context":"https:\/\/schema.org","@graph":[{"@type":"WebPage","@id":"https:\/\/vapemaison.com\/product\/fumot-25k-juicy-peach-randm-tornado-25000-vape\/","url":"https:\/\/vapemaison.com\/product\/fumot-25k-juicy-peach-randm-tornado-25000-vape\/","name":"Fumot 25k Juicy Peach Ice - RandM Tornado 25K Puffs","isPartOf":{"@id":"https:\/\/vapemaison.com\/#website"},"primaryImageOfPage":{"@id":"https:\/\/vapemaison.com\/product\/fumot-25k-juicy-peach-randm-tornado-25000-vape\/#primaryimage"},"image":{"@id":"https:\/\/vapemaison.com\/product\/fumot-25k-juicy-peach-randm-tornado-25000-vape\/#primaryimage"},"thumbnailUrl":"https:\/\/vapemaison.com\/wp-content\/uploads\/2025\/11\/Fumot-25000-Juicy-Peach-Ice.jpg","datePublished":"2025-11-12T05:44:55+00:00","dateModified":"2025-12-01T06:00:44+00:00","description":"Odkryj Fumot 25k Juicy Peach Ice Vape - do 25 000 zaci\u0105gni\u0119\u0107, akumulator 850 mAh i g\u0142adki smak s\u0142onej nikotyny.","breadcrumb":{"@id":"https:\/\/vapemaison.com\/product\/fumot-25k-juicy-peach-randm-tornado-25000-vape\/#breadcrumb"},"inLanguage":"pl-PL","potentialAction":[{"@type":"ReadAction","target":["https:\/\/vapemaison.com\/product\/fumot-25k-juicy-peach-randm-tornado-25000-vape\/"]}]},{"@type":"ImageObject","inLanguage":"pl-PL","@id":"https:\/\/vapemaison.com\/product\/fumot-25k-juicy-peach-randm-tornado-25000-vape\/#primaryimage","url":"https:\/\/vapemaison.com\/wp-content\/uploads\/2025\/11\/Fumot-25000-Juicy-Peach-Ice.jpg","contentUrl":"https:\/\/vapemaison.com\/wp-content\/uploads\/2025\/11\/Fumot-25000-Juicy-Peach-Ice.jpg","width":1200,"height":1200,"caption":"Fumot-25000-Juicy-Peach-Ice"},{"@type":"BreadcrumbList","@id":"https:\/\/vapemaison.com\/product\/fumot-25k-juicy-peach-randm-tornado-25000-vape\/#breadcrumb","itemListElement":[{"@type":"ListItem","position":1,"name":"\u9996\u9875","item":"https:\/\/vapemaison.com\/"},{"@type":"ListItem","position":2,"name":"Shop","item":"https:\/\/vapemaison.com\/shop\/"},{"@type":"ListItem","position":3,"name":"Fumot","item":"https:\/\/vapemaison.com\/brand\/fumot\/"},{"@type":"ListItem","position":4,"name":"Fumot 25k Juicy Peach Ice Randm Tornado 25000 Vape Salt E Zigarette"}]},{"@type":"WebSite","@id":"https:\/\/vapemaison.com\/#website","url":"https:\/\/vapemaison.com\/","name":"VapeMaison","description":"Wysokiej jako\u015bci urz\u0105dzenia i akcesoria do waporyzacji","publisher":{"@id":"https:\/\/vapemaison.com\/#organization"},"potentialAction":[{"@type":"SearchAction","target":{"@type":"EntryPoint","urlTemplate":"https:\/\/vapemaison.com\/?s={search_term_string}"},"query-input":{"@type":"PropertyValueSpecification","valueRequired":true,"valueName":"search_term_string"}}],"inLanguage":"pl-PL"},{"@type":"Organization","@id":"https:\/\/vapemaison.com\/#organization","name":"VapeMaison","url":"https:\/\/vapemaison.com\/","logo":{"@type":"ImageObject","inLanguage":"pl-PL","@id":"https:\/\/vapemaison.com\/#\/schema\/logo\/image\/","url":"https:\/\/vapemaison.com\/wp-content\/uploads\/2026\/01\/cropped-vapemaison-logo-g-2026.webp","contentUrl":"https:\/\/vapemaison.com\/wp-content\/uploads\/2026\/01\/cropped-vapemaison-logo-g-2026.webp","width":350,"height":280,"caption":"VapeMaison"},"image":{"@id":"https:\/\/vapemaison.com\/#\/schema\/logo\/image\/"},"sameAs":["https:\/\/www.youtube.com\/@VapeMaison"]}]}},"tiered_pricing_type":"fixed","tiered_pricing_fixed_rules":{"30":"12.42","50":"11.23","100":"10.68","200":"9.98"},"tiered_pricing_product_settings":{"layout":"default","base_unit_name":{"singular":null,"plural":null},"default_variation":null},"tiered_pricing_minimum_quantity":10,"tiered_pricing_roles_data":[],"tiered_pricing_percentage_rules":[],"tiered_pricing_maximum_quantity":null,"tiered_pricing_quantity_step":"10","_links":{"self":[{"href":"https:\/\/vapemaison.com\/pl\/wp-json\/wp\/v2\/product\/12997","targetHints":{"allow":["GET"]}}],"collection":[{"href":"https:\/\/vapemaison.com\/pl\/wp-json\/wp\/v2\/product"}],"about":[{"href":"https:\/\/vapemaison.com\/pl\/wp-json\/wp\/v2\/types\/product"}],"replies":[{"embeddable":true,"href":"https:\/\/vapemaison.com\/pl\/wp-json\/wp\/v2\/comments?post=12997"}],"version-history":[{"count":0,"href":"https:\/\/vapemaison.com\/pl\/wp-json\/wp\/v2\/product\/12997\/revisions"}],"wp:featuredmedia":[{"embeddable":true,"href":"https:\/\/vapemaison.com\/pl\/wp-json\/wp\/v2\/media\/13348"}],"wp:attachment":[{"href":"https:\/\/vapemaison.com\/pl\/wp-json\/wp\/v2\/media?parent=12997"}],"wp:term":[{"taxonomy":"product_brand","embeddable":true,"href":"https:\/\/vapemaison.com\/pl\/wp-json\/wp\/v2\/product_brand?post=12997"},{"taxonomy":"product_cat","embeddable":true,"href":"https:\/\/vapemaison.com\/pl\/wp-json\/wp\/v2\/product_cat?post=12997"},{"taxonomy":"product_tag","embeddable":true,"href":"https:\/\/vapemaison.com\/pl\/wp-json\/wp\/v2\/product_tag?post=12997"}],"curies":[{"name":"wp","href":"https:\/\/api.w.org\/{rel}","templated":true}]}}