

{"id":13378,"date":"2025-11-13T03:16:17","date_gmt":"2025-11-13T03:16:17","guid":{"rendered":"https:\/\/vapemaison.com\/?post_type=product&#038;p=13378"},"modified":"2026-04-24T06:35:08","modified_gmt":"2026-04-24T06:35:08","slug":"r-and-m-tornado-15000-apple-peach-pear-15k-puffs-vapes","status":"publish","type":"product","link":"https:\/\/vapemaison.com\/pl\/product\/r-and-m-tornado-15000-apple-peach-pear-15k-puffs-vapes\/","title":{"rendered":"R and M tornado 15000 Apple Peach Pear | 15K Puffs Vapes"},"content":{"rendered":"<p>R and M tornado 15000 - Jab\u0142ko Brzoskwinia Gruszka<\/p>\n\n\n\n<p><strong>Idealna r\u00f3wnowaga s\u0142odkich, soczystych i orze\u017awiaj\u0105cych smak\u00f3w owocowych - wy\u0142\u0105cznie w sklepie FUMOT.<\/strong><\/p>\n\n\n\n<p>Do\u015bwiadcz czystej owocowej harmonii z <strong>R and M tornado 15000 w kolorze Apple Peach Pear<\/strong> - jednorazowy e-papieros, kt\u00f3ry \u0142\u0105czy w sobie s\u0142odycz jab\u0142ek, soczyst\u0105 g\u0142\u0119bi\u0119 brzoskwi\u0144 i chrupi\u0105c\u0105 lekko\u015b\u0107 gruszek. Orze\u017awiaj\u0105cy i zr\u00f3wnowa\u017cony smak, idealny dla ka\u017cdego, kto kocha naturaln\u0105 \u015bwie\u017co\u015b\u0107 owoc\u00f3w zamiast intensywnych mieszanek, takich jak Gorilla Vapes.<\/p>\n\n\n\n<h3 class=\"wp-block-heading\">Dlaczego vaperzy kochaj\u0105 Apple Peach Pear<\/h3>\n\n\n\n<p><strong>Owocowa harmonia<\/strong> - S\u0142odycz dojrza\u0142ego jab\u0142ka \u0142\u0105czy si\u0119 z soczysto\u015bci\u0105 brzoskwini i nut\u0105 cierpko\u015bci gruszki, tworz\u0105c \u0142agodny smak przypominaj\u0105cy sad.<br><strong>15 000 zaci\u0105gni\u0119\u0107<\/strong> - Dzi\u0119ki <strong>Pojemno\u015b\u0107 25 ml e-liquidu<\/strong> i silny <strong>Akumulator o pojemno\u015bci 850 mAh<\/strong>, i cieszy\u0107 si\u0119 tygodniami nieprzerwanego wapowania.<br><strong>Niestandardowe opcje nikotyny<\/strong> - Wybierz pomi\u0119dzy <strong>0%, 2%, 3% lub 5% nikotyna<\/strong> dla idealnego do\u015bwiadczenia.<br><strong>Wysokiej jako\u015bci cewka siatkowa<\/strong> - The <strong>Cewka siatkowa 0,9\u03a9<\/strong> zapewnia g\u0119ste chmury i doskona\u0142\u0105 precyzj\u0119 smaku.<\/p>\n\n\n\n<h3 class=\"wp-block-heading\">Specyfikacja techniczna<\/h3>\n\n\n\n<ul class=\"wp-block-list\">\n<li><strong>Puffy:<\/strong> 15,000<\/li>\n\n\n\n<li><strong>Pojemno\u015b\u0107 e-liquidu:<\/strong> 25 ml<\/li>\n\n\n\n<li><strong>Bateria:<\/strong> 850 mAh (\u0142adowanie przez USB-C)<\/li>\n\n\n\n<li><strong>Cewka:<\/strong> Siatka 0,9\u03a9<\/li>\n\n\n\n<li><strong>Opcje nikotyny:<\/strong> 0%, 2%, 3%, 5%<\/li>\n\n\n\n<li><strong>Opakowanie:<\/strong> 10 sztuk\/pude\u0142ko (\u0142\u0105cznie 1,2 kg)<\/li>\n\n\n\n<li><strong>Cena:<\/strong> 16,88 \u20ac za sztuk\u0119 - bezkonkurencyjna warto\u015b\u0107 dla R i M tornado 15000!<\/li>\n<\/ul>\n\n\n\n<h3 class=\"wp-block-heading\">Dlaczego jest to najlepszy wyb\u00f3r<\/h3>\n\n\n\n<p>The <strong>Jab\u0142ko Brzoskwinia Gruszka<\/strong> smak celebruje r\u00f3\u017cnorodno\u015b\u0107 natury - s\u0142odki, soczysty i orze\u017awiaj\u0105co lekki.<br>Z jego <strong>Konstrukcja wielokrotnego \u0142adowania<\/strong> oraz <strong>kompaktowy rozmiar<\/strong>, Jest idealny do podr\u00f3\u017cy, trening\u00f3w lub codziennego u\u017cytku.<br>Ka\u017cde zaci\u0105gni\u0119cie zapewnia rze\u015bk\u0105 \u015bwie\u017co\u015b\u0107 i zr\u00f3wnowa\u017con\u0105 intensywno\u015b\u0107 smaku.<\/p>\n\n\n\n<h3 class=\"wp-block-heading\">Idealny do zam\u00f3wie\u0144 hurtowych lub grupowych<\/h3>\n\n\n\n<ul class=\"wp-block-list\">\n<li><strong>10 sztuk w opakowaniu<\/strong> - Podziel si\u0119 z przyjaci\u00f3\u0142mi lub zr\u00f3b zapas na d\u0142u\u017csz\u0105 met\u0119.<\/li>\n\n\n\n<li><strong>Lekki i ekonomiczny<\/strong> - Tylko 1,2 kg w pude\u0142ku zapewnia szybk\u0105 wysy\u0142k\u0119 i \u0142atwe przechowywanie.<\/li>\n\n\n\n<li>Odwied\u017a nasz\u0105 stron\u0119 <strong><a href=\"https:\/\/vapemaison.com\/\" type=\"link\" id=\"https:\/\/vapemaison.com\/brand\/randm\/\">Strona g\u0142\u00f3wna<\/a><\/strong> to discover new arrivals and best sellers<\/li>\n\n\n\n<li>Browse the <strong><a href=\"https:\/\/vapemaison.com\/shop\/\" type=\"link\" id=\"https:\/\/vapemaison.com\/shop\/\">Shop page<\/a><\/strong> to explore all available products<\/li>\n\n\n\n<li>Sprawd\u017a <strong><a href=\"https:\/\/vapemaison.com\/brand\/randm\/\" type=\"link\" id=\"https:\/\/vapemaison.com\/brand\/randm\/\">RandM brand collection<\/a><\/strong> for more devices<\/li>\n\n\n\n<li>Poznaj nasze <strong><a href=\"https:\/\/vapemaison.com\/product-category\/puffs-count\/\" type=\"link\" id=\"https:\/\/vapemaison.com\/product-category\/puffs-count\/\">Puff categories<\/a><\/strong> to compare 5000, 9000, 15000+ puff vapes<\/li>\n<\/ul>","protected":false},"excerpt":{"rendered":"<p class=\"\">Ciesz si\u0119 RandM Tornado 15000 w kolorze Apple Peach Pear - idealn\u0105 mieszank\u0105 jab\u0142ka, brzoskwini i gruszki z 15 000 zaci\u0105gni\u0119\u0107, akumulatorem 850 mAh i szybkim \u0142adowaniem Type-C. Naturalnie zbalansowany i orze\u017awiaj\u0105co g\u0142adki.<\/p>","protected":false},"featured_media":10611,"comment_status":"open","ping_status":"closed","template":"","meta":[],"product_brand":[169],"product_cat":[167],"product_tag":[],"class_list":{"0":"post-13378","1":"product","2":"type-product","3":"status-publish","4":"has-post-thumbnail","6":"product_brand-randm","7":"product_cat-15k-puffs","9":"first","10":"instock","11":"sale","12":"shipping-taxable","13":"purchasable","14":"product-type-variable"},"yoast_head":"<!-- This site is optimized with the Yoast SEO plugin v27.4 - https:\/\/yoast.com\/product\/yoast-seo-wordpress\/ -->\n<title>R and M tornado 15000 Apple Peach Pear | 15K Puffs Vapes - VapeMaison<\/title>\n<meta name=\"description\" content=\"Experience the R and M tornado 15000 in Apple Peach Pear,15k puffs, 850mAh battery, adjustable nicotine options &amp; intense, balanced fruit flavor.\" \/>\n<meta name=\"robots\" content=\"index, follow, max-snippet:-1, max-image-preview:large, max-video-preview:-1\" \/>\n<link rel=\"canonical\" href=\"https:\/\/vapemaison.com\/pl\/produkt\/r-and-m-tornado-15000-apple-peach-pear-15k-puffs-vapes\/\" \/>\n<meta property=\"og:locale\" content=\"pl_PL\" \/>\n<meta property=\"og:type\" content=\"article\" \/>\n<meta property=\"og:title\" content=\"R and M tornado 15000 Apple Peach Pear | 15K Puffs Vapes - VapeMaison\" \/>\n<meta property=\"og:description\" content=\"Experience the R and M tornado 15000 in Apple Peach Pear,15k puffs, 850mAh battery, adjustable nicotine options &amp; intense, balanced fruit flavor.\" \/>\n<meta property=\"og:url\" content=\"https:\/\/vapemaison.com\/pl\/produkt\/r-and-m-tornado-15000-apple-peach-pear-15k-puffs-vapes\/\" \/>\n<meta property=\"og:site_name\" content=\"VapeMaison\" \/>\n<meta property=\"article:modified_time\" content=\"2026-04-24T06:35:08+00:00\" \/>\n<meta property=\"og:image\" content=\"https:\/\/vapemaison.com\/wp-content\/uploads\/2025\/11\/RandM-Tornado-15000-Apple-Peach-Pear-1.webp\" \/>\n\t<meta property=\"og:image:width\" content=\"1600\" \/>\n\t<meta property=\"og:image:height\" content=\"1600\" \/>\n\t<meta property=\"og:image:type\" content=\"image\/webp\" \/>\n<meta name=\"twitter:card\" content=\"summary_large_image\" \/>\n<meta name=\"twitter:label1\" content=\"Szacowany czas czytania\" \/>\n\t<meta name=\"twitter:data1\" content=\"2 minuty\" \/>\n<!-- \/ Yoast SEO plugin. -->","yoast_head_json":{"title":"R and M tornado 15000 Apple Peach Pear | 15K Puffs Vapes - VapeMaison","description":"Do\u015bwiadcz R and M tornado 15000 w wersji Apple Peach Pear, 15 tys. zaci\u0105gni\u0119\u0107, bateria 850 mAh, regulowane opcje nikotyny i intensywny, zr\u00f3wnowa\u017cony owocowy smak.","robots":{"index":"index","follow":"follow","max-snippet":"max-snippet:-1","max-image-preview":"max-image-preview:large","max-video-preview":"max-video-preview:-1"},"canonical":"https:\/\/vapemaison.com\/pl\/produkt\/r-and-m-tornado-15000-apple-peach-pear-15k-puffs-vapes\/","og_locale":"pl_PL","og_type":"article","og_title":"R and M tornado 15000 Apple Peach Pear | 15K Puffs Vapes - VapeMaison","og_description":"Experience the R and M tornado 15000 in Apple Peach Pear,15k puffs, 850mAh battery, adjustable nicotine options & intense, balanced fruit flavor.","og_url":"https:\/\/vapemaison.com\/pl\/produkt\/r-and-m-tornado-15000-apple-peach-pear-15k-puffs-vapes\/","og_site_name":"VapeMaison","article_modified_time":"2026-04-24T06:35:08+00:00","og_image":[{"width":1600,"height":1600,"url":"https:\/\/vapemaison.com\/wp-content\/uploads\/2025\/11\/RandM-Tornado-15000-Apple-Peach-Pear-1.webp","type":"image\/webp"}],"twitter_card":"summary_large_image","twitter_misc":{"Szacowany czas czytania":"2 minuty"},"schema":{"@context":"https:\/\/schema.org","@graph":[{"@type":"WebPage","@id":"https:\/\/vapemaison.com\/product\/r-and-m-tornado-15000-apple-peach-pear-15k-puffs-vapes\/","url":"https:\/\/vapemaison.com\/product\/r-and-m-tornado-15000-apple-peach-pear-15k-puffs-vapes\/","name":"R and M tornado 15000 Apple Peach Pear | 15K Puffs Vapes - VapeMaison","isPartOf":{"@id":"https:\/\/vapemaison.com\/#website"},"primaryImageOfPage":{"@id":"https:\/\/vapemaison.com\/product\/r-and-m-tornado-15000-apple-peach-pear-15k-puffs-vapes\/#primaryimage"},"image":{"@id":"https:\/\/vapemaison.com\/product\/r-and-m-tornado-15000-apple-peach-pear-15k-puffs-vapes\/#primaryimage"},"thumbnailUrl":"https:\/\/vapemaison.com\/wp-content\/uploads\/2025\/11\/RandM-Tornado-15000-Apple-Peach-Pear-1.webp","datePublished":"2025-11-13T03:16:17+00:00","dateModified":"2026-04-24T06:35:08+00:00","description":"Do\u015bwiadcz R and M tornado 15000 w wersji Apple Peach Pear, 15 tys. zaci\u0105gni\u0119\u0107, bateria 850 mAh, regulowane opcje nikotyny i intensywny, zr\u00f3wnowa\u017cony owocowy smak.","breadcrumb":{"@id":"https:\/\/vapemaison.com\/product\/r-and-m-tornado-15000-apple-peach-pear-15k-puffs-vapes\/#breadcrumb"},"inLanguage":"pl-PL","potentialAction":[{"@type":"ReadAction","target":["https:\/\/vapemaison.com\/product\/r-and-m-tornado-15000-apple-peach-pear-15k-puffs-vapes\/"]}]},{"@type":"ImageObject","inLanguage":"pl-PL","@id":"https:\/\/vapemaison.com\/product\/r-and-m-tornado-15000-apple-peach-pear-15k-puffs-vapes\/#primaryimage","url":"https:\/\/vapemaison.com\/wp-content\/uploads\/2025\/11\/RandM-Tornado-15000-Apple-Peach-Pear-1.webp","contentUrl":"https:\/\/vapemaison.com\/wp-content\/uploads\/2025\/11\/RandM-Tornado-15000-Apple-Peach-Pear-1.webp","width":1600,"height":1600,"caption":"Randm Tornado Apple Peach Pear Disposable Vape Device"},{"@type":"BreadcrumbList","@id":"https:\/\/vapemaison.com\/product\/r-and-m-tornado-15000-apple-peach-pear-15k-puffs-vapes\/#breadcrumb","itemListElement":[{"@type":"ListItem","position":1,"name":"\u9996\u9875","item":"https:\/\/vapemaison.com\/"},{"@type":"ListItem","position":2,"name":"Shop","item":"https:\/\/vapemaison.com\/shop\/"},{"@type":"ListItem","position":3,"name":"RandM","item":"https:\/\/vapemaison.com\/brand\/randm\/"},{"@type":"ListItem","position":4,"name":"R and M tornado 15000 Apple Peach Pear | 15K Puffs Vapes"}]},{"@type":"WebSite","@id":"https:\/\/vapemaison.com\/#website","url":"https:\/\/vapemaison.com\/","name":"VapeMaison","description":"Wysokiej jako\u015bci urz\u0105dzenia i akcesoria do waporyzacji","publisher":{"@id":"https:\/\/vapemaison.com\/#organization"},"potentialAction":[{"@type":"SearchAction","target":{"@type":"EntryPoint","urlTemplate":"https:\/\/vapemaison.com\/?s={search_term_string}"},"query-input":{"@type":"PropertyValueSpecification","valueRequired":true,"valueName":"search_term_string"}}],"inLanguage":"pl-PL"},{"@type":"Organization","@id":"https:\/\/vapemaison.com\/#organization","name":"VapeMaison","url":"https:\/\/vapemaison.com\/","logo":{"@type":"ImageObject","inLanguage":"pl-PL","@id":"https:\/\/vapemaison.com\/#\/schema\/logo\/image\/","url":"https:\/\/vapemaison.com\/wp-content\/uploads\/2026\/01\/cropped-vapemaison-logo-g-2026.webp","contentUrl":"https:\/\/vapemaison.com\/wp-content\/uploads\/2026\/01\/cropped-vapemaison-logo-g-2026.webp","width":350,"height":280,"caption":"VapeMaison"},"image":{"@id":"https:\/\/vapemaison.com\/#\/schema\/logo\/image\/"},"sameAs":["https:\/\/www.youtube.com\/@VapeMaison"]}]}},"tiered_pricing_type":"fixed","tiered_pricing_fixed_rules":{"30":"12.76","50":"11.52","100":"10.63","200":"9.21"},"tiered_pricing_product_settings":{"layout":"default","base_unit_name":{"singular":null,"plural":null},"default_variation":null},"tiered_pricing_minimum_quantity":10,"tiered_pricing_roles_data":[],"tiered_pricing_percentage_rules":[],"tiered_pricing_maximum_quantity":null,"tiered_pricing_quantity_step":"10","_links":{"self":[{"href":"https:\/\/vapemaison.com\/pl\/wp-json\/wp\/v2\/product\/13378","targetHints":{"allow":["GET"]}}],"collection":[{"href":"https:\/\/vapemaison.com\/pl\/wp-json\/wp\/v2\/product"}],"about":[{"href":"https:\/\/vapemaison.com\/pl\/wp-json\/wp\/v2\/types\/product"}],"replies":[{"embeddable":true,"href":"https:\/\/vapemaison.com\/pl\/wp-json\/wp\/v2\/comments?post=13378"}],"version-history":[{"count":1,"href":"https:\/\/vapemaison.com\/pl\/wp-json\/wp\/v2\/product\/13378\/revisions"}],"predecessor-version":[{"id":29548,"href":"https:\/\/vapemaison.com\/pl\/wp-json\/wp\/v2\/product\/13378\/revisions\/29548"}],"wp:featuredmedia":[{"embeddable":true,"href":"https:\/\/vapemaison.com\/pl\/wp-json\/wp\/v2\/media\/10611"}],"wp:attachment":[{"href":"https:\/\/vapemaison.com\/pl\/wp-json\/wp\/v2\/media?parent=13378"}],"wp:term":[{"taxonomy":"product_brand","embeddable":true,"href":"https:\/\/vapemaison.com\/pl\/wp-json\/wp\/v2\/product_brand?post=13378"},{"taxonomy":"product_cat","embeddable":true,"href":"https:\/\/vapemaison.com\/pl\/wp-json\/wp\/v2\/product_cat?post=13378"},{"taxonomy":"product_tag","embeddable":true,"href":"https:\/\/vapemaison.com\/pl\/wp-json\/wp\/v2\/product_tag?post=13378"}],"curies":[{"name":"wp","href":"https:\/\/api.w.org\/{rel}","templated":true}]}}