

{"id":13572,"date":"2025-11-13T06:18:20","date_gmt":"2025-11-13T06:18:20","guid":{"rendered":"https:\/\/vapemaison.com\/?post_type=product&#038;p=13572"},"modified":"2026-04-14T07:30:45","modified_gmt":"2026-04-14T07:30:45","slug":"elfbar-23000-blue-razz-ice-5","status":"publish","type":"product","link":"https:\/\/vapemaison.com\/pl\/product\/elfbar-23000-blue-razz-ice-5\/","title":{"rendered":"ELFBAR 23000 - Blue Razz Ice 5%"},"content":{"rendered":"<h2 class=\"wp-block-heading\"><strong>Vape jednorazowe Elfbar 23000 - smak Blue Razz Ice | Moc spotyka si\u0119 z innowacj\u0105<\/strong><\/h2>\n\n\n\n<p>Do\u015bwiadcz kolejnej ewolucji w waporyzacji dzi\u0119ki <strong>Elfbar 23000<\/strong>, to wysokowydajny jednorazowy waporyzator, kt\u00f3ry \u0142\u0105czy w sobie d\u0142ugotrwa\u0142\u0105 moc, wyrazisty smak i najnowocze\u015bniejszy design. Stworzony dla vaper\u00f3w, kt\u00f3rzy wymagaj\u0105 wygody i doskona\u0142ego smaku. <strong>Elfbar 23000 Blue Razz Ice<\/strong> zapewnia orze\u017awiaj\u0105cy przyp\u0142yw s\u0142odkich niebieskich malin zr\u00f3wnowa\u017cony lodowatym mentolowym finiszem.<\/p>\n\n\n\n<p>Dzi\u0119ki ogromnej pojemno\u015bci 23 ml e-liquidu i akumulatorowi o pojemno\u015bci 850 mAh <strong>Elfbar 23000<\/strong> oferuje p\u0142ynne i sp\u00f3jne dzia\u0142anie od pierwszego do ostatniego zaci\u0105gni\u0119cia si\u0119 - zapewniaj\u0105c do <strong>23 000 zaci\u0105gni\u0119\u0107<\/strong> na urz\u0105dzenie.<\/p>\n\n\n\n<p>Jego zaawansowany <strong>potr\u00f3jna cewka siatkowa<\/strong> zapewnia g\u0119st\u0105 par\u0119, czysty smak i wyj\u0105tkowo satysfakcjonuj\u0105ce zaci\u0105ganie si\u0119 za ka\u017cdym razem. Model <strong>Inteligentny wy\u015bwietlacz cyfrowy<\/strong> na bie\u017c\u0105co informuje o poziomie na\u0142adowania baterii i poziomu e-liquidu, dzi\u0119ki czemu nigdy nie wyczerpie si\u0119 on niespodziewanie.<\/p>\n\n\n\n<h3 class=\"wp-block-heading\"><strong>Kluczowe cechy<\/strong><\/h3>\n\n\n\n<ul class=\"wp-block-list\">\n<li><strong>Du\u017ca pojemno\u015b\u0107 e-liquidu:<\/strong> 23 ml najwy\u017cszej jako\u015bci e-liquidu Blue Razz Ice do d\u0142u\u017cszych sesji waporyzacji.<\/li>\n\n\n\n<li><strong>Ogromna liczba zaci\u0105gni\u0119\u0107:<\/strong> Do <strong>23 000 zaci\u0105gni\u0119\u0107<\/strong> na urz\u0105dzenie dla d\u0142ugotrwa\u0142ej przyjemno\u015bci.<\/li>\n\n\n\n<li><strong>Akumulator:<\/strong> Wbudowany <strong>850 mAh<\/strong> bateria z szybkim \u0142adowaniem typu C.<\/li>\n\n\n\n<li><strong>Cyfrowy ekran wy\u015bwietlacza:<\/strong> Monitorowanie baterii i e-cieczy w czasie rzeczywistym.<\/li>\n\n\n\n<li><strong>Cewka z potr\u00f3jn\u0105 siatk\u0105:<\/strong> Zapewnia g\u0142adsz\u0105 par\u0119 i mocniejsz\u0105 konsystencj\u0119 smaku.<\/li>\n\n\n\n<li><strong>System aktywowany rysowaniem:<\/strong> Brak przycisk\u00f3w i ustawie\u0144 - po prostu wdychaj, aby waporyzowa\u0107.<\/li>\n\n\n\n<li><strong>Ergonomiczna konstrukcja:<\/strong> Kompaktowy, stylowy i wygodny do trzymania lub przenoszenia.<\/li>\n<\/ul>\n\n\n\n<h3 class=\"wp-block-heading\"><strong>Dlaczego warto wybra\u0107 Elfbar 23000 Blue Razz Ice?<\/strong><\/h3>\n\n\n\n<p>The <strong>Elfbar 23000<\/strong> wyr\u00f3\u017cnia si\u0119 idealn\u0105 r\u00f3wnowag\u0105 mocy, smaku i technologii. Zaprojektowany z my\u015bl\u0105 o zapewnieniu najwy\u017cszej jako\u015bci wra\u017ce\u0144 z waporyzacji bez konieczno\u015bci uzupe\u0142niania lub skomplikowanej konserwacji, jest idealny zar\u00f3wno dla nowych, jak i do\u015bwiadczonych u\u017cytkownik\u00f3w.<\/p>\n\n\n\n<p>Ciesz si\u0119 <strong>Blue Razz Ice<\/strong> smak - mieszanka soczystej niebieskiej maliny i ch\u0142odnego mentolu, kt\u00f3ra od\u015bwie\u017ca zmys\u0142y z ka\u017cdym zaci\u0105gni\u0119ciem.<\/p>\n\n\n\n<h3 class=\"wp-block-heading\"><strong>Specyfikacja produktu<\/strong><\/h3>\n\n\n\n<ul class=\"wp-block-list\">\n<li><strong>Marka:<\/strong> Elfbar<\/li>\n\n\n\n<li><strong>Model:<\/strong> Vape jednorazowego u\u017cytku Elfbar 23000<\/li>\n\n\n\n<li><strong>Smak:<\/strong> Blue Razz Ice<\/li>\n\n\n\n<li><strong>Moc nikotyny:<\/strong> 5% (50 mg)<\/li>\n\n\n\n<li><strong>Puffy:<\/strong> Do 23 000<\/li>\n\n\n\n<li><strong>Pojemno\u015b\u0107 e-liquidu:<\/strong> 23 ml<\/li>\n\n\n\n<li><strong>Pojemno\u015b\u0107 akumulatora:<\/strong> 850 mAh (akumulator)<\/li>\n\n\n\n<li><strong>Typ cewki:<\/strong> Potr\u00f3jna siatka<\/li>\n\n\n\n<li><strong>Port \u0142adowania:<\/strong> Typ-C<\/li>\n<\/ul>\n\n\n\n<p>Odkryj wi\u0119cej z naszej kolekcji, aby znale\u017a\u0107 idealny vape dla swoich potrzeb. Przegl\u0105daj nasz\u0105 pe\u0142n\u0105 ofert\u0119 na <strong><a href=\"https:\/\/vapemaison.com\/\" type=\"link\" id=\"https:\/\/vapemaison.com\/\">Strona g\u0142\u00f3wna<\/a><\/strong>, Odkryj podobne urz\u0105dzenia o wysokiej wydajno\u015bci na <strong><a href=\"https:\/\/vapemaison.com\/shop\/\" type=\"link\" id=\"https:\/\/vapemaison.com\/shop\/\">Sklep Vape jednorazowego u\u017cytku<\/a><\/strong>, lub dowiedzie\u0107 si\u0119 wi\u0119cej o zaufanej jako\u015bci <strong><a href=\"https:\/\/vapemaison.com\/brand\/elfbar\/\" type=\"link\" id=\"https:\/\/vapemaison.com\/brand\/elfbar\/\">Marka Elfbar<\/a><\/strong>.<\/p>\n\n\n\n<p>Je\u015bli por\u00f3wnujesz r\u00f3\u017cne poziomy u\u017cytkowania, sprawd\u017a nasz\u0105 ofert\u0119 <strong><a href=\"https:\/\/vapemaison.com\/product-category\/puffs-count\/23k-puffs\/\" type=\"link\" id=\"https:\/\/vapemaison.com\/product-category\/puffs-count\/30k-puffs\/\">23K Puffs<\/a><\/strong> aby znale\u017a\u0107 urz\u0105dzenia, kt\u00f3re pasuj\u0105 do preferowanej pojemno\u015bci - od opcji kompaktowych po modele o bardzo wysokiej wydajno\u015bci.<\/p>\n\n\n\n<p><\/p>","protected":false},"excerpt":{"rendered":"<p>ELFBAR 23000 zapewnia do 23000 zaci\u0105gni\u0119\u0107 g\u0142adkiej, aromatycznej pary. Zbiornik e-liquidu o pojemno\u015bci 23 ml, potr\u00f3jna cewka siatkowa i akumulator 850 mAh zapewniaj\u0105 d\u0142ugotrwa\u0142\u0105 satysfakcj\u0119.<\/p>","protected":false},"featured_media":12776,"comment_status":"open","ping_status":"closed","template":"","meta":[],"product_brand":[177],"product_cat":[288,294],"product_tag":[],"class_list":{"0":"post-13572","1":"product","2":"type-product","3":"status-publish","4":"has-post-thumbnail","6":"product_brand-elfbar","7":"product_cat-23k-puffs","8":"product_cat-no-nicotine-vape","10":"first","11":"instock","12":"sale","13":"shipping-taxable","14":"purchasable","15":"product-type-variable"},"yoast_head":"<!-- This site is optimized with the Yoast SEO plugin v27.4 - https:\/\/yoast.com\/product\/yoast-seo-wordpress\/ -->\n<title>Elfbar 23000 Disposable Vape | 23000 Puffs<\/title>\n<meta name=\"description\" content=\"Experience the ELFBAR 23000 \u2013 23ml capacity, 850mAh rechargeable battery, and up to 23000 puffs. Enjoy smooth flavor, rich vapor, and modern design.\" \/>\n<meta name=\"robots\" content=\"index, follow, max-snippet:-1, max-image-preview:large, max-video-preview:-1\" \/>\n<link rel=\"canonical\" href=\"https:\/\/vapemaison.com\/pl\/produkt\/elfbar-23000-blue-razz-ice-5\/\" \/>\n<meta property=\"og:locale\" content=\"pl_PL\" \/>\n<meta property=\"og:type\" content=\"article\" \/>\n<meta property=\"og:title\" content=\"Elfbar 23000 Disposable Vape | 23000 Puffs\" \/>\n<meta property=\"og:description\" content=\"Experience the ELFBAR 23000 \u2013 23ml capacity, 850mAh rechargeable battery, and up to 23000 puffs. Enjoy smooth flavor, rich vapor, and modern design.\" \/>\n<meta property=\"og:url\" content=\"https:\/\/vapemaison.com\/pl\/produkt\/elfbar-23000-blue-razz-ice-5\/\" \/>\n<meta property=\"og:site_name\" content=\"VapeMaison\" \/>\n<meta property=\"article:modified_time\" content=\"2026-04-14T07:30:45+00:00\" \/>\n<meta property=\"og:image\" content=\"https:\/\/vapemaison.com\/wp-content\/uploads\/2025\/11\/elf-bar-gh23000-blue-razz-ice-disposable-vape-2-nicotine.webp\" \/>\n\t<meta property=\"og:image:width\" content=\"1000\" \/>\n\t<meta property=\"og:image:height\" content=\"1000\" \/>\n\t<meta property=\"og:image:type\" content=\"image\/webp\" \/>\n<meta name=\"twitter:card\" content=\"summary_large_image\" \/>\n<meta name=\"twitter:label1\" content=\"Szacowany czas czytania\" \/>\n\t<meta name=\"twitter:data1\" content=\"2 minuty\" \/>\n<!-- \/ Yoast SEO plugin. -->","yoast_head_json":{"title":"Elfbar 23000 Jednorazowe Vape | 23000 Puff\u00f3w","description":"Poznaj ELFBAR 23000 - pojemno\u015b\u0107 23 ml, akumulator 850 mAh i do 23000 zaci\u0105gni\u0119\u0107. Ciesz si\u0119 g\u0142adkim smakiem, bogat\u0105 par\u0105 i nowoczesnym designem.","robots":{"index":"index","follow":"follow","max-snippet":"max-snippet:-1","max-image-preview":"max-image-preview:large","max-video-preview":"max-video-preview:-1"},"canonical":"https:\/\/vapemaison.com\/pl\/produkt\/elfbar-23000-blue-razz-ice-5\/","og_locale":"pl_PL","og_type":"article","og_title":"Elfbar 23000 Disposable Vape | 23000 Puffs","og_description":"Experience the ELFBAR 23000 \u2013 23ml capacity, 850mAh rechargeable battery, and up to 23000 puffs. Enjoy smooth flavor, rich vapor, and modern design.","og_url":"https:\/\/vapemaison.com\/pl\/produkt\/elfbar-23000-blue-razz-ice-5\/","og_site_name":"VapeMaison","article_modified_time":"2026-04-14T07:30:45+00:00","og_image":[{"width":1000,"height":1000,"url":"https:\/\/vapemaison.com\/wp-content\/uploads\/2025\/11\/elf-bar-gh23000-blue-razz-ice-disposable-vape-2-nicotine.webp","type":"image\/webp"}],"twitter_card":"summary_large_image","twitter_misc":{"Szacowany czas czytania":"2 minuty"},"schema":{"@context":"https:\/\/schema.org","@graph":[{"@type":"WebPage","@id":"https:\/\/vapemaison.com\/product\/elfbar-23000-blue-razz-ice-5\/","url":"https:\/\/vapemaison.com\/product\/elfbar-23000-blue-razz-ice-5\/","name":"Elfbar 23000 Jednorazowe Vape | 23000 Puff\u00f3w","isPartOf":{"@id":"https:\/\/vapemaison.com\/#website"},"primaryImageOfPage":{"@id":"https:\/\/vapemaison.com\/product\/elfbar-23000-blue-razz-ice-5\/#primaryimage"},"image":{"@id":"https:\/\/vapemaison.com\/product\/elfbar-23000-blue-razz-ice-5\/#primaryimage"},"thumbnailUrl":"https:\/\/vapemaison.com\/wp-content\/uploads\/2025\/11\/elf-bar-gh23000-blue-razz-ice-disposable-vape-2-nicotine.webp","datePublished":"2025-11-13T06:18:20+00:00","dateModified":"2026-04-14T07:30:45+00:00","description":"Poznaj ELFBAR 23000 - pojemno\u015b\u0107 23 ml, akumulator 850 mAh i do 23000 zaci\u0105gni\u0119\u0107. Ciesz si\u0119 g\u0142adkim smakiem, bogat\u0105 par\u0105 i nowoczesnym designem.","breadcrumb":{"@id":"https:\/\/vapemaison.com\/product\/elfbar-23000-blue-razz-ice-5\/#breadcrumb"},"inLanguage":"pl-PL","potentialAction":[{"@type":"ReadAction","target":["https:\/\/vapemaison.com\/product\/elfbar-23000-blue-razz-ice-5\/"]}]},{"@type":"ImageObject","inLanguage":"pl-PL","@id":"https:\/\/vapemaison.com\/product\/elfbar-23000-blue-razz-ice-5\/#primaryimage","url":"https:\/\/vapemaison.com\/wp-content\/uploads\/2025\/11\/elf-bar-gh23000-blue-razz-ice-disposable-vape-2-nicotine.webp","contentUrl":"https:\/\/vapemaison.com\/wp-content\/uploads\/2025\/11\/elf-bar-gh23000-blue-razz-ice-disposable-vape-2-nicotine.webp","width":1000,"height":1000,"caption":"Elf Bar Gh Blue Razz Ice Disposable Vape 2 Nicotine"},{"@type":"BreadcrumbList","@id":"https:\/\/vapemaison.com\/product\/elfbar-23000-blue-razz-ice-5\/#breadcrumb","itemListElement":[{"@type":"ListItem","position":1,"name":"\u9996\u9875","item":"https:\/\/vapemaison.com\/"},{"@type":"ListItem","position":2,"name":"Shop","item":"https:\/\/vapemaison.com\/shop\/"},{"@type":"ListItem","position":3,"name":"Elfbar","item":"https:\/\/vapemaison.com\/brand\/elfbar\/"},{"@type":"ListItem","position":4,"name":"ELFBAR 23000 &#8211; Blue Razz Ice 5%"}]},{"@type":"WebSite","@id":"https:\/\/vapemaison.com\/#website","url":"https:\/\/vapemaison.com\/","name":"VapeMaison","description":"Wysokiej jako\u015bci urz\u0105dzenia i akcesoria do waporyzacji","publisher":{"@id":"https:\/\/vapemaison.com\/#organization"},"potentialAction":[{"@type":"SearchAction","target":{"@type":"EntryPoint","urlTemplate":"https:\/\/vapemaison.com\/?s={search_term_string}"},"query-input":{"@type":"PropertyValueSpecification","valueRequired":true,"valueName":"search_term_string"}}],"inLanguage":"pl-PL"},{"@type":"Organization","@id":"https:\/\/vapemaison.com\/#organization","name":"VapeMaison","url":"https:\/\/vapemaison.com\/","logo":{"@type":"ImageObject","inLanguage":"pl-PL","@id":"https:\/\/vapemaison.com\/#\/schema\/logo\/image\/","url":"https:\/\/vapemaison.com\/wp-content\/uploads\/2026\/01\/cropped-vapemaison-logo-g-2026.webp","contentUrl":"https:\/\/vapemaison.com\/wp-content\/uploads\/2026\/01\/cropped-vapemaison-logo-g-2026.webp","width":350,"height":280,"caption":"VapeMaison"},"image":{"@id":"https:\/\/vapemaison.com\/#\/schema\/logo\/image\/"},"sameAs":["https:\/\/www.youtube.com\/@VapeMaison"]}]}},"tiered_pricing_type":"fixed","tiered_pricing_fixed_rules":{"30":"14.78","50":"12.28","100":"11.78","200":"10.78"},"tiered_pricing_product_settings":{"layout":"default","base_unit_name":{"singular":null,"plural":null},"default_variation":null},"tiered_pricing_minimum_quantity":10,"tiered_pricing_roles_data":[],"tiered_pricing_percentage_rules":[],"tiered_pricing_maximum_quantity":null,"tiered_pricing_quantity_step":"10","_links":{"self":[{"href":"https:\/\/vapemaison.com\/pl\/wp-json\/wp\/v2\/product\/13572","targetHints":{"allow":["GET"]}}],"collection":[{"href":"https:\/\/vapemaison.com\/pl\/wp-json\/wp\/v2\/product"}],"about":[{"href":"https:\/\/vapemaison.com\/pl\/wp-json\/wp\/v2\/types\/product"}],"replies":[{"embeddable":true,"href":"https:\/\/vapemaison.com\/pl\/wp-json\/wp\/v2\/comments?post=13572"}],"version-history":[{"count":2,"href":"https:\/\/vapemaison.com\/pl\/wp-json\/wp\/v2\/product\/13572\/revisions"}],"predecessor-version":[{"id":29397,"href":"https:\/\/vapemaison.com\/pl\/wp-json\/wp\/v2\/product\/13572\/revisions\/29397"}],"wp:featuredmedia":[{"embeddable":true,"href":"https:\/\/vapemaison.com\/pl\/wp-json\/wp\/v2\/media\/12776"}],"wp:attachment":[{"href":"https:\/\/vapemaison.com\/pl\/wp-json\/wp\/v2\/media?parent=13572"}],"wp:term":[{"taxonomy":"product_brand","embeddable":true,"href":"https:\/\/vapemaison.com\/pl\/wp-json\/wp\/v2\/product_brand?post=13572"},{"taxonomy":"product_cat","embeddable":true,"href":"https:\/\/vapemaison.com\/pl\/wp-json\/wp\/v2\/product_cat?post=13572"},{"taxonomy":"product_tag","embeddable":true,"href":"https:\/\/vapemaison.com\/pl\/wp-json\/wp\/v2\/product_tag?post=13572"}],"curies":[{"name":"wp","href":"https:\/\/api.w.org\/{rel}","templated":true}]}}