

{"id":13888,"date":"2025-11-18T02:42:53","date_gmt":"2025-11-18T02:42:53","guid":{"rendered":"https:\/\/vapemaison.com\/?post_type=product&#038;p=13888"},"modified":"2026-01-30T08:34:05","modified_gmt":"2026-01-30T08:34:05","slug":"elfbar-sweet30000puff-5","status":"publish","type":"product","link":"https:\/\/vapemaison.com\/pl\/product\/elfbar-sweet30000puff-5\/","title":{"rendered":"ELFBAR SWEET KING 30000 Vape | Pine Needle Mint 30k"},"content":{"rendered":"<h2 class=\"wp-block-heading\"><strong>ELFBAR menthol - inteligentny, regulowany, d\u0142ugotrwa\u0142y jednorazowy Vape<\/strong><\/h2>\n\n\n\n<p>The <strong><strong>ELFBAR mentol<\/strong> 30000<\/strong> wnosi nowy poziom wydajno\u015bci do jednorazowych system\u00f3w POD. Zaprojektowany dla vaper\u00f3w, kt\u00f3rzy chc\u0105 personalizacji, stabilno\u015bci i d\u0142ugoterminowej warto\u015bci, zapewnia do <strong>30k puff<\/strong>, Posiada inteligentny wy\u015bwietlacz LED i umo\u017cliwia pe\u0142n\u0105 kontrol\u0119 nad s\u0142odycz\u0105, intensywno\u015bci\u0105 smaku, moc\u0105 i przep\u0142ywem powietrza - do\u015bwiadczenie rzadko spotykane w urz\u0105dzeniach jednorazowych.<\/p>\n\n\n\n<p>Zasilany 20 ml soli nikotynowej 5% i bateri\u0105 850 mAh, SWEET KING zapewnia sta\u0142\u0105 produkcj\u0119 pary, wspieran\u0105 przez cewk\u0119 Triple Mesh Coil dla bogatego, g\u0119stego smaku bez przegrzewania. Kompaktowa konstrukcja, automatyczna aktywacja zaci\u0105gania i szybkie \u0142adowanie typu C sprawiaj\u0105, \u017ce jest to wygodny i niezawodny waporyzator do codziennego u\u017cytku.<\/p>\n\n\n\n<h2 class=\"wp-block-heading\"><strong>G\u0142\u00f3wne zalety<\/strong><\/h2>\n\n\n\n<ul class=\"wp-block-list\">\n<li><strong>Pe\u0142na personalizacja<\/strong> - Dostosuj s\u0142odycz, si\u0142\u0119 aromatu, moc i przep\u0142yw powietrza.<\/li>\n\n\n\n<li><strong>Do 30 000 zaci\u0105gni\u0119\u0107<\/strong> - 20 ml e-liquidu i wydajna bateria 850 mAh zapewniaj\u0105 d\u0142ugotrwa\u0142\u0105 wydajno\u015b\u0107.<\/li>\n\n\n\n<li><strong>Cewka z potr\u00f3jn\u0105 siatk\u0105<\/strong> - Zapewnia bogatszy smak, szybsze nagrzewanie i g\u0142adsz\u0105 par\u0119.<\/li>\n\n\n\n<li><strong>Inteligentny wy\u015bwietlacz LED<\/strong> - Wystarczy rzut oka, aby wy\u015bwietli\u0107 poziom na\u0142adowania baterii, stan e-liquidu, moc i aktywne ustawienia.<\/li>\n\n\n\n<li><strong>Aktywacja automatycznego rysowania<\/strong> - Po prostu wdychaj, aby si\u0119 cieszy\u0107; nie s\u0105 wymagane \u017cadne przyciski.<\/li>\n\n\n\n<li><strong>Szybkie \u0142adowanie typu C<\/strong> - Wygodny, szybki i niezawodny.<\/li>\n\n\n\n<li><strong>Kompaktowa konstrukcja klasy premium<\/strong> - Lekka, nowoczesna i wygodna do trzymania w podr\u00f3\u017cy.<\/li>\n<\/ul>\n\n\n\n<p>Je\u015bli jeste\u015b zainteresowany bardziej zaawansowanymi, wysokowydajnymi urz\u0105dzeniami, takimi jak SWEET KING 30000, mo\u017cesz przejrze\u0107 nasz\u0105 pe\u0142n\u0105 ofert\u0119. <strong><a href=\"https:\/\/vapemaison.com\/de\/marke\/elfbar\/\">ELFBAR<\/a><\/strong> Aby odkry\u0107 dodatkowe modele, sprawd\u017a nasze dedykowane <a href=\"https:\/\/vapemaison.com\/product-category\/puffs-count\/30k-puffs\/\"><strong>Kolekcja 30 tys. urz\u0105dze\u0144 puff<\/strong><\/a> aby pozna\u0107 dodatkowe modele i smaki ELFBAR.<\/p>\n\n\n\n<p><\/p>\n\n\n\n<p><\/p>\n\n\n\n<p><\/p>","protected":false},"excerpt":{"rendered":"<p>ELFBAR menthol \u2013 Smart, Adjustable, Long-Lasting Disposable Vape The ELFBAR menthol 30000 brings a new level of performance to disposable POD systems. Designed for vapers who want customization, stability, and long-term value, it delivers up to 30k puff, features a smart LED display, and allows full control over sweetness, flavour intensity, wattage, and airflow\u2014an experience [&hellip;]<\/p>\n","protected":false},"featured_media":14053,"comment_status":"open","ping_status":"closed","template":"","meta":[],"product_brand":[177],"product_cat":[134],"product_tag":[],"class_list":{"0":"post-13888","1":"product","2":"type-product","3":"status-publish","4":"has-post-thumbnail","6":"product_brand-elfbar","7":"product_cat-30k-puffs","9":"first","10":"instock","11":"sale","12":"shipping-taxable","13":"purchasable","14":"product-type-variable"},"yoast_head":"<!-- This site is optimized with the Yoast SEO plugin v27.4 - https:\/\/yoast.com\/product\/yoast-seo-wordpress\/ -->\n<title>ELFBAR SWEET KING 30000 Vape | Pine Needle Mint 30k - VapeMaison<\/title>\n<meta name=\"description\" content=\"ELFBAR Menthol 30000 \u2013 smart, long-lasting disposable vape with up to 30,000 puffs, adjustable sweetness, flavor intensity, wattage, and airflow.\" \/>\n<meta name=\"robots\" content=\"index, follow, max-snippet:-1, max-image-preview:large, max-video-preview:-1\" \/>\n<link rel=\"canonical\" href=\"https:\/\/vapemaison.com\/pl\/produkt\/elfbar-sweet30000puff-5\/\" \/>\n<meta property=\"og:locale\" content=\"pl_PL\" \/>\n<meta property=\"og:type\" content=\"article\" \/>\n<meta property=\"og:title\" content=\"ELFBAR SWEET KING 30000 Vape | Pine Needle Mint 30k - VapeMaison\" \/>\n<meta property=\"og:description\" content=\"ELFBAR Menthol 30000 \u2013 smart, long-lasting disposable vape with up to 30,000 puffs, adjustable sweetness, flavor intensity, wattage, and airflow.\" \/>\n<meta property=\"og:url\" content=\"https:\/\/vapemaison.com\/pl\/produkt\/elfbar-sweet30000puff-5\/\" \/>\n<meta property=\"og:site_name\" content=\"VapeMaison\" \/>\n<meta property=\"article:modified_time\" content=\"2026-01-30T08:34:05+00:00\" \/>\n<meta property=\"og:image\" content=\"https:\/\/vapemaison.com\/wp-content\/uploads\/2025\/11\/elfbar-sweet-king-pine-needle-mint-30k-puffs-disposable-vape.jpg\" \/>\n\t<meta property=\"og:image:width\" content=\"759\" \/>\n\t<meta property=\"og:image:height\" content=\"759\" \/>\n\t<meta property=\"og:image:type\" content=\"image\/jpeg\" \/>\n<meta name=\"twitter:card\" content=\"summary_large_image\" \/>\n<meta name=\"twitter:label1\" content=\"Szacowany czas czytania\" \/>\n\t<meta name=\"twitter:data1\" content=\"2 minuty\" \/>\n<!-- \/ Yoast SEO plugin. -->","yoast_head_json":{"title":"ELFBAR SWEET KING 30000 Vape | Pine Needle Mint 30k - VapeMaison","description":"ELFBAR Menthol 30000 - inteligentny, d\u0142ugotrwa\u0142y waporyzator jednorazowego u\u017cytku z nawet 30 000 zaci\u0105gni\u0119\u0107, regulowan\u0105 s\u0142odycz\u0105, intensywno\u015bci\u0105 smaku, moc\u0105 i przep\u0142ywem powietrza.","robots":{"index":"index","follow":"follow","max-snippet":"max-snippet:-1","max-image-preview":"max-image-preview:large","max-video-preview":"max-video-preview:-1"},"canonical":"https:\/\/vapemaison.com\/pl\/produkt\/elfbar-sweet30000puff-5\/","og_locale":"pl_PL","og_type":"article","og_title":"ELFBAR SWEET KING 30000 Vape | Pine Needle Mint 30k - VapeMaison","og_description":"ELFBAR Menthol 30000 \u2013 smart, long-lasting disposable vape with up to 30,000 puffs, adjustable sweetness, flavor intensity, wattage, and airflow.","og_url":"https:\/\/vapemaison.com\/pl\/produkt\/elfbar-sweet30000puff-5\/","og_site_name":"VapeMaison","article_modified_time":"2026-01-30T08:34:05+00:00","og_image":[{"width":759,"height":759,"url":"https:\/\/vapemaison.com\/wp-content\/uploads\/2025\/11\/elfbar-sweet-king-pine-needle-mint-30k-puffs-disposable-vape.jpg","type":"image\/jpeg"}],"twitter_card":"summary_large_image","twitter_misc":{"Szacowany czas czytania":"2 minuty"},"schema":{"@context":"https:\/\/schema.org","@graph":[{"@type":"WebPage","@id":"https:\/\/vapemaison.com\/product\/elfbar-sweet30000puff-5\/","url":"https:\/\/vapemaison.com\/product\/elfbar-sweet30000puff-5\/","name":"ELFBAR SWEET KING 30000 Vape | Pine Needle Mint 30k - VapeMaison","isPartOf":{"@id":"https:\/\/vapemaison.com\/#website"},"primaryImageOfPage":{"@id":"https:\/\/vapemaison.com\/product\/elfbar-sweet30000puff-5\/#primaryimage"},"image":{"@id":"https:\/\/vapemaison.com\/product\/elfbar-sweet30000puff-5\/#primaryimage"},"thumbnailUrl":"https:\/\/vapemaison.com\/wp-content\/uploads\/2025\/11\/elfbar-sweet-king-pine-needle-mint-30k-puffs-disposable-vape.jpg","datePublished":"2025-11-18T02:42:53+00:00","dateModified":"2026-01-30T08:34:05+00:00","description":"ELFBAR Menthol 30000 - inteligentny, d\u0142ugotrwa\u0142y waporyzator jednorazowego u\u017cytku z nawet 30 000 zaci\u0105gni\u0119\u0107, regulowan\u0105 s\u0142odycz\u0105, intensywno\u015bci\u0105 smaku, moc\u0105 i przep\u0142ywem powietrza.","breadcrumb":{"@id":"https:\/\/vapemaison.com\/product\/elfbar-sweet30000puff-5\/#breadcrumb"},"inLanguage":"pl-PL","potentialAction":[{"@type":"ReadAction","target":["https:\/\/vapemaison.com\/product\/elfbar-sweet30000puff-5\/"]}]},{"@type":"ImageObject","inLanguage":"pl-PL","@id":"https:\/\/vapemaison.com\/product\/elfbar-sweet30000puff-5\/#primaryimage","url":"https:\/\/vapemaison.com\/wp-content\/uploads\/2025\/11\/elfbar-sweet-king-pine-needle-mint-30k-puffs-disposable-vape.jpg","contentUrl":"https:\/\/vapemaison.com\/wp-content\/uploads\/2025\/11\/elfbar-sweet-king-pine-needle-mint-30k-puffs-disposable-vape.jpg","width":759,"height":759,"caption":"Elfbar Sweet King Pine Needle Mint 30k Puffs Disposable Vape detail"},{"@type":"BreadcrumbList","@id":"https:\/\/vapemaison.com\/product\/elfbar-sweet30000puff-5\/#breadcrumb","itemListElement":[{"@type":"ListItem","position":1,"name":"\u9996\u9875","item":"https:\/\/vapemaison.com\/"},{"@type":"ListItem","position":2,"name":"Shop","item":"https:\/\/vapemaison.com\/shop\/"},{"@type":"ListItem","position":3,"name":"Elfbar","item":"https:\/\/vapemaison.com\/brand\/elfbar\/"},{"@type":"ListItem","position":4,"name":"ELFBAR SWEET KING 30000 Vape | Pine Needle Mint 30k"}]},{"@type":"WebSite","@id":"https:\/\/vapemaison.com\/#website","url":"https:\/\/vapemaison.com\/","name":"VapeMaison","description":"Wysokiej jako\u015bci urz\u0105dzenia i akcesoria do waporyzacji","publisher":{"@id":"https:\/\/vapemaison.com\/#organization"},"potentialAction":[{"@type":"SearchAction","target":{"@type":"EntryPoint","urlTemplate":"https:\/\/vapemaison.com\/?s={search_term_string}"},"query-input":{"@type":"PropertyValueSpecification","valueRequired":true,"valueName":"search_term_string"}}],"inLanguage":"pl-PL"},{"@type":"Organization","@id":"https:\/\/vapemaison.com\/#organization","name":"VapeMaison","url":"https:\/\/vapemaison.com\/","logo":{"@type":"ImageObject","inLanguage":"pl-PL","@id":"https:\/\/vapemaison.com\/#\/schema\/logo\/image\/","url":"https:\/\/vapemaison.com\/wp-content\/uploads\/2026\/01\/cropped-vapemaison-logo-g-2026.webp","contentUrl":"https:\/\/vapemaison.com\/wp-content\/uploads\/2026\/01\/cropped-vapemaison-logo-g-2026.webp","width":350,"height":280,"caption":"VapeMaison"},"image":{"@id":"https:\/\/vapemaison.com\/#\/schema\/logo\/image\/"},"sameAs":["https:\/\/www.youtube.com\/@VapeMaison"]}]}},"tiered_pricing_type":"fixed","tiered_pricing_fixed_rules":{"30":"14.78","50":"12.28","100":"11.78","200":"10.78"},"tiered_pricing_product_settings":{"layout":"default","base_unit_name":{"singular":null,"plural":null},"default_variation":null},"tiered_pricing_minimum_quantity":10,"tiered_pricing_roles_data":[],"tiered_pricing_percentage_rules":[],"tiered_pricing_maximum_quantity":null,"tiered_pricing_quantity_step":"10","_links":{"self":[{"href":"https:\/\/vapemaison.com\/pl\/wp-json\/wp\/v2\/product\/13888","targetHints":{"allow":["GET"]}}],"collection":[{"href":"https:\/\/vapemaison.com\/pl\/wp-json\/wp\/v2\/product"}],"about":[{"href":"https:\/\/vapemaison.com\/pl\/wp-json\/wp\/v2\/types\/product"}],"replies":[{"embeddable":true,"href":"https:\/\/vapemaison.com\/pl\/wp-json\/wp\/v2\/comments?post=13888"}],"version-history":[{"count":1,"href":"https:\/\/vapemaison.com\/pl\/wp-json\/wp\/v2\/product\/13888\/revisions"}],"predecessor-version":[{"id":26556,"href":"https:\/\/vapemaison.com\/pl\/wp-json\/wp\/v2\/product\/13888\/revisions\/26556"}],"wp:featuredmedia":[{"embeddable":true,"href":"https:\/\/vapemaison.com\/pl\/wp-json\/wp\/v2\/media\/14053"}],"wp:attachment":[{"href":"https:\/\/vapemaison.com\/pl\/wp-json\/wp\/v2\/media?parent=13888"}],"wp:term":[{"taxonomy":"product_brand","embeddable":true,"href":"https:\/\/vapemaison.com\/pl\/wp-json\/wp\/v2\/product_brand?post=13888"},{"taxonomy":"product_cat","embeddable":true,"href":"https:\/\/vapemaison.com\/pl\/wp-json\/wp\/v2\/product_cat?post=13888"},{"taxonomy":"product_tag","embeddable":true,"href":"https:\/\/vapemaison.com\/pl\/wp-json\/wp\/v2\/product_tag?post=13888"}],"curies":[{"name":"wp","href":"https:\/\/api.w.org\/{rel}","templated":true}]}}