

{"id":14004,"date":"2025-11-18T02:21:21","date_gmt":"2025-11-18T02:21:21","guid":{"rendered":"https:\/\/vapemaison.com\/?post_type=product&#038;p=14004"},"modified":"2026-05-14T18:00:01","modified_gmt":"2026-05-14T18:00:01","slug":"humo-azul-vape-2-nikotyna-15k-puff-azul","status":"publish","type":"product","link":"https:\/\/vapemaison.com\/pl\/product\/humo-azul-vape-2-nicotine-15k-puff-azul\/","title":{"rendered":"Humo Azul Vape 2% Nikotyna | 15k Puff Azul"},"content":{"rendered":"<h3 class=\"wp-block-heading\"><strong>Odkryj 15 Puff Azul Disposable Vape w VapeMaison<\/strong><\/h3>\n\n\n\n<p>Witamy w <strong><a href=\"https:\/\/vapemaison.com\/\">VapeMaison<\/a><\/strong>, w Holandii, Niemczech, Belgii i Hiszpanii. Przedstawiamy <strong>Humo Azul 15000 Puffs Jednorazowe pi\u00f3ro Vape Pen z mo\u017cliwo\u015bci\u0105 \u0142adowania<\/strong>, Zaprojektowany, aby zapewni\u0107 najlepsze wra\u017cenia z waporyzacji dzi\u0119ki najnowocze\u015bniejszej technologii, d\u0142ugotrwa\u0142ej wydajno\u015bci i szerokiej gamie satysfakcjonuj\u0105cych smak\u00f3w.<\/p>\n\n\n\n<h4 class=\"wp-block-heading\"><strong>Kluczowe cechy<\/strong><\/h4>\n\n\n\n<ul class=\"wp-block-list\">\n<li><strong>15,000 Puffs<\/strong>: Ciesz si\u0119 d\u0142u\u017cszym u\u017cytkowaniem dzi\u0119ki nawet 15 000 zaci\u0105gni\u0119\u0107 na urz\u0105dzenie.<\/li>\n\n\n\n<li><strong>Pojemno\u015b\u0107 20 ml E-Liquid<\/strong>: Mniej uzupe\u0142niania, wi\u0119cej wapowania.<\/li>\n\n\n\n<li><strong>Akumulator 500 mAh<\/strong>: Szybkie \u0142adowanie typu C dla nieprzerwanej przyjemno\u015bci z u\u017cytkowania.<\/li>\n\n\n\n<li><strong>Zaawansowana technologia cewek siatkowych<\/strong>: Bogatszy, g\u0142adszy smak z ka\u017cdym zaci\u0105gni\u0119ciem.<\/li>\n\n\n\n<li><strong>Ergonomiczna konstrukcja<\/strong>: Kompaktowy, lekki i wygodny podczas d\u0142ugich sesji.<\/li>\n\n\n\n<li><strong>2% Nikotyna<\/strong>: Zr\u00f3wnowa\u017cona zawarto\u015b\u0107 nikotyny zapewniaj\u0105ca p\u0142ynn\u0105 satysfakcj\u0119.<\/li>\n<\/ul>\n\n\n\n<h4 class=\"wp-block-heading\"><strong>Opcje smakowe<\/strong><\/h4>\n\n\n\n<ol class=\"wp-block-list\">\n<li><strong>Peach Ice Cascade<\/strong><\/li>\n\n\n\n<li><strong>Blueberry Frost<\/strong><\/li>\n\n\n\n<li><strong>Grape Glacier<\/strong><\/li>\n\n\n\n<li><strong>Blackberry Dragonfruit Fusion<\/strong><\/li>\n\n\n\n<li><strong>Truskawka Arbuz Winogrono Medley<\/strong><\/li>\n\n\n\n<li><strong>Blue Razz Ice Storm<\/strong><\/li>\n\n\n\n<li><strong>Ch\u0142odzenie arbuzem<\/strong><\/li>\n\n\n\n<li><strong>Truskawkowo-\u017curawinowo-wi\u015bniowa trifecta<\/strong><\/li>\n\n\n\n<li><strong>Melon Frost<\/strong><\/li>\n\n\n\n<li><strong>Sk\u00f3rka z cytryny i limonki<\/strong><\/li>\n\n\n\n<li><strong>Kiwi Passionfruit Guava Paradise<\/strong><\/li>\n\n\n\n<li><strong>Zbi\u00f3r jag\u00f3d winogronowych<\/strong><\/li>\n<\/ol>\n\n\n\n<h4 class=\"wp-block-heading\"><strong>Idealny zar\u00f3wno dla sprzedawc\u00f3w detalicznych, jak i vaper\u00f3w<\/strong><\/h4>\n\n\n\n<p>Niezale\u017cnie od tego, czy jeste\u015b sprzedawc\u0105 detalicznym poszukuj\u0105cym produktu z najwy\u017cszej p\u00f3\u0142ki, czy te\u017c osob\u0105 indywidualn\u0105 poszukuj\u0105c\u0105 najlepszych do\u015bwiadcze\u0144 zwi\u0105zanych z waporyzacj\u0105 <strong>Humo Azul 15000 Puff<\/strong> to doskona\u0142y wyb\u00f3r. Zosta\u0142 zaprojektowany tak, aby wyr\u00f3\u017cnia\u0107 si\u0119 wysokiej jako\u015bci konstrukcj\u0105, d\u0142ug\u0105 \u017cywotno\u015bci\u0105 i doskona\u0142ymi profilami smakowymi.<\/p>\n\n\n\n<h4 class=\"wp-block-heading\"><strong>Zalety sprzeda\u017cy hurtowej<\/strong><\/h4>\n\n\n\n<ul class=\"wp-block-list\">\n<li><strong>Zakup hurtowy<\/strong>: Dost\u0119pne w kartonach po 300 sztuk, idealne dla hurtownik\u00f3w.<\/li>\n\n\n\n<li><strong>Konkurencyjne ceny<\/strong>: Oferuje doskona\u0142\u0105 warto\u015b\u0107 zar\u00f3wno dla nabywc\u00f3w hurtowych, jak i konsument\u00f3w.<\/li>\n\n\n\n<li><strong>Niezawodne wsparcie<\/strong>: Dedykowana obs\u0142uga klienta zapewniaj\u0105ca bezproblemowe transakcje.<\/li>\n<\/ul>\n\n\n\n<p>Ponadto posiadamy r\u00f3wnie\u017c <strong><a href=\"https:\/\/vapemaison.com\/product\/hume-azul-24000-puffs-disposable-vape\/\">Humo Azul 24000 Puff <\/a><\/strong>i inne <strong><a href=\"https:\/\/vapemaison.com\/product-category\/hot-series\/\">bestseller<\/a><\/strong> seria.<\/p>\n\n\n\n<p>Poznaj \u015bwiat waporyzacji premium na stronie <a href=\"https:\/\/vapemaison.com\/\">VapeMaison<\/a>, gdzie innowacja \u0142\u0105czy si\u0119 ze stylem. Przegl\u0105daj nasz\u0105 pe\u0142n\u0105 kolekcj\u0119 na <a href=\"https:\/\/vapemaison.com\/shop\/\">Sklep<\/a> lub odkryj popularn\u0105 stron\u0119 <a href=\"https:\/\/vapemaison.com\/brand\/humo-azul\/\">Kolekcja marki Humo Vape<\/a> oraz <a href=\"https:\/\/vapemaison.com\/brand\/bang\/\">Bang<\/a> produkty, uwielbiane przez vaper\u00f3w na ca\u0142ym \u015bwiecie. Szukasz wi\u0119cej opcji? Sprawd\u017a wszystkie nasze <a href=\"https:\/\/vapemaison.com\/product-category\/puffs-count\/\">Puffy<\/a> urz\u0105dzenia i znale\u017a\u0107 idealne dopasowanie do swojego gustu i stylu \u017cycia.<\/p>\n\n\n\n<figure class=\"wp-block-embed is-type-video is-provider-youtube wp-block-embed-youtube wp-embed-aspect-9-16 wp-has-aspect-ratio\"><div class=\"wp-block-embed__wrapper\">\n<div class=\"video-container\"><iframe title=\"Humo Azul 24000 Puffs Vape - Unboxing i jak u\u017cywa\u0107 | Smak lodu arbuzowego\" width=\"563\" height=\"1000\" src=\"https:\/\/www.youtube.com\/embed\/U0POWHMEwbU?feature=oembed\" frameborder=\"0\" allow=\"accelerometer; autoplay; clipboard-write; encrypted-media; gyroscope; picture-in-picture; web-share\" referrerpolicy=\"strict-origin-when-cross-origin\" allowfullscreen><\/iframe><\/div>\n<\/div><\/figure>\n\n\n\n<h3 class=\"wp-block-heading has-text-align-center\"><strong>Cz\u0119sto zadawane pytania dotycz\u0105ce Humo Azul 15<\/strong><\/h3>\n\n\n\n<p><strong>1. Jak d\u0142ugo dzia\u0142a Humo Azul 15k?<\/strong><br>Humo Azul 15000 zosta\u0142 zaprojektowany, aby zapewni\u0107 <strong>do 15 000 zaci\u0105gni\u0119\u0107<\/strong>, cho\u0107 rzeczywisty czas dzia\u0142ania zale\u017cy od osobistych nawyk\u00f3w waporyzacyjnych. Du\u017ca pojemno\u015b\u0107 sprawia, \u017ce jest to \u015bwietna opcja dla u\u017cytkownik\u00f3w szukaj\u0105cych urz\u0105dzenia, kt\u00f3re mo\u017ce im towarzyszy\u0107 przez d\u0142u\u017cszy czas.<\/p>\n\n\n\n<hr class=\"wp-block-separator has-alpha-channel-opacity\"\/>\n\n\n\n<p><strong>2. Jak d\u0142ugo trwa \u0142adowanie waporyzatora Humo Azul?<\/strong><br>To urz\u0105dzenie zawiera <strong>Akumulator o pojemno\u015bci 600 mAh<\/strong>, kt\u00f3ry zazwyczaj wymaga <strong>35-45 minut<\/strong> aby osi\u0105gn\u0105\u0107 pe\u0142ne na\u0142adowanie przez Type-C. Funkcja szybkiego \u0142adowania minimalizuje czas oczekiwania, dzi\u0119ki czemu mo\u017cna szybko wznowi\u0107 waporyzacj\u0119.<\/p>\n\n\n\n<hr class=\"wp-block-separator has-alpha-channel-opacity\"\/>\n\n\n\n<p><strong>3. Jak mog\u0119 stwierdzi\u0107, czy Humo Azul 15k jest uko\u0144czony?<\/strong><br>Zauwa\u017cysz, \u017ce jest blisko ko\u0144ca, kiedy <strong>smak staje si\u0119 s\u0142aby<\/strong>, W takim przypadku spada ilo\u015b\u0107 wytwarzanej pary lub urz\u0105dzenie ca\u0142kowicie przestaje j\u0105 wytwarza\u0107. Niekt\u00f3rzy u\u017cytkownicy zauwa\u017caj\u0105 r\u00f3wnie\u017c, \u017ce urz\u0105dzenie jest l\u017cejsze po zu\u017cyciu ca\u0142ego e-cieczy.<\/p>\n\n\n\n<hr class=\"wp-block-separator has-alpha-channel-opacity\"\/>\n\n\n\n<p><strong>4. Czy mog\u0119 ponownie nape\u0142ni\u0107 Humo Azul 15000?<\/strong><br>Nie. Humo Azul 15000 jest <strong>urz\u0105dzenie jednorazowego u\u017cytku<\/strong>, co oznacza, \u017ce nie mo\u017cna go ponownie nape\u0142ni\u0107. Po wyczerpaniu wbudowanego e-liquidu wystarczy wyrzuci\u0107 urz\u0105dzenie i wymieni\u0107 je na nowe.<\/p>\n\n\n\n<hr class=\"wp-block-separator has-alpha-channel-opacity\"\/>\n\n\n\n<p><strong>5. Czy to urz\u0105dzenie jest przyjazne dla pocz\u0105tkuj\u0105cych?<\/strong><br>Tak. <strong>Prosta konstrukcja umo\u017cliwiaj\u0105ca inhalacj\u0119 i aktywacj\u0119<\/strong> sprawia, \u017ce jest on szczeg\u00f3lnie odpowiedni dla pocz\u0105tkuj\u0105cych vaper\u00f3w. Brak przycisk\u00f3w i ustawie\u0144 sprawia, \u017ce pocz\u0105tkuj\u0105cy mog\u0105 od razu cieszy\u0107 si\u0119 p\u0142ynnymi i sp\u00f3jnymi doznaniami.<\/p>\n\n\n\n<hr class=\"wp-block-separator has-alpha-channel-opacity\"\/>\n\n\n\n<p><strong>6. Co odr\u00f3\u017cnia Humo Azul 15k od innych jednoraz\u00f3wek?<\/strong><br>Jego wyr\u00f3\u017cniaj\u0105c\u0105 si\u0119 cech\u0105 jest <strong>Wzornictwo premium inspirowane kultow\u0105 butelk\u0105 tequili Clase Azul<\/strong>, nadaj\u0105c mu niepowtarzalny wygl\u0105d. W po\u0142\u0105czeniu z <strong>15 000 zaci\u0105gni\u0119\u0107<\/strong> oraz <strong>cewka siatkowa<\/strong> kt\u00f3ry poprawia smak i konsystencj\u0119 pary, oferuje wysokiej klasy doznania, kt\u00f3rym wiele urz\u0105dze\u0144 nie mo\u017ce si\u0119 r\u00f3wna\u0107.<\/p>","protected":false},"excerpt":{"rendered":"<p>Humo Azul 15000 Puffs Rechargeable Disposable Vape Pen, dost\u0119pny w Randmvaper, oferuje wyj\u0105tkowe doznania z waporyzacji z nawet 15 000 zaci\u0105gni\u0119\u0107, regulowanym przep\u0142ywem powietrza i r\u00f3\u017cnorodno\u015bci\u0105 bogatych smak\u00f3w, a wszystko to w eleganckiej, przeno\u015bnej konstrukcji.<\/p>","protected":false},"featured_media":9032,"comment_status":"open","ping_status":"closed","template":"","meta":[],"product_brand":[166],"product_cat":[167],"product_tag":[],"class_list":{"0":"post-14004","1":"product","2":"type-product","3":"status-publish","4":"has-post-thumbnail","6":"product_brand-humo-azul","7":"product_cat-15k-puffs","9":"first","10":"instock","11":"sale","12":"shipping-taxable","13":"purchasable","14":"product-type-variable"},"yoast_head":"<!-- This site is optimized with the Yoast SEO plugin v27.4 - https:\/\/yoast.com\/product\/yoast-seo-wordpress\/ -->\n<title>Humo Azul 15000 Puffs Disposable Vape \u2013 Rechargeable<\/title>\n<meta name=\"description\" content=\"Shop the Humo Azul 15000 Puffs Disposable Vape at VapeMaison. Fast Type-C charging, multiple flavors, and bulk purchase options available.\" \/>\n<meta name=\"robots\" content=\"index, follow, max-snippet:-1, max-image-preview:large, max-video-preview:-1\" \/>\n<link rel=\"canonical\" href=\"https:\/\/vapemaison.com\/pl\/produkt\/humo-azul-vape-2-nikotyna-15k-puff-azul\/\" \/>\n<meta property=\"og:locale\" content=\"pl_PL\" \/>\n<meta property=\"og:type\" content=\"article\" \/>\n<meta property=\"og:title\" content=\"Humo Azul 15000 Puffs Disposable Vape \u2013 Rechargeable\" \/>\n<meta property=\"og:description\" content=\"Shop the Humo Azul 15000 Puffs Disposable Vape at VapeMaison. Fast Type-C charging, multiple flavors, and bulk purchase options available.\" \/>\n<meta property=\"og:url\" content=\"https:\/\/vapemaison.com\/pl\/produkt\/humo-azul-vape-2-nikotyna-15k-puff-azul\/\" \/>\n<meta property=\"og:site_name\" content=\"VapeMaison\" \/>\n<meta property=\"article:modified_time\" content=\"2026-05-14T18:00:01+00:00\" \/>\n<meta property=\"og:image\" content=\"https:\/\/vapemaison.com\/wp-content\/uploads\/2025\/10\/banner-16-1024x546.png\" \/>\n\t<meta property=\"og:image:width\" content=\"1024\" \/>\n\t<meta property=\"og:image:height\" content=\"546\" \/>\n\t<meta property=\"og:image:type\" content=\"image\/png\" \/>\n<meta name=\"twitter:card\" content=\"summary_large_image\" \/>\n<meta name=\"twitter:label1\" content=\"Szacowany czas czytania\" \/>\n\t<meta name=\"twitter:data1\" content=\"3 minuty\" \/>\n<!-- \/ Yoast SEO plugin. -->","yoast_head_json":{"title":"Humo Azul 15000 puff\u00f3w jednorazowego u\u017cytku - akumulator","description":"Kup jednorazowy waporyzator Humo Azul 15000 Puffs w VapeMaison. Dost\u0119pne jest szybkie \u0142adowanie typu C, wiele smak\u00f3w i opcje zakupu hurtowego.","robots":{"index":"index","follow":"follow","max-snippet":"max-snippet:-1","max-image-preview":"max-image-preview:large","max-video-preview":"max-video-preview:-1"},"canonical":"https:\/\/vapemaison.com\/pl\/produkt\/humo-azul-vape-2-nikotyna-15k-puff-azul\/","og_locale":"pl_PL","og_type":"article","og_title":"Humo Azul 15000 Puffs Disposable Vape \u2013 Rechargeable","og_description":"Shop the Humo Azul 15000 Puffs Disposable Vape at VapeMaison. Fast Type-C charging, multiple flavors, and bulk purchase options available.","og_url":"https:\/\/vapemaison.com\/pl\/produkt\/humo-azul-vape-2-nikotyna-15k-puff-azul\/","og_site_name":"VapeMaison","article_modified_time":"2026-05-14T18:00:01+00:00","og_image":[{"width":1024,"height":546,"url":"https:\/\/vapemaison.com\/wp-content\/uploads\/2025\/10\/banner-16-1024x546.png","type":"image\/png"}],"twitter_card":"summary_large_image","twitter_misc":{"Szacowany czas czytania":"3 minuty"},"schema":{"@context":"https:\/\/schema.org","@graph":[{"@type":"WebPage","@id":"https:\/\/vapemaison.com\/product\/humo-azul-vape-2-nicotine-15k-puff-azul\/","url":"https:\/\/vapemaison.com\/product\/humo-azul-vape-2-nicotine-15k-puff-azul\/","name":"Humo Azul 15000 puff\u00f3w jednorazowego u\u017cytku - akumulator","isPartOf":{"@id":"https:\/\/vapemaison.com\/#website"},"primaryImageOfPage":{"@id":"https:\/\/vapemaison.com\/product\/humo-azul-vape-2-nicotine-15k-puff-azul\/#primaryimage"},"image":{"@id":"https:\/\/vapemaison.com\/product\/humo-azul-vape-2-nicotine-15k-puff-azul\/#primaryimage"},"thumbnailUrl":"https:\/\/vapemaison.com\/wp-content\/uploads\/2025\/10\/banner-16-scaled.png","datePublished":"2025-11-18T02:21:21+00:00","dateModified":"2026-05-14T18:00:01+00:00","description":"Kup jednorazowy waporyzator Humo Azul 15000 Puffs w VapeMaison. Dost\u0119pne jest szybkie \u0142adowanie typu C, wiele smak\u00f3w i opcje zakupu hurtowego.","breadcrumb":{"@id":"https:\/\/vapemaison.com\/product\/humo-azul-vape-2-nicotine-15k-puff-azul\/#breadcrumb"},"inLanguage":"pl-PL","potentialAction":[{"@type":"ReadAction","target":["https:\/\/vapemaison.com\/product\/humo-azul-vape-2-nicotine-15k-puff-azul\/"]}]},{"@type":"ImageObject","inLanguage":"pl-PL","@id":"https:\/\/vapemaison.com\/product\/humo-azul-vape-2-nicotine-15k-puff-azul\/#primaryimage","url":"https:\/\/vapemaison.com\/wp-content\/uploads\/2025\/10\/banner-16-scaled.png","contentUrl":"https:\/\/vapemaison.com\/wp-content\/uploads\/2025\/10\/banner-16-scaled.png","width":2560,"height":1366,"caption":"Banner 16 Scaled Disposable Vape Device"},{"@type":"BreadcrumbList","@id":"https:\/\/vapemaison.com\/product\/humo-azul-vape-2-nicotine-15k-puff-azul\/#breadcrumb","itemListElement":[{"@type":"ListItem","position":1,"name":"\u9996\u9875","item":"https:\/\/vapemaison.com\/"},{"@type":"ListItem","position":2,"name":"Shop","item":"https:\/\/vapemaison.com\/shop\/"},{"@type":"ListItem","position":3,"name":"Humo Azul","item":"https:\/\/vapemaison.com\/brand\/humo-azul\/"},{"@type":"ListItem","position":4,"name":"Humo Azul Vape 2% Nicotine | 15k Puff Azul"}]},{"@type":"WebSite","@id":"https:\/\/vapemaison.com\/#website","url":"https:\/\/vapemaison.com\/","name":"VapeMaison","description":"Wysokiej jako\u015bci urz\u0105dzenia i akcesoria do waporyzacji","publisher":{"@id":"https:\/\/vapemaison.com\/#organization"},"potentialAction":[{"@type":"SearchAction","target":{"@type":"EntryPoint","urlTemplate":"https:\/\/vapemaison.com\/?s={search_term_string}"},"query-input":{"@type":"PropertyValueSpecification","valueRequired":true,"valueName":"search_term_string"}}],"inLanguage":"pl-PL"},{"@type":"Organization","@id":"https:\/\/vapemaison.com\/#organization","name":"VapeMaison","url":"https:\/\/vapemaison.com\/","logo":{"@type":"ImageObject","inLanguage":"pl-PL","@id":"https:\/\/vapemaison.com\/#\/schema\/logo\/image\/","url":"https:\/\/vapemaison.com\/wp-content\/uploads\/2026\/01\/cropped-vapemaison-logo-g-2026.webp","contentUrl":"https:\/\/vapemaison.com\/wp-content\/uploads\/2026\/01\/cropped-vapemaison-logo-g-2026.webp","width":350,"height":280,"caption":"VapeMaison"},"image":{"@id":"https:\/\/vapemaison.com\/#\/schema\/logo\/image\/"},"sameAs":["https:\/\/www.youtube.com\/@VapeMaison"]}]}},"tiered_pricing_type":"fixed","tiered_pricing_fixed_rules":{"30":"6.98","50":"6.63","100":"6.34","200":"6.12"},"tiered_pricing_product_settings":{"layout":"default","base_unit_name":{"singular":null,"plural":null},"default_variation":null},"tiered_pricing_minimum_quantity":10,"tiered_pricing_roles_data":[],"tiered_pricing_percentage_rules":[],"tiered_pricing_maximum_quantity":null,"tiered_pricing_quantity_step":null,"_links":{"self":[{"href":"https:\/\/vapemaison.com\/pl\/wp-json\/wp\/v2\/product\/14004","targetHints":{"allow":["GET"]}}],"collection":[{"href":"https:\/\/vapemaison.com\/pl\/wp-json\/wp\/v2\/product"}],"about":[{"href":"https:\/\/vapemaison.com\/pl\/wp-json\/wp\/v2\/types\/product"}],"replies":[{"embeddable":true,"href":"https:\/\/vapemaison.com\/pl\/wp-json\/wp\/v2\/comments?post=14004"}],"version-history":[{"count":1,"href":"https:\/\/vapemaison.com\/pl\/wp-json\/wp\/v2\/product\/14004\/revisions"}],"predecessor-version":[{"id":25485,"href":"https:\/\/vapemaison.com\/pl\/wp-json\/wp\/v2\/product\/14004\/revisions\/25485"}],"wp:featuredmedia":[{"embeddable":true,"href":"https:\/\/vapemaison.com\/pl\/wp-json\/wp\/v2\/media\/9032"}],"wp:attachment":[{"href":"https:\/\/vapemaison.com\/pl\/wp-json\/wp\/v2\/media?parent=14004"}],"wp:term":[{"taxonomy":"product_brand","embeddable":true,"href":"https:\/\/vapemaison.com\/pl\/wp-json\/wp\/v2\/product_brand?post=14004"},{"taxonomy":"product_cat","embeddable":true,"href":"https:\/\/vapemaison.com\/pl\/wp-json\/wp\/v2\/product_cat?post=14004"},{"taxonomy":"product_tag","embeddable":true,"href":"https:\/\/vapemaison.com\/pl\/wp-json\/wp\/v2\/product_tag?post=14004"}],"curies":[{"name":"wp","href":"https:\/\/api.w.org\/{rel}","templated":true}]}}