

{"id":14556,"date":"2025-11-21T02:16:33","date_gmt":"2025-11-21T02:16:33","guid":{"rendered":"https:\/\/vapemaison.com\/?post_type=product&#038;p=14556"},"modified":"2025-11-22T07:55:24","modified_gmt":"2025-11-22T07:55:24","slug":"bang-blaze-bc5000-5k-puffs","status":"publish","type":"product","link":"https:\/\/vapemaison.com\/pl\/product\/bang-blaze-bc5000-5k-puffs\/","title":{"rendered":"Bang Blaze BC5000 Vape 5K Puffs"},"content":{"rendered":"<h3 class=\"wp-block-heading\"><strong>D\u0142ugotrwa\u0142e wra\u017cenia z waporyzacji<\/strong><\/h3>\n\n\n\n<p>The <strong>Bang Blaze BC5000 Vape<\/strong> zapewnia p\u0142ynne, sp\u00f3jne wra\u017cenia z waporyzacji, kt\u00f3re s\u0105 trwa\u0142e. Ka\u017cde urz\u0105dzenie zapewnia do <strong>5000 zaci\u0105gni\u0119\u0107<\/strong>, zapewniaj\u0105c niezawodne dzia\u0142anie bez konieczno\u015bci cz\u0119stej wymiany.<\/p>\n\n\n\n<h3 class=\"wp-block-heading\"><strong>Mo\u017cliwo\u015b\u0107 dostosowania mocy nikotyny<\/strong><\/h3>\n\n\n\n<p>Co wi\u0119cej, BC5000 jest dost\u0119pny w nast\u0119puj\u0105cych wersjach <strong>Moc nikotyny 2%, 3% i 5%<\/strong>, pozwalaj\u0105c vaperom wybra\u0107 poziom, kt\u00f3ry najlepiej odpowiada ich preferencjom. Niezale\u017cnie od tego, czy wolisz l\u017cejsze, czy mocniejsze uderzenie w gard\u0142o, urz\u0105dzenie utrzymuje sta\u0142\u0105 moc wyj\u015bciow\u0105, oferuj\u0105c satysfakcjonuj\u0105ce zaci\u0105ganie si\u0119 przy ka\u017cdym zaci\u0105gni\u0119ciu.<\/p>\n\n\n\n<h3 class=\"wp-block-heading\"><strong>Odwa\u017cne smaki z ka\u017cdym zaci\u0105gni\u0119ciem<\/strong><\/h3>\n\n\n\n<p>Ponadto <strong>Pojemno\u015b\u0107 wst\u0119pnie nape\u0142nionego e-liquidu 13 ml<\/strong> zapewnia odwa\u017cne, dobrze zbalansowane smaki od pierwszego do ostatniego zaci\u0105gni\u0119cia. Dzi\u0119ki <strong>Cewka o oczkach 1,2\u03a9<\/strong>, Dzi\u0119ki strukturze siatki, kt\u00f3ra zosta\u0142a zaprojektowana z my\u015bl\u0105 o r\u00f3wnomiernym ogrzewaniu, BC5000 wytwarza g\u0142adk\u0105 par\u0119 i bogatszy profil smakowy. Struktura siatki zwi\u0119ksza zar\u00f3wno wyrazisto\u015b\u0107 smaku, jak i g\u0119sto\u015b\u0107 pary, zapewniaj\u0105c przyjemne i sp\u00f3jne doznania podczas waporyzacji.<\/p>\n\n\n\n<h3 class=\"wp-block-heading\"><strong>Niezawodna moc do d\u0142ugotrwa\u0142ego u\u017cytkowania<\/strong><\/h3>\n\n\n\n<p>Zasilany przez <strong>Akumulator o pojemno\u015bci 600 mAh<\/strong>, BC5000 pozostaje niezawodny przez ca\u0142y okres u\u017cytkowania. Ponadto <strong>Port \u0142adowania typu C<\/strong> Zapewnia szybkie i wygodne \u0142adowanie, minimalizuj\u0105c przestoje, dzi\u0119ki czemu mo\u017cna z \u0142atwo\u015bci\u0105 wr\u00f3ci\u0107 do waporyzacji.<\/p>\n\n\n\n<h3 class=\"wp-block-heading\"><strong>Szeroki wyb\u00f3r smak\u00f3w<\/strong><\/h3>\n\n\n\n<p>Wreszcie, z <strong>12 unikalnych smak\u00f3w<\/strong> do wyboru <strong>Bang Blaze BC5000 Vape<\/strong> \u0142\u0105czy w sobie niezawodn\u0105 wydajno\u015b\u0107, intensywny smak i praktyczn\u0105 wygod\u0119. Sprawia to, \u017ce jest to doskona\u0142y wyb\u00f3r dla ka\u017cdego, kto szuka wysokiej jako\u015bci jednorazowego waporyzatora.<\/p>\n\n\n\n<p><strong>Cechy\uff1a<\/strong><\/p>\n\n\n\n<ul class=\"wp-block-list\">\n<li><strong>Puffy: 5000<\/strong><\/li>\n\n\n\n<li><strong>S\u00f3l nikotynowa: 2% 5%<\/strong><\/li>\n\n\n\n<li><strong>Pojemno\u015b\u0107 eliksiru: 13 ml<\/strong><\/li>\n\n\n\n<li><strong>Op\u00f3r: 1,2 oma Mesh<\/strong><\/li>\n\n\n\n<li><strong>Bateria: 600 mAh<\/strong><\/li>\n\n\n\n<li><strong>Port \u0142adowania: Typ C<\/strong><\/li>\n\n\n\n<li><strong>12 smak\u00f3w do wyboru<\/strong><\/li>\n<\/ul>\n\n\n\n<p><strong>Smak\uff1a<\/strong><\/p>\n\n\n\n<ol class=\"wp-block-list\">\n<li>Mango truskawkowe<\/li>\n\n\n\n<li>Lody truskawkowe<\/li>\n\n\n\n<li>Arbuzowy l\u00f3d<\/li>\n\n\n\n<li>L\u00f3d jagodowo-malinowy<\/li>\n\n\n\n<li>Truskawka Kiwi<\/li>\n\n\n\n<li>Nap\u00f3j energetyczny<\/li>\n\n\n\n<li>Brzoskwinia Mango Arbuz<\/li>\n\n\n\n<li>L\u00f3d jagodowy<\/li>\n\n\n\n<li>Banan truskawkowy<\/li>\n\n\n\n<li>Kiwi Passion Fruit Guava<\/li>\n\n\n\n<li>Owoce mieszane<\/li>\n\n\n\n<li>Arbuz truskawkowy<\/li>\n<\/ol>\n\n\n\n<p>Je\u015bli szukasz wi\u0119cej opcji spo\u015br\u00f3d <strong><a href=\"https:\/\/vapemaison.com\/brand\/bang\/\">Seria Bang<\/a><\/strong>, Zach\u0119camy do zapoznania si\u0119 z nasz\u0105 pe\u0142n\u0105 kolekcj\u0105 dodatkowych smak\u00f3w i modeli. A je\u015bli chcesz dowiedzie\u0107 si\u0119, jak waporyzacja mo\u017ce wp\u0142yn\u0105\u0107 na twoje zdrowie, mo\u017cesz r\u00f3wnie\u017c <strong><a href=\"https:\/\/vapemaison.com\/vaping-risks-why-are-they-addictive-what-are-the-dangers-of-flavor-additives\/\">Przeczytaj nasz szczeg\u00f3\u0142owy przewodnik <\/a><\/strong>kt\u00f3ry przedstawia kluczowe fakty dotycz\u0105ce wp\u0142ywu e-papieros\u00f3w na organizm.<\/p>","protected":false},"excerpt":{"rendered":"<p>Long-Lasting Vaping Experience The Bang Blaze BC5000 Vape delivers a smooth, consistent vaping experience that is built to last. Each device provides up to 5000 puffs, ensuring reliable performance without the need for frequent replacements. Customizable Nicotine Strengths Moreover, the BC5000 is available in 2%, 3%, and 5% nicotine strengths, allowing vapers to select the [&hellip;]<\/p>\n","protected":false},"featured_media":14561,"comment_status":"open","ping_status":"closed","template":"","meta":[],"product_brand":[57],"product_cat":[290],"product_tag":[],"class_list":{"0":"post-14556","1":"product","2":"type-product","3":"status-publish","4":"has-post-thumbnail","6":"product_brand-bang","7":"product_cat-5k-puffs","9":"first","10":"instock","11":"sale","12":"shipping-taxable","13":"purchasable","14":"product-type-variable"},"yoast_head":"<!-- This site is optimized with the Yoast SEO plugin v27.4 - https:\/\/yoast.com\/product\/yoast-seo-wordpress\/ -->\n<title>Bang Blaze BC5000 Vape \u2013 5k Puffs,12 Flavors - VapeMaison<\/title>\n<meta name=\"description\" content=\"Shop the Bang Blaze BC5000 vape with up to 5000 puffs, and multiple nicotine strengths. Smooth flavor for a reliable vaping experience.\" \/>\n<meta name=\"robots\" content=\"index, follow, max-snippet:-1, max-image-preview:large, max-video-preview:-1\" \/>\n<link rel=\"canonical\" href=\"https:\/\/vapemaison.com\/pl\/produkt\/bang-blaze-bc5000-5k-puffs\/\" \/>\n<meta property=\"og:locale\" content=\"pl_PL\" \/>\n<meta property=\"og:type\" content=\"article\" \/>\n<meta property=\"og:title\" content=\"Bang Blaze BC5000 Vape \u2013 5k Puffs,12 Flavors - VapeMaison\" \/>\n<meta property=\"og:description\" content=\"Shop the Bang Blaze BC5000 vape with up to 5000 puffs, and multiple nicotine strengths. Smooth flavor for a reliable vaping experience.\" \/>\n<meta property=\"og:url\" content=\"https:\/\/vapemaison.com\/pl\/produkt\/bang-blaze-bc5000-5k-puffs\/\" \/>\n<meta property=\"og:site_name\" content=\"VapeMaison\" \/>\n<meta property=\"article:modified_time\" content=\"2025-11-22T07:55:24+00:00\" \/>\n<meta property=\"og:image\" content=\"https:\/\/vapemaison.com\/wp-content\/uploads\/2025\/11\/main-picture.jpg.webp\" \/>\n\t<meta property=\"og:image:width\" content=\"1000\" \/>\n\t<meta property=\"og:image:height\" content=\"1000\" \/>\n\t<meta property=\"og:image:type\" content=\"image\/webp\" \/>\n<meta name=\"twitter:card\" content=\"summary_large_image\" \/>\n<meta name=\"twitter:label1\" content=\"Szacowany czas czytania\" \/>\n\t<meta name=\"twitter:data1\" content=\"2 minuty\" \/>\n<!-- \/ Yoast SEO plugin. -->","yoast_head_json":{"title":"Bang Blaze BC5000 Vape - 5k zaci\u0105gni\u0119\u0107, 12 smak\u00f3w - VapeMaison","description":"Kup waporyzator Bang Blaze BC5000 z nawet 5000 zaci\u0105gni\u0119ciami i wieloma mocami nikotyny. G\u0142adki smak zapewnia niezawodne doznania podczas waporyzacji.","robots":{"index":"index","follow":"follow","max-snippet":"max-snippet:-1","max-image-preview":"max-image-preview:large","max-video-preview":"max-video-preview:-1"},"canonical":"https:\/\/vapemaison.com\/pl\/produkt\/bang-blaze-bc5000-5k-puffs\/","og_locale":"pl_PL","og_type":"article","og_title":"Bang Blaze BC5000 Vape \u2013 5k Puffs,12 Flavors - VapeMaison","og_description":"Shop the Bang Blaze BC5000 vape with up to 5000 puffs, and multiple nicotine strengths. Smooth flavor for a reliable vaping experience.","og_url":"https:\/\/vapemaison.com\/pl\/produkt\/bang-blaze-bc5000-5k-puffs\/","og_site_name":"VapeMaison","article_modified_time":"2025-11-22T07:55:24+00:00","og_image":[{"width":1000,"height":1000,"url":"https:\/\/vapemaison.com\/wp-content\/uploads\/2025\/11\/main-picture.jpg.webp","type":"image\/webp"}],"twitter_card":"summary_large_image","twitter_misc":{"Szacowany czas czytania":"2 minuty"},"schema":{"@context":"https:\/\/schema.org","@graph":[{"@type":"WebPage","@id":"https:\/\/vapemaison.com\/product\/bang-blaze-bc5000-5k-puffs\/","url":"https:\/\/vapemaison.com\/product\/bang-blaze-bc5000-5k-puffs\/","name":"Bang Blaze BC5000 Vape - 5k zaci\u0105gni\u0119\u0107, 12 smak\u00f3w - VapeMaison","isPartOf":{"@id":"https:\/\/vapemaison.com\/#website"},"primaryImageOfPage":{"@id":"https:\/\/vapemaison.com\/product\/bang-blaze-bc5000-5k-puffs\/#primaryimage"},"image":{"@id":"https:\/\/vapemaison.com\/product\/bang-blaze-bc5000-5k-puffs\/#primaryimage"},"thumbnailUrl":"https:\/\/vapemaison.com\/wp-content\/uploads\/2025\/11\/main-picture.jpg.webp","datePublished":"2025-11-21T02:16:33+00:00","dateModified":"2025-11-22T07:55:24+00:00","description":"Kup waporyzator Bang Blaze BC5000 z nawet 5000 zaci\u0105gni\u0119ciami i wieloma mocami nikotyny. G\u0142adki smak zapewnia niezawodne doznania podczas waporyzacji.","breadcrumb":{"@id":"https:\/\/vapemaison.com\/product\/bang-blaze-bc5000-5k-puffs\/#breadcrumb"},"inLanguage":"pl-PL","potentialAction":[{"@type":"ReadAction","target":["https:\/\/vapemaison.com\/product\/bang-blaze-bc5000-5k-puffs\/"]}]},{"@type":"ImageObject","inLanguage":"pl-PL","@id":"https:\/\/vapemaison.com\/product\/bang-blaze-bc5000-5k-puffs\/#primaryimage","url":"https:\/\/vapemaison.com\/wp-content\/uploads\/2025\/11\/main-picture.jpg.webp","contentUrl":"https:\/\/vapemaison.com\/wp-content\/uploads\/2025\/11\/main-picture.jpg.webp","width":1000,"height":1000,"caption":"Main Picture.jpg Disposable Vape Device"},{"@type":"BreadcrumbList","@id":"https:\/\/vapemaison.com\/product\/bang-blaze-bc5000-5k-puffs\/#breadcrumb","itemListElement":[{"@type":"ListItem","position":1,"name":"\u9996\u9875","item":"https:\/\/vapemaison.com\/"},{"@type":"ListItem","position":2,"name":"Shop","item":"https:\/\/vapemaison.com\/shop\/"},{"@type":"ListItem","position":3,"name":"Bang","item":"https:\/\/vapemaison.com\/brand\/bang\/"},{"@type":"ListItem","position":4,"name":"Bang Blaze BC5000 Vape 5K Puffs"}]},{"@type":"WebSite","@id":"https:\/\/vapemaison.com\/#website","url":"https:\/\/vapemaison.com\/","name":"VapeMaison","description":"Wysokiej jako\u015bci urz\u0105dzenia i akcesoria do waporyzacji","publisher":{"@id":"https:\/\/vapemaison.com\/#organization"},"potentialAction":[{"@type":"SearchAction","target":{"@type":"EntryPoint","urlTemplate":"https:\/\/vapemaison.com\/?s={search_term_string}"},"query-input":{"@type":"PropertyValueSpecification","valueRequired":true,"valueName":"search_term_string"}}],"inLanguage":"pl-PL"},{"@type":"Organization","@id":"https:\/\/vapemaison.com\/#organization","name":"VapeMaison","url":"https:\/\/vapemaison.com\/","logo":{"@type":"ImageObject","inLanguage":"pl-PL","@id":"https:\/\/vapemaison.com\/#\/schema\/logo\/image\/","url":"https:\/\/vapemaison.com\/wp-content\/uploads\/2026\/01\/cropped-vapemaison-logo-g-2026.webp","contentUrl":"https:\/\/vapemaison.com\/wp-content\/uploads\/2026\/01\/cropped-vapemaison-logo-g-2026.webp","width":350,"height":280,"caption":"VapeMaison"},"image":{"@id":"https:\/\/vapemaison.com\/#\/schema\/logo\/image\/"},"sameAs":["https:\/\/www.youtube.com\/@VapeMaison"]}]}},"tiered_pricing_type":"fixed","tiered_pricing_fixed_rules":{"30":"7.32","50":"6.88","100":"6.42","200":"5.98"},"tiered_pricing_product_settings":{"layout":"default","base_unit_name":{"singular":null,"plural":null},"default_variation":null},"tiered_pricing_minimum_quantity":10,"tiered_pricing_roles_data":[],"tiered_pricing_percentage_rules":[],"tiered_pricing_maximum_quantity":null,"tiered_pricing_quantity_step":null,"_links":{"self":[{"href":"https:\/\/vapemaison.com\/pl\/wp-json\/wp\/v2\/product\/14556","targetHints":{"allow":["GET"]}}],"collection":[{"href":"https:\/\/vapemaison.com\/pl\/wp-json\/wp\/v2\/product"}],"about":[{"href":"https:\/\/vapemaison.com\/pl\/wp-json\/wp\/v2\/types\/product"}],"replies":[{"embeddable":true,"href":"https:\/\/vapemaison.com\/pl\/wp-json\/wp\/v2\/comments?post=14556"}],"version-history":[{"count":0,"href":"https:\/\/vapemaison.com\/pl\/wp-json\/wp\/v2\/product\/14556\/revisions"}],"wp:featuredmedia":[{"embeddable":true,"href":"https:\/\/vapemaison.com\/pl\/wp-json\/wp\/v2\/media\/14561"}],"wp:attachment":[{"href":"https:\/\/vapemaison.com\/pl\/wp-json\/wp\/v2\/media?parent=14556"}],"wp:term":[{"taxonomy":"product_brand","embeddable":true,"href":"https:\/\/vapemaison.com\/pl\/wp-json\/wp\/v2\/product_brand?post=14556"},{"taxonomy":"product_cat","embeddable":true,"href":"https:\/\/vapemaison.com\/pl\/wp-json\/wp\/v2\/product_cat?post=14556"},{"taxonomy":"product_tag","embeddable":true,"href":"https:\/\/vapemaison.com\/pl\/wp-json\/wp\/v2\/product_tag?post=14556"}],"curies":[{"name":"wp","href":"https:\/\/api.w.org\/{rel}","templated":true}]}}