

{"id":14781,"date":"2025-11-22T07:48:07","date_gmt":"2025-11-22T07:48:07","guid":{"rendered":"https:\/\/vapemaison.com\/?post_type=product&#038;p=14781"},"modified":"2025-11-22T07:54:16","modified_gmt":"2025-11-22T07:54:16","slug":"40k-puff-bang-king-tornado-40000-puff-jednorazowy-dlugopis-vape","status":"publish","type":"product","link":"https:\/\/vapemaison.com\/pl\/product\/40k-puff-bang-king-tornado-40000-puffs-disposable-vape-pen\/","title":{"rendered":"40k Puff Bang King Tornado | 40000 Puff\u00f3w Jednorazowy Vape Pen"},"content":{"rendered":"<p>Przedstawiamy <strong>Puff Bang kr\u00f3l Tornado 40k Puff<\/strong> - LED Display Edition zosta\u0142 zaprojektowany dla vaper\u00f3w, kt\u00f3rzy wymagaj\u0105 odwa\u017cnej wydajno\u015bci i ogromnej pojemno\u015bci w ka\u017cdym zaci\u0105gni\u0119ciu. Ten jednorazowy vape pen, oferuj\u0105cy do 40 tys. zaci\u0105gni\u0119\u0107, zapewnia d\u0142ugotrwa\u0142\u0105 satysfakcj\u0119, intensywny smak i niezawodn\u0105 wydajno\u015b\u0107 - a wszystko to w jednym eleganckim urz\u0105dzeniu.<\/p>\n\n\n\n<p>Wype\u0142niony 35 ml najwy\u017cszej jako\u015bci e-liquidu i dost\u0119pny w wersjach o mocy nikotyny 2%, 3% lub 5%, jest dost\u0119pny w nast\u0119puj\u0105cych wersjach <strong>40k Puff Bang King Tornado<\/strong> zaspokoi ka\u017cde preferencje, od lekkich uderze\u0144 w gard\u0142o po bogaty, intensywny smak. Niezale\u017cnie od tego, czy jeste\u015b zwyk\u0142ym waperem, czy do\u015bwiadczonym poszukiwaczem chmur, to urz\u0105dzenie zapewnia to, co najlepsze.<\/p>\n\n\n\n<p>U podstaw 40k Puff Bang King Tornado znajduje si\u0119 cewka siatkowa 1,0\u03a9 z regulowanym przep\u0142ywem powietrza, oferuj\u0105ca konfigurowalne wra\u017cenia zar\u00f3wno w stylu MTL, jak i DTL. Ka\u017cde zaci\u0105gni\u0119cie jest p\u0142ynne, sp\u00f3jne i pe\u0142ne smaku, zapewniaj\u0105c najlepsze wra\u017cenia z waporyzacji za ka\u017cdym razem.<\/p>\n\n\n\n<p>Zasilany akumulatorem 1000 mAh i wyposa\u017cony w port \u0142adowania typu C, Tornado 40,000 minimalizuje przestoje, dzi\u0119ki czemu mo\u017cesz wapowa\u0107 d\u0142u\u017cej. Zintegrowany wy\u015bwietlacz LED na bie\u017c\u0105co informuje o poziomie na\u0142adowania baterii i poziomu e-liquidu, zapewniaj\u0105c sta\u0142\u0105 kontrol\u0119.<\/p>\n\n\n\n<p>Do wyboru jest 12 smak\u00f3w premium,<strong> 40k Puff Bang King Tornado<\/strong> zapewnia idealn\u0105 r\u00f3wnowag\u0119 mi\u0119dzy smakiem, wydajno\u015bci\u0105 i niezawodno\u015bci\u0105 ka\u017cdego urz\u0105dzenia.<\/p>\n\n\n\n<h2 class=\"wp-block-heading\"><strong>Cechy\uff1a<\/strong><\/h2>\n\n\n\n<ul class=\"wp-block-list\">\n<li>Puffy: Do 40000 zaci\u0105gni\u0119\u0107<\/li>\n\n\n\n<li>Nicotine:2%\/3%\/5%<\/li>\n\n\n\n<li>Rodzaje: Jednorazowe<\/li>\n\n\n\n<li>Siatkowa cewka 1.0, regulowany przep\u0142yw powietrza<\/li>\n\n\n\n<li>\u0141adowanie typu C<\/li>\n\n\n\n<li>E-liquid: 35 ml<\/li>\n\n\n\n<li>Pojemno\u015b\u0107 baterii: 1000 mAh<\/li>\n\n\n\n<li>12 smak\u00f3w do wyboru<\/li>\n<\/ul>\n\n\n\n<h2 class=\"wp-block-heading\"><strong>Smak<\/strong>:<\/h2>\n\n\n\n<p>1. arbuz<\/p>\n\n\n\n<p>2. arbuz truskawkowy<\/p>\n\n\n\n<p>3. l\u00f3d jagodowy<\/p>\n\n\n\n<p>4. jagoda malina<\/p>\n\n\n\n<p>5.L\u00f3d truskawkowy<\/p>\n\n\n\n<p>6.Truskawka Kiwi<\/p>\n\n\n\n<p>7.Mango Brzoskwinia Arbuz<\/p>\n\n\n\n<p>8.Kiwi Passion Fruit Pomegranate<\/p>\n\n\n\n<p>9.Peach Ice<\/p>\n\n\n\n<p>10.mieszane jagody<\/p>\n\n\n\n<p>11.Blueberry Grape<\/p>\n\n\n\n<p>12.Arbuz Bubblegum<\/p>","protected":false},"excerpt":{"rendered":"<p>Introducing the Puff Bang king Tornado 40k Puff \u2013 the LED Display Edition designed for vapers who demand bold performance and massive capacity in every puff. With up to 40k puffs, this disposable vape pen offers long-lasting satisfaction, vibrant flavor, and reliable performance\u2014all packed into one sleek device. Filled with 35mL of premium e-liquid and [&hellip;]<\/p>\n","protected":false},"featured_media":14782,"comment_status":"open","ping_status":"closed","template":"","meta":[],"product_brand":[57],"product_cat":[135],"product_tag":[],"class_list":{"0":"post-14781","1":"product","2":"type-product","3":"status-publish","4":"has-post-thumbnail","6":"product_brand-bang","7":"product_cat-40k-puffs","9":"first","10":"instock","11":"sale","12":"shipping-taxable","13":"purchasable","14":"product-type-variable"},"yoast_head":"<!-- This site is optimized with the Yoast SEO plugin v27.4 - https:\/\/yoast.com\/product\/yoast-seo-wordpress\/ -->\n<title>40K Puff Bang King Tornado | 40000 Puffs Disposable Vape<\/title>\n<meta name=\"description\" content=\"Experience the 40k puff Bang King Tornado Disposable Vape with 12 premium flavors. Available in 2%, 3%, and 5% nicotine strengths.\" \/>\n<meta name=\"robots\" content=\"index, follow, max-snippet:-1, max-image-preview:large, max-video-preview:-1\" \/>\n<link rel=\"canonical\" href=\"https:\/\/vapemaison.com\/pl\/produkt\/40k-puff-bang-king-tornado-40000-puff-jednorazowy-dlugopis-vape\/\" \/>\n<meta property=\"og:locale\" content=\"pl_PL\" \/>\n<meta property=\"og:type\" content=\"article\" \/>\n<meta property=\"og:title\" content=\"40K Puff Bang King Tornado | 40000 Puffs Disposable Vape\" \/>\n<meta property=\"og:description\" content=\"Experience the 40k puff Bang King Tornado Disposable Vape with 12 premium flavors. Available in 2%, 3%, and 5% nicotine strengths.\" \/>\n<meta property=\"og:url\" content=\"https:\/\/vapemaison.com\/pl\/produkt\/40k-puff-bang-king-tornado-40000-puff-jednorazowy-dlugopis-vape\/\" \/>\n<meta property=\"og:site_name\" content=\"VapeMaison\" \/>\n<meta property=\"article:modified_time\" content=\"2025-11-22T07:54:16+00:00\" \/>\n<meta property=\"og:image\" content=\"https:\/\/vapemaison.com\/wp-content\/uploads\/2025\/11\/vape-maison-bang-king-tornado-40000-puffs-blueberry-grape-654x690-1.webp\" \/>\n\t<meta property=\"og:image:width\" content=\"654\" \/>\n\t<meta property=\"og:image:height\" content=\"690\" \/>\n\t<meta property=\"og:image:type\" content=\"image\/webp\" \/>\n<meta name=\"twitter:card\" content=\"summary_large_image\" \/>\n<meta name=\"twitter:label1\" content=\"Szacowany czas czytania\" \/>\n\t<meta name=\"twitter:data1\" content=\"2 minuty\" \/>\n<!-- \/ Yoast SEO plugin. -->","yoast_head_json":{"title":"40K Puff Bang King Tornado | 40000 Puff\u00f3w Vape jednorazowego u\u017cytku","description":"Do\u015bwiadcz 40k puff Bang King Tornado Disposable Vape z 12 smakami premium. Dost\u0119pne w wersjach o mocy nikotyny 2%, 3% i 5%.","robots":{"index":"index","follow":"follow","max-snippet":"max-snippet:-1","max-image-preview":"max-image-preview:large","max-video-preview":"max-video-preview:-1"},"canonical":"https:\/\/vapemaison.com\/pl\/produkt\/40k-puff-bang-king-tornado-40000-puff-jednorazowy-dlugopis-vape\/","og_locale":"pl_PL","og_type":"article","og_title":"40K Puff Bang King Tornado | 40000 Puffs Disposable Vape","og_description":"Experience the 40k puff Bang King Tornado Disposable Vape with 12 premium flavors. Available in 2%, 3%, and 5% nicotine strengths.","og_url":"https:\/\/vapemaison.com\/pl\/produkt\/40k-puff-bang-king-tornado-40000-puff-jednorazowy-dlugopis-vape\/","og_site_name":"VapeMaison","article_modified_time":"2025-11-22T07:54:16+00:00","og_image":[{"width":654,"height":690,"url":"https:\/\/vapemaison.com\/wp-content\/uploads\/2025\/11\/vape-maison-bang-king-tornado-40000-puffs-blueberry-grape-654x690-1.webp","type":"image\/webp"}],"twitter_card":"summary_large_image","twitter_misc":{"Szacowany czas czytania":"2 minuty"},"schema":{"@context":"https:\/\/schema.org","@graph":[{"@type":"WebPage","@id":"https:\/\/vapemaison.com\/product\/40k-puff-bang-king-tornado-40000-puffs-disposable-vape-pen\/","url":"https:\/\/vapemaison.com\/product\/40k-puff-bang-king-tornado-40000-puffs-disposable-vape-pen\/","name":"40K Puff Bang King Tornado | 40000 Puff\u00f3w Vape jednorazowego u\u017cytku","isPartOf":{"@id":"https:\/\/vapemaison.com\/#website"},"primaryImageOfPage":{"@id":"https:\/\/vapemaison.com\/product\/40k-puff-bang-king-tornado-40000-puffs-disposable-vape-pen\/#primaryimage"},"image":{"@id":"https:\/\/vapemaison.com\/product\/40k-puff-bang-king-tornado-40000-puffs-disposable-vape-pen\/#primaryimage"},"thumbnailUrl":"https:\/\/vapemaison.com\/wp-content\/uploads\/2025\/11\/vape-maison-bang-king-tornado-40000-puffs-blueberry-grape-654x690-1.webp","datePublished":"2025-11-22T07:48:07+00:00","dateModified":"2025-11-22T07:54:16+00:00","description":"Do\u015bwiadcz 40k puff Bang King Tornado Disposable Vape z 12 smakami premium. Dost\u0119pne w wersjach o mocy nikotyny 2%, 3% i 5%.","breadcrumb":{"@id":"https:\/\/vapemaison.com\/product\/40k-puff-bang-king-tornado-40000-puffs-disposable-vape-pen\/#breadcrumb"},"inLanguage":"pl-PL","potentialAction":[{"@type":"ReadAction","target":["https:\/\/vapemaison.com\/product\/40k-puff-bang-king-tornado-40000-puffs-disposable-vape-pen\/"]}]},{"@type":"ImageObject","inLanguage":"pl-PL","@id":"https:\/\/vapemaison.com\/product\/40k-puff-bang-king-tornado-40000-puffs-disposable-vape-pen\/#primaryimage","url":"https:\/\/vapemaison.com\/wp-content\/uploads\/2025\/11\/vape-maison-bang-king-tornado-40000-puffs-blueberry-grape-654x690-1.webp","contentUrl":"https:\/\/vapemaison.com\/wp-content\/uploads\/2025\/11\/vape-maison-bang-king-tornado-40000-puffs-blueberry-grape-654x690-1.webp","width":654,"height":690,"caption":"Vape Maison Bang King Tornado Puffs Blueberry Grape 654x690"},{"@type":"BreadcrumbList","@id":"https:\/\/vapemaison.com\/product\/40k-puff-bang-king-tornado-40000-puffs-disposable-vape-pen\/#breadcrumb","itemListElement":[{"@type":"ListItem","position":1,"name":"\u9996\u9875","item":"https:\/\/vapemaison.com\/"},{"@type":"ListItem","position":2,"name":"Shop","item":"https:\/\/vapemaison.com\/shop\/"},{"@type":"ListItem","position":3,"name":"Bang","item":"https:\/\/vapemaison.com\/brand\/bang\/"},{"@type":"ListItem","position":4,"name":"40k Puff Bang King Tornado | 40000 Puffs Disposable Vape Pen"}]},{"@type":"WebSite","@id":"https:\/\/vapemaison.com\/#website","url":"https:\/\/vapemaison.com\/","name":"VapeMaison","description":"Wysokiej jako\u015bci urz\u0105dzenia i akcesoria do waporyzacji","publisher":{"@id":"https:\/\/vapemaison.com\/#organization"},"potentialAction":[{"@type":"SearchAction","target":{"@type":"EntryPoint","urlTemplate":"https:\/\/vapemaison.com\/?s={search_term_string}"},"query-input":{"@type":"PropertyValueSpecification","valueRequired":true,"valueName":"search_term_string"}}],"inLanguage":"pl-PL"},{"@type":"Organization","@id":"https:\/\/vapemaison.com\/#organization","name":"VapeMaison","url":"https:\/\/vapemaison.com\/","logo":{"@type":"ImageObject","inLanguage":"pl-PL","@id":"https:\/\/vapemaison.com\/#\/schema\/logo\/image\/","url":"https:\/\/vapemaison.com\/wp-content\/uploads\/2026\/01\/cropped-vapemaison-logo-g-2026.webp","contentUrl":"https:\/\/vapemaison.com\/wp-content\/uploads\/2026\/01\/cropped-vapemaison-logo-g-2026.webp","width":350,"height":280,"caption":"VapeMaison"},"image":{"@id":"https:\/\/vapemaison.com\/#\/schema\/logo\/image\/"},"sameAs":["https:\/\/www.youtube.com\/@VapeMaison"]}]}},"tiered_pricing_type":"fixed","tiered_pricing_fixed_rules":{"30":"9.98","50":"8.88","100":"7.98","200":"6.99"},"tiered_pricing_product_settings":{"layout":"default","base_unit_name":{"singular":null,"plural":null},"default_variation":null},"tiered_pricing_minimum_quantity":10,"tiered_pricing_roles_data":[],"tiered_pricing_percentage_rules":[],"tiered_pricing_maximum_quantity":null,"tiered_pricing_quantity_step":"10","_links":{"self":[{"href":"https:\/\/vapemaison.com\/pl\/wp-json\/wp\/v2\/product\/14781","targetHints":{"allow":["GET"]}}],"collection":[{"href":"https:\/\/vapemaison.com\/pl\/wp-json\/wp\/v2\/product"}],"about":[{"href":"https:\/\/vapemaison.com\/pl\/wp-json\/wp\/v2\/types\/product"}],"replies":[{"embeddable":true,"href":"https:\/\/vapemaison.com\/pl\/wp-json\/wp\/v2\/comments?post=14781"}],"version-history":[{"count":0,"href":"https:\/\/vapemaison.com\/pl\/wp-json\/wp\/v2\/product\/14781\/revisions"}],"wp:featuredmedia":[{"embeddable":true,"href":"https:\/\/vapemaison.com\/pl\/wp-json\/wp\/v2\/media\/14782"}],"wp:attachment":[{"href":"https:\/\/vapemaison.com\/pl\/wp-json\/wp\/v2\/media?parent=14781"}],"wp:term":[{"taxonomy":"product_brand","embeddable":true,"href":"https:\/\/vapemaison.com\/pl\/wp-json\/wp\/v2\/product_brand?post=14781"},{"taxonomy":"product_cat","embeddable":true,"href":"https:\/\/vapemaison.com\/pl\/wp-json\/wp\/v2\/product_cat?post=14781"},{"taxonomy":"product_tag","embeddable":true,"href":"https:\/\/vapemaison.com\/pl\/wp-json\/wp\/v2\/product_tag?post=14781"}],"curies":[{"name":"wp","href":"https:\/\/api.w.org\/{rel}","templated":true}]}}