

{"id":14830,"date":"2025-11-22T08:28:41","date_gmt":"2025-11-22T08:28:41","guid":{"rendered":"https:\/\/vapemaison.com\/?post_type=product&#038;p=14830"},"modified":"2025-11-22T08:30:18","modified_gmt":"2025-11-22T08:30:18","slug":"bang-king-crystal-vape-30k","status":"publish","type":"product","link":"https:\/\/vapemaison.com\/pl\/product\/bang-king-crystal-vape-30k\/","title":{"rendered":"Bang King Crystal Vape 2% 3% 5% Nikotynowy jednorazowy Vape 30k Puff\u00f3w"},"content":{"rendered":"<p>Odkryj trwa\u0142\u0105 satysfakcj\u0119 z <strong>Bang King Crystal vape 30k Puffs<\/strong> . Oferuj\u0105c do 30 000 zaci\u0105gni\u0119\u0107 g\u0142adkiej, aromatycznej pary, urz\u0105dzenie to zosta\u0142o stworzone z my\u015bl\u0105 o ca\u0142odziennej przyjemno\u015bci. Zasilany akumulatorem 650 mAh i szybkim \u0142adowaniem typu C, zapewnia sta\u0142\u0105 wydajno\u015b\u0107 przy minimalnych przestojach.<\/p>\n\n\n\n<p>Ciesz si\u0119 obfitymi chmurami i intensywnym smakiem dzi\u0119ki zaawansowanej technologii cewki siatkowej, zaprojektowanej w celu maksymalizacji wydajno\u015bci smakowej. Du\u017ca pojemno\u015b\u0107 28 ml e-liquidu zapewnia maksymalne wykorzystanie ka\u017cdego zaci\u0105gni\u0119cia. Dzi\u0119ki mocy nikotyny 2%, 3% lub 5% mo\u017cesz dostosowa\u0107 swoje doznania do w\u0142asnych preferencji - od g\u0142adkich po odwa\u017cne.<\/p>\n\n\n\n<p>Z 12 smakami premium do wyboru, Bang King <strong>Crystal Vape<\/strong> jest idealny dla waper\u00f3w, kt\u00f3rzy pragn\u0105 r\u00f3\u017cnorodno\u015bci i pot\u0119\u017cnej wydajno\u015bci w eleganckim, jednorazowym urz\u0105dzeniu. Niezale\u017cnie od tego, czy jeste\u015b nowicjuszem w wapowaniu, czy do\u015bwiadczonym profesjonalist\u0105, ten waporyzator zapewnia niezawodny, satysfakcjonuj\u0105cy smak przy ka\u017cdym zaci\u0105gni\u0119ciu.<\/p>\n\n\n\n<h2 class=\"wp-block-heading\"><strong>Dlaczego warto wybra\u0107 Bang King Crystal Vape?<\/strong><\/h2>\n\n\n\n<ol class=\"wp-block-list\">\n<li><strong>D\u0142ugotrwa\u0142e u\u017cytkowanie<\/strong> - Ciesz si\u0119 do 30 000 zaci\u0105gni\u0119\u0107 g\u0142adk\u0105, aromatyczn\u0105 par\u0105, zapewniaj\u0105c ca\u0142odzienn\u0105 satysfakcj\u0119 z ka\u017cdego zaci\u0105gni\u0119cia.<\/li>\n\n\n\n<li><strong>Wydajna bateria i szybkie \u0142adowanie<\/strong> - Wyposa\u017cony w akumulator o pojemno\u015bci 650 mAh i szybkie \u0142adowanie typu C, minimalizuje przestoje, zapewniaj\u0105c sp\u00f3jne wra\u017cenia z waporyzacji.<\/li>\n\n\n\n<li><strong>Zaawansowana technologia cewek siatkowych<\/strong> - Siatkowa cewka zapewnia obfite chmury i intensywny smak, maksymalizuj\u0105c ka\u017cde zaci\u0105gni\u0119cie i zapewniaj\u0105c najwy\u017cszej jako\u015bci doznania podczas waporyzacji.<\/li>\n\n\n\n<li><strong>Du\u017ca pojemno\u015b\u0107 e-liquidu<\/strong> - Dzi\u0119ki du\u017cej pojemno\u015bci 28 ml e-liquidu, Bang King Crystal 30K zmniejsza potrzeb\u0119 cz\u0119stego uzupe\u0142niania, umo\u017cliwiaj\u0105c d\u0142u\u017csze waporyzowanie bez przerw.<\/li>\n\n\n\n<li><strong>Szeroka gama smak\u00f3w<\/strong> - Wybieraj spo\u015br\u00f3d 12 smak\u00f3w premium, oferuj\u0105cych r\u00f3\u017cnorodne profile dostosowane do wszystkich preferencji, od orze\u017awiaj\u0105cych po wyraziste.<\/li>\n\n\n\n<li><strong>R\u00f3\u017cne st\u0119\u017cenia nikotyny<\/strong> - Dost\u0119pne w wersjach z nikotyn\u0105 2%, 3% i 5%, zapewniaj\u0105 lekkie, \u015brednie lub intensywne uderzenia dla ka\u017cdego stylu waporyzacji.<\/li>\n<\/ol>\n\n\n\n<p>Jednorazowy waporyzator Bang King Crystal 30K to idealny wyb\u00f3r dla waper\u00f3w, kt\u00f3rzy oczekuj\u0105 trwa\u0142ej wydajno\u015bci, r\u00f3\u017cnorodnych smak\u00f3w i niezawodnej mocy, a wszystko to w jednym eleganckim, jednorazowym urz\u0105dzeniu.<\/p>\n\n\n\n<h2 class=\"wp-block-heading\">Bang King <strong>Crystal Vape<\/strong> <strong>Cechy<\/strong>:<\/h2>\n\n\n\n<ul class=\"wp-block-list\">\n<li>Puffy: Do 30000 zaci\u0105gni\u0119\u0107<\/li>\n\n\n\n<li>Siatka cewki<\/li>\n\n\n\n<li>E-liquid: 28 ml<\/li>\n\n\n\n<li>Nicotine:2%\/3%\/5%<\/li>\n\n\n\n<li>Bateria: 650 mAh<\/li>\n\n\n\n<li>Mo\u017cliwo\u015b\u0107 \u0142adowania:Typ-C<\/li>\n\n\n\n<li>Dost\u0119pnych jest 12 smak\u00f3w<\/li>\n<\/ul>\n\n\n\n<h2 class=\"wp-block-heading\"><strong>Smak<\/strong><\/h2>\n\n\n\n<p>1.arbuz truskawkowy<\/p>\n\n\n\n<p>2.Blue Razz Ice<\/p>\n\n\n\n<p>3.Triple Berry Ice<\/p>\n\n\n\n<p>4.Peach Ice<\/p>\n\n\n\n<p>5.Brzoskwinia Mango<\/p>\n\n\n\n<p>6.Podw\u00f3jne jab\u0142ko<\/p>\n\n\n\n<p>7.Truskawkowe Kiwi<\/p>\n\n\n\n<p>8.Aloe Grape<\/p>\n\n\n\n<p>9. owoce tropikalne<\/p>\n\n\n\n<p>10.banan truskawkowy<\/p>\n\n\n\n<p>11.Kiwi Passion Fruit Guava<\/p>\n\n\n\n<p>12.Black Dragon Ice<\/p>\n\n\n\n<p><\/p>","protected":false},"excerpt":{"rendered":"<p>Discover lasting satisfaction with the Bang King Crystal vape 30k Puffs . Offering up to 30,000 puffs of smooth, flavorful vapor, this device is built for all-day enjoyment. Powered by a 650mAh rechargeable battery and fast Type-C charging, you\u2019ll experience consistent performance with minimal downtime. Enjoy rich clouds and intense flavor with the advanced mesh [&hellip;]<\/p>\n","protected":false},"featured_media":14831,"comment_status":"open","ping_status":"closed","template":"","meta":[],"product_brand":[57],"product_cat":[134],"product_tag":[],"class_list":{"0":"post-14830","1":"product","2":"type-product","3":"status-publish","4":"has-post-thumbnail","6":"product_brand-bang","7":"product_cat-30k-puffs","9":"first","10":"instock","11":"sale","12":"shipping-taxable","13":"purchasable","14":"product-type-variable"},"yoast_head":"<!-- This site is optimized with the Yoast SEO plugin v27.4 - https:\/\/yoast.com\/product\/yoast-seo-wordpress\/ -->\n<title>Bang King Crystal Vape \u2013 30k Puffs, Mesh Coil &amp; 12 Flavors<\/title>\n<meta name=\"description\" content=\"Enjoy up to 30000 puffs with the Bang King Crystal Vape. Perfect for vapers who want lasting satisfaction and reliable performance.\" \/>\n<meta name=\"robots\" content=\"index, follow, max-snippet:-1, max-image-preview:large, max-video-preview:-1\" \/>\n<link rel=\"canonical\" href=\"https:\/\/vapemaison.com\/pl\/produkt\/bang-king-crystal-vape-30k\/\" \/>\n<meta property=\"og:locale\" content=\"pl_PL\" \/>\n<meta property=\"og:type\" content=\"article\" \/>\n<meta property=\"og:title\" content=\"Bang King Crystal Vape \u2013 30k Puffs, Mesh Coil &amp; 12 Flavors\" \/>\n<meta property=\"og:description\" content=\"Enjoy up to 30000 puffs with the Bang King Crystal Vape. Perfect for vapers who want lasting satisfaction and reliable performance.\" \/>\n<meta property=\"og:url\" content=\"https:\/\/vapemaison.com\/pl\/produkt\/bang-king-crystal-vape-30k\/\" \/>\n<meta property=\"og:site_name\" content=\"VapeMaison\" \/>\n<meta property=\"article:modified_time\" content=\"2025-11-22T08:30:18+00:00\" \/>\n<meta property=\"og:image\" content=\"https:\/\/vapemaison.com\/wp-content\/uploads\/2025\/11\/bang-king-crystal-30000-puffs.jpg\" \/>\n\t<meta property=\"og:image:width\" content=\"510\" \/>\n\t<meta property=\"og:image:height\" content=\"510\" \/>\n\t<meta property=\"og:image:type\" content=\"image\/jpeg\" \/>\n<meta name=\"twitter:card\" content=\"summary_large_image\" \/>\n<meta name=\"twitter:label1\" content=\"Szacowany czas czytania\" \/>\n\t<meta name=\"twitter:data1\" content=\"2 minuty\" \/>\n<!-- \/ Yoast SEO plugin. -->","yoast_head_json":{"title":"Bang King Crystal Vape - 30 tys. zaci\u0105gni\u0119\u0107, cewka siatkowa i 12 smak\u00f3w","description":"Ciesz si\u0119 nawet 30000 zaci\u0105gni\u0119ciami dzi\u0119ki Bang King Crystal Vape. Idealny dla vaper\u00f3w, kt\u00f3rzy chc\u0105 d\u0142ugotrwa\u0142ej satysfakcji i niezawodnej wydajno\u015bci.","robots":{"index":"index","follow":"follow","max-snippet":"max-snippet:-1","max-image-preview":"max-image-preview:large","max-video-preview":"max-video-preview:-1"},"canonical":"https:\/\/vapemaison.com\/pl\/produkt\/bang-king-crystal-vape-30k\/","og_locale":"pl_PL","og_type":"article","og_title":"Bang King Crystal Vape \u2013 30k Puffs, Mesh Coil & 12 Flavors","og_description":"Enjoy up to 30000 puffs with the Bang King Crystal Vape. Perfect for vapers who want lasting satisfaction and reliable performance.","og_url":"https:\/\/vapemaison.com\/pl\/produkt\/bang-king-crystal-vape-30k\/","og_site_name":"VapeMaison","article_modified_time":"2025-11-22T08:30:18+00:00","og_image":[{"width":510,"height":510,"url":"https:\/\/vapemaison.com\/wp-content\/uploads\/2025\/11\/bang-king-crystal-30000-puffs.jpg","type":"image\/jpeg"}],"twitter_card":"summary_large_image","twitter_misc":{"Szacowany czas czytania":"2 minuty"},"schema":{"@context":"https:\/\/schema.org","@graph":[{"@type":"WebPage","@id":"https:\/\/vapemaison.com\/product\/bang-king-crystal-vape-30k\/","url":"https:\/\/vapemaison.com\/product\/bang-king-crystal-vape-30k\/","name":"Bang King Crystal Vape - 30 tys. zaci\u0105gni\u0119\u0107, cewka siatkowa i 12 smak\u00f3w","isPartOf":{"@id":"https:\/\/vapemaison.com\/#website"},"primaryImageOfPage":{"@id":"https:\/\/vapemaison.com\/product\/bang-king-crystal-vape-30k\/#primaryimage"},"image":{"@id":"https:\/\/vapemaison.com\/product\/bang-king-crystal-vape-30k\/#primaryimage"},"thumbnailUrl":"https:\/\/vapemaison.com\/wp-content\/uploads\/2025\/11\/bang-king-crystal-30000-puffs.jpg","datePublished":"2025-11-22T08:28:41+00:00","dateModified":"2025-11-22T08:30:18+00:00","description":"Ciesz si\u0119 nawet 30000 zaci\u0105gni\u0119ciami dzi\u0119ki Bang King Crystal Vape. Idealny dla vaper\u00f3w, kt\u00f3rzy chc\u0105 d\u0142ugotrwa\u0142ej satysfakcji i niezawodnej wydajno\u015bci.","breadcrumb":{"@id":"https:\/\/vapemaison.com\/product\/bang-king-crystal-vape-30k\/#breadcrumb"},"inLanguage":"pl-PL","potentialAction":[{"@type":"ReadAction","target":["https:\/\/vapemaison.com\/product\/bang-king-crystal-vape-30k\/"]}]},{"@type":"ImageObject","inLanguage":"pl-PL","@id":"https:\/\/vapemaison.com\/product\/bang-king-crystal-vape-30k\/#primaryimage","url":"https:\/\/vapemaison.com\/wp-content\/uploads\/2025\/11\/bang-king-crystal-30000-puffs.jpg","contentUrl":"https:\/\/vapemaison.com\/wp-content\/uploads\/2025\/11\/bang-king-crystal-30000-puffs.jpg","width":510,"height":510,"caption":"Bang King Crystal Puffs Disposable Vape Device"},{"@type":"BreadcrumbList","@id":"https:\/\/vapemaison.com\/product\/bang-king-crystal-vape-30k\/#breadcrumb","itemListElement":[{"@type":"ListItem","position":1,"name":"\u9996\u9875","item":"https:\/\/vapemaison.com\/"},{"@type":"ListItem","position":2,"name":"Shop","item":"https:\/\/vapemaison.com\/shop\/"},{"@type":"ListItem","position":3,"name":"Bang","item":"https:\/\/vapemaison.com\/brand\/bang\/"},{"@type":"ListItem","position":4,"name":"Bang King Crystal Vape 2% 3% 5% Nicotine Disposable Vape 30k Puffs"}]},{"@type":"WebSite","@id":"https:\/\/vapemaison.com\/#website","url":"https:\/\/vapemaison.com\/","name":"VapeMaison","description":"Wysokiej jako\u015bci urz\u0105dzenia i akcesoria do waporyzacji","publisher":{"@id":"https:\/\/vapemaison.com\/#organization"},"potentialAction":[{"@type":"SearchAction","target":{"@type":"EntryPoint","urlTemplate":"https:\/\/vapemaison.com\/?s={search_term_string}"},"query-input":{"@type":"PropertyValueSpecification","valueRequired":true,"valueName":"search_term_string"}}],"inLanguage":"pl-PL"},{"@type":"Organization","@id":"https:\/\/vapemaison.com\/#organization","name":"VapeMaison","url":"https:\/\/vapemaison.com\/","logo":{"@type":"ImageObject","inLanguage":"pl-PL","@id":"https:\/\/vapemaison.com\/#\/schema\/logo\/image\/","url":"https:\/\/vapemaison.com\/wp-content\/uploads\/2026\/01\/cropped-vapemaison-logo-g-2026.webp","contentUrl":"https:\/\/vapemaison.com\/wp-content\/uploads\/2026\/01\/cropped-vapemaison-logo-g-2026.webp","width":350,"height":280,"caption":"VapeMaison"},"image":{"@id":"https:\/\/vapemaison.com\/#\/schema\/logo\/image\/"},"sameAs":["https:\/\/www.youtube.com\/@VapeMaison"]}]}},"tiered_pricing_type":"fixed","tiered_pricing_fixed_rules":{"30":"9.98","50":"9.56","100":"8.45","200":"7.98"},"tiered_pricing_product_settings":{"layout":"default","base_unit_name":{"singular":null,"plural":null},"default_variation":null},"tiered_pricing_minimum_quantity":10,"tiered_pricing_roles_data":[],"tiered_pricing_percentage_rules":[],"tiered_pricing_maximum_quantity":null,"tiered_pricing_quantity_step":"10","_links":{"self":[{"href":"https:\/\/vapemaison.com\/pl\/wp-json\/wp\/v2\/product\/14830","targetHints":{"allow":["GET"]}}],"collection":[{"href":"https:\/\/vapemaison.com\/pl\/wp-json\/wp\/v2\/product"}],"about":[{"href":"https:\/\/vapemaison.com\/pl\/wp-json\/wp\/v2\/types\/product"}],"replies":[{"embeddable":true,"href":"https:\/\/vapemaison.com\/pl\/wp-json\/wp\/v2\/comments?post=14830"}],"version-history":[{"count":0,"href":"https:\/\/vapemaison.com\/pl\/wp-json\/wp\/v2\/product\/14830\/revisions"}],"wp:featuredmedia":[{"embeddable":true,"href":"https:\/\/vapemaison.com\/pl\/wp-json\/wp\/v2\/media\/14831"}],"wp:attachment":[{"href":"https:\/\/vapemaison.com\/pl\/wp-json\/wp\/v2\/media?parent=14830"}],"wp:term":[{"taxonomy":"product_brand","embeddable":true,"href":"https:\/\/vapemaison.com\/pl\/wp-json\/wp\/v2\/product_brand?post=14830"},{"taxonomy":"product_cat","embeddable":true,"href":"https:\/\/vapemaison.com\/pl\/wp-json\/wp\/v2\/product_cat?post=14830"},{"taxonomy":"product_tag","embeddable":true,"href":"https:\/\/vapemaison.com\/pl\/wp-json\/wp\/v2\/product_tag?post=14830"}],"curies":[{"name":"wp","href":"https:\/\/api.w.org\/{rel}","templated":true}]}}