

{"id":14988,"date":"2025-11-26T03:50:41","date_gmt":"2025-11-26T03:50:41","guid":{"rendered":"https:\/\/vapemaison.com\/?post_type=product&#038;p=14988"},"modified":"2026-01-22T03:49:46","modified_gmt":"2026-01-22T03:49:46","slug":"zooy-trlple-70000-70k-puffs","status":"publish","type":"product","link":"https:\/\/vapemaison.com\/pl\/product\/zooy-trlple-70000-70k-puffs\/","title":{"rendered":"ZOOY SHISHA 25K Puff\u00f3w jednorazowych Vape"},"content":{"rendered":"<p>ZOOY SHISHA 25K to jednorazowy waporyzator o du\u017cej pojemno\u015bci, zaprojektowany z my\u015bl\u0105 o d\u0142ugotrwa\u0142ym u\u017cytkowaniu i stabilnej wydajno\u015bci. Dzi\u0119ki du\u017cemu zbiornikowi e-liquidu, wielu st\u0119\u017ceniom nikotyny i regulowanemu przep\u0142ywowi powietrza, obs\u0142uguje zar\u00f3wno style waporyzacji MTL, jak i DTL, zachowuj\u0105c sta\u0142y smak przez ca\u0142y okres u\u017cytkowania.<\/p>\n\n\n\n<p>Wyposa\u017cone w cewk\u0119 siatkow\u0105 i animowany wy\u015bwietlacz, urz\u0105dzenie pozwala u\u017cytkownikom wyra\u017anie monitorowa\u0107 stan baterii i zu\u017cycie puff\u00f3w. Akumulator z \u0142adowaniem typu C zapewnia, \u017ce urz\u0105dzenie pozostaje u\u017cyteczne do momentu ca\u0142kowitego zu\u017cycia e-cieczy. W zestawie znajduje si\u0119 nasadka przeciwpy\u0142owa, kt\u00f3ra pomaga zachowa\u0107 higien\u0119 podczas codziennego noszenia.<\/p>\n\n\n\n<h2 class=\"wp-block-heading\">Specyfikacja techniczna<\/h2>\n\n\n\n<figure class=\"wp-block-table is-style-stripes\"><table class=\"has-fixed-layout\"><thead><tr><th>Pozycja<\/th><th>Specyfikacja<\/th><\/tr><\/thead><tbody><tr><td>Typ produktu<\/td><td>Vape jednorazowego u\u017cytku<\/td><\/tr><tr><td>Pojemno\u015b\u0107 dmuchawy<\/td><td>Do 25 000 zaci\u0105gni\u0119\u0107<\/td><\/tr><tr><td>Pojemno\u015b\u0107 e-liquidu<\/td><td>28 ml (wst\u0119pnie nape\u0142niony)<\/td><\/tr><tr><td>Mocne strony nikotyny<\/td><td>0%, 2%, 3%, 5%<\/td><\/tr><tr><td>Typ cewki<\/td><td>Siatka 0,5\u03a9<\/td><\/tr><tr><td>Pojemno\u015b\u0107 akumulatora<\/td><td>650 mAh (akumulator)<\/td><\/tr><tr><td>Interfejs \u0142adowania<\/td><td>Typ-C<\/td><\/tr><tr><td>Wy\u015bwietlacz<\/td><td>Animowany ekran (bateria i liczba dmuchni\u0119\u0107)<\/td><\/tr><tr><td>Przep\u0142yw powietrza<\/td><td>Regulowany<\/td><\/tr><tr><td>Styl inhalacji<\/td><td>Kompatybilny z MTL \/ DTL<\/td><\/tr><tr><td>Funkcja higieny<\/td><td>Nasadka ustnika zapobiegaj\u0105ca osadzaniu si\u0119 kurzu<\/td><\/tr><\/tbody><\/table><\/figure>\n\n\n\n<h2 class=\"wp-block-heading\">Kluczowe cechy<\/h2>\n\n\n\n<ul class=\"wp-block-list\">\n<li><strong>Rozszerzone u\u017cycie<\/strong><br>Du\u017ca liczba zaci\u0105gni\u0119\u0107 w po\u0142\u0105czeniu z du\u017c\u0105 pojemno\u015bci\u0105 e-liquidu zmniejsza potrzeb\u0119 cz\u0119stej wymiany.<\/li>\n\n\n\n<li><strong>Wiele opcji nikotyny<\/strong><br>Dost\u0119pne w czterech mocach nikotyny, aby dostosowa\u0107 si\u0119 do r\u00f3\u017cnych preferencji u\u017cytkownik\u00f3w.<\/li>\n\n\n\n<li><strong>Technologia cewki siatkowej<\/strong><br>Siatkowa cewka 0,5\u03a9 zapewnia sta\u0142\u0105 wydajno\u015b\u0107 pary i stabilne dostarczanie aromatu.<\/li>\n\n\n\n<li><strong>Regulowany przep\u0142yw powietrza<\/strong><br>Obs\u0142uguje zar\u00f3wno waporyzacj\u0119 z ust do p\u0142uc (MTL), jak i bezpo\u015brednio do p\u0142uc (DTL).<\/li>\n\n\n\n<li><strong>Zintegrowany wy\u015bwietlacz<\/strong><br>Animowany ekran pokazuje pozosta\u0142y poziom na\u0142adowania baterii i liczb\u0119 zaci\u0105gni\u0119\u0107 dla lepszej \u015bwiadomo\u015bci u\u017cytkowania.<\/li>\n\n\n\n<li><strong>Konstrukcja wielokrotnego \u0142adowania<\/strong><br>Akumulator o pojemno\u015bci 650 mAh z funkcj\u0105 \u0142adowania typu C umo\u017cliwia ci\u0105g\u0142e u\u017cytkowanie a\u017c do wyczerpania e-liquidu.<\/li>\n\n\n\n<li><strong>Projektowanie zorientowane na higien\u0119<\/strong><br>Nak\u0142adka przeciwpy\u0142owa pomaga utrzyma\u0107 ustnik w czysto\u015bci podczas przechowywania i transportu.<\/li>\n<\/ul>\n\n\n\n<h2 class=\"wp-block-heading\">Dost\u0119pne smaki (10 opcji)<\/h2>\n\n\n\n<ul class=\"wp-block-list\">\n<li>L\u00f3d truskawkowy<\/li>\n\n\n\n<li>L\u00f3d bananowy<\/li>\n\n\n\n<li>Love 777<\/li>\n\n\n\n<li>Mango Ice<\/li>\n\n\n\n<li>R\u00f3\u017cowa Lemoniada<\/li>\n\n\n\n<li>Arbuz truskawkowy<\/li>\n\n\n\n<li>L\u00f3d truskawkowo-malinowy<\/li>\n\n\n\n<li>L\u00f3d jagodowy<\/li>\n\n\n\n<li>Arbuzowy l\u00f3d<\/li>\n\n\n\n<li>Jagody mieszane<\/li>\n<\/ul>\n\n\n\n<h2 class=\"wp-block-heading\">Powi\u0105zane produkty i alternatywy<\/h2>\n\n\n\n<p>Je\u015bli szukasz innych urz\u0105dze\u0144 Zooy, mo\u017cesz r\u00f3wnie\u017c rozwa\u017cy\u0107 nasze <strong><a href=\"https:\/\/vapemaison.com\/brand\/zooy\/\">Kolekcja jednorazowych vape Zooy<\/a><\/strong>, kt\u00f3ra obejmuje modele o r\u00f3\u017cnej wydajno\u015bci i konfiguracji.<br>W przypadku alternatyw o wy\u017cszej wydajno\u015bci, <strong><a href=\"https:\/\/vapemaison.com\/product\/zooy-zero-45k-puff\/\">ZOOY ZERO 45000<\/a><\/strong> oraz <strong><a href=\"https:\/\/vapemaison.com\/product\/puff-zooy-flyer-35000-disposable-vape-wholesale\/\">Puff Zooy Flyer 35K<\/a><\/strong> oferuj\u0105 wi\u0119ksz\u0105 liczb\u0119 puff\u00f3w i rozszerzony wyb\u00f3r smak\u00f3w.<br>Mo\u017cesz r\u00f3wnie\u017c przegl\u0105da\u0107 nasze <strong>kategoria jednorazowych urz\u0105dze\u0144 vape<\/strong> do por\u00f3wnywania produkt\u00f3w r\u00f3\u017cnych marek i specyfikacji.<\/p>\n\n\n\n<p><\/p>","protected":false},"excerpt":{"rendered":"<p>The ZOOY SHISHA 25K is a high-capacity disposable vape designed for extended use and stable performance. With a large e-liquid reservoir, multiple nicotine strengths, and adjustable airflow, it supports both MTL and DTL vaping styles while maintaining consistent flavor output throughout its lifespan. Equipped with a mesh coil and an animated display, the device allows [&hellip;]<\/p>\n","protected":false},"featured_media":15004,"comment_status":"open","ping_status":"closed","template":"","meta":[],"product_brand":[170],"product_cat":[138],"product_tag":[],"class_list":{"0":"post-14988","1":"product","2":"type-product","3":"status-publish","4":"has-post-thumbnail","6":"product_brand-zooy","7":"product_cat-70k-puffs","9":"first","10":"instock","11":"sale","12":"shipping-taxable","13":"purchasable","14":"product-type-variable"},"yoast_head":"<!-- This site is optimized with the Yoast SEO plugin v27.4 - https:\/\/yoast.com\/product\/yoast-seo-wordpress\/ -->\n<title>ZOOY SHISHA 25K Disposable Vape \u2013 25k Puff<\/title>\n<meta name=\"description\" content=\"Discover the ZOOY SHISHA 25K Disposable Vape with up to 25k puff, and multiple nicotine options. Rechargeable with Type-C and available in 10 flavors.\" \/>\n<meta name=\"robots\" content=\"index, follow, max-snippet:-1, max-image-preview:large, max-video-preview:-1\" \/>\n<link rel=\"canonical\" href=\"https:\/\/vapemaison.com\/pl\/produkt\/zooy-trlple-70000-70k-puffs\/\" \/>\n<meta property=\"og:locale\" content=\"pl_PL\" \/>\n<meta property=\"og:type\" content=\"article\" \/>\n<meta property=\"og:title\" content=\"ZOOY SHISHA 25K Disposable Vape \u2013 25k Puff\" \/>\n<meta property=\"og:description\" content=\"Discover the ZOOY SHISHA 25K Disposable Vape with up to 25k puff, and multiple nicotine options. Rechargeable with Type-C and available in 10 flavors.\" \/>\n<meta property=\"og:url\" content=\"https:\/\/vapemaison.com\/pl\/produkt\/zooy-trlple-70000-70k-puffs\/\" \/>\n<meta property=\"og:site_name\" content=\"VapeMaison\" \/>\n<meta property=\"article:modified_time\" content=\"2026-01-22T03:49:46+00:00\" \/>\n<meta property=\"og:image\" content=\"https:\/\/vapemaison.com\/wp-content\/uploads\/2025\/11\/zooy-shisha-25k-blueberry-ice-scaled.webp\" \/>\n\t<meta property=\"og:image:width\" content=\"1920\" \/>\n\t<meta property=\"og:image:height\" content=\"1920\" \/>\n\t<meta property=\"og:image:type\" content=\"image\/webp\" \/>\n<meta name=\"twitter:card\" content=\"summary_large_image\" \/>\n<meta name=\"twitter:label1\" content=\"Szacowany czas czytania\" \/>\n\t<meta name=\"twitter:data1\" content=\"2 minuty\" \/>\n<!-- \/ Yoast SEO plugin. -->","yoast_head_json":{"title":"Vape jednorazowe ZOOY SHISHA 25K - 25 tys. puff\u00f3w","description":"Odkryj jednorazowy waporyzator ZOOY SHISHA 25K z maksymalnie 25 tysi\u0105cami zaci\u0105gni\u0119\u0107 i wieloma opcjami nikotynowymi. Mo\u017cliwo\u015b\u0107 \u0142adowania za pomoc\u0105 Type-C i dost\u0119pny w 10 smakach.","robots":{"index":"index","follow":"follow","max-snippet":"max-snippet:-1","max-image-preview":"max-image-preview:large","max-video-preview":"max-video-preview:-1"},"canonical":"https:\/\/vapemaison.com\/pl\/produkt\/zooy-trlple-70000-70k-puffs\/","og_locale":"pl_PL","og_type":"article","og_title":"ZOOY SHISHA 25K Disposable Vape \u2013 25k Puff","og_description":"Discover the ZOOY SHISHA 25K Disposable Vape with up to 25k puff, and multiple nicotine options. Rechargeable with Type-C and available in 10 flavors.","og_url":"https:\/\/vapemaison.com\/pl\/produkt\/zooy-trlple-70000-70k-puffs\/","og_site_name":"VapeMaison","article_modified_time":"2026-01-22T03:49:46+00:00","og_image":[{"width":1920,"height":1920,"url":"https:\/\/vapemaison.com\/wp-content\/uploads\/2025\/11\/zooy-shisha-25k-blueberry-ice-scaled.webp","type":"image\/webp"}],"twitter_card":"summary_large_image","twitter_misc":{"Szacowany czas czytania":"2 minuty"},"schema":{"@context":"https:\/\/schema.org","@graph":[{"@type":"WebPage","@id":"https:\/\/vapemaison.com\/product\/zooy-trlple-70000-70k-puffs\/","url":"https:\/\/vapemaison.com\/product\/zooy-trlple-70000-70k-puffs\/","name":"Vape jednorazowe ZOOY SHISHA 25K - 25 tys. puff\u00f3w","isPartOf":{"@id":"https:\/\/vapemaison.com\/#website"},"primaryImageOfPage":{"@id":"https:\/\/vapemaison.com\/product\/zooy-trlple-70000-70k-puffs\/#primaryimage"},"image":{"@id":"https:\/\/vapemaison.com\/product\/zooy-trlple-70000-70k-puffs\/#primaryimage"},"thumbnailUrl":"https:\/\/vapemaison.com\/wp-content\/uploads\/2025\/11\/zooy-shisha-25k-blueberry-ice-scaled.webp","datePublished":"2025-11-26T03:50:41+00:00","dateModified":"2026-01-22T03:49:46+00:00","description":"Odkryj jednorazowy waporyzator ZOOY SHISHA 25K z maksymalnie 25 tysi\u0105cami zaci\u0105gni\u0119\u0107 i wieloma opcjami nikotynowymi. Mo\u017cliwo\u015b\u0107 \u0142adowania za pomoc\u0105 Type-C i dost\u0119pny w 10 smakach.","breadcrumb":{"@id":"https:\/\/vapemaison.com\/product\/zooy-trlple-70000-70k-puffs\/#breadcrumb"},"inLanguage":"pl-PL","potentialAction":[{"@type":"ReadAction","target":["https:\/\/vapemaison.com\/product\/zooy-trlple-70000-70k-puffs\/"]}]},{"@type":"ImageObject","inLanguage":"pl-PL","@id":"https:\/\/vapemaison.com\/product\/zooy-trlple-70000-70k-puffs\/#primaryimage","url":"https:\/\/vapemaison.com\/wp-content\/uploads\/2025\/11\/zooy-shisha-25k-blueberry-ice-scaled.webp","contentUrl":"https:\/\/vapemaison.com\/wp-content\/uploads\/2025\/11\/zooy-shisha-25k-blueberry-ice-scaled.webp","width":1920,"height":1920,"caption":"Zooy Shisha 25k Blueberry Ice Scaled Disposable Vape Device"},{"@type":"BreadcrumbList","@id":"https:\/\/vapemaison.com\/product\/zooy-trlple-70000-70k-puffs\/#breadcrumb","itemListElement":[{"@type":"ListItem","position":1,"name":"\u9996\u9875","item":"https:\/\/vapemaison.com\/"},{"@type":"ListItem","position":2,"name":"Shop","item":"https:\/\/vapemaison.com\/shop\/"},{"@type":"ListItem","position":3,"name":"Zooy","item":"https:\/\/vapemaison.com\/brand\/zooy\/"},{"@type":"ListItem","position":4,"name":"ZOOY SHISHA 25K Puffs Disposable Vape"}]},{"@type":"WebSite","@id":"https:\/\/vapemaison.com\/#website","url":"https:\/\/vapemaison.com\/","name":"VapeMaison","description":"Wysokiej jako\u015bci urz\u0105dzenia i akcesoria do waporyzacji","publisher":{"@id":"https:\/\/vapemaison.com\/#organization"},"potentialAction":[{"@type":"SearchAction","target":{"@type":"EntryPoint","urlTemplate":"https:\/\/vapemaison.com\/?s={search_term_string}"},"query-input":{"@type":"PropertyValueSpecification","valueRequired":true,"valueName":"search_term_string"}}],"inLanguage":"pl-PL"},{"@type":"Organization","@id":"https:\/\/vapemaison.com\/#organization","name":"VapeMaison","url":"https:\/\/vapemaison.com\/","logo":{"@type":"ImageObject","inLanguage":"pl-PL","@id":"https:\/\/vapemaison.com\/#\/schema\/logo\/image\/","url":"https:\/\/vapemaison.com\/wp-content\/uploads\/2026\/01\/cropped-vapemaison-logo-g-2026.webp","contentUrl":"https:\/\/vapemaison.com\/wp-content\/uploads\/2026\/01\/cropped-vapemaison-logo-g-2026.webp","width":350,"height":280,"caption":"VapeMaison"},"image":{"@id":"https:\/\/vapemaison.com\/#\/schema\/logo\/image\/"},"sameAs":["https:\/\/www.youtube.com\/@VapeMaison"]}]}},"tiered_pricing_type":"fixed","tiered_pricing_fixed_rules":{"30":"10.99","50":"10.49","100":"9.52","200":"8.88"},"tiered_pricing_product_settings":{"layout":"default","base_unit_name":{"singular":null,"plural":null},"default_variation":null},"tiered_pricing_minimum_quantity":10,"tiered_pricing_roles_data":[],"tiered_pricing_percentage_rules":[],"tiered_pricing_maximum_quantity":null,"tiered_pricing_quantity_step":"10","_links":{"self":[{"href":"https:\/\/vapemaison.com\/pl\/wp-json\/wp\/v2\/product\/14988","targetHints":{"allow":["GET"]}}],"collection":[{"href":"https:\/\/vapemaison.com\/pl\/wp-json\/wp\/v2\/product"}],"about":[{"href":"https:\/\/vapemaison.com\/pl\/wp-json\/wp\/v2\/types\/product"}],"replies":[{"embeddable":true,"href":"https:\/\/vapemaison.com\/pl\/wp-json\/wp\/v2\/comments?post=14988"}],"version-history":[{"count":2,"href":"https:\/\/vapemaison.com\/pl\/wp-json\/wp\/v2\/product\/14988\/revisions"}],"predecessor-version":[{"id":26169,"href":"https:\/\/vapemaison.com\/pl\/wp-json\/wp\/v2\/product\/14988\/revisions\/26169"}],"wp:featuredmedia":[{"embeddable":true,"href":"https:\/\/vapemaison.com\/pl\/wp-json\/wp\/v2\/media\/15004"}],"wp:attachment":[{"href":"https:\/\/vapemaison.com\/pl\/wp-json\/wp\/v2\/media?parent=14988"}],"wp:term":[{"taxonomy":"product_brand","embeddable":true,"href":"https:\/\/vapemaison.com\/pl\/wp-json\/wp\/v2\/product_brand?post=14988"},{"taxonomy":"product_cat","embeddable":true,"href":"https:\/\/vapemaison.com\/pl\/wp-json\/wp\/v2\/product_cat?post=14988"},{"taxonomy":"product_tag","embeddable":true,"href":"https:\/\/vapemaison.com\/pl\/wp-json\/wp\/v2\/product_tag?post=14988"}],"curies":[{"name":"wp","href":"https:\/\/api.w.org\/{rel}","templated":true}]}}