

{"id":14990,"date":"2025-11-26T06:20:26","date_gmt":"2025-11-26T06:20:26","guid":{"rendered":"https:\/\/vapemaison.com\/?post_type=product&#038;p=14990"},"modified":"2026-01-22T03:51:23","modified_gmt":"2026-01-22T03:51:23","slug":"zooy-zero-45k-puff","status":"publish","type":"product","link":"https:\/\/vapemaison.com\/pl\/product\/zooy-zero-45k-puff\/","title":{"rendered":"ZOOY ZERO 45k Puff - inteligentna, regulowana waporyzacja przysz\u0142o\u015bci"},"content":{"rendered":"<p>Do\u015bwiadcz personalizacji na wy\u017cszym poziomie dzi\u0119ki <strong>ZOOY ZERO 45000 Puffs<\/strong>, prze\u0142omowy jednorazowy waporyzator zaprojektowany z my\u015bl\u0105 o pe\u0142nej kontroli, bogatym smaku i d\u0142ugotrwa\u0142ej wydajno\u015bci. Z wydajno\u015bci\u0105 do <strong>45 000 zaci\u0105gni\u0119\u0107<\/strong>, Podw\u00f3jne cewki siatkowe, regulowana nikotyna i inteligentny ekran LED - ka\u017cdy szczeg\u00f3\u0142 zosta\u0142 zaprojektowany z my\u015bl\u0105 o idealnym stylu waporyzacji.<\/p>\n\n\n\n<h2 class=\"wp-block-heading\"><strong>Dlaczego pokochasz ZOOY ZERO 45000<\/strong><\/h2>\n\n\n\n<p><strong>Regulacja poziomu nikotyny i ch\u0142odzenia (NIC&amp;ICE Control)<\/strong><\/p>\n\n\n\n<p>Dostosuj zar\u00f3wno moc nikotyny, jak i intensywno\u015b\u0107 ch\u0142odzenia. Ciesz si\u0119 p\u0142ynniejszym, bardziej spersonalizowanym uderzeniem - niezale\u017cnie od tego, czy wolisz lekkie zaci\u0105ganie si\u0119, czy mocniejsze uczucie w gardle.<\/p>\n\n\n\n<p><strong>Idealny do waporyzacji MTL i DTL<\/strong><\/p>\n\n\n\n<p>Bez wysi\u0142ku prze\u0142\u0105czaj si\u0119 mi\u0119dzy stylami Mouth-to-Lung i Direct-to-Lung.<br>The <strong>regulowany system przep\u0142ywu powietrza<\/strong> pozwala kontrolowa\u0107 op\u00f3r rysowania, aby uzyska\u0107 dok\u0142adnie takie wra\u017cenia, jakich oczekujesz.<\/p>\n\n\n\n<p><strong>Cewka z podw\u00f3jn\u0105 siatk\u0105 dla doskona\u0142ego smaku<\/strong><\/p>\n\n\n\n<p>Wyposa\u017cony w <strong>Podw\u00f3jne cewki siatkowe 0,6\u03a9 + 1,5\u03a9<\/strong>, dostarczaj\u0105c:<\/p>\n\n\n\n<ul class=\"wp-block-list\">\n<li>Szybsze nagrzewanie<\/li>\n\n\n\n<li>Bogatszy smak<\/li>\n\n\n\n<li>Wi\u0119ksze, g\u0142adsze chmury<\/li>\n<\/ul>\n\n\n\n<p><strong>Inteligentny wy\u015bwietlacz LED<\/strong><\/p>\n\n\n\n<p>B\u0105d\u017a w pe\u0142ni poinformowany dzi\u0119ki danym w czasie rzeczywistym:<\/p>\n\n\n\n<ul class=\"wp-block-list\">\n<li>Liczba dmuchni\u0119\u0107<\/li>\n\n\n\n<li>Poziom na\u0142adowania baterii<\/li>\n\n\n\n<li>Status e-liquidu<\/li>\n<\/ul>\n\n\n\n<p>Nigdy wi\u0119cej nie zgadniesz, ile jeszcze zosta\u0142o.<\/p>\n\n\n\n<p><strong>Moc, kt\u00f3ra trwa d\u0142u\u017cej<\/strong><\/p>\n\n\n\n<p>A <strong>Akumulator o pojemno\u015bci 1000 mAh<\/strong> w po\u0142\u0105czeniu z <strong>Szybkie \u0142adowanie typu C<\/strong> zapewnia d\u0142u\u017csze wapowanie i szybsze \u0142adowanie.<\/p>\n\n\n\n<h2 class=\"wp-block-heading\"><strong>Kluczowe cechy<\/strong><\/h2>\n\n\n\n<ul class=\"wp-block-list\">\n<li><strong>Do 45 000 zaci\u0105gni\u0119\u0107<\/strong> - Bardzo d\u0142uga \u017cywotno\u015b\u0107<\/li>\n\n\n\n<li><strong>Regulowane poziomy nikotyny<\/strong> - Kontroluj swoj\u0105 si\u0142\u0119<\/li>\n\n\n\n<li><strong>Kontrola NIC&amp;ICE<\/strong> - Dostosuj ch\u0142odzenie + nikotyna<\/li>\n\n\n\n<li><strong>Regulowany przep\u0142yw powietrza<\/strong> - MTL lub DTL, do wyboru<\/li>\n\n\n\n<li><strong>Podw\u00f3jna cewka siatkowa 0,6\u03a9 + 1,5\u03a9<\/strong> - Zoptymalizowany smak + para<\/li>\n\n\n\n<li><strong>Inteligentny ekran LED<\/strong> - Wska\u017aniki na\u0142adowania baterii, dmuchania i soku<\/li>\n\n\n\n<li><strong>Akumulator 1000 mAh<\/strong><\/li>\n\n\n\n<li><strong>Szybkie \u0142adowanie typu C<\/strong><\/li>\n\n\n\n<li><strong>10 opcji smakowych premium<\/strong><\/li>\n<\/ul>\n\n\n\n<h2 class=\"wp-block-heading\"><strong>Dost\u0119pne smaki<\/strong><\/h2>\n\n\n\n<ul class=\"wp-block-list\">\n<li>Arbuzowy l\u00f3d<\/li>\n\n\n\n<li>L\u00f3d jagodowy<\/li>\n\n\n\n<li>Arbuz truskawkowy<\/li>\n\n\n\n<li>Lemon Cola<\/li>\n\n\n\n<li>Truskawka Kiwi<\/li>\n\n\n\n<li>Jab\u0142ko winogronowe<\/li>\n\n\n\n<li>Strawberry Orange Pop<\/li>\n\n\n\n<li>Blue Razz Ice<\/li>\n\n\n\n<li>Arbuz jagodowy<\/li>\n\n\n\n<li>Mango Passion Guava<\/li>\n<\/ul>\n\n\n\n<h2 class=\"wp-block-heading\"><strong>ZOOY ZERO 45000 - Zbudowany dla Vaper\u00f3w, kt\u00f3rzy chc\u0105 mie\u0107 kontrol\u0119<\/strong><\/h2>\n\n\n\n<p>Niezale\u017cnie od tego, czy szukasz mocniejszych uderze\u0144, g\u0142adszego smaku, czy pe\u0142nej personalizacji, ZOOY ZERO 45000 zapewnia narz\u0119dzia do stworzenia idealnej sesji. Zaprojektowane z my\u015bl\u0105 o wydajno\u015bci, zaprojektowane z my\u015bl\u0105 o wygodzie i wyposa\u017cone w inteligentne funkcje - to urz\u0105dzenie reprezentuje przysz\u0142o\u015b\u0107 wysokiej klasy jednorazowych waporyzator\u00f3w.<\/p>\n\n\n\n<p>Je\u015bli interesuje Ci\u0119 wi\u0119cej informacji od <strong>Zooy<\/strong>, sprawd\u017a nasze pe\u0142ne <strong><a href=\"https:\/\/vapemaison.com\/shop\/\">Kolekcja jednorazowych vape Zooy<\/a><\/strong> aby pozna\u0107 inne modele z r\u00f3\u017cn\u0105 liczb\u0105 puff\u00f3w i smakami. W przypadku podobnych opcji <strong><a href=\"https:\/\/vapemaison.com\/product\/zooy-trlple-70000-70k-puffs\/\">ZOOY SHISHA 25K<\/a><\/strong> oraz <strong><a href=\"https:\/\/vapemaison.com\/product\/puff-zooy-flyer-35000-disposable-vape-wholesale\/\"><strong><a href=\"https:\/\/vapemaison.com\/wp-admin\/post.php?post=25580&amp;action=edit\">Puff Zooy Flyer 35k<\/a><\/strong><\/a><\/strong> to popularne alternatywy o wyd\u0142u\u017conej \u017cywotno\u015bci baterii i zr\u00f3\u017cnicowanym wyborze smak\u00f3w. Mo\u017cesz r\u00f3wnie\u017c przejrze\u0107 nasz\u0105 og\u00f3ln\u0105 ofert\u0119 <strong><a href=\"https:\/\/vapemaison.com\/\">jednorazowe urz\u0105dzenia vape<\/a><\/strong> aby por\u00f3wna\u0107 inne marki i znale\u017a\u0107 najlepiej dopasowan\u0105 do swoich potrzeb.<\/p>\n\n\n\n<p><\/p>","protected":false},"excerpt":{"rendered":"<p>Experience next-level personalization with the ZOOY ZERO 45000 Puffs, a breakthrough disposable vape engineered for full control, rich flavor, and long-lasting performance. With up to 45,000 puffs, dual mesh coils, adjustable nicotine, and a smart LED screen, every detail is designed around your perfect vaping style. Why You\u2019ll Love the ZOOY ZERO 45000 Adjustable Nicotine [&hellip;]<\/p>\n","protected":false},"featured_media":15057,"comment_status":"open","ping_status":"closed","template":"","meta":[],"product_brand":[170],"product_cat":[156],"product_tag":[],"class_list":{"0":"post-14990","1":"product","2":"type-product","3":"status-publish","4":"has-post-thumbnail","6":"product_brand-zooy","7":"product_cat-45k-puffs","9":"first","10":"instock","11":"sale","12":"shipping-taxable","13":"purchasable","14":"product-type-variable"},"yoast_head":"<!-- This site is optimized with the Yoast SEO plugin v27.4 - https:\/\/yoast.com\/product\/yoast-seo-wordpress\/ -->\n<title>ZOOY ZERO 45k Puff \u2013 Smart Adjustable Vaping for the Future - VapeMaison<\/title>\n<meta name=\"robots\" content=\"index, follow, max-snippet:-1, max-image-preview:large, max-video-preview:-1\" \/>\n<link rel=\"canonical\" href=\"https:\/\/vapemaison.com\/pl\/produkt\/zooy-zero-45k-puff\/\" \/>\n<meta property=\"og:locale\" content=\"pl_PL\" \/>\n<meta property=\"og:type\" content=\"article\" \/>\n<meta property=\"og:title\" content=\"ZOOY ZERO 45k Puff \u2013 Smart Adjustable Vaping for the Future - VapeMaison\" \/>\n<meta property=\"og:description\" content=\"Experience next-level personalization with the ZOOY ZERO 45000 Puffs, a breakthrough disposable vape engineered for full control, rich flavor, and long-lasting performance. With up to 45,000 puffs, dual mesh coils, adjustable nicotine, and a smart LED screen, every detail is designed around your perfect vaping style. Why You\u2019ll Love the ZOOY ZERO 45000 Adjustable Nicotine [&hellip;]\" \/>\n<meta property=\"og:url\" content=\"https:\/\/vapemaison.com\/pl\/produkt\/zooy-zero-45k-puff\/\" \/>\n<meta property=\"og:site_name\" content=\"VapeMaison\" \/>\n<meta property=\"article:modified_time\" content=\"2026-01-22T03:51:23+00:00\" \/>\n<meta property=\"og:image\" content=\"https:\/\/vapemaison.com\/wp-content\/uploads\/2025\/11\/vapemaison-zooy-zero-45000-45k-puffs-main-picture.webp\" \/>\n\t<meta property=\"og:image:width\" content=\"800\" \/>\n\t<meta property=\"og:image:height\" content=\"800\" \/>\n\t<meta property=\"og:image:type\" content=\"image\/webp\" \/>\n<meta name=\"twitter:card\" content=\"summary_large_image\" \/>\n<meta name=\"twitter:label1\" content=\"Szacowany czas czytania\" \/>\n\t<meta name=\"twitter:data1\" content=\"2 minuty\" \/>\n<!-- \/ Yoast SEO plugin. -->","yoast_head_json":{"title":"ZOOY ZERO 45k Puff - inteligentna, regulowana waporyzacja przysz\u0142o\u015bci - VapeMaison","robots":{"index":"index","follow":"follow","max-snippet":"max-snippet:-1","max-image-preview":"max-image-preview:large","max-video-preview":"max-video-preview:-1"},"canonical":"https:\/\/vapemaison.com\/pl\/produkt\/zooy-zero-45k-puff\/","og_locale":"pl_PL","og_type":"article","og_title":"ZOOY ZERO 45k Puff \u2013 Smart Adjustable Vaping for the Future - VapeMaison","og_description":"Experience next-level personalization with the ZOOY ZERO 45000 Puffs, a breakthrough disposable vape engineered for full control, rich flavor, and long-lasting performance. With up to 45,000 puffs, dual mesh coils, adjustable nicotine, and a smart LED screen, every detail is designed around your perfect vaping style. Why You\u2019ll Love the ZOOY ZERO 45000 Adjustable Nicotine [&hellip;]","og_url":"https:\/\/vapemaison.com\/pl\/produkt\/zooy-zero-45k-puff\/","og_site_name":"VapeMaison","article_modified_time":"2026-01-22T03:51:23+00:00","og_image":[{"width":800,"height":800,"url":"https:\/\/vapemaison.com\/wp-content\/uploads\/2025\/11\/vapemaison-zooy-zero-45000-45k-puffs-main-picture.webp","type":"image\/webp"}],"twitter_card":"summary_large_image","twitter_misc":{"Szacowany czas czytania":"2 minuty"},"schema":{"@context":"https:\/\/schema.org","@graph":[{"@type":"WebPage","@id":"https:\/\/vapemaison.com\/product\/zooy-zero-45k-puff\/","url":"https:\/\/vapemaison.com\/product\/zooy-zero-45k-puff\/","name":"ZOOY ZERO 45k Puff - inteligentna, regulowana waporyzacja przysz\u0142o\u015bci - VapeMaison","isPartOf":{"@id":"https:\/\/vapemaison.com\/#website"},"primaryImageOfPage":{"@id":"https:\/\/vapemaison.com\/product\/zooy-zero-45k-puff\/#primaryimage"},"image":{"@id":"https:\/\/vapemaison.com\/product\/zooy-zero-45k-puff\/#primaryimage"},"thumbnailUrl":"https:\/\/vapemaison.com\/wp-content\/uploads\/2025\/11\/vapemaison-zooy-zero-45000-45k-puffs-main-picture.webp","datePublished":"2025-11-26T06:20:26+00:00","dateModified":"2026-01-22T03:51:23+00:00","breadcrumb":{"@id":"https:\/\/vapemaison.com\/product\/zooy-zero-45k-puff\/#breadcrumb"},"inLanguage":"pl-PL","potentialAction":[{"@type":"ReadAction","target":["https:\/\/vapemaison.com\/product\/zooy-zero-45k-puff\/"]}]},{"@type":"ImageObject","inLanguage":"pl-PL","@id":"https:\/\/vapemaison.com\/product\/zooy-zero-45k-puff\/#primaryimage","url":"https:\/\/vapemaison.com\/wp-content\/uploads\/2025\/11\/vapemaison-zooy-zero-45000-45k-puffs-main-picture.webp","contentUrl":"https:\/\/vapemaison.com\/wp-content\/uploads\/2025\/11\/vapemaison-zooy-zero-45000-45k-puffs-main-picture.webp","width":800,"height":800,"caption":"Vapemaison Zooy Zero 45k Puffs Main Picture"},{"@type":"BreadcrumbList","@id":"https:\/\/vapemaison.com\/product\/zooy-zero-45k-puff\/#breadcrumb","itemListElement":[{"@type":"ListItem","position":1,"name":"\u9996\u9875","item":"https:\/\/vapemaison.com\/"},{"@type":"ListItem","position":2,"name":"Shop","item":"https:\/\/vapemaison.com\/shop\/"},{"@type":"ListItem","position":3,"name":"Zooy","item":"https:\/\/vapemaison.com\/brand\/zooy\/"},{"@type":"ListItem","position":4,"name":"ZOOY ZERO 45k Puff \u2013 Smart Adjustable Vaping for the Future"}]},{"@type":"WebSite","@id":"https:\/\/vapemaison.com\/#website","url":"https:\/\/vapemaison.com\/","name":"VapeMaison","description":"Wysokiej jako\u015bci urz\u0105dzenia i akcesoria do waporyzacji","publisher":{"@id":"https:\/\/vapemaison.com\/#organization"},"potentialAction":[{"@type":"SearchAction","target":{"@type":"EntryPoint","urlTemplate":"https:\/\/vapemaison.com\/?s={search_term_string}"},"query-input":{"@type":"PropertyValueSpecification","valueRequired":true,"valueName":"search_term_string"}}],"inLanguage":"pl-PL"},{"@type":"Organization","@id":"https:\/\/vapemaison.com\/#organization","name":"VapeMaison","url":"https:\/\/vapemaison.com\/","logo":{"@type":"ImageObject","inLanguage":"pl-PL","@id":"https:\/\/vapemaison.com\/#\/schema\/logo\/image\/","url":"https:\/\/vapemaison.com\/wp-content\/uploads\/2026\/01\/cropped-vapemaison-logo-g-2026.webp","contentUrl":"https:\/\/vapemaison.com\/wp-content\/uploads\/2026\/01\/cropped-vapemaison-logo-g-2026.webp","width":350,"height":280,"caption":"VapeMaison"},"image":{"@id":"https:\/\/vapemaison.com\/#\/schema\/logo\/image\/"},"sameAs":["https:\/\/www.youtube.com\/@VapeMaison"]}]}},"tiered_pricing_type":"fixed","tiered_pricing_fixed_rules":{"30":"10.99","50":"9.98","100":"8.88","200":"7.98"},"tiered_pricing_product_settings":{"layout":"default","base_unit_name":{"singular":null,"plural":null},"default_variation":null},"tiered_pricing_minimum_quantity":10,"tiered_pricing_roles_data":[],"tiered_pricing_percentage_rules":[],"tiered_pricing_maximum_quantity":null,"tiered_pricing_quantity_step":"10","_links":{"self":[{"href":"https:\/\/vapemaison.com\/pl\/wp-json\/wp\/v2\/product\/14990","targetHints":{"allow":["GET"]}}],"collection":[{"href":"https:\/\/vapemaison.com\/pl\/wp-json\/wp\/v2\/product"}],"about":[{"href":"https:\/\/vapemaison.com\/pl\/wp-json\/wp\/v2\/types\/product"}],"replies":[{"embeddable":true,"href":"https:\/\/vapemaison.com\/pl\/wp-json\/wp\/v2\/comments?post=14990"}],"version-history":[{"count":2,"href":"https:\/\/vapemaison.com\/pl\/wp-json\/wp\/v2\/product\/14990\/revisions"}],"predecessor-version":[{"id":26171,"href":"https:\/\/vapemaison.com\/pl\/wp-json\/wp\/v2\/product\/14990\/revisions\/26171"}],"wp:featuredmedia":[{"embeddable":true,"href":"https:\/\/vapemaison.com\/pl\/wp-json\/wp\/v2\/media\/15057"}],"wp:attachment":[{"href":"https:\/\/vapemaison.com\/pl\/wp-json\/wp\/v2\/media?parent=14990"}],"wp:term":[{"taxonomy":"product_brand","embeddable":true,"href":"https:\/\/vapemaison.com\/pl\/wp-json\/wp\/v2\/product_brand?post=14990"},{"taxonomy":"product_cat","embeddable":true,"href":"https:\/\/vapemaison.com\/pl\/wp-json\/wp\/v2\/product_cat?post=14990"},{"taxonomy":"product_tag","embeddable":true,"href":"https:\/\/vapemaison.com\/pl\/wp-json\/wp\/v2\/product_tag?post=14990"}],"curies":[{"name":"wp","href":"https:\/\/api.w.org\/{rel}","templated":true}]}}