

{"id":15093,"date":"2025-11-26T07:06:44","date_gmt":"2025-11-26T07:06:44","guid":{"rendered":"https:\/\/vapemaison.com\/?post_type=product&#038;p=15093"},"modified":"2026-02-27T09:43:35","modified_gmt":"2026-02-27T09:43:35","slug":"fumot-digital-box-12000-puffs-kaufen-deutschland","status":"publish","type":"product","link":"https:\/\/vapemaison.com\/pl\/product\/fumot-digital-box-12000-puffs-kaufen-deutschland\/","title":{"rendered":"Fumot Digital Box 12000 Puffs | Fumot 12000 Kaufen Deutschland"},"content":{"rendered":"<p>Ciesz si\u0119 p\u0142ynn\u0105, sp\u00f3jn\u0105 i d\u0142ugotrwa\u0142\u0105 waporyzacj\u0105 dzi\u0119ki <strong>Fumot Digital Box 12000<\/strong>, Elegancki jednorazowy akumulator zaprojektowany z my\u015bl\u0105 o wygodzie, wydajno\u015bci i bogatym smaku.<\/p>\n\n\n\n<h2 class=\"wp-block-heading\"><strong>Inteligentny wy\u015bwietlacz cyfrowy<\/strong><\/h2>\n\n\n\n<p>B\u0105d\u017a zawsze na bie\u017c\u0105co dzi\u0119ki wbudowanemu ekranowi:<\/p>\n\n\n\n<ul class=\"wp-block-list\">\n<li><strong>Poziom na\u0142adowania baterii<\/strong><\/li>\n\n\n\n<li><strong>Poziom e-cieczy<\/strong><\/li>\n<\/ul>\n\n\n\n<p>Koniec ze zgadywaniem. Zawsze wiesz, kiedy nale\u017cy na\u0142adowa\u0107 akumulator i ile p\u0142ynu pozosta\u0142o.<\/p>\n\n\n\n<h2 class=\"wp-block-heading\"><strong>Do 12 tys. zaci\u0105gni\u0119\u0107<\/strong><\/h2>\n\n\n\n<p>Du\u017cy <strong>Wst\u0119pnie nape\u0142niony zbiornik 20 ml<\/strong> zapewnia d\u0142ugotrwa\u0142e u\u017cytkowanie:<\/p>\n\n\n\n<ul class=\"wp-block-list\">\n<li>Zapewnia do <strong>12 000 zaci\u0105gni\u0119\u0107<\/strong><\/li>\n\n\n\n<li>Dost\u0119pne w <strong>Nikotyna 2% lub 5%<\/strong><\/li>\n\n\n\n<li>Sta\u0142y smak od pocz\u0105tku do ko\u0144ca<\/li>\n<\/ul>\n\n\n\n<p>Idealny do codziennego u\u017cytku, podr\u00f3\u017cy lub d\u0142ugich przerw.<\/p>\n\n\n\n<h2 class=\"wp-block-heading\"><strong>Bogate doznania smakowe<\/strong><\/h2>\n\n\n\n<p>Ciesz si\u0119 16 najwy\u017cszej jako\u015bci smakami stworzonymi z my\u015bl\u0105 o g\u0142adkiej parze i wyrazistym smaku.<\/p>\n\n\n\n<ul class=\"wp-block-list\">\n<li><strong>Cewka o oczkach 0,9\u03a9<\/strong> dla r\u00f3wnomiernego podgrzewania i mocnego smaku<br>Odkryj owocowe, lodowe, kremowe i mieszane mieszanki, aby dopasowa\u0107 je do swoich preferencji.<\/li>\n<\/ul>\n\n\n\n<h2 class=\"wp-block-heading\"><strong>Szybkie \u0142adowanie typu C<\/strong><\/h2>\n\n\n\n<p>Wyposa\u017cony w <strong>Akumulator 850 mAh<\/strong>:<\/p>\n\n\n\n<ul class=\"wp-block-list\">\n<li>Szybkie \u0142adowanie typu C<\/li>\n\n\n\n<li>Szybkie uruchomienie z minimalnym czasem przestoju<\/li>\n<\/ul>\n\n\n\n<p>Zawsze gotowy, gdy go potrzebujesz.<\/p>\n\n\n\n<h2 class=\"wp-block-heading\"><strong>Elegancka i przeno\u015bna konstrukcja<\/strong><\/h2>\n\n\n\n<p>Nowoczesny, kompaktowy i \u0142atwy do przenoszenia:<\/p>\n\n\n\n<ul class=\"wp-block-list\">\n<li>Lekko\u015b\u0107 i ergonomia<\/li>\n\n\n\n<li>Stylowe wyko\u0144czenie<\/li>\n\n\n\n<li>Mo\u017cliwo\u015b\u0107 \u0142adowania i wielokrotnego u\u017cytku w celu zmniejszenia ilo\u015bci odpad\u00f3w<\/li>\n<\/ul>\n\n\n\n<h2 class=\"wp-block-heading\"><strong>Dlaczego warto wybra\u0107 Fumot Digital Box 12000<\/strong>?<\/h2>\n\n\n\n<ul class=\"wp-block-list\">\n<li>D\u0142ugotrwa\u0142y <strong>12 000 zaci\u0105gni\u0119\u0107<\/strong><\/li>\n\n\n\n<li>Inteligentna bateria cyfrowa i wy\u015bwietlacz ciek\u0142y<\/li>\n\n\n\n<li>Bogaty smak + wydajno\u015b\u0107 cewki siatkowej<\/li>\n\n\n\n<li>Szybkie \u0142adowanie typu C<\/li>\n\n\n\n<li>Idealny zar\u00f3wno dla pocz\u0105tkuj\u0105cych, jak i do\u015bwiadczonych vaper\u00f3w<\/li>\n<\/ul>\n\n\n\n<p>Niezale\u017cnie od tego, czy jeste\u015b w domu, w biurze, czy w podr\u00f3\u017cy. <strong><a href=\"https:\/\/vapemaison.com\/product-category\/hot-series\/fumot-12k\/\">Fumot RandM Digital Box 12000<\/a><\/strong> wyznacza nowy standard dla jednorazowych waporyzator\u00f3w wielokrotnego \u0142adowania, zapewniaj\u0105c styl, wygod\u0119 i niezr\u00f3wnane doznania smakowe.<\/p>","protected":false},"excerpt":{"rendered":"<p>Fumot RandM Digital Box 12000 Puffs<\/p>","protected":false},"featured_media":7840,"comment_status":"open","ping_status":"closed","template":"","meta":[],"product_brand":[58],"product_cat":[154,294],"product_tag":[],"class_list":{"0":"post-15093","1":"product","2":"type-product","3":"status-publish","4":"has-post-thumbnail","6":"product_brand-fumot","7":"product_cat-12k-puffs","8":"product_cat-no-nicotine-vape","10":"first","11":"instock","12":"sale","13":"shipping-taxable","14":"purchasable","15":"product-type-simple"},"yoast_head":"<!-- This site is optimized with the Yoast SEO plugin v27.4 - https:\/\/yoast.com\/product\/yoast-seo-wordpress\/ -->\n<title>Fumot Digital Box 12000\u00a0Puffs - Rechargeable vape<\/title>\n<meta name=\"description\" content=\"Fumot Digital Box 12000 \u2014 a rechargeable disposable vape with rich flavor, and smooth performance for every vaping lover.\" \/>\n<meta name=\"robots\" content=\"index, follow, max-snippet:-1, max-image-preview:large, max-video-preview:-1\" \/>\n<link rel=\"canonical\" href=\"https:\/\/vapemaison.com\/pl\/produkt\/fumot-digital-box-12000-puffs-kaufen-deutschland\/\" \/>\n<meta property=\"og:locale\" content=\"pl_PL\" \/>\n<meta property=\"og:type\" content=\"article\" \/>\n<meta property=\"og:title\" content=\"Fumot Digital Box 12000\u00a0Puffs - Rechargeable vape\" \/>\n<meta property=\"og:description\" content=\"Fumot Digital Box 12000 \u2014 a rechargeable disposable vape with rich flavor, and smooth performance for every vaping lover.\" \/>\n<meta property=\"og:url\" content=\"https:\/\/vapemaison.com\/pl\/produkt\/fumot-digital-box-12000-puffs-kaufen-deutschland\/\" \/>\n<meta property=\"og:site_name\" content=\"VapeMaison\" \/>\n<meta property=\"article:modified_time\" content=\"2026-02-27T09:43:35+00:00\" \/>\n<meta property=\"og:image\" content=\"https:\/\/vapemaison.com\/wp-content\/uploads\/2025\/10\/Fumot-Digital-Box-12k-Disposable-Vape-1.jpg\" \/>\n\t<meta property=\"og:image:width\" content=\"1500\" \/>\n\t<meta property=\"og:image:height\" content=\"1500\" \/>\n\t<meta property=\"og:image:type\" content=\"image\/jpeg\" \/>\n<meta name=\"twitter:card\" content=\"summary_large_image\" \/>\n<meta name=\"twitter:label1\" content=\"Szacowany czas czytania\" \/>\n\t<meta name=\"twitter:data1\" content=\"2 minuty\" \/>\n<!-- \/ Yoast SEO plugin. -->","yoast_head_json":{"title":"Fumot Digital Box 12000 Puffs - vape z mo\u017cliwo\u015bci\u0105 \u0142adowania","description":"Fumot Digital Box 12000 - jednorazowy waporyzator wielokrotnego \u0142adowania o bogatym smaku i p\u0142ynnej wydajno\u015bci dla ka\u017cdego mi\u0142o\u015bnika waporyzacji.","robots":{"index":"index","follow":"follow","max-snippet":"max-snippet:-1","max-image-preview":"max-image-preview:large","max-video-preview":"max-video-preview:-1"},"canonical":"https:\/\/vapemaison.com\/pl\/produkt\/fumot-digital-box-12000-puffs-kaufen-deutschland\/","og_locale":"pl_PL","og_type":"article","og_title":"Fumot Digital Box 12000\u00a0Puffs - Rechargeable vape","og_description":"Fumot Digital Box 12000 \u2014 a rechargeable disposable vape with rich flavor, and smooth performance for every vaping lover.","og_url":"https:\/\/vapemaison.com\/pl\/produkt\/fumot-digital-box-12000-puffs-kaufen-deutschland\/","og_site_name":"VapeMaison","article_modified_time":"2026-02-27T09:43:35+00:00","og_image":[{"width":1500,"height":1500,"url":"https:\/\/vapemaison.com\/wp-content\/uploads\/2025\/10\/Fumot-Digital-Box-12k-Disposable-Vape-1.jpg","type":"image\/jpeg"}],"twitter_card":"summary_large_image","twitter_misc":{"Szacowany czas czytania":"2 minuty"},"schema":{"@context":"https:\/\/schema.org","@graph":[{"@type":"WebPage","@id":"https:\/\/vapemaison.com\/product\/fumot-digital-box-12000-puffs-kaufen-deutschland\/","url":"https:\/\/vapemaison.com\/product\/fumot-digital-box-12000-puffs-kaufen-deutschland\/","name":"Fumot Digital Box 12000 Puffs - vape z mo\u017cliwo\u015bci\u0105 \u0142adowania","isPartOf":{"@id":"https:\/\/vapemaison.com\/#website"},"primaryImageOfPage":{"@id":"https:\/\/vapemaison.com\/product\/fumot-digital-box-12000-puffs-kaufen-deutschland\/#primaryimage"},"image":{"@id":"https:\/\/vapemaison.com\/product\/fumot-digital-box-12000-puffs-kaufen-deutschland\/#primaryimage"},"thumbnailUrl":"https:\/\/vapemaison.com\/wp-content\/uploads\/2025\/10\/Fumot-Digital-Box-12k-Disposable-Vape-1.jpg","datePublished":"2025-11-26T07:06:44+00:00","dateModified":"2026-02-27T09:43:35+00:00","description":"Fumot Digital Box 12000 - jednorazowy waporyzator wielokrotnego \u0142adowania o bogatym smaku i p\u0142ynnej wydajno\u015bci dla ka\u017cdego mi\u0142o\u015bnika waporyzacji.","breadcrumb":{"@id":"https:\/\/vapemaison.com\/product\/fumot-digital-box-12000-puffs-kaufen-deutschland\/#breadcrumb"},"inLanguage":"pl-PL","potentialAction":[{"@type":"ReadAction","target":["https:\/\/vapemaison.com\/product\/fumot-digital-box-12000-puffs-kaufen-deutschland\/"]}]},{"@type":"ImageObject","inLanguage":"pl-PL","@id":"https:\/\/vapemaison.com\/product\/fumot-digital-box-12000-puffs-kaufen-deutschland\/#primaryimage","url":"https:\/\/vapemaison.com\/wp-content\/uploads\/2025\/10\/Fumot-Digital-Box-12k-Disposable-Vape-1.jpg","contentUrl":"https:\/\/vapemaison.com\/wp-content\/uploads\/2025\/10\/Fumot-Digital-Box-12k-Disposable-Vape-1.jpg","width":1500,"height":1500,"caption":"Fumot Digital Box 12k Disposable Vape"},{"@type":"BreadcrumbList","@id":"https:\/\/vapemaison.com\/product\/fumot-digital-box-12000-puffs-kaufen-deutschland\/#breadcrumb","itemListElement":[{"@type":"ListItem","position":1,"name":"\u9996\u9875","item":"https:\/\/vapemaison.com\/"},{"@type":"ListItem","position":2,"name":"Shop","item":"https:\/\/vapemaison.com\/shop\/"},{"@type":"ListItem","position":3,"name":"Fumot","item":"https:\/\/vapemaison.com\/brand\/fumot\/"},{"@type":"ListItem","position":4,"name":"Fumot Digital Box 12000\u00a0Puffs | Fumot 12000 Kaufen Deutschland"}]},{"@type":"WebSite","@id":"https:\/\/vapemaison.com\/#website","url":"https:\/\/vapemaison.com\/","name":"VapeMaison","description":"Wysokiej jako\u015bci urz\u0105dzenia i akcesoria do waporyzacji","publisher":{"@id":"https:\/\/vapemaison.com\/#organization"},"potentialAction":[{"@type":"SearchAction","target":{"@type":"EntryPoint","urlTemplate":"https:\/\/vapemaison.com\/?s={search_term_string}"},"query-input":{"@type":"PropertyValueSpecification","valueRequired":true,"valueName":"search_term_string"}}],"inLanguage":"pl-PL"},{"@type":"Organization","@id":"https:\/\/vapemaison.com\/#organization","name":"VapeMaison","url":"https:\/\/vapemaison.com\/","logo":{"@type":"ImageObject","inLanguage":"pl-PL","@id":"https:\/\/vapemaison.com\/#\/schema\/logo\/image\/","url":"https:\/\/vapemaison.com\/wp-content\/uploads\/2026\/01\/cropped-vapemaison-logo-g-2026.webp","contentUrl":"https:\/\/vapemaison.com\/wp-content\/uploads\/2026\/01\/cropped-vapemaison-logo-g-2026.webp","width":350,"height":280,"caption":"VapeMaison"},"image":{"@id":"https:\/\/vapemaison.com\/#\/schema\/logo\/image\/"},"sameAs":["https:\/\/www.youtube.com\/@VapeMaison"]}]}},"tiered_pricing_type":"fixed","tiered_pricing_fixed_rules":{"30":"12.56","50":"10.78","100":"8.55","200":"7.98"},"tiered_pricing_product_settings":{"layout":"default","base_unit_name":{"singular":null,"plural":null},"default_variation":null},"tiered_pricing_minimum_quantity":10,"tiered_pricing_roles_data":[],"tiered_pricing_percentage_rules":[],"tiered_pricing_maximum_quantity":null,"tiered_pricing_quantity_step":"10","_links":{"self":[{"href":"https:\/\/vapemaison.com\/pl\/wp-json\/wp\/v2\/product\/15093","targetHints":{"allow":["GET"]}}],"collection":[{"href":"https:\/\/vapemaison.com\/pl\/wp-json\/wp\/v2\/product"}],"about":[{"href":"https:\/\/vapemaison.com\/pl\/wp-json\/wp\/v2\/types\/product"}],"replies":[{"embeddable":true,"href":"https:\/\/vapemaison.com\/pl\/wp-json\/wp\/v2\/comments?post=15093"}],"version-history":[{"count":1,"href":"https:\/\/vapemaison.com\/pl\/wp-json\/wp\/v2\/product\/15093\/revisions"}],"predecessor-version":[{"id":26650,"href":"https:\/\/vapemaison.com\/pl\/wp-json\/wp\/v2\/product\/15093\/revisions\/26650"}],"wp:featuredmedia":[{"embeddable":true,"href":"https:\/\/vapemaison.com\/pl\/wp-json\/wp\/v2\/media\/7840"}],"wp:attachment":[{"href":"https:\/\/vapemaison.com\/pl\/wp-json\/wp\/v2\/media?parent=15093"}],"wp:term":[{"taxonomy":"product_brand","embeddable":true,"href":"https:\/\/vapemaison.com\/pl\/wp-json\/wp\/v2\/product_brand?post=15093"},{"taxonomy":"product_cat","embeddable":true,"href":"https:\/\/vapemaison.com\/pl\/wp-json\/wp\/v2\/product_cat?post=15093"},{"taxonomy":"product_tag","embeddable":true,"href":"https:\/\/vapemaison.com\/pl\/wp-json\/wp\/v2\/product_tag?post=15093"}],"curies":[{"name":"wp","href":"https:\/\/api.w.org\/{rel}","templated":true}]}}