

{"id":15227,"date":"2025-11-27T07:15:09","date_gmt":"2025-11-27T07:15:09","guid":{"rendered":"https:\/\/vapemaison.com\/?post_type=product&#038;p=15227"},"modified":"2026-05-14T03:28:32","modified_gmt":"2026-05-14T03:28:32","slug":"etui-na-telefon-humo-triple-berry-jednorazowe-vape","status":"publish","type":"product","link":"https:\/\/vapemaison.com\/pl\/product\/humo-case-triple-berry-phone-case-disposable-vape\/","title":{"rendered":"Humo Case Vape - jednorazowe etui na telefon Vape"},"content":{"rendered":"<p>Humo Case Triple Berry To co\u015b wi\u0119cej ni\u017c tylko urz\u0105dzenie, to innowacja - to <strong>prawdziwe etui na telefon, kt\u00f3re mo\u017ce s\u0142u\u017cy\u0107 jako \u0142adowalny vape<\/strong>.No\u015b go wsz\u0119dzie, ciesz si\u0119 waporyzacj\u0105 w dowolnym momencie i miej wolne r\u0119ce bez dodatkowego obci\u0105\u017cenia.<\/p>\n\n\n\n<h3 class=\"wp-block-heading\"><strong>Orze\u017awiaj\u0105cy smak, niezapomniane doznania<\/strong><\/h3>\n\n\n\n<p>Humo Case Vape Triple Berry \u0142\u0105czy w sobie idealne trio truskawek, jag\u00f3d i malin. Ka\u017cde zaci\u0105gni\u0119cie si\u0119 soczyst\u0105 s\u0142odycz\u0105, po kt\u00f3rej nast\u0119puje g\u0142adkie i lekko pikantne wyko\u0144czenie, kt\u00f3re sprawia, \u017ce wracasz po wi\u0119cej. To symfonia smaku stworzona dla mi\u0142o\u015bnik\u00f3w jag\u00f3d.<\/p>\n\n\n\n<h3 class=\"wp-block-heading\"><strong>Dlaczego warto wybra\u0107 Humo Case Vape Triple Berry?<\/strong><\/h3>\n\n\n\n<p>Prawdziwe etui na telefon + integracja vape - pierwsze w swoim rodzaju<br>Bezszwowy smak dzi\u0119ki najnowocze\u015bniejszej technologii cewek<br>Elegancka i przyjazna w podr\u00f3\u017cy konstrukcja<br>Szczelno\u015b\u0107 i mo\u017cliwo\u015b\u0107 \u0142adowania przez USB-C<br>Idealny dla u\u017cytkownik\u00f3w kieruj\u0105cych si\u0119 stylem, kt\u00f3rzy lubi\u0105 si\u0119 wyr\u00f3\u017cnia\u0107<\/p>\n\n\n\n<h3 class=\"wp-block-heading\"><strong>Do\u015bwiadczenie smaku<\/strong><\/h3>\n\n\n\n<p>Wdech rozpoczyna si\u0119 s\u0142odycz\u0105 dojrza\u0142ej truskawki, po kt\u00f3rej nast\u0119puje odwa\u017cna g\u0142\u0119bia bor\u00f3wki i pikantny malinowy akcent na wydechu. Zr\u00f3wnowa\u017cony, owocowy i g\u0142adki - Triple Berry to ca\u0142odzienny vape z odpowiedni\u0105 nut\u0105 ch\u0142odu.<\/p>\n\n\n\n<h3 class=\"wp-block-heading\"><strong>Projektowanie i innowacje<\/strong><\/h3>\n\n\n\n<p>Unikalne etui na telefon - dyskretne, przeno\u015bne i praktyczne<\/p>\n\n\n\n<p>Ergonomiczna struktura, kt\u00f3ra naturalnie pasuje do codziennych niezb\u0119dnych rzeczy<\/p>\n\n\n\n<p>P\u0142ynny system przep\u0142ywu powietrza dla sp\u00f3jnego dostarczania smaku<\/p>\n\n\n\n<p>Idealny dla tych, kt\u00f3rzy pragn\u0105 energetyzuj\u0105cych, orze\u017awiaj\u0105cych dozna\u0144 podczas waporyzacji.<\/p>\n\n\n\n<h3 class=\"wp-block-heading\"><strong>Specyfikacje<\/strong>s<\/h3>\n\n\n\n<figure class=\"wp-block-table\"><table class=\"has-fixed-layout\"><thead><tr><th>Cecha<\/th><th>Opis<\/th><\/tr><\/thead><tbody><tr><td><strong>Smak<\/strong><\/td><td>Triple Berry<\/td><\/tr><tr><td><strong>Puff Count<\/strong><\/td><td>30,000<\/td><\/tr><tr><td><strong>Odporno\u015b\u0107<\/strong><\/td><td>1.2\u03a9<\/td><\/tr><tr><td><strong>Pojemno\u015b\u0107 e-liquidu<\/strong><\/td><td>20 ml<\/td><\/tr><tr><td><strong>Si\u0142a nikotyny<\/strong><\/td><td>5%<\/td><\/tr><\/tbody><\/table><\/figure>\n\n\n\n<h3 class=\"wp-block-heading\"><strong>Bezpiecze\u0144stwo i wy\u0142\u0105czenie odpowiedzialno\u015bci<\/strong><\/h3>\n\n\n\n<p>Wy\u0142\u0105cznie do u\u017cytku przez osoby doros\u0142e (21+). Przechowywa\u0107 poza zasi\u0119giem dzieci i zwierz\u0105t domowych.<br>Produkt ten zawiera nikotyn\u0119, kt\u00f3ra jest uzale\u017cniaj\u0105c\u0105 substancj\u0105 chemiczn\u0105.<br>Produkt nie jest przeznaczony do sprzeda\u017cy nieletnim.<\/p>\n\n\n\n<p>Poznaj najnowsze innowacje w dziedzinie przeno\u015bnej waporyzacji na stronie <a href=\"https:\/\/vapemaison.com\/\">VapeMaison<\/a>, gdzie wygoda \u0142\u0105czy si\u0119 ze stylem. Sprawd\u017a pe\u0142n\u0105 gam\u0119 naszych produkt\u00f3w na stronie <a href=\"https:\/\/vapemaison.com\/shop\/\">Sklep<\/a> strona, w tym popularne <strong>Humo Case<\/strong> przez <a href=\"https:\/\/vapemaison.com\/brand\/humocase\/\"><\/a><a href=\"https:\/\/vapemaison.com\/brand\/humocase\/\">Humocase<\/a>, to idealne po\u0142\u0105czenie eleganckiego wzornictwa i p\u0142ynnej waporyzacji. Niezale\u017cnie od tego, czy szukasz inteligentnych towarzyszy na co dzie\u0144, czy pomys\u0142\u00f3w na prezent, znajdziesz co\u015b, co pasuje do Twojego stylu \u017cycia.<\/p>","protected":false},"excerpt":{"rendered":"<p data-start=\"132\" data-end=\"389\">Zaprojektowany specjalnie dla <strong data-start=\"158\" data-end=\"171\">iPhone <\/strong>, <strong data-start=\"173\" data-end=\"185\">HumoCase<\/strong> pozwala chroni\u0107 telefon i cieszy\u0107 si\u0119 p\u0142ynn\u0105 waporyzacj\u0105 w jednym eleganckim etui z mo\u017cliwo\u015bci\u0105 \u0142adowania. \u017badnych dodatkowych urz\u0105dze\u0144, \u017cadnych dodatkowych rozmiar\u00f3w - po prostu czyste, wygodne rozwi\u0105zanie na co dzie\u0144, kt\u00f3re naturalnie pasuje do Twojej rutyny.<\/p>\n<p data-start=\"396\" data-end=\"503\">Je\u015bli cenisz sobie wygod\u0119, inteligentny design i niezawodne dzia\u0142anie, HumoCase jest \u0142atwym wyborem do codziennego u\u017cytku.<\/p>","protected":false},"featured_media":15332,"comment_status":"open","ping_status":"closed","template":"","meta":[],"product_brand":[163],"product_cat":[134],"product_tag":[],"class_list":{"0":"post-15227","1":"product","2":"type-product","3":"status-publish","4":"has-post-thumbnail","6":"product_brand-humocase","7":"product_cat-30k-puffs","9":"first","10":"instock","11":"sale","12":"shipping-taxable","13":"purchasable","14":"product-type-variable"},"yoast_head":"<!-- This site is optimized with the Yoast SEO plugin v27.4 - https:\/\/yoast.com\/product\/yoast-seo-wordpress\/ -->\n<title>Humo Case Vape Triple Berry \u2013 Phone Case Disposable Vape<\/title>\n<meta name=\"description\" content=\"Experience the bold fusion of strawberry, blueberry, and raspberry with Humo Case Vape Triple Berry . This flavor redefines what portable vaping can be.\" \/>\n<meta name=\"robots\" content=\"index, follow, max-snippet:-1, max-image-preview:large, max-video-preview:-1\" \/>\n<link rel=\"canonical\" href=\"https:\/\/vapemaison.com\/pl\/produkt\/etui-na-telefon-humo-triple-berry-jednorazowe-vape\/\" \/>\n<meta property=\"og:locale\" content=\"pl_PL\" \/>\n<meta property=\"og:type\" content=\"article\" \/>\n<meta property=\"og:title\" content=\"Humo Case Vape Triple Berry \u2013 Phone Case Disposable Vape\" \/>\n<meta property=\"og:description\" content=\"Experience the bold fusion of strawberry, blueberry, and raspberry with Humo Case Vape Triple Berry . This flavor redefines what portable vaping can be.\" \/>\n<meta property=\"og:url\" content=\"https:\/\/vapemaison.com\/pl\/produkt\/etui-na-telefon-humo-triple-berry-jednorazowe-vape\/\" \/>\n<meta property=\"og:site_name\" content=\"VapeMaison\" \/>\n<meta property=\"article:modified_time\" content=\"2026-05-14T03:28:32+00:00\" \/>\n<meta property=\"og:image\" content=\"https:\/\/vapemaison.com\/wp-content\/uploads\/2025\/11\/homecase-display-5-flavor-picture.jpg\" \/>\n\t<meta property=\"og:image:width\" content=\"1147\" \/>\n\t<meta property=\"og:image:height\" content=\"1453\" \/>\n\t<meta property=\"og:image:type\" content=\"image\/jpeg\" \/>\n<meta name=\"twitter:card\" content=\"summary_large_image\" \/>\n<meta name=\"twitter:label1\" content=\"Szacowany czas czytania\" \/>\n\t<meta name=\"twitter:data1\" content=\"2 minuty\" \/>\n<!-- \/ Yoast SEO plugin. -->","yoast_head_json":{"title":"Humo Case Vape Triple Berry - jednorazowe etui na telefon Vape","description":"Do\u015bwiadcz odwa\u017cnego po\u0142\u0105czenia truskawki, jagody i maliny z Humo Case Vape Triple Berry. Ten smak na nowo definiuje, czym mo\u017ce by\u0107 przeno\u015bna waporyzacja.","robots":{"index":"index","follow":"follow","max-snippet":"max-snippet:-1","max-image-preview":"max-image-preview:large","max-video-preview":"max-video-preview:-1"},"canonical":"https:\/\/vapemaison.com\/pl\/produkt\/etui-na-telefon-humo-triple-berry-jednorazowe-vape\/","og_locale":"pl_PL","og_type":"article","og_title":"Humo Case Vape Triple Berry \u2013 Phone Case Disposable Vape","og_description":"Experience the bold fusion of strawberry, blueberry, and raspberry with Humo Case Vape Triple Berry . This flavor redefines what portable vaping can be.","og_url":"https:\/\/vapemaison.com\/pl\/produkt\/etui-na-telefon-humo-triple-berry-jednorazowe-vape\/","og_site_name":"VapeMaison","article_modified_time":"2026-05-14T03:28:32+00:00","og_image":[{"width":1147,"height":1453,"url":"https:\/\/vapemaison.com\/wp-content\/uploads\/2025\/11\/homecase-display-5-flavor-picture.jpg","type":"image\/jpeg"}],"twitter_card":"summary_large_image","twitter_misc":{"Szacowany czas czytania":"2 minuty"},"schema":{"@context":"https:\/\/schema.org","@graph":[{"@type":"WebPage","@id":"https:\/\/vapemaison.com\/product\/humo-case-triple-berry-phone-case-disposable-vape\/","url":"https:\/\/vapemaison.com\/product\/humo-case-triple-berry-phone-case-disposable-vape\/","name":"Humo Case Vape Triple Berry - jednorazowe etui na telefon Vape","isPartOf":{"@id":"https:\/\/vapemaison.com\/#website"},"primaryImageOfPage":{"@id":"https:\/\/vapemaison.com\/product\/humo-case-triple-berry-phone-case-disposable-vape\/#primaryimage"},"image":{"@id":"https:\/\/vapemaison.com\/product\/humo-case-triple-berry-phone-case-disposable-vape\/#primaryimage"},"thumbnailUrl":"https:\/\/vapemaison.com\/wp-content\/uploads\/2025\/11\/homecase-display-5-flavor-picture.jpg","datePublished":"2025-11-27T07:15:09+00:00","dateModified":"2026-05-14T03:28:32+00:00","description":"Do\u015bwiadcz odwa\u017cnego po\u0142\u0105czenia truskawki, jagody i maliny z Humo Case Vape Triple Berry. Ten smak na nowo definiuje, czym mo\u017ce by\u0107 przeno\u015bna waporyzacja.","breadcrumb":{"@id":"https:\/\/vapemaison.com\/product\/humo-case-triple-berry-phone-case-disposable-vape\/#breadcrumb"},"inLanguage":"pl-PL","potentialAction":[{"@type":"ReadAction","target":["https:\/\/vapemaison.com\/product\/humo-case-triple-berry-phone-case-disposable-vape\/"]}]},{"@type":"ImageObject","inLanguage":"pl-PL","@id":"https:\/\/vapemaison.com\/product\/humo-case-triple-berry-phone-case-disposable-vape\/#primaryimage","url":"https:\/\/vapemaison.com\/wp-content\/uploads\/2025\/11\/homecase-display-5-flavor-picture.jpg","contentUrl":"https:\/\/vapemaison.com\/wp-content\/uploads\/2025\/11\/homecase-display-5-flavor-picture.jpg","width":1147,"height":1453,"caption":"Homecase Display 5 Flavor Picture"},{"@type":"BreadcrumbList","@id":"https:\/\/vapemaison.com\/product\/humo-case-triple-berry-phone-case-disposable-vape\/#breadcrumb","itemListElement":[{"@type":"ListItem","position":1,"name":"\u9996\u9875","item":"https:\/\/vapemaison.com\/"},{"@type":"ListItem","position":2,"name":"Shop","item":"https:\/\/vapemaison.com\/shop\/"},{"@type":"ListItem","position":3,"name":"HumoCase","item":"https:\/\/vapemaison.com\/brand\/humocase\/"},{"@type":"ListItem","position":4,"name":"Humo Case Vape \u2013 Phone Case Disposable Vape"}]},{"@type":"WebSite","@id":"https:\/\/vapemaison.com\/#website","url":"https:\/\/vapemaison.com\/","name":"VapeMaison","description":"Wysokiej jako\u015bci urz\u0105dzenia i akcesoria do waporyzacji","publisher":{"@id":"https:\/\/vapemaison.com\/#organization"},"potentialAction":[{"@type":"SearchAction","target":{"@type":"EntryPoint","urlTemplate":"https:\/\/vapemaison.com\/?s={search_term_string}"},"query-input":{"@type":"PropertyValueSpecification","valueRequired":true,"valueName":"search_term_string"}}],"inLanguage":"pl-PL"},{"@type":"Organization","@id":"https:\/\/vapemaison.com\/#organization","name":"VapeMaison","url":"https:\/\/vapemaison.com\/","logo":{"@type":"ImageObject","inLanguage":"pl-PL","@id":"https:\/\/vapemaison.com\/#\/schema\/logo\/image\/","url":"https:\/\/vapemaison.com\/wp-content\/uploads\/2026\/01\/cropped-vapemaison-logo-g-2026.webp","contentUrl":"https:\/\/vapemaison.com\/wp-content\/uploads\/2026\/01\/cropped-vapemaison-logo-g-2026.webp","width":350,"height":280,"caption":"VapeMaison"},"image":{"@id":"https:\/\/vapemaison.com\/#\/schema\/logo\/image\/"},"sameAs":["https:\/\/www.youtube.com\/@VapeMaison"]}]}},"tiered_pricing_type":"fixed","tiered_pricing_fixed_rules":{"30":"9.78","50":"8.44","100":"7.86","200":"6.25"},"tiered_pricing_product_settings":{"layout":"default","base_unit_name":{"singular":null,"plural":null},"default_variation":null},"tiered_pricing_minimum_quantity":5,"tiered_pricing_roles_data":[],"tiered_pricing_percentage_rules":[],"tiered_pricing_maximum_quantity":null,"tiered_pricing_quantity_step":"5","_links":{"self":[{"href":"https:\/\/vapemaison.com\/pl\/wp-json\/wp\/v2\/product\/15227","targetHints":{"allow":["GET"]}}],"collection":[{"href":"https:\/\/vapemaison.com\/pl\/wp-json\/wp\/v2\/product"}],"about":[{"href":"https:\/\/vapemaison.com\/pl\/wp-json\/wp\/v2\/types\/product"}],"replies":[{"embeddable":true,"href":"https:\/\/vapemaison.com\/pl\/wp-json\/wp\/v2\/comments?post=15227"}],"version-history":[{"count":1,"href":"https:\/\/vapemaison.com\/pl\/wp-json\/wp\/v2\/product\/15227\/revisions"}],"predecessor-version":[{"id":30316,"href":"https:\/\/vapemaison.com\/pl\/wp-json\/wp\/v2\/product\/15227\/revisions\/30316"}],"wp:featuredmedia":[{"embeddable":true,"href":"https:\/\/vapemaison.com\/pl\/wp-json\/wp\/v2\/media\/15332"}],"wp:attachment":[{"href":"https:\/\/vapemaison.com\/pl\/wp-json\/wp\/v2\/media?parent=15227"}],"wp:term":[{"taxonomy":"product_brand","embeddable":true,"href":"https:\/\/vapemaison.com\/pl\/wp-json\/wp\/v2\/product_brand?post=15227"},{"taxonomy":"product_cat","embeddable":true,"href":"https:\/\/vapemaison.com\/pl\/wp-json\/wp\/v2\/product_cat?post=15227"},{"taxonomy":"product_tag","embeddable":true,"href":"https:\/\/vapemaison.com\/pl\/wp-json\/wp\/v2\/product_tag?post=15227"}],"curies":[{"name":"wp","href":"https:\/\/api.w.org\/{rel}","templated":true}]}}