

{"id":15646,"date":"2025-12-03T06:35:15","date_gmt":"2025-12-03T06:35:15","guid":{"rendered":"https:\/\/vapemaison.com\/?post_type=product&#038;p=15646"},"modified":"2026-03-11T06:04:19","modified_gmt":"2026-03-11T06:04:19","slug":"bang-king-85000-jednorazowy-vape-85k-puff","status":"publish","type":"product","link":"https:\/\/vapemaison.com\/pl\/product\/bang-king-85000-disposable-vape-85k-puff\/","title":{"rendered":"Bang King 85000 Jednorazowy Vape | 85k Puff"},"content":{"rendered":"<p>The <strong>Bang King 85k<\/strong> jest przeznaczony dla waper\u00f3w, kt\u00f3rzy chc\u0105 zar\u00f3wno wytrzyma\u0142o\u015bci, jak i elastyczno\u015bci smaku w jednym urz\u0105dzeniu premium. Zapewnia <strong>do 85 tys. puff<\/strong>, oferuj\u0105c d\u0142ugotrwa\u0142\u0105 wydajno\u015b\u0107, kt\u00f3ra pozostaje niezmienna od pierwszego do ostatniego zaci\u0105gni\u0119cia. <strong>Ponadto<\/strong>, System trzech smak\u00f3w daje u\u017cytkownikom swobod\u0119 korzystania z r\u00f3\u017cnorodno\u015bci bez konieczno\u015bci noszenia ze sob\u0105 wielu urz\u0105dze\u0144.<\/p>\n\n\n\n<h2 class=\"wp-block-heading\"><strong>System potr\u00f3jnego aromatu<\/strong><\/h2>\n\n\n\n<p>To urz\u0105dzenie jest wyposa\u017cone w <strong>system prze\u0142\u0105czania trzech smak\u00f3w<\/strong>, zasilany przez <strong>3 \u00d7 str\u0105ki 21 ml (\u0142\u0105cznie 63 ml)<\/strong> e-liquidu. <strong>Wystarczy nacisn\u0105\u0107 suwak lub przycisk<\/strong>, U\u017cytkownicy mog\u0105 natychmiast prze\u0142\u0105cza\u0107 smaki. <strong>W rezultacie<\/strong>, Staje si\u0119 wi\u0119c idealnym wyborem dla tych, kt\u00f3rzy lubi\u0105 zmienia\u0107 smaki w ci\u0105gu dnia.<\/p>\n\n\n\n<h2 class=\"wp-block-heading\"><strong>Wydajno\u015b\u0107 i technologia<\/strong><\/h2>\n\n\n\n<p>Bang King 85000 \u0142\u0105czy w sobie <strong>Akumulator o pojemno\u015bci 600 mAh<\/strong> z <strong>Potr\u00f3jne cewki o oczkach 1,0\u03a9<\/strong> aby zapewni\u0107 p\u0142ynn\u0105 par\u0119, stabiln\u0105 moc wyj\u015bciow\u0105 i dok\u0142adne dostarczanie smaku.<br><strong>Ponadto<\/strong>, zintegrowany <strong>Wy\u015bwietlacz LCD<\/strong> wy\u015bwietla w czasie rzeczywistym informacje takie jak \u017cywotno\u015b\u0107 baterii, liczba zaci\u0105gni\u0119\u0107 i poziom aromatu, daj\u0105c u\u017cytkownikom pe\u0142n\u0105 kontrol\u0119 podczas ka\u017cdej sesji.<\/p>\n\n\n\n<h2 class=\"wp-block-heading\"><strong>Opcje nikotyny i \u0142adowania<\/strong><\/h2>\n\n\n\n<p>Dost\u0119pne w <strong>Moc nikotyny 2% \/ 3% \/ 5%<\/strong>, Urz\u0105dzenie zaspokaja szeroki zakres preferencji.<br>Ponadto, <strong>Szybkie \u0142adowanie typu C<\/strong> minimalizuje przestoje, umo\u017cliwiaj\u0105c u\u017cytkownikom szybkie \u0142adowanie i kontynuowanie waporyzacji bez przerw.<\/p>\n\n\n\n<h2 class=\"wp-block-heading\"><strong>Dlaczego warto wybra\u0107 Bang King <strong>85k puff<\/strong><\/strong><\/h2>\n\n\n\n<p>Og\u00f3lnie rzecz bior\u0105c, Bang King 85000 wyr\u00f3\u017cnia si\u0119 jako <strong>urz\u0105dzenie o du\u017cej pojemno\u015bci, konfigurowalne i bogate w smaki<\/strong> Zaprojektowany dla vaper\u00f3w, kt\u00f3rzy chc\u0105 maksymalnej wydajno\u015bci w eleganckim, przeno\u015bnym formacie.<\/p>\n\n\n\n<h2 class=\"wp-block-heading\"><strong>Specyfikacje<\/strong><\/h2>\n\n\n\n<figure class=\"wp-block-table\"><table class=\"has-fixed-layout\"><thead><tr><th><strong>Specyfikacja<\/strong><\/th><th><strong>Szczeg\u00f3\u0142y<\/strong><\/th><\/tr><\/thead><tbody><tr><td><strong>Puffy<\/strong><\/td><td>Do 85 000 zaci\u0105gni\u0119\u0107<\/td><\/tr><tr><td><strong>Si\u0142a nikotyny<\/strong><\/td><td>2% \/ 3% \/ 5%<\/td><\/tr><tr><td><strong>Smaki<\/strong><\/td><td>3 regulowane smaki<\/td><\/tr><tr><td><strong>Pojemno\u015b\u0107 E-Liquid<\/strong><\/td><td>21 ml \u00d7 3 (\u0142\u0105cznie 63 ml)<\/td><\/tr><tr><td><strong>Bateria<\/strong><\/td><td>Akumulator 600 mAh<\/td><\/tr><tr><td><strong>Typ cewki<\/strong><\/td><td>Potr\u00f3jna siatka 1,0\u03a9 \u00d7 3<\/td><\/tr><tr><td><strong>Wy\u015bwietlacz<\/strong><\/td><td>Ekran LCD<\/td><\/tr><tr><td><strong>\u0141adowanie<\/strong><\/td><td>Szybkie \u0142adowanie typu C<\/td><\/tr><tr><td><strong>Opakowanie<\/strong><\/td><td>10 sztuk\/opakowanie<\/td><\/tr><tr><td><strong>Opcje smakowe<\/strong><\/td><td>16 Wybory<\/td><\/tr><\/tbody><\/table><\/figure>\n\n\n\n<h2 class=\"wp-block-heading\"><strong>Dost\u0119pne kombinacje smak\u00f3w<\/strong><\/h2>\n\n\n\n<ul class=\"wp-block-list\">\n<li>Arbuz &amp; Red Bull &amp; Truskawka Kiwi<\/li>\n\n\n\n<li>Lemon Lime &amp; Strawberry Watermelon &amp; Blueberry Ice<\/li>\n\n\n\n<li>Truskawka Banan &amp; Malina Arbuz &amp; R\u00f3\u017cowa Lemoniada<\/li>\n\n\n\n<li>Blue Razz Cherry &amp; Cool Mint &amp; Peach Mango<\/li>\n\n\n\n<li>Owoce tropikalne i truskawka Arbuz i cytryna Brzoskwinia<\/li>\n\n\n\n<li>Ananasowo-kokosowy &amp; Truskawkowo-bananowy &amp; Blue Razz<\/li>\n\n\n\n<li>Arbuz truskawkowy i potr\u00f3jny melon oraz l\u00f3d truskawkowy<\/li>\n\n\n\n<li>Mieszane owoce i mango L\u00f3d brzoskwiniowy i winogronowy<\/li>\n\n\n\n<li>Truskawkowo-waniliowa cola &amp; brzoskwiniowy l\u00f3d &amp; czarny smok lodowy<\/li>\n\n\n\n<li>Lush Ice &amp; Kiwi Passion Fruit Guava &amp; Straw Mango<\/li>\n\n\n\n<li>Arbuz truskawkowy &amp; Arbuz &amp; L\u00f3d Blue Razz<\/li>\n\n\n\n<li>Berry Lemonade &amp; Strawberry Red Bull &amp; Strawberry Pomp<\/li>\n\n\n\n<li>Double Apple &amp; Fruity Fusion &amp; Pineapple Ice<\/li>\n\n\n\n<li>Cola Ice &amp; Mr Blue &amp; Cherry Cola<\/li>\n\n\n\n<li>P\u0105czek truskawkowy i l\u00f3d bananowy &amp; Love66<\/li>\n\n\n\n<li>Ice Tea Lemon Ice &amp; Mango On Ice &amp; Lychee Ice<\/li>\n<\/ul>\n\n\n\n<p><\/p>","protected":false},"excerpt":{"rendered":"<p>The Bang King 85k is designed for vapers who want both endurance and flavor flexibility in one premium device. It delivers up to 85k puff, offering long-lasting performance that remains consistent from the first puff to the last. Moreover, its triple-flavor system gives users the freedom to enjoy variety without carrying multiple devices. Triple-Flavor System [&hellip;]<\/p>\n","protected":false},"featured_media":15651,"comment_status":"open","ping_status":"closed","template":"","meta":[],"product_brand":[57],"product_cat":[155,142],"product_tag":[],"class_list":{"0":"post-15646","1":"product","2":"type-product","3":"status-publish","4":"has-post-thumbnail","6":"product_brand-bang","7":"product_cat-85k-puffs","8":"product_cat-eu-stock","10":"first","11":"instock","12":"sale","13":"shipping-taxable","14":"purchasable","15":"product-type-variable"},"yoast_head":"<!-- This site is optimized with the Yoast SEO plugin v27.4 - https:\/\/yoast.com\/product\/yoast-seo-wordpress\/ -->\n<title>Bang King 85000 Vape \u2013 Triple Flavors &amp; 85K Puffs Power | 2025<\/title>\n<meta name=\"description\" content=\"Experience 85k puff, triple adjustable flavors,and Type-C fast charging. Bang King 85000 delivers long-lasting power and rich flavor in one device.\" \/>\n<meta name=\"robots\" content=\"index, follow, max-snippet:-1, max-image-preview:large, max-video-preview:-1\" \/>\n<link rel=\"canonical\" href=\"https:\/\/vapemaison.com\/pl\/produkt\/bang-king-85000-jednorazowy-vape-85k-puff\/\" \/>\n<meta property=\"og:locale\" content=\"pl_PL\" \/>\n<meta property=\"og:type\" content=\"article\" \/>\n<meta property=\"og:title\" content=\"Bang King 85000 Vape \u2013 Triple Flavors &amp; 85K Puffs Power | 2025\" \/>\n<meta property=\"og:description\" content=\"Experience 85k puff, triple adjustable flavors,and Type-C fast charging. Bang King 85000 delivers long-lasting power and rich flavor in one device.\" \/>\n<meta property=\"og:url\" content=\"https:\/\/vapemaison.com\/pl\/produkt\/bang-king-85000-jednorazowy-vape-85k-puff\/\" \/>\n<meta property=\"og:site_name\" content=\"VapeMaison\" \/>\n<meta property=\"article:modified_time\" content=\"2026-03-11T06:04:19+00:00\" \/>\n<meta property=\"og:image\" content=\"https:\/\/vapemaison.com\/wp-content\/uploads\/2025\/12\/bang-king-85000-puffs-main-picture.jpg.webp\" \/>\n\t<meta property=\"og:image:width\" content=\"800\" \/>\n\t<meta property=\"og:image:height\" content=\"800\" \/>\n\t<meta property=\"og:image:type\" content=\"image\/webp\" \/>\n<meta name=\"twitter:card\" content=\"summary_large_image\" \/>\n<meta name=\"twitter:label1\" content=\"Szacowany czas czytania\" \/>\n\t<meta name=\"twitter:data1\" content=\"2 minuty\" \/>\n<!-- \/ Yoast SEO plugin. -->","yoast_head_json":{"title":"Bang King 85000 Vape - potr\u00f3jne smaki i moc 85 tysi\u0119cy puff\u00f3w | 2025","description":"Do\u015bwiadcz 85 tys. zaci\u0105gni\u0119\u0107, potr\u00f3jnie regulowanych smak\u00f3w i szybkiego \u0142adowania typu C. Bang King 85000 zapewnia d\u0142ugotrwa\u0142\u0105 moc i bogaty smak w jednym urz\u0105dzeniu.","robots":{"index":"index","follow":"follow","max-snippet":"max-snippet:-1","max-image-preview":"max-image-preview:large","max-video-preview":"max-video-preview:-1"},"canonical":"https:\/\/vapemaison.com\/pl\/produkt\/bang-king-85000-jednorazowy-vape-85k-puff\/","og_locale":"pl_PL","og_type":"article","og_title":"Bang King 85000 Vape \u2013 Triple Flavors & 85K Puffs Power | 2025","og_description":"Experience 85k puff, triple adjustable flavors,and Type-C fast charging. Bang King 85000 delivers long-lasting power and rich flavor in one device.","og_url":"https:\/\/vapemaison.com\/pl\/produkt\/bang-king-85000-jednorazowy-vape-85k-puff\/","og_site_name":"VapeMaison","article_modified_time":"2026-03-11T06:04:19+00:00","og_image":[{"width":800,"height":800,"url":"https:\/\/vapemaison.com\/wp-content\/uploads\/2025\/12\/bang-king-85000-puffs-main-picture.jpg.webp","type":"image\/webp"}],"twitter_card":"summary_large_image","twitter_misc":{"Szacowany czas czytania":"2 minuty"},"schema":{"@context":"https:\/\/schema.org","@graph":[{"@type":"WebPage","@id":"https:\/\/vapemaison.com\/product\/bang-king-85000-disposable-vape-85k-puff\/","url":"https:\/\/vapemaison.com\/product\/bang-king-85000-disposable-vape-85k-puff\/","name":"Bang King 85000 Vape - potr\u00f3jne smaki i moc 85 tysi\u0119cy puff\u00f3w | 2025","isPartOf":{"@id":"https:\/\/vapemaison.com\/#website"},"primaryImageOfPage":{"@id":"https:\/\/vapemaison.com\/product\/bang-king-85000-disposable-vape-85k-puff\/#primaryimage"},"image":{"@id":"https:\/\/vapemaison.com\/product\/bang-king-85000-disposable-vape-85k-puff\/#primaryimage"},"thumbnailUrl":"https:\/\/vapemaison.com\/wp-content\/uploads\/2025\/12\/bang-king-85000-puffs-main-picture.jpg.webp","datePublished":"2025-12-03T06:35:15+00:00","dateModified":"2026-03-11T06:04:19+00:00","description":"Do\u015bwiadcz 85 tys. zaci\u0105gni\u0119\u0107, potr\u00f3jnie regulowanych smak\u00f3w i szybkiego \u0142adowania typu C. Bang King 85000 zapewnia d\u0142ugotrwa\u0142\u0105 moc i bogaty smak w jednym urz\u0105dzeniu.","breadcrumb":{"@id":"https:\/\/vapemaison.com\/product\/bang-king-85000-disposable-vape-85k-puff\/#breadcrumb"},"inLanguage":"pl-PL","potentialAction":[{"@type":"ReadAction","target":["https:\/\/vapemaison.com\/product\/bang-king-85000-disposable-vape-85k-puff\/"]}]},{"@type":"ImageObject","inLanguage":"pl-PL","@id":"https:\/\/vapemaison.com\/product\/bang-king-85000-disposable-vape-85k-puff\/#primaryimage","url":"https:\/\/vapemaison.com\/wp-content\/uploads\/2025\/12\/bang-king-85000-puffs-main-picture.jpg.webp","contentUrl":"https:\/\/vapemaison.com\/wp-content\/uploads\/2025\/12\/bang-king-85000-puffs-main-picture.jpg.webp","width":800,"height":800,"caption":"bang-king-85000-puffs-main-picture.jpg"},{"@type":"BreadcrumbList","@id":"https:\/\/vapemaison.com\/product\/bang-king-85000-disposable-vape-85k-puff\/#breadcrumb","itemListElement":[{"@type":"ListItem","position":1,"name":"\u9996\u9875","item":"https:\/\/vapemaison.com\/"},{"@type":"ListItem","position":2,"name":"Shop","item":"https:\/\/vapemaison.com\/shop\/"},{"@type":"ListItem","position":3,"name":"Bang","item":"https:\/\/vapemaison.com\/brand\/bang\/"},{"@type":"ListItem","position":4,"name":"Bang King 85000 Disposable Vape | 85k Puff"}]},{"@type":"WebSite","@id":"https:\/\/vapemaison.com\/#website","url":"https:\/\/vapemaison.com\/","name":"VapeMaison","description":"Wysokiej jako\u015bci urz\u0105dzenia i akcesoria do waporyzacji","publisher":{"@id":"https:\/\/vapemaison.com\/#organization"},"potentialAction":[{"@type":"SearchAction","target":{"@type":"EntryPoint","urlTemplate":"https:\/\/vapemaison.com\/?s={search_term_string}"},"query-input":{"@type":"PropertyValueSpecification","valueRequired":true,"valueName":"search_term_string"}}],"inLanguage":"pl-PL"},{"@type":"Organization","@id":"https:\/\/vapemaison.com\/#organization","name":"VapeMaison","url":"https:\/\/vapemaison.com\/","logo":{"@type":"ImageObject","inLanguage":"pl-PL","@id":"https:\/\/vapemaison.com\/#\/schema\/logo\/image\/","url":"https:\/\/vapemaison.com\/wp-content\/uploads\/2026\/01\/cropped-vapemaison-logo-g-2026.webp","contentUrl":"https:\/\/vapemaison.com\/wp-content\/uploads\/2026\/01\/cropped-vapemaison-logo-g-2026.webp","width":350,"height":280,"caption":"VapeMaison"},"image":{"@id":"https:\/\/vapemaison.com\/#\/schema\/logo\/image\/"},"sameAs":["https:\/\/www.youtube.com\/@VapeMaison"]}]}},"tiered_pricing_type":"fixed","tiered_pricing_fixed_rules":{"30":"12.42","50":"11.68","100":"10.36","200":"9.98"},"tiered_pricing_product_settings":{"layout":"default","base_unit_name":{"singular":null,"plural":null},"default_variation":null},"tiered_pricing_minimum_quantity":10,"tiered_pricing_roles_data":[],"tiered_pricing_percentage_rules":[],"tiered_pricing_maximum_quantity":null,"tiered_pricing_quantity_step":"10","_links":{"self":[{"href":"https:\/\/vapemaison.com\/pl\/wp-json\/wp\/v2\/product\/15646","targetHints":{"allow":["GET"]}}],"collection":[{"href":"https:\/\/vapemaison.com\/pl\/wp-json\/wp\/v2\/product"}],"about":[{"href":"https:\/\/vapemaison.com\/pl\/wp-json\/wp\/v2\/types\/product"}],"replies":[{"embeddable":true,"href":"https:\/\/vapemaison.com\/pl\/wp-json\/wp\/v2\/comments?post=15646"}],"version-history":[{"count":1,"href":"https:\/\/vapemaison.com\/pl\/wp-json\/wp\/v2\/product\/15646\/revisions"}],"predecessor-version":[{"id":27202,"href":"https:\/\/vapemaison.com\/pl\/wp-json\/wp\/v2\/product\/15646\/revisions\/27202"}],"wp:featuredmedia":[{"embeddable":true,"href":"https:\/\/vapemaison.com\/pl\/wp-json\/wp\/v2\/media\/15651"}],"wp:attachment":[{"href":"https:\/\/vapemaison.com\/pl\/wp-json\/wp\/v2\/media?parent=15646"}],"wp:term":[{"taxonomy":"product_brand","embeddable":true,"href":"https:\/\/vapemaison.com\/pl\/wp-json\/wp\/v2\/product_brand?post=15646"},{"taxonomy":"product_cat","embeddable":true,"href":"https:\/\/vapemaison.com\/pl\/wp-json\/wp\/v2\/product_cat?post=15646"},{"taxonomy":"product_tag","embeddable":true,"href":"https:\/\/vapemaison.com\/pl\/wp-json\/wp\/v2\/product_tag?post=15646"}],"curies":[{"name":"wp","href":"https:\/\/api.w.org\/{rel}","templated":true}]}}