

{"id":15959,"date":"2025-12-05T07:01:05","date_gmt":"2025-12-05T07:01:05","guid":{"rendered":"https:\/\/vapemaison.com\/?post_type=product&#038;p=15959"},"modified":"2025-12-05T08:04:19","modified_gmt":"2025-12-05T08:04:19","slug":"bang-rocket-18000-puffow-vape","status":"publish","type":"product","link":"https:\/\/vapemaison.com\/pl\/product\/bang-rocket-18000-puffs-vape\/","title":{"rendered":"Bang Rocket 18000 Puffs jednorazowe Vape"},"content":{"rendered":"<p>The <strong>Bang Rocket 18000<\/strong> zosta\u0142 zaprojektowany z my\u015bl\u0105 o u\u017cytkownikach poszukuj\u0105cych d\u0142ugotrwa\u0142ej wydajno\u015bci i wyrazistego, g\u0142adkiego smaku. Wyposa\u017cony w <strong>Technologia Dual Mesh Bi-shot<\/strong>, Ten jednorazowy waporyzator zapewnia zwi\u0119kszon\u0105 produkcj\u0119 pary i niezmienny smak od pierwszego do ostatniego zaci\u0105gni\u0119cia.<\/p>\n\n\n\n<p>Z <strong>Pojemno\u015b\u0107 20 ml oleju<\/strong>, <strong>Akumulator o pojemno\u015bci 650 mAh<\/strong>, oraz <strong>Port typu C<\/strong>, Oferuje idealn\u0105 r\u00f3wnowag\u0119 mi\u0119dzy wygod\u0105 i moc\u0105. Dost\u0119pny w <strong>12 bogatych opcji smakowych<\/strong> i moc nikotyny od <strong>0% do 5%<\/strong>, Bang Rocket 18000 dostosowuje si\u0119 do ka\u017cdych preferencji.<\/p>\n\n\n\n<figure class=\"wp-block-table\"><table class=\"has-fixed-layout\"><thead><tr><th>Cecha<\/th><th>Szczeg\u00f3\u0142y<\/th><\/tr><\/thead><tbody><tr><td>Pojemno\u015b\u0107 dmuchawy<\/td><td>9 000 - 18 000 zaci\u0105gni\u0119\u0107<\/td><\/tr><tr><td>Bateria<\/td><td>Akumulator 650 mAh<\/td><\/tr><tr><td>Pojemno\u015b\u0107 e-liquidu<\/td><td>20 ml<\/td><\/tr><tr><td>Poziom nikotyny<\/td><td>0%, 2%, 3%, 5%<\/td><\/tr><tr><td>Cewka<\/td><td>Podw\u00f3jna siatka (dwustrza\u0142owa)<\/td><\/tr><tr><td>\u0141adowanie<\/td><td>Port typu C<\/td><\/tr><tr><td>Smaki<\/td><td>12 opcji smakowych<\/td><\/tr><\/tbody><\/table><\/figure>\n\n\n\n<h2 class=\"wp-block-heading\">Bang Rocket 18000 <strong>Smak\uff1a<\/strong><\/h2>\n\n\n\n<p><strong>1.Cheery Bomb<\/strong><br><strong>2.Juicy Peach Ice<\/strong><br><strong>3. owoce tropikalne<\/strong><br><strong>4.Grape Ice<\/strong><br><strong>5.Brzoskwinia Mango<\/strong><br><strong>6.banan truskawkowy<\/strong><br><strong>7.truskawkowe mango<\/strong><br><strong>8.Triple Berry Ice<\/strong><br><strong>9.truskawkowy arbuz<\/strong><br><strong>10. arbuzowy l\u00f3d<\/strong><br><strong>11.Blue Razz Ice<\/strong><br><strong>12.L\u00f3d z kwa\u015bnego jab\u0142ka<\/strong><\/p>","protected":false},"excerpt":{"rendered":"<p>The Bang Rocket 18000 is designed for users seeking long-lasting performance and bold, smooth flavor. Equipped with Dual Mesh Bi-shot technology, this disposable vape delivers enhanced vapor production and consistent flavor from the first puff to the last. With a 20ml oil capacity, 650mAh rechargeable battery, and Type-C port, it offers the perfect balance of [&hellip;]<\/p>\n","protected":false},"featured_media":16052,"comment_status":"open","ping_status":"closed","template":"","meta":[],"product_brand":[57],"product_cat":[175],"product_tag":[],"class_list":{"0":"post-15959","1":"product","2":"type-product","3":"status-publish","4":"has-post-thumbnail","6":"product_brand-bang","7":"product_cat-18k-puffs","9":"first","10":"instock","11":"sale","12":"shipping-taxable","13":"purchasable","14":"product-type-variable"},"yoast_head":"<!-- This site is optimized with the Yoast SEO plugin v27.4 - https:\/\/yoast.com\/product\/yoast-seo-wordpress\/ -->\n<title>Bang Rocket 18000 Puffs Disposable Vape - VapeMaison<\/title>\n<meta name=\"description\" content=\"Experience the Bang Rocket 18000 with dual mesh technology, up to 18k puffs, 20ml capacity. Available in 12 flavors with 0\u20135% nicotine.\" \/>\n<meta name=\"robots\" content=\"index, follow, max-snippet:-1, max-image-preview:large, max-video-preview:-1\" \/>\n<link rel=\"canonical\" href=\"https:\/\/vapemaison.com\/pl\/produkt\/bang-rocket-18000-puffow-vape\/\" \/>\n<meta property=\"og:locale\" content=\"pl_PL\" \/>\n<meta property=\"og:type\" content=\"article\" \/>\n<meta property=\"og:title\" content=\"Bang Rocket 18000 Puffs Disposable Vape - VapeMaison\" \/>\n<meta property=\"og:description\" content=\"Experience the Bang Rocket 18000 with dual mesh technology, up to 18k puffs, 20ml capacity. Available in 12 flavors with 0\u20135% nicotine.\" \/>\n<meta property=\"og:url\" content=\"https:\/\/vapemaison.com\/pl\/produkt\/bang-rocket-18000-puffow-vape\/\" \/>\n<meta property=\"og:site_name\" content=\"VapeMaison\" \/>\n<meta property=\"article:modified_time\" content=\"2025-12-05T08:04:19+00:00\" \/>\n<meta property=\"og:image\" content=\"https:\/\/vapemaison.com\/wp-content\/uploads\/2025\/12\/bang-rocket-18000-puffs-puffs-triple-berry-ice-display.webp\" \/>\n\t<meta property=\"og:image:width\" content=\"800\" \/>\n\t<meta property=\"og:image:height\" content=\"800\" \/>\n\t<meta property=\"og:image:type\" content=\"image\/webp\" \/>\n<meta name=\"twitter:card\" content=\"summary_large_image\" \/>\n<meta name=\"twitter:label1\" content=\"Szacowany czas czytania\" \/>\n\t<meta name=\"twitter:data1\" content=\"1 minuta\" \/>\n<!-- \/ Yoast SEO plugin. -->","yoast_head_json":{"title":"Bang Rocket 18000 Puffs jednorazowe Vape - VapeMaison","description":"Do\u015bwiadcz Bang Rocket 18000 z technologi\u0105 podw\u00f3jnej siatki, do 18 tysi\u0119cy zaci\u0105gni\u0119\u0107, pojemno\u015b\u0107 20 ml. Dost\u0119pny w 12 smakach z nikotyn\u0105 0-5%.","robots":{"index":"index","follow":"follow","max-snippet":"max-snippet:-1","max-image-preview":"max-image-preview:large","max-video-preview":"max-video-preview:-1"},"canonical":"https:\/\/vapemaison.com\/pl\/produkt\/bang-rocket-18000-puffow-vape\/","og_locale":"pl_PL","og_type":"article","og_title":"Bang Rocket 18000 Puffs Disposable Vape - VapeMaison","og_description":"Experience the Bang Rocket 18000 with dual mesh technology, up to 18k puffs, 20ml capacity. Available in 12 flavors with 0\u20135% nicotine.","og_url":"https:\/\/vapemaison.com\/pl\/produkt\/bang-rocket-18000-puffow-vape\/","og_site_name":"VapeMaison","article_modified_time":"2025-12-05T08:04:19+00:00","og_image":[{"width":800,"height":800,"url":"https:\/\/vapemaison.com\/wp-content\/uploads\/2025\/12\/bang-rocket-18000-puffs-puffs-triple-berry-ice-display.webp","type":"image\/webp"}],"twitter_card":"summary_large_image","twitter_misc":{"Szacowany czas czytania":"1 minuta"},"schema":{"@context":"https:\/\/schema.org","@graph":[{"@type":"WebPage","@id":"https:\/\/vapemaison.com\/product\/bang-rocket-18000-puffs-vape\/","url":"https:\/\/vapemaison.com\/product\/bang-rocket-18000-puffs-vape\/","name":"Bang Rocket 18000 Puffs jednorazowe Vape - VapeMaison","isPartOf":{"@id":"https:\/\/vapemaison.com\/#website"},"primaryImageOfPage":{"@id":"https:\/\/vapemaison.com\/product\/bang-rocket-18000-puffs-vape\/#primaryimage"},"image":{"@id":"https:\/\/vapemaison.com\/product\/bang-rocket-18000-puffs-vape\/#primaryimage"},"thumbnailUrl":"https:\/\/vapemaison.com\/wp-content\/uploads\/2025\/12\/bang-rocket-18000-puffs-puffs-triple-berry-ice-display.webp","datePublished":"2025-12-05T07:01:05+00:00","dateModified":"2025-12-05T08:04:19+00:00","description":"Do\u015bwiadcz Bang Rocket 18000 z technologi\u0105 podw\u00f3jnej siatki, do 18 tysi\u0119cy zaci\u0105gni\u0119\u0107, pojemno\u015b\u0107 20 ml. Dost\u0119pny w 12 smakach z nikotyn\u0105 0-5%.","breadcrumb":{"@id":"https:\/\/vapemaison.com\/product\/bang-rocket-18000-puffs-vape\/#breadcrumb"},"inLanguage":"pl-PL","potentialAction":[{"@type":"ReadAction","target":["https:\/\/vapemaison.com\/product\/bang-rocket-18000-puffs-vape\/"]}]},{"@type":"ImageObject","inLanguage":"pl-PL","@id":"https:\/\/vapemaison.com\/product\/bang-rocket-18000-puffs-vape\/#primaryimage","url":"https:\/\/vapemaison.com\/wp-content\/uploads\/2025\/12\/bang-rocket-18000-puffs-puffs-triple-berry-ice-display.webp","contentUrl":"https:\/\/vapemaison.com\/wp-content\/uploads\/2025\/12\/bang-rocket-18000-puffs-puffs-triple-berry-ice-display.webp","width":800,"height":800,"caption":"Bang Rocket Puffs Triple Berry Ice Display"},{"@type":"BreadcrumbList","@id":"https:\/\/vapemaison.com\/product\/bang-rocket-18000-puffs-vape\/#breadcrumb","itemListElement":[{"@type":"ListItem","position":1,"name":"\u9996\u9875","item":"https:\/\/vapemaison.com\/"},{"@type":"ListItem","position":2,"name":"Shop","item":"https:\/\/vapemaison.com\/shop\/"},{"@type":"ListItem","position":3,"name":"Bang","item":"https:\/\/vapemaison.com\/brand\/bang\/"},{"@type":"ListItem","position":4,"name":"Bang Rocket 18000 Puffs Disposable Vape"}]},{"@type":"WebSite","@id":"https:\/\/vapemaison.com\/#website","url":"https:\/\/vapemaison.com\/","name":"VapeMaison","description":"Wysokiej jako\u015bci urz\u0105dzenia i akcesoria do waporyzacji","publisher":{"@id":"https:\/\/vapemaison.com\/#organization"},"potentialAction":[{"@type":"SearchAction","target":{"@type":"EntryPoint","urlTemplate":"https:\/\/vapemaison.com\/?s={search_term_string}"},"query-input":{"@type":"PropertyValueSpecification","valueRequired":true,"valueName":"search_term_string"}}],"inLanguage":"pl-PL"},{"@type":"Organization","@id":"https:\/\/vapemaison.com\/#organization","name":"VapeMaison","url":"https:\/\/vapemaison.com\/","logo":{"@type":"ImageObject","inLanguage":"pl-PL","@id":"https:\/\/vapemaison.com\/#\/schema\/logo\/image\/","url":"https:\/\/vapemaison.com\/wp-content\/uploads\/2026\/01\/cropped-vapemaison-logo-g-2026.webp","contentUrl":"https:\/\/vapemaison.com\/wp-content\/uploads\/2026\/01\/cropped-vapemaison-logo-g-2026.webp","width":350,"height":280,"caption":"VapeMaison"},"image":{"@id":"https:\/\/vapemaison.com\/#\/schema\/logo\/image\/"},"sameAs":["https:\/\/www.youtube.com\/@VapeMaison"]}]}},"tiered_pricing_type":"fixed","tiered_pricing_fixed_rules":{"30":"9.99","50":"9.12","100":"8.56","200":"7.42"},"tiered_pricing_product_settings":{"layout":"default","base_unit_name":{"singular":null,"plural":null},"default_variation":null},"tiered_pricing_minimum_quantity":10,"tiered_pricing_roles_data":[],"tiered_pricing_percentage_rules":[],"tiered_pricing_maximum_quantity":null,"tiered_pricing_quantity_step":"10","_links":{"self":[{"href":"https:\/\/vapemaison.com\/pl\/wp-json\/wp\/v2\/product\/15959","targetHints":{"allow":["GET"]}}],"collection":[{"href":"https:\/\/vapemaison.com\/pl\/wp-json\/wp\/v2\/product"}],"about":[{"href":"https:\/\/vapemaison.com\/pl\/wp-json\/wp\/v2\/types\/product"}],"replies":[{"embeddable":true,"href":"https:\/\/vapemaison.com\/pl\/wp-json\/wp\/v2\/comments?post=15959"}],"version-history":[{"count":0,"href":"https:\/\/vapemaison.com\/pl\/wp-json\/wp\/v2\/product\/15959\/revisions"}],"wp:featuredmedia":[{"embeddable":true,"href":"https:\/\/vapemaison.com\/pl\/wp-json\/wp\/v2\/media\/16052"}],"wp:attachment":[{"href":"https:\/\/vapemaison.com\/pl\/wp-json\/wp\/v2\/media?parent=15959"}],"wp:term":[{"taxonomy":"product_brand","embeddable":true,"href":"https:\/\/vapemaison.com\/pl\/wp-json\/wp\/v2\/product_brand?post=15959"},{"taxonomy":"product_cat","embeddable":true,"href":"https:\/\/vapemaison.com\/pl\/wp-json\/wp\/v2\/product_cat?post=15959"},{"taxonomy":"product_tag","embeddable":true,"href":"https:\/\/vapemaison.com\/pl\/wp-json\/wp\/v2\/product_tag?post=15959"}],"curies":[{"name":"wp","href":"https:\/\/api.w.org\/{rel}","templated":true}]}}