

{"id":16054,"date":"2025-12-05T07:30:28","date_gmt":"2025-12-05T07:30:28","guid":{"rendered":"https:\/\/vapemaison.com\/?post_type=product&#038;p=16054"},"modified":"2025-12-05T08:04:01","modified_gmt":"2025-12-05T08:04:01","slug":"bang-king-30000-pro-jednorazowy-30k","status":"publish","type":"product","link":"https:\/\/vapemaison.com\/pl\/product\/bang-king-30000-pro-disposable-30k\/","title":{"rendered":"Vape jednorazowe Bang King 30000 Pro - 30 tys. zaci\u0105gni\u0119\u0107 Dual Mesh Beast"},"content":{"rendered":"<h3 class=\"wp-block-heading\">Dlaczego warto wybra\u0107 Bang King 30000 Pro?<\/h3>\n\n\n\n<p>Niezr\u00f3wnana trwa\u0142o\u015b\u0107 (do 30 000 zaci\u0105gni\u0119\u0107)<\/p>\n\n\n\n<p>Zapomnij o wymianie urz\u0105dzenia co kilka dni. Bang King 30000 Pro ma ogromn\u0105 pojemno\u015b\u0107 36 ml wst\u0119pnie nape\u0142nionego e-liquidu, co czyni go jednym z najtrwalszych jednorazowych urz\u0105dze\u0144 na rynku. to nie tylko vape; to niezawodny towarzysz na tygodnie.<\/p>\n\n\n\n<p>Siatkowa cewka 1,0\u03a9 zapewniaj\u0105ca wybuchowy smak<\/p>\n\n\n\n<p>Poczuj prawdziwy smak swoich ulubionych e-sok\u00f3w. Zaawansowana technologia 1.0\u03a9 Mesh Coil zapewnia, \u017ce ka\u017cde zaci\u0105gni\u0119cie tworzy bogat\u0105, g\u0119st\u0105 par\u0119 i autentyczne odwzorowanie smaku od pierwszego do 30 000 zaci\u0105gni\u0119cia.<\/p>\n\n\n\n<p>Trwa\u0142a moc: 850 mAh i \u0142adowanie typu C<\/p>\n\n\n\n<p>Nigdy nie daj si\u0119 z\u0142apa\u0107 z roz\u0142adowan\u0105 bateri\u0105. Wyposa\u017cony w solidny akumulator o pojemno\u015bci 850 mAh i nowoczesny port \u0142adowania typu C, Bang King zapewnia wykorzystanie ka\u017cdej kropli e-cieczy. Szybkie \u0142adowanie oznacza mniej czekania i wi\u0119cej wapowania.<\/p>\n\n\n\n<p><strong>Dostosowane do Twoich potrzeb<\/strong><\/p>\n\n\n\n<ul class=\"wp-block-list\">\n<li><strong>Moc nikotyny:<\/strong> Dost\u0119pne w <strong>0%, 2%, 3% i 5%<\/strong> aby dopasowa\u0107 preferowane uderzenie w gard\u0142o.<\/li>\n\n\n\n<li><strong>R\u00f3\u017cnorodno\u015b\u0107 smak\u00f3w:<\/strong> Do wyboru <strong>12 smak\u00f3w premium<\/strong> dostosowane do r\u00f3\u017cnych podniebie\u0144.<\/li>\n<\/ul>\n\n\n\n<h3 class=\"wp-block-heading\">Specyfikacja techniczna<\/h3>\n\n\n\n<figure class=\"wp-block-table\"><table class=\"has-fixed-layout\"><thead><tr><td><strong>Cecha<\/strong><\/td><td><strong>Szczeg\u00f3\u0142y<\/strong><\/td><\/tr><\/thead><tbody><tr><td><strong>Puff Count<\/strong><\/td><td>Do 30 000 zaci\u0105gni\u0119\u0107<\/td><\/tr><tr><td><strong>Pojemno\u015b\u0107 E-Liquid<\/strong><\/td><td>36 ml<\/td><\/tr><tr><td><strong>Bateria<\/strong><\/td><td>850 mAh (akumulator)<\/td><\/tr><tr><td><strong>Port \u0142adowania<\/strong><\/td><td>USB typu C<\/td><\/tr><tr><td><strong>Odporno\u015b\u0107 cewki<\/strong><\/td><td>Siatkowa cewka 1,0\u03a9<\/td><\/tr><tr><td><strong>Opcje nikotyny<\/strong><\/td><td>0% \/ 2% \/ 3% \/ 5%<\/td><\/tr><tr><td><strong>Opakowanie<\/strong><\/td><td>10 sztuk \/ pude\u0142ko<\/td><\/tr><\/tbody><\/table><\/figure>\n\n\n\n<h5 class=\"wp-block-heading\"><strong>Lista smak\u00f3w\uff1a<\/strong><\/h5>\n\n\n\n<ol class=\"wp-block-list\">\n<li>Arbuz truskawkowy<\/li>\n\n\n\n<li>L\u00f3d jagodowy<\/li>\n\n\n\n<li>\u015awie\u017ca mi\u0119ta<\/li>\n\n\n\n<li>Winogrono truskawkowe<\/li>\n\n\n\n<li>Jagoda \u017burawina Wi\u015bnia<\/li>\n\n\n\n<li>Arbuz<\/li>\n\n\n\n<li>Truskawka Kiwi<\/li>\n\n\n\n<li>Mint Blue Razz<\/li>\n\n\n\n<li>Triple Berry<\/li>\n\n\n\n<li>Arbuz Wi\u015bnia<\/li>\n\n\n\n<li>Raspberry Dark Sparkle<\/li>\n\n\n\n<li>Bor\u00f3wka Malina<\/li>\n<\/ol>","protected":false},"excerpt":{"rendered":"<p>Przesta\u0144 liczy\u0107 zaci\u0105gni\u0119cia. Zacznij si\u0119 nimi cieszy\u0107. Bang King 30000 Pro to ostateczny mistrz wytrzyma\u0142o\u015bci na rynku jednorazowych waporyzator\u00f3w. Dzi\u0119ki ogromnemu zbiornikowi e-liquidu o pojemno\u015bci 36 ml i do 30 tys. zaci\u0105gni\u0119\u0107, urz\u0105dzenie to zosta\u0142o stworzone dla waper\u00f3w, kt\u00f3rzy wymagaj\u0105 d\u0142ugowieczno\u015bci, sp\u00f3jno\u015bci smaku i braku k\u0142opot\u00f3w.<\/p>","protected":false},"featured_media":16056,"comment_status":"open","ping_status":"closed","template":"","meta":[],"product_brand":[57],"product_cat":[134],"product_tag":[],"class_list":{"0":"post-16054","1":"product","2":"type-product","3":"status-publish","4":"has-post-thumbnail","6":"product_brand-bang","7":"product_cat-30k-puffs","9":"first","10":"instock","11":"sale","12":"shipping-taxable","13":"purchasable","14":"product-type-variable"},"yoast_head":"<!-- This site is optimized with the Yoast SEO plugin v27.4 - https:\/\/yoast.com\/product\/yoast-seo-wordpress\/ -->\n<title>Bang King 30000 Pro Disposable 30K Puffs Vape - VapeMaison<\/title>\n<meta name=\"description\" content=\"Buy Bang King 30000 Pro Disposable Vape at the best price. 36mL capacity, 850mAh rechargeable battery. Wholesale &amp; Retail available. Fast Shipping.\" \/>\n<meta name=\"robots\" content=\"index, follow, max-snippet:-1, max-image-preview:large, max-video-preview:-1\" \/>\n<link rel=\"canonical\" href=\"https:\/\/vapemaison.com\/pl\/produkt\/bang-king-30000-pro-jednorazowy-30k\/\" \/>\n<meta property=\"og:locale\" content=\"pl_PL\" \/>\n<meta property=\"og:type\" content=\"article\" \/>\n<meta property=\"og:title\" content=\"Bang King 30000 Pro Disposable 30K Puffs Vape - VapeMaison\" \/>\n<meta property=\"og:description\" content=\"Buy Bang King 30000 Pro Disposable Vape at the best price. 36mL capacity, 850mAh rechargeable battery. Wholesale &amp; Retail available. Fast Shipping.\" \/>\n<meta property=\"og:url\" content=\"https:\/\/vapemaison.com\/pl\/produkt\/bang-king-30000-pro-jednorazowy-30k\/\" \/>\n<meta property=\"og:site_name\" content=\"VapeMaison\" \/>\n<meta property=\"article:modified_time\" content=\"2025-12-05T08:04:01+00:00\" \/>\n<meta property=\"og:image\" content=\"https:\/\/vapemaison.com\/wp-content\/uploads\/2025\/12\/vapemaison-bang-king-30000-pro-blueberry-raspberry-654x690.jpg.webp\" \/>\n\t<meta property=\"og:image:width\" content=\"654\" \/>\n\t<meta property=\"og:image:height\" content=\"690\" \/>\n\t<meta property=\"og:image:type\" content=\"image\/webp\" \/>\n<meta name=\"twitter:card\" content=\"summary_large_image\" \/>\n<meta name=\"twitter:label1\" content=\"Szacowany czas czytania\" \/>\n\t<meta name=\"twitter:data1\" content=\"2 minuty\" \/>\n<!-- \/ Yoast SEO plugin. -->","yoast_head_json":{"title":"Bang King 30000 Pro Disposable 30K Puffs Vape - VapeMaison","description":"Kup Bang King 30000 Pro Disposable Vape w najlepszej cenie. Pojemno\u015b\u0107 36 ml, akumulator 850 mAh. Dost\u0119pne w sprzeda\u017cy hurtowej i detalicznej. Szybka wysy\u0142ka.","robots":{"index":"index","follow":"follow","max-snippet":"max-snippet:-1","max-image-preview":"max-image-preview:large","max-video-preview":"max-video-preview:-1"},"canonical":"https:\/\/vapemaison.com\/pl\/produkt\/bang-king-30000-pro-jednorazowy-30k\/","og_locale":"pl_PL","og_type":"article","og_title":"Bang King 30000 Pro Disposable 30K Puffs Vape - VapeMaison","og_description":"Buy Bang King 30000 Pro Disposable Vape at the best price. 36mL capacity, 850mAh rechargeable battery. Wholesale & Retail available. Fast Shipping.","og_url":"https:\/\/vapemaison.com\/pl\/produkt\/bang-king-30000-pro-jednorazowy-30k\/","og_site_name":"VapeMaison","article_modified_time":"2025-12-05T08:04:01+00:00","og_image":[{"width":654,"height":690,"url":"https:\/\/vapemaison.com\/wp-content\/uploads\/2025\/12\/vapemaison-bang-king-30000-pro-blueberry-raspberry-654x690.jpg.webp","type":"image\/webp"}],"twitter_card":"summary_large_image","twitter_misc":{"Szacowany czas czytania":"2 minuty"},"schema":{"@context":"https:\/\/schema.org","@graph":[{"@type":"WebPage","@id":"https:\/\/vapemaison.com\/product\/bang-king-30000-pro-disposable-30k\/","url":"https:\/\/vapemaison.com\/product\/bang-king-30000-pro-disposable-30k\/","name":"Bang King 30000 Pro Disposable 30K Puffs Vape - VapeMaison","isPartOf":{"@id":"https:\/\/vapemaison.com\/#website"},"primaryImageOfPage":{"@id":"https:\/\/vapemaison.com\/product\/bang-king-30000-pro-disposable-30k\/#primaryimage"},"image":{"@id":"https:\/\/vapemaison.com\/product\/bang-king-30000-pro-disposable-30k\/#primaryimage"},"thumbnailUrl":"https:\/\/vapemaison.com\/wp-content\/uploads\/2025\/12\/vapemaison-bang-king-30000-pro-blueberry-raspberry-654x690.jpg.webp","datePublished":"2025-12-05T07:30:28+00:00","dateModified":"2025-12-05T08:04:01+00:00","description":"Kup Bang King 30000 Pro Disposable Vape w najlepszej cenie. Pojemno\u015b\u0107 36 ml, akumulator 850 mAh. Dost\u0119pne w sprzeda\u017cy hurtowej i detalicznej. Szybka wysy\u0142ka.","breadcrumb":{"@id":"https:\/\/vapemaison.com\/product\/bang-king-30000-pro-disposable-30k\/#breadcrumb"},"inLanguage":"pl-PL","potentialAction":[{"@type":"ReadAction","target":["https:\/\/vapemaison.com\/product\/bang-king-30000-pro-disposable-30k\/"]}]},{"@type":"ImageObject","inLanguage":"pl-PL","@id":"https:\/\/vapemaison.com\/product\/bang-king-30000-pro-disposable-30k\/#primaryimage","url":"https:\/\/vapemaison.com\/wp-content\/uploads\/2025\/12\/vapemaison-bang-king-30000-pro-blueberry-raspberry-654x690.jpg.webp","contentUrl":"https:\/\/vapemaison.com\/wp-content\/uploads\/2025\/12\/vapemaison-bang-king-30000-pro-blueberry-raspberry-654x690.jpg.webp","width":654,"height":690,"caption":"Vapemaison Bang King Pro Blueberry Raspberry 654x690.jpg"},{"@type":"BreadcrumbList","@id":"https:\/\/vapemaison.com\/product\/bang-king-30000-pro-disposable-30k\/#breadcrumb","itemListElement":[{"@type":"ListItem","position":1,"name":"\u9996\u9875","item":"https:\/\/vapemaison.com\/"},{"@type":"ListItem","position":2,"name":"Shop","item":"https:\/\/vapemaison.com\/shop\/"},{"@type":"ListItem","position":3,"name":"Bang","item":"https:\/\/vapemaison.com\/brand\/bang\/"},{"@type":"ListItem","position":4,"name":"Bang King 30000 Pro Disposable Vape &#8211; 30K Puffs Dual Mesh Beast"}]},{"@type":"WebSite","@id":"https:\/\/vapemaison.com\/#website","url":"https:\/\/vapemaison.com\/","name":"VapeMaison","description":"Wysokiej jako\u015bci urz\u0105dzenia i akcesoria do waporyzacji","publisher":{"@id":"https:\/\/vapemaison.com\/#organization"},"potentialAction":[{"@type":"SearchAction","target":{"@type":"EntryPoint","urlTemplate":"https:\/\/vapemaison.com\/?s={search_term_string}"},"query-input":{"@type":"PropertyValueSpecification","valueRequired":true,"valueName":"search_term_string"}}],"inLanguage":"pl-PL"},{"@type":"Organization","@id":"https:\/\/vapemaison.com\/#organization","name":"VapeMaison","url":"https:\/\/vapemaison.com\/","logo":{"@type":"ImageObject","inLanguage":"pl-PL","@id":"https:\/\/vapemaison.com\/#\/schema\/logo\/image\/","url":"https:\/\/vapemaison.com\/wp-content\/uploads\/2026\/01\/cropped-vapemaison-logo-g-2026.webp","contentUrl":"https:\/\/vapemaison.com\/wp-content\/uploads\/2026\/01\/cropped-vapemaison-logo-g-2026.webp","width":350,"height":280,"caption":"VapeMaison"},"image":{"@id":"https:\/\/vapemaison.com\/#\/schema\/logo\/image\/"},"sameAs":["https:\/\/www.youtube.com\/@VapeMaison"]}]}},"tiered_pricing_type":"fixed","tiered_pricing_fixed_rules":{"30":"9.99","50":"9.19","100":"8.42","200":"7.99"},"tiered_pricing_product_settings":{"layout":"default","base_unit_name":{"singular":null,"plural":null},"default_variation":null},"tiered_pricing_minimum_quantity":10,"tiered_pricing_roles_data":[],"tiered_pricing_percentage_rules":[],"tiered_pricing_maximum_quantity":null,"tiered_pricing_quantity_step":"10","_links":{"self":[{"href":"https:\/\/vapemaison.com\/pl\/wp-json\/wp\/v2\/product\/16054","targetHints":{"allow":["GET"]}}],"collection":[{"href":"https:\/\/vapemaison.com\/pl\/wp-json\/wp\/v2\/product"}],"about":[{"href":"https:\/\/vapemaison.com\/pl\/wp-json\/wp\/v2\/types\/product"}],"replies":[{"embeddable":true,"href":"https:\/\/vapemaison.com\/pl\/wp-json\/wp\/v2\/comments?post=16054"}],"version-history":[{"count":0,"href":"https:\/\/vapemaison.com\/pl\/wp-json\/wp\/v2\/product\/16054\/revisions"}],"wp:featuredmedia":[{"embeddable":true,"href":"https:\/\/vapemaison.com\/pl\/wp-json\/wp\/v2\/media\/16056"}],"wp:attachment":[{"href":"https:\/\/vapemaison.com\/pl\/wp-json\/wp\/v2\/media?parent=16054"}],"wp:term":[{"taxonomy":"product_brand","embeddable":true,"href":"https:\/\/vapemaison.com\/pl\/wp-json\/wp\/v2\/product_brand?post=16054"},{"taxonomy":"product_cat","embeddable":true,"href":"https:\/\/vapemaison.com\/pl\/wp-json\/wp\/v2\/product_cat?post=16054"},{"taxonomy":"product_tag","embeddable":true,"href":"https:\/\/vapemaison.com\/pl\/wp-json\/wp\/v2\/product_tag?post=16054"}],"curies":[{"name":"wp","href":"https:\/\/api.w.org\/{rel}","templated":true}]}}