

{"id":16195,"date":"2025-12-08T07:27:38","date_gmt":"2025-12-08T07:27:38","guid":{"rendered":"https:\/\/vapemaison.com\/?post_type=product&#038;p=16195"},"modified":"2026-05-05T03:15:27","modified_gmt":"2026-05-05T03:15:27","slug":"humo-azul-15000-puffow-jednorazowych-vape-2","status":"publish","type":"product","link":"https:\/\/vapemaison.com\/pl\/product\/humo-azul-15000-puffs-disposable-vape-2\/","title":{"rendered":"Humo Azul 15000 puff\u00f3w jednorazowego u\u017cytku Vape"},"content":{"rendered":"<h3 class=\"wp-block-heading\"><strong>Humo Azul 15000 Puffs - wysokiej jako\u015bci jednorazowe vape o du\u017cej pojemno\u015bci<\/strong><\/h3>\n\n\n\n<p>The <strong>Humo Azul 15000 puff\u00f3w jednorazowego u\u017cytku Vape<\/strong> zosta\u0142 zaprojektowany z my\u015bl\u0105 o u\u017cytkownikach poszukuj\u0105cych wyj\u0105tkowej wytrzyma\u0142o\u015bci, wyrafinowanego smaku i absolutnej prostoty. Zaprojektowany z my\u015bl\u0105 o konsumentach ze Zjednoczonych Emirat\u00f3w Arabskich, oferuje <strong>do 15 tys. zaci\u0105gni\u0119\u0107<\/strong>, zasilany przez zaawansowany <strong>system cewek siatkowych<\/strong> kt\u00f3ra utrzymuje czysto\u015b\u0107 smaku i g\u0119sto\u015b\u0107 pary od pierwszego do ostatniego wdechu.<\/p>\n\n\n\n<p>Elegancka, ergonomiczna obudowa wygodnie le\u017cy w d\u0142oni i \u0142atwo mie\u015bci si\u0119 w ka\u017cdej kieszeni lub ma\u0142ej torebce. A <strong>inteligentny wy\u015bwietlacz<\/strong> zapewnia informacje w czasie rzeczywistym - w tym liczb\u0119 zaci\u0105gni\u0119\u0107, czas u\u017cytkowania i poziom na\u0142adowania baterii - zapewniaj\u0105c przejrzyste, intuicyjne wra\u017cenia z waporyzacji. Z <strong>Strzelanie aktywowane losowaniem<\/strong>, Nie ma \u017cadnych przycisk\u00f3w, ustawie\u0144 ani regulacji - po prostu wdychaj, aby cieszy\u0107 si\u0119 sta\u0142\u0105, satysfakcjonuj\u0105c\u0105 par\u0105.<\/p>\n\n\n\n<p>Odporna na przecieki konstrukcja zapewnia czyste codzienne u\u017cytkowanie, podczas gdy <strong>Port USB typu C<\/strong> umo\u017cliwia szybkie \u0142adowanie, dzi\u0119ki czemu urz\u0105dzenie jest zawsze gotowe do pracy. W po\u0142\u0105czeniu z p\u0142ynnym <strong>Moc nikotyny 20 mg (2%)<\/strong> Humo Azul 15000 zosta\u0142 stworzony z my\u015bl\u0105 o szybkim tempie \u017cycia w Dubaju i Zjednoczonych Emiratach Arabskich, oferuj\u0105c zr\u00f3\u017cnicowan\u0105 gam\u0119 profili owocowych, mi\u0119towych, deserowych i klasycznych. Niezawodny, aromatyczny i niewymagaj\u0105cy wysi\u0142ku - to urz\u0105dzenie jest doskona\u0142ym wyborem zar\u00f3wno dla pocz\u0105tkuj\u0105cych, jak i do\u015bwiadczonych waper\u00f3w.<\/p>\n\n\n\n<figure class=\"wp-block-embed is-type-video is-provider-youtube wp-block-embed-youtube wp-embed-aspect-9-16 wp-has-aspect-ratio\"><div class=\"wp-block-embed__wrapper\">\n<div class=\"video-container\"><iframe title=\"Humo Azul 24000 Puffs Vape - Unboxing i jak u\u017cywa\u0107 | Smak lodu arbuzowego\" width=\"563\" height=\"1000\" src=\"https:\/\/www.youtube.com\/embed\/U0POWHMEwbU?feature=oembed\" frameborder=\"0\" allow=\"accelerometer; autoplay; clipboard-write; encrypted-media; gyroscope; picture-in-picture; web-share\" referrerpolicy=\"strict-origin-when-cross-origin\" allowfullscreen><\/iframe><\/div>\n<\/div><\/figure>\n\n\n\n<h3 class=\"wp-block-heading\"><strong>Specyfikacja techniczna<\/strong><\/h3>\n\n\n\n<figure class=\"wp-block-table\"><table class=\"has-fixed-layout\"><thead><tr><th>Specyfikacja<\/th><th>Szczeg\u00f3\u0142y<\/th><\/tr><\/thead><tbody><tr><td><strong>Marka<\/strong><\/td><td>Humo Azul<\/td><\/tr><tr><td><strong>Pojemno\u015b\u0107 dmuchawy<\/strong><\/td><td>Do 15 000 zaci\u0105gni\u0119\u0107<\/td><\/tr><tr><td><strong>Obj\u0119to\u015b\u0107 p\u0142ynu E-Liquid<\/strong><\/td><td>18 ml wst\u0119pnie nape\u0142niony<\/td><\/tr><tr><td><strong>Pojemno\u015b\u0107 akumulatora<\/strong><\/td><td>Akumulator 650 mAh<\/td><\/tr><tr><td><strong>\u0141adowanie<\/strong><\/td><td>USB typu C (5 V)<\/td><\/tr><tr><td><strong>Si\u0142a nikotyny<\/strong><\/td><td>20 mg (2%) standard (opcje regionalne mog\u0105 si\u0119 r\u00f3\u017cni\u0107)<\/td><\/tr><tr><td><strong>Technologia cewek<\/strong><\/td><td>Siatkowa \/ podw\u00f3jnie siatkowa cewka dla lepszego odprowadzania wilgoci i bogatej pary<\/td><\/tr><tr><td><strong>Inteligentne funkcje<\/strong><\/td><td>Licznik zaci\u0105gni\u0119\u0107, timer u\u017cytkowania, wska\u017anik na\u0142adowania baterii<\/td><\/tr><tr><td><strong>Tryb aktywacji<\/strong><\/td><td>Aktywowane rysowaniem<\/td><\/tr><tr><td><strong>Struktura<\/strong><\/td><td>Konstrukcja odporna na przecieki<\/td><\/tr><\/tbody><\/table><\/figure>\n\n\n\n<h3 class=\"wp-block-heading\"><strong>Opcje smakowe<\/strong><\/h3>\n\n\n\n<p>Humo Azul 15000 oferuje wyselekcjonowany wyb\u00f3r smak\u00f3w zaprojektowanych zgodnie z regionalnymi preferencjami, oferuj\u0105c g\u0142adk\u0105, zr\u00f3wnowa\u017con\u0105 par\u0119 we wszystkich profilach.<\/p>\n\n\n\n<h3 class=\"wp-block-heading\"><strong>Popularne smaki w Dubaju:<\/strong><\/h3>\n\n\n\n<ul class=\"wp-block-list\">\n<li><strong>Blue Razz Ice<\/strong> - pikantna niebieska malina z ch\u0142odnym mentolowym wyko\u0144czeniem<\/li>\n\n\n\n<li><strong>L\u00f3d jagodowy<\/strong> - S\u0142odka jagoda po\u0142\u0105czona z lodow\u0105 \u015bwie\u017co\u015bci\u0105<\/li>\n\n\n\n<li><strong>Grape Berries Ice<\/strong> - Bogata mieszanka winogron i jag\u00f3d z ch\u0142odz\u0105cym lodem<\/li>\n\n\n\n<li><strong>L\u00f3d winogronowy<\/strong> - soczyste winogrono wzmocnione lodowatym odcieniem<\/li>\n\n\n\n<li><strong>Kiwi Passion Fruit Guava<\/strong> - tropikalne trio z jasnymi, egzotycznymi nutami<\/li>\n\n\n\n<li><strong>Lady Killer<\/strong> - orze\u017awiaj\u0105cy koktajl z owoc\u00f3w tropikalnych<\/li>\n\n\n\n<li><strong>Love 66<\/strong> - G\u0142adka, s\u0142odka mieszanka inspirowana klasycznymi odcieniami shishy<\/li>\n\n\n\n<li><strong>Melon Ice<\/strong> - s\u0142odki melon po\u0142\u0105czony z mro\u017anym mentolem<\/li>\n\n\n\n<li><strong>Peach Berry<\/strong> - dojrza\u0142a brzoskwinia zharmonizowana z mieszanymi jagodami<\/li>\n\n\n\n<li><strong>L\u00f3d brzoskwiniowy<\/strong> - soczysta brzoskwinia z orze\u017awiaj\u0105cym lodowatym wydechem<\/li>\n\n\n\n<li><strong>Truskawkowy arbuzowy l\u00f3d winogronowy<\/strong> - owocowe trio sch\u0142odzone mentolem<\/li>\n<\/ul>\n\n\n\n<h3 class=\"wp-block-heading\"><strong>Kluczowe punkty sprzeda\u017cy<\/strong><\/h3>\n\n\n\n<ul class=\"wp-block-list\">\n<li><strong>Inteligentny licznik puff\u00f3w<\/strong> - \u015bledzi ca\u0142kowite zu\u017cycie w czasie rzeczywistym<\/li>\n\n\n\n<li><strong>Informacje o u\u017cytkowaniu<\/strong> - monitoruje czas trwania zaci\u0105gni\u0119cia i szacowane zu\u017cycie kalorii<\/li>\n\n\n\n<li><strong>D\u0142ugotrwa\u0142a wydajno\u015b\u0107<\/strong> - do 15 000 zaci\u0105gni\u0119\u0107 na urz\u0105dzenie<\/li>\n\n\n\n<li><strong>Ergonomiczna, stylowa konstrukcja<\/strong><\/li>\n\n\n\n<li><strong>Przeno\u015bny i przyjazny dla pocz\u0105tkuj\u0105cych<\/strong> - Idealny dla nowych i do\u015bwiadczonych vaper\u00f3w<\/li>\n\n\n\n<li><strong>Siatkowy system cewek<\/strong> - zapewnia stabilny, mocny smak<\/li>\n\n\n\n<li><strong>Mo\u017cliwo\u015b\u0107 \u0142adowania przez Type-C<\/strong> - szybsze i bardziej wydajne \u0142adowanie<\/li>\n\n\n\n<li><strong>Satysfakcjonuj\u0105ce dostarczanie nikotyny<\/strong> - g\u0142adka moc 20 mg (2%)<\/li>\n<\/ul>\n\n\n\n<p>Poznaj \u015bwiat waporyzacji premium na stronie <a href=\"https:\/\/vapemaison.com\/\">VapeMaison<\/a>, gdzie innowacja \u0142\u0105czy si\u0119 ze stylem. Przegl\u0105daj nasz\u0105 pe\u0142n\u0105 kolekcj\u0119 na <a href=\"https:\/\/vapemaison.com\/shop\/\">Sklep<\/a> lub odkryj popularn\u0105 stron\u0119 <a href=\"https:\/\/vapemaison.com\/brand\/humo-azul\/\">Kolekcja marki Humo Vape<\/a> oraz <a href=\"https:\/\/vapemaison.com\/brand\/bang\/\">Bang<\/a> produkty, uwielbiane przez vaper\u00f3w na ca\u0142ym \u015bwiecie. Szukasz wi\u0119cej opcji? Sprawd\u017a wszystkie nasze <a href=\"https:\/\/vapemaison.com\/product-category\/puffs-count\/\">Puffy<\/a> urz\u0105dzenia i znale\u017a\u0107 idealne dopasowanie do swojego gustu i stylu \u017cycia.<\/p>","protected":false},"excerpt":{"rendered":"<p data-start=\"150\" data-end=\"428\">The <strong data-start=\"154\" data-end=\"195\">Humo Azul 15000 puff\u00f3w jednorazowego u\u017cytku Vape<\/strong> zosta\u0142 stworzony dla vaper\u00f3w, kt\u00f3rzy oczekuj\u0105 d\u0142ugotrwa\u0142ej wydajno\u015bci i czystego, sp\u00f3jnego smaku. Zaprojektowany z my\u015bl\u0105 o codziennym u\u017cytkowaniu bez wysi\u0142ku, zapewnia g\u0142adk\u0105 par\u0119 od pierwszego do ostatniego zaci\u0105gni\u0119cia, bez przycisk\u00f3w i ustawie\u0144 - po prostu wdychaj i ciesz si\u0119. Smuk\u0142y, \u0142adowalny i \u0142atwy do przenoszenia, jest niezawodnym wyborem dla tych, kt\u00f3rzy ceni\u0105 sobie prostot\u0119, stabiln\u0105 jako\u015b\u0107 i szerok\u0105 gam\u0119 wyrafinowanych smak\u00f3w do codziennego waporyzacji.<\/p>","protected":false},"featured_media":16200,"comment_status":"open","ping_status":"closed","template":"","meta":[],"product_brand":[166],"product_cat":[167],"product_tag":[],"class_list":{"0":"post-16195","1":"product","2":"type-product","3":"status-publish","4":"has-post-thumbnail","6":"product_brand-humo-azul","7":"product_cat-15k-puffs","9":"first","10":"instock","11":"sale","12":"shipping-taxable","13":"purchasable","14":"product-type-variable"},"yoast_head":"<!-- This site is optimized with the Yoast SEO plugin v27.4 - https:\/\/yoast.com\/product\/yoast-seo-wordpress\/ -->\n<title>Humo Azul 15000 Puffs Disposable Vape - VapeMaison<\/title>\n<meta name=\"description\" content=\"Humo Azul 15k Puffs offers long-lasting performance, rich mesh-coil flavor. A premium disposable vape built for smooth, consistent satisfaction.\" \/>\n<meta name=\"robots\" content=\"index, follow, max-snippet:-1, max-image-preview:large, max-video-preview:-1\" \/>\n<link rel=\"canonical\" href=\"https:\/\/vapemaison.com\/pl\/produkt\/humo-azul-15000-puffow-jednorazowych-vape-2\/\" \/>\n<meta property=\"og:locale\" content=\"pl_PL\" \/>\n<meta property=\"og:type\" content=\"article\" \/>\n<meta property=\"og:title\" content=\"Humo Azul 15000 Puffs Disposable Vape - VapeMaison\" \/>\n<meta property=\"og:description\" content=\"Humo Azul 15k Puffs offers long-lasting performance, rich mesh-coil flavor. A premium disposable vape built for smooth, consistent satisfaction.\" \/>\n<meta property=\"og:url\" content=\"https:\/\/vapemaison.com\/pl\/produkt\/humo-azul-15000-puffow-jednorazowych-vape-2\/\" \/>\n<meta property=\"og:site_name\" content=\"VapeMaison\" \/>\n<meta property=\"article:modified_time\" content=\"2026-05-05T03:15:27+00:00\" \/>\n<meta property=\"og:image\" content=\"https:\/\/vapemaison.com\/wp-content\/uploads\/2025\/12\/humo-azul-15000-puffs-limited-editon-disposable-vape-love-66.jpg\" \/>\n\t<meta property=\"og:image:width\" content=\"992\" \/>\n\t<meta property=\"og:image:height\" content=\"1056\" \/>\n\t<meta property=\"og:image:type\" content=\"image\/jpeg\" \/>\n<meta name=\"twitter:card\" content=\"summary_large_image\" \/>\n<meta name=\"twitter:label1\" content=\"Szacowany czas czytania\" \/>\n\t<meta name=\"twitter:data1\" content=\"3 minuty\" \/>\n<!-- \/ Yoast SEO plugin. -->","yoast_head_json":{"title":"Humo Azul 15000 Puffs jednorazowe Vape - VapeMaison","description":"Humo Azul 15k Puffs oferuje d\u0142ugotrwa\u0142\u0105 wydajno\u015b\u0107 i bogaty smak cewki siatkowej. Wysokiej jako\u015bci jednorazowy waporyzator stworzony z my\u015bl\u0105 o p\u0142ynnej i sta\u0142ej satysfakcji.","robots":{"index":"index","follow":"follow","max-snippet":"max-snippet:-1","max-image-preview":"max-image-preview:large","max-video-preview":"max-video-preview:-1"},"canonical":"https:\/\/vapemaison.com\/pl\/produkt\/humo-azul-15000-puffow-jednorazowych-vape-2\/","og_locale":"pl_PL","og_type":"article","og_title":"Humo Azul 15000 Puffs Disposable Vape - VapeMaison","og_description":"Humo Azul 15k Puffs offers long-lasting performance, rich mesh-coil flavor. A premium disposable vape built for smooth, consistent satisfaction.","og_url":"https:\/\/vapemaison.com\/pl\/produkt\/humo-azul-15000-puffow-jednorazowych-vape-2\/","og_site_name":"VapeMaison","article_modified_time":"2026-05-05T03:15:27+00:00","og_image":[{"width":992,"height":1056,"url":"https:\/\/vapemaison.com\/wp-content\/uploads\/2025\/12\/humo-azul-15000-puffs-limited-editon-disposable-vape-love-66.jpg","type":"image\/jpeg"}],"twitter_card":"summary_large_image","twitter_misc":{"Szacowany czas czytania":"3 minuty"},"schema":{"@context":"https:\/\/schema.org","@graph":[{"@type":"WebPage","@id":"https:\/\/vapemaison.com\/product\/humo-azul-15000-puffs-disposable-vape-2\/","url":"https:\/\/vapemaison.com\/product\/humo-azul-15000-puffs-disposable-vape-2\/","name":"Humo Azul 15000 Puffs jednorazowe Vape - VapeMaison","isPartOf":{"@id":"https:\/\/vapemaison.com\/#website"},"primaryImageOfPage":{"@id":"https:\/\/vapemaison.com\/product\/humo-azul-15000-puffs-disposable-vape-2\/#primaryimage"},"image":{"@id":"https:\/\/vapemaison.com\/product\/humo-azul-15000-puffs-disposable-vape-2\/#primaryimage"},"thumbnailUrl":"https:\/\/vapemaison.com\/wp-content\/uploads\/2025\/12\/humo-azul-15000-puffs-limited-editon-disposable-vape-love-66.jpg","datePublished":"2025-12-08T07:27:38+00:00","dateModified":"2026-05-05T03:15:27+00:00","description":"Humo Azul 15k Puffs oferuje d\u0142ugotrwa\u0142\u0105 wydajno\u015b\u0107 i bogaty smak cewki siatkowej. Wysokiej jako\u015bci jednorazowy waporyzator stworzony z my\u015bl\u0105 o p\u0142ynnej i sta\u0142ej satysfakcji.","breadcrumb":{"@id":"https:\/\/vapemaison.com\/product\/humo-azul-15000-puffs-disposable-vape-2\/#breadcrumb"},"inLanguage":"pl-PL","potentialAction":[{"@type":"ReadAction","target":["https:\/\/vapemaison.com\/product\/humo-azul-15000-puffs-disposable-vape-2\/"]}]},{"@type":"ImageObject","inLanguage":"pl-PL","@id":"https:\/\/vapemaison.com\/product\/humo-azul-15000-puffs-disposable-vape-2\/#primaryimage","url":"https:\/\/vapemaison.com\/wp-content\/uploads\/2025\/12\/humo-azul-15000-puffs-limited-editon-disposable-vape-love-66.jpg","contentUrl":"https:\/\/vapemaison.com\/wp-content\/uploads\/2025\/12\/humo-azul-15000-puffs-limited-editon-disposable-vape-love-66.jpg","width":992,"height":1056,"caption":"Humo Azul Puffs Limited Editon Disposable Vape Love"},{"@type":"BreadcrumbList","@id":"https:\/\/vapemaison.com\/product\/humo-azul-15000-puffs-disposable-vape-2\/#breadcrumb","itemListElement":[{"@type":"ListItem","position":1,"name":"\u9996\u9875","item":"https:\/\/vapemaison.com\/"},{"@type":"ListItem","position":2,"name":"Shop","item":"https:\/\/vapemaison.com\/shop\/"},{"@type":"ListItem","position":3,"name":"Humo Azul","item":"https:\/\/vapemaison.com\/brand\/humo-azul\/"},{"@type":"ListItem","position":4,"name":"Humo Azul 15000 Puffs Disposable Vape"}]},{"@type":"WebSite","@id":"https:\/\/vapemaison.com\/#website","url":"https:\/\/vapemaison.com\/","name":"VapeMaison","description":"Wysokiej jako\u015bci urz\u0105dzenia i akcesoria do waporyzacji","publisher":{"@id":"https:\/\/vapemaison.com\/#organization"},"potentialAction":[{"@type":"SearchAction","target":{"@type":"EntryPoint","urlTemplate":"https:\/\/vapemaison.com\/?s={search_term_string}"},"query-input":{"@type":"PropertyValueSpecification","valueRequired":true,"valueName":"search_term_string"}}],"inLanguage":"pl-PL"},{"@type":"Organization","@id":"https:\/\/vapemaison.com\/#organization","name":"VapeMaison","url":"https:\/\/vapemaison.com\/","logo":{"@type":"ImageObject","inLanguage":"pl-PL","@id":"https:\/\/vapemaison.com\/#\/schema\/logo\/image\/","url":"https:\/\/vapemaison.com\/wp-content\/uploads\/2026\/01\/cropped-vapemaison-logo-g-2026.webp","contentUrl":"https:\/\/vapemaison.com\/wp-content\/uploads\/2026\/01\/cropped-vapemaison-logo-g-2026.webp","width":350,"height":280,"caption":"VapeMaison"},"image":{"@id":"https:\/\/vapemaison.com\/#\/schema\/logo\/image\/"},"sameAs":["https:\/\/www.youtube.com\/@VapeMaison"]}]}},"tiered_pricing_type":"fixed","tiered_pricing_fixed_rules":{"30":"8.48","50":"7.99","100":"7.34","200":"6.78"},"tiered_pricing_product_settings":{"layout":"default","base_unit_name":{"singular":null,"plural":null},"default_variation":null},"tiered_pricing_minimum_quantity":10,"tiered_pricing_roles_data":[],"tiered_pricing_percentage_rules":[],"tiered_pricing_maximum_quantity":null,"tiered_pricing_quantity_step":"10","_links":{"self":[{"href":"https:\/\/vapemaison.com\/pl\/wp-json\/wp\/v2\/product\/16195","targetHints":{"allow":["GET"]}}],"collection":[{"href":"https:\/\/vapemaison.com\/pl\/wp-json\/wp\/v2\/product"}],"about":[{"href":"https:\/\/vapemaison.com\/pl\/wp-json\/wp\/v2\/types\/product"}],"replies":[{"embeddable":true,"href":"https:\/\/vapemaison.com\/pl\/wp-json\/wp\/v2\/comments?post=16195"}],"version-history":[{"count":2,"href":"https:\/\/vapemaison.com\/pl\/wp-json\/wp\/v2\/product\/16195\/revisions"}],"predecessor-version":[{"id":25488,"href":"https:\/\/vapemaison.com\/pl\/wp-json\/wp\/v2\/product\/16195\/revisions\/25488"}],"wp:featuredmedia":[{"embeddable":true,"href":"https:\/\/vapemaison.com\/pl\/wp-json\/wp\/v2\/media\/16200"}],"wp:attachment":[{"href":"https:\/\/vapemaison.com\/pl\/wp-json\/wp\/v2\/media?parent=16195"}],"wp:term":[{"taxonomy":"product_brand","embeddable":true,"href":"https:\/\/vapemaison.com\/pl\/wp-json\/wp\/v2\/product_brand?post=16195"},{"taxonomy":"product_cat","embeddable":true,"href":"https:\/\/vapemaison.com\/pl\/wp-json\/wp\/v2\/product_cat?post=16195"},{"taxonomy":"product_tag","embeddable":true,"href":"https:\/\/vapemaison.com\/pl\/wp-json\/wp\/v2\/product_tag?post=16195"}],"curies":[{"name":"wp","href":"https:\/\/api.w.org\/{rel}","templated":true}]}}