

{"id":16298,"date":"2025-12-09T03:35:09","date_gmt":"2025-12-09T03:35:09","guid":{"rendered":"https:\/\/vapemaison.com\/?post_type=product&#038;p=16298"},"modified":"2025-12-22T09:54:35","modified_gmt":"2025-12-22T09:54:35","slug":"bang-28000-puff-vape","status":"publish","type":"product","link":"https:\/\/vapemaison.com\/pl\/product\/bang-28000-puff-vape\/","title":{"rendered":"Bang 28K Puff Jednorazowy Vape Pen Oryginalny Regulowany poziom lodu"},"content":{"rendered":"<p><strong>Bang 28000: Przysz\u0142o\u015b\u0107 spersonalizowanej wytrzyma\u0142o\u015bci<\/strong><\/p>\n\n\n\n<p>The <strong>Jednorazowe pi\u00f3ro Vape Bang 28000<\/strong> Stanowi znacz\u0105cy skok w wydajno\u015bci, zaprojektowany tak, aby zapewni\u0107 do <strong>28 000 zaci\u0105gni\u0119\u0107<\/strong> dla u\u017cytkownik\u00f3w wymagaj\u0105cych zar\u00f3wno ekstremalnej trwa\u0142o\u015bci, jak i spersonalizowanej kontroli. <strong>Po pierwsze,<\/strong> To flagowe urz\u0105dzenie jest wyposa\u017cone w wiod\u0105ce w bran\u017cy <strong>Zbiornik e-liquidu o pojemno\u015bci 30 ml<\/strong>, Zapewnia to doskona\u0142\u0105 op\u0142acalno\u015b\u0107 i eliminuje konieczno\u015b\u0107 cz\u0119stej wymiany, zapewniaj\u0105c tygodnie nieprzerwanego u\u017cytkowania.<\/p>\n\n\n\n<p><strong>Ponadto,<\/strong> Bang 28000 zawiera <strong>Ekskluzywna technologia Adjustable Ice Level<\/strong>. Ta funkcja pozwala u\u017cytkownikom precyzyjnie dostosowa\u0107 intensywno\u015b\u0107 ch\u0142odzenia, zapewniaj\u0105c natychmiastowe, dostosowane do potrzeb doznania. <strong>Ponadto,<\/strong> jego zaawansowany <strong>Siatkowa cewka 1,0\u03a9<\/strong> zapewnia precyzyjne dostarczanie aromatu, co przek\u0142ada si\u0119 na niezmiennie bogaty smak i p\u0142ynne wytwarzanie pary.<sup><\/sup><\/p>\n\n\n\n<p><strong>Co najwa\u017cniejsze,<\/strong> Stabilna moc wspiera ogromn\u0105 wydajno\u015b\u0107. Niezawodny <strong>Akumulator o pojemno\u015bci 650 mAh<\/strong> oraz <strong>Szybkie \u0142adowanie typu C<\/strong> utrzymywa\u0107 moc przez ca\u0142y okres u\u017cytkowania. <strong>Ponadto,<\/strong> urz\u0105dzenie mo\u017cna dostosowa\u0107 zar\u00f3wno do <strong>Direct-To-Lung (DTL)<\/strong> z regulowanym przep\u0142ywem powietrza. Dost\u0119pny w czterech mocach nikotyny (<strong>0%, 2%, 3% i 5%<\/strong>) i <strong>12 pysznych smak\u00f3w<\/strong>, Bang 28000 to idealna platforma zar\u00f3wno dla konsument\u00f3w ko\u0144cowych, kt\u00f3rzy poszukuj\u0105 wysokiej jako\u015bci personalizacji. <strong>oraz<\/strong> firm wykorzystuj\u0105cych nasze <strong>Us\u0142ugi OEM\/ODM<\/strong>.<\/p>\n\n\n\n<p><strong>Kluczowe specyfikacje:<\/strong><\/p>\n\n\n\n<ul class=\"wp-block-list\">\n<li><strong>Puffy:<\/strong> Do 28 000 zaci\u0105gni\u0119\u0107<\/li>\n\n\n\n<li><strong>Pojemno\u015b\u0107:<\/strong> 30 ml<\/li>\n\n\n\n<li><strong>Cewka:<\/strong> Siatkowa cewka 1,0\u03a9<\/li>\n\n\n\n<li><strong>Bateria:<\/strong> 650 mAh (akumulator)<\/li>\n\n\n\n<li><strong>Opcje nikotyny:<\/strong> 0% \/ 2% \/ 3% \/ 5%<\/li>\n\n\n\n<li><strong>Technologia:<\/strong> Regulowany poziom lodu, \u0142adowanie typu C<\/li>\n\n\n\n<li><strong>Personalizacja:<\/strong> Obs\u0142uga przep\u0142ywu powietrza \/ DTL, dost\u0119pne us\u0142ugi OEM\/ODM<\/li>\n\n\n\n<li><strong>Liczba smak\u00f3w:<\/strong> 12 dost\u0119pnych<\/li>\n<\/ul>\n\n\n\n<p><strong>Dost\u0119pne smaki:<\/strong><\/p>\n\n\n\n<p>Arbuz truskawkowy, l\u00f3d jagodowy, krew i piasek, ananas kokosowy, banan truskawkowy, owoce mieszane, maliny jagodowe, l\u00f3d brzoskwiniowy, brzoskwinia z mango, arbuz, l\u00f3d winogronowy, truskawka z kiwi<\/p>\n\n\n\n<p>Do\u0142\u0105cz do tysi\u0119cy zadowolonych vaper\u00f3w, kt\u00f3rzy kochaj\u0105 urz\u0105dzenia Bang! Poznaj nasze <a href=\"https:\/\/vapemaison.com\">strona g\u0142\u00f3wna<\/a> nowo\u015bci, sprawd\u017a <a href=\"https:\/\/vapemaison.com\/shop\">sklep<\/a> aby zapozna\u0107 si\u0119 z pe\u0142n\u0105 ofert\u0105 lub dowiedzie\u0107 si\u0119 wi\u0119cej o <a href=\"https:\/\/vapemaison.com\/brand\/bang\">Marka Bang<\/a> o kt\u00f3rych wszyscy m\u00f3wi\u0105. Dla urozmaicenia odkryj <a href=\"https:\/\/vapemaison.com\/brand\/humo-azul\/\">Kolekcja marki Humo Vape<\/a> produkty lub przegl\u0105daj wszystkie <a href=\"https:\/\/vapemaison.com\/product-category\/puffs-count\/\">Puffs vapes<\/a> w jednym miejscu.<\/p>\n\n\n\n<p><\/p>","protected":false},"excerpt":{"rendered":"<p>Zdefiniuj na nowo swoje do\u015bwiadczenie z <b data-path-to-node=\"0\" data-index-in-node=\"34\">Bang 28000<\/b>, zawieraj\u0105cy ekskluzywne <b data-path-to-node=\"0\" data-index-in-node=\"66\">Regulowany poziom lodu<\/b> zapewniaj\u0105ca w pe\u0142ni spersonalizowane ch\u0142odzenie. Dzi\u0119ki 28 000 zaci\u0105gni\u0119\u0107, ogromnej pojemno\u015bci 30 ml i cewce siatkowej 1,0 \u03a9 zapewnia precyzyjny smak i d\u0142ugotrwa\u0142\u0105 wydajno\u015b\u0107 - zam\u00f3w ju\u017c dzi\u015b, aby zapewni\u0107 sobie preferowan\u0105 moc nikotyny dzi\u0119ki naszej szybkiej wysy\u0142ce.<\/p>","protected":false},"featured_media":16299,"comment_status":"open","ping_status":"closed","template":"","meta":[],"product_brand":[57],"product_cat":[16],"product_tag":[],"class_list":{"0":"post-16298","1":"product","2":"type-product","3":"status-publish","4":"has-post-thumbnail","6":"product_brand-bang","7":"product_cat-uncategorized","9":"first","10":"instock","11":"sale","12":"shipping-taxable","13":"purchasable","14":"product-type-variable"},"yoast_head":"<!-- This site is optimized with the Yoast SEO plugin v27.4 - https:\/\/yoast.com\/product\/yoast-seo-wordpress\/ -->\n<title>Bang 28000 Puff Vape | Adjustable Ice Level &amp; 30mL<\/title>\n<meta name=\"description\" content=\"Experience the 28K Puff Bang 28000 with exclusive Adjustable Ice Level tech. Massive 30mL capacity, and Type-C charging. Customize your perfect hit now!\" \/>\n<meta name=\"robots\" content=\"index, follow, max-snippet:-1, max-image-preview:large, max-video-preview:-1\" \/>\n<link rel=\"canonical\" href=\"https:\/\/vapemaison.com\/pl\/produkt\/bang-28000-puff-vape\/\" \/>\n<meta property=\"og:locale\" content=\"pl_PL\" \/>\n<meta property=\"og:type\" content=\"article\" \/>\n<meta property=\"og:title\" content=\"Bang 28000 Puff Vape | Adjustable Ice Level &amp; 30mL\" \/>\n<meta property=\"og:description\" content=\"Experience the 28K Puff Bang 28000 with exclusive Adjustable Ice Level tech. Massive 30mL capacity, and Type-C charging. Customize your perfect hit now!\" \/>\n<meta property=\"og:url\" content=\"https:\/\/vapemaison.com\/pl\/produkt\/bang-28000-puff-vape\/\" \/>\n<meta property=\"og:site_name\" content=\"VapeMaison\" \/>\n<meta property=\"article:modified_time\" content=\"2025-12-22T09:54:35+00:00\" \/>\n<meta property=\"og:image\" content=\"https:\/\/vapemaison.com\/wp-content\/uploads\/2025\/12\/vape-bang-28000-puffs-main-image.jpg.webp\" \/>\n\t<meta property=\"og:image:width\" content=\"1000\" \/>\n\t<meta property=\"og:image:height\" content=\"1000\" \/>\n\t<meta property=\"og:image:type\" content=\"image\/webp\" \/>\n<meta name=\"twitter:card\" content=\"summary_large_image\" \/>\n<meta name=\"twitter:label1\" content=\"Szacowany czas czytania\" \/>\n\t<meta name=\"twitter:data1\" content=\"2 minuty\" \/>\n<!-- \/ Yoast SEO plugin. -->","yoast_head_json":{"title":"Bang 28000 Puff Vape | Regulowany poziom lodu i 30 ml","description":"Poznaj Puff Bang 28000 z wyj\u0105tkow\u0105 technologi\u0105 Adjustable Ice Level. Ogromna pojemno\u015b\u0107 30 ml i \u0142adowanie typu C. Dostosuj swoje idealne uderzenie ju\u017c teraz!","robots":{"index":"index","follow":"follow","max-snippet":"max-snippet:-1","max-image-preview":"max-image-preview:large","max-video-preview":"max-video-preview:-1"},"canonical":"https:\/\/vapemaison.com\/pl\/produkt\/bang-28000-puff-vape\/","og_locale":"pl_PL","og_type":"article","og_title":"Bang 28000 Puff Vape | Adjustable Ice Level & 30mL","og_description":"Experience the 28K Puff Bang 28000 with exclusive Adjustable Ice Level tech. Massive 30mL capacity, and Type-C charging. Customize your perfect hit now!","og_url":"https:\/\/vapemaison.com\/pl\/produkt\/bang-28000-puff-vape\/","og_site_name":"VapeMaison","article_modified_time":"2025-12-22T09:54:35+00:00","og_image":[{"width":1000,"height":1000,"url":"https:\/\/vapemaison.com\/wp-content\/uploads\/2025\/12\/vape-bang-28000-puffs-main-image.jpg.webp","type":"image\/webp"}],"twitter_card":"summary_large_image","twitter_misc":{"Szacowany czas czytania":"2 minuty"},"schema":{"@context":"https:\/\/schema.org","@graph":[{"@type":"WebPage","@id":"https:\/\/vapemaison.com\/product\/bang-28000-puff-vape\/","url":"https:\/\/vapemaison.com\/product\/bang-28000-puff-vape\/","name":"Bang 28000 Puff Vape | Regulowany poziom lodu i 30 ml","isPartOf":{"@id":"https:\/\/vapemaison.com\/#website"},"primaryImageOfPage":{"@id":"https:\/\/vapemaison.com\/product\/bang-28000-puff-vape\/#primaryimage"},"image":{"@id":"https:\/\/vapemaison.com\/product\/bang-28000-puff-vape\/#primaryimage"},"thumbnailUrl":"https:\/\/vapemaison.com\/wp-content\/uploads\/2025\/12\/vape-bang-28000-puffs-main-image.jpg.webp","datePublished":"2025-12-09T03:35:09+00:00","dateModified":"2025-12-22T09:54:35+00:00","description":"Poznaj Puff Bang 28000 z wyj\u0105tkow\u0105 technologi\u0105 Adjustable Ice Level. Ogromna pojemno\u015b\u0107 30 ml i \u0142adowanie typu C. Dostosuj swoje idealne uderzenie ju\u017c teraz!","breadcrumb":{"@id":"https:\/\/vapemaison.com\/product\/bang-28000-puff-vape\/#breadcrumb"},"inLanguage":"pl-PL","potentialAction":[{"@type":"ReadAction","target":["https:\/\/vapemaison.com\/product\/bang-28000-puff-vape\/"]}]},{"@type":"ImageObject","inLanguage":"pl-PL","@id":"https:\/\/vapemaison.com\/product\/bang-28000-puff-vape\/#primaryimage","url":"https:\/\/vapemaison.com\/wp-content\/uploads\/2025\/12\/vape-bang-28000-puffs-main-image.jpg.webp","contentUrl":"https:\/\/vapemaison.com\/wp-content\/uploads\/2025\/12\/vape-bang-28000-puffs-main-image.jpg.webp","width":1000,"height":1000,"caption":"Vape Bang Puffs Main Image.jpg"},{"@type":"BreadcrumbList","@id":"https:\/\/vapemaison.com\/product\/bang-28000-puff-vape\/#breadcrumb","itemListElement":[{"@type":"ListItem","position":1,"name":"\u9996\u9875","item":"https:\/\/vapemaison.com\/"},{"@type":"ListItem","position":2,"name":"Shop","item":"https:\/\/vapemaison.com\/shop\/"},{"@type":"ListItem","position":3,"name":"Bang","item":"https:\/\/vapemaison.com\/brand\/bang\/"},{"@type":"ListItem","position":4,"name":"Bang 28K Puff Disposable Vape Pen Original Adjustable Ice level"}]},{"@type":"WebSite","@id":"https:\/\/vapemaison.com\/#website","url":"https:\/\/vapemaison.com\/","name":"VapeMaison","description":"Wysokiej jako\u015bci urz\u0105dzenia i akcesoria do waporyzacji","publisher":{"@id":"https:\/\/vapemaison.com\/#organization"},"potentialAction":[{"@type":"SearchAction","target":{"@type":"EntryPoint","urlTemplate":"https:\/\/vapemaison.com\/?s={search_term_string}"},"query-input":{"@type":"PropertyValueSpecification","valueRequired":true,"valueName":"search_term_string"}}],"inLanguage":"pl-PL"},{"@type":"Organization","@id":"https:\/\/vapemaison.com\/#organization","name":"VapeMaison","url":"https:\/\/vapemaison.com\/","logo":{"@type":"ImageObject","inLanguage":"pl-PL","@id":"https:\/\/vapemaison.com\/#\/schema\/logo\/image\/","url":"https:\/\/vapemaison.com\/wp-content\/uploads\/2026\/01\/cropped-vapemaison-logo-g-2026.webp","contentUrl":"https:\/\/vapemaison.com\/wp-content\/uploads\/2026\/01\/cropped-vapemaison-logo-g-2026.webp","width":350,"height":280,"caption":"VapeMaison"},"image":{"@id":"https:\/\/vapemaison.com\/#\/schema\/logo\/image\/"},"sameAs":["https:\/\/www.youtube.com\/@VapeMaison"]}]}},"tiered_pricing_type":"fixed","tiered_pricing_fixed_rules":{"30":"9.99","50":"8.99","100":"8.21","200":"7.42"},"tiered_pricing_product_settings":{"layout":"default","base_unit_name":{"singular":null,"plural":null},"default_variation":null},"tiered_pricing_minimum_quantity":10,"tiered_pricing_roles_data":[],"tiered_pricing_percentage_rules":[],"tiered_pricing_maximum_quantity":null,"tiered_pricing_quantity_step":"10","_links":{"self":[{"href":"https:\/\/vapemaison.com\/pl\/wp-json\/wp\/v2\/product\/16298","targetHints":{"allow":["GET"]}}],"collection":[{"href":"https:\/\/vapemaison.com\/pl\/wp-json\/wp\/v2\/product"}],"about":[{"href":"https:\/\/vapemaison.com\/pl\/wp-json\/wp\/v2\/types\/product"}],"replies":[{"embeddable":true,"href":"https:\/\/vapemaison.com\/pl\/wp-json\/wp\/v2\/comments?post=16298"}],"version-history":[{"count":0,"href":"https:\/\/vapemaison.com\/pl\/wp-json\/wp\/v2\/product\/16298\/revisions"}],"wp:featuredmedia":[{"embeddable":true,"href":"https:\/\/vapemaison.com\/pl\/wp-json\/wp\/v2\/media\/16299"}],"wp:attachment":[{"href":"https:\/\/vapemaison.com\/pl\/wp-json\/wp\/v2\/media?parent=16298"}],"wp:term":[{"taxonomy":"product_brand","embeddable":true,"href":"https:\/\/vapemaison.com\/pl\/wp-json\/wp\/v2\/product_brand?post=16298"},{"taxonomy":"product_cat","embeddable":true,"href":"https:\/\/vapemaison.com\/pl\/wp-json\/wp\/v2\/product_cat?post=16298"},{"taxonomy":"product_tag","embeddable":true,"href":"https:\/\/vapemaison.com\/pl\/wp-json\/wp\/v2\/product_tag?post=16298"}],"curies":[{"name":"wp","href":"https:\/\/api.w.org\/{rel}","templated":true}]}}