

{"id":16354,"date":"2025-12-09T05:38:21","date_gmt":"2025-12-09T05:38:21","guid":{"rendered":"https:\/\/vapemaison.com\/?post_type=product&#038;p=16354"},"modified":"2025-12-22T09:51:52","modified_gmt":"2025-12-22T09:51:52","slug":"bang-40000-40k-puffow-vape-led-wyswietlacz-cyfrowy","status":"publish","type":"product","link":"https:\/\/vapemaison.com\/pl\/product\/bang-40000-40k-puffs-vape-led-digital-display\/","title":{"rendered":"Cyfrowy wy\u015bwietlacz LED Bang 40000 40K Puffs Vape"},"content":{"rendered":"<h2 class=\"wp-block-heading\"><strong>Bang 40000 - 40 tys. zaci\u0105gni\u0119\u0107 Vape do wielokrotnego nape\u0142niania z wy\u015bwietlaczem LED<\/strong><\/h2>\n\n\n\n<p>The <strong>Bang 40K Puffs<\/strong> zosta\u0142 zaprojektowany dla vaper\u00f3w, kt\u00f3rzy oczekuj\u0105 d\u0142ugotrwa\u0142ej wydajno\u015bci, g\u0142adkiego smaku i nowoczesnej wygody. Dostarczanie <strong>do 40 tys. zaci\u0105gni\u0119\u0107<\/strong>, to urz\u0105dzenie jest wyposa\u017cone w <strong>Zbiornik wielokrotnego nape\u0142niania 10 ml<\/strong> i zawiera butelk\u0119 e-liquidu do \u0142atwego uzupe\u0142niania. Zasilany przez <strong>Wytrzyma\u0142a bateria 750 mAh<\/strong>, zapewnia sta\u0142\u0105 moc wyj\u015bciow\u0105, w po\u0142\u0105czeniu z <strong>Podw\u00f3jna cewka 1,0\u03a9<\/strong> kt\u00f3ry zwi\u0119ksza produkcj\u0119 pary i konsystencj\u0119 smaku.<\/p>\n\n\n\n<p>Inteligentny <strong>Cyfrowy wy\u015bwietlacz LED<\/strong> na bie\u017c\u0105co informuje u\u017cytkownika o poziomie na\u0142adowania baterii i poziomu e-cieczy, a wbudowana funkcja <strong>blokada przed dzie\u0107mi<\/strong> zapewnia dodatkow\u0105 warstw\u0119 bezpiecze\u0144stwa. Z <strong>Podw\u00f3jne tryby waporyzacji<\/strong>-MTL przy 12 W i DTL przy 24 W - a tak\u017ce <strong>regulowany system przep\u0142ywu powietrza<\/strong>, Dzi\u0119ki temu mo\u017cesz spersonalizowa\u0107 sw\u00f3j tyto\u0144 dok\u0142adnie tak, jak lubisz. Dost\u0119pne st\u0119\u017cenia nikotyny obejmuj\u0105 <strong>0%, 2%, 3% i 5%<\/strong>, wraz z <strong>12 ekscytuj\u0105cych smak\u00f3w<\/strong> dopasowane do ka\u017cdych preferencji. Wyposa\u017cony w <strong>Szybkie \u0142adowanie typu C<\/strong>, Bang 40000 minimalizuje przestoje i zapewnia p\u0142ynn\u0105 prac\u0119.<\/p>\n\n\n\n<h3 class=\"wp-block-heading\"><strong>Cechy<\/strong><\/h3>\n\n\n\n<ul class=\"wp-block-list\">\n<li>Poziom nikotyny: <strong>0%, 2%, 3%, 5%<\/strong><\/li>\n\n\n\n<li>Pojemno\u015b\u0107 dmuchawy: <strong>Do 40 tys. zaci\u0105gni\u0119\u0107<\/strong><\/li>\n\n\n\n<li>Pojemno\u015b\u0107 e-liquidu: <strong>Zbiornik wielokrotnego nape\u0142niania 10 ml<\/strong> (zawiera jedn\u0105 butelk\u0119 e-liquidu)<\/li>\n\n\n\n<li>Odporno\u015b\u0107 cewki: <strong>Podw\u00f3jna cewka 1,0\u03a9<\/strong><\/li>\n\n\n\n<li>Zasilanie bateryjne: <strong>750mAh<\/strong><\/li>\n\n\n\n<li>Inteligentny wy\u015bwietlacz: Pokazuje \u017cywotno\u015b\u0107 baterii i poziom e-cieczy<\/li>\n\n\n\n<li>Blokada przed dzie\u0107mi: <strong>Tak<\/strong>, zabezpieczenie przed dzie\u0107mi<\/li>\n\n\n\n<li>Podw\u00f3jne tryby waporyzacji: <strong>MTL 12W \/ DTL 24W<\/strong><\/li>\n\n\n\n<li>Regulowany przep\u0142yw powietrza: W pe\u0142ni konfigurowalny<\/li>\n\n\n\n<li>Szybkie \u0142adowanie: <strong>Typ-C<\/strong><\/li>\n\n\n\n<li>Smaki: <strong>12 smak\u00f3w<\/strong><\/li>\n<\/ul>\n\n\n\n<h3 class=\"wp-block-heading\"><strong>Lista smak\u00f3w<\/strong><\/h3>\n\n\n\n<ul class=\"wp-block-list\">\n<li>Arbuzowy l\u00f3d<\/li>\n\n\n\n<li>Mango truskawkowe<\/li>\n\n\n\n<li>Arbuz truskawkowy<\/li>\n\n\n\n<li>L\u00f3d winogronowy<\/li>\n\n\n\n<li>Brzoskwinia Mango Arbuz<\/li>\n\n\n\n<li>Bor\u00f3wka Malina<\/li>\n\n\n\n<li>L\u00f3d jagodowy<\/li>\n\n\n\n<li>Banan truskawkowy<\/li>\n\n\n\n<li>Arbuz jagodowy<\/li>\n\n\n\n<li>Red Bull<\/li>\n\n\n\n<li>Truskawka Kiwi<\/li>\n\n\n\n<li>Mieszanka sple\u015bnia\u0142ych owoc\u00f3w<\/li>\n<\/ul>\n\n\n\n<p>Do\u0142\u0105cz do tysi\u0119cy zadowolonych vaper\u00f3w, kt\u00f3rzy kochaj\u0105 urz\u0105dzenia Bang! Poznaj nasze <a href=\"https:\/\/vapemaison.com\">strona g\u0142\u00f3wna<\/a> nowo\u015bci, sprawd\u017a <a href=\"https:\/\/vapemaison.com\/shop\">sklep<\/a> aby zapozna\u0107 si\u0119 z pe\u0142n\u0105 ofert\u0105 lub dowiedzie\u0107 si\u0119 wi\u0119cej o <a href=\"https:\/\/vapemaison.com\/brand\/bang\">Marka Bang<\/a> o kt\u00f3rych wszyscy m\u00f3wi\u0105. Dla urozmaicenia odkryj <a href=\"https:\/\/vapemaison.com\/brand\/humo-azul\/\">Kolekcja marki Humo Vape<\/a> produkty lub przegl\u0105daj wszystkie <a href=\"https:\/\/vapemaison.com\/product-category\/puffs-count\/\">Puffs vapes<\/a> w jednym miejscu.<\/p>","protected":false},"excerpt":{"rendered":"<div id=\"model-response-message-contentr_6d2fc3a728b37b8c\" class=\"markdown markdown-main-panel stronger enable-updated-hr-color\" dir=\"ltr\" aria-live=\"polite\" aria-busy=\"false\">\n<p data-path-to-node=\"0\">Opanuj sw\u00f3j vape dzi\u0119ki <b data-path-to-node=\"0\" data-index-in-node=\"26\">Bang 40000<\/b>, Wszechstronny wzmacniacz wyposa\u017cony w <b data-path-to-node=\"0\" data-index-in-node=\"71\">Podw\u00f3jne tryby waporyzacji<\/b> (MTL przy 12 W i DTL przy 24 W) oraz podw\u00f3jn\u0105 cewk\u0119 siatkow\u0105 1,0 \u03a9 zapewniaj\u0105c\u0105 najwy\u017csz\u0105 kontrol\u0119 smaku. To <b data-path-to-node=\"0\" data-index-in-node=\"177\">wielokrotnego u\u017cytku<\/b> Urz\u0105dzenie o pojemno\u015bci 40 000 dmuchaw zawiera inteligentny wy\u015bwietlacz LED, wbudowan\u0105 blokad\u0119 przed dzie\u0107mi i regulowany przep\u0142yw powietrza, aby w pe\u0142ni spersonalizowa\u0107 swoje wra\u017cenia - zam\u00f3w ju\u017c dzi\u015b, aby zapewni\u0107 sobie najnowsze bezpiecze\u0144stwo i wydajno\u015b\u0107 dzi\u0119ki naszej gwarancji szybkiej wysy\u0142ki.<\/p>\n<\/div>","protected":false},"featured_media":16407,"comment_status":"open","ping_status":"closed","template":"","meta":[],"product_brand":[57],"product_cat":[135],"product_tag":[],"class_list":{"0":"post-16354","1":"product","2":"type-product","3":"status-publish","4":"has-post-thumbnail","6":"product_brand-bang","7":"product_cat-40k-puffs","9":"first","10":"instock","11":"sale","12":"shipping-taxable","13":"purchasable","14":"product-type-variable"},"yoast_head":"<!-- This site is optimized with the Yoast SEO plugin v27.4 - https:\/\/yoast.com\/product\/yoast-seo-wordpress\/ -->\n<title>Bang 40000 Vape \u2013 40K Puffs Refillable LED Display Device<\/title>\n<meta name=\"description\" content=\"Experience the Bang 40000 with 40K puffs, refillable 10mL tank, dual mesh coil, LED display, dual vaping modes, Type-C charging, and 12 amazing flavors.\" \/>\n<meta name=\"robots\" content=\"index, follow, max-snippet:-1, max-image-preview:large, max-video-preview:-1\" \/>\n<link rel=\"canonical\" href=\"https:\/\/vapemaison.com\/pl\/produkt\/bang-40000-40k-puffow-vape-led-wyswietlacz-cyfrowy\/\" \/>\n<meta property=\"og:locale\" content=\"pl_PL\" \/>\n<meta property=\"og:type\" content=\"article\" \/>\n<meta property=\"og:title\" content=\"Bang 40000 Vape \u2013 40K Puffs Refillable LED Display Device\" \/>\n<meta property=\"og:description\" content=\"Experience the Bang 40000 with 40K puffs, refillable 10mL tank, dual mesh coil, LED display, dual vaping modes, Type-C charging, and 12 amazing flavors.\" \/>\n<meta property=\"og:url\" content=\"https:\/\/vapemaison.com\/pl\/produkt\/bang-40000-40k-puffow-vape-led-wyswietlacz-cyfrowy\/\" \/>\n<meta property=\"og:site_name\" content=\"VapeMaison\" \/>\n<meta property=\"article:modified_time\" content=\"2025-12-22T09:51:52+00:00\" \/>\n<meta property=\"og:image\" content=\"https:\/\/vapemaison.com\/wp-content\/uploads\/2025\/12\/vape-bang-40000-40k-puffs-peach-mango-watermelon-654x690.jpg.webp\" \/>\n\t<meta property=\"og:image:width\" content=\"654\" \/>\n\t<meta property=\"og:image:height\" content=\"690\" \/>\n\t<meta property=\"og:image:type\" content=\"image\/webp\" \/>\n<meta name=\"twitter:card\" content=\"summary_large_image\" \/>\n<meta name=\"twitter:label1\" content=\"Szacowany czas czytania\" \/>\n\t<meta name=\"twitter:data1\" content=\"2 minuty\" \/>\n<!-- \/ Yoast SEO plugin. -->","yoast_head_json":{"title":"Bang 40000 Vape - urz\u0105dzenie z wy\u015bwietlaczem LED do wielokrotnego nape\u0142niania 40 tys. puff\u00f3w","description":"Do\u015bwiadcz Bang 40000 z 40 tysi\u0105cami zaci\u0105gni\u0119\u0107, zbiornikiem 10 ml wielokrotnego nape\u0142niania, podw\u00f3jn\u0105 cewk\u0105 siatkow\u0105, wy\u015bwietlaczem LED, dwoma trybami waporyzacji, \u0142adowaniem typu C i 12 niesamowitymi smakami.","robots":{"index":"index","follow":"follow","max-snippet":"max-snippet:-1","max-image-preview":"max-image-preview:large","max-video-preview":"max-video-preview:-1"},"canonical":"https:\/\/vapemaison.com\/pl\/produkt\/bang-40000-40k-puffow-vape-led-wyswietlacz-cyfrowy\/","og_locale":"pl_PL","og_type":"article","og_title":"Bang 40000 Vape \u2013 40K Puffs Refillable LED Display Device","og_description":"Experience the Bang 40000 with 40K puffs, refillable 10mL tank, dual mesh coil, LED display, dual vaping modes, Type-C charging, and 12 amazing flavors.","og_url":"https:\/\/vapemaison.com\/pl\/produkt\/bang-40000-40k-puffow-vape-led-wyswietlacz-cyfrowy\/","og_site_name":"VapeMaison","article_modified_time":"2025-12-22T09:51:52+00:00","og_image":[{"width":654,"height":690,"url":"https:\/\/vapemaison.com\/wp-content\/uploads\/2025\/12\/vape-bang-40000-40k-puffs-peach-mango-watermelon-654x690.jpg.webp","type":"image\/webp"}],"twitter_card":"summary_large_image","twitter_misc":{"Szacowany czas czytania":"2 minuty"},"schema":{"@context":"https:\/\/schema.org","@graph":[{"@type":"WebPage","@id":"https:\/\/vapemaison.com\/product\/bang-40000-40k-puffs-vape-led-digital-display\/","url":"https:\/\/vapemaison.com\/product\/bang-40000-40k-puffs-vape-led-digital-display\/","name":"Bang 40000 Vape - urz\u0105dzenie z wy\u015bwietlaczem LED do wielokrotnego nape\u0142niania 40 tys. puff\u00f3w","isPartOf":{"@id":"https:\/\/vapemaison.com\/#website"},"primaryImageOfPage":{"@id":"https:\/\/vapemaison.com\/product\/bang-40000-40k-puffs-vape-led-digital-display\/#primaryimage"},"image":{"@id":"https:\/\/vapemaison.com\/product\/bang-40000-40k-puffs-vape-led-digital-display\/#primaryimage"},"thumbnailUrl":"https:\/\/vapemaison.com\/wp-content\/uploads\/2025\/12\/vape-bang-40000-40k-puffs-peach-mango-watermelon-654x690.jpg.webp","datePublished":"2025-12-09T05:38:21+00:00","dateModified":"2025-12-22T09:51:52+00:00","description":"Do\u015bwiadcz Bang 40000 z 40 tysi\u0105cami zaci\u0105gni\u0119\u0107, zbiornikiem 10 ml wielokrotnego nape\u0142niania, podw\u00f3jn\u0105 cewk\u0105 siatkow\u0105, wy\u015bwietlaczem LED, dwoma trybami waporyzacji, \u0142adowaniem typu C i 12 niesamowitymi smakami.","breadcrumb":{"@id":"https:\/\/vapemaison.com\/product\/bang-40000-40k-puffs-vape-led-digital-display\/#breadcrumb"},"inLanguage":"pl-PL","potentialAction":[{"@type":"ReadAction","target":["https:\/\/vapemaison.com\/product\/bang-40000-40k-puffs-vape-led-digital-display\/"]}]},{"@type":"ImageObject","inLanguage":"pl-PL","@id":"https:\/\/vapemaison.com\/product\/bang-40000-40k-puffs-vape-led-digital-display\/#primaryimage","url":"https:\/\/vapemaison.com\/wp-content\/uploads\/2025\/12\/vape-bang-40000-40k-puffs-peach-mango-watermelon-654x690.jpg.webp","contentUrl":"https:\/\/vapemaison.com\/wp-content\/uploads\/2025\/12\/vape-bang-40000-40k-puffs-peach-mango-watermelon-654x690.jpg.webp","width":654,"height":690,"caption":"Vape Bang 40k Puffs Peach Mango Watermelon 654x690.jpg"},{"@type":"BreadcrumbList","@id":"https:\/\/vapemaison.com\/product\/bang-40000-40k-puffs-vape-led-digital-display\/#breadcrumb","itemListElement":[{"@type":"ListItem","position":1,"name":"\u9996\u9875","item":"https:\/\/vapemaison.com\/"},{"@type":"ListItem","position":2,"name":"Shop","item":"https:\/\/vapemaison.com\/shop\/"},{"@type":"ListItem","position":3,"name":"Bang","item":"https:\/\/vapemaison.com\/brand\/bang\/"},{"@type":"ListItem","position":4,"name":"Bang 40000 40K Puffs Vape LED Digital Display"}]},{"@type":"WebSite","@id":"https:\/\/vapemaison.com\/#website","url":"https:\/\/vapemaison.com\/","name":"VapeMaison","description":"Wysokiej jako\u015bci urz\u0105dzenia i akcesoria do waporyzacji","publisher":{"@id":"https:\/\/vapemaison.com\/#organization"},"potentialAction":[{"@type":"SearchAction","target":{"@type":"EntryPoint","urlTemplate":"https:\/\/vapemaison.com\/?s={search_term_string}"},"query-input":{"@type":"PropertyValueSpecification","valueRequired":true,"valueName":"search_term_string"}}],"inLanguage":"pl-PL"},{"@type":"Organization","@id":"https:\/\/vapemaison.com\/#organization","name":"VapeMaison","url":"https:\/\/vapemaison.com\/","logo":{"@type":"ImageObject","inLanguage":"pl-PL","@id":"https:\/\/vapemaison.com\/#\/schema\/logo\/image\/","url":"https:\/\/vapemaison.com\/wp-content\/uploads\/2026\/01\/cropped-vapemaison-logo-g-2026.webp","contentUrl":"https:\/\/vapemaison.com\/wp-content\/uploads\/2026\/01\/cropped-vapemaison-logo-g-2026.webp","width":350,"height":280,"caption":"VapeMaison"},"image":{"@id":"https:\/\/vapemaison.com\/#\/schema\/logo\/image\/"},"sameAs":["https:\/\/www.youtube.com\/@VapeMaison"]}]}},"tiered_pricing_type":"fixed","tiered_pricing_fixed_rules":{"30":"11.45","50":"10.99","100":"9.99","200":"8.99"},"tiered_pricing_product_settings":{"layout":"default","base_unit_name":{"singular":null,"plural":null},"default_variation":null},"tiered_pricing_minimum_quantity":10,"tiered_pricing_roles_data":[],"tiered_pricing_percentage_rules":[],"tiered_pricing_maximum_quantity":null,"tiered_pricing_quantity_step":"10","_links":{"self":[{"href":"https:\/\/vapemaison.com\/pl\/wp-json\/wp\/v2\/product\/16354","targetHints":{"allow":["GET"]}}],"collection":[{"href":"https:\/\/vapemaison.com\/pl\/wp-json\/wp\/v2\/product"}],"about":[{"href":"https:\/\/vapemaison.com\/pl\/wp-json\/wp\/v2\/types\/product"}],"replies":[{"embeddable":true,"href":"https:\/\/vapemaison.com\/pl\/wp-json\/wp\/v2\/comments?post=16354"}],"version-history":[{"count":0,"href":"https:\/\/vapemaison.com\/pl\/wp-json\/wp\/v2\/product\/16354\/revisions"}],"wp:featuredmedia":[{"embeddable":true,"href":"https:\/\/vapemaison.com\/pl\/wp-json\/wp\/v2\/media\/16407"}],"wp:attachment":[{"href":"https:\/\/vapemaison.com\/pl\/wp-json\/wp\/v2\/media?parent=16354"}],"wp:term":[{"taxonomy":"product_brand","embeddable":true,"href":"https:\/\/vapemaison.com\/pl\/wp-json\/wp\/v2\/product_brand?post=16354"},{"taxonomy":"product_cat","embeddable":true,"href":"https:\/\/vapemaison.com\/pl\/wp-json\/wp\/v2\/product_cat?post=16354"},{"taxonomy":"product_tag","embeddable":true,"href":"https:\/\/vapemaison.com\/pl\/wp-json\/wp\/v2\/product_tag?post=16354"}],"curies":[{"name":"wp","href":"https:\/\/api.w.org\/{rel}","templated":true}]}}