

{"id":16442,"date":"2025-12-09T07:31:45","date_gmt":"2025-12-09T07:31:45","guid":{"rendered":"https:\/\/vapemaison.com\/?post_type=product&#038;p=16442"},"modified":"2025-12-22T09:51:28","modified_gmt":"2025-12-22T09:51:28","slug":"bang-blaze-40k-puffow-2-5-nikotyny","status":"publish","type":"product","link":"https:\/\/vapemaison.com\/pl\/product\/bang-blaze-40k-puffs-2-5-nicotine\/","title":{"rendered":"Bang Blaze 40k Puffs 2% 5% Nikotyna"},"content":{"rendered":"<p>The <strong>Bang Blaze 40k Puffs<\/strong> zosta\u0142 zaprojektowany z my\u015bl\u0105 o u\u017cytkownikach, kt\u00f3rzy oczekuj\u0105 maksymalnej liczby zaci\u0105gni\u0119\u0107, silnego aromatu i swobody nape\u0142niania dowolnym e-liquidem. Dzi\u0119ki ogromnej pojemno\u015bci i zaawansowanej konstrukcji cewki siatkowej, urz\u0105dzenie to zapewnia zar\u00f3wno d\u0142ugowieczno\u015b\u0107, jak i doskona\u0142y smak w jednym jednorazowym systemie wielokrotnego nape\u0142niania.<\/p>\n\n\n\n<p>Je\u015bli jeste\u015b nowy w naszym sklepie, zapraszamy do zapoznania si\u0119 z nasz\u0105 ofert\u0105 <strong><a href=\"https:\/\/vapemaison.com\/product-category\/hot-series\/\">Bestsellery<\/a><\/strong> lub dowiedzie\u0107 si\u0119 wi\u0119cej o naszej <strong><a href=\"https:\/\/vapemaison.com\/brand\/bang\/\">Kolekcja Bang Vape<\/a><\/strong> dla powi\u0105zanych produkt\u00f3w.<\/p>\n\n\n\n<h2 class=\"wp-block-heading\"><strong>Cechy i wydajno\u015b\u0107 Bang Blaze 40k Puffs<\/strong><\/h2>\n\n\n\n<p>Zbudowany z <strong>Akumulator o pojemno\u015bci 1000 mAh<\/strong> oraz <strong>Szybkie \u0142adowanie typu C<\/strong>, Bang Blaze 40K oferuje niezawodn\u0105 moc i szybkie cykle \u0142adowania. Jego <strong>Cewka o oczkach 0,6\u03a9<\/strong> zapewnia bogatsz\u0105 par\u0119, p\u0142ynniejszy przep\u0142yw powietrza i sta\u0142\u0105 wydajno\u015b\u0107, nawet po wielokrotnym nape\u0142nieniu.<\/p>\n\n\n\n<p>To urz\u0105dzenie obs\u0142uguje <strong>Pojemno\u015b\u0107 40 ml e-liquidu<\/strong> i oferuje <strong>Moc nikotyny 2% i 5%<\/strong>, umo\u017cliwiaj\u0105c u\u017cytkownikom precyzyjne dostrojenie wra\u017ce\u0144 z waporyzacji. Niezale\u017cnie od tego, czy wolisz mocne uderzenie w gard\u0142o, czy p\u0142ynniejsze, l\u017cejsze zaci\u0105ganie, Bang Blaze 40000 Puffs zapewnia pe\u0142n\u0105 personalizacj\u0119.<\/p>\n\n\n\n<p>Aby uzyska\u0107 wi\u0119cej informacji na temat jednorazowych standard\u00f3w vape, mo\u017cesz r\u00f3wnie\u017c sprawdzi\u0107 renomowane zasoby, takie jak <strong>oficjalna strona producenta<\/strong> lub <strong>niezale\u017cne przewodniki dotycz\u0105ce waporyzacji<\/strong><\/p>\n\n\n\n<h2 class=\"wp-block-heading\"><strong>Dlaczego warto wybra\u0107 Bang Blaze 40k Puffs?<\/strong><\/h2>\n\n\n\n<p>Bang Blaze 40K wyr\u00f3\u017cnia si\u0119 tym, \u017ce \u0142\u0105czy w sobie:<\/p>\n\n\n\n<ul class=\"wp-block-list\">\n<li>Masywny <strong>40 000 puff<\/strong> d\u0142ugo\u015b\u0107 \u017cycia<\/li>\n\n\n\n<li><strong>System olejowy wielokrotnego nape\u0142niania<\/strong> Nieko\u0144cz\u0105ca si\u0119 wolno\u015b\u0107 smaku<\/li>\n\n\n\n<li><strong>Technologia cewek siatkowych<\/strong> dla mocnego smaku<\/li>\n\n\n\n<li><strong>Szybkie \u0142adowanie typu C<\/strong><\/li>\n\n\n\n<li><strong>Du\u017ca pojemno\u015b\u0107 40 ml<\/strong><\/li>\n\n\n\n<li><strong>Opcje nikotyny: 2% \/ 5%<\/strong><\/li>\n<\/ul>\n\n\n\n<p>Sprawia to, \u017ce jest to idealne rozwi\u0105zanie dla d\u0142ugoterminowych u\u017cytkownik\u00f3w, intensywnych vaper\u00f3w i ka\u017cdego, kto szuka konfigurowalnego urz\u0105dzenia jednorazowego u\u017cytku.<\/p>\n\n\n\n<h3 class=\"wp-block-heading\"><strong>Cechy<\/strong><\/h3>\n\n\n\n<figure class=\"wp-block-table\"><table class=\"has-fixed-layout\"><thead><tr><th><strong>Cecha<\/strong><\/th><th><strong>Szczeg\u00f3\u0142y<\/strong><\/th><\/tr><\/thead><tbody><tr><td><strong>Puffy<\/strong><\/td><td>Do 40 000 zaci\u0105gni\u0119\u0107<\/td><\/tr><tr><td><strong>Cewka<\/strong><\/td><td>Siatkowa cewka 0,6\u03a9<\/td><\/tr><tr><td><strong>E-liquid<\/strong><\/td><td>40 ml<\/td><\/tr><tr><td><strong>Nikotyna<\/strong><\/td><td>2% \/ 5%<\/td><\/tr><tr><td><strong>Bateria<\/strong><\/td><td>Akumulator 1000 mAh<\/td><\/tr><tr><td><strong>\u0141adowanie<\/strong><\/td><td>Szybkie \u0142adowanie typu C<\/td><\/tr><tr><td><strong>Projekt<\/strong><\/td><td>System olejowy wielokrotnego nape\u0142niania<\/td><\/tr><tr><td><strong>Smaki<\/strong><\/td><td>12 dost\u0119pnych smak\u00f3w<\/td><\/tr><\/tbody><\/table><\/figure>\n\n\n\n<h3 class=\"wp-block-heading\"><strong>Dost\u0119pne smaki<\/strong><\/h3>\n\n\n\n<ul class=\"wp-block-list\">\n<li>Arbuz<\/li>\n\n\n\n<li>Arbuz Truskawka<\/li>\n\n\n\n<li>Pina Colada<\/li>\n\n\n\n<li>L\u00f3d truskawkowy<\/li>\n\n\n\n<li>Red Bull<\/li>\n\n\n\n<li>L\u00f3d brzoskwiniowy<\/li>\n\n\n\n<li>L\u00f3d jagodowy<\/li>\n\n\n\n<li>Bor\u00f3wka Malina<\/li>\n\n\n\n<li>Winogrona kwitn\u0105cej wi\u015bni<\/li>\n\n\n\n<li>Podw\u00f3jne jab\u0142ka<\/li>\n\n\n\n<li>Owoce mieszane<\/li>\n\n\n\n<li>Mango Brzoskwinia<\/li>\n<\/ul>\n\n\n\n<p>Do\u0142\u0105cz do tysi\u0119cy zadowolonych vaper\u00f3w, kt\u00f3rzy kochaj\u0105 urz\u0105dzenia Bang! Poznaj nasze <a href=\"https:\/\/vapemaison.com\">strona g\u0142\u00f3wna<\/a> nowo\u015bci, sprawd\u017a <a href=\"https:\/\/vapemaison.com\/shop\">sklep<\/a> aby zapozna\u0107 si\u0119 z pe\u0142n\u0105 ofert\u0105 lub dowiedzie\u0107 si\u0119 wi\u0119cej o <a href=\"https:\/\/vapemaison.com\/brand\/bang\">Marka Bang<\/a> o kt\u00f3rych wszyscy m\u00f3wi\u0105. Dla urozmaicenia odkryj <a href=\"https:\/\/vapemaison.com\/brand\/humo-azul\/\">Kolekcja marki Humo Vape<\/a> produkty lub przegl\u0105daj wszystkie <a href=\"https:\/\/vapemaison.com\/product-category\/puffs-count\/\">Puffs vapes<\/a> w jednym miejscu.<\/p>","protected":false},"excerpt":{"rendered":"<div id=\"model-response-message-contentr_9c475cc880d901e2\" class=\"markdown markdown-main-panel stronger enable-updated-hr-color\" dir=\"ltr\" aria-live=\"polite\" aria-busy=\"false\">\n<p data-path-to-node=\"0\">Zmaksymalizuj swoj\u0105 swobod\u0119 waporyzacji dzi\u0119ki <b data-path-to-node=\"0\" data-index-in-node=\"38\">Bang Blaze 40K<\/b>, wyposa\u017cony w unikalny <b data-path-to-node=\"0\" data-index-in-node=\"73\">System olejowy wielokrotnego nape\u0142niania<\/b> i ogromna \u017cywotno\u015b\u0107 40 000 puff\u00f3w dla maksymalnej personalizacji. Zaprojektowany z <b data-path-to-node=\"0\" data-index-in-node=\"176\">Cewka o oczkach 0,6\u03a9<\/b> i wytrzyma\u0142\u0105 bateri\u0105 1000 mAh, zapewnia pot\u0119\u017cny smak i g\u0119st\u0105 par\u0119 przy ka\u017cdym nape\u0142nieniu - zam\u00f3w ju\u017c dzi\u015b, aby cieszy\u0107 si\u0119 niesko\u0144czonymi mo\u017cliwo\u015bciami smakowymi i skorzysta\u0107 z naszej aktualnej oferty szybkiej wysy\u0142ki.<\/p>\n<\/div>","protected":false},"featured_media":16445,"comment_status":"open","ping_status":"closed","template":"","meta":[],"product_brand":[57],"product_cat":[135],"product_tag":[],"class_list":{"0":"post-16442","1":"product","2":"type-product","3":"status-publish","4":"has-post-thumbnail","6":"product_brand-bang","7":"product_cat-40k-puffs","9":"first","10":"instock","11":"sale","12":"shipping-taxable","13":"purchasable","14":"product-type-variable"},"yoast_head":"<!-- This site is optimized with the Yoast SEO plugin v27.4 - https:\/\/yoast.com\/product\/yoast-seo-wordpress\/ -->\n<title>Bang Blaze 40k Puffs \u2013 Refillable Mesh Coil Disposable Vape - VapeMaison<\/title>\n<meta name=\"description\" content=\"Experience the Bang Blaze 40k Puffs, a refillable disposable vape with a 0.6\u03a9 mesh coil,and 12 flavor options. Long-lasting, powerful, and customizable.\" \/>\n<meta name=\"robots\" content=\"index, follow, max-snippet:-1, max-image-preview:large, max-video-preview:-1\" \/>\n<link rel=\"canonical\" href=\"https:\/\/vapemaison.com\/pl\/produkt\/bang-blaze-40k-puffow-2-5-nikotyny\/\" \/>\n<meta property=\"og:locale\" content=\"pl_PL\" \/>\n<meta property=\"og:type\" content=\"article\" \/>\n<meta property=\"og:title\" content=\"Bang Blaze 40k Puffs \u2013 Refillable Mesh Coil Disposable Vape - VapeMaison\" \/>\n<meta property=\"og:description\" content=\"Experience the Bang Blaze 40k Puffs, a refillable disposable vape with a 0.6\u03a9 mesh coil,and 12 flavor options. Long-lasting, powerful, and customizable.\" \/>\n<meta property=\"og:url\" content=\"https:\/\/vapemaison.com\/pl\/produkt\/bang-blaze-40k-puffow-2-5-nikotyny\/\" \/>\n<meta property=\"og:site_name\" content=\"VapeMaison\" \/>\n<meta property=\"article:modified_time\" content=\"2025-12-22T09:51:28+00:00\" \/>\n<meta property=\"og:image\" content=\"https:\/\/vapemaison.com\/wp-content\/uploads\/2025\/12\/vape-bang-blaze-40k-oil-40000-puffs-mixed-fruit-654x690.jpg.webp\" \/>\n\t<meta property=\"og:image:width\" content=\"654\" \/>\n\t<meta property=\"og:image:height\" content=\"690\" \/>\n\t<meta property=\"og:image:type\" content=\"image\/webp\" \/>\n<meta name=\"twitter:card\" content=\"summary_large_image\" \/>\n<meta name=\"twitter:label1\" content=\"Szacowany czas czytania\" \/>\n\t<meta name=\"twitter:data1\" content=\"2 minuty\" \/>\n<!-- \/ Yoast SEO plugin. -->","yoast_head_json":{"title":"Bang Blaze 40k Puffs - jednorazowy Vape z cewk\u0105 siatkow\u0105 do wielokrotnego nape\u0142niania - VapeMaison","description":"Poznaj Bang Blaze 40k Puffs, jednorazowy waporyzator wielokrotnego nape\u0142niania z cewk\u0105 siatkow\u0105 0,6\u03a9 i 12 opcjami smakowymi. D\u0142ugotrwa\u0142y, mocny i konfigurowalny.","robots":{"index":"index","follow":"follow","max-snippet":"max-snippet:-1","max-image-preview":"max-image-preview:large","max-video-preview":"max-video-preview:-1"},"canonical":"https:\/\/vapemaison.com\/pl\/produkt\/bang-blaze-40k-puffow-2-5-nikotyny\/","og_locale":"pl_PL","og_type":"article","og_title":"Bang Blaze 40k Puffs \u2013 Refillable Mesh Coil Disposable Vape - VapeMaison","og_description":"Experience the Bang Blaze 40k Puffs, a refillable disposable vape with a 0.6\u03a9 mesh coil,and 12 flavor options. Long-lasting, powerful, and customizable.","og_url":"https:\/\/vapemaison.com\/pl\/produkt\/bang-blaze-40k-puffow-2-5-nikotyny\/","og_site_name":"VapeMaison","article_modified_time":"2025-12-22T09:51:28+00:00","og_image":[{"width":654,"height":690,"url":"https:\/\/vapemaison.com\/wp-content\/uploads\/2025\/12\/vape-bang-blaze-40k-oil-40000-puffs-mixed-fruit-654x690.jpg.webp","type":"image\/webp"}],"twitter_card":"summary_large_image","twitter_misc":{"Szacowany czas czytania":"2 minuty"},"schema":{"@context":"https:\/\/schema.org","@graph":[{"@type":"WebPage","@id":"https:\/\/vapemaison.com\/product\/bang-blaze-40k-puffs-2-5-nicotine\/","url":"https:\/\/vapemaison.com\/product\/bang-blaze-40k-puffs-2-5-nicotine\/","name":"Bang Blaze 40k Puffs - jednorazowy Vape z cewk\u0105 siatkow\u0105 do wielokrotnego nape\u0142niania - VapeMaison","isPartOf":{"@id":"https:\/\/vapemaison.com\/#website"},"primaryImageOfPage":{"@id":"https:\/\/vapemaison.com\/product\/bang-blaze-40k-puffs-2-5-nicotine\/#primaryimage"},"image":{"@id":"https:\/\/vapemaison.com\/product\/bang-blaze-40k-puffs-2-5-nicotine\/#primaryimage"},"thumbnailUrl":"https:\/\/vapemaison.com\/wp-content\/uploads\/2025\/12\/vape-bang-blaze-40k-oil-40000-puffs-mixed-fruit-654x690.jpg.webp","datePublished":"2025-12-09T07:31:45+00:00","dateModified":"2025-12-22T09:51:28+00:00","description":"Poznaj Bang Blaze 40k Puffs, jednorazowy waporyzator wielokrotnego nape\u0142niania z cewk\u0105 siatkow\u0105 0,6\u03a9 i 12 opcjami smakowymi. D\u0142ugotrwa\u0142y, mocny i konfigurowalny.","breadcrumb":{"@id":"https:\/\/vapemaison.com\/product\/bang-blaze-40k-puffs-2-5-nicotine\/#breadcrumb"},"inLanguage":"pl-PL","potentialAction":[{"@type":"ReadAction","target":["https:\/\/vapemaison.com\/product\/bang-blaze-40k-puffs-2-5-nicotine\/"]}]},{"@type":"ImageObject","inLanguage":"pl-PL","@id":"https:\/\/vapemaison.com\/product\/bang-blaze-40k-puffs-2-5-nicotine\/#primaryimage","url":"https:\/\/vapemaison.com\/wp-content\/uploads\/2025\/12\/vape-bang-blaze-40k-oil-40000-puffs-mixed-fruit-654x690.jpg.webp","contentUrl":"https:\/\/vapemaison.com\/wp-content\/uploads\/2025\/12\/vape-bang-blaze-40k-oil-40000-puffs-mixed-fruit-654x690.jpg.webp","width":654,"height":690,"caption":"Vape Bang Blaze 40k Oil Puffs Mixed Fruit 654x690.jpg"},{"@type":"BreadcrumbList","@id":"https:\/\/vapemaison.com\/product\/bang-blaze-40k-puffs-2-5-nicotine\/#breadcrumb","itemListElement":[{"@type":"ListItem","position":1,"name":"\u9996\u9875","item":"https:\/\/vapemaison.com\/"},{"@type":"ListItem","position":2,"name":"Shop","item":"https:\/\/vapemaison.com\/shop\/"},{"@type":"ListItem","position":3,"name":"Bang","item":"https:\/\/vapemaison.com\/brand\/bang\/"},{"@type":"ListItem","position":4,"name":"Bang Blaze 40k Puffs 2% 5% Nicotine"}]},{"@type":"WebSite","@id":"https:\/\/vapemaison.com\/#website","url":"https:\/\/vapemaison.com\/","name":"VapeMaison","description":"Wysokiej jako\u015bci urz\u0105dzenia i akcesoria do waporyzacji","publisher":{"@id":"https:\/\/vapemaison.com\/#organization"},"potentialAction":[{"@type":"SearchAction","target":{"@type":"EntryPoint","urlTemplate":"https:\/\/vapemaison.com\/?s={search_term_string}"},"query-input":{"@type":"PropertyValueSpecification","valueRequired":true,"valueName":"search_term_string"}}],"inLanguage":"pl-PL"},{"@type":"Organization","@id":"https:\/\/vapemaison.com\/#organization","name":"VapeMaison","url":"https:\/\/vapemaison.com\/","logo":{"@type":"ImageObject","inLanguage":"pl-PL","@id":"https:\/\/vapemaison.com\/#\/schema\/logo\/image\/","url":"https:\/\/vapemaison.com\/wp-content\/uploads\/2026\/01\/cropped-vapemaison-logo-g-2026.webp","contentUrl":"https:\/\/vapemaison.com\/wp-content\/uploads\/2026\/01\/cropped-vapemaison-logo-g-2026.webp","width":350,"height":280,"caption":"VapeMaison"},"image":{"@id":"https:\/\/vapemaison.com\/#\/schema\/logo\/image\/"},"sameAs":["https:\/\/www.youtube.com\/@VapeMaison"]}]}},"tiered_pricing_type":"fixed","tiered_pricing_fixed_rules":{"30":"10.63","50":"9.72","100":"8.99","200":"7.99"},"tiered_pricing_product_settings":{"layout":"default","base_unit_name":{"singular":null,"plural":null},"default_variation":null},"tiered_pricing_minimum_quantity":10,"tiered_pricing_roles_data":[],"tiered_pricing_percentage_rules":[],"tiered_pricing_maximum_quantity":null,"tiered_pricing_quantity_step":"10","_links":{"self":[{"href":"https:\/\/vapemaison.com\/pl\/wp-json\/wp\/v2\/product\/16442","targetHints":{"allow":["GET"]}}],"collection":[{"href":"https:\/\/vapemaison.com\/pl\/wp-json\/wp\/v2\/product"}],"about":[{"href":"https:\/\/vapemaison.com\/pl\/wp-json\/wp\/v2\/types\/product"}],"replies":[{"embeddable":true,"href":"https:\/\/vapemaison.com\/pl\/wp-json\/wp\/v2\/comments?post=16442"}],"version-history":[{"count":0,"href":"https:\/\/vapemaison.com\/pl\/wp-json\/wp\/v2\/product\/16442\/revisions"}],"wp:featuredmedia":[{"embeddable":true,"href":"https:\/\/vapemaison.com\/pl\/wp-json\/wp\/v2\/media\/16445"}],"wp:attachment":[{"href":"https:\/\/vapemaison.com\/pl\/wp-json\/wp\/v2\/media?parent=16442"}],"wp:term":[{"taxonomy":"product_brand","embeddable":true,"href":"https:\/\/vapemaison.com\/pl\/wp-json\/wp\/v2\/product_brand?post=16442"},{"taxonomy":"product_cat","embeddable":true,"href":"https:\/\/vapemaison.com\/pl\/wp-json\/wp\/v2\/product_cat?post=16442"},{"taxonomy":"product_tag","embeddable":true,"href":"https:\/\/vapemaison.com\/pl\/wp-json\/wp\/v2\/product_tag?post=16442"}],"curies":[{"name":"wp","href":"https:\/\/api.w.org\/{rel}","templated":true}]}}