

{"id":16479,"date":"2025-12-09T10:32:01","date_gmt":"2025-12-09T10:32:01","guid":{"rendered":"https:\/\/vapemaison.com\/?post_type=product&#038;p=16479"},"modified":"2026-03-23T02:32:45","modified_gmt":"2026-03-23T02:32:45","slug":"bang-king-shisha-25000-puffow","status":"publish","type":"product","link":"https:\/\/vapemaison.com\/pl\/product\/bang-king-shisha-25000-puffs\/","title":{"rendered":"Jednorazowy d\u0142ugopis Vape Pen Bang King Shisha 25000 Puffs"},"content":{"rendered":"<p><strong>Bang King Shisha 25000 Puffs Wy\u015bwietlacz LED Sk\u00f3rzany jednorazowy Vape - styl \u0142\u0105czy si\u0119 z moc\u0105<\/strong><\/p>\n\n\n\n<p>Do\u015bwiadcz najwy\u017cszej jako\u015bci jednorazowej waporyzacji dzi\u0119ki <strong>Bang King Shisha 25000 Puffs<\/strong>, to idealne po\u0142\u0105czenie wyrafinowania, wydajno\u015bci i wygody. Dzi\u0119ki eleganckiemu sk\u00f3rzanemu wyko\u0144czeniu, to wysokiej klasy urz\u0105dzenie zosta\u0142o zaprojektowane z my\u015bl\u0105 o d\u0142ugotrwa\u0142ym u\u017cytkowaniu bez uszczerbku dla stylu.<\/p>\n\n\n\n<p>Z <strong>do 25 000 zaci\u0105gni\u0119\u0107<\/strong>, Bang King Shisha zapewnia d\u0142u\u017csze u\u017cytkowanie, oferuj\u0105c jednocze\u015bnie <strong>Moc nikotyny 2%, 3% i 5%<\/strong> aby dopasowa\u0107 si\u0119 do ka\u017cdych preferencji. Jego hojny <strong>Pojemno\u015b\u0107 e-liquidu 30 ml<\/strong> oraz <strong>Zaawansowana cewka o oczkach 0,6\u03a9<\/strong> zapewniaj\u0105 bogat\u0105, g\u0142adk\u0105 par\u0119 i intensywny smak ju\u017c od pierwszego zaci\u0105gni\u0119cia.<\/p>\n\n\n\n<p>Zasilany przez <strong>Akumulator o pojemno\u015bci 650 mAh<\/strong> z <strong>Szybkie \u0142adowanie typu C<\/strong>, Czas przestoju jest zminimalizowany, dzi\u0119ki czemu mo\u017cesz waporyzowa\u0107 przez ca\u0142y dzie\u0144. The <strong>Wy\u015bwietlacz LED<\/strong> zapewnia informacje o baterii w czasie rzeczywistym, dzi\u0119ki czemu zawsze masz kontrol\u0119.<\/p>\n\n\n\n<p>Dost\u0119pne w <strong>12 r\u00f3\u017cnych smak\u00f3w<\/strong> i luksusowy sk\u00f3rzany design, Bang King Shisha \u0142\u0105czy w sobie r\u00f3\u017cnorodno\u015b\u0107, elegancj\u0119 i wysok\u0105 wydajno\u015b\u0107. Ka\u017cde opakowanie zawiera <strong>10 urz\u0105dze\u0144<\/strong>, dzi\u0119ki czemu jest idealny dla tych, kt\u00f3rzy wymagaj\u0105 najwy\u017cszej jako\u015bci wra\u017ce\u0144 z waporyzacji.<\/p>\n\n\n\n<p>Podnie\u015b poziom swojej gry vape dzi\u0119ki <strong>Bang King Shisha 25000 Puffs<\/strong> - gdzie styl, moc i wszechstronno\u015b\u0107 id\u0105 w parze.<\/p>\n\n\n\n<h5 class=\"wp-block-heading\"><strong>Cechy\uff1a<\/strong><\/h5>\n\n\n\n<ul class=\"wp-block-list\">\n<li>Nicotine:2%\/3%\/5%<\/li>\n\n\n\n<li>Puffy\uff1a25000 puff\u00f3w<\/li>\n\n\n\n<li>Bateria: 650 mah<\/li>\n\n\n\n<li>Pojemno\u015b\u0107\uff1a30ML<\/li>\n\n\n\n<li>Rezystancja: cewka siatkowa 0,6 \u03a9<\/li>\n\n\n\n<li>Akumulator: typ C<\/li>\n\n\n\n<li>Urz\u0105dzenie jednorazowego u\u017cytku<\/li>\n\n\n\n<li>Dost\u0119pnych jest 12 smak\u00f3w<\/li>\n\n\n\n<li>10 sztuk w pude\u0142ku ekspozycyjnym.<\/li>\n<\/ul>\n\n\n\n<h5 class=\"wp-block-heading\"><strong><br>Lista smak\u00f3w\uff1a<\/strong><\/h5>\n\n\n\n<ol class=\"wp-block-list\">\n<li>Vimto Bull<\/li>\n\n\n\n<li>Cush Man<\/li>\n\n\n\n<li>Blueberry Grape<\/li>\n\n\n\n<li>Blue Raspberry Lemon<\/li>\n\n\n\n<li>Lemoniada wi\u015bniowa<\/li>\n\n\n\n<li>Kwa\u015bna malina z jagodami<\/li>\n\n\n\n<li>Shisha Lemon Mint<\/li>\n\n\n\n<li>Podw\u00f3jne jab\u0142ko<\/li>\n\n\n\n<li>L\u00f3d brzoskwiniowy<\/li>\n\n\n\n<li>Arbuzowy l\u00f3d<\/li>\n\n\n\n<li>Z\u0142a krew<\/li>\n\n\n\n<li>Arbuz Mi\u00f3d spadziowy Marakuja<\/li>\n<\/ol>\n\n\n\n<p>Do\u0142\u0105cz do tysi\u0119cy zadowolonych vaper\u00f3w, kt\u00f3rzy kochaj\u0105 urz\u0105dzenia Bang! Poznaj nasze <a href=\"https:\/\/vapemaison.com\">strona g\u0142\u00f3wna<\/a> nowo\u015bci, sprawd\u017a <a href=\"https:\/\/vapemaison.com\/shop\">sklep<\/a> aby zapozna\u0107 si\u0119 z pe\u0142n\u0105 ofert\u0105 lub dowiedzie\u0107 si\u0119 wi\u0119cej o <a href=\"https:\/\/vapemaison.com\/brand\/bang\">Marka Bang<\/a> o kt\u00f3rych wszyscy m\u00f3wi\u0105. Dla urozmaicenia odkryj <a href=\"https:\/\/vapemaison.com\/brand\/humo-azul\/\">Kolekcja marki Humo Vape<\/a> produkty lub przegl\u0105daj wszystkie <a href=\"https:\/\/vapemaison.com\/product-category\/puffs-count\/\">Puffs vapes<\/a> w jednym miejscu.<\/p>","protected":false},"excerpt":{"rendered":"<p><span class=\"\">Podnie\u015b swoje wra\u017cenia z waporyzacji dzi\u0119ki <\/span><b class=\"\" data-path-to-node=\"0\" data-index-in-node=\"40\">Bang King Shisha 25000<\/b><span class=\"\">,<\/span><span class=\"\"> wyposa\u017cony w luksusowy <\/span><b class=\"\" data-path-to-node=\"0\" data-index-in-node=\"86\">sk\u00f3rzane wyko\u0144czenie<\/b><span class=\"\"> i wysokiej wydajno\u015bci <\/span><b data-path-to-node=\"0\" data-index-in-node=\"124\">Cewka o oczkach 0,6\u03a9<\/b> dla bogatej, g\u0142adkiej pary. Dzi\u0119ki du\u017cej pojemno\u015bci 30 ml i zintegrowanemu <b data-path-to-node=\"0\" data-index-in-node=\"211\">Wy\u015bwietlacz LED<\/b> Dzi\u0119ki mo\u017cliwo\u015bci monitorowania stanu baterii w czasie rzeczywistym, ten zasilacz o pojemno\u015bci 25 000 dmuchaw doskonale \u0142\u0105czy wyrafinowanie z moc\u0105 - zam\u00f3w sw\u00f3j 10-pak ju\u017c dzi\u015b, aby zapewni\u0107 sobie styl premium i priorytetow\u0105 wysy\u0142k\u0119.<\/p>","protected":false},"featured_media":16481,"comment_status":"open","ping_status":"closed","template":"","meta":[],"product_brand":[57],"product_cat":[144],"product_tag":[],"class_list":{"0":"post-16479","1":"product","2":"type-product","3":"status-publish","4":"has-post-thumbnail","6":"product_brand-bang","7":"product_cat-25k-puffs","9":"first","10":"instock","11":"sale","12":"shipping-taxable","13":"purchasable","14":"product-type-variable"},"yoast_head":"<!-- This site is optimized with the Yoast SEO plugin v27.4 - https:\/\/yoast.com\/product\/yoast-seo-wordpress\/ -->\n<title>Bang King Shisha 25000 Puffs \u2013 Leather LED Disposable Vape- VapeMaison<\/title>\n<meta name=\"description\" content=\"Enjoy up to 25000 puffs with rich flavor, LED display, and sleek leather design. Rechargeable and available in 12 flavors.\" \/>\n<meta name=\"robots\" content=\"index, follow, max-snippet:-1, max-image-preview:large, max-video-preview:-1\" \/>\n<link rel=\"canonical\" href=\"https:\/\/vapemaison.com\/pl\/produkt\/bang-king-shisha-25000-puffow\/\" \/>\n<meta property=\"og:locale\" content=\"pl_PL\" \/>\n<meta property=\"og:type\" content=\"article\" \/>\n<meta property=\"og:title\" content=\"Bang King Shisha 25000 Puffs \u2013 Leather LED Disposable Vape- VapeMaison\" \/>\n<meta property=\"og:description\" content=\"Enjoy up to 25000 puffs with rich flavor, LED display, and sleek leather design. Rechargeable and available in 12 flavors.\" \/>\n<meta property=\"og:url\" content=\"https:\/\/vapemaison.com\/pl\/produkt\/bang-king-shisha-25000-puffow\/\" \/>\n<meta property=\"og:site_name\" content=\"VapeMaison\" \/>\n<meta property=\"article:modified_time\" content=\"2026-03-23T02:32:45+00:00\" \/>\n<meta property=\"og:image\" content=\"https:\/\/vapemaison.com\/wp-content\/uploads\/2025\/12\/double-apple-bang-king-e-shisha-25000.jpg\" \/>\n\t<meta property=\"og:image:width\" content=\"1500\" \/>\n\t<meta property=\"og:image:height\" content=\"1500\" \/>\n\t<meta property=\"og:image:type\" content=\"image\/jpeg\" \/>\n<meta name=\"twitter:card\" content=\"summary_large_image\" \/>\n<meta name=\"twitter:label1\" content=\"Szacowany czas czytania\" \/>\n\t<meta name=\"twitter:data1\" content=\"2 minuty\" \/>\n<!-- \/ Yoast SEO plugin. -->","yoast_head_json":{"title":"Bang King Shisha 25000 Puffs - Sk\u00f3rzany jednorazowy Vape LED - VapeMaison","description":"Ciesz si\u0119 nawet 25000 zaci\u0105gni\u0119\u0107 z bogatym smakiem, wy\u015bwietlaczem LED i eleganckim sk\u00f3rzanym designem. Akumulator dost\u0119pny w 12 smakach.","robots":{"index":"index","follow":"follow","max-snippet":"max-snippet:-1","max-image-preview":"max-image-preview:large","max-video-preview":"max-video-preview:-1"},"canonical":"https:\/\/vapemaison.com\/pl\/produkt\/bang-king-shisha-25000-puffow\/","og_locale":"pl_PL","og_type":"article","og_title":"Bang King Shisha 25000 Puffs \u2013 Leather LED Disposable Vape- VapeMaison","og_description":"Enjoy up to 25000 puffs with rich flavor, LED display, and sleek leather design. Rechargeable and available in 12 flavors.","og_url":"https:\/\/vapemaison.com\/pl\/produkt\/bang-king-shisha-25000-puffow\/","og_site_name":"VapeMaison","article_modified_time":"2026-03-23T02:32:45+00:00","og_image":[{"width":1500,"height":1500,"url":"https:\/\/vapemaison.com\/wp-content\/uploads\/2025\/12\/double-apple-bang-king-e-shisha-25000.jpg","type":"image\/jpeg"}],"twitter_card":"summary_large_image","twitter_misc":{"Szacowany czas czytania":"2 minuty"},"schema":{"@context":"https:\/\/schema.org","@graph":[{"@type":"WebPage","@id":"https:\/\/vapemaison.com\/product\/bang-king-shisha-25000-puffs\/","url":"https:\/\/vapemaison.com\/product\/bang-king-shisha-25000-puffs\/","name":"Bang King Shisha 25000 Puffs - Sk\u00f3rzany jednorazowy Vape LED - VapeMaison","isPartOf":{"@id":"https:\/\/vapemaison.com\/#website"},"primaryImageOfPage":{"@id":"https:\/\/vapemaison.com\/product\/bang-king-shisha-25000-puffs\/#primaryimage"},"image":{"@id":"https:\/\/vapemaison.com\/product\/bang-king-shisha-25000-puffs\/#primaryimage"},"thumbnailUrl":"https:\/\/vapemaison.com\/wp-content\/uploads\/2025\/12\/double-apple-bang-king-e-shisha-25000.jpg","datePublished":"2025-12-09T10:32:01+00:00","dateModified":"2026-03-23T02:32:45+00:00","description":"Ciesz si\u0119 nawet 25000 zaci\u0105gni\u0119\u0107 z bogatym smakiem, wy\u015bwietlaczem LED i eleganckim sk\u00f3rzanym designem. Akumulator dost\u0119pny w 12 smakach.","breadcrumb":{"@id":"https:\/\/vapemaison.com\/product\/bang-king-shisha-25000-puffs\/#breadcrumb"},"inLanguage":"pl-PL","potentialAction":[{"@type":"ReadAction","target":["https:\/\/vapemaison.com\/product\/bang-king-shisha-25000-puffs\/"]}]},{"@type":"ImageObject","inLanguage":"pl-PL","@id":"https:\/\/vapemaison.com\/product\/bang-king-shisha-25000-puffs\/#primaryimage","url":"https:\/\/vapemaison.com\/wp-content\/uploads\/2025\/12\/double-apple-bang-king-e-shisha-25000.jpg","contentUrl":"https:\/\/vapemaison.com\/wp-content\/uploads\/2025\/12\/double-apple-bang-king-e-shisha-25000.jpg","width":1500,"height":1500,"caption":"double-apple-bang-king-e-shisha-25000"},{"@type":"BreadcrumbList","@id":"https:\/\/vapemaison.com\/product\/bang-king-shisha-25000-puffs\/#breadcrumb","itemListElement":[{"@type":"ListItem","position":1,"name":"\u9996\u9875","item":"https:\/\/vapemaison.com\/"},{"@type":"ListItem","position":2,"name":"Shop","item":"https:\/\/vapemaison.com\/shop\/"},{"@type":"ListItem","position":3,"name":"Bang","item":"https:\/\/vapemaison.com\/brand\/bang\/"},{"@type":"ListItem","position":4,"name":"Bang King Shisha 25000 Puffs Disposable Vape Pen"}]},{"@type":"WebSite","@id":"https:\/\/vapemaison.com\/#website","url":"https:\/\/vapemaison.com\/","name":"VapeMaison","description":"Wysokiej jako\u015bci urz\u0105dzenia i akcesoria do waporyzacji","publisher":{"@id":"https:\/\/vapemaison.com\/#organization"},"potentialAction":[{"@type":"SearchAction","target":{"@type":"EntryPoint","urlTemplate":"https:\/\/vapemaison.com\/?s={search_term_string}"},"query-input":{"@type":"PropertyValueSpecification","valueRequired":true,"valueName":"search_term_string"}}],"inLanguage":"pl-PL"},{"@type":"Organization","@id":"https:\/\/vapemaison.com\/#organization","name":"VapeMaison","url":"https:\/\/vapemaison.com\/","logo":{"@type":"ImageObject","inLanguage":"pl-PL","@id":"https:\/\/vapemaison.com\/#\/schema\/logo\/image\/","url":"https:\/\/vapemaison.com\/wp-content\/uploads\/2026\/01\/cropped-vapemaison-logo-g-2026.webp","contentUrl":"https:\/\/vapemaison.com\/wp-content\/uploads\/2026\/01\/cropped-vapemaison-logo-g-2026.webp","width":350,"height":280,"caption":"VapeMaison"},"image":{"@id":"https:\/\/vapemaison.com\/#\/schema\/logo\/image\/"},"sameAs":["https:\/\/www.youtube.com\/@VapeMaison"]}]}},"tiered_pricing_type":"fixed","tiered_pricing_fixed_rules":{"30":"10.98","50":"9.98","100":"8.98","200":"7.98"},"tiered_pricing_product_settings":{"layout":"default","base_unit_name":{"singular":null,"plural":null},"default_variation":null},"tiered_pricing_minimum_quantity":10,"tiered_pricing_roles_data":[],"tiered_pricing_percentage_rules":[],"tiered_pricing_maximum_quantity":null,"tiered_pricing_quantity_step":"10","_links":{"self":[{"href":"https:\/\/vapemaison.com\/pl\/wp-json\/wp\/v2\/product\/16479","targetHints":{"allow":["GET"]}}],"collection":[{"href":"https:\/\/vapemaison.com\/pl\/wp-json\/wp\/v2\/product"}],"about":[{"href":"https:\/\/vapemaison.com\/pl\/wp-json\/wp\/v2\/types\/product"}],"replies":[{"embeddable":true,"href":"https:\/\/vapemaison.com\/pl\/wp-json\/wp\/v2\/comments?post=16479"}],"version-history":[{"count":1,"href":"https:\/\/vapemaison.com\/pl\/wp-json\/wp\/v2\/product\/16479\/revisions"}],"predecessor-version":[{"id":28236,"href":"https:\/\/vapemaison.com\/pl\/wp-json\/wp\/v2\/product\/16479\/revisions\/28236"}],"wp:featuredmedia":[{"embeddable":true,"href":"https:\/\/vapemaison.com\/pl\/wp-json\/wp\/v2\/media\/16481"}],"wp:attachment":[{"href":"https:\/\/vapemaison.com\/pl\/wp-json\/wp\/v2\/media?parent=16479"}],"wp:term":[{"taxonomy":"product_brand","embeddable":true,"href":"https:\/\/vapemaison.com\/pl\/wp-json\/wp\/v2\/product_brand?post=16479"},{"taxonomy":"product_cat","embeddable":true,"href":"https:\/\/vapemaison.com\/pl\/wp-json\/wp\/v2\/product_cat?post=16479"},{"taxonomy":"product_tag","embeddable":true,"href":"https:\/\/vapemaison.com\/pl\/wp-json\/wp\/v2\/product_tag?post=16479"}],"curies":[{"name":"wp","href":"https:\/\/api.w.org\/{rel}","templated":true}]}}