

{"id":16521,"date":"2025-12-10T03:34:35","date_gmt":"2025-12-10T03:34:35","guid":{"rendered":"https:\/\/vapemaison.com\/?post_type=product&#038;p=16521"},"modified":"2025-12-22T09:48:22","modified_gmt":"2025-12-22T09:48:22","slug":"bang-de-8500-puffs-jednorazowe-vape","status":"publish","type":"product","link":"https:\/\/vapemaison.com\/pl\/product\/bang-de-8500-puffs-disposable-vape\/","title":{"rendered":"Bang DE 8500 Puffs jednorazowe Vape"},"content":{"rendered":"<p>The <strong>Bang DE 8500 Puffs jednorazowe Vape<\/strong> oferuje wysokiej jako\u015bci, d\u0142ugotrwa\u0142e doznania z waporyzacji. Idealne zar\u00f3wno dla zwyk\u0142ych u\u017cytkownik\u00f3w, jak i do\u015bwiadczonych vaper\u00f3w, to eleganckie urz\u0105dzenie jest wyposa\u017cone w pot\u0119\u017cny akumulator o pojemno\u015bci 550 mAh, zapewniaj\u0105cy sta\u0142\u0105 wydajno\u015b\u0107. Dzi\u0119ki 18 ml wst\u0119pnie nape\u0142nionego e-soku i do 8500 zaci\u0105gni\u0119\u0107, zapewnia d\u0142u\u017csz\u0105 satysfakcj\u0119. Dost\u0119pny w r\u00f3\u017cnych pysznych smakach i mocach nikotyny (0%, 2%, 3%, 5%), vape Bang DE \u0142\u0105czy w sobie wygod\u0119, styl i wydajno\u015b\u0107, co czyni go idealnym wyborem dla Twoich potrzeb w zakresie waporyzacji.<\/p>\n\n\n\n<h3 class=\"wp-block-heading\"><strong>Kluczowe cechy:<\/strong><\/h3>\n\n\n\n<ul class=\"wp-block-list\">\n<li><strong>Wbudowany akumulator o pojemno\u015bci 550 mAh:<\/strong> Niezawodna i wydajna moc zapewniaj\u0105ca sta\u0142\u0105 wydajno\u015b\u0107.<\/li>\n\n\n\n<li><strong>Wst\u0119pnie nape\u0142niony e-sok o pojemno\u015bci 18 ml:<\/strong> Ciesz si\u0119 du\u017c\u0105 pojemno\u015bci\u0105 aromatycznego e-liquidu, dost\u0119pnego w r\u00f3\u017cnych mocach nikotyny (0%, 2%, 3%, 5%), aby dopasowa\u0107 go do swoich preferencji.<\/li>\n\n\n\n<li><strong>Do 8500 zaci\u0105gni\u0119\u0107:<\/strong> Do\u015bwiadcz d\u0142u\u017cszych sesji waporyzacji z nawet 8500 zaci\u0105gni\u0119ciami na urz\u0105dzenie, zapewniaj\u0105c d\u0142ugotrwa\u0142e doznania.<\/li>\n\n\n\n<li><strong>Elegancki i nowoczesny design:<\/strong> Idealny do \u015brodowisk detalicznych, Bang DE 8500 oferuje zar\u00f3wno styl, jak i wygod\u0119 w jednorazowym waporyzatorze.<\/li>\n\n\n\n<li><strong>Akumulator:<\/strong> Ciesz si\u0119 jeszcze wi\u0119ksz\u0105 warto\u015bci\u0105, \u0142aduj\u0105c sw\u00f3j vape, wyd\u0142u\u017caj\u0105c jego \u017cywotno\u015b\u0107, aby m\u00f3c cieszy\u0107 si\u0119 nim ponownie.<\/li>\n<\/ul>\n\n\n\n<h3 class=\"wp-block-heading\"><strong>Dost\u0119pne smaki:<\/strong><\/h3>\n\n\n\n<ol class=\"wp-block-list\">\n<li>Arbuz truskawkowy<\/li>\n\n\n\n<li>Arbuzowy l\u00f3d<\/li>\n\n\n\n<li>Banan truskawkowy<\/li>\n\n\n\n<li>Lody truskawkowe<\/li>\n\n\n\n<li>Mi\u0119towy l\u00f3d<\/li>\n\n\n\n<li>Jagody mieszane<\/li>\n\n\n\n<li>Kwa\u015bne jab\u0142ko<\/li>\n\n\n\n<li>Mango Brzoskwinia<\/li>\n\n\n\n<li>Sakura Grape Ice<\/li>\n\n\n\n<li>L\u00f3d jagodowy<\/li>\n\n\n\n<li>Cola Ice<\/li>\n\n\n\n<li>Truskawka Kiwi<\/li>\n<\/ol>\n\n\n\n<p>Ulepsz swoje wra\u017cenia z waporyzacji dzi\u0119ki <strong>Vape jednorazowego u\u017cytku Bang DE<\/strong>. Idealne zar\u00f3wno dla nowicjuszy, jak i do\u015bwiadczonych vaper\u00f3w, urz\u0105dzenie to zapewnia g\u0142adki i sp\u00f3jny smak przez ca\u0142y okres u\u017cytkowania.<\/p>\n\n\n\n<p>Do\u0142\u0105cz do tysi\u0119cy zadowolonych vaper\u00f3w, kt\u00f3rzy kochaj\u0105 urz\u0105dzenia Bang! Poznaj nasze <a href=\"https:\/\/vapemaison.com\">strona g\u0142\u00f3wna<\/a> nowo\u015bci, sprawd\u017a <a href=\"https:\/\/vapemaison.com\/shop\">sklep<\/a> aby zapozna\u0107 si\u0119 z pe\u0142n\u0105 ofert\u0105 lub dowiedzie\u0107 si\u0119 wi\u0119cej o <a href=\"https:\/\/vapemaison.com\/brand\/bang\">Marka Bang<\/a> o kt\u00f3rych wszyscy m\u00f3wi\u0105. Dla urozmaicenia odkryj <a href=\"https:\/\/vapemaison.com\/brand\/humo-azul\/\">Kolekcja marki Humo Vape<\/a> produkty lub przegl\u0105daj wszystkie <a href=\"https:\/\/vapemaison.com\/product-category\/puffs-count\/\">Puffs vapes<\/a> w jednym miejscu.<\/p>","protected":false},"excerpt":{"rendered":"<p><span class=\"\">Ciesz si\u0119 8,<\/span><span class=\"\">500 zaci\u0105gni\u0119\u0107 przy sta\u0142ej wydajno\u015bci <\/span><b class=\"\" data-path-to-node=\"0\" data-index-in-node=\"53\">Bang DE 8500<\/b>, wyposa\u017cony w zbiornik o pojemno\u015bci 18 ml i niezawodny akumulator o pojemno\u015bci 550 mAh. Jego elegancki, nowoczesny design i r\u00f3\u017cnorodno\u015b\u0107 mocy nikotyny sprawiaj\u0105, \u017ce jest to idealna r\u00f3wnowaga stylu i d\u0142ugotrwa\u0142ej wygody - zam\u00f3w ju\u017c dzi\u015b, aby zabezpieczy\u0107 sw\u00f3j ulubiony smak i skorzysta\u0107 z naszej aktualnej oferty szybkiej wysy\u0142ki.<\/p>","protected":false},"featured_media":16523,"comment_status":"open","ping_status":"closed","template":"","meta":[],"product_brand":[57],"product_cat":[176,16],"product_tag":[],"class_list":{"0":"post-16521","1":"product","2":"type-product","3":"status-publish","4":"has-post-thumbnail","6":"product_brand-bang","7":"product_cat-8k-puffs","8":"product_cat-uncategorized","10":"first","11":"instock","12":"sale","13":"shipping-taxable","14":"purchasable","15":"product-type-variable"},"yoast_head":"<!-- This site is optimized with the Yoast SEO plugin v27.4 - https:\/\/yoast.com\/product\/yoast-seo-wordpress\/ -->\n<title>Bang DE 8500 Puffs Disposable Vape - VapeMaison<\/title>\n<meta name=\"description\" content=\"Enjoy the Bang DE 8500 Puffs Disposable Vape with a rechargeable 550mAh battery, 18ml e-juice. Available in various flavors for lasting satisfaction.\" \/>\n<meta name=\"robots\" content=\"index, follow, max-snippet:-1, max-image-preview:large, max-video-preview:-1\" \/>\n<link rel=\"canonical\" href=\"https:\/\/vapemaison.com\/pl\/produkt\/bang-de-8500-puffs-jednorazowe-vape\/\" \/>\n<meta property=\"og:locale\" content=\"pl_PL\" \/>\n<meta property=\"og:type\" content=\"article\" \/>\n<meta property=\"og:title\" content=\"Bang DE 8500 Puffs Disposable Vape - VapeMaison\" \/>\n<meta property=\"og:description\" content=\"Enjoy the Bang DE 8500 Puffs Disposable Vape with a rechargeable 550mAh battery, 18ml e-juice. Available in various flavors for lasting satisfaction.\" \/>\n<meta property=\"og:url\" content=\"https:\/\/vapemaison.com\/pl\/produkt\/bang-de-8500-puffs-jednorazowe-vape\/\" \/>\n<meta property=\"og:site_name\" content=\"VapeMaison\" \/>\n<meta property=\"article:modified_time\" content=\"2025-12-22T09:48:22+00:00\" \/>\n<meta property=\"og:image\" content=\"https:\/\/vapemaison.com\/wp-content\/uploads\/2025\/12\/vapemaison-bang-de8500-puffs-flavor-display.webp\" \/>\n\t<meta property=\"og:image:width\" content=\"1000\" \/>\n\t<meta property=\"og:image:height\" content=\"1000\" \/>\n\t<meta property=\"og:image:type\" content=\"image\/webp\" \/>\n<meta name=\"twitter:card\" content=\"summary_large_image\" \/>\n<meta name=\"twitter:label1\" content=\"Szacowany czas czytania\" \/>\n\t<meta name=\"twitter:data1\" content=\"2 minuty\" \/>\n<!-- \/ Yoast SEO plugin. -->","yoast_head_json":{"title":"Bang DE 8500 Puffs jednorazowe Vape - VapeMaison","description":"Jednorazowy waporyzator Bang DE 8500 Puffs z akumulatorem 550 mAh i 18 ml e-soku. Dost\u0119pny w r\u00f3\u017cnych smakach dla d\u0142ugotrwa\u0142ej satysfakcji.","robots":{"index":"index","follow":"follow","max-snippet":"max-snippet:-1","max-image-preview":"max-image-preview:large","max-video-preview":"max-video-preview:-1"},"canonical":"https:\/\/vapemaison.com\/pl\/produkt\/bang-de-8500-puffs-jednorazowe-vape\/","og_locale":"pl_PL","og_type":"article","og_title":"Bang DE 8500 Puffs Disposable Vape - VapeMaison","og_description":"Enjoy the Bang DE 8500 Puffs Disposable Vape with a rechargeable 550mAh battery, 18ml e-juice. Available in various flavors for lasting satisfaction.","og_url":"https:\/\/vapemaison.com\/pl\/produkt\/bang-de-8500-puffs-jednorazowe-vape\/","og_site_name":"VapeMaison","article_modified_time":"2025-12-22T09:48:22+00:00","og_image":[{"width":1000,"height":1000,"url":"https:\/\/vapemaison.com\/wp-content\/uploads\/2025\/12\/vapemaison-bang-de8500-puffs-flavor-display.webp","type":"image\/webp"}],"twitter_card":"summary_large_image","twitter_misc":{"Szacowany czas czytania":"2 minuty"},"schema":{"@context":"https:\/\/schema.org","@graph":[{"@type":"WebPage","@id":"https:\/\/vapemaison.com\/product\/bang-de-8500-puffs-disposable-vape\/","url":"https:\/\/vapemaison.com\/product\/bang-de-8500-puffs-disposable-vape\/","name":"Bang DE 8500 Puffs jednorazowe Vape - VapeMaison","isPartOf":{"@id":"https:\/\/vapemaison.com\/#website"},"primaryImageOfPage":{"@id":"https:\/\/vapemaison.com\/product\/bang-de-8500-puffs-disposable-vape\/#primaryimage"},"image":{"@id":"https:\/\/vapemaison.com\/product\/bang-de-8500-puffs-disposable-vape\/#primaryimage"},"thumbnailUrl":"https:\/\/vapemaison.com\/wp-content\/uploads\/2025\/12\/vapemaison-bang-de8500-puffs-flavor-display.webp","datePublished":"2025-12-10T03:34:35+00:00","dateModified":"2025-12-22T09:48:22+00:00","description":"Jednorazowy waporyzator Bang DE 8500 Puffs z akumulatorem 550 mAh i 18 ml e-soku. Dost\u0119pny w r\u00f3\u017cnych smakach dla d\u0142ugotrwa\u0142ej satysfakcji.","breadcrumb":{"@id":"https:\/\/vapemaison.com\/product\/bang-de-8500-puffs-disposable-vape\/#breadcrumb"},"inLanguage":"pl-PL","potentialAction":[{"@type":"ReadAction","target":["https:\/\/vapemaison.com\/product\/bang-de-8500-puffs-disposable-vape\/"]}]},{"@type":"ImageObject","inLanguage":"pl-PL","@id":"https:\/\/vapemaison.com\/product\/bang-de-8500-puffs-disposable-vape\/#primaryimage","url":"https:\/\/vapemaison.com\/wp-content\/uploads\/2025\/12\/vapemaison-bang-de8500-puffs-flavor-display.webp","contentUrl":"https:\/\/vapemaison.com\/wp-content\/uploads\/2025\/12\/vapemaison-bang-de8500-puffs-flavor-display.webp","width":1000,"height":1000,"caption":"Vapemaison Bang De Puffs Flavor Display"},{"@type":"BreadcrumbList","@id":"https:\/\/vapemaison.com\/product\/bang-de-8500-puffs-disposable-vape\/#breadcrumb","itemListElement":[{"@type":"ListItem","position":1,"name":"\u9996\u9875","item":"https:\/\/vapemaison.com\/"},{"@type":"ListItem","position":2,"name":"Shop","item":"https:\/\/vapemaison.com\/shop\/"},{"@type":"ListItem","position":3,"name":"Bang","item":"https:\/\/vapemaison.com\/brand\/bang\/"},{"@type":"ListItem","position":4,"name":"Bang DE 8500 Puffs Disposable Vape"}]},{"@type":"WebSite","@id":"https:\/\/vapemaison.com\/#website","url":"https:\/\/vapemaison.com\/","name":"VapeMaison","description":"Wysokiej jako\u015bci urz\u0105dzenia i akcesoria do waporyzacji","publisher":{"@id":"https:\/\/vapemaison.com\/#organization"},"potentialAction":[{"@type":"SearchAction","target":{"@type":"EntryPoint","urlTemplate":"https:\/\/vapemaison.com\/?s={search_term_string}"},"query-input":{"@type":"PropertyValueSpecification","valueRequired":true,"valueName":"search_term_string"}}],"inLanguage":"pl-PL"},{"@type":"Organization","@id":"https:\/\/vapemaison.com\/#organization","name":"VapeMaison","url":"https:\/\/vapemaison.com\/","logo":{"@type":"ImageObject","inLanguage":"pl-PL","@id":"https:\/\/vapemaison.com\/#\/schema\/logo\/image\/","url":"https:\/\/vapemaison.com\/wp-content\/uploads\/2026\/01\/cropped-vapemaison-logo-g-2026.webp","contentUrl":"https:\/\/vapemaison.com\/wp-content\/uploads\/2026\/01\/cropped-vapemaison-logo-g-2026.webp","width":350,"height":280,"caption":"VapeMaison"},"image":{"@id":"https:\/\/vapemaison.com\/#\/schema\/logo\/image\/"},"sameAs":["https:\/\/www.youtube.com\/@VapeMaison"]}]}},"tiered_pricing_type":"fixed","tiered_pricing_fixed_rules":{"30":"7.99","50":"6.99","100":"6.63","200":"5.99"},"tiered_pricing_product_settings":{"layout":"default","base_unit_name":{"singular":null,"plural":null},"default_variation":null},"tiered_pricing_minimum_quantity":10,"tiered_pricing_roles_data":[],"tiered_pricing_percentage_rules":[],"tiered_pricing_maximum_quantity":null,"tiered_pricing_quantity_step":"10","_links":{"self":[{"href":"https:\/\/vapemaison.com\/pl\/wp-json\/wp\/v2\/product\/16521","targetHints":{"allow":["GET"]}}],"collection":[{"href":"https:\/\/vapemaison.com\/pl\/wp-json\/wp\/v2\/product"}],"about":[{"href":"https:\/\/vapemaison.com\/pl\/wp-json\/wp\/v2\/types\/product"}],"replies":[{"embeddable":true,"href":"https:\/\/vapemaison.com\/pl\/wp-json\/wp\/v2\/comments?post=16521"}],"version-history":[{"count":0,"href":"https:\/\/vapemaison.com\/pl\/wp-json\/wp\/v2\/product\/16521\/revisions"}],"wp:featuredmedia":[{"embeddable":true,"href":"https:\/\/vapemaison.com\/pl\/wp-json\/wp\/v2\/media\/16523"}],"wp:attachment":[{"href":"https:\/\/vapemaison.com\/pl\/wp-json\/wp\/v2\/media?parent=16521"}],"wp:term":[{"taxonomy":"product_brand","embeddable":true,"href":"https:\/\/vapemaison.com\/pl\/wp-json\/wp\/v2\/product_brand?post=16521"},{"taxonomy":"product_cat","embeddable":true,"href":"https:\/\/vapemaison.com\/pl\/wp-json\/wp\/v2\/product_cat?post=16521"},{"taxonomy":"product_tag","embeddable":true,"href":"https:\/\/vapemaison.com\/pl\/wp-json\/wp\/v2\/product_tag?post=16521"}],"curies":[{"name":"wp","href":"https:\/\/api.w.org\/{rel}","templated":true}]}}