

{"id":16581,"date":"2025-12-10T05:53:48","date_gmt":"2025-12-10T05:53:48","guid":{"rendered":"https:\/\/vapemaison.com\/?post_type=product&#038;p=16581"},"modified":"2025-12-22T09:44:15","modified_gmt":"2025-12-22T09:44:15","slug":"bang-digital-box-15k-puff-jednorazowy-vape","status":"publish","type":"product","link":"https:\/\/vapemaison.com\/pl\/product\/bang-digital-box-15k-puff-disposable-vape\/","title":{"rendered":"Bang Digital Box 15k Puff jednorazowy Vape"},"content":{"rendered":"<p><strong>Jednorazowe pi\u00f3ro Vape Bang Digital Box 15k Puff - najlepsze wra\u017cenia z waporyzacji<\/strong><\/p>\n\n\n\n<p>The <strong>Bang Digital Box <strong>15k Puff<\/strong> Jednorazowe pi\u00f3ro Vape Pen Original Edition<\/strong> zosta\u0142 zaprojektowany, aby zapewni\u0107 niezwyk\u0142e wra\u017cenia z waporyzacji. Dzi\u0119ki najnowocze\u015bniejszym funkcjom i imponuj\u0105cej pojemno\u015bci 15000 zaci\u0105gni\u0119\u0107, ten vape pen zapewnia p\u0142ynn\u0105, aromatyczn\u0105 par\u0119 przez ca\u0142y okres u\u017cytkowania. Niezale\u017cnie od tego, czy dopiero zaczynasz przygod\u0119 z waporyzacj\u0105, czy jeste\u015b do\u015bwiadczonym entuzjast\u0105 <strong>Bang Digital Box<\/strong> \u0142\u0105czy w sobie niezawodno\u015b\u0107, wygod\u0119 i styl w eleganckim i wydajnym urz\u0105dzeniu jednorazowego u\u017cytku.<\/p>\n\n\n\n<h3 class=\"wp-block-heading\"><strong>Kluczowe cechy:<\/strong><\/h3>\n\n\n\n<ul class=\"wp-block-list\">\n<li><strong>Do 15000 zaci\u0105gni\u0119\u0107:<\/strong> Konstrukcja o du\u017cej pojemno\u015bci zapewnia d\u0142ugotrwa\u0142\u0105 przyjemno\u015b\u0107 z u\u017cytkowania, gwarantuj\u0105c maksymalne wykorzystanie ka\u017cdego urz\u0105dzenia.<\/li>\n\n\n\n<li><strong>Akumulator 500 mAh:<\/strong> Zasilany wytrzyma\u0142\u0105 bateri\u0105 zapewniaj\u0105c\u0105 d\u0142ugotrwa\u0142\u0105 wydajno\u015b\u0107, a tak\u017ce <strong>Port typu C<\/strong> do wygodnego \u0142adowania.<\/li>\n\n\n\n<li><strong>Cewka siatkowa 1,0 Ohm:<\/strong> Zapewnia p\u0142ynne, sp\u00f3jne dostarczanie smaku i bogat\u0105 produkcj\u0119 pary przy ka\u017cdym zaci\u0105gni\u0119ciu.<\/li>\n\n\n\n<li><strong>Obj\u0119to\u015b\u0107 wtrysku oleju 23 ml:<\/strong> Du\u017ca pojemno\u015b\u0107 e-juice zapewnia satysfakcjonuj\u0105ce doznania z waporyzacji przy mniejszej potrzebie uzupe\u0142niania.<\/li>\n\n\n\n<li><strong>Opcje nikotyny:<\/strong> Dost\u0119pne w wersjach o mocy nikotyny 0%, 2%, 3% i 5%.<\/li>\n\n\n\n<li><strong>Kompaktowy i wygodny:<\/strong> Dzi\u0119ki kompaktowym rozmiarom i stylowemu wzornictwu, Bang Digital Box jest idealny do waporyzacji w podr\u00f3\u017cy.<\/li>\n<\/ul>\n\n\n\n<h3 class=\"wp-block-heading\"><strong>Dost\u0119pne smaki:<\/strong><\/h3>\n\n\n\n<ol class=\"wp-block-list\">\n<li>Blue Freeze<\/li>\n\n\n\n<li>Berry Blast<\/li>\n\n\n\n<li>Blue Cherry Lemon<\/li>\n\n\n\n<li>Peach Freeze<\/li>\n\n\n\n<li>Grape Freeze<\/li>\n\n\n\n<li>Peach Berry<\/li>\n\n\n\n<li>Kwa\u015bne jab\u0142ko Razberry<\/li>\n\n\n\n<li>Potr\u00f3jny owoc<\/li>\n\n\n\n<li>Arbuzowy l\u00f3d<\/li>\n\n\n\n<li>Arbuz truskawkowy<\/li>\n\n\n\n<li>Cool Mint<\/li>\n\n\n\n<li>Liczi truskawkowe<\/li>\n<\/ol>\n\n\n\n<h3 class=\"wp-block-heading\"><strong>Dlaczego warto wybra\u0107 jednorazowe pi\u00f3ro Bang Digital Box 15000 Puffs?<\/strong><\/h3>\n\n\n\n<ul class=\"wp-block-list\">\n<li><strong>D\u0142ugotrwa\u0142e wapowanie:<\/strong> Jednorazowe pi\u00f3ro vape zapewnia do 15000 zaci\u0105gni\u0119\u0107, dzi\u0119ki czemu mo\u017cesz cieszy\u0107 si\u0119 d\u0142u\u017cszym i sp\u00f3jnym do\u015bwiadczeniem bez ci\u0105g\u0142ego martwienia si\u0119 o wymian\u0119.<\/li>\n\n\n\n<li><strong>G\u0142adkie i aromatyczne przeboje:<\/strong> Dzi\u0119ki zaawansowanej cewce siatkowej 1,0 ohm, ka\u017cde zaci\u0105gni\u0119cie zapewnia bogat\u0105 i g\u0142adk\u0105 par\u0119, co czyni go idealnym rozwi\u0105zaniem dla tych, kt\u00f3rzy priorytetowo traktuj\u0105 smak.<\/li>\n\n\n\n<li><strong>Akumulator i zr\u00f3wnowa\u017cony rozw\u00f3j:<\/strong> Bateria o pojemno\u015bci 500 mAh z \u0142adowaniem typu C zapewnia jeszcze d\u0142u\u017csz\u0105 \u017cywotno\u015b\u0107 waporyzatora, czyni\u0105c go bardziej przyjaznym dla \u015brodowiska i op\u0142acalnym.<\/li>\n\n\n\n<li><strong>Idealny na ka\u017cd\u0105 okazj\u0119:<\/strong> Niezale\u017cnie od tego, czy jeste\u015b w domu, w podr\u00f3\u017cy, czy na imprezie, Bang Digital Box jest przeno\u015bny i stylowy, zaprojektowany tak, aby pasowa\u0142 do Twojego stylu \u017cycia.<\/li>\n<\/ul>\n\n\n\n<p>Ulepsz swoje wra\u017cenia z waporyzacji dzi\u0119ki <strong>Jednorazowe pi\u00f3ro Vape Bang Digital Box 15000 Puffs<\/strong> ju\u017c dzi\u015b i odkryj idealne po\u0142\u0105czenie wydajno\u015bci, wygody i smaku.<\/p>\n\n\n\n<p>Do\u0142\u0105cz do tysi\u0119cy zadowolonych vaper\u00f3w, kt\u00f3rzy kochaj\u0105 urz\u0105dzenia Bang! Poznaj nasze <a href=\"https:\/\/vapemaison.com\">strona g\u0142\u00f3wna<\/a> nowo\u015bci, sprawd\u017a <a href=\"https:\/\/vapemaison.com\/shop\">sklep<\/a> aby zapozna\u0107 si\u0119 z pe\u0142n\u0105 ofert\u0105 lub dowiedzie\u0107 si\u0119 wi\u0119cej o <a href=\"https:\/\/vapemaison.com\/brand\/bang\">Marka Bang<\/a> o kt\u00f3rych wszyscy m\u00f3wi\u0105. Dla urozmaicenia odkryj <a href=\"https:\/\/vapemaison.com\/brand\/humo-azul\/\">Kolekcja marki Humo Vape<\/a> produkty lub przegl\u0105daj wszystkie <a href=\"https:\/\/vapemaison.com\/product-category\/puffs-count\/\">Puffs vapes<\/a> w jednym miejscu.<\/p>","protected":false},"excerpt":{"rendered":"<div id=\"model-response-message-contentr_8935f4124dd5cc3a\" class=\"markdown markdown-main-panel stronger enable-updated-hr-color\" dir=\"ltr\" aria-live=\"polite\" aria-busy=\"false\">\n<p data-path-to-node=\"0\"><span class=\"citation-1\">Do\u015bwiadcz 15 000 zaci\u0105gni\u0119\u0107 czystym smakiem dzi\u0119ki <\/span><b data-path-to-node=\"0\" data-index-in-node=\"48\"><span class=\"citation-1\">Bang Digital Box 15K<\/span><\/b><span class=\"citation-1\">, wyposa\u017cony w wysokowydajny <\/span><b data-path-to-node=\"0\" data-index-in-node=\"98\"><span class=\"citation-1\">Cewka o oczkach 1,0\u03a9<\/span><\/b><span class=\"citation-1 citation-end-1\"> i zbiornik o pojemno\u015bci 23 ml zapewniaj\u0105cy niezmiennie p\u0142ynne zasysanie.<sup class=\"superscript\" data-turn-source-index=\"1\">1<\/sup><\/span> To eleganckie, kompaktowe urz\u0105dzenie \u0142\u0105czy w sobie niezawodny akumulator 500 mAh z szybkim \u0142adowaniem typu C, dzi\u0119ki czemu jest idealnym towarzyszem do waporyzacji w podr\u00f3\u017cy - zam\u00f3w teraz, aby zabezpieczy\u0107 preferowan\u0105 moc nikotyny, gdy dost\u0119pne s\u0105 aktualne zapasy i szybka wysy\u0142ka.<\/p>\n<div class=\"source-inline-chip-container ng-star-inserted\">\u00a0<\/div>\n<p>&nbsp;<\/p>\n<\/div>","protected":false},"featured_media":16588,"comment_status":"open","ping_status":"closed","template":"","meta":[],"product_brand":[57],"product_cat":[167],"product_tag":[],"class_list":{"0":"post-16581","1":"product","2":"type-product","3":"status-publish","4":"has-post-thumbnail","6":"product_brand-bang","7":"product_cat-15k-puffs","9":"first","10":"instock","11":"sale","12":"shipping-taxable","13":"purchasable","14":"product-type-variable"},"yoast_head":"<!-- This site is optimized with the Yoast SEO plugin v27.4 - https:\/\/yoast.com\/product\/yoast-seo-wordpress\/ -->\n<title>Bang Digital Box 15k Puff Disposable Vape \u2013 23ml, 12 Flavors - VapeMaison<\/title>\n<meta name=\"description\" content=\"Enjoy the Bang Digital Box 15k Puff Vape with 23ml e-juice, 12 flavors, and a rechargeable battery. Up to 15000 puffs for lasting satisfaction.\" \/>\n<meta name=\"robots\" content=\"index, follow, max-snippet:-1, max-image-preview:large, max-video-preview:-1\" \/>\n<link rel=\"canonical\" href=\"https:\/\/vapemaison.com\/pl\/produkt\/bang-digital-box-15k-puff-jednorazowy-vape\/\" \/>\n<meta property=\"og:locale\" content=\"pl_PL\" \/>\n<meta property=\"og:type\" content=\"article\" \/>\n<meta property=\"og:title\" content=\"Bang Digital Box 15k Puff Disposable Vape \u2013 23ml, 12 Flavors - VapeMaison\" \/>\n<meta property=\"og:description\" content=\"Enjoy the Bang Digital Box 15k Puff Vape with 23ml e-juice, 12 flavors, and a rechargeable battery. Up to 15000 puffs for lasting satisfaction.\" \/>\n<meta property=\"og:url\" content=\"https:\/\/vapemaison.com\/pl\/produkt\/bang-digital-box-15k-puff-jednorazowy-vape\/\" \/>\n<meta property=\"og:site_name\" content=\"VapeMaison\" \/>\n<meta property=\"article:modified_time\" content=\"2025-12-22T09:44:15+00:00\" \/>\n<meta property=\"og:image\" content=\"https:\/\/vapemaison.com\/wp-content\/uploads\/2025\/12\/doge-bang-digital-box-15000puffs-8.png.webp\" \/>\n\t<meta property=\"og:image:width\" content=\"1000\" \/>\n\t<meta property=\"og:image:height\" content=\"1000\" \/>\n\t<meta property=\"og:image:type\" content=\"image\/webp\" \/>\n<meta name=\"twitter:card\" content=\"summary_large_image\" \/>\n<meta name=\"twitter:label1\" content=\"Szacowany czas czytania\" \/>\n\t<meta name=\"twitter:data1\" content=\"2 minuty\" \/>\n<!-- \/ Yoast SEO plugin. -->","yoast_head_json":{"title":"Bang Digital Box 15k Puff jednorazowy Vape - 23 ml, 12 smak\u00f3w - VapeMaison","description":"Ciesz si\u0119 Bang Digital Box 15k Puff Vape z 23 ml e-soku, 12 smakami i akumulatorem. Do 15000 zaci\u0105gni\u0119\u0107 dla d\u0142ugotrwa\u0142ej satysfakcji.","robots":{"index":"index","follow":"follow","max-snippet":"max-snippet:-1","max-image-preview":"max-image-preview:large","max-video-preview":"max-video-preview:-1"},"canonical":"https:\/\/vapemaison.com\/pl\/produkt\/bang-digital-box-15k-puff-jednorazowy-vape\/","og_locale":"pl_PL","og_type":"article","og_title":"Bang Digital Box 15k Puff Disposable Vape \u2013 23ml, 12 Flavors - VapeMaison","og_description":"Enjoy the Bang Digital Box 15k Puff Vape with 23ml e-juice, 12 flavors, and a rechargeable battery. Up to 15000 puffs for lasting satisfaction.","og_url":"https:\/\/vapemaison.com\/pl\/produkt\/bang-digital-box-15k-puff-jednorazowy-vape\/","og_site_name":"VapeMaison","article_modified_time":"2025-12-22T09:44:15+00:00","og_image":[{"width":1000,"height":1000,"url":"https:\/\/vapemaison.com\/wp-content\/uploads\/2025\/12\/doge-bang-digital-box-15000puffs-8.png.webp","type":"image\/webp"}],"twitter_card":"summary_large_image","twitter_misc":{"Szacowany czas czytania":"2 minuty"},"schema":{"@context":"https:\/\/schema.org","@graph":[{"@type":"WebPage","@id":"https:\/\/vapemaison.com\/product\/bang-digital-box-15k-puff-disposable-vape\/","url":"https:\/\/vapemaison.com\/product\/bang-digital-box-15k-puff-disposable-vape\/","name":"Bang Digital Box 15k Puff jednorazowy Vape - 23 ml, 12 smak\u00f3w - VapeMaison","isPartOf":{"@id":"https:\/\/vapemaison.com\/#website"},"primaryImageOfPage":{"@id":"https:\/\/vapemaison.com\/product\/bang-digital-box-15k-puff-disposable-vape\/#primaryimage"},"image":{"@id":"https:\/\/vapemaison.com\/product\/bang-digital-box-15k-puff-disposable-vape\/#primaryimage"},"thumbnailUrl":"https:\/\/vapemaison.com\/wp-content\/uploads\/2025\/12\/doge-bang-digital-box-15000puffs-8.png.webp","datePublished":"2025-12-10T05:53:48+00:00","dateModified":"2025-12-22T09:44:15+00:00","description":"Ciesz si\u0119 Bang Digital Box 15k Puff Vape z 23 ml e-soku, 12 smakami i akumulatorem. Do 15000 zaci\u0105gni\u0119\u0107 dla d\u0142ugotrwa\u0142ej satysfakcji.","breadcrumb":{"@id":"https:\/\/vapemaison.com\/product\/bang-digital-box-15k-puff-disposable-vape\/#breadcrumb"},"inLanguage":"pl-PL","potentialAction":[{"@type":"ReadAction","target":["https:\/\/vapemaison.com\/product\/bang-digital-box-15k-puff-disposable-vape\/"]}]},{"@type":"ImageObject","inLanguage":"pl-PL","@id":"https:\/\/vapemaison.com\/product\/bang-digital-box-15k-puff-disposable-vape\/#primaryimage","url":"https:\/\/vapemaison.com\/wp-content\/uploads\/2025\/12\/doge-bang-digital-box-15000puffs-8.png.webp","contentUrl":"https:\/\/vapemaison.com\/wp-content\/uploads\/2025\/12\/doge-bang-digital-box-15000puffs-8.png.webp","width":1000,"height":1000,"caption":"Doge Bang Digital Boxpuffs 8.png Disposable Vape Device"},{"@type":"BreadcrumbList","@id":"https:\/\/vapemaison.com\/product\/bang-digital-box-15k-puff-disposable-vape\/#breadcrumb","itemListElement":[{"@type":"ListItem","position":1,"name":"\u9996\u9875","item":"https:\/\/vapemaison.com\/"},{"@type":"ListItem","position":2,"name":"Shop","item":"https:\/\/vapemaison.com\/shop\/"},{"@type":"ListItem","position":3,"name":"Bang","item":"https:\/\/vapemaison.com\/brand\/bang\/"},{"@type":"ListItem","position":4,"name":"Bang Digital Box 15k Puff Disposable Vape"}]},{"@type":"WebSite","@id":"https:\/\/vapemaison.com\/#website","url":"https:\/\/vapemaison.com\/","name":"VapeMaison","description":"Wysokiej jako\u015bci urz\u0105dzenia i akcesoria do waporyzacji","publisher":{"@id":"https:\/\/vapemaison.com\/#organization"},"potentialAction":[{"@type":"SearchAction","target":{"@type":"EntryPoint","urlTemplate":"https:\/\/vapemaison.com\/?s={search_term_string}"},"query-input":{"@type":"PropertyValueSpecification","valueRequired":true,"valueName":"search_term_string"}}],"inLanguage":"pl-PL"},{"@type":"Organization","@id":"https:\/\/vapemaison.com\/#organization","name":"VapeMaison","url":"https:\/\/vapemaison.com\/","logo":{"@type":"ImageObject","inLanguage":"pl-PL","@id":"https:\/\/vapemaison.com\/#\/schema\/logo\/image\/","url":"https:\/\/vapemaison.com\/wp-content\/uploads\/2026\/01\/cropped-vapemaison-logo-g-2026.webp","contentUrl":"https:\/\/vapemaison.com\/wp-content\/uploads\/2026\/01\/cropped-vapemaison-logo-g-2026.webp","width":350,"height":280,"caption":"VapeMaison"},"image":{"@id":"https:\/\/vapemaison.com\/#\/schema\/logo\/image\/"},"sameAs":["https:\/\/www.youtube.com\/@VapeMaison"]}]}},"tiered_pricing_type":"fixed","tiered_pricing_fixed_rules":{"30":"9.99","50":"9.21","100":"8.24","200":"7.42"},"tiered_pricing_product_settings":{"layout":"default","base_unit_name":{"singular":null,"plural":null},"default_variation":null},"tiered_pricing_minimum_quantity":10,"tiered_pricing_roles_data":[],"tiered_pricing_percentage_rules":[],"tiered_pricing_maximum_quantity":null,"tiered_pricing_quantity_step":"10","_links":{"self":[{"href":"https:\/\/vapemaison.com\/pl\/wp-json\/wp\/v2\/product\/16581","targetHints":{"allow":["GET"]}}],"collection":[{"href":"https:\/\/vapemaison.com\/pl\/wp-json\/wp\/v2\/product"}],"about":[{"href":"https:\/\/vapemaison.com\/pl\/wp-json\/wp\/v2\/types\/product"}],"replies":[{"embeddable":true,"href":"https:\/\/vapemaison.com\/pl\/wp-json\/wp\/v2\/comments?post=16581"}],"version-history":[{"count":0,"href":"https:\/\/vapemaison.com\/pl\/wp-json\/wp\/v2\/product\/16581\/revisions"}],"wp:featuredmedia":[{"embeddable":true,"href":"https:\/\/vapemaison.com\/pl\/wp-json\/wp\/v2\/media\/16588"}],"wp:attachment":[{"href":"https:\/\/vapemaison.com\/pl\/wp-json\/wp\/v2\/media?parent=16581"}],"wp:term":[{"taxonomy":"product_brand","embeddable":true,"href":"https:\/\/vapemaison.com\/pl\/wp-json\/wp\/v2\/product_brand?post=16581"},{"taxonomy":"product_cat","embeddable":true,"href":"https:\/\/vapemaison.com\/pl\/wp-json\/wp\/v2\/product_cat?post=16581"},{"taxonomy":"product_tag","embeddable":true,"href":"https:\/\/vapemaison.com\/pl\/wp-json\/wp\/v2\/product_tag?post=16581"}],"curies":[{"name":"wp","href":"https:\/\/api.w.org\/{rel}","templated":true}]}}