

{"id":16641,"date":"2025-12-10T07:30:01","date_gmt":"2025-12-10T07:30:01","guid":{"rendered":"https:\/\/vapemaison.com\/?post_type=product&#038;p=16641"},"modified":"2026-01-09T08:35:32","modified_gmt":"2026-01-09T08:35:32","slug":"bang-blaze-60k-puffs-wyswietlacz-lcd-jednorazowe-pioro-vape","status":"publish","type":"product","link":"https:\/\/vapemaison.com\/pl\/product\/bang-blaze-60k-puffs-lcd-display-disposable-vape-pen\/","title":{"rendered":"Jednorazowe pi\u00f3ro Bang Blaze 60k Puffs z wy\u015bwietlaczem LCD"},"content":{"rendered":"<h3 class=\"wp-block-heading\"><strong>Jednorazowy Vape Pen Bang Blaze 60K Puffs - niezr\u00f3wnana wydajno\u015b\u0107 dla entuzjast\u00f3w DTL<\/strong><\/h3>\n\n\n\n<p>Przedstawiamy <strong>Bang Blaze 60K Puffs<\/strong>, to najnowsza innowacja w technologii waporyzacji jednorazowej. Zaprojektowany specjalnie dla u\u017cytkownik\u00f3w korzystaj\u0105cych z technologii Direct-To-Lung (DTL), ten wysokowydajny vape pen zapewnia intensywne chmury i wyrazisty smak od pocz\u0105tku do ko\u0144ca. Oferuj\u0105c wiod\u0105c\u0105 w bran\u017cy liczb\u0119 60 000 zaci\u0105gni\u0119\u0107, pi\u00f3ro <strong>Bang Blaze 60K<\/strong> zapewnia wyd\u0142u\u017cone, satysfakcjonuj\u0105ce sesje, kt\u00f3re trwaj\u0105 ca\u0142y dzie\u0144, ka\u017cdego dnia.<\/p>\n\n\n\n<p>Zasilane solidnym akumulatorem o pojemno\u015bci 1000 mAh, urz\u0105dzenie to gwarantuje d\u0142ugotrwa\u0142\u0105 moc, w po\u0142\u0105czeniu z szybkim \u0142adowaniem typu C dla wygody. Zaawansowana cewka siatkowa 0,6\u03a9 zapewnia p\u0142ynn\u0105 produkcj\u0119 pary, zachowuj\u0105c bogaty smak przy ka\u017cdym zaci\u0105gni\u0119ciu. Bateria <strong>Bang Blaze 60K<\/strong> jest zbudowany, aby zaimponowa\u0107, wyposa\u017cony w najnowocze\u015bniejszy wy\u015bwietlacz LCD, kt\u00f3ry zapewnia aktualizacje w czasie rzeczywistym na temat \u017cywotno\u015bci baterii i poziomu e-cieczy, dzi\u0119ki czemu zawsze masz kontrol\u0119.<\/p>\n\n\n\n<p>Dzi\u0119ki 40 ml najwy\u017cszej jako\u015bci e-liquidu i mocy nikotyny 2%, 3% i 5% <strong>Bang Blaze 60K<\/strong> zosta\u0142 zaprojektowany, aby zaspokoi\u0107 r\u00f3\u017cnorodne preferencje dotycz\u0105ce waporyzacji. Dost\u0119pne w 10 odwa\u017cnych smakach i zapakowane w wygodne 8-cz\u0119\u015bciowe pude\u0142ka ekspozycyjne, to pi\u00f3ro vape \u0142\u0105czy w sobie wydajno\u015b\u0107, styl i trwa\u0142o\u015b\u0107, zapewniaj\u0105c najwy\u017csz\u0105 jako\u015b\u0107 waporyzacji.<\/p>\n\n\n\n<p><strong>Dlaczego warto wybra\u0107 Bang Blaze 60K Puffs?<\/strong><\/p>\n\n\n\n<ul class=\"wp-block-list\">\n<li><strong>Ogromna pojemno\u015b\u0107 dmuchawy:<\/strong> Do 60 000 zaci\u0105gni\u0119\u0107 si\u0119ga <strong>Bang Blaze 60K<\/strong> oferuje niezr\u00f3wnan\u0105 trwa\u0142o\u015b\u0107, dzi\u0119ki czemu idealnie nadaje si\u0119 do ca\u0142odziennego wapowania.<\/li>\n\n\n\n<li><strong>Ulepszona para i smak:<\/strong> Siatkowa cewka 0,6\u03a9 zapewnia p\u0142ynniejsz\u0105, bogatsz\u0105 produkcj\u0119 pary, zapewniaj\u0105c satysfakcjonuj\u0105ce doznania przy ka\u017cdym wdechu.<\/li>\n\n\n\n<li><strong>Aktualizacje w czasie rzeczywistym:<\/strong> Ekran LCD na bie\u017c\u0105co informuje o \u017cywotno\u015bci baterii i poziomie e-liquidu, zapewniaj\u0105c, \u017ce nigdy niespodziewanie si\u0119 nie wyczerpie.<\/li>\n\n\n\n<li><strong>Wygodne \u0142adowanie:<\/strong> Szybkie \u0142adowanie typu C umo\u017cliwia szybkie na\u0142adowanie urz\u0105dzenia, zapewniaj\u0105c, \u017ce zawsze b\u0119dziesz gotowy do nast\u0119pnej sesji.<\/li>\n<\/ul>\n\n\n\n<p>Podnie\u015b swoje wra\u017cenia z waporyzacji dzi\u0119ki <strong>Jednorazowe pi\u00f3ro Vape Bang Blaze 60K Puffs<\/strong> - Du\u017cy smak, du\u017ce chmury i du\u017ca wydajno\u015b\u0107 czekaj\u0105.<\/p>\n\n\n\n<h3 class=\"wp-block-heading\"><strong>Kluczowe cechy:<\/strong><\/h3>\n\n\n\n<figure class=\"wp-block-table\"><table class=\"has-fixed-layout\"><thead><tr><th><strong>Cecha<\/strong><\/th><th><strong>Specyfikacja<\/strong><\/th><\/tr><\/thead><tbody><tr><td><strong>Si\u0142a nikotyny<\/strong><\/td><td>2%, 3%, 5%<\/td><\/tr><tr><td><strong>Puffy<\/strong><\/td><td>Do 60 000<\/td><\/tr><tr><td><strong>Pojemno\u015b\u0107 E-Liquid<\/strong><\/td><td>40 ml<\/td><\/tr><tr><td><strong>Bateria<\/strong><\/td><td>Akumulator 1000 mAh<\/td><\/tr><tr><td><strong>Cewka<\/strong><\/td><td>Siatka 0,6\u03a9<\/td><\/tr><tr><td><strong>Wdychanie Typ<\/strong><\/td><td>Direct-To-Lung (DTL)<\/td><\/tr><tr><td><strong>Wy\u015bwietlacz<\/strong><\/td><td>Ekran LCD<\/td><\/tr><tr><td><strong>\u0141adowanie<\/strong><\/td><td>Szybkie \u0142adowanie typu C<\/td><\/tr><tr><td><strong>Opakowanie<\/strong><\/td><td>8 sztuk w opakowaniu<\/td><\/tr><tr><td><strong>Smaki<\/strong><\/td><td>10 odwa\u017cnych opcji<\/td><\/tr><\/tbody><\/table><\/figure>\n\n\n\n<h3 class=\"wp-block-heading\"><strong>Dost\u0119pne smaki:<\/strong><\/h3>\n\n\n\n<ol class=\"wp-block-list\">\n<li>Cool Mint<\/li>\n\n\n\n<li>Brown Ale<\/li>\n\n\n\n<li>Podw\u00f3jne jab\u0142ko<\/li>\n\n\n\n<li>Mi\u0119ta wi\u015bniowa<\/li>\n\n\n\n<li>Truskawka Kiwi<\/li>\n\n\n\n<li>Brzoskwinia Mango Arbuz<\/li>\n\n\n\n<li>Arbuz Truskawka Melon<\/li>\n\n\n\n<li>Blue Razz<\/li>\n\n\n\n<li>Jagody mieszane<\/li>\n\n\n\n<li>Owoc m\u0119czennicy<\/li>\n<\/ol>\n\n\n\n<p>Do\u0142\u0105cz do tysi\u0119cy zadowolonych vaper\u00f3w, kt\u00f3rzy kochaj\u0105 urz\u0105dzenia Bang! Poznaj nasze <a href=\"https:\/\/vapemaison.com\">strona g\u0142\u00f3wna<\/a> nowo\u015bci, sprawd\u017a <a href=\"https:\/\/vapemaison.com\/shop\">sklep<\/a> aby zapozna\u0107 si\u0119 z pe\u0142n\u0105 ofert\u0105 lub dowiedzie\u0107 si\u0119 wi\u0119cej o <a href=\"https:\/\/vapemaison.com\/brand\/bang\">Marka Bang<\/a> o kt\u00f3rych wszyscy m\u00f3wi\u0105. Dla urozmaicenia odkryj <a href=\"https:\/\/vapemaison.com\/brand\/humo-azul\/\">Kolekcja marki Humo Vape<\/a> produkty lub przegl\u0105daj wszystkie <a href=\"https:\/\/vapemaison.com\/product-category\/puffs-count\/\">Puffs vapes<\/a> w jednym miejscu.<\/p>","protected":false},"excerpt":{"rendered":"<div id=\"model-response-message-contentr_7060aab47834044d\" class=\"markdown markdown-main-panel stronger enable-updated-hr-color\" dir=\"ltr\" aria-live=\"polite\" aria-busy=\"false\">\n<p data-path-to-node=\"0\">Zdominuj chmury za pomoc\u0105 <b data-path-to-node=\"0\" data-index-in-node=\"29\">Bang Blaze 60K<\/b>, Wiod\u0105ca w bran\u017cy firma DTL posiadaj\u0105ca <b data-path-to-node=\"0\" data-index-in-node=\"92\">Cewka o oczkach 0,6\u03a9<\/b> i masywny <b data-path-to-node=\"0\" data-index-in-node=\"121\">Zbiornik 40 ml<\/b> dla intensywnej produkcji pary. \u015aled\u017a swoje parametry \u017cyciowe za pomoc\u0105 zintegrowanego <b data-path-to-node=\"0\" data-index-in-node=\"203\">Ekran LCD<\/b> i pozosta\u0144 zasilany solidn\u0105 bateri\u0105 1000 mAh z szybkim \u0142adowaniem typu C - zam\u00f3w ju\u017c dzi\u015b, aby do\u015bwiadczy\u0107 niezr\u00f3wnanej trwa\u0142o\u015bci i wyrazistego smaku dzi\u0119ki naszej aktualnej priorytetowej wysy\u0142ce.<\/p>\n<\/div>","protected":false},"featured_media":16646,"comment_status":"open","ping_status":"closed","template":"","meta":[],"product_brand":[57],"product_cat":[137],"product_tag":[],"class_list":{"0":"post-16641","1":"product","2":"type-product","3":"status-publish","4":"has-post-thumbnail","6":"product_brand-bang","7":"product_cat-60k-puffs","9":"first","10":"instock","11":"sale","12":"featured","13":"shipping-taxable","14":"purchasable","15":"product-type-variable"},"yoast_head":"<!-- This site is optimized with the Yoast SEO plugin v27.4 - https:\/\/yoast.com\/product\/yoast-seo-wordpress\/ -->\n<title>Bang Blaze 60K Disposable Vape \u2013 60000 Puffs, DTL, LCD Display - VapeMaison<\/title>\n<meta name=\"description\" content=\"Enjoy up to 60k puffs with the Bang Blaze 60K Disposable Vape. Featuring a 40mL e-liquid capacity, and 10 bold flavors for a premium DTL vaping experience.\" \/>\n<meta name=\"robots\" content=\"index, follow, max-snippet:-1, max-image-preview:large, max-video-preview:-1\" \/>\n<link rel=\"canonical\" href=\"https:\/\/vapemaison.com\/pl\/produkt\/bang-blaze-60k-puffs-wyswietlacz-lcd-jednorazowe-pioro-vape\/\" \/>\n<meta property=\"og:locale\" content=\"pl_PL\" \/>\n<meta property=\"og:type\" content=\"article\" \/>\n<meta property=\"og:title\" content=\"Bang Blaze 60K Disposable Vape \u2013 60000 Puffs, DTL, LCD Display - VapeMaison\" \/>\n<meta property=\"og:description\" content=\"Enjoy up to 60k puffs with the Bang Blaze 60K Disposable Vape. Featuring a 40mL e-liquid capacity, and 10 bold flavors for a premium DTL vaping experience.\" \/>\n<meta property=\"og:url\" content=\"https:\/\/vapemaison.com\/pl\/produkt\/bang-blaze-60k-puffs-wyswietlacz-lcd-jednorazowe-pioro-vape\/\" \/>\n<meta property=\"og:site_name\" content=\"VapeMaison\" \/>\n<meta property=\"article:modified_time\" content=\"2026-01-09T08:35:32+00:00\" \/>\n<meta property=\"og:image\" content=\"https:\/\/vapemaison.com\/wp-content\/uploads\/2025\/12\/vape-bang-blaze-60k-60000-puffs-main-picture.jpg.webp\" \/>\n\t<meta property=\"og:image:width\" content=\"1000\" \/>\n\t<meta property=\"og:image:height\" content=\"1000\" \/>\n\t<meta property=\"og:image:type\" content=\"image\/webp\" \/>\n<meta name=\"twitter:card\" content=\"summary_large_image\" \/>\n<meta name=\"twitter:label1\" content=\"Szacowany czas czytania\" \/>\n\t<meta name=\"twitter:data1\" content=\"2 minuty\" \/>\n<!-- \/ Yoast SEO plugin. -->","yoast_head_json":{"title":"Vape jednorazowe Bang Blaze 60K - 60000 zaci\u0105gni\u0119\u0107, DTL, wy\u015bwietlacz LCD - VapeMaison","description":"Ciesz si\u0119 nawet 60 tysi\u0105cami zaci\u0105gni\u0119\u0107 dzi\u0119ki jednorazowemu waporyzatorowi Bang Blaze 60K. Pojemno\u015b\u0107 e-liquidu wynosi 40 ml, a 10 odwa\u017cnych smak\u00f3w zapewnia najwy\u017cszej jako\u015bci doznania podczas waporyzacji DTL.","robots":{"index":"index","follow":"follow","max-snippet":"max-snippet:-1","max-image-preview":"max-image-preview:large","max-video-preview":"max-video-preview:-1"},"canonical":"https:\/\/vapemaison.com\/pl\/produkt\/bang-blaze-60k-puffs-wyswietlacz-lcd-jednorazowe-pioro-vape\/","og_locale":"pl_PL","og_type":"article","og_title":"Bang Blaze 60K Disposable Vape \u2013 60000 Puffs, DTL, LCD Display - VapeMaison","og_description":"Enjoy up to 60k puffs with the Bang Blaze 60K Disposable Vape. Featuring a 40mL e-liquid capacity, and 10 bold flavors for a premium DTL vaping experience.","og_url":"https:\/\/vapemaison.com\/pl\/produkt\/bang-blaze-60k-puffs-wyswietlacz-lcd-jednorazowe-pioro-vape\/","og_site_name":"VapeMaison","article_modified_time":"2026-01-09T08:35:32+00:00","og_image":[{"width":1000,"height":1000,"url":"https:\/\/vapemaison.com\/wp-content\/uploads\/2025\/12\/vape-bang-blaze-60k-60000-puffs-main-picture.jpg.webp","type":"image\/webp"}],"twitter_card":"summary_large_image","twitter_misc":{"Szacowany czas czytania":"2 minuty"},"schema":{"@context":"https:\/\/schema.org","@graph":[{"@type":"WebPage","@id":"https:\/\/vapemaison.com\/product\/bang-blaze-60k-puffs-lcd-display-disposable-vape-pen\/","url":"https:\/\/vapemaison.com\/product\/bang-blaze-60k-puffs-lcd-display-disposable-vape-pen\/","name":"Vape jednorazowe Bang Blaze 60K - 60000 zaci\u0105gni\u0119\u0107, DTL, wy\u015bwietlacz LCD - VapeMaison","isPartOf":{"@id":"https:\/\/vapemaison.com\/#website"},"primaryImageOfPage":{"@id":"https:\/\/vapemaison.com\/product\/bang-blaze-60k-puffs-lcd-display-disposable-vape-pen\/#primaryimage"},"image":{"@id":"https:\/\/vapemaison.com\/product\/bang-blaze-60k-puffs-lcd-display-disposable-vape-pen\/#primaryimage"},"thumbnailUrl":"https:\/\/vapemaison.com\/wp-content\/uploads\/2025\/12\/vape-bang-blaze-60k-60000-puffs-main-picture.jpg.webp","datePublished":"2025-12-10T07:30:01+00:00","dateModified":"2026-01-09T08:35:32+00:00","description":"Ciesz si\u0119 nawet 60 tysi\u0105cami zaci\u0105gni\u0119\u0107 dzi\u0119ki jednorazowemu waporyzatorowi Bang Blaze 60K. Pojemno\u015b\u0107 e-liquidu wynosi 40 ml, a 10 odwa\u017cnych smak\u00f3w zapewnia najwy\u017cszej jako\u015bci doznania podczas waporyzacji DTL.","breadcrumb":{"@id":"https:\/\/vapemaison.com\/product\/bang-blaze-60k-puffs-lcd-display-disposable-vape-pen\/#breadcrumb"},"inLanguage":"pl-PL","potentialAction":[{"@type":"ReadAction","target":["https:\/\/vapemaison.com\/product\/bang-blaze-60k-puffs-lcd-display-disposable-vape-pen\/"]}]},{"@type":"ImageObject","inLanguage":"pl-PL","@id":"https:\/\/vapemaison.com\/product\/bang-blaze-60k-puffs-lcd-display-disposable-vape-pen\/#primaryimage","url":"https:\/\/vapemaison.com\/wp-content\/uploads\/2025\/12\/vape-bang-blaze-60k-60000-puffs-main-picture.jpg.webp","contentUrl":"https:\/\/vapemaison.com\/wp-content\/uploads\/2025\/12\/vape-bang-blaze-60k-60000-puffs-main-picture.jpg.webp","width":1000,"height":1000,"caption":"Vape Bang Blaze 60k Puffs Main Picture.jpg"},{"@type":"BreadcrumbList","@id":"https:\/\/vapemaison.com\/product\/bang-blaze-60k-puffs-lcd-display-disposable-vape-pen\/#breadcrumb","itemListElement":[{"@type":"ListItem","position":1,"name":"\u9996\u9875","item":"https:\/\/vapemaison.com\/"},{"@type":"ListItem","position":2,"name":"Shop","item":"https:\/\/vapemaison.com\/shop\/"},{"@type":"ListItem","position":3,"name":"Bang","item":"https:\/\/vapemaison.com\/brand\/bang\/"},{"@type":"ListItem","position":4,"name":"Bang Blaze 60k Puffs LCD Display Disposable Vape Pen"}]},{"@type":"WebSite","@id":"https:\/\/vapemaison.com\/#website","url":"https:\/\/vapemaison.com\/","name":"VapeMaison","description":"Wysokiej jako\u015bci urz\u0105dzenia i akcesoria do waporyzacji","publisher":{"@id":"https:\/\/vapemaison.com\/#organization"},"potentialAction":[{"@type":"SearchAction","target":{"@type":"EntryPoint","urlTemplate":"https:\/\/vapemaison.com\/?s={search_term_string}"},"query-input":{"@type":"PropertyValueSpecification","valueRequired":true,"valueName":"search_term_string"}}],"inLanguage":"pl-PL"},{"@type":"Organization","@id":"https:\/\/vapemaison.com\/#organization","name":"VapeMaison","url":"https:\/\/vapemaison.com\/","logo":{"@type":"ImageObject","inLanguage":"pl-PL","@id":"https:\/\/vapemaison.com\/#\/schema\/logo\/image\/","url":"https:\/\/vapemaison.com\/wp-content\/uploads\/2026\/01\/cropped-vapemaison-logo-g-2026.webp","contentUrl":"https:\/\/vapemaison.com\/wp-content\/uploads\/2026\/01\/cropped-vapemaison-logo-g-2026.webp","width":350,"height":280,"caption":"VapeMaison"},"image":{"@id":"https:\/\/vapemaison.com\/#\/schema\/logo\/image\/"},"sameAs":["https:\/\/www.youtube.com\/@VapeMaison"]}]}},"tiered_pricing_type":"fixed","tiered_pricing_fixed_rules":{"30":"11.75","50":"10.99","100":"10.24","200":"9.36"},"tiered_pricing_product_settings":{"layout":"default","base_unit_name":{"singular":null,"plural":null},"default_variation":null},"tiered_pricing_minimum_quantity":10,"tiered_pricing_roles_data":[],"tiered_pricing_percentage_rules":[],"tiered_pricing_maximum_quantity":null,"tiered_pricing_quantity_step":"10","_links":{"self":[{"href":"https:\/\/vapemaison.com\/pl\/wp-json\/wp\/v2\/product\/16641","targetHints":{"allow":["GET"]}}],"collection":[{"href":"https:\/\/vapemaison.com\/pl\/wp-json\/wp\/v2\/product"}],"about":[{"href":"https:\/\/vapemaison.com\/pl\/wp-json\/wp\/v2\/types\/product"}],"replies":[{"embeddable":true,"href":"https:\/\/vapemaison.com\/pl\/wp-json\/wp\/v2\/comments?post=16641"}],"version-history":[{"count":0,"href":"https:\/\/vapemaison.com\/pl\/wp-json\/wp\/v2\/product\/16641\/revisions"}],"wp:featuredmedia":[{"embeddable":true,"href":"https:\/\/vapemaison.com\/pl\/wp-json\/wp\/v2\/media\/16646"}],"wp:attachment":[{"href":"https:\/\/vapemaison.com\/pl\/wp-json\/wp\/v2\/media?parent=16641"}],"wp:term":[{"taxonomy":"product_brand","embeddable":true,"href":"https:\/\/vapemaison.com\/pl\/wp-json\/wp\/v2\/product_brand?post=16641"},{"taxonomy":"product_cat","embeddable":true,"href":"https:\/\/vapemaison.com\/pl\/wp-json\/wp\/v2\/product_cat?post=16641"},{"taxonomy":"product_tag","embeddable":true,"href":"https:\/\/vapemaison.com\/pl\/wp-json\/wp\/v2\/product_tag?post=16641"}],"curies":[{"name":"wp","href":"https:\/\/api.w.org\/{rel}","templated":true}]}}