

{"id":16662,"date":"2025-12-10T08:30:08","date_gmt":"2025-12-10T08:30:08","guid":{"rendered":"https:\/\/vapemaison.com\/?post_type=product&#038;p=16662"},"modified":"2025-12-22T09:40:34","modified_gmt":"2025-12-22T09:40:34","slug":"bang-pulse-18000-puffow-jednorazowy-vape","status":"publish","type":"product","link":"https:\/\/vapemaison.com\/pl\/product\/bang-pulse-18000-puffs-disposable-vape\/","title":{"rendered":"Vape jednorazowe Bang Pulse 18000 Puffs"},"content":{"rendered":"<h3 class=\"wp-block-heading\"><strong>Vape jednorazowe Bang Pulse 18000 Puffs Dual Mesh - najwy\u017csza wydajno\u015b\u0107 i smak<\/strong><\/h3>\n\n\n\n<p>The <strong>Jednorazowa kapsu\u0142ka Vape Bang Pulse 18000 Puffs Dual Mesh<\/strong> zosta\u0142 zaprojektowany dla tych, kt\u00f3rzy wymagaj\u0105 wysokiej wydajno\u015bci i d\u0142ugotrwa\u0142ego do\u015bwiadczenia waporyzacji. Dzi\u0119ki imponuj\u0105cej pojemno\u015bci do 18 000 zaci\u0105gni\u0119\u0107, urz\u0105dzenie to zapewnia sta\u0142\u0105 i satysfakcjonuj\u0105c\u0105 produkcj\u0119 pary od pocz\u0105tku do ko\u0144ca. Idealny zar\u00f3wno dla pocz\u0105tkuj\u0105cych, jak i do\u015bwiadczonych waper\u00f3w, Bang Pulse \u0142\u0105czy w sobie wygod\u0119, moc i najwy\u017cszej jako\u015bci smak w eleganckiej, ergonomicznej konstrukcji.<\/p>\n\n\n\n<h3 class=\"wp-block-heading\"><strong>Kluczowe cechy:<\/strong><\/h3>\n\n\n\n<figure class=\"wp-block-table\"><table class=\"has-fixed-layout\"><thead><tr><th><strong>Cecha<\/strong><\/th><th><strong>Specyfikacja<\/strong><\/th><\/tr><\/thead><tbody><tr><td><strong>Pojemno\u015b\u0107 dmuchawy<\/strong><\/td><td>9,000 - 18,000 Puff\u00f3w<\/td><\/tr><tr><td><strong>Opcje nikotyny<\/strong><\/td><td>0%, 2%, 3%, 5%<\/td><\/tr><tr><td><strong>Pojemno\u015b\u0107 e-liquidu<\/strong><\/td><td>26 ml<\/td><\/tr><tr><td><strong>Bateria<\/strong><\/td><td>Akumulator 650 mAh<\/td><\/tr><tr><td><strong>Cewka<\/strong><\/td><td>Podw\u00f3jna siatka 1,0\u03a9<\/td><\/tr><tr><td><strong>Port \u0142adowania<\/strong><\/td><td>Szybkie \u0142adowanie typu C<\/td><\/tr><tr><td><strong>Smaki<\/strong><\/td><td>12 Pogrubionych opcji<\/td><\/tr><\/tbody><\/table><\/figure>\n\n\n\n<h3 class=\"wp-block-heading\"><strong>Lista smak\u00f3w:<\/strong><\/h3>\n\n\n\n<ol class=\"wp-block-list\">\n<li>Wi\u015bniowa bomba<\/li>\n\n\n\n<li>Soczysty brzoskwiniowy l\u00f3d<\/li>\n\n\n\n<li>Owoce tropikalne<\/li>\n\n\n\n<li>L\u00f3d winogronowy<\/li>\n\n\n\n<li>Brzoskwinia Mango<\/li>\n\n\n\n<li>Banan truskawkowy<\/li>\n\n\n\n<li>Mango truskawkowe<\/li>\n\n\n\n<li>Triple Berry Ice<\/li>\n\n\n\n<li>Arbuz truskawkowy<\/li>\n\n\n\n<li>Arbuzowy l\u00f3d<\/li>\n\n\n\n<li>Blue Razz Ice<\/li>\n\n\n\n<li>L\u00f3d z kwa\u015bnego jab\u0142ka<\/li>\n<\/ol>\n\n\n\n<h3 class=\"wp-block-heading\"><strong>Dlaczego warto wybra\u0107 Bang Pulse 18000 Puffs?<\/strong><\/h3>\n\n\n\n<ul class=\"wp-block-list\">\n<li><strong>D\u0142ugotrwa\u0142a wydajno\u015b\u0107:<\/strong> Z maksymalnie <strong>18 000 zaci\u0105gni\u0119\u0107<\/strong>, Ciesz si\u0119 d\u0142u\u017cszym do\u015bwiadczeniem waporyzacji bez konieczno\u015bci cz\u0119stego uzupe\u0142niania.<\/li>\n\n\n\n<li><strong>Du\u017ca pojemno\u015b\u0107 e-liquidu:<\/strong> <strong>26 ml<\/strong> wst\u0119pnie nape\u0142nionego e-liquidu zapewnia wystarczaj\u0105c\u0105 ilo\u015b\u0107 na wiele sesji, zmniejszaj\u0105c potrzeb\u0119 ponownego \u0142adowania.<\/li>\n\n\n\n<li><strong>Mo\u017cliwo\u015b\u0107 dostosowania mocy nikotyny:<\/strong> Dost\u0119pne w <strong>0%, 2%, 3% i 5%<\/strong> opcje nikotyny dostosowane do preferencji u\u017cytkownika.<\/li>\n\n\n\n<li><strong>Podw\u00f3jna cewka siatkowa:<\/strong> The <strong>Podw\u00f3jna cewka 1,0\u03a9<\/strong> zapewnia ulepszony smak i produkcj\u0119 pary, zapewniaj\u0105c g\u0142adsz\u0105, bogatsz\u0105 vape z ka\u017cdym zaci\u0105gni\u0119ciem.<\/li>\n\n\n\n<li><strong>Niezawodny akumulator:<\/strong> Zasilany przez <strong>Akumulator o pojemno\u015bci 650 mAh<\/strong> z <strong>\u0141adowanie typu C<\/strong> dla szybkiego \u0142adowania i minimalnego czasu przestoju.<\/li>\n\n\n\n<li><strong>Elegancka i ergonomiczna konstrukcja:<\/strong> Idealny do waporyzacji w podr\u00f3\u017cy, Bang Pulse jest wygodny w trzymaniu i \u0142atwy w u\u017cyciu.<\/li>\n<\/ul>\n\n\n\n<h3 class=\"wp-block-heading\"><strong>Do\u015bwiadcz Bang Pulse 18000 Puffs<\/strong><\/h3>\n\n\n\n<p>The <strong>Vape jednorazowego u\u017cytku Bang Pulse 18000 Puffs Dual Mesh<\/strong> \u0142\u0105czy w sobie wydajno\u015b\u0107 i wygod\u0119, oferuj\u0105c <strong>Najwy\u017cszej jako\u015bci doznania z waporyzacji<\/strong> w ka\u017cdym zaci\u0105gni\u0119ciu. Niezale\u017cnie od tego, czy szukasz bogatego smaku, d\u0142ugotrwa\u0142ej mocy czy eleganckiego wygl\u0105du, Bang Pulse zapewnia to wszystko i jeszcze wi\u0119cej. Wybierz <strong>Bang Pulse<\/strong> dla niezawodnego i przyjemnego do\u015bwiadczenia waporyzacji, kt\u00f3re trwa.<\/p>\n\n\n\n<p>Do\u0142\u0105cz do tysi\u0119cy zadowolonych vaper\u00f3w, kt\u00f3rzy kochaj\u0105 urz\u0105dzenia Bang! Poznaj nasze <a href=\"https:\/\/vapemaison.com\">strona g\u0142\u00f3wna<\/a> nowo\u015bci, sprawd\u017a <a href=\"https:\/\/vapemaison.com\/shop\">sklep<\/a> aby zapozna\u0107 si\u0119 z pe\u0142n\u0105 ofert\u0105 lub dowiedzie\u0107 si\u0119 wi\u0119cej o <a href=\"https:\/\/vapemaison.com\/brand\/bang\">Marka Bang<\/a> o kt\u00f3rych wszyscy m\u00f3wi\u0105. Dla urozmaicenia odkryj <a href=\"https:\/\/vapemaison.com\/brand\/humo-azul\/\">Kolekcja marki Humo Vape<\/a> produkty lub przegl\u0105daj wszystkie <a href=\"https:\/\/vapemaison.com\/product-category\/puffs-count\/\">Puffs vapes<\/a> w jednym miejscu.<\/p>","protected":false},"excerpt":{"rendered":"<div id=\"model-response-message-contentr_8b5845916801f7c7\" class=\"markdown markdown-main-panel stronger enable-updated-hr-color\" dir=\"ltr\" aria-live=\"polite\" aria-busy=\"false\">\n<p data-path-to-node=\"0\">Podnie\u015b poziom waporyzacji dzi\u0119ki <b data-path-to-node=\"0\" data-index-in-node=\"29\">Bang Pulse 18000<\/b>, charakteryzuj\u0105cy si\u0119 wysok\u0105 wydajno\u015bci\u0105 <b data-path-to-node=\"0\" data-index-in-node=\"76\">Podw\u00f3jna cewka 1,0\u03a9<\/b> i ogromny zbiornik o pojemno\u015bci 26 ml zapewniaj\u0105cy niezmiennie wyrazisty smak. Niezale\u017cnie od tego, czy wybierzesz tryb 9 000, czy 18 000 zaci\u0105gni\u0119\u0107, pozostaniesz zasilany dzi\u0119ki szybkiemu \u0142adowaniu Type-C i eleganckiej, ergonomicznej konstrukcji - wybierz sw\u00f3j ulubiony z 12 smak\u00f3w ju\u017c dzi\u015b, aby cieszy\u0107 si\u0119 najwy\u017csz\u0105 wydajno\u015bci\u0105 i szybk\u0105 wysy\u0142k\u0105.<\/p>\n<\/div>","protected":false},"featured_media":16664,"comment_status":"open","ping_status":"closed","template":"","meta":[],"product_brand":[57],"product_cat":[175],"product_tag":[],"class_list":{"0":"post-16662","1":"product","2":"type-product","3":"status-publish","4":"has-post-thumbnail","6":"product_brand-bang","7":"product_cat-18k-puffs","9":"first","10":"instock","11":"sale","12":"shipping-taxable","13":"purchasable","14":"product-type-variable"},"yoast_head":"<!-- This site is optimized with the Yoast SEO plugin v27.4 - https:\/\/yoast.com\/product\/yoast-seo-wordpress\/ -->\n<title>Bang Pulse 18000 Puffs Disposable Vape \u2013 26mL,Rechargeable<\/title>\n<meta name=\"description\" content=\"Enjoy up to 18k puffs with the Bang Pulse 18000 Puffs Disposable Vape. Featuring 26mL e-liquid, available in 12 bold flavors.\" \/>\n<meta name=\"robots\" content=\"index, follow, max-snippet:-1, max-image-preview:large, max-video-preview:-1\" \/>\n<link rel=\"canonical\" href=\"https:\/\/vapemaison.com\/pl\/produkt\/bang-pulse-18000-puffow-jednorazowy-vape\/\" \/>\n<meta property=\"og:locale\" content=\"pl_PL\" \/>\n<meta property=\"og:type\" content=\"article\" \/>\n<meta property=\"og:title\" content=\"Bang Pulse 18000 Puffs Disposable Vape \u2013 26mL,Rechargeable\" \/>\n<meta property=\"og:description\" content=\"Enjoy up to 18k puffs with the Bang Pulse 18000 Puffs Disposable Vape. Featuring 26mL e-liquid, available in 12 bold flavors.\" \/>\n<meta property=\"og:url\" content=\"https:\/\/vapemaison.com\/pl\/produkt\/bang-pulse-18000-puffow-jednorazowy-vape\/\" \/>\n<meta property=\"og:site_name\" content=\"VapeMaison\" \/>\n<meta property=\"article:modified_time\" content=\"2025-12-22T09:40:34+00:00\" \/>\n<meta property=\"og:image\" content=\"https:\/\/vapemaison.com\/wp-content\/uploads\/2025\/12\/vape-bang-pulse-18000-puffs-bang-pulse-18000.png.webp\" \/>\n\t<meta property=\"og:image:width\" content=\"1000\" \/>\n\t<meta property=\"og:image:height\" content=\"1000\" \/>\n\t<meta property=\"og:image:type\" content=\"image\/webp\" \/>\n<meta name=\"twitter:card\" content=\"summary_large_image\" \/>\n<meta name=\"twitter:label1\" content=\"Szacowany czas czytania\" \/>\n\t<meta name=\"twitter:data1\" content=\"2 minuty\" \/>\n<!-- \/ Yoast SEO plugin. -->","yoast_head_json":{"title":"Bang Pulse 18000 Puffs Jednorazowy Vape - 26 ml, \u0142adowalny","description":"Ciesz si\u0119 nawet 18 tysi\u0105cami zaci\u0105gni\u0119\u0107 dzi\u0119ki jednorazowemu waporyzatorowi Bang Pulse 18000 Puffs. E-p\u0142yn o pojemno\u015bci 26 ml jest dost\u0119pny w 12 wyrazistych smakach.","robots":{"index":"index","follow":"follow","max-snippet":"max-snippet:-1","max-image-preview":"max-image-preview:large","max-video-preview":"max-video-preview:-1"},"canonical":"https:\/\/vapemaison.com\/pl\/produkt\/bang-pulse-18000-puffow-jednorazowy-vape\/","og_locale":"pl_PL","og_type":"article","og_title":"Bang Pulse 18000 Puffs Disposable Vape \u2013 26mL,Rechargeable","og_description":"Enjoy up to 18k puffs with the Bang Pulse 18000 Puffs Disposable Vape. Featuring 26mL e-liquid, available in 12 bold flavors.","og_url":"https:\/\/vapemaison.com\/pl\/produkt\/bang-pulse-18000-puffow-jednorazowy-vape\/","og_site_name":"VapeMaison","article_modified_time":"2025-12-22T09:40:34+00:00","og_image":[{"width":1000,"height":1000,"url":"https:\/\/vapemaison.com\/wp-content\/uploads\/2025\/12\/vape-bang-pulse-18000-puffs-bang-pulse-18000.png.webp","type":"image\/webp"}],"twitter_card":"summary_large_image","twitter_misc":{"Szacowany czas czytania":"2 minuty"},"schema":{"@context":"https:\/\/schema.org","@graph":[{"@type":"WebPage","@id":"https:\/\/vapemaison.com\/product\/bang-pulse-18000-puffs-disposable-vape\/","url":"https:\/\/vapemaison.com\/product\/bang-pulse-18000-puffs-disposable-vape\/","name":"Bang Pulse 18000 Puffs Jednorazowy Vape - 26 ml, \u0142adowalny","isPartOf":{"@id":"https:\/\/vapemaison.com\/#website"},"primaryImageOfPage":{"@id":"https:\/\/vapemaison.com\/product\/bang-pulse-18000-puffs-disposable-vape\/#primaryimage"},"image":{"@id":"https:\/\/vapemaison.com\/product\/bang-pulse-18000-puffs-disposable-vape\/#primaryimage"},"thumbnailUrl":"https:\/\/vapemaison.com\/wp-content\/uploads\/2025\/12\/vape-bang-pulse-18000-puffs-bang-pulse-18000.png.webp","datePublished":"2025-12-10T08:30:08+00:00","dateModified":"2025-12-22T09:40:34+00:00","description":"Ciesz si\u0119 nawet 18 tysi\u0105cami zaci\u0105gni\u0119\u0107 dzi\u0119ki jednorazowemu waporyzatorowi Bang Pulse 18000 Puffs. E-p\u0142yn o pojemno\u015bci 26 ml jest dost\u0119pny w 12 wyrazistych smakach.","breadcrumb":{"@id":"https:\/\/vapemaison.com\/product\/bang-pulse-18000-puffs-disposable-vape\/#breadcrumb"},"inLanguage":"pl-PL","potentialAction":[{"@type":"ReadAction","target":["https:\/\/vapemaison.com\/product\/bang-pulse-18000-puffs-disposable-vape\/"]}]},{"@type":"ImageObject","inLanguage":"pl-PL","@id":"https:\/\/vapemaison.com\/product\/bang-pulse-18000-puffs-disposable-vape\/#primaryimage","url":"https:\/\/vapemaison.com\/wp-content\/uploads\/2025\/12\/vape-bang-pulse-18000-puffs-bang-pulse-18000.png.webp","contentUrl":"https:\/\/vapemaison.com\/wp-content\/uploads\/2025\/12\/vape-bang-pulse-18000-puffs-bang-pulse-18000.png.webp","width":1000,"height":1000,"caption":"Vape Bang Pulse Puffs Pulse.png"},{"@type":"BreadcrumbList","@id":"https:\/\/vapemaison.com\/product\/bang-pulse-18000-puffs-disposable-vape\/#breadcrumb","itemListElement":[{"@type":"ListItem","position":1,"name":"\u9996\u9875","item":"https:\/\/vapemaison.com\/"},{"@type":"ListItem","position":2,"name":"Shop","item":"https:\/\/vapemaison.com\/shop\/"},{"@type":"ListItem","position":3,"name":"Bang","item":"https:\/\/vapemaison.com\/brand\/bang\/"},{"@type":"ListItem","position":4,"name":"Bang Pulse 18000 Puffs Disposable Vape"}]},{"@type":"WebSite","@id":"https:\/\/vapemaison.com\/#website","url":"https:\/\/vapemaison.com\/","name":"VapeMaison","description":"Wysokiej jako\u015bci urz\u0105dzenia i akcesoria do waporyzacji","publisher":{"@id":"https:\/\/vapemaison.com\/#organization"},"potentialAction":[{"@type":"SearchAction","target":{"@type":"EntryPoint","urlTemplate":"https:\/\/vapemaison.com\/?s={search_term_string}"},"query-input":{"@type":"PropertyValueSpecification","valueRequired":true,"valueName":"search_term_string"}}],"inLanguage":"pl-PL"},{"@type":"Organization","@id":"https:\/\/vapemaison.com\/#organization","name":"VapeMaison","url":"https:\/\/vapemaison.com\/","logo":{"@type":"ImageObject","inLanguage":"pl-PL","@id":"https:\/\/vapemaison.com\/#\/schema\/logo\/image\/","url":"https:\/\/vapemaison.com\/wp-content\/uploads\/2026\/01\/cropped-vapemaison-logo-g-2026.webp","contentUrl":"https:\/\/vapemaison.com\/wp-content\/uploads\/2026\/01\/cropped-vapemaison-logo-g-2026.webp","width":350,"height":280,"caption":"VapeMaison"},"image":{"@id":"https:\/\/vapemaison.com\/#\/schema\/logo\/image\/"},"sameAs":["https:\/\/www.youtube.com\/@VapeMaison"]}]}},"tiered_pricing_type":"fixed","tiered_pricing_fixed_rules":{"30":"10.85","50":"9.56","100":"8.78","200":"7.82"},"tiered_pricing_product_settings":{"layout":"default","base_unit_name":{"singular":null,"plural":null},"default_variation":null},"tiered_pricing_minimum_quantity":10,"tiered_pricing_roles_data":[],"tiered_pricing_percentage_rules":[],"tiered_pricing_maximum_quantity":null,"tiered_pricing_quantity_step":"10","_links":{"self":[{"href":"https:\/\/vapemaison.com\/pl\/wp-json\/wp\/v2\/product\/16662","targetHints":{"allow":["GET"]}}],"collection":[{"href":"https:\/\/vapemaison.com\/pl\/wp-json\/wp\/v2\/product"}],"about":[{"href":"https:\/\/vapemaison.com\/pl\/wp-json\/wp\/v2\/types\/product"}],"replies":[{"embeddable":true,"href":"https:\/\/vapemaison.com\/pl\/wp-json\/wp\/v2\/comments?post=16662"}],"version-history":[{"count":0,"href":"https:\/\/vapemaison.com\/pl\/wp-json\/wp\/v2\/product\/16662\/revisions"}],"wp:featuredmedia":[{"embeddable":true,"href":"https:\/\/vapemaison.com\/pl\/wp-json\/wp\/v2\/media\/16664"}],"wp:attachment":[{"href":"https:\/\/vapemaison.com\/pl\/wp-json\/wp\/v2\/media?parent=16662"}],"wp:term":[{"taxonomy":"product_brand","embeddable":true,"href":"https:\/\/vapemaison.com\/pl\/wp-json\/wp\/v2\/product_brand?post=16662"},{"taxonomy":"product_cat","embeddable":true,"href":"https:\/\/vapemaison.com\/pl\/wp-json\/wp\/v2\/product_cat?post=16662"},{"taxonomy":"product_tag","embeddable":true,"href":"https:\/\/vapemaison.com\/pl\/wp-json\/wp\/v2\/product_tag?post=16662"}],"curies":[{"name":"wp","href":"https:\/\/api.w.org\/{rel}","templated":true}]}}