

{"id":16722,"date":"2025-12-10T08:50:20","date_gmt":"2025-12-10T08:50:20","guid":{"rendered":"https:\/\/vapemaison.com\/?post_type=product&#038;p=16722"},"modified":"2025-12-22T09:38:44","modified_gmt":"2025-12-22T09:38:44","slug":"bang-tornado-20k-puff-jednorazowy-vape","status":"publish","type":"product","link":"https:\/\/vapemaison.com\/pl\/product\/bang-tornado-20k-puffs-disposable-vape\/","title":{"rendered":"Bang Tornado 20K Puffs Wy\u015bwietlacz LED Jednorazowy Vape"},"content":{"rendered":"<h3 class=\"wp-block-heading\"><strong>Jednorazowe pi\u00f3ro Bang Tornado 20K Puffs LED Display Edition<\/strong><\/h3>\n\n\n\n<p>The <strong>Jednorazowe pi\u00f3ro Bang Tornado 20K Puffs LED Display Edition<\/strong> zosta\u0142 zaprojektowany dla vaper\u00f3w, kt\u00f3rzy wymagaj\u0105 najwy\u017cszej wydajno\u015bci, wygody i stylu. Dostarcza do <strong>20K Puffs<\/strong>, Ten vape o du\u017cej pojemno\u015bci zapewnia d\u0142ugie sesje satysfakcjonuj\u0105cej pary, co czyni go idealnym wyborem dla tych, kt\u00f3rzy szukaj\u0105 d\u0142ugotrwa\u0142ej przyjemno\u015bci.<\/p>\n\n\n\n<p>Z <strong>Pojemno\u015b\u0107 26 ml e-liquidu<\/strong>, w <strong>Bang Tornado<\/strong> zapewnia d\u0142ugi czas waporyzacji bez konieczno\u015bci cz\u0119stego uzupe\u0142niania. Jego zaawansowany <strong>Cewka o oczkach 1,0\u03a9<\/strong> zwi\u0119ksza produkcj\u0119 pary, zapewniaj\u0105c jednocze\u015bnie bogaty, sp\u00f3jny smak. Urz\u0105dzenie posiada r\u00f3wnie\u017c <strong>regulowany przep\u0142yw powietrza<\/strong>, umo\u017cliwiaj\u0105c u\u017cytkownikom dostosowanie losowania w celu uzyskania spersonalizowanych wra\u017ce\u0144 z waporyzacji.<\/p>\n\n\n\n<p>Zasilany przez <strong>Akumulator o pojemno\u015bci 1000 mAh<\/strong> i wyposa\u017cone w <strong>Szybkie \u0142adowanie typu C<\/strong>, w <strong>Bang Tornado<\/strong> zapewnia wydajne dostarczanie energii, minimalizuj\u0105c przestoje i utrzymuj\u0105c gotowo\u015b\u0107 do nast\u0119pnej sesji. Wbudowany <strong>Wy\u015bwietlacz LED<\/strong> zapewnia aktualizacje w czasie rzeczywistym dotycz\u0105ce \u017cywotno\u015bci baterii i poziomu e-cieczy, oferuj\u0105c pe\u0142n\u0105 kontrol\u0119 i spok\u00f3j ducha.<\/p>\n\n\n\n<p>Dost\u0119pne w mocach nikotyny <strong>0%, 2%, 3% i 5%<\/strong>, i oferowane w <strong>12 ekscytuj\u0105cych smak\u00f3w<\/strong>, w <strong>Bang Tornado<\/strong> zosta\u0142 zaprojektowany tak, aby zaspokoi\u0107 szeroki zakres preferencji, dzi\u0119ki czemu jest odpowiedni zar\u00f3wno dla pocz\u0105tkuj\u0105cych, jak i do\u015bwiadczonych waper\u00f3w.<\/p>\n\n\n\n<h3 class=\"wp-block-heading\"><strong>Kluczowe cechy:<\/strong><\/h3>\n\n\n\n<figure class=\"wp-block-table\"><table class=\"has-fixed-layout\"><thead><tr><th><strong>Cecha<\/strong><\/th><th><strong>Specyfikacja<\/strong><\/th><\/tr><\/thead><tbody><tr><td><strong>Pojemno\u015b\u0107 dmuchawy<\/strong><\/td><td>Do 20 tys. zaci\u0105gni\u0119\u0107<\/td><\/tr><tr><td><strong>Si\u0142a nikotyny<\/strong><\/td><td>0%, 2%, 3%, 5%<\/td><\/tr><tr><td><strong>Pojemno\u015b\u0107 E-Liquid<\/strong><\/td><td>26 ml<\/td><\/tr><tr><td><strong>Bateria<\/strong><\/td><td>Akumulator 1000 mAh<\/td><\/tr><tr><td><strong>Cewka<\/strong><\/td><td>Siatkowa cewka 1,0\u03a9<\/td><\/tr><tr><td><strong>Przep\u0142yw powietrza<\/strong><\/td><td>Regulowany przep\u0142yw powietrza<\/td><\/tr><tr><td><strong>Port \u0142adowania<\/strong><\/td><td>Szybkie \u0142adowanie typu C<\/td><\/tr><tr><td><strong>Wy\u015bwietlacz LED<\/strong><\/td><td>Informacje o baterii i e-cieczy w czasie rzeczywistym<\/td><\/tr><tr><td><strong>Smaki<\/strong><\/td><td>12 Pogrubionych opcji<\/td><\/tr><\/tbody><\/table><\/figure>\n\n\n\n<h3 class=\"wp-block-heading\"><strong>Lista smak\u00f3w:<\/strong><\/h3>\n\n\n\n<ol class=\"wp-block-list\">\n<li>Arbuz<\/li>\n\n\n\n<li>Arbuz truskawkowy<\/li>\n\n\n\n<li>L\u00f3d jagodowy<\/li>\n\n\n\n<li>Bor\u00f3wka Malina<\/li>\n\n\n\n<li>L\u00f3d truskawkowy<\/li>\n\n\n\n<li>Truskawka Kiwi<\/li>\n\n\n\n<li>Mango Brzoskwinia Arbuz<\/li>\n\n\n\n<li>Kiwi Passion Fruit Guava<\/li>\n\n\n\n<li>L\u00f3d brzoskwiniowy<\/li>\n\n\n\n<li>Jagody mieszane<\/li>\n\n\n\n<li>Blueberry Grape<\/li>\n\n\n\n<li>Arbuz Bubblegum<\/li>\n<\/ol>\n\n\n\n<h3 class=\"wp-block-heading\"><strong>Dlaczego warto wybra\u0107 Bang Tornado 20000 Puffs?<\/strong><\/h3>\n\n\n\n<ul class=\"wp-block-list\">\n<li><strong>D\u0142ugotrwa\u0142a pojemno\u015b\u0107 dmuchania:<\/strong> Z maksymalnie <strong>20K Puffs<\/strong>, i cieszy\u0107 si\u0119 bogatym do\u015bwiadczeniem z waporyzacji bez konieczno\u015bci cz\u0119stej wymiany.<\/li>\n\n\n\n<li><strong>Pojemno\u015b\u0107 E-liquidu Premium:<\/strong> <strong>26 ml<\/strong> e-liquidu zapewnia maksymalne wykorzystanie ka\u017cdego urz\u0105dzenia, zmniejszaj\u0105c liczb\u0119 uzupe\u0142nie\u0144 i zwi\u0119kszaj\u0105c wygod\u0119.<\/li>\n\n\n\n<li><strong>Spersonalizowane wra\u017cenia z waporyzacji:<\/strong> The <strong>regulowany przep\u0142yw powietrza<\/strong> oraz <strong>Cewka o oczkach 1,0\u03a9<\/strong> zwi\u0119kszaj\u0105 smak i produkcj\u0119 pary, umo\u017cliwiaj\u0105c dostosowanie ka\u017cdej sesji do osobistych preferencji.<\/li>\n\n\n\n<li><strong>Monitorowanie w czasie rzeczywistym:<\/strong> The <strong>Wy\u015bwietlacz LED<\/strong> zapewnia natychmiastowe aktualizacje zar\u00f3wno poziomu baterii, jak i e-liquidu, dzi\u0119ki czemu zawsze masz kontrol\u0119.<\/li>\n\n\n\n<li><strong>Szybkie \u0142adowanie:<\/strong> <strong>Szybkie \u0142adowanie typu C<\/strong> Zapewnia minimalny czas przestoju, zapewniaj\u0105c gotowo\u015b\u0107 do waporyzacji w mgnieniu oka.<\/li>\n\n\n\n<li><strong>Szeroki wyb\u00f3r smak\u00f3w:<\/strong> Z <strong>12 pysznych smak\u00f3w<\/strong> i zawarto\u015bci nikotyny od <strong>0% do 5%<\/strong>, w <strong>Bang Tornado<\/strong> spe\u0142nia potrzeby wszystkich vaper\u00f3w.<\/li>\n<\/ul>\n\n\n\n<p>Podnie\u015b swoje wra\u017cenia z waporyzacji dzi\u0119ki <strong>Jednorazowe pi\u00f3ro Bang Tornado 20K Puffs LED Display Edition<\/strong>-Zaprojektowany z my\u015bl\u0105 o wydajno\u015bci, wygodzie i wyrazistym smaku. Idealny dla ka\u017cdego wapera poszukuj\u0105cego niezawodnego, jednorazowego wapera o du\u017cej pojemno\u015bci.<\/p>\n\n\n\n<p>Do\u0142\u0105cz do tysi\u0119cy zadowolonych vaper\u00f3w, kt\u00f3rzy kochaj\u0105 urz\u0105dzenia Bang! Poznaj nasze <a href=\"https:\/\/vapemaison.com\">strona g\u0142\u00f3wna<\/a> nowo\u015bci, sprawd\u017a <a href=\"https:\/\/vapemaison.com\/shop\">sklep<\/a> aby zapozna\u0107 si\u0119 z pe\u0142n\u0105 ofert\u0105 lub dowiedzie\u0107 si\u0119 wi\u0119cej o <a href=\"https:\/\/vapemaison.com\/brand\/bang\">Marka Bang<\/a> o kt\u00f3rych wszyscy m\u00f3wi\u0105. Dla urozmaicenia odkryj <a href=\"https:\/\/vapemaison.com\/brand\/humo-azul\/\">Kolekcja marki Humo Vape<\/a> produkty lub przegl\u0105daj wszystkie <a href=\"https:\/\/vapemaison.com\/product-category\/puffs-count\/\">Puffs vapes<\/a> w jednym miejscu.<\/p>","protected":false},"excerpt":{"rendered":"<div id=\"model-response-message-contentr_41a9ae1d0168c6d5\" class=\"markdown markdown-main-panel stronger enable-updated-hr-color\" dir=\"ltr\" aria-live=\"polite\" aria-busy=\"false\">\n<p data-path-to-node=\"0\">Do\u015bwiadcz 20 000 zaci\u0105gni\u0119\u0107 precyzyjnie zaprojektowan\u0105 par\u0105 dzi\u0119ki <b data-path-to-node=\"0\" data-index-in-node=\"63\">Bang Tornado 20K<\/b>, wyposa\u017cony w akumulator o du\u017cej pojemno\u015bci 1000 mAh i regulowany przep\u0142yw powietrza dla w pe\u0142ni spersonalizowanego zaci\u0105gania. Monitoruj swoje poziomy na pierwszy rzut oka za pomoc\u0105 wy\u015bwietlacza LED w czasie rzeczywistym i ciesz si\u0119 sta\u0142ym, bogatym smakiem z cewki siatkowej 1,0\u03a9 - wybierz moc nikotyny ju\u017c teraz, aby zabezpieczy\u0107 ten wysokowydajny model z nasz\u0105 aktualn\u0105 gwarancj\u0105 szybkiej wysy\u0142ki.<\/p>\n<\/div>","protected":false},"featured_media":16727,"comment_status":"open","ping_status":"closed","template":"","meta":[],"product_brand":[57],"product_cat":[133,16],"product_tag":[],"class_list":{"0":"post-16722","1":"product","2":"type-product","3":"status-publish","4":"has-post-thumbnail","6":"product_brand-bang","7":"product_cat-20k-puffs","8":"product_cat-uncategorized","10":"first","11":"instock","12":"sale","13":"shipping-taxable","14":"purchasable","15":"product-type-variable"},"yoast_head":"<!-- This site is optimized with the Yoast SEO plugin v27.4 - https:\/\/yoast.com\/product\/yoast-seo-wordpress\/ -->\n<title>Bang Tornado 20k Puffs Disposable Vape \u2013 LED Display<\/title>\n<meta name=\"description\" content=\"Enjoy up to 20k puffs with the Bang Tornado Disposable Vape. Featuring 26mL e-liquid, 1.0\u03a9 mesh coil, and LED display for a premium vaping experience.\" \/>\n<meta name=\"robots\" content=\"index, follow, max-snippet:-1, max-image-preview:large, max-video-preview:-1\" \/>\n<link rel=\"canonical\" href=\"https:\/\/vapemaison.com\/pl\/produkt\/bang-tornado-20k-puff-jednorazowy-vape\/\" \/>\n<meta property=\"og:locale\" content=\"pl_PL\" \/>\n<meta property=\"og:type\" content=\"article\" \/>\n<meta property=\"og:title\" content=\"Bang Tornado 20k Puffs Disposable Vape \u2013 LED Display\" \/>\n<meta property=\"og:description\" content=\"Enjoy up to 20k puffs with the Bang Tornado Disposable Vape. Featuring 26mL e-liquid, 1.0\u03a9 mesh coil, and LED display for a premium vaping experience.\" \/>\n<meta property=\"og:url\" content=\"https:\/\/vapemaison.com\/pl\/produkt\/bang-tornado-20k-puff-jednorazowy-vape\/\" \/>\n<meta property=\"og:site_name\" content=\"VapeMaison\" \/>\n<meta property=\"article:modified_time\" content=\"2025-12-22T09:38:44+00:00\" \/>\n<meta property=\"og:image\" content=\"https:\/\/vapemaison.com\/wp-content\/uploads\/2025\/12\/vape-bang-tornado-20000-puffs-main-picture.jpg.webp\" \/>\n\t<meta property=\"og:image:width\" content=\"1000\" \/>\n\t<meta property=\"og:image:height\" content=\"1000\" \/>\n\t<meta property=\"og:image:type\" content=\"image\/webp\" \/>\n<meta name=\"twitter:card\" content=\"summary_large_image\" \/>\n<meta name=\"twitter:label1\" content=\"Szacowany czas czytania\" \/>\n\t<meta name=\"twitter:data1\" content=\"3 minuty\" \/>\n<!-- \/ Yoast SEO plugin. -->","yoast_head_json":{"title":"Bang Tornado 20k Puffs jednorazowy Vape - wy\u015bwietlacz LED","description":"Ciesz si\u0119 nawet 20 tysi\u0105cami zaci\u0105gni\u0119\u0107 dzi\u0119ki jednorazowemu waporyzatorowi Bang Tornado. Wyposa\u017cony w 26 ml e-liquidu, cewk\u0119 siatkow\u0105 1,0 \u03a9 i wy\u015bwietlacz LED zapewniaj\u0105cy najwy\u017cszej jako\u015bci doznania podczas waporyzacji.","robots":{"index":"index","follow":"follow","max-snippet":"max-snippet:-1","max-image-preview":"max-image-preview:large","max-video-preview":"max-video-preview:-1"},"canonical":"https:\/\/vapemaison.com\/pl\/produkt\/bang-tornado-20k-puff-jednorazowy-vape\/","og_locale":"pl_PL","og_type":"article","og_title":"Bang Tornado 20k Puffs Disposable Vape \u2013 LED Display","og_description":"Enjoy up to 20k puffs with the Bang Tornado Disposable Vape. Featuring 26mL e-liquid, 1.0\u03a9 mesh coil, and LED display for a premium vaping experience.","og_url":"https:\/\/vapemaison.com\/pl\/produkt\/bang-tornado-20k-puff-jednorazowy-vape\/","og_site_name":"VapeMaison","article_modified_time":"2025-12-22T09:38:44+00:00","og_image":[{"width":1000,"height":1000,"url":"https:\/\/vapemaison.com\/wp-content\/uploads\/2025\/12\/vape-bang-tornado-20000-puffs-main-picture.jpg.webp","type":"image\/webp"}],"twitter_card":"summary_large_image","twitter_misc":{"Szacowany czas czytania":"3 minuty"},"schema":{"@context":"https:\/\/schema.org","@graph":[{"@type":"WebPage","@id":"https:\/\/vapemaison.com\/product\/bang-tornado-20k-puffs-disposable-vape\/","url":"https:\/\/vapemaison.com\/product\/bang-tornado-20k-puffs-disposable-vape\/","name":"Bang Tornado 20k Puffs jednorazowy Vape - wy\u015bwietlacz LED","isPartOf":{"@id":"https:\/\/vapemaison.com\/#website"},"primaryImageOfPage":{"@id":"https:\/\/vapemaison.com\/product\/bang-tornado-20k-puffs-disposable-vape\/#primaryimage"},"image":{"@id":"https:\/\/vapemaison.com\/product\/bang-tornado-20k-puffs-disposable-vape\/#primaryimage"},"thumbnailUrl":"https:\/\/vapemaison.com\/wp-content\/uploads\/2025\/12\/vape-bang-tornado-20000-puffs-main-picture.jpg.webp","datePublished":"2025-12-10T08:50:20+00:00","dateModified":"2025-12-22T09:38:44+00:00","description":"Ciesz si\u0119 nawet 20 tysi\u0105cami zaci\u0105gni\u0119\u0107 dzi\u0119ki jednorazowemu waporyzatorowi Bang Tornado. Wyposa\u017cony w 26 ml e-liquidu, cewk\u0119 siatkow\u0105 1,0 \u03a9 i wy\u015bwietlacz LED zapewniaj\u0105cy najwy\u017cszej jako\u015bci doznania podczas waporyzacji.","breadcrumb":{"@id":"https:\/\/vapemaison.com\/product\/bang-tornado-20k-puffs-disposable-vape\/#breadcrumb"},"inLanguage":"pl-PL","potentialAction":[{"@type":"ReadAction","target":["https:\/\/vapemaison.com\/product\/bang-tornado-20k-puffs-disposable-vape\/"]}]},{"@type":"ImageObject","inLanguage":"pl-PL","@id":"https:\/\/vapemaison.com\/product\/bang-tornado-20k-puffs-disposable-vape\/#primaryimage","url":"https:\/\/vapemaison.com\/wp-content\/uploads\/2025\/12\/vape-bang-tornado-20000-puffs-main-picture.jpg.webp","contentUrl":"https:\/\/vapemaison.com\/wp-content\/uploads\/2025\/12\/vape-bang-tornado-20000-puffs-main-picture.jpg.webp","width":1000,"height":1000,"caption":"Vape Bang Tornado Puffs Main Picture.jpg"},{"@type":"BreadcrumbList","@id":"https:\/\/vapemaison.com\/product\/bang-tornado-20k-puffs-disposable-vape\/#breadcrumb","itemListElement":[{"@type":"ListItem","position":1,"name":"\u9996\u9875","item":"https:\/\/vapemaison.com\/"},{"@type":"ListItem","position":2,"name":"Shop","item":"https:\/\/vapemaison.com\/shop\/"},{"@type":"ListItem","position":3,"name":"Bang","item":"https:\/\/vapemaison.com\/brand\/bang\/"},{"@type":"ListItem","position":4,"name":"Bang Tornado 20K Puffs LED Display Disposable Vape"}]},{"@type":"WebSite","@id":"https:\/\/vapemaison.com\/#website","url":"https:\/\/vapemaison.com\/","name":"VapeMaison","description":"Wysokiej jako\u015bci urz\u0105dzenia i akcesoria do waporyzacji","publisher":{"@id":"https:\/\/vapemaison.com\/#organization"},"potentialAction":[{"@type":"SearchAction","target":{"@type":"EntryPoint","urlTemplate":"https:\/\/vapemaison.com\/?s={search_term_string}"},"query-input":{"@type":"PropertyValueSpecification","valueRequired":true,"valueName":"search_term_string"}}],"inLanguage":"pl-PL"},{"@type":"Organization","@id":"https:\/\/vapemaison.com\/#organization","name":"VapeMaison","url":"https:\/\/vapemaison.com\/","logo":{"@type":"ImageObject","inLanguage":"pl-PL","@id":"https:\/\/vapemaison.com\/#\/schema\/logo\/image\/","url":"https:\/\/vapemaison.com\/wp-content\/uploads\/2026\/01\/cropped-vapemaison-logo-g-2026.webp","contentUrl":"https:\/\/vapemaison.com\/wp-content\/uploads\/2026\/01\/cropped-vapemaison-logo-g-2026.webp","width":350,"height":280,"caption":"VapeMaison"},"image":{"@id":"https:\/\/vapemaison.com\/#\/schema\/logo\/image\/"},"sameAs":["https:\/\/www.youtube.com\/@VapeMaison"]}]}},"tiered_pricing_type":"fixed","tiered_pricing_fixed_rules":{"30":"9.99","50":"9.12","100":"8.54","200":"7.26"},"tiered_pricing_product_settings":{"layout":"default","base_unit_name":{"singular":null,"plural":null},"default_variation":null},"tiered_pricing_minimum_quantity":10,"tiered_pricing_roles_data":[],"tiered_pricing_percentage_rules":[],"tiered_pricing_maximum_quantity":null,"tiered_pricing_quantity_step":"10","_links":{"self":[{"href":"https:\/\/vapemaison.com\/pl\/wp-json\/wp\/v2\/product\/16722","targetHints":{"allow":["GET"]}}],"collection":[{"href":"https:\/\/vapemaison.com\/pl\/wp-json\/wp\/v2\/product"}],"about":[{"href":"https:\/\/vapemaison.com\/pl\/wp-json\/wp\/v2\/types\/product"}],"replies":[{"embeddable":true,"href":"https:\/\/vapemaison.com\/pl\/wp-json\/wp\/v2\/comments?post=16722"}],"version-history":[{"count":0,"href":"https:\/\/vapemaison.com\/pl\/wp-json\/wp\/v2\/product\/16722\/revisions"}],"wp:featuredmedia":[{"embeddable":true,"href":"https:\/\/vapemaison.com\/pl\/wp-json\/wp\/v2\/media\/16727"}],"wp:attachment":[{"href":"https:\/\/vapemaison.com\/pl\/wp-json\/wp\/v2\/media?parent=16722"}],"wp:term":[{"taxonomy":"product_brand","embeddable":true,"href":"https:\/\/vapemaison.com\/pl\/wp-json\/wp\/v2\/product_brand?post=16722"},{"taxonomy":"product_cat","embeddable":true,"href":"https:\/\/vapemaison.com\/pl\/wp-json\/wp\/v2\/product_cat?post=16722"},{"taxonomy":"product_tag","embeddable":true,"href":"https:\/\/vapemaison.com\/pl\/wp-json\/wp\/v2\/product_tag?post=16722"}],"curies":[{"name":"wp","href":"https:\/\/api.w.org\/{rel}","templated":true}]}}