

{"id":16781,"date":"2025-12-10T09:53:54","date_gmt":"2025-12-10T09:53:54","guid":{"rendered":"https:\/\/vapemaison.com\/?post_type=product&#038;p=16781"},"modified":"2025-12-22T09:38:12","modified_gmt":"2025-12-22T09:38:12","slug":"bang-tornado-40k-puff-jednorazowy-vape","status":"publish","type":"product","link":"https:\/\/vapemaison.com\/pl\/product\/bang-tornado-40k-puffs-disposable-vape\/","title":{"rendered":"Vape jednorazowe Bang Tornado 40K Puffs z wy\u015bwietlaczem LED"},"content":{"rendered":"<h3 class=\"wp-block-heading\"><strong>Bang Tornado 40K Puffs Du\u017cy wy\u015bwietlacz LED dymu Jednorazowy Vape - Najlepsze wra\u017cenia z waporyzacji<\/strong><\/h3>\n\n\n\n<p>The <strong>Bang Tornado 40K Puffs Du\u017cy wy\u015bwietlacz LED dymu Jednorazowe Vape<\/strong> zosta\u0142 zaprojektowany dla vaper\u00f3w poszukuj\u0105cych najlepszego po\u0142\u0105czenia wydajno\u015bci, stylu i wygody. Dzi\u0119ki mo\u017cliwo\u015bci dostarczenia do <strong>40K Puffs<\/strong>, To urz\u0105dzenie o du\u017cej pojemno\u015bci jest idealne do d\u0142u\u017cszych sesji waporyzacji bez konieczno\u015bci cz\u0119stego uzupe\u0142niania lub wymiany.<\/p>\n\n\n\n<p>Wyposa\u017cony w <strong>trzy zaawansowane cewki siatkowe<\/strong>, w <strong>Bang Tornado<\/strong> wytwarza sp\u00f3jn\u0105, aromatyczn\u0105 par\u0119 i ogromne chmury przy ka\u017cdym zaci\u0105gni\u0119ciu. The <strong>Inteligentny wy\u015bwietlacz LED<\/strong> zapewnia aktualizacje poziomu e-liquidu i baterii w czasie rzeczywistym, dzi\u0119ki czemu zawsze jeste\u015b informowany o stanie urz\u0105dzenia.<\/p>\n\n\n\n<p>The <strong>Akumulator o pojemno\u015bci 850 mAh<\/strong> gwarantuje d\u0142ugotrwa\u0142\u0105 wydajno\u015b\u0107, a <strong>Port \u0142adowania typu C<\/strong> oferuje szybkie \u0142adowanie, minimalizuj\u0105c przestoje i maksymalizuj\u0105c wra\u017cenia z waporyzacji. Dost\u0119pne w <strong>Moc nikotyny 0%, 2%, 3% i 5%<\/strong>, i z <strong>12 unikalnych opcji smakowych<\/strong>, w <strong>Bang Tornado 40000<\/strong> zaspokaja szeroki zakres preferencji, niezale\u017cnie od tego, czy wolisz doznania bez nikotyny, czy mocniejsze uderzenie.<\/p>\n\n\n\n<p>Ka\u017cde urz\u0105dzenie jest dostarczane z <strong>8 sztuk w pude\u0142ku ekspozycyjnym<\/strong>, dzi\u0119ki czemu idealnie nadaje si\u0119 zar\u00f3wno dla u\u017cytkownik\u00f3w indywidualnych, jak i sprzedawc\u00f3w detalicznych. Wybierz <strong>Vape jednorazowe Bang Tornado 40K Puffs z wy\u015bwietlaczem LED<\/strong> dla doskona\u0142ego, zaawansowanego technologicznie do\u015bwiadczenia waporyzacji, kt\u00f3re wyr\u00f3\u017cnia si\u0119 na tle innych.<\/p>\n\n\n\n<h3 class=\"wp-block-heading\"><strong>Kluczowe cechy:<\/strong><\/h3>\n\n\n\n<figure class=\"wp-block-table\"><table class=\"has-fixed-layout\"><thead><tr><th><strong>Cecha<\/strong><\/th><th><strong>Specyfikacja<\/strong><\/th><\/tr><\/thead><tbody><tr><td><strong>Pojemno\u015b\u0107 dmuchawy<\/strong><\/td><td>Do 40 tys. zaci\u0105gni\u0119\u0107<\/td><\/tr><tr><td><strong>Si\u0142a nikotyny<\/strong><\/td><td>0%, 2%, 3%, 5%<\/td><\/tr><tr><td><strong>Pojemno\u015b\u0107 E-Liquid<\/strong><\/td><td>40 ml<\/td><\/tr><tr><td><strong>Typ cewki<\/strong><\/td><td>Trzy zaawansowane cewki siatkowe<\/td><\/tr><tr><td><strong>Funkcje ekranu<\/strong><\/td><td>Inteligentny ekran LED (poziom baterii i e-cieczy)<\/td><\/tr><tr><td><strong>Pojemno\u015b\u0107 akumulatora<\/strong><\/td><td>Akumulator 850 mAh<\/td><\/tr><tr><td><strong>Metoda \u0142adowania<\/strong><\/td><td>Szybkie \u0142adowanie typu C<\/td><\/tr><tr><td><strong>Smaki<\/strong><\/td><td>12 opcji smakowych<\/td><\/tr><tr><td><strong>Opakowanie<\/strong><\/td><td>8 sztuk w pude\u0142ku ekspozycyjnym<\/td><\/tr><\/tbody><\/table><\/figure>\n\n\n\n<h3 class=\"wp-block-heading\"><strong>Dost\u0119pne smaki:<\/strong><\/h3>\n\n\n\n<ol class=\"wp-block-list\">\n<li>L\u00f3d brzoskwiniowy<\/li>\n\n\n\n<li>Love 66<\/li>\n\n\n\n<li>Triple Berry<\/li>\n\n\n\n<li>Jagoda z cytryn\u0105<\/li>\n\n\n\n<li>Nap\u00f3j energetyczny<\/li>\n\n\n\n<li>Podw\u00f3jne jab\u0142ko<\/li>\n\n\n\n<li>Mango Brzoskwinia<\/li>\n\n\n\n<li>Blueberry Grape<\/li>\n\n\n\n<li>Arbuz truskawkowy<\/li>\n\n\n\n<li>Truskawka Kiwi<\/li>\n\n\n\n<li>Bor\u00f3wka Malina<\/li>\n\n\n\n<li>Arbuz<\/li>\n<\/ol>\n\n\n\n<h3 class=\"wp-block-heading\"><strong>Dlaczego warto wybra\u0107 Bang Tornado 40000 Puffs?<\/strong><\/h3>\n\n\n\n<ul class=\"wp-block-list\">\n<li><strong>Imponuj\u0105ca pojemno\u015b\u0107 dmuchawy:<\/strong> Z maksymalnie <strong>40K Puffs<\/strong>, Ciesz si\u0119 d\u0142u\u017cszymi sesjami waporyzacji bez konieczno\u015bci cz\u0119stej wymiany lub uzupe\u0142niania.<\/li>\n\n\n\n<li><strong>Zaawansowane cewki siatkowe:<\/strong> The <strong>trzy cewki siatkowe<\/strong> zapewniaj\u0105 sta\u0142\u0105 produkcj\u0119 pary i ulepszone dostarczanie smaku, dzi\u0119ki czemu ka\u017cde zaci\u0105gni\u0119cie jest g\u0142adkie i satysfakcjonuj\u0105ce.<\/li>\n\n\n\n<li><strong>Inteligentny wy\u015bwietlacz LED:<\/strong> \u015aled\u017a swoje <strong>Poziomy baterii i e-cieczy<\/strong> w czasie rzeczywistym dzi\u0119ki intuicyjnemu ekranowi LED.<\/li>\n\n\n\n<li><strong>Szybkie \u0142adowanie:<\/strong> The <strong>\u0141adowanie typu C<\/strong> zapewnia szybkie \u0142adowanie, minimalizuj\u0105c przestoje i utrzymuj\u0105c gotowo\u015b\u0107 do waporyzacji.<\/li>\n\n\n\n<li><strong>Szeroki zakres smak\u00f3w i nikotyny:<\/strong> Dost\u0119pne w <strong>12 unikalnych smak\u00f3w<\/strong> i moc nikotyny od <strong>0% do 5%<\/strong>, Bang Tornado spe\u0142nia r\u00f3\u017cne preferencje.<\/li>\n<\/ul>\n\n\n\n<p>Podnie\u015b swoje wra\u017cenia z waporyzacji dzi\u0119ki <strong>Vape jednorazowe Bang Tornado 40000 Puffs z wy\u015bwietlaczem LED<\/strong> - zaprojektowany dla tych, kt\u00f3rzy wymagaj\u0105 wydajno\u015bci, smaku i stylu w jednym urz\u0105dzeniu.<\/p>\n\n\n\n<p>Do\u0142\u0105cz do tysi\u0119cy zadowolonych vaper\u00f3w, kt\u00f3rzy kochaj\u0105 urz\u0105dzenia Bang! Poznaj nasze <a href=\"https:\/\/vapemaison.com\">strona g\u0142\u00f3wna<\/a> nowo\u015bci, sprawd\u017a <a href=\"https:\/\/vapemaison.com\/shop\">sklep<\/a> aby zapozna\u0107 si\u0119 z pe\u0142n\u0105 ofert\u0105 lub dowiedzie\u0107 si\u0119 wi\u0119cej o <a href=\"https:\/\/vapemaison.com\/brand\/bang\">Marka Bang<\/a> o kt\u00f3rych wszyscy m\u00f3wi\u0105. Dla urozmaicenia odkryj <a href=\"https:\/\/vapemaison.com\/brand\/humo-azul\/\">Kolekcja marki Humo Vape<\/a> produkty lub przegl\u0105daj wszystkie <a href=\"https:\/\/vapemaison.com\/product-category\/puffs-count\/\">Puffs vapes<\/a> w jednym miejscu.<\/p>","protected":false},"excerpt":{"rendered":"<p>Uwolnij najlepsze wra\u017cenia z gonitwy w chmurze dzi\u0119ki <b data-path-to-node=\"0\" data-index-in-node=\"55\">Bang Tornado 40K<\/b>, Wyposa\u017cony w potr\u00f3jny system cewek siatkowych i ogromn\u0105 pojemno\u015b\u0107 40 ml zapewnia intensywny smak i ogromn\u0105 produkcj\u0119 pary. Zachowaj pe\u0142n\u0105 kontrol\u0119 dzi\u0119ki inteligentnemu wy\u015bwietlaczowi LED i wytrzyma\u0142ej baterii 850 mAh - zam\u00f3w ju\u017c dzi\u015b, aby zapewni\u0107 sobie preferowan\u0105 moc nikotyny i skorzysta\u0107 z naszej aktualnej oferty szybkiej wysy\u0142ki.<\/p>","protected":false},"featured_media":16788,"comment_status":"open","ping_status":"closed","template":"","meta":[],"product_brand":[57],"product_cat":[135],"product_tag":[],"class_list":{"0":"post-16781","1":"product","2":"type-product","3":"status-publish","4":"has-post-thumbnail","6":"product_brand-bang","7":"product_cat-40k-puffs","9":"first","10":"instock","11":"sale","12":"shipping-taxable","13":"purchasable","14":"product-type-variable"},"yoast_head":"<!-- This site is optimized with the Yoast SEO plugin v27.4 - https:\/\/yoast.com\/product\/yoast-seo-wordpress\/ -->\n<title>Bang Tornado 40k Puffs Disposable Vape \u2013 LED Display - VapeMaison<\/title>\n<meta name=\"description\" content=\"Enjoy up to 40k puffs with the Bang Tornado Disposable Vape. Features 40mL e-liquid, 3 mesh coils, LED display, and Type-C charging.\" \/>\n<meta name=\"robots\" content=\"index, follow, max-snippet:-1, max-image-preview:large, max-video-preview:-1\" \/>\n<link rel=\"canonical\" href=\"https:\/\/vapemaison.com\/pl\/produkt\/bang-tornado-40k-puff-jednorazowy-vape\/\" \/>\n<meta property=\"og:locale\" content=\"pl_PL\" \/>\n<meta property=\"og:type\" content=\"article\" \/>\n<meta property=\"og:title\" content=\"Bang Tornado 40k Puffs Disposable Vape \u2013 LED Display - VapeMaison\" \/>\n<meta property=\"og:description\" content=\"Enjoy up to 40k puffs with the Bang Tornado Disposable Vape. Features 40mL e-liquid, 3 mesh coils, LED display, and Type-C charging.\" \/>\n<meta property=\"og:url\" content=\"https:\/\/vapemaison.com\/pl\/produkt\/bang-tornado-40k-puff-jednorazowy-vape\/\" \/>\n<meta property=\"og:site_name\" content=\"VapeMaison\" \/>\n<meta property=\"article:modified_time\" content=\"2025-12-22T09:38:12+00:00\" \/>\n<meta property=\"og:image\" content=\"https:\/\/vapemaison.com\/wp-content\/uploads\/2025\/12\/vape-bang-tornado-40000-puffs-triple-berry-654x690.jpg.webp\" \/>\n\t<meta property=\"og:image:width\" content=\"654\" \/>\n\t<meta property=\"og:image:height\" content=\"690\" \/>\n\t<meta property=\"og:image:type\" content=\"image\/webp\" \/>\n<meta name=\"twitter:card\" content=\"summary_large_image\" \/>\n<meta name=\"twitter:label1\" content=\"Szacowany czas czytania\" \/>\n\t<meta name=\"twitter:data1\" content=\"3 minuty\" \/>\n<!-- \/ Yoast SEO plugin. -->","yoast_head_json":{"title":"Bang Tornado 40k Puffs Jednorazowy Vape - Wy\u015bwietlacz LED - VapeMaison","description":"Ciesz si\u0119 nawet 40 tysi\u0105cami zaci\u0105gni\u0119\u0107 dzi\u0119ki jednorazowemu waporyzatorowi Bang Tornado. Posiada 40 ml e-liquidu, 3 cewki siatkowe, wy\u015bwietlacz LED i \u0142adowanie typu C.","robots":{"index":"index","follow":"follow","max-snippet":"max-snippet:-1","max-image-preview":"max-image-preview:large","max-video-preview":"max-video-preview:-1"},"canonical":"https:\/\/vapemaison.com\/pl\/produkt\/bang-tornado-40k-puff-jednorazowy-vape\/","og_locale":"pl_PL","og_type":"article","og_title":"Bang Tornado 40k Puffs Disposable Vape \u2013 LED Display - VapeMaison","og_description":"Enjoy up to 40k puffs with the Bang Tornado Disposable Vape. Features 40mL e-liquid, 3 mesh coils, LED display, and Type-C charging.","og_url":"https:\/\/vapemaison.com\/pl\/produkt\/bang-tornado-40k-puff-jednorazowy-vape\/","og_site_name":"VapeMaison","article_modified_time":"2025-12-22T09:38:12+00:00","og_image":[{"width":654,"height":690,"url":"https:\/\/vapemaison.com\/wp-content\/uploads\/2025\/12\/vape-bang-tornado-40000-puffs-triple-berry-654x690.jpg.webp","type":"image\/webp"}],"twitter_card":"summary_large_image","twitter_misc":{"Szacowany czas czytania":"3 minuty"},"schema":{"@context":"https:\/\/schema.org","@graph":[{"@type":"WebPage","@id":"https:\/\/vapemaison.com\/product\/bang-tornado-40k-puffs-disposable-vape\/","url":"https:\/\/vapemaison.com\/product\/bang-tornado-40k-puffs-disposable-vape\/","name":"Bang Tornado 40k Puffs Jednorazowy Vape - Wy\u015bwietlacz LED - VapeMaison","isPartOf":{"@id":"https:\/\/vapemaison.com\/#website"},"primaryImageOfPage":{"@id":"https:\/\/vapemaison.com\/product\/bang-tornado-40k-puffs-disposable-vape\/#primaryimage"},"image":{"@id":"https:\/\/vapemaison.com\/product\/bang-tornado-40k-puffs-disposable-vape\/#primaryimage"},"thumbnailUrl":"https:\/\/vapemaison.com\/wp-content\/uploads\/2025\/12\/vape-bang-tornado-40000-puffs-triple-berry-654x690.jpg.webp","datePublished":"2025-12-10T09:53:54+00:00","dateModified":"2025-12-22T09:38:12+00:00","description":"Ciesz si\u0119 nawet 40 tysi\u0105cami zaci\u0105gni\u0119\u0107 dzi\u0119ki jednorazowemu waporyzatorowi Bang Tornado. Posiada 40 ml e-liquidu, 3 cewki siatkowe, wy\u015bwietlacz LED i \u0142adowanie typu C.","breadcrumb":{"@id":"https:\/\/vapemaison.com\/product\/bang-tornado-40k-puffs-disposable-vape\/#breadcrumb"},"inLanguage":"pl-PL","potentialAction":[{"@type":"ReadAction","target":["https:\/\/vapemaison.com\/product\/bang-tornado-40k-puffs-disposable-vape\/"]}]},{"@type":"ImageObject","inLanguage":"pl-PL","@id":"https:\/\/vapemaison.com\/product\/bang-tornado-40k-puffs-disposable-vape\/#primaryimage","url":"https:\/\/vapemaison.com\/wp-content\/uploads\/2025\/12\/vape-bang-tornado-40000-puffs-triple-berry-654x690.jpg.webp","contentUrl":"https:\/\/vapemaison.com\/wp-content\/uploads\/2025\/12\/vape-bang-tornado-40000-puffs-triple-berry-654x690.jpg.webp","width":654,"height":690,"caption":"Vape Bang Tornado Puffs Triple Berry 654x690.jpg"},{"@type":"BreadcrumbList","@id":"https:\/\/vapemaison.com\/product\/bang-tornado-40k-puffs-disposable-vape\/#breadcrumb","itemListElement":[{"@type":"ListItem","position":1,"name":"\u9996\u9875","item":"https:\/\/vapemaison.com\/"},{"@type":"ListItem","position":2,"name":"Shop","item":"https:\/\/vapemaison.com\/shop\/"},{"@type":"ListItem","position":3,"name":"Bang","item":"https:\/\/vapemaison.com\/brand\/bang\/"},{"@type":"ListItem","position":4,"name":"Bang Tornado 40K Puffs LED Display Disposable Vape"}]},{"@type":"WebSite","@id":"https:\/\/vapemaison.com\/#website","url":"https:\/\/vapemaison.com\/","name":"VapeMaison","description":"Wysokiej jako\u015bci urz\u0105dzenia i akcesoria do waporyzacji","publisher":{"@id":"https:\/\/vapemaison.com\/#organization"},"potentialAction":[{"@type":"SearchAction","target":{"@type":"EntryPoint","urlTemplate":"https:\/\/vapemaison.com\/?s={search_term_string}"},"query-input":{"@type":"PropertyValueSpecification","valueRequired":true,"valueName":"search_term_string"}}],"inLanguage":"pl-PL"},{"@type":"Organization","@id":"https:\/\/vapemaison.com\/#organization","name":"VapeMaison","url":"https:\/\/vapemaison.com\/","logo":{"@type":"ImageObject","inLanguage":"pl-PL","@id":"https:\/\/vapemaison.com\/#\/schema\/logo\/image\/","url":"https:\/\/vapemaison.com\/wp-content\/uploads\/2026\/01\/cropped-vapemaison-logo-g-2026.webp","contentUrl":"https:\/\/vapemaison.com\/wp-content\/uploads\/2026\/01\/cropped-vapemaison-logo-g-2026.webp","width":350,"height":280,"caption":"VapeMaison"},"image":{"@id":"https:\/\/vapemaison.com\/#\/schema\/logo\/image\/"},"sameAs":["https:\/\/www.youtube.com\/@VapeMaison"]}]}},"tiered_pricing_type":"fixed","tiered_pricing_fixed_rules":{"30":"11.99","50":"10.99","100":"9.56","200":"8.42"},"tiered_pricing_product_settings":{"layout":"default","base_unit_name":{"singular":null,"plural":null},"default_variation":null},"tiered_pricing_minimum_quantity":10,"tiered_pricing_roles_data":[],"tiered_pricing_percentage_rules":[],"tiered_pricing_maximum_quantity":null,"tiered_pricing_quantity_step":"10","_links":{"self":[{"href":"https:\/\/vapemaison.com\/pl\/wp-json\/wp\/v2\/product\/16781","targetHints":{"allow":["GET"]}}],"collection":[{"href":"https:\/\/vapemaison.com\/pl\/wp-json\/wp\/v2\/product"}],"about":[{"href":"https:\/\/vapemaison.com\/pl\/wp-json\/wp\/v2\/types\/product"}],"replies":[{"embeddable":true,"href":"https:\/\/vapemaison.com\/pl\/wp-json\/wp\/v2\/comments?post=16781"}],"version-history":[{"count":0,"href":"https:\/\/vapemaison.com\/pl\/wp-json\/wp\/v2\/product\/16781\/revisions"}],"wp:featuredmedia":[{"embeddable":true,"href":"https:\/\/vapemaison.com\/pl\/wp-json\/wp\/v2\/media\/16788"}],"wp:attachment":[{"href":"https:\/\/vapemaison.com\/pl\/wp-json\/wp\/v2\/media?parent=16781"}],"wp:term":[{"taxonomy":"product_brand","embeddable":true,"href":"https:\/\/vapemaison.com\/pl\/wp-json\/wp\/v2\/product_brand?post=16781"},{"taxonomy":"product_cat","embeddable":true,"href":"https:\/\/vapemaison.com\/pl\/wp-json\/wp\/v2\/product_cat?post=16781"},{"taxonomy":"product_tag","embeddable":true,"href":"https:\/\/vapemaison.com\/pl\/wp-json\/wp\/v2\/product_tag?post=16781"}],"curies":[{"name":"wp","href":"https:\/\/api.w.org\/{rel}","templated":true}]}}