

{"id":16839,"date":"2025-12-10T10:14:49","date_gmt":"2025-12-10T10:14:49","guid":{"rendered":"https:\/\/vapemaison.com\/?post_type=product&#038;p=16839"},"modified":"2025-12-22T09:29:09","modified_gmt":"2025-12-22T09:29:09","slug":"bang-king-triple-45000-puffs-vape","status":"publish","type":"product","link":"https:\/\/vapemaison.com\/pl\/product\/bang-king-triple-45000-puffs-vape\/","title":{"rendered":"Bang King Triple 45000 Puffs jednorazowy akumulator Vape"},"content":{"rendered":"<h3 class=\"wp-block-heading\"><strong>Bang King Triple 45000 Puffs Jednorazowe Vape - Wszechstronno\u015b\u0107 na nowo zdefiniowana<\/strong><\/h3>\n\n\n\n<p>The <strong>Bang King Triple 45000 Puffs<\/strong> to rewolucyjny jednorazowy vape, kt\u00f3ry przenosi wszechstronno\u015b\u0107 smaku na wy\u017cszy poziom. Wyposa\u017cony w innowacyjny <strong>System prze\u0142\u0105czania smak\u00f3w 3 w 1<\/strong>, Urz\u0105dzenie to pozwala p\u0142ynnie prze\u0142\u0105cza\u0107 si\u0119 mi\u0119dzy trzema r\u00f3\u017cnymi smakami, zapewniaj\u0105c dynamiczne doznania podczas waporyzacji. Dzi\u0119ki mo\u017cliwo\u015bci dostarczenia do <strong>45 000 zaci\u0105gni\u0119\u0107<\/strong>, Bang King Triple 45000 zapewnia d\u0142ugotrwa\u0142\u0105 satysfakcj\u0119 dla tych, kt\u00f3rzy pragn\u0105 r\u00f3\u017cnorodno\u015bci i wydajno\u015bci podczas ka\u017cdej sesji.<\/p>\n\n\n\n<p>Zasilany przez <strong>Akumulator o pojemno\u015bci 650 mAh<\/strong>, Ten vape oferuje niezawodn\u0105, sta\u0142\u0105 wydajno\u015b\u0107, z dodatkow\u0105 korzy\u015bci\u0105 w postaci <strong>Szybkie \u0142adowanie typu C<\/strong> dla szybkiego i wygodnego \u0142adowania. W zestawie <strong>Potr\u00f3jne cewki o oczkach 1,0\u03a9<\/strong> zapewniaj\u0105 g\u0142adk\u0105 par\u0119 i bogaty smak przez ca\u0142y okres u\u017cytkowania urz\u0105dzenia, dzi\u0119ki czemu ka\u017cde zaci\u0105gni\u0119cie si\u0119 jest przyjemne.<\/p>\n\n\n\n<p>Z ca\u0142kowit\u0105 <strong>Pojemno\u015b\u0107 45 ml e-liquidu<\/strong> (3 x 15 ml), Bang King Triple 45000 zapewnia d\u0142u\u017csze u\u017cytkowanie bez konieczno\u015bci cz\u0119stego uzupe\u0142niania. Dost\u0119pne w <strong>Moc nikotyny 2%, 3% i 5%<\/strong>, To urz\u0105dzenie mo\u017cna dostosowa\u0107 do szerokiego zakresu preferencji. Do wyboru <strong>10 odwa\u017cnych i ekscytuj\u0105cych po\u0142\u0105cze\u0144 smakowych<\/strong>, i ciesz si\u0119 doznaniami vape jak \u017cadne inne.<\/p>\n\n\n\n<p>The <strong>Bang King Triple 45000<\/strong> to idealny wyb\u00f3r dla vaper\u00f3w poszukuj\u0105cych wydajno\u015bci, wygody i innowacyjnych funkcji w eleganckim, stylowym wygl\u0105dzie.<\/p>\n\n\n\n<h3 class=\"wp-block-heading\"><strong>Kluczowe cechy:<\/strong><\/h3>\n\n\n\n<figure class=\"wp-block-table\"><table class=\"has-fixed-layout\"><thead><tr><th><strong>Cecha<\/strong><\/th><th><strong>Specyfikacja<\/strong><\/th><\/tr><\/thead><tbody><tr><td><strong>Pojemno\u015b\u0107 dmuchawy<\/strong><\/td><td>Do 45 000 zaci\u0105gni\u0119\u0107<\/td><\/tr><tr><td><strong>Si\u0142a nikotyny<\/strong><\/td><td>2%, 3%, 5%<\/td><\/tr><tr><td><strong>Pojemno\u015b\u0107 E-Liquid<\/strong><\/td><td>3 x 15 ml (\u0142\u0105cznie 45 ml)<\/td><\/tr><tr><td><strong>Bateria<\/strong><\/td><td>Akumulator 650 mAh<\/td><\/tr><tr><td><strong>Odporno\u015b\u0107 cewki<\/strong><\/td><td>Potr\u00f3jne cewki siatkowe 1,0\u03a9<\/td><\/tr><tr><td><strong>Port \u0142adowania<\/strong><\/td><td>Szybkie \u0142adowanie typu C<\/td><\/tr><tr><td><strong>Prze\u0142\u0105czanie smak\u00f3w<\/strong><\/td><td>Mechanizm obracaj\u0105cy niedopa\u0142ek papierosa<\/td><\/tr><tr><td><strong>Opcje smakowe<\/strong><\/td><td>10 unikalnych mieszanek<\/td><\/tr><tr><td><strong>Opakowanie<\/strong><\/td><td>10 sztuk w pude\u0142ku ekspozycyjnym<\/td><\/tr><\/tbody><\/table><\/figure>\n\n\n\n<h3 class=\"wp-block-heading\"><strong>Lista smak\u00f3w:<\/strong><\/h3>\n\n\n\n<ol class=\"wp-block-list\">\n<li>Arbuz + Red Bull + Truskawka Kiwi<\/li>\n\n\n\n<li>Limonka cytrynowa + arbuz truskawkowy + l\u00f3d jagodowy<\/li>\n\n\n\n<li>Banan truskawkowy + Arbuz malinowy + Limonka cytrynowa<\/li>\n\n\n\n<li>Truskawka Kiwi + Kwa\u015bny Ananas Mango + Red Bull<\/li>\n\n\n\n<li>Owoce tropikalne + arbuz truskawkowy + brzoskwinia cytrynowa<\/li>\n\n\n\n<li>Kokos ananasowy + Banan truskawkowy + Blue Razz<\/li>\n\n\n\n<li>Truskawka Malina + Potr\u00f3jny Melon + Kwa\u015bne Mango Ananas<\/li>\n\n\n\n<li>Arbuz malinowy + Brzoskwinia z mango + Kiwi truskawkowe<\/li>\n\n\n\n<li>Truskawkowo-waniliowa cola + jagodowo-malinowa + cytrynowo-limonkowa<\/li>\n\n\n\n<li>Arbuz + lody truskawkowe + potr\u00f3jny melon<\/li>\n<\/ol>\n\n\n\n<h3 class=\"wp-block-heading\"><strong>Dlaczego warto wybra\u0107 Bang King Triple 45000 Puffs?<\/strong><\/h3>\n\n\n\n<ul class=\"wp-block-list\">\n<li><strong>Innowacyjne prze\u0142\u0105czanie smak\u00f3w:<\/strong> \u0141atwo prze\u0142\u0105czaj si\u0119 mi\u0119dzy trzema r\u00f3\u017cnymi smakami dzi\u0119ki <strong>mechanizm obracaj\u0105cy niedopa\u0142ek papierosa<\/strong>, zapewniaj\u0105c \u015bwie\u017ce i dynamiczne doznania podczas waporyzacji.<\/li>\n\n\n\n<li><strong>D\u0142ugotrwa\u0142e dzia\u0142anie:<\/strong> Z maksymalnie <strong>45 000 zaci\u0105gni\u0119\u0107<\/strong>, Urz\u0105dzenie to zapewnia wyd\u0142u\u017con\u0105 i satysfakcjonuj\u0105c\u0105 sesj\u0119 waporyzacji bez konieczno\u015bci ci\u0105g\u0142ego uzupe\u0142niania.<\/li>\n\n\n\n<li><strong>E-liquid o du\u017cej pojemno\u015bci:<\/strong> The <strong>45 ml<\/strong> Pojemno\u015b\u0107 e-liquidu (3 x 15 ml) zmniejsza potrzeb\u0119 cz\u0119stej wymiany, pozwalaj\u0105c na bardziej nieprzerwan\u0105 przyjemno\u015b\u0107.<\/li>\n\n\n\n<li><strong>Produkcja pary klasy premium:<\/strong> Powered by <strong>Potr\u00f3jne cewki o oczkach 1,0\u03a9<\/strong>, Bang King zapewnia g\u0142adk\u0105 par\u0119 i bogaty smak przez ca\u0142y okres u\u017cytkowania urz\u0105dzenia.<\/li>\n\n\n\n<li><strong>Szybkie \u0142adowanie:<\/strong> <strong>Szybkie \u0142adowanie typu C<\/strong> pozwala na szybkie \u0142adowanie, zapewniaj\u0105c minimalny czas przestoju i ci\u0105g\u0142e doznania z waporyzacji.<\/li>\n\n\n\n<li><strong>Wszechstronna moc nikotyny:<\/strong> Dost\u0119pne w <strong>Nikotyna 2%, 3% i 5%<\/strong>, Urz\u0105dzenie zaspokaja szerok\u0105 gam\u0119 preferencji, od beznikotyny po mocniejsze uderzenie.<\/li>\n<\/ul>\n\n\n\n<p>Szukasz wi\u0119cej opcji waporyzacji premium? Odwied\u017a nasz\u0105 stron\u0119 <a href=\"https:\/\/vapemaison.com\">strona g\u0142\u00f3wna<\/a> aby zobaczy\u0107 najnowsze premiery, przejrzyj pe\u0142n\u0105 kolekcj\u0119 w naszej witrynie <a href=\"https:\/\/vapemaison.com\/shop\">sklep<\/a>, lub eksplorowa\u0107 inne urz\u0105dzenia z poziomu <a href=\"https:\/\/vapemaison.com\/brand\/bang\">Marka Bang<\/a>. Mo\u017cesz tak\u017ce cieszy\u0107 si\u0119 jednorazowymi produktami o du\u017cej pojemno\u015bci od <a href=\"https:\/\/vapemaison.com\/brand\/jnr\/\">JNR<\/a> lub sprawd\u017a wszystkie nasze <a href=\"https:\/\/vapemaison.com\/product-category\/puffs-count\/\">Urz\u0105dzenia Puffs<\/a> dla d\u0142ugotrwa\u0142ej satysfakcji.<\/p>","protected":false},"excerpt":{"rendered":"<div id=\"model-response-message-contentr_fa2a963b657e083b\" class=\"markdown markdown-main-panel stronger enable-updated-hr-color\" dir=\"ltr\" aria-live=\"polite\" aria-busy=\"false\">\n<p data-path-to-node=\"0\">Zrewolucjonizuj swoj\u0105 rutyn\u0119 wapowania dzi\u0119ki 45 000 zaci\u0105gni\u0119\u0107 i unikalnemu mechanizmowi obrotowemu, kt\u00f3ry pozwala prze\u0142\u0105cza\u0107 si\u0119 mi\u0119dzy trzema r\u00f3\u017cnymi smakami w jednym urz\u0105dzeniu. Wyposa\u017cony w potr\u00f3jne cewki siatkowe 1,0 \u03a9 i ogromn\u0105 pojemno\u015b\u0107 45 ml e-liquidu, to urz\u0105dzenie 3 w 1 zapewnia niezr\u00f3wnan\u0105 r\u00f3\u017cnorodno\u015b\u0107 i wydajno\u015b\u0107 - zam\u00f3w ju\u017c dzi\u015b 10-cz\u0119\u015bciowe pude\u0142ko ekspozycyjne, aby zapewni\u0107 sobie aktualne oszcz\u0119dno\u015bci hurtowe i szybk\u0105 wysy\u0142k\u0119.<\/p>\n<\/div>","protected":false},"featured_media":16841,"comment_status":"open","ping_status":"closed","template":"","meta":[],"product_brand":[57],"product_cat":[156],"product_tag":[],"class_list":{"0":"post-16839","1":"product","2":"type-product","3":"status-publish","4":"has-post-thumbnail","6":"product_brand-bang","7":"product_cat-45k-puffs","9":"first","10":"instock","11":"sale","12":"shipping-taxable","13":"purchasable","14":"product-type-variable"},"yoast_head":"<!-- This site is optimized with the Yoast SEO plugin v27.4 - https:\/\/yoast.com\/product\/yoast-seo-wordpress\/ -->\n<title>Bang King Triple 45000 Puffs Rechargeable Disposable Vape - VapeMaison<\/title>\n<meta name=\"description\" content=\"Discover the ultimate vaping adventure with the Bang King Triple 45000. Switch between 3 exciting flavors, enjoy rich vapor, and elevate every puff.\" \/>\n<meta name=\"robots\" content=\"index, follow, max-snippet:-1, max-image-preview:large, max-video-preview:-1\" \/>\n<link rel=\"canonical\" href=\"https:\/\/vapemaison.com\/pl\/produkt\/bang-king-triple-45000-puffs-vape\/\" \/>\n<meta property=\"og:locale\" content=\"pl_PL\" \/>\n<meta property=\"og:type\" content=\"article\" \/>\n<meta property=\"og:title\" content=\"Bang King Triple 45000 Puffs Rechargeable Disposable Vape - VapeMaison\" \/>\n<meta property=\"og:description\" content=\"Discover the ultimate vaping adventure with the Bang King Triple 45000. Switch between 3 exciting flavors, enjoy rich vapor, and elevate every puff.\" \/>\n<meta property=\"og:url\" content=\"https:\/\/vapemaison.com\/pl\/produkt\/bang-king-triple-45000-puffs-vape\/\" \/>\n<meta property=\"og:site_name\" content=\"VapeMaison\" \/>\n<meta property=\"article:modified_time\" content=\"2025-12-22T09:29:09+00:00\" \/>\n<meta property=\"og:image\" content=\"https:\/\/vapemaison.com\/wp-content\/uploads\/2025\/12\/vape-bang-king-triple-45000-45k-puffs-main-image.jpg.webp\" \/>\n\t<meta property=\"og:image:width\" content=\"1000\" \/>\n\t<meta property=\"og:image:height\" content=\"1000\" \/>\n\t<meta property=\"og:image:type\" content=\"image\/webp\" \/>\n<meta name=\"twitter:card\" content=\"summary_large_image\" \/>\n<meta name=\"twitter:label1\" content=\"Szacowany czas czytania\" \/>\n\t<meta name=\"twitter:data1\" content=\"3 minuty\" \/>\n<!-- \/ Yoast SEO plugin. -->","yoast_head_json":{"title":"Bang King Triple 45000 Puffs Jednorazowy akumulator Vape - VapeMaison","description":"Odkryj najlepsz\u0105 przygod\u0119 z waporyzacj\u0105 dzi\u0119ki Bang King Triple 45000. Prze\u0142\u0105czaj si\u0119 mi\u0119dzy 3 ekscytuj\u0105cymi smakami, ciesz si\u0119 bogat\u0105 par\u0105 i podnie\u015b ka\u017cdy zaci\u0105g.","robots":{"index":"index","follow":"follow","max-snippet":"max-snippet:-1","max-image-preview":"max-image-preview:large","max-video-preview":"max-video-preview:-1"},"canonical":"https:\/\/vapemaison.com\/pl\/produkt\/bang-king-triple-45000-puffs-vape\/","og_locale":"pl_PL","og_type":"article","og_title":"Bang King Triple 45000 Puffs Rechargeable Disposable Vape - VapeMaison","og_description":"Discover the ultimate vaping adventure with the Bang King Triple 45000. Switch between 3 exciting flavors, enjoy rich vapor, and elevate every puff.","og_url":"https:\/\/vapemaison.com\/pl\/produkt\/bang-king-triple-45000-puffs-vape\/","og_site_name":"VapeMaison","article_modified_time":"2025-12-22T09:29:09+00:00","og_image":[{"width":1000,"height":1000,"url":"https:\/\/vapemaison.com\/wp-content\/uploads\/2025\/12\/vape-bang-king-triple-45000-45k-puffs-main-image.jpg.webp","type":"image\/webp"}],"twitter_card":"summary_large_image","twitter_misc":{"Szacowany czas czytania":"3 minuty"},"schema":{"@context":"https:\/\/schema.org","@graph":[{"@type":"WebPage","@id":"https:\/\/vapemaison.com\/product\/bang-king-triple-45000-puffs-vape\/","url":"https:\/\/vapemaison.com\/product\/bang-king-triple-45000-puffs-vape\/","name":"Bang King Triple 45000 Puffs Jednorazowy akumulator Vape - VapeMaison","isPartOf":{"@id":"https:\/\/vapemaison.com\/#website"},"primaryImageOfPage":{"@id":"https:\/\/vapemaison.com\/product\/bang-king-triple-45000-puffs-vape\/#primaryimage"},"image":{"@id":"https:\/\/vapemaison.com\/product\/bang-king-triple-45000-puffs-vape\/#primaryimage"},"thumbnailUrl":"https:\/\/vapemaison.com\/wp-content\/uploads\/2025\/12\/vape-bang-king-triple-45000-45k-puffs-main-image.jpg.webp","datePublished":"2025-12-10T10:14:49+00:00","dateModified":"2025-12-22T09:29:09+00:00","description":"Odkryj najlepsz\u0105 przygod\u0119 z waporyzacj\u0105 dzi\u0119ki Bang King Triple 45000. Prze\u0142\u0105czaj si\u0119 mi\u0119dzy 3 ekscytuj\u0105cymi smakami, ciesz si\u0119 bogat\u0105 par\u0105 i podnie\u015b ka\u017cdy zaci\u0105g.","breadcrumb":{"@id":"https:\/\/vapemaison.com\/product\/bang-king-triple-45000-puffs-vape\/#breadcrumb"},"inLanguage":"pl-PL","potentialAction":[{"@type":"ReadAction","target":["https:\/\/vapemaison.com\/product\/bang-king-triple-45000-puffs-vape\/"]}]},{"@type":"ImageObject","inLanguage":"pl-PL","@id":"https:\/\/vapemaison.com\/product\/bang-king-triple-45000-puffs-vape\/#primaryimage","url":"https:\/\/vapemaison.com\/wp-content\/uploads\/2025\/12\/vape-bang-king-triple-45000-45k-puffs-main-image.jpg.webp","contentUrl":"https:\/\/vapemaison.com\/wp-content\/uploads\/2025\/12\/vape-bang-king-triple-45000-45k-puffs-main-image.jpg.webp","width":1000,"height":1000,"caption":"Vape Bang King Triple 45k Puffs Main Image.jpg"},{"@type":"BreadcrumbList","@id":"https:\/\/vapemaison.com\/product\/bang-king-triple-45000-puffs-vape\/#breadcrumb","itemListElement":[{"@type":"ListItem","position":1,"name":"\u9996\u9875","item":"https:\/\/vapemaison.com\/"},{"@type":"ListItem","position":2,"name":"Shop","item":"https:\/\/vapemaison.com\/shop\/"},{"@type":"ListItem","position":3,"name":"Bang","item":"https:\/\/vapemaison.com\/brand\/bang\/"},{"@type":"ListItem","position":4,"name":"Bang King Triple 45000 Puffs Rechargeable Disposable Vape"}]},{"@type":"WebSite","@id":"https:\/\/vapemaison.com\/#website","url":"https:\/\/vapemaison.com\/","name":"VapeMaison","description":"Wysokiej jako\u015bci urz\u0105dzenia i akcesoria do waporyzacji","publisher":{"@id":"https:\/\/vapemaison.com\/#organization"},"potentialAction":[{"@type":"SearchAction","target":{"@type":"EntryPoint","urlTemplate":"https:\/\/vapemaison.com\/?s={search_term_string}"},"query-input":{"@type":"PropertyValueSpecification","valueRequired":true,"valueName":"search_term_string"}}],"inLanguage":"pl-PL"},{"@type":"Organization","@id":"https:\/\/vapemaison.com\/#organization","name":"VapeMaison","url":"https:\/\/vapemaison.com\/","logo":{"@type":"ImageObject","inLanguage":"pl-PL","@id":"https:\/\/vapemaison.com\/#\/schema\/logo\/image\/","url":"https:\/\/vapemaison.com\/wp-content\/uploads\/2026\/01\/cropped-vapemaison-logo-g-2026.webp","contentUrl":"https:\/\/vapemaison.com\/wp-content\/uploads\/2026\/01\/cropped-vapemaison-logo-g-2026.webp","width":350,"height":280,"caption":"VapeMaison"},"image":{"@id":"https:\/\/vapemaison.com\/#\/schema\/logo\/image\/"},"sameAs":["https:\/\/www.youtube.com\/@VapeMaison"]}]}},"tiered_pricing_type":"fixed","tiered_pricing_fixed_rules":{"30":"10.56","50":"9.74","100":"8.52","200":"7.99"},"tiered_pricing_product_settings":{"layout":"default","base_unit_name":{"singular":null,"plural":null},"default_variation":null},"tiered_pricing_minimum_quantity":10,"tiered_pricing_roles_data":[],"tiered_pricing_percentage_rules":[],"tiered_pricing_maximum_quantity":null,"tiered_pricing_quantity_step":"10","_links":{"self":[{"href":"https:\/\/vapemaison.com\/pl\/wp-json\/wp\/v2\/product\/16839","targetHints":{"allow":["GET"]}}],"collection":[{"href":"https:\/\/vapemaison.com\/pl\/wp-json\/wp\/v2\/product"}],"about":[{"href":"https:\/\/vapemaison.com\/pl\/wp-json\/wp\/v2\/types\/product"}],"replies":[{"embeddable":true,"href":"https:\/\/vapemaison.com\/pl\/wp-json\/wp\/v2\/comments?post=16839"}],"version-history":[{"count":0,"href":"https:\/\/vapemaison.com\/pl\/wp-json\/wp\/v2\/product\/16839\/revisions"}],"wp:featuredmedia":[{"embeddable":true,"href":"https:\/\/vapemaison.com\/pl\/wp-json\/wp\/v2\/media\/16841"}],"wp:attachment":[{"href":"https:\/\/vapemaison.com\/pl\/wp-json\/wp\/v2\/media?parent=16839"}],"wp:term":[{"taxonomy":"product_brand","embeddable":true,"href":"https:\/\/vapemaison.com\/pl\/wp-json\/wp\/v2\/product_brand?post=16839"},{"taxonomy":"product_cat","embeddable":true,"href":"https:\/\/vapemaison.com\/pl\/wp-json\/wp\/v2\/product_cat?post=16839"},{"taxonomy":"product_tag","embeddable":true,"href":"https:\/\/vapemaison.com\/pl\/wp-json\/wp\/v2\/product_tag?post=16839"}],"curies":[{"name":"wp","href":"https:\/\/api.w.org\/{rel}","templated":true}]}}