

{"id":16885,"date":"2025-12-11T03:38:14","date_gmt":"2025-12-11T03:38:14","guid":{"rendered":"https:\/\/vapemaison.com\/?post_type=product&#038;p=16885"},"modified":"2025-12-22T09:28:44","modified_gmt":"2025-12-22T09:28:44","slug":"bang-de-60k-puff-jednorazowy-vape","status":"publish","type":"product","link":"https:\/\/vapemaison.com\/pl\/product\/bang-de-60k-puffs-disposable-vape\/","title":{"rendered":"Bang DE 60000 60k Puffs 3 w 1 Smak jednorazowy Vape"},"content":{"rendered":"<h3 class=\"wp-block-heading\"><strong>Bang DE 60000 Puffs - potr\u00f3jny smak, potr\u00f3jna zabawa<\/strong><\/h3>\n\n\n\n<p>The <strong>Bang DE 60000 Puffs<\/strong> to pot\u0119\u017cne urz\u0105dzenie do waporyzacji, kt\u00f3re na nowo definiuje spos\u00f3b do\u015bwiadczania smak\u00f3w. Zaprojektowany dla entuzjast\u00f3w smak\u00f3w, kt\u00f3rzy pragn\u0105 r\u00f3\u017cnorodno\u015bci, ten innowacyjny waporyzator dostarcza <strong>imponuj\u0105ce 60 000 zaci\u0105gni\u0119\u0107<\/strong> z zaawansowanym <strong>System aromat\u00f3w 3 w 1<\/strong>. Niezale\u017cnie od tego, czy wolisz prze\u0142\u0105cza\u0107 si\u0119 mi\u0119dzy r\u00f3\u017cnymi smakami, czy miesza\u0107 je ze sob\u0105, aby uzyska\u0107 dynamiczne wra\u017cenia. <strong>Bang DE 60000<\/strong> zapewnia niesko\u0144czone mo\u017cliwo\u015bci w ka\u017cdym puffie.<\/p>\n\n\n\n<p>Co j\u0105 wyr\u00f3\u017cnia? The <strong>System aromat\u00f3w A &amp; B &amp; AB<\/strong>, kt\u00f3ry pozwala \u0142atwo prze\u0142\u0105cza\u0107 si\u0119 mi\u0119dzy smakiem A, smakiem B lub cieszy\u0107 si\u0119 <strong>AB<\/strong>-P\u0142ynne po\u0142\u0105czenie obu smak\u00f3w. To tak, jakby mie\u0107 <strong>Trzy waporyzatory w jednym<\/strong>, pozwalaj\u0105c cieszy\u0107 si\u0119 w pe\u0142ni konfigurowalnym do\u015bwiadczeniem waporyzacji.<\/p>\n\n\n\n<h3 class=\"wp-block-heading\"><strong>Kluczowe cechy:<\/strong><\/h3>\n\n\n\n<figure class=\"wp-block-table\"><table class=\"has-fixed-layout\"><thead><tr><th><strong>Cecha<\/strong><\/th><th><strong>Specyfikacja<\/strong><\/th><\/tr><\/thead><tbody><tr><td><strong>Pojemno\u015b\u0107 dmuchawy<\/strong><\/td><td>60,000 Puffs<\/td><\/tr><tr><td><strong>Si\u0142a nikotyny<\/strong><\/td><td>2%, 3%, 5%<\/td><\/tr><tr><td><strong>Pojemno\u015b\u0107 E-Liquid<\/strong><\/td><td>60 ml<\/td><\/tr><tr><td><strong>Typ cewki<\/strong><\/td><td>Cewka Triple Mesh 1,0\u03a9<\/td><\/tr><tr><td><strong>Bateria<\/strong><\/td><td>Akumulator 850 mAh<\/td><\/tr><tr><td><strong>Port \u0142adowania<\/strong><\/td><td>Szybkie \u0142adowanie typu C<\/td><\/tr><tr><td><strong>System aromat\u00f3w<\/strong><\/td><td>3 w 1 (A, B, AB)<\/td><\/tr><tr><td><strong>Wy\u015bwietlacz LCD<\/strong><\/td><td>Wy\u015bwietlacz poziomu na\u0142adowania baterii i e-cieczy w czasie rzeczywistym<\/td><\/tr><tr><td><strong>Opcje smakowe<\/strong><\/td><td>12 kombinacji o potr\u00f3jnym smaku<\/td><\/tr><\/tbody><\/table><\/figure>\n\n\n\n<h3 class=\"wp-block-heading\"><strong>Lista smak\u00f3w:<\/strong><\/h3>\n\n\n\n<ol class=\"wp-block-list\">\n<li>Arbuzowy l\u00f3d i jagodowa mi\u0119ta<\/li>\n\n\n\n<li>Arbuzowy l\u00f3d i jagodowa wi\u015bnia<\/li>\n\n\n\n<li>Blueberry Ice &amp; Peach Mango Watermelon<\/li>\n\n\n\n<li>L\u00f3d jagodowy i brzoskwiniowy<\/li>\n\n\n\n<li>Bor\u00f3wka, malina i mieszanka jag\u00f3d<\/li>\n\n\n\n<li>L\u00f3d jagodowy, malinowy i winogronowy<\/li>\n\n\n\n<li>Red Bull i banan truskawkowy<\/li>\n\n\n\n<li>Red Bull i arbuz jagodowy<\/li>\n\n\n\n<li>Guma balonowa truskawkowo-mango-arbuzowa<\/li>\n\n\n\n<li>Truskawka z mango i truskawka z kiwi<\/li>\n\n\n\n<li>Truskawkowy arbuz i l\u00f3d Black Dragon<\/li>\n\n\n\n<li>Truskawka, arbuz i kiwi, marakuja, guawa<\/li>\n<\/ol>\n\n\n\n<h3 class=\"wp-block-heading\"><strong>Dlaczego warto wybra\u0107 Bang DE 60000 Puffs?<\/strong><\/h3>\n\n\n\n<ul class=\"wp-block-list\">\n<li><strong>Potr\u00f3jny smak:<\/strong> The <strong>System aromat\u00f3w 3 w 1<\/strong> pozwala bez wysi\u0142ku prze\u0142\u0105cza\u0107 si\u0119 mi\u0119dzy <strong>Smak A<\/strong>, <strong>Smak B<\/strong>, lub unikalne po\u0142\u0105czenie, <strong>AB<\/strong>, tworz\u0105c zr\u00f3\u017cnicowane i konfigurowalne do\u015bwiadczenie waporyzacji. To tak, jakby mie\u0107 trzy smaki w jednym urz\u0105dzeniu.<\/li>\n\n\n\n<li><strong>D\u0142ugotrwa\u0142e dzia\u0142anie:<\/strong> Z maksymalnie <strong>60 000 zaci\u0105gni\u0119\u0107<\/strong>, Dzi\u0119ki temu b\u0119dziesz m\u00f3g\u0142 cieszy\u0107 si\u0119 d\u0142u\u017cszym wapowaniem bez konieczno\u015bci cz\u0119stej wymiany lub uzupe\u0142niania.<\/li>\n\n\n\n<li><strong>Cewka o du\u017cej pojemno\u015bci i mocy:<\/strong> Wyposa\u017cenie <strong>60 ml e-liquidu<\/strong> oraz <strong>Cewka z potr\u00f3jn\u0105 siatk\u0105 1,0\u03a9<\/strong>, Bang DE 60000 zapewnia bogat\u0105, sp\u00f3jn\u0105 par\u0119 i g\u0142adki smak za ka\u017cdym razem.<\/li>\n\n\n\n<li><strong>Inteligentny i wydajny:<\/strong> The <strong>Akumulator o pojemno\u015bci 850 mAh<\/strong> oraz <strong>Szybkie \u0142adowanie typu C<\/strong> zapewniaj\u0105 gotowo\u015b\u0107 urz\u0105dzenia do pracy przy minimalnym czasie przestoju. The <strong>Wy\u015bwietlacz LCD<\/strong> zapewnia aktualizacje poziomu baterii i e-liquidu w czasie rzeczywistym, dzi\u0119ki czemu zawsze masz kontrol\u0119.<\/li>\n\n\n\n<li><strong>Szeroki wyb\u00f3r smak\u00f3w:<\/strong> Z <strong>12 potr\u00f3jnych kombinacji smakowych<\/strong>, b\u0119dziesz mie\u0107 niesko\u0144czone mo\u017cliwo\u015bci, aby Twoje sesje waporyzacji by\u0142y \u015bwie\u017ce i ekscytuj\u0105ce. Niezale\u017cnie od tego, czy wolisz owocowe mieszanki, orze\u017awiaj\u0105ce mi\u0119ty, czy odwa\u017cne kombinacje, znajdziesz smak na ka\u017cdy nastr\u00f3j.<\/li>\n\n\n\n<li><strong>Zwi\u0119kszona wygoda:<\/strong> The <strong>Funkcja smaku 3 w 1<\/strong> eliminuje potrzeb\u0119 noszenia wielu urz\u0105dze\u0144, zapewniaj\u0105c elastyczno\u015b\u0107 prze\u0142\u0105czania smak\u00f3w w podr\u00f3\u017cy bez k\u0142opot\u00f3w.<\/li>\n<\/ul>\n\n\n\n<h3 class=\"wp-block-heading\"><strong>Podnie\u015b swoje wra\u017cenia z waporyzacji dzi\u0119ki Bang DE 60000 Puffs<\/strong><\/h3>\n\n\n\n<p>The <strong>Bang DE 60000 Puffs<\/strong> to najlepsze urz\u0105dzenie do waporyzacji dla tych, kt\u00f3rzy wymagaj\u0105 wi\u0119cej od swojego waporyzatora. Niezale\u017cnie od tego, czy chcesz cieszy\u0107 si\u0119 klasycznymi smakami, wypr\u00f3bowa\u0107 unikalne kombinacje, czy te\u017c odkrywa\u0107 nowe mieszanki, ten waporyzator zapewni Ci wszystko. Dzi\u0119ki najnowocze\u015bniejszej konstrukcji i zaawansowanej technologii, model <strong>Bang DE 60000<\/strong> zapewnia prawdziwie konfigurowalne i satysfakcjonuj\u0105ce do\u015bwiadczenie.<\/p>\n\n\n\n<p>Szukasz wi\u0119cej opcji waporyzacji premium? Odwied\u017a nasz\u0105 stron\u0119 <a href=\"https:\/\/vapemaison.com\">strona g\u0142\u00f3wna<\/a> aby zobaczy\u0107 najnowsze premiery, przejrzyj pe\u0142n\u0105 kolekcj\u0119 w naszej witrynie <a href=\"https:\/\/vapemaison.com\/shop\">sklep<\/a>, lub eksplorowa\u0107 inne urz\u0105dzenia z poziomu <a href=\"https:\/\/vapemaison.com\/brand\/bang\">Marka Bang<\/a>. Mo\u017cesz tak\u017ce cieszy\u0107 si\u0119 jednorazowymi produktami o du\u017cej pojemno\u015bci od <a href=\"https:\/\/vapemaison.com\/brand\/jnr\/\">JNR<\/a> lub sprawd\u017a wszystkie nasze <a href=\"https:\/\/vapemaison.com\/product-category\/puffs-count\/\">Urz\u0105dzenia Puffs<\/a> dla d\u0142ugotrwa\u0142ej satysfakcji.<\/p>","protected":false},"excerpt":{"rendered":"<div id=\"model-response-message-contentr_a71402abc5eee709\" class=\"markdown markdown-main-panel stronger enable-updated-hr-color\" dir=\"ltr\" aria-live=\"polite\" aria-busy=\"false\">\n<p data-path-to-node=\"0\">Zdefiniuj na nowo swoje doznania dzi\u0119ki ogromnej pojemno\u015bci 60 000 zaci\u0105gni\u0119\u0107 i innowacyjnemu systemowi smakowemu 3 w 1, kt\u00f3ry umo\u017cliwia prze\u0142\u0105czanie lub mieszanie trzech r\u00f3\u017cnych smak\u00f3w w jednym urz\u0105dzeniu. Wyposa\u017cony w potr\u00f3jn\u0105 cewk\u0119 siatkow\u0105 i wy\u015bwietlacz LCD w czasie rzeczywistym, ten powerhouse oferuje niezr\u00f3wnan\u0105 r\u00f3\u017cnorodno\u015b\u0107 - zam\u00f3w ju\u017c dzi\u015b, aby zablokowa\u0107 nasz\u0105 aktualn\u0105 promocj\u0119 i cieszy\u0107 si\u0119 priorytetow\u0105 wysy\u0142k\u0105 najbardziej wszechstronnego waporyzatora na rynku.<\/p>\n<\/div>","protected":false},"featured_media":16890,"comment_status":"open","ping_status":"closed","template":"","meta":[],"product_brand":[57],"product_cat":[137],"product_tag":[],"class_list":{"0":"post-16885","1":"product","2":"type-product","3":"status-publish","4":"has-post-thumbnail","6":"product_brand-bang","7":"product_cat-60k-puffs","9":"first","10":"instock","11":"sale","12":"shipping-taxable","13":"purchasable","14":"product-type-variable"},"yoast_head":"<!-- This site is optimized with the Yoast SEO plugin v27.4 - https:\/\/yoast.com\/product\/yoast-seo-wordpress\/ -->\n<title>Bang DE 60k Puffs Disposable Vape \u2013 3-in-1 Flavor LCD Display<\/title>\n<meta name=\"description\" content=\"Enjoy up to 60k puffs with the Bang DE 60000 Disposable Vape. Switch between 3 exciting flavors, featuring 60mL e-liquid, and LCD display.\" \/>\n<meta name=\"robots\" content=\"index, follow, max-snippet:-1, max-image-preview:large, max-video-preview:-1\" \/>\n<link rel=\"canonical\" href=\"https:\/\/vapemaison.com\/pl\/produkt\/bang-de-60k-puff-jednorazowy-vape\/\" \/>\n<meta property=\"og:locale\" content=\"pl_PL\" \/>\n<meta property=\"og:type\" content=\"article\" \/>\n<meta property=\"og:title\" content=\"Bang DE 60k Puffs Disposable Vape \u2013 3-in-1 Flavor LCD Display\" \/>\n<meta property=\"og:description\" content=\"Enjoy up to 60k puffs with the Bang DE 60000 Disposable Vape. Switch between 3 exciting flavors, featuring 60mL e-liquid, and LCD display.\" \/>\n<meta property=\"og:url\" content=\"https:\/\/vapemaison.com\/pl\/produkt\/bang-de-60k-puff-jednorazowy-vape\/\" \/>\n<meta property=\"og:site_name\" content=\"VapeMaison\" \/>\n<meta property=\"article:modified_time\" content=\"2025-12-22T09:28:44+00:00\" \/>\n<meta property=\"og:image\" content=\"https:\/\/vapemaison.com\/wp-content\/uploads\/2025\/12\/vape-bang-de-60000-60k-puffs-strawberry-mango-watermelon-bubble-gum-654x690.jpg.webp\" \/>\n\t<meta property=\"og:image:width\" content=\"654\" \/>\n\t<meta property=\"og:image:height\" content=\"690\" \/>\n\t<meta property=\"og:image:type\" content=\"image\/webp\" \/>\n<meta name=\"twitter:card\" content=\"summary_large_image\" \/>\n<meta name=\"twitter:label1\" content=\"Szacowany czas czytania\" \/>\n\t<meta name=\"twitter:data1\" content=\"3 minuty\" \/>\n<!-- \/ Yoast SEO plugin. -->","yoast_head_json":{"title":"Bang DE 60k Puffs Jednorazowe Vape - Wy\u015bwietlacz LCD 3 w 1 Smak","description":"Ciesz si\u0119 nawet 60 tysi\u0105cami zaci\u0105gni\u0119\u0107 dzi\u0119ki jednorazowemu waporyzatorowi Bang DE 60000. Prze\u0142\u0105czaj si\u0119 mi\u0119dzy 3 ekscytuj\u0105cymi smakami, z 60 ml e-liquidu i wy\u015bwietlaczem LCD.","robots":{"index":"index","follow":"follow","max-snippet":"max-snippet:-1","max-image-preview":"max-image-preview:large","max-video-preview":"max-video-preview:-1"},"canonical":"https:\/\/vapemaison.com\/pl\/produkt\/bang-de-60k-puff-jednorazowy-vape\/","og_locale":"pl_PL","og_type":"article","og_title":"Bang DE 60k Puffs Disposable Vape \u2013 3-in-1 Flavor LCD Display","og_description":"Enjoy up to 60k puffs with the Bang DE 60000 Disposable Vape. Switch between 3 exciting flavors, featuring 60mL e-liquid, and LCD display.","og_url":"https:\/\/vapemaison.com\/pl\/produkt\/bang-de-60k-puff-jednorazowy-vape\/","og_site_name":"VapeMaison","article_modified_time":"2025-12-22T09:28:44+00:00","og_image":[{"width":654,"height":690,"url":"https:\/\/vapemaison.com\/wp-content\/uploads\/2025\/12\/vape-bang-de-60000-60k-puffs-strawberry-mango-watermelon-bubble-gum-654x690.jpg.webp","type":"image\/webp"}],"twitter_card":"summary_large_image","twitter_misc":{"Szacowany czas czytania":"3 minuty"},"schema":{"@context":"https:\/\/schema.org","@graph":[{"@type":"WebPage","@id":"https:\/\/vapemaison.com\/product\/bang-de-60k-puffs-disposable-vape\/","url":"https:\/\/vapemaison.com\/product\/bang-de-60k-puffs-disposable-vape\/","name":"Bang DE 60k Puffs Jednorazowe Vape - Wy\u015bwietlacz LCD 3 w 1 Smak","isPartOf":{"@id":"https:\/\/vapemaison.com\/#website"},"primaryImageOfPage":{"@id":"https:\/\/vapemaison.com\/product\/bang-de-60k-puffs-disposable-vape\/#primaryimage"},"image":{"@id":"https:\/\/vapemaison.com\/product\/bang-de-60k-puffs-disposable-vape\/#primaryimage"},"thumbnailUrl":"https:\/\/vapemaison.com\/wp-content\/uploads\/2025\/12\/vape-bang-de-60000-60k-puffs-strawberry-mango-watermelon-bubble-gum-654x690.jpg.webp","datePublished":"2025-12-11T03:38:14+00:00","dateModified":"2025-12-22T09:28:44+00:00","description":"Ciesz si\u0119 nawet 60 tysi\u0105cami zaci\u0105gni\u0119\u0107 dzi\u0119ki jednorazowemu waporyzatorowi Bang DE 60000. Prze\u0142\u0105czaj si\u0119 mi\u0119dzy 3 ekscytuj\u0105cymi smakami, z 60 ml e-liquidu i wy\u015bwietlaczem LCD.","breadcrumb":{"@id":"https:\/\/vapemaison.com\/product\/bang-de-60k-puffs-disposable-vape\/#breadcrumb"},"inLanguage":"pl-PL","potentialAction":[{"@type":"ReadAction","target":["https:\/\/vapemaison.com\/product\/bang-de-60k-puffs-disposable-vape\/"]}]},{"@type":"ImageObject","inLanguage":"pl-PL","@id":"https:\/\/vapemaison.com\/product\/bang-de-60k-puffs-disposable-vape\/#primaryimage","url":"https:\/\/vapemaison.com\/wp-content\/uploads\/2025\/12\/vape-bang-de-60000-60k-puffs-strawberry-mango-watermelon-bubble-gum-654x690.jpg.webp","contentUrl":"https:\/\/vapemaison.com\/wp-content\/uploads\/2025\/12\/vape-bang-de-60000-60k-puffs-strawberry-mango-watermelon-bubble-gum-654x690.jpg.webp","width":654,"height":690,"caption":"Vape Bang De 60k Puffs Strawberry Mango Watermelon Bubble Gum 654x690.jpg"},{"@type":"BreadcrumbList","@id":"https:\/\/vapemaison.com\/product\/bang-de-60k-puffs-disposable-vape\/#breadcrumb","itemListElement":[{"@type":"ListItem","position":1,"name":"\u9996\u9875","item":"https:\/\/vapemaison.com\/"},{"@type":"ListItem","position":2,"name":"Shop","item":"https:\/\/vapemaison.com\/shop\/"},{"@type":"ListItem","position":3,"name":"Bang","item":"https:\/\/vapemaison.com\/brand\/bang\/"},{"@type":"ListItem","position":4,"name":"Bang DE 60000 60k Puffs 3 in 1 Flavor Disposable Vape"}]},{"@type":"WebSite","@id":"https:\/\/vapemaison.com\/#website","url":"https:\/\/vapemaison.com\/","name":"VapeMaison","description":"Wysokiej jako\u015bci urz\u0105dzenia i akcesoria do waporyzacji","publisher":{"@id":"https:\/\/vapemaison.com\/#organization"},"potentialAction":[{"@type":"SearchAction","target":{"@type":"EntryPoint","urlTemplate":"https:\/\/vapemaison.com\/?s={search_term_string}"},"query-input":{"@type":"PropertyValueSpecification","valueRequired":true,"valueName":"search_term_string"}}],"inLanguage":"pl-PL"},{"@type":"Organization","@id":"https:\/\/vapemaison.com\/#organization","name":"VapeMaison","url":"https:\/\/vapemaison.com\/","logo":{"@type":"ImageObject","inLanguage":"pl-PL","@id":"https:\/\/vapemaison.com\/#\/schema\/logo\/image\/","url":"https:\/\/vapemaison.com\/wp-content\/uploads\/2026\/01\/cropped-vapemaison-logo-g-2026.webp","contentUrl":"https:\/\/vapemaison.com\/wp-content\/uploads\/2026\/01\/cropped-vapemaison-logo-g-2026.webp","width":350,"height":280,"caption":"VapeMaison"},"image":{"@id":"https:\/\/vapemaison.com\/#\/schema\/logo\/image\/"},"sameAs":["https:\/\/www.youtube.com\/@VapeMaison"]}]}},"tiered_pricing_type":"fixed","tiered_pricing_fixed_rules":{"30":"11.25","50":"10.36","100":"9.42","200":"8.25"},"tiered_pricing_product_settings":{"layout":"default","base_unit_name":{"singular":null,"plural":null},"default_variation":null},"tiered_pricing_minimum_quantity":10,"tiered_pricing_roles_data":[],"tiered_pricing_percentage_rules":[],"tiered_pricing_maximum_quantity":null,"tiered_pricing_quantity_step":"10","_links":{"self":[{"href":"https:\/\/vapemaison.com\/pl\/wp-json\/wp\/v2\/product\/16885","targetHints":{"allow":["GET"]}}],"collection":[{"href":"https:\/\/vapemaison.com\/pl\/wp-json\/wp\/v2\/product"}],"about":[{"href":"https:\/\/vapemaison.com\/pl\/wp-json\/wp\/v2\/types\/product"}],"replies":[{"embeddable":true,"href":"https:\/\/vapemaison.com\/pl\/wp-json\/wp\/v2\/comments?post=16885"}],"version-history":[{"count":0,"href":"https:\/\/vapemaison.com\/pl\/wp-json\/wp\/v2\/product\/16885\/revisions"}],"wp:featuredmedia":[{"embeddable":true,"href":"https:\/\/vapemaison.com\/pl\/wp-json\/wp\/v2\/media\/16890"}],"wp:attachment":[{"href":"https:\/\/vapemaison.com\/pl\/wp-json\/wp\/v2\/media?parent=16885"}],"wp:term":[{"taxonomy":"product_brand","embeddable":true,"href":"https:\/\/vapemaison.com\/pl\/wp-json\/wp\/v2\/product_brand?post=16885"},{"taxonomy":"product_cat","embeddable":true,"href":"https:\/\/vapemaison.com\/pl\/wp-json\/wp\/v2\/product_cat?post=16885"},{"taxonomy":"product_tag","embeddable":true,"href":"https:\/\/vapemaison.com\/pl\/wp-json\/wp\/v2\/product_tag?post=16885"}],"curies":[{"name":"wp","href":"https:\/\/api.w.org\/{rel}","templated":true}]}}