

{"id":16932,"date":"2025-12-11T03:59:39","date_gmt":"2025-12-11T03:59:39","guid":{"rendered":"https:\/\/vapemaison.com\/?post_type=product&#038;p=16932"},"modified":"2025-12-22T09:28:12","modified_gmt":"2025-12-22T09:28:12","slug":"bang-tn-12000-puffow-jednorazowe-vape","status":"publish","type":"product","link":"https:\/\/vapemaison.com\/pl\/product\/bang-tn-12000-puffs-disposable-vape\/","title":{"rendered":"Bang Tn 12000 Puffs jednorazowe Vape"},"content":{"rendered":"<h3 class=\"wp-block-heading\"><strong>Bang Tn 12000 Puffs - najwy\u017cszej jako\u015bci do\u015bwiadczenie waporyzacji z cewk\u0105 siatkow\u0105 i \u0142adowaniem typu C<\/strong><\/h3>\n\n\n\n<p>The <strong>Bang Tn 12000 Puffs Original Edition jednorazowe Vape<\/strong> zapewnia wyj\u0105tkowe wra\u017cenia z waporyzacji zaprojektowane dla tych, kt\u00f3rzy ceni\u0105 sobie zar\u00f3wno wydajno\u015b\u0107, jak i wygod\u0119. Dzi\u0119ki <strong>Du\u017ca pojemno\u015b\u0107 20 ml e-liquidu<\/strong> i pot\u0119\u017cny <strong>Akumulator 650 mAh<\/strong>, Ten vape zapewnia d\u0142ugotrwa\u0142\u0105 przyjemno\u015b\u0107 bez konieczno\u015bci ci\u0105g\u0142ego uzupe\u0142niania lub \u0142adowania.<\/p>\n\n\n\n<p>Wyposa\u017cony w <strong>Port \u0142adowania USB typu C<\/strong>, \u0141adowanie jest szybkie i wydajne dzi\u0119ki <strong>Wej\u015bcie 5 V 1 A<\/strong>, zapewniaj\u0105c, \u017ce sp\u0119dzisz wi\u0119cej czasu na wapowaniu, a mniej na czekaniu. Urz\u0105dzenie jest wykonane z <strong>Wytrzyma\u0142y materia\u0142 PC<\/strong>, dzi\u0119ki czemu jest wystarczaj\u0105co wytrzyma\u0142y, aby poradzi\u0107 sobie z codziennym u\u017cytkowaniem i waporyzacj\u0105 w ruchu.<\/p>\n\n\n\n<p>Wyposa\u017cony w <strong>cewka siatkowa<\/strong>, Bang Tn 12000 zapewnia g\u0142adk\u0105, aromatyczn\u0105 par\u0119 przy ka\u017cdym zaci\u0105gni\u0119ciu, dzi\u0119ki czemu ka\u017cda sesja jest przyjemniejsza. Mo\u017cesz tak\u017ce wybiera\u0107 spo\u015br\u00f3d r\u00f3\u017cnych <strong>moc nikotyny w soli<\/strong> (0%, 2%, 3% lub 5%), aby idealnie dopasowa\u0107 si\u0119 do Twojego stylu waporyzacji.<\/p>\n\n\n\n<p>Ka\u017cde opakowanie zawiera <strong>10 urz\u0105dze\u0144<\/strong>, oferuj\u0105c wygod\u0119 przechowywania i zakup\u00f3w hurtowych, zar\u00f3wno do u\u017cytku osobistego, jak i detalicznego.<\/p>\n\n\n\n<h3 class=\"wp-block-heading\"><strong>Kluczowe cechy:<\/strong><\/h3>\n\n\n\n<figure class=\"wp-block-table\"><table class=\"has-fixed-layout\"><thead><tr><th><strong>Cecha<\/strong><\/th><th><strong>Specyfikacja<\/strong><\/th><\/tr><\/thead><tbody><tr><td><strong>Pojemno\u015b\u0107 dmuchawy<\/strong><\/td><td>Do 12 000 zaci\u0105gni\u0119\u0107<\/td><\/tr><tr><td><strong>Pojemno\u015b\u0107 E-Liquid<\/strong><\/td><td>20 ml<\/td><\/tr><tr><td><strong>Pojemno\u015b\u0107 akumulatora<\/strong><\/td><td>Akumulator 650 mAh<\/td><\/tr><tr><td><strong>Port \u0142adowania<\/strong><\/td><td>USB typu C, wej\u015bcie 5 V 1 A<\/td><\/tr><tr><td><strong>Materia\u0142<\/strong><\/td><td>Wytrzyma\u0142y komputer<\/td><\/tr><tr><td><strong>Si\u0142a nikotyny<\/strong><\/td><td>0%, 2%, 3%, 5% (s\u00f3l nikotynowa)<\/td><\/tr><tr><td><strong>Typ cewki<\/strong><\/td><td>Siatkowa cewka<\/td><\/tr><tr><td><strong>Opakowanie<\/strong><\/td><td>10 sztuk w opakowaniu<\/td><\/tr><\/tbody><\/table><\/figure>\n\n\n\n<h3 class=\"wp-block-heading\"><strong>Lista smak\u00f3w:<\/strong><\/h3>\n\n\n\n<ol class=\"wp-block-list\">\n<li>L\u00f3d jagodowo-malinowy<\/li>\n\n\n\n<li>Mango truskawkowe<\/li>\n\n\n\n<li>Banan truskawkowy<\/li>\n\n\n\n<li>Arbuzowy l\u00f3d<\/li>\n\n\n\n<li>Mr. Blue<\/li>\n\n\n\n<li>L\u00f3d winogronowy<\/li>\n\n\n\n<li>Cool Mint<\/li>\n\n\n\n<li>Owoce mieszane<\/li>\n\n\n\n<li>Liczi truskawkowe<\/li>\n\n\n\n<li>L\u00f3d truskawkowy<\/li>\n\n\n\n<li>L\u00f3d brzoskwiniowy<\/li>\n\n\n\n<li>Arbuz Truskawka<\/li>\n<\/ol>\n\n\n\n<h3 class=\"wp-block-heading\"><strong>Dlaczego warto wybra\u0107 Bang Tn 12000 Puffs?<\/strong><\/h3>\n\n\n\n<ul class=\"wp-block-list\">\n<li><strong>Wyd\u0142u\u017cone sesje waporyzacji:<\/strong> Z <strong>20 ml e-liquidu<\/strong> oraz <strong>do 12 000 zaci\u0105gni\u0119\u0107<\/strong>, Ciesz si\u0119 d\u0142ugotrwa\u0142ym wapowaniem bez konieczno\u015bci ci\u0105g\u0142ego uzupe\u0142niania.<\/li>\n\n\n\n<li><strong>Szybkie \u0142adowanie:<\/strong> <strong>USB typu C<\/strong> z <strong>Wej\u015bcie 5 V 1 A<\/strong> zapewnia szybkie i wydajne \u0142adowanie dla nieprzerwanego wapowania.<\/li>\n\n\n\n<li><strong>P\u0142ynna produkcja pary:<\/strong> The <strong>cewka siatkowa<\/strong> Zapewnia g\u0142adk\u0105 i aromatyczn\u0105 par\u0119 przy ka\u017cdym zaci\u0105gni\u0119ciu, dostarczaj\u0105c satysfakcjonuj\u0105cych wra\u017ce\u0144.<\/li>\n\n\n\n<li><strong>Mo\u017cliwo\u015b\u0107 dostosowania mocy nikotyny:<\/strong> Dost\u0119pne w <strong>0%, 2%, 3% i 5% s\u00f3l nikotyny<\/strong>, umo\u017cliwiaj\u0105c dostosowanie do\u015bwiadczenia do w\u0142asnych potrzeb.<\/li>\n\n\n\n<li><strong>Trwa\u0142a konstrukcja:<\/strong> Wykonane z <strong>Materia\u0142 PC<\/strong>, Ten waporyzator jest przeznaczony do codziennego u\u017cytku i przenoszenia.<\/li>\n<\/ul>\n\n\n\n<p>Podnie\u015b swoje wra\u017cenia z waporyzacji dzi\u0119ki <strong>Bang Tn 12000 Puffs Original Edition jednorazowe Vape<\/strong>-Urz\u0105dzenie zaprojektowane z my\u015bl\u0105 o najwy\u017cszej wydajno\u015bci, wygodzie i smaku.<\/p>\n\n\n\n<p>Szukasz wi\u0119cej opcji waporyzacji premium? Odwied\u017a nasz\u0105 stron\u0119 <a href=\"https:\/\/vapemaison.com\">strona g\u0142\u00f3wna<\/a> aby zobaczy\u0107 najnowsze premiery, przejrzyj pe\u0142n\u0105 kolekcj\u0119 w naszej witrynie <a href=\"https:\/\/vapemaison.com\/shop\">sklep<\/a>, lub eksplorowa\u0107 inne urz\u0105dzenia z poziomu <a href=\"https:\/\/vapemaison.com\/brand\/bang\">Marka Bang<\/a>. Mo\u017cesz tak\u017ce cieszy\u0107 si\u0119 jednorazowymi produktami o du\u017cej pojemno\u015bci od <a href=\"https:\/\/vapemaison.com\/brand\/jnr\/\">JNR<\/a> lub sprawd\u017a wszystkie nasze <a href=\"https:\/\/vapemaison.com\/product-category\/puffs-count\/\">Urz\u0105dzenia Puffs<\/a> dla d\u0142ugotrwa\u0142ej satysfakcji.<\/p>","protected":false},"excerpt":{"rendered":"<div id=\"model-response-message-contentr_ff64e4c22b1b6a06\" class=\"markdown markdown-main-panel stronger enable-updated-hr-color\" dir=\"ltr\" aria-live=\"polite\" aria-busy=\"false\">\n<p data-path-to-node=\"0\">Ciesz si\u0119 12 000 aromatycznych zaci\u0105gni\u0119\u0107 i du\u017c\u0105 pojemno\u015bci\u0105 20 ml, a wszystko to w wytrzyma\u0142ej obudowie PC zaprojektowanej z my\u015bl\u0105 o codziennych przygodach. Wyposa\u017cona w wysokowydajn\u0105 cewk\u0119 siatkow\u0105 i szybkie \u0142adowanie typu C, ta oryginalna edycja zapewnia p\u0142ynne, wysokiej jako\u015bci uderzenie za ka\u017cdym razem - zam\u00f3w teraz 10-pak, aby zapewni\u0107 sobie najlepsze ceny hurtowe i priorytetow\u0105 wysy\u0142k\u0119.<\/p>\n<\/div>","protected":false},"featured_media":16940,"comment_status":"open","ping_status":"closed","template":"","meta":[],"product_brand":[57],"product_cat":[154],"product_tag":[],"class_list":{"0":"post-16932","1":"product","2":"type-product","3":"status-publish","4":"has-post-thumbnail","6":"product_brand-bang","7":"product_cat-12k-puffs","9":"first","10":"instock","11":"sale","12":"shipping-taxable","13":"purchasable","14":"product-type-variable"},"yoast_head":"<!-- This site is optimized with the Yoast SEO plugin v27.4 - https:\/\/yoast.com\/product\/yoast-seo-wordpress\/ -->\n<title>Bang Tn 12000 Puffs Disposable Vape \u2013 20mL, Type-C Charging<\/title>\n<meta name=\"description\" content=\"Experience smooth vapor and long-lasting satisfaction with the Bang Tn 12000 Puffs Vape. 20mL capacity, mesh coil, and fast Type-C charging for convenience.\" \/>\n<meta name=\"robots\" content=\"index, follow, max-snippet:-1, max-image-preview:large, max-video-preview:-1\" \/>\n<link rel=\"canonical\" href=\"https:\/\/vapemaison.com\/pl\/produkt\/bang-tn-12000-puffow-jednorazowe-vape\/\" \/>\n<meta property=\"og:locale\" content=\"pl_PL\" \/>\n<meta property=\"og:type\" content=\"article\" \/>\n<meta property=\"og:title\" content=\"Bang Tn 12000 Puffs Disposable Vape \u2013 20mL, Type-C Charging\" \/>\n<meta property=\"og:description\" content=\"Experience smooth vapor and long-lasting satisfaction with the Bang Tn 12000 Puffs Vape. 20mL capacity, mesh coil, and fast Type-C charging for convenience.\" \/>\n<meta property=\"og:url\" content=\"https:\/\/vapemaison.com\/pl\/produkt\/bang-tn-12000-puffow-jednorazowe-vape\/\" \/>\n<meta property=\"og:site_name\" content=\"VapeMaison\" \/>\n<meta property=\"article:modified_time\" content=\"2025-12-22T09:28:12+00:00\" \/>\n<meta property=\"og:image\" content=\"https:\/\/vapemaison.com\/wp-content\/uploads\/2025\/12\/vape-bang-tn-12000-puffs-00015.jpg.webp\" \/>\n\t<meta property=\"og:image:width\" content=\"800\" \/>\n\t<meta property=\"og:image:height\" content=\"800\" \/>\n\t<meta property=\"og:image:type\" content=\"image\/webp\" \/>\n<meta name=\"twitter:card\" content=\"summary_large_image\" \/>\n<meta name=\"twitter:label1\" content=\"Szacowany czas czytania\" \/>\n\t<meta name=\"twitter:data1\" content=\"2 minuty\" \/>\n<!-- \/ Yoast SEO plugin. -->","yoast_head_json":{"title":"Vape jednorazowe Bang Tn 12000 Puffs - 20 ml, \u0142adowanie typu C","description":"Do\u015bwiadcz g\u0142adkiej pary i d\u0142ugotrwa\u0142ej satysfakcji dzi\u0119ki Bang Tn 12000 Puffs Vape. Pojemno\u015b\u0107 20 ml, cewka siatkowa i szybkie \u0142adowanie typu C dla wygody.","robots":{"index":"index","follow":"follow","max-snippet":"max-snippet:-1","max-image-preview":"max-image-preview:large","max-video-preview":"max-video-preview:-1"},"canonical":"https:\/\/vapemaison.com\/pl\/produkt\/bang-tn-12000-puffow-jednorazowe-vape\/","og_locale":"pl_PL","og_type":"article","og_title":"Bang Tn 12000 Puffs Disposable Vape \u2013 20mL, Type-C Charging","og_description":"Experience smooth vapor and long-lasting satisfaction with the Bang Tn 12000 Puffs Vape. 20mL capacity, mesh coil, and fast Type-C charging for convenience.","og_url":"https:\/\/vapemaison.com\/pl\/produkt\/bang-tn-12000-puffow-jednorazowe-vape\/","og_site_name":"VapeMaison","article_modified_time":"2025-12-22T09:28:12+00:00","og_image":[{"width":800,"height":800,"url":"https:\/\/vapemaison.com\/wp-content\/uploads\/2025\/12\/vape-bang-tn-12000-puffs-00015.jpg.webp","type":"image\/webp"}],"twitter_card":"summary_large_image","twitter_misc":{"Szacowany czas czytania":"2 minuty"},"schema":{"@context":"https:\/\/schema.org","@graph":[{"@type":"WebPage","@id":"https:\/\/vapemaison.com\/product\/bang-tn-12000-puffs-disposable-vape\/","url":"https:\/\/vapemaison.com\/product\/bang-tn-12000-puffs-disposable-vape\/","name":"Vape jednorazowe Bang Tn 12000 Puffs - 20 ml, \u0142adowanie typu C","isPartOf":{"@id":"https:\/\/vapemaison.com\/#website"},"primaryImageOfPage":{"@id":"https:\/\/vapemaison.com\/product\/bang-tn-12000-puffs-disposable-vape\/#primaryimage"},"image":{"@id":"https:\/\/vapemaison.com\/product\/bang-tn-12000-puffs-disposable-vape\/#primaryimage"},"thumbnailUrl":"https:\/\/vapemaison.com\/wp-content\/uploads\/2025\/12\/vape-bang-tn-12000-puffs-00015.jpg.webp","datePublished":"2025-12-11T03:59:39+00:00","dateModified":"2025-12-22T09:28:12+00:00","description":"Do\u015bwiadcz g\u0142adkiej pary i d\u0142ugotrwa\u0142ej satysfakcji dzi\u0119ki Bang Tn 12000 Puffs Vape. Pojemno\u015b\u0107 20 ml, cewka siatkowa i szybkie \u0142adowanie typu C dla wygody.","breadcrumb":{"@id":"https:\/\/vapemaison.com\/product\/bang-tn-12000-puffs-disposable-vape\/#breadcrumb"},"inLanguage":"pl-PL","potentialAction":[{"@type":"ReadAction","target":["https:\/\/vapemaison.com\/product\/bang-tn-12000-puffs-disposable-vape\/"]}]},{"@type":"ImageObject","inLanguage":"pl-PL","@id":"https:\/\/vapemaison.com\/product\/bang-tn-12000-puffs-disposable-vape\/#primaryimage","url":"https:\/\/vapemaison.com\/wp-content\/uploads\/2025\/12\/vape-bang-tn-12000-puffs-00015.jpg.webp","contentUrl":"https:\/\/vapemaison.com\/wp-content\/uploads\/2025\/12\/vape-bang-tn-12000-puffs-00015.jpg.webp","width":800,"height":800,"caption":"Vape Bang Tn Puffs.jpg"},{"@type":"BreadcrumbList","@id":"https:\/\/vapemaison.com\/product\/bang-tn-12000-puffs-disposable-vape\/#breadcrumb","itemListElement":[{"@type":"ListItem","position":1,"name":"\u9996\u9875","item":"https:\/\/vapemaison.com\/"},{"@type":"ListItem","position":2,"name":"Shop","item":"https:\/\/vapemaison.com\/shop\/"},{"@type":"ListItem","position":3,"name":"Bang","item":"https:\/\/vapemaison.com\/brand\/bang\/"},{"@type":"ListItem","position":4,"name":"Bang Tn 12000 Puffs Disposable Vape"}]},{"@type":"WebSite","@id":"https:\/\/vapemaison.com\/#website","url":"https:\/\/vapemaison.com\/","name":"VapeMaison","description":"Wysokiej jako\u015bci urz\u0105dzenia i akcesoria do waporyzacji","publisher":{"@id":"https:\/\/vapemaison.com\/#organization"},"potentialAction":[{"@type":"SearchAction","target":{"@type":"EntryPoint","urlTemplate":"https:\/\/vapemaison.com\/?s={search_term_string}"},"query-input":{"@type":"PropertyValueSpecification","valueRequired":true,"valueName":"search_term_string"}}],"inLanguage":"pl-PL"},{"@type":"Organization","@id":"https:\/\/vapemaison.com\/#organization","name":"VapeMaison","url":"https:\/\/vapemaison.com\/","logo":{"@type":"ImageObject","inLanguage":"pl-PL","@id":"https:\/\/vapemaison.com\/#\/schema\/logo\/image\/","url":"https:\/\/vapemaison.com\/wp-content\/uploads\/2026\/01\/cropped-vapemaison-logo-g-2026.webp","contentUrl":"https:\/\/vapemaison.com\/wp-content\/uploads\/2026\/01\/cropped-vapemaison-logo-g-2026.webp","width":350,"height":280,"caption":"VapeMaison"},"image":{"@id":"https:\/\/vapemaison.com\/#\/schema\/logo\/image\/"},"sameAs":["https:\/\/www.youtube.com\/@VapeMaison"]}]}},"tiered_pricing_type":"fixed","tiered_pricing_fixed_rules":{"30":"8.12","50":"7.45","100":"6.99","200":"6.21"},"tiered_pricing_product_settings":{"layout":"default","base_unit_name":{"singular":null,"plural":null},"default_variation":null},"tiered_pricing_minimum_quantity":10,"tiered_pricing_roles_data":[],"tiered_pricing_percentage_rules":[],"tiered_pricing_maximum_quantity":null,"tiered_pricing_quantity_step":"10","_links":{"self":[{"href":"https:\/\/vapemaison.com\/pl\/wp-json\/wp\/v2\/product\/16932","targetHints":{"allow":["GET"]}}],"collection":[{"href":"https:\/\/vapemaison.com\/pl\/wp-json\/wp\/v2\/product"}],"about":[{"href":"https:\/\/vapemaison.com\/pl\/wp-json\/wp\/v2\/types\/product"}],"replies":[{"embeddable":true,"href":"https:\/\/vapemaison.com\/pl\/wp-json\/wp\/v2\/comments?post=16932"}],"version-history":[{"count":0,"href":"https:\/\/vapemaison.com\/pl\/wp-json\/wp\/v2\/product\/16932\/revisions"}],"wp:featuredmedia":[{"embeddable":true,"href":"https:\/\/vapemaison.com\/pl\/wp-json\/wp\/v2\/media\/16940"}],"wp:attachment":[{"href":"https:\/\/vapemaison.com\/pl\/wp-json\/wp\/v2\/media?parent=16932"}],"wp:term":[{"taxonomy":"product_brand","embeddable":true,"href":"https:\/\/vapemaison.com\/pl\/wp-json\/wp\/v2\/product_brand?post=16932"},{"taxonomy":"product_cat","embeddable":true,"href":"https:\/\/vapemaison.com\/pl\/wp-json\/wp\/v2\/product_cat?post=16932"},{"taxonomy":"product_tag","embeddable":true,"href":"https:\/\/vapemaison.com\/pl\/wp-json\/wp\/v2\/product_tag?post=16932"}],"curies":[{"name":"wp","href":"https:\/\/api.w.org\/{rel}","templated":true}]}}