

{"id":16991,"date":"2025-12-11T06:45:06","date_gmt":"2025-12-11T06:45:06","guid":{"rendered":"https:\/\/vapemaison.com\/?post_type=product&#038;p=16991"},"modified":"2026-01-19T07:51:47","modified_gmt":"2026-01-19T07:51:47","slug":"bang-box-bc5000-puffs-jednorazowe-vape","status":"publish","type":"product","link":"https:\/\/vapemaison.com\/pl\/product\/bang-box-bc5000-puffs-disposable-vape\/","title":{"rendered":"Hurtownia Bang Vaper box BC5000 Puffs Vape"},"content":{"rendered":"<h3 class=\"wp-block-heading\"><strong>Bang Vaper box BC5000 Puffs - kompaktowa, mocna i aromatyczna waporyzacja<\/strong><\/h3>\n\n\n\n<p>The <strong>Pude\u0142ko Bang Vaper BC5000 Puffs detaliczne jednorazowe Vape<\/strong> dostarcza <strong>d\u0142ugotrwa\u0142y<\/strong> oraz <strong>satysfakcjonuj\u0105cy<\/strong> Wra\u017cenia z waporyzacji w kompaktowej obudowie. Z <strong>5000 zaci\u0105gni\u0119\u0107<\/strong> na urz\u0105dzenie, pozwala cieszy\u0107 si\u0119 ka\u017cd\u0105 chwil\u0105 bez konieczno\u015bci uzupe\u0142niania lub \u0142adowania. Idealne dla vaper\u00f3w w podr\u00f3\u017cy, urz\u0105dzenie to oferuje zar\u00f3wno wygod\u0119, jak i wydajno\u015b\u0107.<\/p>\n\n\n\n<p>Wyposa\u017cony w <strong>Pojemno\u015b\u0107 13 ml e-liquidu<\/strong> i dost\u0119pne w <strong>2%<\/strong> oraz <strong>5% s\u00f3l nikotyny<\/strong> opcje <strong>Bang Box BC5000<\/strong> zapewnia satysfakcjonuj\u0105ce uderzenie w gard\u0142o i sp\u00f3jny smak przy ka\u017cdym zaci\u0105gni\u0119ciu. The <strong>Cewka o oczkach 1,2\u03a9<\/strong> gwarantuje p\u0142ynn\u0105 produkcj\u0119 pary, zwi\u0119kszaj\u0105c og\u00f3lne wra\u017cenia z waporyzacji.<\/p>\n\n\n\n<p>Zaprojektowany dla <strong>\u0141atwe przenoszenie<\/strong>, to wa\u017cy tylko <strong>52g<\/strong>, dzi\u0119ki czemu jest lekki i wygodny do przenoszenia. Dodatkowo, jego <strong>Port \u0142adowania typu C<\/strong> zapewnia szybkie \u0142adowanie, dzi\u0119ki czemu urz\u0105dzenie jest zawsze gotowe do pracy.<\/p>\n\n\n\n<h3 class=\"wp-block-heading\"><strong>Kluczowe cechy:<\/strong><\/h3>\n\n\n\n<figure class=\"wp-block-table\"><table class=\"has-fixed-layout\"><thead><tr><th><strong>Cecha<\/strong><\/th><th><strong>Specyfikacja<\/strong><\/th><\/tr><\/thead><tbody><tr><td><strong>Pojemno\u015b\u0107 dmuchawy<\/strong><\/td><td>Do 5000 zaci\u0105gni\u0119\u0107<\/td><\/tr><tr><td><strong>S\u00f3l nikotynowa<\/strong><\/td><td>2%, 5%<\/td><\/tr><tr><td><strong>Pojemno\u015b\u0107 E-Liquid<\/strong><\/td><td>13 ml<\/td><\/tr><tr><td><strong>Typ cewki<\/strong><\/td><td>Siatkowa cewka 1,2\u03a9<\/td><\/tr><tr><td><strong>Masa cia\u0142a<\/strong><\/td><td>52g<\/td><\/tr><tr><td><strong>Port \u0142adowania<\/strong><\/td><td>Szybkie \u0142adowanie typu C<\/td><\/tr><tr><td><strong>Rozmiar kartonu<\/strong><\/td><td>52.3<em>38<\/em>28,5 cm<\/td><\/tr><\/tbody><\/table><\/figure>\n\n\n\n<h3 class=\"wp-block-heading\"><strong>Lista smak\u00f3w:<\/strong><\/h3>\n\n\n\n<ol class=\"wp-block-list\">\n<li>Mango truskawkowe<\/li>\n\n\n\n<li>Lody truskawkowe<\/li>\n\n\n\n<li>Sakura Grape<\/li>\n\n\n\n<li>Arbuzowy l\u00f3d<\/li>\n\n\n\n<li>L\u00f3d jagodowo-malinowy<\/li>\n\n\n\n<li>Arbuz Bubblegum<\/li>\n\n\n\n<li>Owoce truskawki i kiwi<\/li>\n\n\n\n<li>Nap\u00f3j energetyczny<\/li>\n\n\n\n<li>Brzoskwinia Mango Arbuz<\/li>\n\n\n\n<li>L\u00f3d jagodowy<\/li>\n\n\n\n<li>L\u00f3d ananasowo-kokosowy<\/li>\n\n\n\n<li>Banan truskawkowy<\/li>\n\n\n\n<li>Kiwi Passion Fruit Guava<\/li>\n\n\n\n<li>Owoce mieszane<\/li>\n\n\n\n<li>L\u00f3d truskawkowy<\/li>\n\n\n\n<li>Arbuz truskawkowy<\/li>\n<\/ol>\n\n\n\n<h3 class=\"wp-block-heading\"><strong>Dlaczego warto wybra\u0107 Bang Box BC5000?<\/strong><\/h3>\n\n\n\n<ul class=\"wp-block-list\">\n<li><strong>Rozszerzona przyjemno\u015b\u0107:<\/strong> <strong>5000 zaci\u0105gni\u0119\u0107<\/strong> zapewnia d\u0142ugotrwa\u0142\u0105 waporyzacj\u0119 bez konieczno\u015bci uzupe\u0142niania lub \u0142adowania.<\/li>\n\n\n\n<li><strong>Bogaty i g\u0142adki smak:<\/strong> The <strong>Cewka o oczkach 1,2\u03a9<\/strong> zapewnia sp\u00f3jn\u0105 i g\u0142adk\u0105 par\u0119, dostarczaj\u0105c doskona\u0142y smak przy ka\u017cdym zaci\u0105gni\u0119ciu.<\/li>\n\n\n\n<li><strong>Lekki i przeno\u015bny:<\/strong> Tylko <strong>52g<\/strong>, Jest idealny do noszenia w kieszeni lub torbie, dzi\u0119ki czemu idealnie nadaje si\u0119 do waporyzacji w podr\u00f3\u017cy.<\/li>\n\n\n\n<li><strong>Szybkie \u0142adowanie:<\/strong> The <strong>Port \u0142adowania typu C<\/strong> pozwala na szybkie \u0142adowanie, dzi\u0119ki czemu waporyzator jest zawsze gotowy do u\u017cycia.<\/li>\n\n\n\n<li><strong>R\u00f3\u017cnorodno\u015b\u0107 smak\u00f3w:<\/strong> Z <strong>16 ekscytuj\u0105cych smak\u00f3w<\/strong>, Ka\u017cdy znajdzie co\u015b dla siebie, od owocowych mieszanek po orze\u017awiaj\u0105ce opcje lodowe.<\/li>\n<\/ul>\n\n\n\n<h3 class=\"wp-block-heading\"><strong>Podnie\u015b swoje wra\u017cenia z waporyzacji dzi\u0119ki Bang Box BC5000<\/strong><\/h3>\n\n\n\n<p>The <strong>Bang Box BC5000 Puffs<\/strong> jednorazowe vape oferuje <strong>idealna r\u00f3wnowaga<\/strong> z <strong>wydajno\u015b\u0107<\/strong>, <strong>wygoda<\/strong>, oraz <strong>smak<\/strong>. Niezale\u017cnie od tego, czy dopiero zaczynasz przygod\u0119 z waporyzacj\u0105, czy jeste\u015b do\u015bwiadczonym u\u017cytkownikiem, to kompaktowe urz\u0105dzenie zapewnia wszystko, czego potrzebujesz do wyj\u0105tkowego do\u015bwiadczenia z waporyzacj\u0105.<\/p>\n\n\n\n<p>Szukasz wi\u0119cej opcji waporyzacji premium? Odwied\u017a nasz\u0105 stron\u0119 <a href=\"https:\/\/vapemaison.com\">strona g\u0142\u00f3wna<\/a> aby zobaczy\u0107 najnowsze premiery, przejrzyj pe\u0142n\u0105 kolekcj\u0119 w naszej witrynie <a href=\"https:\/\/vapemaison.com\/shop\">sklep<\/a>, lub eksplorowa\u0107 inne urz\u0105dzenia z poziomu <a href=\"https:\/\/vapemaison.com\/brand\/bang\">Marka Bang<\/a>. Mo\u017cesz tak\u017ce cieszy\u0107 si\u0119 jednorazowymi produktami o du\u017cej pojemno\u015bci od <a href=\"https:\/\/vapemaison.com\/brand\/jnr\/\">JNR<\/a> lub sprawd\u017a wszystkie nasze <a href=\"https:\/\/vapemaison.com\/product-category\/puffs-count\/\">Urz\u0105dzenia Puffs<\/a> dla d\u0142ugotrwa\u0142ej satysfakcji.<\/p>","protected":false},"excerpt":{"rendered":"<div id=\"model-response-message-contentr_d2b7b102add18b2d\" class=\"markdown markdown-main-panel stronger enable-updated-hr-color\" dir=\"ltr\" aria-live=\"polite\" aria-busy=\"false\">\n<p data-path-to-node=\"0\">Do\u015bwiadcz 5000 aromatycznych zaci\u0105gni\u0119\u0107 w lekkiej, przyjaznej dla kieszeni konstrukcji z cewk\u0105 siatkow\u0105 1,2 \u03a9, kt\u00f3ra zapewnia niezmiennie g\u0142adkie i satysfakcjonuj\u0105ce uderzenie w gard\u0142o. Idealny do waporyzacji w podr\u00f3\u017cy, zdob\u0105d\u017a go ju\u017c dzi\u015b, aby cieszy\u0107 si\u0119 najwy\u017csz\u0105 przeno\u015bno\u015bci\u0105 i niezawodn\u0105 wydajno\u015bci\u0105, dop\u00f3ki trwaj\u0105 nasze aktualne zapasy i oferta szybkiej wysy\u0142ki.<\/p>\n<\/div>","protected":false},"featured_media":17022,"comment_status":"open","ping_status":"closed","template":"","meta":[],"product_brand":[57],"product_cat":[290],"product_tag":[],"class_list":{"0":"post-16991","1":"product","2":"type-product","3":"status-publish","4":"has-post-thumbnail","6":"product_brand-bang","7":"product_cat-5k-puffs","9":"first","10":"instock","11":"sale","12":"shipping-taxable","13":"purchasable","14":"product-type-variable"},"yoast_head":"<!-- This site is optimized with the Yoast SEO plugin v27.4 - https:\/\/yoast.com\/product\/yoast-seo-wordpress\/ -->\n<title>Bang Vaper box BC5000 Puffs Disposable Vape \u2013 5% Nicotine<\/title>\n<meta name=\"description\" content=\"Enjoy up to 5000 puffs with the Bang Vaper box Disposable Vape. Featuring 13mL e-liquid,and a 1.2\u03a9 mesh coil for smooth. Perfect for on-the-go vaping!\" \/>\n<meta name=\"robots\" content=\"index, follow, max-snippet:-1, max-image-preview:large, max-video-preview:-1\" \/>\n<link rel=\"canonical\" href=\"https:\/\/vapemaison.com\/pl\/produkt\/bang-box-bc5000-puffs-jednorazowe-vape\/\" \/>\n<meta property=\"og:locale\" content=\"pl_PL\" \/>\n<meta property=\"og:type\" content=\"article\" \/>\n<meta property=\"og:title\" content=\"Bang Vaper box BC5000 Puffs Disposable Vape \u2013 5% Nicotine\" \/>\n<meta property=\"og:description\" content=\"Enjoy up to 5000 puffs with the Bang Vaper box Disposable Vape. Featuring 13mL e-liquid,and a 1.2\u03a9 mesh coil for smooth. Perfect for on-the-go vaping!\" \/>\n<meta property=\"og:url\" content=\"https:\/\/vapemaison.com\/pl\/produkt\/bang-box-bc5000-puffs-jednorazowe-vape\/\" \/>\n<meta property=\"og:site_name\" content=\"VapeMaison\" \/>\n<meta property=\"article:modified_time\" content=\"2026-01-19T07:51:47+00:00\" \/>\n<meta property=\"og:image\" content=\"https:\/\/vapemaison.com\/wp-content\/uploads\/2025\/12\/vape-bang-bc-5000-puffs-00015-scaled.jpg.webp\" \/>\n\t<meta property=\"og:image:width\" content=\"2560\" \/>\n\t<meta property=\"og:image:height\" content=\"2560\" \/>\n\t<meta property=\"og:image:type\" content=\"image\/webp\" \/>\n<meta name=\"twitter:card\" content=\"summary_large_image\" \/>\n<meta name=\"twitter:label1\" content=\"Szacowany czas czytania\" \/>\n\t<meta name=\"twitter:data1\" content=\"2 minuty\" \/>\n<!-- \/ Yoast SEO plugin. -->","yoast_head_json":{"title":"Bang Vaper box BC5000 Puffs jednorazowy Vape - 5% Nikotyna","description":"Ciesz si\u0119 nawet 5000 zaci\u0105gni\u0119ciami dzi\u0119ki jednorazowemu waporyzatorowi Bang Vaper. Wyposa\u017cony w 13 ml e-liquidu i cewk\u0119 siatkow\u0105 1,2 \u03a9 zapewniaj\u0105c\u0105 p\u0142ynn\u0105 prac\u0119. Idealny do wapowania w podr\u00f3\u017cy!","robots":{"index":"index","follow":"follow","max-snippet":"max-snippet:-1","max-image-preview":"max-image-preview:large","max-video-preview":"max-video-preview:-1"},"canonical":"https:\/\/vapemaison.com\/pl\/produkt\/bang-box-bc5000-puffs-jednorazowe-vape\/","og_locale":"pl_PL","og_type":"article","og_title":"Bang Vaper box BC5000 Puffs Disposable Vape \u2013 5% Nicotine","og_description":"Enjoy up to 5000 puffs with the Bang Vaper box Disposable Vape. Featuring 13mL e-liquid,and a 1.2\u03a9 mesh coil for smooth. Perfect for on-the-go vaping!","og_url":"https:\/\/vapemaison.com\/pl\/produkt\/bang-box-bc5000-puffs-jednorazowe-vape\/","og_site_name":"VapeMaison","article_modified_time":"2026-01-19T07:51:47+00:00","og_image":[{"width":2560,"height":2560,"url":"https:\/\/vapemaison.com\/wp-content\/uploads\/2025\/12\/vape-bang-bc-5000-puffs-00015-scaled.jpg.webp","type":"image\/webp"}],"twitter_card":"summary_large_image","twitter_misc":{"Szacowany czas czytania":"2 minuty"},"schema":{"@context":"https:\/\/schema.org","@graph":[{"@type":"WebPage","@id":"https:\/\/vapemaison.com\/product\/bang-box-bc5000-puffs-disposable-vape\/","url":"https:\/\/vapemaison.com\/product\/bang-box-bc5000-puffs-disposable-vape\/","name":"Bang Vaper box BC5000 Puffs jednorazowy Vape - 5% Nikotyna","isPartOf":{"@id":"https:\/\/vapemaison.com\/#website"},"primaryImageOfPage":{"@id":"https:\/\/vapemaison.com\/product\/bang-box-bc5000-puffs-disposable-vape\/#primaryimage"},"image":{"@id":"https:\/\/vapemaison.com\/product\/bang-box-bc5000-puffs-disposable-vape\/#primaryimage"},"thumbnailUrl":"https:\/\/vapemaison.com\/wp-content\/uploads\/2025\/12\/vape-bang-bc-5000-puffs-00015-scaled.jpg.webp","datePublished":"2025-12-11T06:45:06+00:00","dateModified":"2026-01-19T07:51:47+00:00","description":"Ciesz si\u0119 nawet 5000 zaci\u0105gni\u0119ciami dzi\u0119ki jednorazowemu waporyzatorowi Bang Vaper. Wyposa\u017cony w 13 ml e-liquidu i cewk\u0119 siatkow\u0105 1,2 \u03a9 zapewniaj\u0105c\u0105 p\u0142ynn\u0105 prac\u0119. Idealny do wapowania w podr\u00f3\u017cy!","breadcrumb":{"@id":"https:\/\/vapemaison.com\/product\/bang-box-bc5000-puffs-disposable-vape\/#breadcrumb"},"inLanguage":"pl-PL","potentialAction":[{"@type":"ReadAction","target":["https:\/\/vapemaison.com\/product\/bang-box-bc5000-puffs-disposable-vape\/"]}]},{"@type":"ImageObject","inLanguage":"pl-PL","@id":"https:\/\/vapemaison.com\/product\/bang-box-bc5000-puffs-disposable-vape\/#primaryimage","url":"https:\/\/vapemaison.com\/wp-content\/uploads\/2025\/12\/vape-bang-bc-5000-puffs-00015-scaled.jpg.webp","contentUrl":"https:\/\/vapemaison.com\/wp-content\/uploads\/2025\/12\/vape-bang-bc-5000-puffs-00015-scaled.jpg.webp","width":2560,"height":2560,"caption":"Vape Bang Bc Puffs Scaled.jpg"},{"@type":"BreadcrumbList","@id":"https:\/\/vapemaison.com\/product\/bang-box-bc5000-puffs-disposable-vape\/#breadcrumb","itemListElement":[{"@type":"ListItem","position":1,"name":"\u9996\u9875","item":"https:\/\/vapemaison.com\/"},{"@type":"ListItem","position":2,"name":"Shop","item":"https:\/\/vapemaison.com\/shop\/"},{"@type":"ListItem","position":3,"name":"Bang","item":"https:\/\/vapemaison.com\/brand\/bang\/"},{"@type":"ListItem","position":4,"name":"Wholesale Bang Vaper box BC5000 Puffs Vape"}]},{"@type":"WebSite","@id":"https:\/\/vapemaison.com\/#website","url":"https:\/\/vapemaison.com\/","name":"VapeMaison","description":"Wysokiej jako\u015bci urz\u0105dzenia i akcesoria do waporyzacji","publisher":{"@id":"https:\/\/vapemaison.com\/#organization"},"potentialAction":[{"@type":"SearchAction","target":{"@type":"EntryPoint","urlTemplate":"https:\/\/vapemaison.com\/?s={search_term_string}"},"query-input":{"@type":"PropertyValueSpecification","valueRequired":true,"valueName":"search_term_string"}}],"inLanguage":"pl-PL"},{"@type":"Organization","@id":"https:\/\/vapemaison.com\/#organization","name":"VapeMaison","url":"https:\/\/vapemaison.com\/","logo":{"@type":"ImageObject","inLanguage":"pl-PL","@id":"https:\/\/vapemaison.com\/#\/schema\/logo\/image\/","url":"https:\/\/vapemaison.com\/wp-content\/uploads\/2026\/01\/cropped-vapemaison-logo-g-2026.webp","contentUrl":"https:\/\/vapemaison.com\/wp-content\/uploads\/2026\/01\/cropped-vapemaison-logo-g-2026.webp","width":350,"height":280,"caption":"VapeMaison"},"image":{"@id":"https:\/\/vapemaison.com\/#\/schema\/logo\/image\/"},"sameAs":["https:\/\/www.youtube.com\/@VapeMaison"]}]}},"tiered_pricing_type":"fixed","tiered_pricing_fixed_rules":{"30":"7.19","50":"6.29","100":"5.79","200":"4.99"},"tiered_pricing_product_settings":{"layout":"default","base_unit_name":{"singular":null,"plural":null},"default_variation":null},"tiered_pricing_minimum_quantity":10,"tiered_pricing_roles_data":[],"tiered_pricing_percentage_rules":[],"tiered_pricing_maximum_quantity":null,"tiered_pricing_quantity_step":"10","_links":{"self":[{"href":"https:\/\/vapemaison.com\/pl\/wp-json\/wp\/v2\/product\/16991","targetHints":{"allow":["GET"]}}],"collection":[{"href":"https:\/\/vapemaison.com\/pl\/wp-json\/wp\/v2\/product"}],"about":[{"href":"https:\/\/vapemaison.com\/pl\/wp-json\/wp\/v2\/types\/product"}],"replies":[{"embeddable":true,"href":"https:\/\/vapemaison.com\/pl\/wp-json\/wp\/v2\/comments?post=16991"}],"version-history":[{"count":1,"href":"https:\/\/vapemaison.com\/pl\/wp-json\/wp\/v2\/product\/16991\/revisions"}],"predecessor-version":[{"id":26106,"href":"https:\/\/vapemaison.com\/pl\/wp-json\/wp\/v2\/product\/16991\/revisions\/26106"}],"wp:featuredmedia":[{"embeddable":true,"href":"https:\/\/vapemaison.com\/pl\/wp-json\/wp\/v2\/media\/17022"}],"wp:attachment":[{"href":"https:\/\/vapemaison.com\/pl\/wp-json\/wp\/v2\/media?parent=16991"}],"wp:term":[{"taxonomy":"product_brand","embeddable":true,"href":"https:\/\/vapemaison.com\/pl\/wp-json\/wp\/v2\/product_brand?post=16991"},{"taxonomy":"product_cat","embeddable":true,"href":"https:\/\/vapemaison.com\/pl\/wp-json\/wp\/v2\/product_cat?post=16991"},{"taxonomy":"product_tag","embeddable":true,"href":"https:\/\/vapemaison.com\/pl\/wp-json\/wp\/v2\/product_tag?post=16991"}],"curies":[{"name":"wp","href":"https:\/\/api.w.org\/{rel}","templated":true}]}}