

{"id":16992,"date":"2025-12-11T06:56:43","date_gmt":"2025-12-11T06:56:43","guid":{"rendered":"https:\/\/vapemaison.com\/?post_type=product&#038;p=16992"},"modified":"2025-12-31T06:32:17","modified_gmt":"2025-12-31T06:32:17","slug":"jednorazowe-vape-bangking-12000-puffow","status":"publish","type":"product","link":"https:\/\/vapemaison.com\/pl\/product\/bangking-12000-puffs-disposable-vape\/","title":{"rendered":"Jednorazowy Vape Pen Bang King 12K 12000 Puffs"},"content":{"rendered":"<h3 class=\"wp-block-heading\"><strong>Bang King 12K - 12000 puff\u00f3w smakowej satysfakcji<\/strong><\/h3>\n\n\n\n<p>The <strong>Bang King 12K 12000 Puffs<\/strong> Jednorazowe pi\u00f3ro Vape Pen jest przeznaczone dla vaper\u00f3w, kt\u00f3rzy wymagaj\u0105 zar\u00f3wno <strong>wydajno\u015b\u0107<\/strong> oraz <strong>r\u00f3\u017cnorodno\u015b\u0107<\/strong>. Z <strong>20 ekscytuj\u0105cych smak\u00f3w<\/strong> oraz <strong>moc nikotyny<\/strong> od <strong>0% do 5%<\/strong>, To urz\u0105dzenie zapewnia spersonalizowane wra\u017cenia z waporyzacji, kt\u00f3re pasuj\u0105 do ka\u017cdych preferencji.<\/p>\n\n\n\n<p>Wyposa\u017cony w <strong>Akumulator o pojemno\u015bci 650 mAh<\/strong>, Zapewnia to d\u0142u\u017csze sesje waporyzacji bez przerw. Zestaw <strong>Pojemno\u015b\u0107 e-liquidu 23 ml<\/strong> pozwala na <strong>do 12 000 zaci\u0105gni\u0119\u0107<\/strong> czystej satysfakcji, zapewniaj\u0105c d\u0142ugotrwa\u0142\u0105 przyjemno\u015b\u0107.<\/p>\n\n\n\n<p>The <strong>Rezystancja 1,22\u03a9<\/strong> Cewka jest zoptymalizowana pod k\u0105tem <strong>bogaty smak<\/strong> oraz <strong>p\u0142ynna produkcja pary<\/strong>, sprawiaj\u0105c, \u017ce ka\u017cde zaci\u0105gni\u0119cie jest wspania\u0142ym do\u015bwiadczeniem.<\/p>\n\n\n\n<p>Niezale\u017cnie od tego, czy dopiero zaczynasz przygod\u0119 z waporyzacj\u0105, czy jeste\u015b do\u015bwiadczonym entuzjast\u0105 <strong>Bang King 12K<\/strong> kombajny <strong>wygoda<\/strong>, <strong>styl<\/strong>, oraz <strong>doskona\u0142a wydajno\u015b\u0107<\/strong> dla niezr\u00f3wnanych wra\u017ce\u0144 z waporyzacji.<\/p>\n\n\n\n<h3 class=\"wp-block-heading\"><strong>Kluczowe cechy:<\/strong><\/h3>\n\n\n\n<figure class=\"wp-block-table\"><table class=\"has-fixed-layout\"><thead><tr><th><strong>Cecha<\/strong><\/th><th><strong>Specyfikacja<\/strong><\/th><\/tr><\/thead><tbody><tr><td><strong>Pojemno\u015b\u0107 dmuchawy<\/strong><\/td><td>Do 12 000 zaci\u0105gni\u0119\u0107<\/td><\/tr><tr><td><strong>Pojemno\u015b\u0107 E-Liquid<\/strong><\/td><td>23 ml<\/td><\/tr><tr><td><strong>Si\u0142a nikotyny<\/strong><\/td><td>0%, 2%, 3%, 5%<\/td><\/tr><tr><td><strong>Pojemno\u015b\u0107 akumulatora<\/strong><\/td><td>Akumulator 650 mAh<\/td><\/tr><tr><td><strong>Odporno\u015b\u0107<\/strong><\/td><td>1.22\u03a9<\/td><\/tr><tr><td><strong>R\u00f3\u017cnorodno\u015b\u0107 smak\u00f3w<\/strong><\/td><td>20 smak\u00f3w<\/td><\/tr><\/tbody><\/table><\/figure>\n\n\n\n<h3 class=\"wp-block-heading\"><strong>Lista smak\u00f3w:<\/strong><\/h3>\n\n\n\n<ol class=\"wp-block-list\">\n<li>L\u00f3d ananasowo-kokosowy<\/li>\n\n\n\n<li>Arbuz Bubblegum<\/li>\n\n\n\n<li>Triple Berry Ice<\/li>\n\n\n\n<li>L\u00f3d brzoskwiniowy<\/li>\n\n\n\n<li>Granat<\/li>\n\n\n\n<li>Blue Razz Ice<\/li>\n\n\n\n<li>Arbuz truskawkowy<\/li>\n\n\n\n<li>Melon Mint<\/li>\n\n\n\n<li>T\u0119czowy Sherbert<\/li>\n\n\n\n<li>Mango truskawkowe<\/li>\n\n\n\n<li>Royal Grape<\/li>\n\n\n\n<li>Poca\u0142unek nami\u0119tno\u015bci<\/li>\n\n\n\n<li>Podw\u00f3jne jab\u0142ko<\/li>\n\n\n\n<li>Brzoskwinia Mango<\/li>\n\n\n\n<li>Truskawka Kiwi<\/li>\n\n\n\n<li>Arbuzowy l\u00f3d<\/li>\n\n\n\n<li>Melon Blue<\/li>\n\n\n\n<li>Love 66<\/li>\n\n\n\n<li>Seks na pla\u017cy<\/li>\n\n\n\n<li>Peach Berry<\/li>\n<\/ol>\n\n\n\n<h3 class=\"wp-block-heading\"><strong>Dlaczego warto wybra\u0107 Bang King 12K?<\/strong><\/h3>\n\n\n\n<ul class=\"wp-block-list\">\n<li><strong>D\u0142ugotrwa\u0142e waporyzowanie:<\/strong> Z <strong>23 ml e-liquidu<\/strong> oraz <strong>do 12 000 zaci\u0105gni\u0119\u0107<\/strong>, Ciesz si\u0119 d\u0142u\u017cszymi sesjami waporyzacji bez konieczno\u015bci cz\u0119stego uzupe\u0142niania.<\/li>\n\n\n\n<li><strong>G\u0142adka i bogata para:<\/strong> The <strong>Cewka oporowa 1,22\u03a9<\/strong> zapewnia <strong>optymalny smak<\/strong> i sp\u00f3jny <strong>produkcja pary<\/strong> z ka\u017cdym zaci\u0105gni\u0119ciem.<\/li>\n\n\n\n<li><strong>Mo\u017cliwo\u015b\u0107 \u0142adowania i wygoda:<\/strong> The <strong>Akumulator o pojemno\u015bci 650 mAh<\/strong> zapewnia niezawodn\u0105 wydajno\u015b\u0107, a urz\u0105dzenie jest idealne do u\u017cytku w podr\u00f3\u017cy.<\/li>\n\n\n\n<li><strong>Szeroki zakres smak\u00f3w:<\/strong> Do wyboru <strong>20 pysznych smak\u00f3w<\/strong> dla prawdziwie spersonalizowanego do\u015bwiadczenia waporyzacji.<\/li>\n\n\n\n<li><strong>Mo\u017cliwo\u015b\u0107 dostosowania mocy nikotyny:<\/strong> Dost\u0119pne w <strong>0%, 2%, 3% i 5%<\/strong> nikotyny do preferowanego poziomu.<\/li>\n<\/ul>\n\n\n\n<h3 class=\"wp-block-heading\"><strong>Uwolnij swoj\u0105 smakow\u0105 podr\u00f3\u017c z Bang King 12K<\/strong><\/h3>\n\n\n\n<p>The <strong>Bang King 12K 12000 Puffs<\/strong> Jednorazowe pi\u00f3ro Vape Pen oferuje idealn\u0105 r\u00f3wnowag\u0119 <strong>wydajno\u015b\u0107<\/strong>, <strong>r\u00f3\u017cnorodno\u015b\u0107<\/strong>, oraz <strong>styl<\/strong>. Niezale\u017cnie od tego, czy szukasz g\u0142adkich mieszanek owocowych, czy odwa\u017cnych dozna\u0144 mi\u0119towych. <strong>Bang King 12K<\/strong> zapewnia satysfakcjonuj\u0105ce i wygodne do\u015bwiadczenie, kt\u00f3re jest trwa\u0142e.<\/p>\n\n\n\n<p>Szukasz wi\u0119cej opcji waporyzacji premium? Odwied\u017a nasz\u0105 stron\u0119 <a href=\"https:\/\/vapemaison.com\">strona g\u0142\u00f3wna<\/a> aby zobaczy\u0107 najnowsze premiery, przejrzyj pe\u0142n\u0105 kolekcj\u0119 w naszej witrynie <a href=\"https:\/\/vapemaison.com\/shop\">sklep<\/a>, lub eksplorowa\u0107 inne urz\u0105dzenia z poziomu <a href=\"https:\/\/vapemaison.com\/brand\/bang\">Marka Bang<\/a>. Mo\u017cesz tak\u017ce cieszy\u0107 si\u0119 jednorazowymi produktami o du\u017cej pojemno\u015bci od <a href=\"https:\/\/vapemaison.com\/brand\/jnr\/\">JNR<\/a> lub sprawd\u017a wszystkie nasze <a href=\"https:\/\/vapemaison.com\/product-category\/puffs-count\/\">Urz\u0105dzenia Puffs<\/a> dla d\u0142ugotrwa\u0142ej satysfakcji.<\/p>","protected":false},"excerpt":{"rendered":"<div id=\"model-response-message-contentr_ebe8c71fdd5d1e24\" class=\"markdown markdown-main-panel stronger enable-updated-hr-color\" dir=\"ltr\" aria-live=\"polite\" aria-busy=\"false\">\n<p data-path-to-node=\"0\">Ciesz si\u0119 12 000 zaci\u0105gni\u0119\u0107 czystej satysfakcji dzi\u0119ki ogromnemu zbiornikowi o pojemno\u015bci 23 ml i zoptymalizowanej cewce 1,22\u03a9 zapewniaj\u0105cej wyj\u0105tkowo bogaty smak. Dzi\u0119ki 20 ekscytuj\u0105cym smakom i niezawodnemu akumulatorowi jest to idealne po\u0142\u0105czenie r\u00f3\u017cnorodno\u015bci i wydajno\u015bci - zam\u00f3w teraz, aby zabezpieczy\u0107 sw\u00f3j ulubiony smak, dop\u00f3ki trwaj\u0105 nasze aktualne zapasy i oferta szybkiej wysy\u0142ki.<\/p>\n<\/div>","protected":false},"featured_media":17025,"comment_status":"open","ping_status":"closed","template":"","meta":[],"product_brand":[57],"product_cat":[154],"product_tag":[],"class_list":{"0":"post-16992","1":"product","2":"type-product","3":"status-publish","4":"has-post-thumbnail","6":"product_brand-bang","7":"product_cat-12k-puffs","9":"first","10":"instock","11":"sale","12":"shipping-taxable","13":"purchasable","14":"product-type-variable"},"yoast_head":"<!-- This site is optimized with the Yoast SEO plugin v27.4 - https:\/\/yoast.com\/product\/yoast-seo-wordpress\/ -->\n<title>BangKing 12K 12000 Puffs Disposable Vape<\/title>\n<meta name=\"description\" content=\"Enjoy up to 12000 puffs with the BangKing 12K Disposable Vape. 20 tasty flavors and customizable nicotine strength for a satisfying vape experience.\" \/>\n<meta name=\"robots\" content=\"index, follow, max-snippet:-1, max-image-preview:large, max-video-preview:-1\" \/>\n<link rel=\"canonical\" href=\"https:\/\/vapemaison.com\/pl\/produkt\/jednorazowe-vape-bangking-12000-puffow\/\" \/>\n<meta property=\"og:locale\" content=\"pl_PL\" \/>\n<meta property=\"og:type\" content=\"article\" \/>\n<meta property=\"og:title\" content=\"BangKing 12K 12000 Puffs Disposable Vape\" \/>\n<meta property=\"og:description\" content=\"Enjoy up to 12000 puffs with the BangKing 12K Disposable Vape. 20 tasty flavors and customizable nicotine strength for a satisfying vape experience.\" \/>\n<meta property=\"og:url\" content=\"https:\/\/vapemaison.com\/pl\/produkt\/jednorazowe-vape-bangking-12000-puffow\/\" \/>\n<meta property=\"og:site_name\" content=\"VapeMaison\" \/>\n<meta property=\"article:modified_time\" content=\"2025-12-31T06:32:17+00:00\" \/>\n<meta property=\"og:image\" content=\"https:\/\/vapemaison.com\/wp-content\/uploads\/2025\/12\/melon-mint-bang-king.jpg\" \/>\n\t<meta property=\"og:image:width\" content=\"800\" \/>\n\t<meta property=\"og:image:height\" content=\"800\" \/>\n\t<meta property=\"og:image:type\" content=\"image\/jpeg\" \/>\n<meta name=\"twitter:card\" content=\"summary_large_image\" \/>\n<meta name=\"twitter:label1\" content=\"Szacowany czas czytania\" \/>\n\t<meta name=\"twitter:data1\" content=\"2 minuty\" \/>\n<!-- \/ Yoast SEO plugin. -->","yoast_head_json":{"title":"BangKing 12K 12000 Puffs jednorazowe Vape","description":"Jednorazowy waporyzator BangKing 12K pozwala wypali\u0107 do 12000 zaci\u0105gni\u0119\u0107. 20 smacznych smak\u00f3w i dostosowywana moc nikotyny zapewniaj\u0105 satysfakcjonuj\u0105ce doznania podczas waporyzacji.","robots":{"index":"index","follow":"follow","max-snippet":"max-snippet:-1","max-image-preview":"max-image-preview:large","max-video-preview":"max-video-preview:-1"},"canonical":"https:\/\/vapemaison.com\/pl\/produkt\/jednorazowe-vape-bangking-12000-puffow\/","og_locale":"pl_PL","og_type":"article","og_title":"BangKing 12K 12000 Puffs Disposable Vape","og_description":"Enjoy up to 12000 puffs with the BangKing 12K Disposable Vape. 20 tasty flavors and customizable nicotine strength for a satisfying vape experience.","og_url":"https:\/\/vapemaison.com\/pl\/produkt\/jednorazowe-vape-bangking-12000-puffow\/","og_site_name":"VapeMaison","article_modified_time":"2025-12-31T06:32:17+00:00","og_image":[{"width":800,"height":800,"url":"https:\/\/vapemaison.com\/wp-content\/uploads\/2025\/12\/melon-mint-bang-king.jpg","type":"image\/jpeg"}],"twitter_card":"summary_large_image","twitter_misc":{"Szacowany czas czytania":"2 minuty"},"schema":{"@context":"https:\/\/schema.org","@graph":[{"@type":"WebPage","@id":"https:\/\/vapemaison.com\/product\/bangking-12000-puffs-disposable-vape\/","url":"https:\/\/vapemaison.com\/product\/bangking-12000-puffs-disposable-vape\/","name":"BangKing 12K 12000 Puffs jednorazowe Vape","isPartOf":{"@id":"https:\/\/vapemaison.com\/#website"},"primaryImageOfPage":{"@id":"https:\/\/vapemaison.com\/product\/bangking-12000-puffs-disposable-vape\/#primaryimage"},"image":{"@id":"https:\/\/vapemaison.com\/product\/bangking-12000-puffs-disposable-vape\/#primaryimage"},"thumbnailUrl":"https:\/\/vapemaison.com\/wp-content\/uploads\/2025\/12\/melon-mint-bang-king.jpg","datePublished":"2025-12-11T06:56:43+00:00","dateModified":"2025-12-31T06:32:17+00:00","description":"Jednorazowy waporyzator BangKing 12K pozwala wypali\u0107 do 12000 zaci\u0105gni\u0119\u0107. 20 smacznych smak\u00f3w i dostosowywana moc nikotyny zapewniaj\u0105 satysfakcjonuj\u0105ce doznania podczas waporyzacji.","breadcrumb":{"@id":"https:\/\/vapemaison.com\/product\/bangking-12000-puffs-disposable-vape\/#breadcrumb"},"inLanguage":"pl-PL","potentialAction":[{"@type":"ReadAction","target":["https:\/\/vapemaison.com\/product\/bangking-12000-puffs-disposable-vape\/"]}]},{"@type":"ImageObject","inLanguage":"pl-PL","@id":"https:\/\/vapemaison.com\/product\/bangking-12000-puffs-disposable-vape\/#primaryimage","url":"https:\/\/vapemaison.com\/wp-content\/uploads\/2025\/12\/melon-mint-bang-king.jpg","contentUrl":"https:\/\/vapemaison.com\/wp-content\/uploads\/2025\/12\/melon-mint-bang-king.jpg","width":800,"height":800,"caption":"melon-mint-bang-king"},{"@type":"BreadcrumbList","@id":"https:\/\/vapemaison.com\/product\/bangking-12000-puffs-disposable-vape\/#breadcrumb","itemListElement":[{"@type":"ListItem","position":1,"name":"\u9996\u9875","item":"https:\/\/vapemaison.com\/"},{"@type":"ListItem","position":2,"name":"Shop","item":"https:\/\/vapemaison.com\/shop\/"},{"@type":"ListItem","position":3,"name":"Bang","item":"https:\/\/vapemaison.com\/brand\/bang\/"},{"@type":"ListItem","position":4,"name":"Bang King 12K 12000 Puffs Disposable Vape Pen"}]},{"@type":"WebSite","@id":"https:\/\/vapemaison.com\/#website","url":"https:\/\/vapemaison.com\/","name":"VapeMaison","description":"Wysokiej jako\u015bci urz\u0105dzenia i akcesoria do waporyzacji","publisher":{"@id":"https:\/\/vapemaison.com\/#organization"},"potentialAction":[{"@type":"SearchAction","target":{"@type":"EntryPoint","urlTemplate":"https:\/\/vapemaison.com\/?s={search_term_string}"},"query-input":{"@type":"PropertyValueSpecification","valueRequired":true,"valueName":"search_term_string"}}],"inLanguage":"pl-PL"},{"@type":"Organization","@id":"https:\/\/vapemaison.com\/#organization","name":"VapeMaison","url":"https:\/\/vapemaison.com\/","logo":{"@type":"ImageObject","inLanguage":"pl-PL","@id":"https:\/\/vapemaison.com\/#\/schema\/logo\/image\/","url":"https:\/\/vapemaison.com\/wp-content\/uploads\/2026\/01\/cropped-vapemaison-logo-g-2026.webp","contentUrl":"https:\/\/vapemaison.com\/wp-content\/uploads\/2026\/01\/cropped-vapemaison-logo-g-2026.webp","width":350,"height":280,"caption":"VapeMaison"},"image":{"@id":"https:\/\/vapemaison.com\/#\/schema\/logo\/image\/"},"sameAs":["https:\/\/www.youtube.com\/@VapeMaison"]}]}},"tiered_pricing_type":"fixed","tiered_pricing_fixed_rules":{"30":"8.29","50":"7.99","100":"7.56","200":"6.99"},"tiered_pricing_product_settings":{"layout":"default","base_unit_name":{"singular":null,"plural":null},"default_variation":null},"tiered_pricing_minimum_quantity":10,"tiered_pricing_roles_data":[],"tiered_pricing_percentage_rules":[],"tiered_pricing_maximum_quantity":null,"tiered_pricing_quantity_step":"10","_links":{"self":[{"href":"https:\/\/vapemaison.com\/pl\/wp-json\/wp\/v2\/product\/16992","targetHints":{"allow":["GET"]}}],"collection":[{"href":"https:\/\/vapemaison.com\/pl\/wp-json\/wp\/v2\/product"}],"about":[{"href":"https:\/\/vapemaison.com\/pl\/wp-json\/wp\/v2\/types\/product"}],"replies":[{"embeddable":true,"href":"https:\/\/vapemaison.com\/pl\/wp-json\/wp\/v2\/comments?post=16992"}],"version-history":[{"count":1,"href":"https:\/\/vapemaison.com\/pl\/wp-json\/wp\/v2\/product\/16992\/revisions"}],"predecessor-version":[{"id":23048,"href":"https:\/\/vapemaison.com\/pl\/wp-json\/wp\/v2\/product\/16992\/revisions\/23048"}],"wp:featuredmedia":[{"embeddable":true,"href":"https:\/\/vapemaison.com\/pl\/wp-json\/wp\/v2\/media\/17025"}],"wp:attachment":[{"href":"https:\/\/vapemaison.com\/pl\/wp-json\/wp\/v2\/media?parent=16992"}],"wp:term":[{"taxonomy":"product_brand","embeddable":true,"href":"https:\/\/vapemaison.com\/pl\/wp-json\/wp\/v2\/product_brand?post=16992"},{"taxonomy":"product_cat","embeddable":true,"href":"https:\/\/vapemaison.com\/pl\/wp-json\/wp\/v2\/product_cat?post=16992"},{"taxonomy":"product_tag","embeddable":true,"href":"https:\/\/vapemaison.com\/pl\/wp-json\/wp\/v2\/product_tag?post=16992"}],"curies":[{"name":"wp","href":"https:\/\/api.w.org\/{rel}","templated":true}]}}