

{"id":16993,"date":"2025-12-11T07:15:03","date_gmt":"2025-12-11T07:15:03","guid":{"rendered":"https:\/\/vapemaison.com\/?post_type=product&#038;p=16993"},"modified":"2025-12-22T09:26:40","modified_gmt":"2025-12-22T09:26:40","slug":"jednorazowy-vape-bang-36000-puffow","status":"publish","type":"product","link":"https:\/\/vapemaison.com\/pl\/product\/bang-36000-puffs-disposable-vape\/","title":{"rendered":"Bang 36000 Puffs 0% 2% 3% 5% Nikotyna Vape"},"content":{"rendered":"<h3 class=\"wp-block-heading\"><strong>Bang 36000 Puffs - najwy\u017cszej jako\u015bci jednorazowe urz\u0105dzenie Vape z podw\u00f3jnym zbiornikiem E-Liquid i do\u015bwiadczeniem DTL<\/strong><\/h3>\n\n\n\n<p>The <strong>Bang 36000 Puffs<\/strong> to najnowszy produkt do waporyzacji o wysokiej wydajno\u015bci, oferuj\u0105cy do <strong>36 000 zaci\u0105gni\u0119\u0107<\/strong> sta\u0142ej satysfakcji. Zaprojektowany do d\u0142ugotrwa\u0142ego u\u017cytkowania, ten elegancki i ergonomiczny jednorazowy vape zapewnia <strong>Niezr\u00f3wnana wygoda<\/strong> i d\u0142ugotrwa\u0142\u0105 przyjemno\u015b\u0107, co czyni go idealnym wyborem zar\u00f3wno dla nowych, jak i do\u015bwiadczonych waper\u00f3w.<\/p>\n\n\n\n<p>Z <strong>40 ml wst\u0119pnie nape\u0142nionego e-liquidu<\/strong> w a <strong>Podw\u00f3jny zbiornik e-cieczy<\/strong>, w <strong>Bang 36000<\/strong> zapewnia bogate i aromatyczne doznania podczas waporyzacji bez konieczno\u015bci ci\u0105g\u0142ego uzupe\u0142niania. Niezale\u017cnie od tego, czy wolisz <strong>moc nikotyny<\/strong> z <strong>0%, 2%, 3% lub 5%<\/strong>, To urz\u0105dzenie pozwala spersonalizowa\u0107 sesj\u0119 waporyzacji, aby dok\u0142adnie odpowiada\u0142a Twoim preferencjom.<\/p>\n\n\n\n<h3 class=\"wp-block-heading\"><strong>Kluczowe cechy:<\/strong><\/h3>\n\n\n\n<figure class=\"wp-block-table\"><table class=\"has-fixed-layout\"><thead><tr><th><strong>Cecha<\/strong><\/th><th><strong>Specyfikacja<\/strong><\/th><\/tr><\/thead><tbody><tr><td><strong>Pojemno\u015b\u0107 dmuchawy<\/strong><\/td><td>Do 36 000 zaci\u0105gni\u0119\u0107<\/td><\/tr><tr><td><strong>Pojemno\u015b\u0107 E-Liquid<\/strong><\/td><td>40 ml (podw\u00f3jny zbiornik)<\/td><\/tr><tr><td><strong>Si\u0142a nikotyny<\/strong><\/td><td>0%, 2%, 3%, 5%<\/td><\/tr><tr><td><strong>Typ cewki<\/strong><\/td><td>Cewka 0,6\u03a9 Sub-Ohm (DTL)<\/td><\/tr><tr><td><strong>Pojemno\u015b\u0107 akumulatora<\/strong><\/td><td>Akumulator 650 mAh<\/td><\/tr><tr><td><strong>Port \u0142adowania<\/strong><\/td><td>Szybkie \u0142adowanie typu C<\/td><\/tr><tr><td><strong>Funkcja wizualna<\/strong><\/td><td>Kolorowe \u015bwiat\u0142o LED<\/td><\/tr><tr><td><strong>Opakowanie<\/strong><\/td><td>8 sztuk w opakowaniu<\/td><\/tr><tr><td><strong>Smaki<\/strong><\/td><td>12 pysznych smak\u00f3w<\/td><\/tr><\/tbody><\/table><\/figure>\n\n\n\n<h3 class=\"wp-block-heading\"><strong>Lista smak\u00f3w:<\/strong><\/h3>\n\n\n\n<ol class=\"wp-block-list\">\n<li>Truskawka Kiwi<\/li>\n\n\n\n<li>Brzoskwinia Mango Arbuz<\/li>\n\n\n\n<li>Owoce mieszane<\/li>\n\n\n\n<li>Mi\u0119towy l\u00f3d<\/li>\n\n\n\n<li>Brzoskwinia Mango<\/li>\n\n\n\n<li>L\u00f3d winogronowy<\/li>\n\n\n\n<li>Podw\u00f3jne jab\u0142ka<\/li>\n\n\n\n<li>Bor\u00f3wka Malina<\/li>\n\n\n\n<li>L\u00f3d jagodowy<\/li>\n\n\n\n<li>Arbuz truskawkowy<\/li>\n\n\n\n<li>Arbuzowy l\u00f3d<\/li>\n\n\n\n<li>Mango truskawkowe<\/li>\n<\/ol>\n\n\n\n<h3 class=\"wp-block-heading\"><strong>Dlaczego warto wybra\u0107 Bang 36000?<\/strong><\/h3>\n\n\n\n<ul class=\"wp-block-list\">\n<li><strong>Wyd\u0142u\u017cone sesje waporyzacji:<\/strong> Z <strong>40 ml wst\u0119pnie nape\u0142nionego e-liquidu<\/strong>, cieszy\u0107 si\u0119 do <strong>36 000 zaci\u0105gni\u0119\u0107<\/strong> bez ci\u0105g\u0142ego uzupe\u0142niania.<\/li>\n\n\n\n<li><strong>G\u0142adka i bogata para:<\/strong> The <strong>Cewka sub-ohm 0,6\u03a9<\/strong> zapewnia <strong>Direct-to-Lung (DTL)<\/strong> zapewniaj\u0105c intensywny smak i g\u0142adk\u0105 par\u0119 przy ka\u017cdym zaci\u0105gni\u0119ciu.<\/li>\n\n\n\n<li><strong>Spersonalizowana moc nikotyny:<\/strong> Do wyboru <strong>0%, 2%, 3% lub 5% nikotyna<\/strong> aby idealnie dopasowa\u0107 si\u0119 do po\u017c\u0105danych wra\u017ce\u0144 z waporyzacji.<\/li>\n\n\n\n<li><strong>Wygodne \u0142adowanie:<\/strong> The <strong>Port \u0142adowania typu C<\/strong> oraz <strong>Akumulator o pojemno\u015bci 650 mAh<\/strong> zapewniaj\u0105 szybkie i wydajne \u0142adowanie, minimalizuj\u0105c przestoje.<\/li>\n\n\n\n<li><strong>Dynamiczne kolorowe \u015bwiat\u0142o LED:<\/strong> The <strong>O\u015bwietlenie LED<\/strong> Dodaje stylowy element wizualny do sesji waporyzacji, dzi\u0119ki czemu nie jest to tylko waporyzacja, ale o\u015bwiadczenie.<\/li>\n\n\n\n<li><strong>Elegancka i ergonomiczna konstrukcja:<\/strong> The <strong>Bang 36000<\/strong> zosta\u0142 zaprojektowany z my\u015bl\u0105 o wygodzie i \u0142atwo\u015bci u\u017cytkowania, zapewniaj\u0105c przyjemne wra\u017cenia wszystkim u\u017cytkownikom.<\/li>\n<\/ul>\n\n\n\n<h3 class=\"wp-block-heading\"><strong>Podnie\u015b swoje wra\u017cenia z waporyzacji dzi\u0119ki Bang 36000<\/strong><\/h3>\n\n\n\n<p>The <strong>Bang 36000 Puffs<\/strong> zosta\u0142 zaprojektowany dla waper\u00f3w, kt\u00f3rzy chc\u0105 idealnego po\u0142\u0105czenia <strong>wydajno\u015b\u0107, wygoda i styl<\/strong>. Dzi\u0119ki d\u0142ugotrwa\u0142ej pojemno\u015bci, dostosowywanej mocy nikotyny i przyci\u0105gaj\u0105cemu wzrok o\u015bwietleniu LED <strong>Bang 36000<\/strong> wyr\u00f3\u017cnia si\u0119 jako jednorazowy d\u0142ugopis vape klasy premium przeznaczony dla tych, kt\u00f3rzy oczekuj\u0105 wi\u0119cej.<\/p>\n\n\n\n<p>Szukasz wi\u0119cej opcji waporyzacji premium? Odwied\u017a nasz\u0105 stron\u0119 <a href=\"https:\/\/vapemaison.com\">strona g\u0142\u00f3wna<\/a> aby zobaczy\u0107 najnowsze premiery, przejrzyj pe\u0142n\u0105 kolekcj\u0119 w naszej witrynie <a href=\"https:\/\/vapemaison.com\/shop\">sklep<\/a>, lub eksplorowa\u0107 inne urz\u0105dzenia z poziomu <a href=\"https:\/\/vapemaison.com\/brand\/bang\">Marka Bang<\/a>. Mo\u017cesz tak\u017ce cieszy\u0107 si\u0119 jednorazowymi produktami o du\u017cej pojemno\u015bci od <a href=\"https:\/\/vapemaison.com\/brand\/jnr\/\">JNR<\/a> lub sprawd\u017a wszystkie nasze <a href=\"https:\/\/vapemaison.com\/product-category\/puffs-count\/\">Urz\u0105dzenia Puffs<\/a> dla d\u0142ugotrwa\u0142ej satysfakcji.<\/p>","protected":false},"excerpt":{"rendered":"<p>Zmaksymalizuj swoje doznania DTL dzi\u0119ki ogromnej pojemno\u015bci 36 000 zaci\u0105gni\u0119\u0107 i podw\u00f3jnemu zbiornikowi o pojemno\u015bci 40 ml, zaprojektowanemu z my\u015bl\u0105 o g\u0142\u0119bokim, sp\u00f3jnym smaku. Wyposa\u017cony w cewk\u0119 sub-ohm 0,6\u03a9 i \u017cywe o\u015bwietlenie LED, ten pot\u0119\u017cny tyto\u0144 zapewnia sesj\u0119 skoncentrowan\u0105 na chmurach premium - zam\u00f3w ju\u017c dzi\u015b, aby zapewni\u0107 sobie preferowany poziom nikotyny, dop\u00f3ki dost\u0119pne s\u0105 aktualne zapasy i szybka wysy\u0142ka.<\/p>","protected":false},"featured_media":17159,"comment_status":"open","ping_status":"closed","template":"","meta":[],"product_brand":[57],"product_cat":[309,16],"product_tag":[],"class_list":{"0":"post-16993","1":"product","2":"type-product","3":"status-publish","4":"has-post-thumbnail","6":"product_brand-bang","7":"product_cat-36k-puffs","8":"product_cat-uncategorized","10":"first","11":"instock","12":"sale","13":"shipping-taxable","14":"purchasable","15":"product-type-variable"},"yoast_head":"<!-- This site is optimized with the Yoast SEO plugin v27.4 - https:\/\/yoast.com\/product\/yoast-seo-wordpress\/ -->\n<title>Bang 36000 Puffs Disposable Vape \u2013 36000 Puffs, 20 Flavors<\/title>\n<meta name=\"description\" content=\"Experience up to 36000 puffs with Bang 36000 Disposable Vape. 20 flavors and customizable nicotine strength for a premium vaping experience.\" \/>\n<meta name=\"robots\" content=\"index, follow, max-snippet:-1, max-image-preview:large, max-video-preview:-1\" \/>\n<link rel=\"canonical\" href=\"https:\/\/vapemaison.com\/pl\/produkt\/jednorazowy-vape-bang-36000-puffow\/\" \/>\n<meta property=\"og:locale\" content=\"pl_PL\" \/>\n<meta property=\"og:type\" content=\"article\" \/>\n<meta property=\"og:title\" content=\"Bang 36000 Puffs Disposable Vape \u2013 36000 Puffs, 20 Flavors\" \/>\n<meta property=\"og:description\" content=\"Experience up to 36000 puffs with Bang 36000 Disposable Vape. 20 flavors and customizable nicotine strength for a premium vaping experience.\" \/>\n<meta property=\"og:url\" content=\"https:\/\/vapemaison.com\/pl\/produkt\/jednorazowy-vape-bang-36000-puffow\/\" \/>\n<meta property=\"og:site_name\" content=\"VapeMaison\" \/>\n<meta property=\"article:modified_time\" content=\"2025-12-22T09:26:40+00:00\" \/>\n<meta property=\"og:image\" content=\"https:\/\/vapemaison.com\/wp-content\/uploads\/2025\/12\/vape-bang-36000-puffs-bang-36000puffs.jpg.webp\" \/>\n\t<meta property=\"og:image:width\" content=\"1000\" \/>\n\t<meta property=\"og:image:height\" content=\"1000\" \/>\n\t<meta property=\"og:image:type\" content=\"image\/webp\" \/>\n<meta name=\"twitter:card\" content=\"summary_large_image\" \/>\n<meta name=\"twitter:label1\" content=\"Szacowany czas czytania\" \/>\n\t<meta name=\"twitter:data1\" content=\"2 minuty\" \/>\n<!-- \/ Yoast SEO plugin. -->","yoast_head_json":{"title":"Bang 36000 Puffs Jednorazowe Vape - 36000 Puff\u00f3w, 20 smak\u00f3w","description":"Do\u015bwiadcz nawet 36000 zaci\u0105gni\u0119\u0107 dzi\u0119ki jednorazowemu waporyzatorowi Bang 36000. 20 smak\u00f3w i dostosowywana moc nikotyny zapewniaj\u0105 najwy\u017cszej jako\u015bci doznania podczas waporyzacji.","robots":{"index":"index","follow":"follow","max-snippet":"max-snippet:-1","max-image-preview":"max-image-preview:large","max-video-preview":"max-video-preview:-1"},"canonical":"https:\/\/vapemaison.com\/pl\/produkt\/jednorazowy-vape-bang-36000-puffow\/","og_locale":"pl_PL","og_type":"article","og_title":"Bang 36000 Puffs Disposable Vape \u2013 36000 Puffs, 20 Flavors","og_description":"Experience up to 36000 puffs with Bang 36000 Disposable Vape. 20 flavors and customizable nicotine strength for a premium vaping experience.","og_url":"https:\/\/vapemaison.com\/pl\/produkt\/jednorazowy-vape-bang-36000-puffow\/","og_site_name":"VapeMaison","article_modified_time":"2025-12-22T09:26:40+00:00","og_image":[{"width":1000,"height":1000,"url":"https:\/\/vapemaison.com\/wp-content\/uploads\/2025\/12\/vape-bang-36000-puffs-bang-36000puffs.jpg.webp","type":"image\/webp"}],"twitter_card":"summary_large_image","twitter_misc":{"Szacowany czas czytania":"2 minuty"},"schema":{"@context":"https:\/\/schema.org","@graph":[{"@type":"WebPage","@id":"https:\/\/vapemaison.com\/product\/bang-36000-puffs-disposable-vape\/","url":"https:\/\/vapemaison.com\/product\/bang-36000-puffs-disposable-vape\/","name":"Bang 36000 Puffs Jednorazowe Vape - 36000 Puff\u00f3w, 20 smak\u00f3w","isPartOf":{"@id":"https:\/\/vapemaison.com\/#website"},"primaryImageOfPage":{"@id":"https:\/\/vapemaison.com\/product\/bang-36000-puffs-disposable-vape\/#primaryimage"},"image":{"@id":"https:\/\/vapemaison.com\/product\/bang-36000-puffs-disposable-vape\/#primaryimage"},"thumbnailUrl":"https:\/\/vapemaison.com\/wp-content\/uploads\/2025\/12\/vape-bang-36000-puffs-bang-36000puffs.jpg.webp","datePublished":"2025-12-11T07:15:03+00:00","dateModified":"2025-12-22T09:26:40+00:00","description":"Do\u015bwiadcz nawet 36000 zaci\u0105gni\u0119\u0107 dzi\u0119ki jednorazowemu waporyzatorowi Bang 36000. 20 smak\u00f3w i dostosowywana moc nikotyny zapewniaj\u0105 najwy\u017cszej jako\u015bci doznania podczas waporyzacji.","breadcrumb":{"@id":"https:\/\/vapemaison.com\/product\/bang-36000-puffs-disposable-vape\/#breadcrumb"},"inLanguage":"pl-PL","potentialAction":[{"@type":"ReadAction","target":["https:\/\/vapemaison.com\/product\/bang-36000-puffs-disposable-vape\/"]}]},{"@type":"ImageObject","inLanguage":"pl-PL","@id":"https:\/\/vapemaison.com\/product\/bang-36000-puffs-disposable-vape\/#primaryimage","url":"https:\/\/vapemaison.com\/wp-content\/uploads\/2025\/12\/vape-bang-36000-puffs-bang-36000puffs.jpg.webp","contentUrl":"https:\/\/vapemaison.com\/wp-content\/uploads\/2025\/12\/vape-bang-36000-puffs-bang-36000puffs.jpg.webp","width":1000,"height":1000,"caption":"Vape Bang Puffs Bangpuffs.jpg"},{"@type":"BreadcrumbList","@id":"https:\/\/vapemaison.com\/product\/bang-36000-puffs-disposable-vape\/#breadcrumb","itemListElement":[{"@type":"ListItem","position":1,"name":"\u9996\u9875","item":"https:\/\/vapemaison.com\/"},{"@type":"ListItem","position":2,"name":"Shop","item":"https:\/\/vapemaison.com\/shop\/"},{"@type":"ListItem","position":3,"name":"Bang","item":"https:\/\/vapemaison.com\/brand\/bang\/"},{"@type":"ListItem","position":4,"name":"Bang 36000 Puffs 0% 2% 3% 5% Nicotine Vape"}]},{"@type":"WebSite","@id":"https:\/\/vapemaison.com\/#website","url":"https:\/\/vapemaison.com\/","name":"VapeMaison","description":"Wysokiej jako\u015bci urz\u0105dzenia i akcesoria do waporyzacji","publisher":{"@id":"https:\/\/vapemaison.com\/#organization"},"potentialAction":[{"@type":"SearchAction","target":{"@type":"EntryPoint","urlTemplate":"https:\/\/vapemaison.com\/?s={search_term_string}"},"query-input":{"@type":"PropertyValueSpecification","valueRequired":true,"valueName":"search_term_string"}}],"inLanguage":"pl-PL"},{"@type":"Organization","@id":"https:\/\/vapemaison.com\/#organization","name":"VapeMaison","url":"https:\/\/vapemaison.com\/","logo":{"@type":"ImageObject","inLanguage":"pl-PL","@id":"https:\/\/vapemaison.com\/#\/schema\/logo\/image\/","url":"https:\/\/vapemaison.com\/wp-content\/uploads\/2026\/01\/cropped-vapemaison-logo-g-2026.webp","contentUrl":"https:\/\/vapemaison.com\/wp-content\/uploads\/2026\/01\/cropped-vapemaison-logo-g-2026.webp","width":350,"height":280,"caption":"VapeMaison"},"image":{"@id":"https:\/\/vapemaison.com\/#\/schema\/logo\/image\/"},"sameAs":["https:\/\/www.youtube.com\/@VapeMaison"]}]}},"tiered_pricing_type":"fixed","tiered_pricing_fixed_rules":{"30":"11.99","50":"10.99","100":"9.99","200":"8.99"},"tiered_pricing_product_settings":{"layout":"default","base_unit_name":{"singular":null,"plural":null},"default_variation":null},"tiered_pricing_minimum_quantity":10,"tiered_pricing_roles_data":[],"tiered_pricing_percentage_rules":[],"tiered_pricing_maximum_quantity":null,"tiered_pricing_quantity_step":"10","_links":{"self":[{"href":"https:\/\/vapemaison.com\/pl\/wp-json\/wp\/v2\/product\/16993","targetHints":{"allow":["GET"]}}],"collection":[{"href":"https:\/\/vapemaison.com\/pl\/wp-json\/wp\/v2\/product"}],"about":[{"href":"https:\/\/vapemaison.com\/pl\/wp-json\/wp\/v2\/types\/product"}],"replies":[{"embeddable":true,"href":"https:\/\/vapemaison.com\/pl\/wp-json\/wp\/v2\/comments?post=16993"}],"version-history":[{"count":0,"href":"https:\/\/vapemaison.com\/pl\/wp-json\/wp\/v2\/product\/16993\/revisions"}],"wp:featuredmedia":[{"embeddable":true,"href":"https:\/\/vapemaison.com\/pl\/wp-json\/wp\/v2\/media\/17159"}],"wp:attachment":[{"href":"https:\/\/vapemaison.com\/pl\/wp-json\/wp\/v2\/media?parent=16993"}],"wp:term":[{"taxonomy":"product_brand","embeddable":true,"href":"https:\/\/vapemaison.com\/pl\/wp-json\/wp\/v2\/product_brand?post=16993"},{"taxonomy":"product_cat","embeddable":true,"href":"https:\/\/vapemaison.com\/pl\/wp-json\/wp\/v2\/product_cat?post=16993"},{"taxonomy":"product_tag","embeddable":true,"href":"https:\/\/vapemaison.com\/pl\/wp-json\/wp\/v2\/product_tag?post=16993"}],"curies":[{"name":"wp","href":"https:\/\/api.w.org\/{rel}","templated":true}]}}