

{"id":16994,"date":"2025-12-11T07:39:23","date_gmt":"2025-12-11T07:39:23","guid":{"rendered":"https:\/\/vapemaison.com\/?post_type=product&#038;p=16994"},"modified":"2025-12-22T09:26:02","modified_gmt":"2025-12-22T09:26:02","slug":"bang-36000-power-36k-puffs-jednorazowy-vape","status":"publish","type":"product","link":"https:\/\/vapemaison.com\/pl\/product\/bang-36000-power-36k-puffs-disposable-vape\/","title":{"rendered":"Vape jednorazowe Bang 36000 Power Advanced 36K Puffs"},"content":{"rendered":"<h3 class=\"wp-block-heading\"><strong>Bang 36000 Power - zaawansowana kontrola odcisk\u00f3w palc\u00f3w, podw\u00f3jna cewka siatkowa i konfigurowalna regulacja mocy<\/strong><\/h3>\n\n\n\n<p>The <strong>Moc Bang 36000<\/strong> to zaawansowany jednorazowy vape zaprojektowany dla vaper\u00f3w, kt\u00f3rzy szukaj\u0105 innowacji, kontroli i personalizacji w ka\u017cdym zaci\u0105gni\u0119ciu. Oferuje do <strong>36 000 zaci\u0105gni\u0119\u0107<\/strong>, To najnowocze\u015bniejsze urz\u0105dzenie zapewnia d\u0142ugotrwa\u0142\u0105 przyjemno\u015b\u0107 i sta\u0142\u0105 wydajno\u015b\u0107 od pocz\u0105tku do ko\u0144ca.<\/p>\n\n\n\n<p>Wyposa\u017cony w <strong>Podw\u00f3jna cewka siatkowa<\/strong>, w <strong>Moc Bang 36000<\/strong> zapewnia g\u0142adk\u0105, aromatyczn\u0105 par\u0119 przy ka\u017cdym zaci\u0105gni\u0119ciu, podczas gdy <strong>Ekran dotykowy TFT<\/strong> oraz <strong>Wy\u015bwietlacz LED<\/strong> zapewniaj\u0105 aktualizacje w czasie rzeczywistym <strong>\u017cywotno\u015b\u0107 baterii<\/strong> oraz <strong>Poziomy e-cieczy<\/strong>, informuj\u0105c Ci\u0119 na bie\u017c\u0105co podczas ca\u0142ej sesji waporyzacji.<\/p>\n\n\n\n<p>Wyr\u00f3\u017cniaj\u0105c\u0105 si\u0119 cech\u0105 tego waporyzatora jest <strong>regulacja mocy<\/strong> aktywowana przez proste naci\u015bni\u0119cie urz\u0105dzenia <strong>trzy razy<\/strong>. Pozwala to na dostosowanie wra\u017ce\u0144 z waporyzacji do w\u0142asnych preferencji, zwi\u0119kszaj\u0105c zar\u00f3wno wygod\u0119, jak i przyjemno\u015b\u0107.<\/p>\n\n\n\n<p>Z <strong>Akumulator o pojemno\u015bci 850 mAh<\/strong> oraz <strong>\u0141adowanie typu C<\/strong>, w <strong>Bang 36000<\/strong> zapewnia nieprzerwane wapowanie oraz szybkie i wydajne \u0142adowanie. Dodano <strong>czujnik linii papilarnych<\/strong> dodaje dodatkow\u0105 warstw\u0119 bezpiecze\u0144stwa i nowoczesn\u0105 funkcjonalno\u015b\u0107, czyni\u0105c go osobistym i przyjaznym dla u\u017cytkownika urz\u0105dzeniem.<\/p>\n\n\n\n<p>Dost\u0119pne w <strong>Moc nikotyny 2%, 3% i 5%<\/strong>, i oferuj\u0105c <strong>12 ekscytuj\u0105cych smak\u00f3w<\/strong>, w <strong>Bang 36000<\/strong> spe\u0142nia szeroki zakres gust\u00f3w i preferencji, zapewniaj\u0105c w pe\u0142ni spersonalizowane doznania podczas waporyzacji.<\/p>\n\n\n\n<h3 class=\"wp-block-heading\"><strong>Kluczowe cechy:<\/strong><\/h3>\n\n\n\n<figure class=\"wp-block-table\"><table class=\"has-fixed-layout\"><thead><tr><th><strong>Cecha<\/strong><\/th><th><strong>Specyfikacja<\/strong><\/th><\/tr><\/thead><tbody><tr><td><strong>Pojemno\u015b\u0107 dmuchawy<\/strong><\/td><td>Do 36 000 zaci\u0105gni\u0119\u0107<\/td><\/tr><tr><td><strong>Si\u0142a nikotyny<\/strong><\/td><td>2%, 3%, 5%<\/td><\/tr><tr><td><strong>Typ cewki<\/strong><\/td><td>Cewka z podw\u00f3jn\u0105 siatk\u0105<\/td><\/tr><tr><td><strong>Wy\u015bwietlacz<\/strong><\/td><td>Ekran dotykowy TFT i diody LED poziomu baterii\/p\u0142ynu<\/td><\/tr><tr><td><strong>Regulacja mocy<\/strong><\/td><td>Regulacja zasilania poprzez trzykrotne naci\u015bni\u0119cie przycisku<\/td><\/tr><tr><td><strong>Pojemno\u015b\u0107 akumulatora<\/strong><\/td><td>Akumulator 850 mAh<\/td><\/tr><tr><td><strong>Port \u0142adowania<\/strong><\/td><td>Szybkie \u0142adowanie typu C<\/td><\/tr><tr><td><strong>Funkcja bezpiecze\u0144stwa<\/strong><\/td><td>Czujnik linii papilarnych<\/td><\/tr><tr><td><strong>Opcje smakowe<\/strong><\/td><td>12 unikalnych smak\u00f3w<\/td><\/tr><\/tbody><\/table><\/figure>\n\n\n\n<h3 class=\"wp-block-heading\"><strong>Lista smak\u00f3w:<\/strong><\/h3>\n\n\n\n<ol class=\"wp-block-list\">\n<li>Mix owoc\u00f3w<\/li>\n\n\n\n<li>Triple Berry<\/li>\n\n\n\n<li>Brzoskwinia Mango Arbuz<\/li>\n\n\n\n<li>Bor\u00f3wka Malina<\/li>\n\n\n\n<li>Black Dragon Ice<\/li>\n\n\n\n<li>L\u00f3d winogronowy<\/li>\n\n\n\n<li>L\u00f3d jagodowy<\/li>\n\n\n\n<li>Arbuz truskawkowy<\/li>\n\n\n\n<li>Banan truskawkowy<\/li>\n\n\n\n<li>Truskawka Kiwi<\/li>\n\n\n\n<li>Mango truskawkowe<\/li>\n\n\n\n<li>Arbuzowy l\u00f3d<\/li>\n<\/ol>\n\n\n\n<h3 class=\"wp-block-heading\"><strong>Dlaczego warto wybra\u0107 Bang 36000 Power?<\/strong><\/h3>\n\n\n\n<ul class=\"wp-block-list\">\n<li><strong>D\u0142ugotrwa\u0142a przyjemno\u015b\u0107:<\/strong> Z maksymalnie <strong>36 000 zaci\u0105gni\u0119\u0107<\/strong>, Ciesz si\u0119 d\u0142u\u017cszym do\u015bwiadczeniem z waporyzacji bez konieczno\u015bci cz\u0119stej wymiany.<\/li>\n\n\n\n<li><strong>Zwi\u0119kszona produkcja pary wodnej:<\/strong> The <strong>Podw\u00f3jna cewka siatkowa<\/strong> zapewnia g\u0142adk\u0105, bogat\u0105 par\u0119 przy ka\u017cdym zaci\u0105gni\u0119ciu, zapewniaj\u0105c doskona\u0142\u0105 konsystencj\u0119 smaku.<\/li>\n\n\n\n<li><strong>Inteligentny wy\u015bwietlacz i personalizacja:<\/strong> The <strong>Ekran dotykowy TFT<\/strong> oraz <strong>Wy\u015bwietlacz LED<\/strong> informuje o poziomie na\u0142adowania baterii i poziomu e-cieczy, podczas gdy <strong>regulacja mocy<\/strong> Funkcja ta pozwala dostosowa\u0107 wra\u017cenia.<\/li>\n\n\n\n<li><strong>Bezpiecze\u0144stwo i wygoda:<\/strong> The <strong>czujnik linii papilarnych<\/strong> dodaje nowoczesny akcent bezpiecze\u0144stwa, zapewniaj\u0105c, \u017ce tylko Ty mo\u017cesz korzysta\u0107 z urz\u0105dzenia.<\/li>\n\n\n\n<li><strong>Szybkie \u0142adowanie:<\/strong> The <strong>Akumulator 850 mAh<\/strong> oraz <strong>\u0141adowanie typu C<\/strong> zapewniaj\u0105 szybkie \u0142adowanie, minimalizuj\u0105c przestoje.<\/li>\n\n\n\n<li><strong>Szeroki wyb\u00f3r smak\u00f3w:<\/strong> Z <strong>12 ekscytuj\u0105cych smak\u00f3w<\/strong> i r\u00f3\u017cnych mocach nikotyny, mo\u017cesz znale\u017a\u0107 idealn\u0105 kombinacj\u0119 dopasowan\u0105 do Twojego gustu.<\/li>\n<\/ul>\n\n\n\n<p>Szukasz wi\u0119cej opcji waporyzacji premium? Odwied\u017a nasz\u0105 stron\u0119 <a href=\"https:\/\/vapemaison.com\">strona g\u0142\u00f3wna<\/a> aby zobaczy\u0107 najnowsze premiery, przejrzyj pe\u0142n\u0105 kolekcj\u0119 w naszej witrynie <a href=\"https:\/\/vapemaison.com\/shop\">sklep<\/a>, lub eksplorowa\u0107 inne urz\u0105dzenia z poziomu <a href=\"https:\/\/vapemaison.com\/brand\/bang\">Marka Bang<\/a>. Mo\u017cesz tak\u017ce cieszy\u0107 si\u0119 jednorazowymi produktami o du\u017cej pojemno\u015bci od <a href=\"https:\/\/vapemaison.com\/brand\/jnr\/\">JNR<\/a> lub sprawd\u017a wszystkie nasze <a href=\"https:\/\/vapemaison.com\/product-category\/puffs-count\/\">Urz\u0105dzenia Puffs<\/a> dla d\u0142ugotrwa\u0142ej satysfakcji.<\/p>","protected":false},"excerpt":{"rendered":"<p><span class=\"\">Poznaj now\u0105 generacj\u0119 waporyzacji z 36,<\/span><span class=\"\">000 zaci\u0105gni\u0119\u0107,<\/span> podw\u00f3jny system cewek siatkowych i unikalny ekran dotykowy TFT zapewniaj\u0105cy pe\u0142n\u0105 regulacj\u0119 mocy i bezpiecze\u0144stwo odcisk\u00f3w palc\u00f3w. Spersonalizuj swoj\u0105 sesj\u0119 dzi\u0119ki precyzyjnej kontroli i 12 smakom premium - zam\u00f3w teraz, aby zabezpieczy\u0107 t\u0119 zaawansowan\u0105 technologicznie pot\u0119g\u0119, dop\u00f3ki trwaj\u0105 nasze ograniczone czasowo ceny premierowe i oferta szybkiej wysy\u0142ki.<\/p>","protected":false},"featured_media":17169,"comment_status":"open","ping_status":"closed","template":"","meta":[],"product_brand":[57],"product_cat":[309,16],"product_tag":[],"class_list":{"0":"post-16994","1":"product","2":"type-product","3":"status-publish","4":"has-post-thumbnail","6":"product_brand-bang","7":"product_cat-36k-puffs","8":"product_cat-uncategorized","10":"first","11":"instock","12":"sale","13":"shipping-taxable","14":"purchasable","15":"product-type-variable"},"yoast_head":"<!-- This site is optimized with the Yoast SEO plugin v27.4 - https:\/\/yoast.com\/product\/yoast-seo-wordpress\/ -->\n<title>Bang 36000 Power 36K Puffs Disposable Vape - Vapemaison<\/title>\n<meta name=\"description\" content=\"Enjoy Bang 36000 Power Vape,Features advanced power regulation, 20 flavors, and customizable nicotine options for a premium experience.\" \/>\n<meta name=\"robots\" content=\"index, follow, max-snippet:-1, max-image-preview:large, max-video-preview:-1\" \/>\n<link rel=\"canonical\" href=\"https:\/\/vapemaison.com\/pl\/produkt\/bang-36000-power-36k-puffs-jednorazowy-vape\/\" \/>\n<meta property=\"og:locale\" content=\"pl_PL\" \/>\n<meta property=\"og:type\" content=\"article\" \/>\n<meta property=\"og:title\" content=\"Bang 36000 Power 36K Puffs Disposable Vape - Vapemaison\" \/>\n<meta property=\"og:description\" content=\"Enjoy Bang 36000 Power Vape,Features advanced power regulation, 20 flavors, and customizable nicotine options for a premium experience.\" \/>\n<meta property=\"og:url\" content=\"https:\/\/vapemaison.com\/pl\/produkt\/bang-36000-power-36k-puffs-jednorazowy-vape\/\" \/>\n<meta property=\"og:site_name\" content=\"VapeMaison\" \/>\n<meta property=\"article:modified_time\" content=\"2025-12-22T09:26:02+00:00\" \/>\n<meta property=\"og:image\" content=\"https:\/\/vapemaison.com\/wp-content\/uploads\/2025\/12\/vape-bang-36000-power-puffs-strawberry-mango.jpg.webp\" \/>\n\t<meta property=\"og:image:width\" content=\"1000\" \/>\n\t<meta property=\"og:image:height\" content=\"1000\" \/>\n\t<meta property=\"og:image:type\" content=\"image\/webp\" \/>\n<meta name=\"twitter:card\" content=\"summary_large_image\" \/>\n<meta name=\"twitter:label1\" content=\"Szacowany czas czytania\" \/>\n\t<meta name=\"twitter:data1\" content=\"3 minuty\" \/>\n<!-- \/ Yoast SEO plugin. -->","yoast_head_json":{"title":"Bang 36000 Power 36K Puffs jednorazowe Vape - Vapemaison","description":"Enjoy Bang 36000 Power Vape, wyposa\u017cony w zaawansowan\u0105 regulacj\u0119 mocy, 20 smak\u00f3w i konfigurowalne opcje nikotyny dla najwy\u017cszej jako\u015bci wra\u017ce\u0144.","robots":{"index":"index","follow":"follow","max-snippet":"max-snippet:-1","max-image-preview":"max-image-preview:large","max-video-preview":"max-video-preview:-1"},"canonical":"https:\/\/vapemaison.com\/pl\/produkt\/bang-36000-power-36k-puffs-jednorazowy-vape\/","og_locale":"pl_PL","og_type":"article","og_title":"Bang 36000 Power 36K Puffs Disposable Vape - Vapemaison","og_description":"Enjoy Bang 36000 Power Vape,Features advanced power regulation, 20 flavors, and customizable nicotine options for a premium experience.","og_url":"https:\/\/vapemaison.com\/pl\/produkt\/bang-36000-power-36k-puffs-jednorazowy-vape\/","og_site_name":"VapeMaison","article_modified_time":"2025-12-22T09:26:02+00:00","og_image":[{"width":1000,"height":1000,"url":"https:\/\/vapemaison.com\/wp-content\/uploads\/2025\/12\/vape-bang-36000-power-puffs-strawberry-mango.jpg.webp","type":"image\/webp"}],"twitter_card":"summary_large_image","twitter_misc":{"Szacowany czas czytania":"3 minuty"},"schema":{"@context":"https:\/\/schema.org","@graph":[{"@type":"WebPage","@id":"https:\/\/vapemaison.com\/product\/bang-36000-power-36k-puffs-disposable-vape\/","url":"https:\/\/vapemaison.com\/product\/bang-36000-power-36k-puffs-disposable-vape\/","name":"Bang 36000 Power 36K Puffs jednorazowe Vape - Vapemaison","isPartOf":{"@id":"https:\/\/vapemaison.com\/#website"},"primaryImageOfPage":{"@id":"https:\/\/vapemaison.com\/product\/bang-36000-power-36k-puffs-disposable-vape\/#primaryimage"},"image":{"@id":"https:\/\/vapemaison.com\/product\/bang-36000-power-36k-puffs-disposable-vape\/#primaryimage"},"thumbnailUrl":"https:\/\/vapemaison.com\/wp-content\/uploads\/2025\/12\/vape-bang-36000-power-puffs-strawberry-mango.jpg.webp","datePublished":"2025-12-11T07:39:23+00:00","dateModified":"2025-12-22T09:26:02+00:00","description":"Enjoy Bang 36000 Power Vape, wyposa\u017cony w zaawansowan\u0105 regulacj\u0119 mocy, 20 smak\u00f3w i konfigurowalne opcje nikotyny dla najwy\u017cszej jako\u015bci wra\u017ce\u0144.","breadcrumb":{"@id":"https:\/\/vapemaison.com\/product\/bang-36000-power-36k-puffs-disposable-vape\/#breadcrumb"},"inLanguage":"pl-PL","potentialAction":[{"@type":"ReadAction","target":["https:\/\/vapemaison.com\/product\/bang-36000-power-36k-puffs-disposable-vape\/"]}]},{"@type":"ImageObject","inLanguage":"pl-PL","@id":"https:\/\/vapemaison.com\/product\/bang-36000-power-36k-puffs-disposable-vape\/#primaryimage","url":"https:\/\/vapemaison.com\/wp-content\/uploads\/2025\/12\/vape-bang-36000-power-puffs-strawberry-mango.jpg.webp","contentUrl":"https:\/\/vapemaison.com\/wp-content\/uploads\/2025\/12\/vape-bang-36000-power-puffs-strawberry-mango.jpg.webp","width":1000,"height":1000,"caption":"Vape Bang Power Puffs Strawberry Mango.jpg"},{"@type":"BreadcrumbList","@id":"https:\/\/vapemaison.com\/product\/bang-36000-power-36k-puffs-disposable-vape\/#breadcrumb","itemListElement":[{"@type":"ListItem","position":1,"name":"\u9996\u9875","item":"https:\/\/vapemaison.com\/"},{"@type":"ListItem","position":2,"name":"Shop","item":"https:\/\/vapemaison.com\/shop\/"},{"@type":"ListItem","position":3,"name":"Bang","item":"https:\/\/vapemaison.com\/brand\/bang\/"},{"@type":"ListItem","position":4,"name":"Bang 36000 Power Advanced 36K Puffs Disposable Vape"}]},{"@type":"WebSite","@id":"https:\/\/vapemaison.com\/#website","url":"https:\/\/vapemaison.com\/","name":"VapeMaison","description":"Wysokiej jako\u015bci urz\u0105dzenia i akcesoria do waporyzacji","publisher":{"@id":"https:\/\/vapemaison.com\/#organization"},"potentialAction":[{"@type":"SearchAction","target":{"@type":"EntryPoint","urlTemplate":"https:\/\/vapemaison.com\/?s={search_term_string}"},"query-input":{"@type":"PropertyValueSpecification","valueRequired":true,"valueName":"search_term_string"}}],"inLanguage":"pl-PL"},{"@type":"Organization","@id":"https:\/\/vapemaison.com\/#organization","name":"VapeMaison","url":"https:\/\/vapemaison.com\/","logo":{"@type":"ImageObject","inLanguage":"pl-PL","@id":"https:\/\/vapemaison.com\/#\/schema\/logo\/image\/","url":"https:\/\/vapemaison.com\/wp-content\/uploads\/2026\/01\/cropped-vapemaison-logo-g-2026.webp","contentUrl":"https:\/\/vapemaison.com\/wp-content\/uploads\/2026\/01\/cropped-vapemaison-logo-g-2026.webp","width":350,"height":280,"caption":"VapeMaison"},"image":{"@id":"https:\/\/vapemaison.com\/#\/schema\/logo\/image\/"},"sameAs":["https:\/\/www.youtube.com\/@VapeMaison"]}]}},"tiered_pricing_type":"fixed","tiered_pricing_fixed_rules":{"30":"8.99","50":"8.36","100":"7.99","200":"7.24"},"tiered_pricing_product_settings":{"layout":"default","base_unit_name":{"singular":null,"plural":null},"default_variation":null},"tiered_pricing_minimum_quantity":10,"tiered_pricing_roles_data":[],"tiered_pricing_percentage_rules":[],"tiered_pricing_maximum_quantity":null,"tiered_pricing_quantity_step":"10","_links":{"self":[{"href":"https:\/\/vapemaison.com\/pl\/wp-json\/wp\/v2\/product\/16994","targetHints":{"allow":["GET"]}}],"collection":[{"href":"https:\/\/vapemaison.com\/pl\/wp-json\/wp\/v2\/product"}],"about":[{"href":"https:\/\/vapemaison.com\/pl\/wp-json\/wp\/v2\/types\/product"}],"replies":[{"embeddable":true,"href":"https:\/\/vapemaison.com\/pl\/wp-json\/wp\/v2\/comments?post=16994"}],"version-history":[{"count":0,"href":"https:\/\/vapemaison.com\/pl\/wp-json\/wp\/v2\/product\/16994\/revisions"}],"wp:featuredmedia":[{"embeddable":true,"href":"https:\/\/vapemaison.com\/pl\/wp-json\/wp\/v2\/media\/17169"}],"wp:attachment":[{"href":"https:\/\/vapemaison.com\/pl\/wp-json\/wp\/v2\/media?parent=16994"}],"wp:term":[{"taxonomy":"product_brand","embeddable":true,"href":"https:\/\/vapemaison.com\/pl\/wp-json\/wp\/v2\/product_brand?post=16994"},{"taxonomy":"product_cat","embeddable":true,"href":"https:\/\/vapemaison.com\/pl\/wp-json\/wp\/v2\/product_cat?post=16994"},{"taxonomy":"product_tag","embeddable":true,"href":"https:\/\/vapemaison.com\/pl\/wp-json\/wp\/v2\/product_tag?post=16994"}],"curies":[{"name":"wp","href":"https:\/\/api.w.org\/{rel}","templated":true}]}}