

{"id":17213,"date":"2025-12-12T03:02:05","date_gmt":"2025-12-12T03:02:05","guid":{"rendered":"https:\/\/vapemaison.com\/?post_type=product&#038;p=17213"},"modified":"2025-12-22T09:25:37","modified_gmt":"2025-12-22T09:25:37","slug":"bang-beach-20k-puff-vape-pod","status":"publish","type":"product","link":"https:\/\/vapemaison.com\/pl\/product\/bang-beach-20k-puff-vape-pod\/","title":{"rendered":"Bang Beach 20K Puff 0% 2% 3% 5%Nicotine"},"content":{"rendered":"<p><strong>Bang Beach 20k Puff LED Display Vape Pod - najwy\u017cszej jako\u015bci jednorazowa kapsu\u0142ka do waporyzacji<\/strong><\/p>\n\n\n\n<p>The <strong>Bang Beach 20k Puff Vape Pod<\/strong> zosta\u0142 zaprojektowany z my\u015bl\u0105 o najwy\u017cszej jako\u015bci waporyzacji, oferuj\u0105c niezr\u00f3wnan\u0105 wydajno\u015b\u0107 i wygod\u0119. Dzi\u0119ki imponuj\u0105cej <strong>20k puff<\/strong> To jednorazowe urz\u0105dzenie vape o du\u017cej pojemno\u015bci zapewnia d\u0142u\u017csz\u0105 przyjemno\u015b\u0107, dzi\u0119ki czemu jest idealnym wyborem zar\u00f3wno dla zwyk\u0142ych, jak i do\u015bwiadczonych vaper\u00f3w.<\/p>\n\n\n\n<h3 class=\"wp-block-heading\"><strong>Kluczowe cechy<\/strong><\/h3>\n\n\n\n<ul class=\"wp-block-list\">\n<li><strong>Wyd\u0142u\u017cone u\u017cytkowanie i wygoda<\/strong>: Wyposa\u017cony w <strong>Wst\u0119pnie nape\u0142niony wk\u0142ad e-liquidu o pojemno\u015bci 35 ml<\/strong>, Bang Beach oferuje znaczny czas waporyzacji, eliminuj\u0105c potrzeb\u0119 cz\u0119stego uzupe\u0142niania.<\/li>\n\n\n\n<li><strong>Mo\u017cliwo\u015b\u0107 dostosowania mocy nikotyny<\/strong>: Dost\u0119pne w czterech poziomach nikotyny<strong>0%, 2%, 3% i 5%<\/strong>-Bang Beach zaspokaja szeroki zakres preferencji, pozwalaj\u0105c u\u017cytkownikom dostosowa\u0107 swoje doznania do ich tolerancji na nikotyn\u0119.<\/li>\n\n\n\n<li><strong>Akumulator o du\u017cej mocy<\/strong>: Zasilany przez <strong>Akumulator o pojemno\u015bci 650 mAh<\/strong>, Urz\u0105dzenie gwarantuje sta\u0142\u0105 i niezawodn\u0105 wydajno\u015b\u0107. Urz\u0105dzenie <strong>Port typu C<\/strong> umo\u017cliwia szybkie i wydajne \u0142adowanie, minimalizuj\u0105c przestoje i zwi\u0119kszaj\u0105c wygod\u0119 u\u017cytkownika.<\/li>\n\n\n\n<li><strong>Technologia cewki siatkowej<\/strong>: Featuring a <strong>Cewka 1,0 mesh<\/strong> oraz <strong>regulowany przep\u0142yw powietrza<\/strong>, Bang Beach zapewnia g\u0142adk\u0105, bogat\u0105 par\u0119, kt\u00f3r\u0105 mo\u017cna dostosowa\u0107 do preferowanego stylu produkcji pary. Technologia ta zapewnia, \u017ce ka\u017cde zaci\u0105gni\u0119cie jest satysfakcjonuj\u0105ce i pe\u0142ne smaku.<\/li>\n\n\n\n<li><strong>Wy\u015bwietlacz LED<\/strong>: Zintegrowany <strong>Wy\u015bwietlacz LED<\/strong> zapewnia aktualizacje w czasie rzeczywistym na temat <strong>\u017cywotno\u015b\u0107 baterii<\/strong> oraz <strong>Poziomy e-cieczy<\/strong>, Dzi\u0119ki temu u\u017cytkownicy s\u0105 zawsze poinformowani i nigdy nie s\u0105 zaskoczeni wyczerpanym urz\u0105dzeniem.<\/li>\n<\/ul>\n\n\n\n<h3 class=\"wp-block-heading\"><strong>Wyb\u00f3r smaku<\/strong><\/h3>\n\n\n\n<p>Pla\u017ca Bang oferuje zr\u00f3\u017cnicowany zakres <strong>12 pysznych smak\u00f3w<\/strong>, starannie opracowane, aby zapewni\u0107 wyj\u0105tkowe i przyjemne doznania podczas waporyzacji. Od s\u0142odkich owocowych mieszanek po orze\u017awiaj\u0105ce lodowe nuty, ka\u017cdy znajdzie co\u015b dla siebie:<\/p>\n\n\n\n<ul class=\"wp-block-list\">\n<li>Blue Razz Ice<\/li>\n\n\n\n<li>Bor\u00f3wka Malina<\/li>\n\n\n\n<li>L\u00f3d winogronowy<\/li>\n\n\n\n<li>Brzoskwinia Mango<\/li>\n\n\n\n<li>Mixed Berry<\/li>\n\n\n\n<li>R\u00f3\u017cowa Lemoniada<\/li>\n\n\n\n<li>Arbuz truskawkowy<\/li>\n\n\n\n<li>Arbuzowy l\u00f3d<\/li>\n\n\n\n<li>L\u00f3d truskawkowy<\/li>\n\n\n\n<li>Triple Berry Ice<\/li>\n\n\n\n<li>L\u00f3d brzoskwiniowy<\/li>\n\n\n\n<li>Kwa\u015bne jab\u0142ko<\/li>\n<\/ul>\n\n\n\n<h3 class=\"wp-block-heading\"><strong>Specyfikacje<\/strong><\/h3>\n\n\n\n<ul class=\"wp-block-list\">\n<li><strong>Puffy<\/strong>: Do <strong>20k puff<\/strong><\/li>\n\n\n\n<li><strong>Pojemno\u015b\u0107 e-liquidu<\/strong>: <strong>35 ml wst\u0119pnie nape\u0142niony<\/strong><\/li>\n\n\n\n<li><strong>Si\u0142a nikotyny<\/strong>: <strong>0%, 2%, 3%, 5%<\/strong><\/li>\n\n\n\n<li><strong>Bateria<\/strong>: <strong>650 mAh<\/strong> (Mo\u017cliwo\u015b\u0107 \u0142adowania przez <strong>Port typu C<\/strong>)<\/li>\n\n\n\n<li><strong>Cewka<\/strong>: <strong>Cewka 1.0 Mesh<\/strong> z <strong>regulowany przep\u0142yw powietrza<\/strong><\/li>\n\n\n\n<li><strong>Dost\u0119pne smaki<\/strong>: 12 unikalnych smak\u00f3w<\/li>\n\n\n\n<li><strong>Typ<\/strong>: <strong>Jednorazowego u\u017cytku<\/strong><\/li>\n<\/ul>\n\n\n\n<h3 class=\"wp-block-heading\"><strong>Wnioski<\/strong><\/h3>\n\n\n\n<p>The <strong>Bang Beach 20k Puff LED Display Vape Pod<\/strong> \u0142\u0105czy w sobie wydajno\u015b\u0107, wygod\u0119 i smak w jednej eleganckiej, ergonomicznej konstrukcji. Niezale\u017cnie od tego, czy jeste\u015b pocz\u0105tkuj\u0105cym, czy do\u015bwiadczonym waporyzatorem, jego przyjazne dla u\u017cytkownika funkcje i konstrukcja o du\u017cej pojemno\u015bci sprawiaj\u0105, \u017ce jest to idealny wyb\u00f3r do d\u0142ugotrwa\u0142ego, przyjemnego waporyzowania. Dzi\u0119ki konfigurowalnym poziomom nikotyny, niezawodnej baterii i szerokiej gamie pysznych smak\u00f3w, Bang Beach jest idealnym wyborem, je\u015bli chodzi o podwy\u017cszone doznania z waporyzacji.<\/p>\n\n\n\n<p><strong>Szukasz wi\u0119cej opcji waporyzacji premium? Odwied\u017a nasz\u0105 stron\u0119 <a href=\"https:\/\/vapemaison.com\">strona g\u0142\u00f3wna<\/a> aby zobaczy\u0107 najnowsze premiery, przejrzyj pe\u0142n\u0105 kolekcj\u0119 w naszej witrynie <a href=\"https:\/\/vapemaison.com\/shop\">sklep<\/a>, lub eksplorowa\u0107 inne urz\u0105dzenia z poziomu <a href=\"https:\/\/vapemaison.com\/brand\/bang\">Marka Bang<\/a>. Mo\u017cesz tak\u017ce cieszy\u0107 si\u0119 jednorazowymi produktami o du\u017cej pojemno\u015bci od <a href=\"https:\/\/vapemaison.com\/brand\/jnr\/\">JNR<\/a> lub sprawd\u017a wszystkie nasze <a href=\"https:\/\/vapemaison.com\/product-category\/puffs-count\/\">Urz\u0105dzenia Puffs<\/a> dla d\u0142ugotrwa\u0142ej satysfakcji.<\/strong><\/p>","protected":false},"excerpt":{"rendered":"<p>Ciesz si\u0119 20 000 zaci\u0105gni\u0119\u0107 i ogromnym zbiornikiem o pojemno\u015bci 35 ml, zasilanym technologi\u0105 cewki siatkowej i regulowanym przep\u0142ywem powietrza dla najwy\u017cszej precyzji smaku. Zachowaj pe\u0142n\u0105 kontrol\u0119 dzi\u0119ki zintegrowanemu wska\u017anikowi LED baterii i oleju - wybieraj spo\u015br\u00f3d 12 smak\u00f3w premium ju\u017c dzi\u015b, aby zapewni\u0107 sobie preferowan\u0105 moc nikotyny, gdy dost\u0119pne s\u0105 aktualne zapasy i priorytetowa wysy\u0142ka.<\/p>","protected":false},"featured_media":17214,"comment_status":"open","ping_status":"closed","template":"","meta":[],"product_brand":[57],"product_cat":[133],"product_tag":[],"class_list":{"0":"post-17213","1":"product","2":"type-product","3":"status-publish","4":"has-post-thumbnail","6":"product_brand-bang","7":"product_cat-20k-puffs","9":"first","10":"instock","11":"sale","12":"shipping-taxable","13":"purchasable","14":"product-type-variable"},"yoast_head":"<!-- This site is optimized with the Yoast SEO plugin v27.4 - https:\/\/yoast.com\/product\/yoast-seo-wordpress\/ -->\n<title>Bang Beach 20k Puff Vape Pod \u2013 Flavorful Disposable Vape<\/title>\n<meta name=\"description\" content=\"Enjoy up to 20k puff with the Bang Beach Vape Pod. Choose from 12 delicious flavors for a smooth, satisfying vaping experience.\" \/>\n<meta name=\"robots\" content=\"index, follow, max-snippet:-1, max-image-preview:large, max-video-preview:-1\" \/>\n<link rel=\"canonical\" href=\"https:\/\/vapemaison.com\/pl\/produkt\/bang-beach-20k-puff-vape-pod\/\" \/>\n<meta property=\"og:locale\" content=\"pl_PL\" \/>\n<meta property=\"og:type\" content=\"article\" \/>\n<meta property=\"og:title\" content=\"Bang Beach 20k Puff Vape Pod \u2013 Flavorful Disposable Vape\" \/>\n<meta property=\"og:description\" content=\"Enjoy up to 20k puff with the Bang Beach Vape Pod. Choose from 12 delicious flavors for a smooth, satisfying vaping experience.\" \/>\n<meta property=\"og:url\" content=\"https:\/\/vapemaison.com\/pl\/produkt\/bang-beach-20k-puff-vape-pod\/\" \/>\n<meta property=\"og:site_name\" content=\"VapeMaison\" \/>\n<meta property=\"article:modified_time\" content=\"2025-12-22T09:25:37+00:00\" \/>\n<meta property=\"og:image\" content=\"https:\/\/vapemaison.com\/wp-content\/uploads\/2025\/12\/vape-bang-beach-20000-Puffs-bang-beach.jpg.webp\" \/>\n\t<meta property=\"og:image:width\" content=\"1000\" \/>\n\t<meta property=\"og:image:height\" content=\"1000\" \/>\n\t<meta property=\"og:image:type\" content=\"image\/webp\" \/>\n<meta name=\"twitter:card\" content=\"summary_large_image\" \/>\n<meta name=\"twitter:label1\" content=\"Szacowany czas czytania\" \/>\n\t<meta name=\"twitter:data1\" content=\"3 minuty\" \/>\n<!-- \/ Yoast SEO plugin. -->","yoast_head_json":{"title":"Bang Beach 20k Puff Vape Pod - aromatyczny jednorazowy Vape","description":"Ciesz si\u0119 nawet 20 tysi\u0105cami zaci\u0105gni\u0119\u0107 dzi\u0119ki Bang Beach Vape Pod. Wybieraj spo\u015br\u00f3d 12 pysznych smak\u00f3w, aby uzyska\u0107 p\u0142ynne, satysfakcjonuj\u0105ce doznania podczas waporyzacji.","robots":{"index":"index","follow":"follow","max-snippet":"max-snippet:-1","max-image-preview":"max-image-preview:large","max-video-preview":"max-video-preview:-1"},"canonical":"https:\/\/vapemaison.com\/pl\/produkt\/bang-beach-20k-puff-vape-pod\/","og_locale":"pl_PL","og_type":"article","og_title":"Bang Beach 20k Puff Vape Pod \u2013 Flavorful Disposable Vape","og_description":"Enjoy up to 20k puff with the Bang Beach Vape Pod. Choose from 12 delicious flavors for a smooth, satisfying vaping experience.","og_url":"https:\/\/vapemaison.com\/pl\/produkt\/bang-beach-20k-puff-vape-pod\/","og_site_name":"VapeMaison","article_modified_time":"2025-12-22T09:25:37+00:00","og_image":[{"width":1000,"height":1000,"url":"https:\/\/vapemaison.com\/wp-content\/uploads\/2025\/12\/vape-bang-beach-20000-Puffs-bang-beach.jpg.webp","type":"image\/webp"}],"twitter_card":"summary_large_image","twitter_misc":{"Szacowany czas czytania":"3 minuty"},"schema":{"@context":"https:\/\/schema.org","@graph":[{"@type":"WebPage","@id":"https:\/\/vapemaison.com\/product\/bang-beach-20k-puff-vape-pod\/","url":"https:\/\/vapemaison.com\/product\/bang-beach-20k-puff-vape-pod\/","name":"Bang Beach 20k Puff Vape Pod - aromatyczny jednorazowy Vape","isPartOf":{"@id":"https:\/\/vapemaison.com\/#website"},"primaryImageOfPage":{"@id":"https:\/\/vapemaison.com\/product\/bang-beach-20k-puff-vape-pod\/#primaryimage"},"image":{"@id":"https:\/\/vapemaison.com\/product\/bang-beach-20k-puff-vape-pod\/#primaryimage"},"thumbnailUrl":"https:\/\/vapemaison.com\/wp-content\/uploads\/2025\/12\/vape-bang-beach-20000-Puffs-bang-beach.jpg.webp","datePublished":"2025-12-12T03:02:05+00:00","dateModified":"2025-12-22T09:25:37+00:00","description":"Ciesz si\u0119 nawet 20 tysi\u0105cami zaci\u0105gni\u0119\u0107 dzi\u0119ki Bang Beach Vape Pod. Wybieraj spo\u015br\u00f3d 12 pysznych smak\u00f3w, aby uzyska\u0107 p\u0142ynne, satysfakcjonuj\u0105ce doznania podczas waporyzacji.","breadcrumb":{"@id":"https:\/\/vapemaison.com\/product\/bang-beach-20k-puff-vape-pod\/#breadcrumb"},"inLanguage":"pl-PL","potentialAction":[{"@type":"ReadAction","target":["https:\/\/vapemaison.com\/product\/bang-beach-20k-puff-vape-pod\/"]}]},{"@type":"ImageObject","inLanguage":"pl-PL","@id":"https:\/\/vapemaison.com\/product\/bang-beach-20k-puff-vape-pod\/#primaryimage","url":"https:\/\/vapemaison.com\/wp-content\/uploads\/2025\/12\/vape-bang-beach-20000-Puffs-bang-beach.jpg.webp","contentUrl":"https:\/\/vapemaison.com\/wp-content\/uploads\/2025\/12\/vape-bang-beach-20000-Puffs-bang-beach.jpg.webp","width":1000,"height":1000,"caption":"Vape Bang Beach Puffs Beach.jpg"},{"@type":"BreadcrumbList","@id":"https:\/\/vapemaison.com\/product\/bang-beach-20k-puff-vape-pod\/#breadcrumb","itemListElement":[{"@type":"ListItem","position":1,"name":"\u9996\u9875","item":"https:\/\/vapemaison.com\/"},{"@type":"ListItem","position":2,"name":"Shop","item":"https:\/\/vapemaison.com\/shop\/"},{"@type":"ListItem","position":3,"name":"Bang","item":"https:\/\/vapemaison.com\/brand\/bang\/"},{"@type":"ListItem","position":4,"name":"Bang Beach 20K Puff 0% 2% 3% 5%Nicotine"}]},{"@type":"WebSite","@id":"https:\/\/vapemaison.com\/#website","url":"https:\/\/vapemaison.com\/","name":"VapeMaison","description":"Wysokiej jako\u015bci urz\u0105dzenia i akcesoria do waporyzacji","publisher":{"@id":"https:\/\/vapemaison.com\/#organization"},"potentialAction":[{"@type":"SearchAction","target":{"@type":"EntryPoint","urlTemplate":"https:\/\/vapemaison.com\/?s={search_term_string}"},"query-input":{"@type":"PropertyValueSpecification","valueRequired":true,"valueName":"search_term_string"}}],"inLanguage":"pl-PL"},{"@type":"Organization","@id":"https:\/\/vapemaison.com\/#organization","name":"VapeMaison","url":"https:\/\/vapemaison.com\/","logo":{"@type":"ImageObject","inLanguage":"pl-PL","@id":"https:\/\/vapemaison.com\/#\/schema\/logo\/image\/","url":"https:\/\/vapemaison.com\/wp-content\/uploads\/2026\/01\/cropped-vapemaison-logo-g-2026.webp","contentUrl":"https:\/\/vapemaison.com\/wp-content\/uploads\/2026\/01\/cropped-vapemaison-logo-g-2026.webp","width":350,"height":280,"caption":"VapeMaison"},"image":{"@id":"https:\/\/vapemaison.com\/#\/schema\/logo\/image\/"},"sameAs":["https:\/\/www.youtube.com\/@VapeMaison"]}]}},"tiered_pricing_type":"fixed","tiered_pricing_fixed_rules":{"30":"9.45","50":"8.99","100":"8.36","200":"7.62"},"tiered_pricing_product_settings":{"layout":"default","base_unit_name":{"singular":null,"plural":null},"default_variation":null},"tiered_pricing_minimum_quantity":10,"tiered_pricing_roles_data":[],"tiered_pricing_percentage_rules":[],"tiered_pricing_maximum_quantity":null,"tiered_pricing_quantity_step":"10","_links":{"self":[{"href":"https:\/\/vapemaison.com\/pl\/wp-json\/wp\/v2\/product\/17213","targetHints":{"allow":["GET"]}}],"collection":[{"href":"https:\/\/vapemaison.com\/pl\/wp-json\/wp\/v2\/product"}],"about":[{"href":"https:\/\/vapemaison.com\/pl\/wp-json\/wp\/v2\/types\/product"}],"replies":[{"embeddable":true,"href":"https:\/\/vapemaison.com\/pl\/wp-json\/wp\/v2\/comments?post=17213"}],"version-history":[{"count":0,"href":"https:\/\/vapemaison.com\/pl\/wp-json\/wp\/v2\/product\/17213\/revisions"}],"wp:featuredmedia":[{"embeddable":true,"href":"https:\/\/vapemaison.com\/pl\/wp-json\/wp\/v2\/media\/17214"}],"wp:attachment":[{"href":"https:\/\/vapemaison.com\/pl\/wp-json\/wp\/v2\/media?parent=17213"}],"wp:term":[{"taxonomy":"product_brand","embeddable":true,"href":"https:\/\/vapemaison.com\/pl\/wp-json\/wp\/v2\/product_brand?post=17213"},{"taxonomy":"product_cat","embeddable":true,"href":"https:\/\/vapemaison.com\/pl\/wp-json\/wp\/v2\/product_cat?post=17213"},{"taxonomy":"product_tag","embeddable":true,"href":"https:\/\/vapemaison.com\/pl\/wp-json\/wp\/v2\/product_tag?post=17213"}],"curies":[{"name":"wp","href":"https:\/\/api.w.org\/{rel}","templated":true}]}}