

{"id":17271,"date":"2025-12-12T03:21:20","date_gmt":"2025-12-12T03:21:20","guid":{"rendered":"https:\/\/vapemaison.com\/?post_type=product&#038;p=17271"},"modified":"2025-12-22T09:24:32","modified_gmt":"2025-12-22T09:24:32","slug":"jednorazowe-pioro-vape-bang-beach-22k-puffs","status":"publish","type":"product","link":"https:\/\/vapemaison.com\/pl\/product\/bang-beach-22k-puffs-vape-pen-disposable\/","title":{"rendered":"Bang Beach 22k Puffs Wy\u015bwietlacz LED Jednorazowe Vape"},"content":{"rendered":"<p>The <strong>Bang Beach 22k Puffs Vape Pen<\/strong> oferuje wyj\u0105tkowe wra\u017cenia z waporyzacji, \u0142\u0105cz\u0105c d\u0142ugotrwa\u0142\u0105 wydajno\u015b\u0107, konfigurowalne poziomy nikotyny i szerok\u0105 gam\u0119 pysznych smak\u00f3w. Niezale\u017cnie od tego, czy jeste\u015b pocz\u0105tkuj\u0105cym, czy do\u015bwiadczonym waperem, ten jednorazowy waporyzator o du\u017cej pojemno\u015bci zosta\u0142 zaprojektowany tak, aby zapewni\u0107 sta\u0142\u0105 satysfakcj\u0119.<\/p>\n\n\n\n<h3 class=\"wp-block-heading\"><strong>Kluczowe cechy<\/strong><\/h3>\n\n\n\n<ul class=\"wp-block-list\">\n<li><strong>D\u0142ugotrwa\u0142a przyjemno\u015b\u0107<\/strong>: Z maksymalnie <strong>22k puff\u00f3w<\/strong>, Bang Beach zapewnia d\u0142ugotrwa\u0142e i satysfakcjonuj\u0105ce doznania z waporyzacji, dzi\u0119ki swoim <strong>Wst\u0119pnie nape\u0142niony wk\u0142ad e-liquidu o pojemno\u015bci 36 ml<\/strong>.<\/li>\n\n\n\n<li><strong>Mo\u017cliwo\u015b\u0107 dostosowania mocy nikotyny<\/strong>: Do wyboru <strong>0%, 2%, 3% i 5% nikotyna<\/strong> aby dopasowa\u0107 si\u0119 do Twoich preferencji, daj\u0105c Ci pe\u0142n\u0105 kontrol\u0119 nad do\u015bwiadczeniem waporyzacji.<\/li>\n\n\n\n<li><strong>Zwi\u0119kszona produkcja pary<\/strong>: Featuring a <strong>Cewka 1.0 Mesh<\/strong> oraz <strong>regulowany przep\u0142yw powietrza<\/strong>, Ten vape pen zapewnia g\u0142adk\u0105, aromatyczn\u0105 par\u0119 z opcj\u0105 dostosowania rozmiaru i intensywno\u015bci chmury.<\/li>\n\n\n\n<li><strong>Wydajny i \u0142adowalny<\/strong>: Zasilany przez <strong>Akumulator o pojemno\u015bci 850 mAh<\/strong>, Bang Beach zapewnia sta\u0142\u0105 wydajno\u015b\u0107 przez ca\u0142y okres u\u017cytkowania. The <strong>Port \u0142adowania typu C<\/strong> umo\u017cliwia szybkie i wydajne \u0142adowanie, minimalizuj\u0105c przestoje.<\/li>\n\n\n\n<li><strong>Wy\u015bwietlacz LED<\/strong>: B\u0105d\u017a na bie\u017c\u0105co z <strong>Wy\u015bwietlacz LED<\/strong>, kt\u00f3ry w czasie rzeczywistym informuje o poziomie na\u0142adowania baterii i poziomie e-liquidu, zapewniaj\u0105c, \u017ce zawsze jeste\u015b gotowy do waporyzacji.<\/li>\n<\/ul>\n\n\n\n<h3 class=\"wp-block-heading\"><strong>Wyb\u00f3r smaku<\/strong><\/h3>\n\n\n\n<p>Z <strong>12 unikalnych smak\u00f3w<\/strong>, Bang Beach oferuje co\u015b dla ka\u017cdego. Od orze\u017awiaj\u0105cych owoc\u00f3w po s\u0142odkie, pob\u0142a\u017cliwe mieszanki, ka\u017cda opcja jest przygotowana tak, aby zapewni\u0107 bogaty i satysfakcjonuj\u0105cy smak:<\/p>\n\n\n\n<ul class=\"wp-block-list\">\n<li>L\u00f3d brzoskwiniowy<\/li>\n\n\n\n<li>Brzoskwinia Mango<\/li>\n\n\n\n<li>Mixed Berry<\/li>\n\n\n\n<li>R\u00f3\u017cowa Lemoniada<\/li>\n\n\n\n<li>Arbuz truskawkowy<\/li>\n\n\n\n<li>Arbuzowy l\u00f3d<\/li>\n\n\n\n<li>L\u00f3d winogronowy<\/li>\n\n\n\n<li>Vimto<\/li>\n\n\n\n<li>L\u00f3d truskawkowy<\/li>\n\n\n\n<li>Cherry Blueberry<\/li>\n\n\n\n<li>Malina<\/li>\n\n\n\n<li>Kwa\u015bne jab\u0142ko<\/li>\n<\/ul>\n\n\n\n<h3 class=\"wp-block-heading\"><strong>Specyfikacje<\/strong><\/h3>\n\n\n\n<ul class=\"wp-block-list\">\n<li><strong>Puffy<\/strong>: Do <strong>22k puff\u00f3w<\/strong><\/li>\n\n\n\n<li><strong>Pojemno\u015b\u0107 e-liquidu<\/strong>: <strong>Wst\u0119pnie nape\u0142niony 36 ml<\/strong><\/li>\n\n\n\n<li><strong>Si\u0142a nikotyny<\/strong>: <strong>0%, 2%, 3%, 5%<\/strong><\/li>\n\n\n\n<li><strong>Bateria<\/strong>: <strong>850 mAh<\/strong> (Mo\u017cliwo\u015b\u0107 \u0142adowania przez <strong>Port typu C<\/strong>)<\/li>\n\n\n\n<li><strong>Cewka<\/strong>: <strong>Cewka 1.0 Mesh<\/strong> z <strong>regulowany przep\u0142yw powietrza<\/strong><\/li>\n\n\n\n<li><strong>Dost\u0119pne smaki<\/strong>: <strong>12 pysznych opcji<\/strong><\/li>\n\n\n\n<li><strong>Typ<\/strong>: <strong>Jednorazowego u\u017cytku<\/strong><\/li>\n<\/ul>\n\n\n\n<h3 class=\"wp-block-heading\"><strong>Wnioski<\/strong><\/h3>\n\n\n\n<p>The <strong>Vape Pen Bang Beach 22000 Puffs z wy\u015bwietlaczem LED<\/strong> oferuje idealn\u0105 r\u00f3wnowag\u0119 mi\u0119dzy wydajno\u015bci\u0105, smakiem i wygod\u0105. Dzi\u0119ki du\u017cej pojemno\u015bci e-liquidu, konfigurowalnym opcjom nikotyny i akumulatorowi, zosta\u0142 zaprojektowany, aby zapewni\u0107 d\u0142ugotrwa\u0142e doznania z waporyzacji. Wybierz sw\u00f3j smak, dostosuj moc nikotyny i ciesz si\u0119 g\u0142adkimi, aromatycznymi zaci\u0105gni\u0119ciami za ka\u017cdym razem.<\/p>\n\n\n\n<p><strong>Szukasz wi\u0119cej opcji waporyzacji premium? Odwied\u017a nasz\u0105 stron\u0119 <a href=\"https:\/\/vapemaison.com\">strona g\u0142\u00f3wna<\/a> aby zobaczy\u0107 najnowsze premiery, przejrzyj pe\u0142n\u0105 kolekcj\u0119 w naszej witrynie <a href=\"https:\/\/vapemaison.com\/shop\">sklep<\/a>, lub eksplorowa\u0107 inne urz\u0105dzenia z poziomu <a href=\"https:\/\/vapemaison.com\/brand\/bang\">Marka Bang<\/a>. Mo\u017cesz tak\u017ce cieszy\u0107 si\u0119 jednorazowymi produktami o du\u017cej pojemno\u015bci od <a href=\"https:\/\/vapemaison.com\/brand\/jnr\/\">JNR<\/a> lub sprawd\u017a wszystkie nasze <a href=\"https:\/\/vapemaison.com\/product-category\/puffs-count\/\">Urz\u0105dzenia Puffs<\/a> dla d\u0142ugotrwa\u0142ej satysfakcji.<\/strong><\/p>","protected":false},"excerpt":{"rendered":"<div id=\"model-response-message-contentr_4e64e8fee7e2056a\" class=\"markdown markdown-main-panel stronger enable-updated-hr-color\" dir=\"ltr\" aria-live=\"polite\" aria-busy=\"false\">\n<p data-path-to-node=\"0\">Ciesz si\u0119 22 000 zaci\u0105gni\u0119\u0107 i ogromnym zbiornikiem o pojemno\u015bci 36 ml z cewk\u0105 siatkow\u0105 1,0 i regulowanym przep\u0142ywem powietrza, aby uzyska\u0107 najlepsz\u0105 spersonalizowan\u0105 chmur\u0119. Monitoruj poziom baterii i e-cieczy w czasie rzeczywistym za pomoc\u0105 inteligentnego wy\u015bwietlacza LED - wybierz moc nikotyny ju\u017c teraz, aby zabezpieczy\u0107 ten model o du\u017cej pojemno\u015bci, gdy dost\u0119pne s\u0105 aktualne zapasy i szybka wysy\u0142ka.<\/p>\n<\/div>","protected":false},"featured_media":17275,"comment_status":"open","ping_status":"closed","template":"","meta":[],"product_brand":[57],"product_cat":[16],"product_tag":[],"class_list":{"0":"post-17271","1":"product","2":"type-product","3":"status-publish","4":"has-post-thumbnail","6":"product_brand-bang","7":"product_cat-uncategorized","9":"first","10":"instock","11":"sale","12":"shipping-taxable","13":"purchasable","14":"product-type-variable"},"yoast_head":"<!-- This site is optimized with the Yoast SEO plugin v27.4 - https:\/\/yoast.com\/product\/yoast-seo-wordpress\/ -->\n<title>Bang Beach 22k Puffs Vape Pen Disposable with LED Display - VapeMaison<\/title>\n<meta name=\"description\" content=\"Enjoy 22k puffs with the Bang Beach Vape Pen. 36ml e-liquid, adjustable airflow,and customizable nicotine strength for a longer, satisfying vape.\" \/>\n<meta name=\"robots\" content=\"index, follow, max-snippet:-1, max-image-preview:large, max-video-preview:-1\" \/>\n<link rel=\"canonical\" href=\"https:\/\/vapemaison.com\/pl\/produkt\/jednorazowe-pioro-vape-bang-beach-22k-puffs\/\" \/>\n<meta property=\"og:locale\" content=\"pl_PL\" \/>\n<meta property=\"og:type\" content=\"article\" \/>\n<meta property=\"og:title\" content=\"Bang Beach 22k Puffs Vape Pen Disposable with LED Display - VapeMaison\" \/>\n<meta property=\"og:description\" content=\"Enjoy 22k puffs with the Bang Beach Vape Pen. 36ml e-liquid, adjustable airflow,and customizable nicotine strength for a longer, satisfying vape.\" \/>\n<meta property=\"og:url\" content=\"https:\/\/vapemaison.com\/pl\/produkt\/jednorazowe-pioro-vape-bang-beach-22k-puffs\/\" \/>\n<meta property=\"og:site_name\" content=\"VapeMaison\" \/>\n<meta property=\"article:modified_time\" content=\"2025-12-22T09:24:32+00:00\" \/>\n<meta property=\"og:image\" content=\"https:\/\/vapemaison.com\/wp-content\/uploads\/2025\/12\/bang-beach-22000-puff-vapes-mixed-berry.webp\" \/>\n\t<meta property=\"og:image:width\" content=\"1500\" \/>\n\t<meta property=\"og:image:height\" content=\"1500\" \/>\n\t<meta property=\"og:image:type\" content=\"image\/webp\" \/>\n<meta name=\"twitter:card\" content=\"summary_large_image\" \/>\n<meta name=\"twitter:label1\" content=\"Szacowany czas czytania\" \/>\n\t<meta name=\"twitter:data1\" content=\"2 minuty\" \/>\n<!-- \/ Yoast SEO plugin. -->","yoast_head_json":{"title":"Bang Beach 22k Puffs Vape Pen jednorazowy z wy\u015bwietlaczem LED - VapeMaison","description":"Ciesz si\u0119 22 tysi\u0105cami zaci\u0105gni\u0119\u0107 dzi\u0119ki Bang Beach Vape Pen. 36 ml e-liquidu, regulowany przep\u0142yw powietrza i dostosowywana moc nikotyny dla d\u0142u\u017cszego, satysfakcjonuj\u0105cego wapowania.","robots":{"index":"index","follow":"follow","max-snippet":"max-snippet:-1","max-image-preview":"max-image-preview:large","max-video-preview":"max-video-preview:-1"},"canonical":"https:\/\/vapemaison.com\/pl\/produkt\/jednorazowe-pioro-vape-bang-beach-22k-puffs\/","og_locale":"pl_PL","og_type":"article","og_title":"Bang Beach 22k Puffs Vape Pen Disposable with LED Display - VapeMaison","og_description":"Enjoy 22k puffs with the Bang Beach Vape Pen. 36ml e-liquid, adjustable airflow,and customizable nicotine strength for a longer, satisfying vape.","og_url":"https:\/\/vapemaison.com\/pl\/produkt\/jednorazowe-pioro-vape-bang-beach-22k-puffs\/","og_site_name":"VapeMaison","article_modified_time":"2025-12-22T09:24:32+00:00","og_image":[{"width":1500,"height":1500,"url":"https:\/\/vapemaison.com\/wp-content\/uploads\/2025\/12\/bang-beach-22000-puff-vapes-mixed-berry.webp","type":"image\/webp"}],"twitter_card":"summary_large_image","twitter_misc":{"Szacowany czas czytania":"2 minuty"},"schema":{"@context":"https:\/\/schema.org","@graph":[{"@type":"WebPage","@id":"https:\/\/vapemaison.com\/product\/bang-beach-22k-puffs-vape-pen-disposable\/","url":"https:\/\/vapemaison.com\/product\/bang-beach-22k-puffs-vape-pen-disposable\/","name":"Bang Beach 22k Puffs Vape Pen jednorazowy z wy\u015bwietlaczem LED - VapeMaison","isPartOf":{"@id":"https:\/\/vapemaison.com\/#website"},"primaryImageOfPage":{"@id":"https:\/\/vapemaison.com\/product\/bang-beach-22k-puffs-vape-pen-disposable\/#primaryimage"},"image":{"@id":"https:\/\/vapemaison.com\/product\/bang-beach-22k-puffs-vape-pen-disposable\/#primaryimage"},"thumbnailUrl":"https:\/\/vapemaison.com\/wp-content\/uploads\/2025\/12\/bang-beach-22000-puff-vapes-mixed-berry.webp","datePublished":"2025-12-12T03:21:20+00:00","dateModified":"2025-12-22T09:24:32+00:00","description":"Ciesz si\u0119 22 tysi\u0105cami zaci\u0105gni\u0119\u0107 dzi\u0119ki Bang Beach Vape Pen. 36 ml e-liquidu, regulowany przep\u0142yw powietrza i dostosowywana moc nikotyny dla d\u0142u\u017cszego, satysfakcjonuj\u0105cego wapowania.","breadcrumb":{"@id":"https:\/\/vapemaison.com\/product\/bang-beach-22k-puffs-vape-pen-disposable\/#breadcrumb"},"inLanguage":"pl-PL","potentialAction":[{"@type":"ReadAction","target":["https:\/\/vapemaison.com\/product\/bang-beach-22k-puffs-vape-pen-disposable\/"]}]},{"@type":"ImageObject","inLanguage":"pl-PL","@id":"https:\/\/vapemaison.com\/product\/bang-beach-22k-puffs-vape-pen-disposable\/#primaryimage","url":"https:\/\/vapemaison.com\/wp-content\/uploads\/2025\/12\/bang-beach-22000-puff-vapes-mixed-berry.webp","contentUrl":"https:\/\/vapemaison.com\/wp-content\/uploads\/2025\/12\/bang-beach-22000-puff-vapes-mixed-berry.webp","width":1500,"height":1500,"caption":"bang-beach-22000-puff-vapes-mixed-berry"},{"@type":"BreadcrumbList","@id":"https:\/\/vapemaison.com\/product\/bang-beach-22k-puffs-vape-pen-disposable\/#breadcrumb","itemListElement":[{"@type":"ListItem","position":1,"name":"\u9996\u9875","item":"https:\/\/vapemaison.com\/"},{"@type":"ListItem","position":2,"name":"Shop","item":"https:\/\/vapemaison.com\/shop\/"},{"@type":"ListItem","position":3,"name":"Bang","item":"https:\/\/vapemaison.com\/brand\/bang\/"},{"@type":"ListItem","position":4,"name":"Bang Beach 22k Puffs LED Display Disposable Vape"}]},{"@type":"WebSite","@id":"https:\/\/vapemaison.com\/#website","url":"https:\/\/vapemaison.com\/","name":"VapeMaison","description":"Wysokiej jako\u015bci urz\u0105dzenia i akcesoria do waporyzacji","publisher":{"@id":"https:\/\/vapemaison.com\/#organization"},"potentialAction":[{"@type":"SearchAction","target":{"@type":"EntryPoint","urlTemplate":"https:\/\/vapemaison.com\/?s={search_term_string}"},"query-input":{"@type":"PropertyValueSpecification","valueRequired":true,"valueName":"search_term_string"}}],"inLanguage":"pl-PL"},{"@type":"Organization","@id":"https:\/\/vapemaison.com\/#organization","name":"VapeMaison","url":"https:\/\/vapemaison.com\/","logo":{"@type":"ImageObject","inLanguage":"pl-PL","@id":"https:\/\/vapemaison.com\/#\/schema\/logo\/image\/","url":"https:\/\/vapemaison.com\/wp-content\/uploads\/2026\/01\/cropped-vapemaison-logo-g-2026.webp","contentUrl":"https:\/\/vapemaison.com\/wp-content\/uploads\/2026\/01\/cropped-vapemaison-logo-g-2026.webp","width":350,"height":280,"caption":"VapeMaison"},"image":{"@id":"https:\/\/vapemaison.com\/#\/schema\/logo\/image\/"},"sameAs":["https:\/\/www.youtube.com\/@VapeMaison"]}]}},"tiered_pricing_type":"fixed","tiered_pricing_fixed_rules":{"30":"9.99","50":"9.42","100":"8.85","200":"8.21"},"tiered_pricing_product_settings":{"layout":"default","base_unit_name":{"singular":null,"plural":null},"default_variation":null},"tiered_pricing_minimum_quantity":10,"tiered_pricing_roles_data":[],"tiered_pricing_percentage_rules":[],"tiered_pricing_maximum_quantity":null,"tiered_pricing_quantity_step":"10","_links":{"self":[{"href":"https:\/\/vapemaison.com\/pl\/wp-json\/wp\/v2\/product\/17271","targetHints":{"allow":["GET"]}}],"collection":[{"href":"https:\/\/vapemaison.com\/pl\/wp-json\/wp\/v2\/product"}],"about":[{"href":"https:\/\/vapemaison.com\/pl\/wp-json\/wp\/v2\/types\/product"}],"replies":[{"embeddable":true,"href":"https:\/\/vapemaison.com\/pl\/wp-json\/wp\/v2\/comments?post=17271"}],"version-history":[{"count":0,"href":"https:\/\/vapemaison.com\/pl\/wp-json\/wp\/v2\/product\/17271\/revisions"}],"wp:featuredmedia":[{"embeddable":true,"href":"https:\/\/vapemaison.com\/pl\/wp-json\/wp\/v2\/media\/17275"}],"wp:attachment":[{"href":"https:\/\/vapemaison.com\/pl\/wp-json\/wp\/v2\/media?parent=17271"}],"wp:term":[{"taxonomy":"product_brand","embeddable":true,"href":"https:\/\/vapemaison.com\/pl\/wp-json\/wp\/v2\/product_brand?post=17271"},{"taxonomy":"product_cat","embeddable":true,"href":"https:\/\/vapemaison.com\/pl\/wp-json\/wp\/v2\/product_cat?post=17271"},{"taxonomy":"product_tag","embeddable":true,"href":"https:\/\/vapemaison.com\/pl\/wp-json\/wp\/v2\/product_tag?post=17271"}],"curies":[{"name":"wp","href":"https:\/\/api.w.org\/{rel}","templated":true}]}}