

{"id":17293,"date":"2025-12-12T03:46:36","date_gmt":"2025-12-12T03:46:36","guid":{"rendered":"https:\/\/vapemaison.com\/?post_type=product&#038;p=17293"},"modified":"2025-12-22T09:23:53","modified_gmt":"2025-12-22T09:23:53","slug":"bang-crown-bar-18000-puffow-jednorazowe-vape","status":"publish","type":"product","link":"https:\/\/vapemaison.com\/pl\/product\/bang-crown-bar-18000-puffs-disposable-vape\/","title":{"rendered":"Bang Crown Bar 18000 Puffs 0% 2% 3% 5% Nikotynowy jednorazowy Vape"},"content":{"rendered":"<p>The <strong>Bang Crown Bar 18000 Puffs<\/strong> Jednorazowy Vape Pen oferuje do <strong>18 000 zaci\u0105gni\u0119\u0107<\/strong> dla d\u0142u\u017cszego i satysfakcjonuj\u0105cego do\u015bwiadczenia z waporyzacji. Posiada <strong>Wst\u0119pnie nape\u0142niony wk\u0142ad e-liquidu o pojemno\u015bci 20 ml<\/strong> oraz <strong>Akumulator o pojemno\u015bci 650 mAh<\/strong> z \u0142adowaniem typu C dla wygody. Dostosuj swoje doznania dzi\u0119ki nikotynie o mocy <strong>0%, 2%, 3% i 5% S\u00f3l nikotynowa<\/strong>, i ciesz si\u0119 g\u0142adk\u0105, aromatyczn\u0105 par\u0105 dzi\u0119ki <strong>Cewka siatkowa 0,6ohm<\/strong> oraz <strong>regulowany przep\u0142yw powietrza<\/strong>. Z <strong>16 unikalnych smak\u00f3w<\/strong>, Bang CrownBar ma co\u015b dla ka\u017cdego podniebienia.<\/p>\n\n\n\n<h3 class=\"wp-block-heading\"><strong>Kluczowe cechy<\/strong><\/h3>\n\n\n\n<ul class=\"wp-block-list\">\n<li><strong>Puffy<\/strong>: Do <strong>18 000 zaci\u0105gni\u0119\u0107<\/strong><\/li>\n\n\n\n<li><strong>Pojemno\u015b\u0107 e-liquidu<\/strong>: <strong>Wst\u0119pnie nape\u0142niony 20 ml<\/strong><\/li>\n\n\n\n<li><strong>Opcje nikotyny<\/strong>: <strong>0%, 2%, 3%, 5% S\u00f3l nikotynowa<\/strong><\/li>\n\n\n\n<li><strong>Bateria<\/strong>: <strong>650 mAh<\/strong> akumulator, port typu C<\/li>\n\n\n\n<li><strong>Cewka<\/strong>: <strong>Cewka siatkowa 0,6ohm<\/strong> z <strong>regulowany przep\u0142yw powietrza<\/strong><\/li>\n\n\n\n<li><strong>Smaki<\/strong>: <strong>16 r\u00f3\u017cnorodnych opcji<\/strong><\/li>\n<\/ul>\n\n\n\n<h3 class=\"wp-block-heading\">Bang Crown Bar <strong>Lista smak\u00f3w<\/strong><\/h3>\n\n\n\n<ul class=\"wp-block-list\">\n<li>Brzoskwinia Mango<\/li>\n\n\n\n<li>Kwa\u015bne jab\u0142ko<\/li>\n\n\n\n<li>Winogrono<\/li>\n\n\n\n<li>Tygrysia Krew<\/li>\n\n\n\n<li>Bor\u00f3wka Malina<\/li>\n\n\n\n<li>Winogrona jagodowe<\/li>\n\n\n\n<li>Owoce mieszane<\/li>\n\n\n\n<li>Arbuz truskawkowy<\/li>\n\n\n\n<li>Truskawka Kiwi<\/li>\n\n\n\n<li>Mango truskawkowe<\/li>\n\n\n\n<li>Ananas Kokos<\/li>\n\n\n\n<li>Mi\u0119towy l\u00f3d<\/li>\n\n\n\n<li>Arbuz<\/li>\n\n\n\n<li>L\u00f3d jagodowy<\/li>\n\n\n\n<li>L\u00f3d brzoskwiniowy<\/li>\n\n\n\n<li>Arbuzowa guma balonowa<\/li>\n<\/ul>\n\n\n\n<p>Szukasz wi\u0119cej opcji waporyzacji premium? Odwied\u017a nasz\u0105 stron\u0119 <a href=\"https:\/\/vapemaison.com\">strona g\u0142\u00f3wna<\/a> aby zobaczy\u0107 najnowsze premiery, przejrzyj pe\u0142n\u0105 kolekcj\u0119 w naszej witrynie <a href=\"https:\/\/vapemaison.com\/shop\">sklep<\/a>, lub eksplorowa\u0107 inne urz\u0105dzenia z poziomu <a href=\"https:\/\/vapemaison.com\/brand\/bang\">Marka Bang<\/a>. Mo\u017cesz tak\u017ce cieszy\u0107 si\u0119 jednorazowymi produktami o du\u017cej pojemno\u015bci od <a href=\"https:\/\/vapemaison.com\/brand\/jnr\/\">JNR<\/a> lub sprawd\u017a wszystkie nasze <a href=\"https:\/\/vapemaison.com\/product-category\/puffs-count\/\">Urz\u0105dzenia Puffs<\/a> dla d\u0142ugotrwa\u0142ej satysfakcji.<\/p>\n\n\n\n<p><\/p>","protected":false},"excerpt":{"rendered":"<p><span class=\"\">Do\u015bwiadczenie 18,<\/span><span class=\"\">000 puff\u00f3w premium z 0.<\/span>Siatkowa cewka 6ohm i regulowany przep\u0142yw powietrza zapewniaj\u0105 doskona\u0142\u0105 kontrol\u0119 smaku i g\u0142adk\u0105 par\u0119. Dzi\u0119ki 20 ml e-liquidu i szybko \u0142aduj\u0105cemu si\u0119 portowi Type-C, urz\u0105dzenie to zosta\u0142o stworzone z my\u015bl\u0105 o maksymalnej wytrzyma\u0142o\u015bci - zam\u00f3w ju\u017c dzi\u015b, aby zabezpieczy\u0107 sw\u00f3j ulubiony smak i skorzysta\u0107 z naszej aktualnej gwarancji szybkiej wysy\u0142ki.<\/p>","protected":false},"featured_media":17298,"comment_status":"open","ping_status":"closed","template":"","meta":[],"product_brand":[57],"product_cat":[175],"product_tag":[],"class_list":{"0":"post-17293","1":"product","2":"type-product","3":"status-publish","4":"has-post-thumbnail","6":"product_brand-bang","7":"product_cat-18k-puffs","9":"first","10":"instock","11":"sale","12":"shipping-taxable","13":"purchasable","14":"product-type-variable"},"yoast_head":"<!-- This site is optimized with the Yoast SEO plugin v27.4 - https:\/\/yoast.com\/product\/yoast-seo-wordpress\/ -->\n<title>Bang Crown Bar 18000 Puffs Disposable Vape Flavorful Vaping - VapeMaison<\/title>\n<meta name=\"description\" content=\"Enjoy 18000 puffs with the Bang Crown Bar Vape,and 16 flavors. Customize your nicotine level and vape longer with its rechargeable battery.\" \/>\n<meta name=\"robots\" content=\"index, follow, max-snippet:-1, max-image-preview:large, max-video-preview:-1\" \/>\n<link rel=\"canonical\" href=\"https:\/\/vapemaison.com\/pl\/produkt\/bang-crown-bar-18000-puffow-jednorazowe-vape\/\" \/>\n<meta property=\"og:locale\" content=\"pl_PL\" \/>\n<meta property=\"og:type\" content=\"article\" \/>\n<meta property=\"og:title\" content=\"Bang Crown Bar 18000 Puffs Disposable Vape Flavorful Vaping - VapeMaison\" \/>\n<meta property=\"og:description\" content=\"Enjoy 18000 puffs with the Bang Crown Bar Vape,and 16 flavors. Customize your nicotine level and vape longer with its rechargeable battery.\" \/>\n<meta property=\"og:url\" content=\"https:\/\/vapemaison.com\/pl\/produkt\/bang-crown-bar-18000-puffow-jednorazowe-vape\/\" \/>\n<meta property=\"og:site_name\" content=\"VapeMaison\" \/>\n<meta property=\"article:modified_time\" content=\"2025-12-22T09:23:53+00:00\" \/>\n<meta property=\"og:image\" content=\"https:\/\/vapemaison.com\/wp-content\/uploads\/2025\/12\/vape-bang-crown-bar-18000-puff-5.webp\" \/>\n\t<meta property=\"og:image:width\" content=\"654\" \/>\n\t<meta property=\"og:image:height\" content=\"690\" \/>\n\t<meta property=\"og:image:type\" content=\"image\/webp\" \/>\n<meta name=\"twitter:card\" content=\"summary_large_image\" \/>\n<meta name=\"twitter:label1\" content=\"Szacowany czas czytania\" \/>\n\t<meta name=\"twitter:data1\" content=\"2 minuty\" \/>\n<!-- \/ Yoast SEO plugin. -->","yoast_head_json":{"title":"Bang Crown Bar 18000 Puffs Jednorazowy Vape Smakowy Vaping - VapeMaison","description":"Ciesz si\u0119 18000 zaci\u0105gni\u0119\u0107 z Bang Crown Bar Vape i 16 smakami. Dostosuj poziom nikotyny i wapuj d\u0142u\u017cej dzi\u0119ki akumulatorowi.","robots":{"index":"index","follow":"follow","max-snippet":"max-snippet:-1","max-image-preview":"max-image-preview:large","max-video-preview":"max-video-preview:-1"},"canonical":"https:\/\/vapemaison.com\/pl\/produkt\/bang-crown-bar-18000-puffow-jednorazowe-vape\/","og_locale":"pl_PL","og_type":"article","og_title":"Bang Crown Bar 18000 Puffs Disposable Vape Flavorful Vaping - VapeMaison","og_description":"Enjoy 18000 puffs with the Bang Crown Bar Vape,and 16 flavors. Customize your nicotine level and vape longer with its rechargeable battery.","og_url":"https:\/\/vapemaison.com\/pl\/produkt\/bang-crown-bar-18000-puffow-jednorazowe-vape\/","og_site_name":"VapeMaison","article_modified_time":"2025-12-22T09:23:53+00:00","og_image":[{"width":654,"height":690,"url":"https:\/\/vapemaison.com\/wp-content\/uploads\/2025\/12\/vape-bang-crown-bar-18000-puff-5.webp","type":"image\/webp"}],"twitter_card":"summary_large_image","twitter_misc":{"Szacowany czas czytania":"2 minuty"},"schema":{"@context":"https:\/\/schema.org","@graph":[{"@type":"WebPage","@id":"https:\/\/vapemaison.com\/product\/bang-crown-bar-18000-puffs-disposable-vape\/","url":"https:\/\/vapemaison.com\/product\/bang-crown-bar-18000-puffs-disposable-vape\/","name":"Bang Crown Bar 18000 Puffs Jednorazowy Vape Smakowy Vaping - VapeMaison","isPartOf":{"@id":"https:\/\/vapemaison.com\/#website"},"primaryImageOfPage":{"@id":"https:\/\/vapemaison.com\/product\/bang-crown-bar-18000-puffs-disposable-vape\/#primaryimage"},"image":{"@id":"https:\/\/vapemaison.com\/product\/bang-crown-bar-18000-puffs-disposable-vape\/#primaryimage"},"thumbnailUrl":"https:\/\/vapemaison.com\/wp-content\/uploads\/2025\/12\/vape-bang-crown-bar-18000-puff-5.webp","datePublished":"2025-12-12T03:46:36+00:00","dateModified":"2025-12-22T09:23:53+00:00","description":"Ciesz si\u0119 18000 zaci\u0105gni\u0119\u0107 z Bang Crown Bar Vape i 16 smakami. Dostosuj poziom nikotyny i wapuj d\u0142u\u017cej dzi\u0119ki akumulatorowi.","breadcrumb":{"@id":"https:\/\/vapemaison.com\/product\/bang-crown-bar-18000-puffs-disposable-vape\/#breadcrumb"},"inLanguage":"pl-PL","potentialAction":[{"@type":"ReadAction","target":["https:\/\/vapemaison.com\/product\/bang-crown-bar-18000-puffs-disposable-vape\/"]}]},{"@type":"ImageObject","inLanguage":"pl-PL","@id":"https:\/\/vapemaison.com\/product\/bang-crown-bar-18000-puffs-disposable-vape\/#primaryimage","url":"https:\/\/vapemaison.com\/wp-content\/uploads\/2025\/12\/vape-bang-crown-bar-18000-puff-5.webp","contentUrl":"https:\/\/vapemaison.com\/wp-content\/uploads\/2025\/12\/vape-bang-crown-bar-18000-puff-5.webp","width":654,"height":690,"caption":"Vape Bang Crown Bar Puff detail 2"},{"@type":"BreadcrumbList","@id":"https:\/\/vapemaison.com\/product\/bang-crown-bar-18000-puffs-disposable-vape\/#breadcrumb","itemListElement":[{"@type":"ListItem","position":1,"name":"\u9996\u9875","item":"https:\/\/vapemaison.com\/"},{"@type":"ListItem","position":2,"name":"Shop","item":"https:\/\/vapemaison.com\/shop\/"},{"@type":"ListItem","position":3,"name":"Bang","item":"https:\/\/vapemaison.com\/brand\/bang\/"},{"@type":"ListItem","position":4,"name":"Bang Crown Bar 18000 Puffs 0% 2% 3% 5% Nicotine Disposable Vape"}]},{"@type":"WebSite","@id":"https:\/\/vapemaison.com\/#website","url":"https:\/\/vapemaison.com\/","name":"VapeMaison","description":"Wysokiej jako\u015bci urz\u0105dzenia i akcesoria do waporyzacji","publisher":{"@id":"https:\/\/vapemaison.com\/#organization"},"potentialAction":[{"@type":"SearchAction","target":{"@type":"EntryPoint","urlTemplate":"https:\/\/vapemaison.com\/?s={search_term_string}"},"query-input":{"@type":"PropertyValueSpecification","valueRequired":true,"valueName":"search_term_string"}}],"inLanguage":"pl-PL"},{"@type":"Organization","@id":"https:\/\/vapemaison.com\/#organization","name":"VapeMaison","url":"https:\/\/vapemaison.com\/","logo":{"@type":"ImageObject","inLanguage":"pl-PL","@id":"https:\/\/vapemaison.com\/#\/schema\/logo\/image\/","url":"https:\/\/vapemaison.com\/wp-content\/uploads\/2026\/01\/cropped-vapemaison-logo-g-2026.webp","contentUrl":"https:\/\/vapemaison.com\/wp-content\/uploads\/2026\/01\/cropped-vapemaison-logo-g-2026.webp","width":350,"height":280,"caption":"VapeMaison"},"image":{"@id":"https:\/\/vapemaison.com\/#\/schema\/logo\/image\/"},"sameAs":["https:\/\/www.youtube.com\/@VapeMaison"]}]}},"tiered_pricing_type":"fixed","tiered_pricing_fixed_rules":{"30":"7.99","50":"7.36","100":"6.87","200":"9.24"},"tiered_pricing_product_settings":{"layout":"default","base_unit_name":{"singular":null,"plural":null},"default_variation":null},"tiered_pricing_minimum_quantity":10,"tiered_pricing_roles_data":[],"tiered_pricing_percentage_rules":[],"tiered_pricing_maximum_quantity":null,"tiered_pricing_quantity_step":"10","_links":{"self":[{"href":"https:\/\/vapemaison.com\/pl\/wp-json\/wp\/v2\/product\/17293","targetHints":{"allow":["GET"]}}],"collection":[{"href":"https:\/\/vapemaison.com\/pl\/wp-json\/wp\/v2\/product"}],"about":[{"href":"https:\/\/vapemaison.com\/pl\/wp-json\/wp\/v2\/types\/product"}],"replies":[{"embeddable":true,"href":"https:\/\/vapemaison.com\/pl\/wp-json\/wp\/v2\/comments?post=17293"}],"version-history":[{"count":0,"href":"https:\/\/vapemaison.com\/pl\/wp-json\/wp\/v2\/product\/17293\/revisions"}],"wp:featuredmedia":[{"embeddable":true,"href":"https:\/\/vapemaison.com\/pl\/wp-json\/wp\/v2\/media\/17298"}],"wp:attachment":[{"href":"https:\/\/vapemaison.com\/pl\/wp-json\/wp\/v2\/media?parent=17293"}],"wp:term":[{"taxonomy":"product_brand","embeddable":true,"href":"https:\/\/vapemaison.com\/pl\/wp-json\/wp\/v2\/product_brand?post=17293"},{"taxonomy":"product_cat","embeddable":true,"href":"https:\/\/vapemaison.com\/pl\/wp-json\/wp\/v2\/product_cat?post=17293"},{"taxonomy":"product_tag","embeddable":true,"href":"https:\/\/vapemaison.com\/pl\/wp-json\/wp\/v2\/product_tag?post=17293"}],"curies":[{"name":"wp","href":"https:\/\/api.w.org\/{rel}","templated":true}]}}