

{"id":17356,"date":"2025-12-12T05:54:19","date_gmt":"2025-12-12T05:54:19","guid":{"rendered":"https:\/\/vapemaison.com\/?post_type=product&#038;p=17356"},"modified":"2026-02-10T09:20:49","modified_gmt":"2026-02-10T09:20:49","slug":"bang-30000-puffow-jednorazowy-vape-o-podwojnym-smaku","status":"publish","type":"product","link":"https:\/\/vapemaison.com\/pl\/product\/bang-30000-puffs-double-taste-disposable-vape\/","title":{"rendered":"Bang 30000 30k Puffs 0%% 3% 5% Ncotine Disposable Vap"},"content":{"rendered":"<p>The <strong>Bang 30000 Puffs Podw\u00f3jny Smak Jednorazowy Vape<\/strong> oferuje najwy\u017cszej jako\u015bci doznania podczas waporyzacji z maksymalnie <strong>30000 zaci\u0105gni\u0119\u0107<\/strong>. Wyposa\u017cony w <strong>Pojemno\u015b\u0107 36 ml e-liquidu<\/strong> oraz <strong>Cewka siatkowa 1,0ohm<\/strong>, To urz\u0105dzenie zapewnia g\u0142adk\u0105, sp\u00f3jn\u0105 par\u0119 o ulepszonym smaku. Do wyboru <strong>0%, 2%, 3% lub 5% nikotyna<\/strong> dla spersonalizowanego do\u015bwiadczenia. The <strong>Akumulator o pojemno\u015bci 550 mAh<\/strong> oraz <strong>\u0141adowanie typu C<\/strong> zapewniaj\u0105 wydajne zasilanie i szybkie \u0142adowanie, minimalizuj\u0105c przestoje. Jego <strong>Cyfrowy wy\u015bwietlacz LCD<\/strong> na bie\u017c\u0105co informuje o poziomie baterii i e-cieczy, podczas gdy <strong>Podw\u00f3jny smak<\/strong> Funkcja pozwala prze\u0142\u0105cza\u0107 si\u0119 mi\u0119dzy dwoma ekscytuj\u0105cymi smakami, dzi\u0119ki czemu ka\u017cda sesja jest wyj\u0105tkowa.<\/p>\n\n\n\n<h3 class=\"wp-block-heading\">Bang 30000 <strong>Kluczowe cechy<\/strong><\/h3>\n\n\n\n<ul class=\"wp-block-list\">\n<li><strong>Pojemno\u015b\u0107 e-liquidu<\/strong>: <strong>Wst\u0119pnie nape\u0142niony 36 ml<\/strong><\/li>\n\n\n\n<li><strong>Opcje nikotyny<\/strong>: <strong>2%, 3%, 5% Nikotyna<\/strong><\/li>\n\n\n\n<li><strong>Cewka<\/strong>: <strong>Cewka siatkowa 1,0ohm<\/strong> dla g\u0142adkiej pary<\/li>\n\n\n\n<li><strong>Bateria<\/strong>: <strong>Akumulator o pojemno\u015bci 550 mAh<\/strong>, port typu C<\/li>\n\n\n\n<li><strong>Wy\u015bwietlacz<\/strong>: <strong>Cyfrowy wy\u015bwietlacz LCD<\/strong> dla stanu baterii i e-cieczy<\/li>\n\n\n\n<li><strong>Podw\u00f3jny smak<\/strong>: Prze\u0142\u0105czanie mi\u0119dzy dwoma smakami<\/li>\n<\/ul>\n\n\n\n<h3 class=\"wp-block-heading\"><strong>Lista smak\u00f3w<\/strong><\/h3>\n\n\n\n<ul class=\"wp-block-list\">\n<li>Arbuzowy l\u00f3d i jagodowa mi\u0119ta<\/li>\n\n\n\n<li>Arbuzowy l\u00f3d i truskawkowe mango<\/li>\n\n\n\n<li>Truskawka, arbuz i kiwi, marakuja, guawa<\/li>\n\n\n\n<li>Truskawkowy arbuz i l\u00f3d winogronowy<\/li>\n\n\n\n<li>Blueberry Ice i Black Dragon Ice<\/li>\n\n\n\n<li>L\u00f3d jagodowy i banan truskawkowy<\/li>\n\n\n\n<li>Red Bull i arbuz jagodowy<\/li>\n\n\n\n<li>Red Bull i arbuzowe cukierki b\u0105belkowe<\/li>\n\n\n\n<li>Jagoda Malina &amp; Brzoskwinia Mango Arbuz<\/li>\n\n\n\n<li>Bor\u00f3wka, malina i mieszanka owoc\u00f3w ple\u015bniowych<\/li>\n\n\n\n<li>L\u00f3d truskawkowo-kiwiowo-brzoskwiniowy<\/li>\n\n\n\n<li>Truskawka Kiwi &amp; Kwa\u015bne Jab\u0142ko Malina<\/li>\n<\/ul>\n\n\n\n<p>Fani produkt\u00f3w Bang cz\u0119sto eksploruj\u0105 nasz\u0105 pe\u0142n\u0105 ofert\u0119, aby znale\u017a\u0107 sw\u00f3j idealny waporyzator. Zacznij od <a href=\"https:\/\/vapemaison.com\">strona g\u0142\u00f3wna<\/a>, odkryj wszystkie produkty w naszym <a href=\"https:\/\/vapemaison.com\/shop\">sklep<\/a>, lub zanurzy\u0107 si\u0119 w <a href=\"https:\/\/vapemaison.com\/brand\/bang\">Marka Bang<\/a> aby zobaczy\u0107 pe\u0142n\u0105 ofert\u0119. Szukasz czego\u015b innego? Nasz <a href=\"https:\/\/vapemaison.com\/brand\/waspe\">Kolekcja WASPE<\/a> oraz <a href=\"https:\/\/vapemaison.com\/product-category\/puffs-count\/\">Kategoria Puffy<\/a> maj\u0105 wiele opcji dla ka\u017cdego wapera.<\/p>","protected":false},"excerpt":{"rendered":"<p>Do\u015bwiadcz nowego standardu wytrzyma\u0142o\u015bci dzi\u0119ki niewiarygodnej pojemno\u015bci 30 000 zaci\u0105gni\u0119\u0107 i zbiornikowi o du\u017cej pojemno\u015bci zaprojektowanemu z my\u015bl\u0105 o d\u0142ugotrwa\u0142ej, bezproblemowej satysfakcji. Dost\u0119pny w wielu mocach nikotyny, aby dopasowa\u0107 si\u0119 do twoich preferencji, ten powerhouse zapewnia sp\u00f3jny smak od pierwszego do ostatniego zaci\u0105gni\u0119cia - zam\u00f3w teraz, aby zablokowa\u0107 nasze ograniczone czasowo ceny i szybk\u0105 wysy\u0142k\u0119.<\/p>\n<p>&nbsp;<\/p>","protected":false},"featured_media":17360,"comment_status":"open","ping_status":"closed","template":"","meta":[],"product_brand":[57],"product_cat":[134],"product_tag":[],"class_list":{"0":"post-17356","1":"product","2":"type-product","3":"status-publish","4":"has-post-thumbnail","6":"product_brand-bang","7":"product_cat-30k-puffs","9":"first","10":"instock","11":"sale","12":"shipping-taxable","13":"purchasable","14":"product-type-variable"},"yoast_head":"<!-- This site is optimized with the Yoast SEO plugin v27.4 - https:\/\/yoast.com\/product\/yoast-seo-wordpress\/ -->\n<title>Bang 30000 Puffs Double Taste Disposable Vape | LCD Display - VapeMaison<\/title>\n<meta name=\"description\" content=\"Enjoy 30000 puffs with the Bang 30000 Vape. Featuring a dual-flavor system. Customize your nicotine and vape longer with a rechargeable battery.\" \/>\n<meta name=\"robots\" content=\"index, follow, max-snippet:-1, max-image-preview:large, max-video-preview:-1\" \/>\n<link rel=\"canonical\" href=\"https:\/\/vapemaison.com\/pl\/produkt\/bang-30000-puffow-jednorazowy-vape-o-podwojnym-smaku\/\" \/>\n<meta property=\"og:locale\" content=\"pl_PL\" \/>\n<meta property=\"og:type\" content=\"article\" \/>\n<meta property=\"og:title\" content=\"Bang 30000 Puffs Double Taste Disposable Vape | LCD Display - VapeMaison\" \/>\n<meta property=\"og:description\" content=\"Enjoy 30000 puffs with the Bang 30000 Vape. Featuring a dual-flavor system. Customize your nicotine and vape longer with a rechargeable battery.\" \/>\n<meta property=\"og:url\" content=\"https:\/\/vapemaison.com\/pl\/produkt\/bang-30000-puffow-jednorazowy-vape-o-podwojnym-smaku\/\" \/>\n<meta property=\"og:site_name\" content=\"VapeMaison\" \/>\n<meta property=\"article:modified_time\" content=\"2026-02-10T09:20:49+00:00\" \/>\n<meta property=\"og:image\" content=\"https:\/\/vapemaison.com\/wp-content\/uploads\/2025\/12\/vape-bang-king-30k-30000-puffs-main-image.jpg.webp\" \/>\n\t<meta property=\"og:image:width\" content=\"1000\" \/>\n\t<meta property=\"og:image:height\" content=\"1000\" \/>\n\t<meta property=\"og:image:type\" content=\"image\/webp\" \/>\n<meta name=\"twitter:card\" content=\"summary_large_image\" \/>\n<meta name=\"twitter:label1\" content=\"Szacowany czas czytania\" \/>\n\t<meta name=\"twitter:data1\" content=\"2 minuty\" \/>\n<!-- \/ Yoast SEO plugin. -->","yoast_head_json":{"title":"Bang 30000 Puffs Double Taste Jednorazowy Vape | Wy\u015bwietlacz LCD - VapeMaison","description":"Ciesz si\u0119 30000 zaci\u0105gni\u0119ciami dzi\u0119ki Bang 30000 Vape. Wyposa\u017cony w system dw\u00f3ch smak\u00f3w. Dostosuj nikotyn\u0119 i wapuj d\u0142u\u017cej dzi\u0119ki akumulatorowi.","robots":{"index":"index","follow":"follow","max-snippet":"max-snippet:-1","max-image-preview":"max-image-preview:large","max-video-preview":"max-video-preview:-1"},"canonical":"https:\/\/vapemaison.com\/pl\/produkt\/bang-30000-puffow-jednorazowy-vape-o-podwojnym-smaku\/","og_locale":"pl_PL","og_type":"article","og_title":"Bang 30000 Puffs Double Taste Disposable Vape | LCD Display - VapeMaison","og_description":"Enjoy 30000 puffs with the Bang 30000 Vape. Featuring a dual-flavor system. Customize your nicotine and vape longer with a rechargeable battery.","og_url":"https:\/\/vapemaison.com\/pl\/produkt\/bang-30000-puffow-jednorazowy-vape-o-podwojnym-smaku\/","og_site_name":"VapeMaison","article_modified_time":"2026-02-10T09:20:49+00:00","og_image":[{"width":1000,"height":1000,"url":"https:\/\/vapemaison.com\/wp-content\/uploads\/2025\/12\/vape-bang-king-30k-30000-puffs-main-image.jpg.webp","type":"image\/webp"}],"twitter_card":"summary_large_image","twitter_misc":{"Szacowany czas czytania":"2 minuty"},"schema":{"@context":"https:\/\/schema.org","@graph":[{"@type":"WebPage","@id":"https:\/\/vapemaison.com\/product\/bang-30000-puffs-double-taste-disposable-vape\/","url":"https:\/\/vapemaison.com\/product\/bang-30000-puffs-double-taste-disposable-vape\/","name":"Bang 30000 Puffs Double Taste Jednorazowy Vape | Wy\u015bwietlacz LCD - VapeMaison","isPartOf":{"@id":"https:\/\/vapemaison.com\/#website"},"primaryImageOfPage":{"@id":"https:\/\/vapemaison.com\/product\/bang-30000-puffs-double-taste-disposable-vape\/#primaryimage"},"image":{"@id":"https:\/\/vapemaison.com\/product\/bang-30000-puffs-double-taste-disposable-vape\/#primaryimage"},"thumbnailUrl":"https:\/\/vapemaison.com\/wp-content\/uploads\/2025\/12\/vape-bang-king-30k-30000-puffs-main-image.jpg.webp","datePublished":"2025-12-12T05:54:19+00:00","dateModified":"2026-02-10T09:20:49+00:00","description":"Ciesz si\u0119 30000 zaci\u0105gni\u0119ciami dzi\u0119ki Bang 30000 Vape. Wyposa\u017cony w system dw\u00f3ch smak\u00f3w. Dostosuj nikotyn\u0119 i wapuj d\u0142u\u017cej dzi\u0119ki akumulatorowi.","breadcrumb":{"@id":"https:\/\/vapemaison.com\/product\/bang-30000-puffs-double-taste-disposable-vape\/#breadcrumb"},"inLanguage":"pl-PL","potentialAction":[{"@type":"ReadAction","target":["https:\/\/vapemaison.com\/product\/bang-30000-puffs-double-taste-disposable-vape\/"]}]},{"@type":"ImageObject","inLanguage":"pl-PL","@id":"https:\/\/vapemaison.com\/product\/bang-30000-puffs-double-taste-disposable-vape\/#primaryimage","url":"https:\/\/vapemaison.com\/wp-content\/uploads\/2025\/12\/vape-bang-king-30k-30000-puffs-main-image.jpg.webp","contentUrl":"https:\/\/vapemaison.com\/wp-content\/uploads\/2025\/12\/vape-bang-king-30k-30000-puffs-main-image.jpg.webp","width":1000,"height":1000,"caption":"Vape Bang King 30k Puffs Main Image.jpg"},{"@type":"BreadcrumbList","@id":"https:\/\/vapemaison.com\/product\/bang-30000-puffs-double-taste-disposable-vape\/#breadcrumb","itemListElement":[{"@type":"ListItem","position":1,"name":"\u9996\u9875","item":"https:\/\/vapemaison.com\/"},{"@type":"ListItem","position":2,"name":"Shop","item":"https:\/\/vapemaison.com\/shop\/"},{"@type":"ListItem","position":3,"name":"Bang","item":"https:\/\/vapemaison.com\/brand\/bang\/"},{"@type":"ListItem","position":4,"name":"Bang 30000 30k Puffs 0%% 3% 5% Ncotine Disposable Vap"}]},{"@type":"WebSite","@id":"https:\/\/vapemaison.com\/#website","url":"https:\/\/vapemaison.com\/","name":"VapeMaison","description":"Wysokiej jako\u015bci urz\u0105dzenia i akcesoria do waporyzacji","publisher":{"@id":"https:\/\/vapemaison.com\/#organization"},"potentialAction":[{"@type":"SearchAction","target":{"@type":"EntryPoint","urlTemplate":"https:\/\/vapemaison.com\/?s={search_term_string}"},"query-input":{"@type":"PropertyValueSpecification","valueRequired":true,"valueName":"search_term_string"}}],"inLanguage":"pl-PL"},{"@type":"Organization","@id":"https:\/\/vapemaison.com\/#organization","name":"VapeMaison","url":"https:\/\/vapemaison.com\/","logo":{"@type":"ImageObject","inLanguage":"pl-PL","@id":"https:\/\/vapemaison.com\/#\/schema\/logo\/image\/","url":"https:\/\/vapemaison.com\/wp-content\/uploads\/2026\/01\/cropped-vapemaison-logo-g-2026.webp","contentUrl":"https:\/\/vapemaison.com\/wp-content\/uploads\/2026\/01\/cropped-vapemaison-logo-g-2026.webp","width":350,"height":280,"caption":"VapeMaison"},"image":{"@id":"https:\/\/vapemaison.com\/#\/schema\/logo\/image\/"},"sameAs":["https:\/\/www.youtube.com\/@VapeMaison"]}]}},"tiered_pricing_type":"fixed","tiered_pricing_fixed_rules":{"30":"9.39","50":"8.78","100":"8.25","200":"7.69"},"tiered_pricing_product_settings":{"layout":"default","base_unit_name":{"singular":null,"plural":null},"default_variation":null},"tiered_pricing_minimum_quantity":10,"tiered_pricing_roles_data":[],"tiered_pricing_percentage_rules":[],"tiered_pricing_maximum_quantity":null,"tiered_pricing_quantity_step":"10","_links":{"self":[{"href":"https:\/\/vapemaison.com\/pl\/wp-json\/wp\/v2\/product\/17356","targetHints":{"allow":["GET"]}}],"collection":[{"href":"https:\/\/vapemaison.com\/pl\/wp-json\/wp\/v2\/product"}],"about":[{"href":"https:\/\/vapemaison.com\/pl\/wp-json\/wp\/v2\/types\/product"}],"replies":[{"embeddable":true,"href":"https:\/\/vapemaison.com\/pl\/wp-json\/wp\/v2\/comments?post=17356"}],"version-history":[{"count":2,"href":"https:\/\/vapemaison.com\/pl\/wp-json\/wp\/v2\/product\/17356\/revisions"}],"predecessor-version":[{"id":27201,"href":"https:\/\/vapemaison.com\/pl\/wp-json\/wp\/v2\/product\/17356\/revisions\/27201"}],"wp:featuredmedia":[{"embeddable":true,"href":"https:\/\/vapemaison.com\/pl\/wp-json\/wp\/v2\/media\/17360"}],"wp:attachment":[{"href":"https:\/\/vapemaison.com\/pl\/wp-json\/wp\/v2\/media?parent=17356"}],"wp:term":[{"taxonomy":"product_brand","embeddable":true,"href":"https:\/\/vapemaison.com\/pl\/wp-json\/wp\/v2\/product_brand?post=17356"},{"taxonomy":"product_cat","embeddable":true,"href":"https:\/\/vapemaison.com\/pl\/wp-json\/wp\/v2\/product_cat?post=17356"},{"taxonomy":"product_tag","embeddable":true,"href":"https:\/\/vapemaison.com\/pl\/wp-json\/wp\/v2\/product_tag?post=17356"}],"curies":[{"name":"wp","href":"https:\/\/api.w.org\/{rel}","templated":true}]}}